{"id":1290,"date":"2024-01-31T16:45:20","date_gmt":"2024-01-31T16:45:20","guid":{"rendered":"https:\/\/green-card-usa.net\/diferenca-entre-green-card-e-visto\/"},"modified":"2024-12-30T09:38:52","modified_gmt":"2024-12-30T09:38:52","slug":"diferenca-entre-green-card-e-visto","status":"publish","type":"page","link":"https:\/\/us-gc.net\/pt-br\/diferenca-entre-green-card-e-visto\/","title":{"rendered":"Diferen\u00e7a entre um Green Card e um visto para os EUA"},"content":{"rendered":"\n<h1 class=\"wp-block-heading\" id=\"h-quelle-est-la-difference-entre-une-green-card-et-un-visa-americain\">Qual \u00e9 a diferen\u00e7a entre um Green Card e um visto americano?<\/h1>\n\n<p>Os termos &#8220;Green Card&#8221; e &#8220;visto americano&#8221; \u00e0s vezes s\u00e3o confundidos, mas eles representam autoriza\u00e7\u00f5es de resid\u00eancia bem distintas nos Estados Unidos. Para ajud\u00e1-lo a entender as diferen\u00e7as, descreveremos os princ\u00edpios das duas autoriza\u00e7\u00f5es e suas principais diferen\u00e7as.<\/p>\n\n<h2 class=\"wp-block-heading\" id=\"h-qu-est-ce-qu-une-green-card\">O que \u00e9 um Green Card?<\/h2>\n\n<p>O <a href=\"https:\/\/us-gc.net\/pt-br\/\">Green Card<\/a> \u00e9 um cart\u00e3o de resid\u00eancia permanente. Ele permite que seu titular viva e trabalhe permanentemente nos Estados Unidos. Diferentemente de um visto tempor\u00e1rio, o Green Card confere status de residente permanente. Ele abre o caminho para a cidadania americana ap\u00f3s um per\u00edodo espec\u00edfico.<\/p>\n\n<h2 class=\"wp-block-heading\" id=\"h-qu-est-ce-qu-un-visa-americain\">O que \u00e9 um visto americano?<\/h2>\n\n<p>Um visto dos EUA \u00e9 um documento emitido por uma embaixada dos EUA que permite que uma pessoa viaje at\u00e9 a fronteira dos EUA e solicite permiss\u00e3o para entrar no pa\u00eds. Os vistos s\u00e3o para perman\u00eancia tempor\u00e1ria ou imigra\u00e7\u00e3o permanente, mas n\u00e3o conferem status de residente permanente.<\/p>\n\n<h2 class=\"wp-block-heading\" id=\"h-les-differences-cles-entre-visa-et-green-card\">As principais diferen\u00e7as entre um visto e um Green Card<\/h2>\n\n<ol class=\"wp-block-list\">\n<li><strong>Objetivo<\/strong>: O Green Card \u00e9 destinado \u00e0queles que desejam se tornar residentes permanentes dos Estados Unidos. Um visto americano \u00e9 usado para entrar nos Estados Unidos temporariamente ou para imigrar antes de obter um Green Card.<\/li>\n\n\n\n<li><strong>Dura\u00e7\u00e3o<\/strong>: O Green Card \u00e9 v\u00e1lido por 10 anos para residentes permanentes e deve ser renovado, mas o status permanece permanente. Os vistos t\u00eam uma dura\u00e7\u00e3o espec\u00edfica, determinada pelo tipo de visto e pela finalidade da estadia.<\/li>\n\n\n\n<li><strong>Direitos concedidos<\/strong>: Os portadores do Green Card podem trabalhar em qualquer lugar dos Estados Unidos e desfrutar de certos benef\u00edcios sociais. Os portadores de visto est\u00e3o limitados pelas condi\u00e7\u00f5es de seu visto espec\u00edfico.<\/li>\n\n\n\n<li><strong>Processo de solicita\u00e7\u00e3o<\/strong>: O procedimento para obter um Green Card geralmente se baseia na fam\u00edlia, no emprego ou em outras categorias especiais. Tamb\u00e9m \u00e9 poss\u00edvel obter um <a href=\"https:\/\/us-gc.net\/pt-br\/green-card-loteria\/\">Green Card por meio de sorteio<\/a>. O processo de visto geralmente come\u00e7a com uma solicita\u00e7\u00e3o \u00e0 embaixada ou ao consulado dos EUA.<\/li>\n<\/ol>\n","protected":false},"excerpt":{"rendered":"<p>Qual \u00e9 a diferen\u00e7a entre um Green Card e um visto americano? Os termos &#8220;Green Card&#8221; e &#8220;visto americano&#8221; \u00e0s vezes s\u00e3o confundidos, mas eles representam autoriza\u00e7\u00f5es de resid\u00eancia bem distintas nos Estados Unidos. Para ajud\u00e1-lo a entender as diferen\u00e7as, descreveremos os princ\u00edpios das duas autoriza\u00e7\u00f5es e suas principais diferen\u00e7as. O que \u00e9 um Green [&hellip;]<\/p>\n","protected":false},"author":1,"featured_media":0,"parent":0,"menu_order":0,"comment_status":"closed","ping_status":"closed","template":"","meta":{"footnotes":""},"class_list":["post-1290","page","type-page","status-publish","hentry"],"yoast_head":"<!-- This site is optimized with the Yoast SEO plugin v27.4 - https:\/\/yoast.com\/product\/yoast-seo-wordpress\/ -->\n<title>Diferen\u00e7a entre um Green Card e um visto para os EUA - USA GC<\/title>\n<meta name=\"description\" content=\"Qual \u00e9 a diferen\u00e7a entre um Green Card e um visto de viagem para os EUA? Esses dois documentos n\u00e3o t\u00eam a mesma fun\u00e7\u00e3o.\" \/>\n<meta name=\"robots\" content=\"index, follow, max-snippet:-1, max-image-preview:large, max-video-preview:-1\" \/>\n<link rel=\"canonical\" href=\"https:\/\/us-gc.net\/pt-br\/diferenca-entre-green-card-e-visto\/\" \/>\n<meta property=\"og:locale\" content=\"pt_BR\" \/>\n<meta property=\"og:type\" content=\"article\" \/>\n<meta property=\"og:title\" content=\"Diferen\u00e7a entre um Green Card e um visto para os EUA - USA GC\" \/>\n<meta property=\"og:description\" content=\"Qual \u00e9 a diferen\u00e7a entre um Green Card e um visto de viagem para os EUA? Esses dois documentos n\u00e3o t\u00eam a mesma fun\u00e7\u00e3o.\" \/>\n<meta property=\"og:url\" content=\"https:\/\/us-gc.net\/pt-br\/diferenca-entre-green-card-e-visto\/\" \/>\n<meta property=\"og:site_name\" content=\"USA GC\" \/>\n<meta property=\"article:modified_time\" content=\"2024-12-30T09:38:52+00:00\" \/>\n<meta name=\"twitter:card\" content=\"summary_large_image\" \/>\n<meta name=\"twitter:label1\" content=\"Est. tempo de leitura\" \/>\n\t<meta name=\"twitter:data1\" content=\"2 minutos\" \/>\n<script type=\"application\/ld+json\" class=\"yoast-schema-graph\">{\"@context\":\"https:\\\/\\\/schema.org\",\"@graph\":[{\"@type\":\"WebPage\",\"@id\":\"https:\\\/\\\/us-gc.net\\\/pt-br\\\/diferenca-entre-green-card-e-visto\\\/\",\"url\":\"https:\\\/\\\/us-gc.net\\\/pt-br\\\/diferenca-entre-green-card-e-visto\\\/\",\"name\":\"Diferen\u00e7a entre um Green Card e um visto para os EUA - USA GC\",\"isPartOf\":{\"@id\":\"https:\\\/\\\/us-gc.net\\\/pt-br\\\/#website\"},\"datePublished\":\"2024-01-31T16:45:20+00:00\",\"dateModified\":\"2024-12-30T09:38:52+00:00\",\"description\":\"Qual \u00e9 a diferen\u00e7a entre um Green Card e um visto de viagem para os EUA? Esses dois documentos n\u00e3o t\u00eam a mesma fun\u00e7\u00e3o.\",\"breadcrumb\":{\"@id\":\"https:\\\/\\\/us-gc.net\\\/pt-br\\\/diferenca-entre-green-card-e-visto\\\/#breadcrumb\"},\"inLanguage\":\"pt-BR\",\"potentialAction\":[{\"@type\":\"ReadAction\",\"target\":[\"https:\\\/\\\/us-gc.net\\\/pt-br\\\/diferenca-entre-green-card-e-visto\\\/\"]}]},{\"@type\":\"BreadcrumbList\",\"@id\":\"https:\\\/\\\/us-gc.net\\\/pt-br\\\/diferenca-entre-green-card-e-visto\\\/#breadcrumb\",\"itemListElement\":[{\"@type\":\"ListItem\",\"position\":1,\"name\":\"Accueil\",\"item\":\"https:\\\/\\\/us-gc.net\\\/pt-br\\\/green-card\\\/\"},{\"@type\":\"ListItem\",\"position\":2,\"name\":\"Diferen\u00e7a entre um Green Card e um visto para os EUA\"}]},{\"@type\":\"WebSite\",\"@id\":\"https:\\\/\\\/us-gc.net\\\/pt-br\\\/#website\",\"url\":\"https:\\\/\\\/us-gc.net\\\/pt-br\\\/\",\"name\":\"USA GC\",\"description\":\"\",\"potentialAction\":[{\"@type\":\"SearchAction\",\"target\":{\"@type\":\"EntryPoint\",\"urlTemplate\":\"https:\\\/\\\/us-gc.net\\\/pt-br\\\/?s={search_term_string}\"},\"query-input\":{\"@type\":\"PropertyValueSpecification\",\"valueRequired\":true,\"valueName\":\"search_term_string\"}}],\"inLanguage\":\"pt-BR\"}]}<\/script>\n<!-- \/ Yoast SEO plugin. -->","yoast_head_json":{"title":"Diferen\u00e7a entre um Green Card e um visto para os EUA - USA GC","description":"Qual \u00e9 a diferen\u00e7a entre um Green Card e um visto de viagem para os EUA? Esses dois documentos n\u00e3o t\u00eam a mesma fun\u00e7\u00e3o.","robots":{"index":"index","follow":"follow","max-snippet":"max-snippet:-1","max-image-preview":"max-image-preview:large","max-video-preview":"max-video-preview:-1"},"canonical":"https:\/\/us-gc.net\/pt-br\/diferenca-entre-green-card-e-visto\/","og_locale":"pt_BR","og_type":"article","og_title":"Diferen\u00e7a entre um Green Card e um visto para os EUA - USA GC","og_description":"Qual \u00e9 a diferen\u00e7a entre um Green Card e um visto de viagem para os EUA? Esses dois documentos n\u00e3o t\u00eam a mesma fun\u00e7\u00e3o.","og_url":"https:\/\/us-gc.net\/pt-br\/diferenca-entre-green-card-e-visto\/","og_site_name":"USA GC","article_modified_time":"2024-12-30T09:38:52+00:00","twitter_card":"summary_large_image","twitter_misc":{"Est. tempo de leitura":"2 minutos"},"schema":{"@context":"https:\/\/schema.org","@graph":[{"@type":"WebPage","@id":"https:\/\/us-gc.net\/pt-br\/diferenca-entre-green-card-e-visto\/","url":"https:\/\/us-gc.net\/pt-br\/diferenca-entre-green-card-e-visto\/","name":"Diferen\u00e7a entre um Green Card e um visto para os EUA - USA GC","isPartOf":{"@id":"https:\/\/us-gc.net\/pt-br\/#website"},"datePublished":"2024-01-31T16:45:20+00:00","dateModified":"2024-12-30T09:38:52+00:00","description":"Qual \u00e9 a diferen\u00e7a entre um Green Card e um visto de viagem para os EUA? Esses dois documentos n\u00e3o t\u00eam a mesma fun\u00e7\u00e3o.","breadcrumb":{"@id":"https:\/\/us-gc.net\/pt-br\/diferenca-entre-green-card-e-visto\/#breadcrumb"},"inLanguage":"pt-BR","potentialAction":[{"@type":"ReadAction","target":["https:\/\/us-gc.net\/pt-br\/diferenca-entre-green-card-e-visto\/"]}]},{"@type":"BreadcrumbList","@id":"https:\/\/us-gc.net\/pt-br\/diferenca-entre-green-card-e-visto\/#breadcrumb","itemListElement":[{"@type":"ListItem","position":1,"name":"Accueil","item":"https:\/\/us-gc.net\/pt-br\/green-card\/"},{"@type":"ListItem","position":2,"name":"Diferen\u00e7a entre um Green Card e um visto para os EUA"}]},{"@type":"WebSite","@id":"https:\/\/us-gc.net\/pt-br\/#website","url":"https:\/\/us-gc.net\/pt-br\/","name":"USA GC","description":"","potentialAction":[{"@type":"SearchAction","target":{"@type":"EntryPoint","urlTemplate":"https:\/\/us-gc.net\/pt-br\/?s={search_term_string}"},"query-input":{"@type":"PropertyValueSpecification","valueRequired":true,"valueName":"search_term_string"}}],"inLanguage":"pt-BR"}]}},"_links":{"self":[{"href":"https:\/\/us-gc.net\/pt-br\/wp-json\/wp\/v2\/pages\/1290","targetHints":{"allow":["GET"]}}],"collection":[{"href":"https:\/\/us-gc.net\/pt-br\/wp-json\/wp\/v2\/pages"}],"about":[{"href":"https:\/\/us-gc.net\/pt-br\/wp-json\/wp\/v2\/types\/page"}],"author":[{"embeddable":true,"href":"https:\/\/us-gc.net\/pt-br\/wp-json\/wp\/v2\/users\/1"}],"replies":[{"embeddable":true,"href":"https:\/\/us-gc.net\/pt-br\/wp-json\/wp\/v2\/comments?post=1290"}],"version-history":[{"count":1,"href":"https:\/\/us-gc.net\/pt-br\/wp-json\/wp\/v2\/pages\/1290\/revisions"}],"predecessor-version":[{"id":7597,"href":"https:\/\/us-gc.net\/pt-br\/wp-json\/wp\/v2\/pages\/1290\/revisions\/7597"}],"wp:attachment":[{"href":"https:\/\/us-gc.net\/pt-br\/wp-json\/wp\/v2\/media?parent=1290"}],"curies":[{"name":"wp","href":"https:\/\/api.w.org\/{rel}","templated":true}]}}