{"id":1264,"date":"2024-01-31T16:27:17","date_gmt":"2024-01-31T16:27:17","guid":{"rendered":"https:\/\/green-card-usa.net\/green-card-entrevista\/"},"modified":"2024-12-30T09:41:03","modified_gmt":"2024-12-30T09:41:03","slug":"green-card-entrevista","status":"publish","type":"page","link":"https:\/\/us-gc.net\/pt-br\/green-card-entrevista\/","title":{"rendered":"Como obter seu Green Card"},"content":{"rendered":"\n<h1 class=\"wp-block-heading\" id=\"h-comment-preparer-l-entretien-pour-la-green-card\">Como se preparar para a entrevista do Green Card<\/h1>\n\n<h3 class=\"wp-block-heading\" id=\"h-confirmation-du-rendez-vous-pour-passer-l-entretien\">Confirma\u00e7\u00e3o do agendamento da entrevista<\/h3>\n\n<p>Depois que as autoridades dos EUA analisarem o formul\u00e1rio DS-260 preenchido, o solicitante receber\u00e1 um e-mail informando-o de que uma entrevista foi agendada na embaixada ou consulado dos EUA selecionado. Os candidatos devem acessar o site do <a href=\"https:\/\/us-gc.net\/pt-br\/programa-de-vistos-para-diversidade\/\">programa Diversity Visa<\/a> usando seu n\u00famero de registro. Essa conex\u00e3o permitir\u00e1 que eles confirmem a data, a hora e o local da entrevista.<\/p>\n\n<h3 class=\"wp-block-heading\" id=\"h-preparation-de-l-interview\">Prepara\u00e7\u00e3o para a entrevista<\/h3>\n\n<p>A prepara\u00e7\u00e3o para a entrevista \u00e9 essencial. O candidato deve concluir as seguintes etapas importantes antes da data da entrevista:<\/p>\n\n<ol class=\"wp-block-list\">\n<li>Examine as informa\u00e7\u00f5es como um participante no site do <a href=\"https:\/\/us-gc.net\/pt-br\/programa-de-vistos-para-diversidade\/\">Programa DV<\/a>;<\/li>\n\n\n\n<li>Consulte as instru\u00e7\u00f5es de entrevista da embaixada onde sua entrevista est\u00e1 sendo realizada;<\/li>\n\n\n\n<li>Planejamento e realiza\u00e7\u00e3o de um exame m\u00e9dico. Voc\u00ea deve marcar uma consulta com um m\u00e9dico aprovado no pa\u00eds onde ser\u00e1 entrevistado. Voc\u00ea deve ser aprovado no exame m\u00e9dico, bem como em todas as vacinas exigidas, antes da data marcada para a entrevista do visto. Quando o exame m\u00e9dico for conclu\u00eddo, voc\u00ea receber\u00e1 um envelope lacrado para o exame m\u00e9dico para levar \u00e0 entrevista do visto. Alguns m\u00e9dicos enviar\u00e3o os resultados do exame m\u00e9dico diretamente para a embaixada ou consulado.<\/li>\n\n\n\n<li>Re\u00fana as fotos e todos os documentos necess\u00e1rios. Cada candidato deve levar duas <a href=\"https:\/\/us-gc.net\/pt-br\/foto-green-card\/\">fotos<\/a> id\u00eanticas <a href=\"https:\/\/us-gc.net\/pt-br\/foto-green-card\/\">do Green Card<\/a> para a entrevista.<\/li>\n<\/ol>\n\n<div style=\"height:10px\" aria-hidden=\"true\" class=\"wp-block-spacer\"><\/div>\n\n<h3 class=\"wp-block-heading\" id=\"h-documents-a-fournir-lors-de-l-entretien-pour-la-green-card\">Documentos a serem apresentados na entrevista do Green Card<\/h3>\n\n<p>Na entrevista na <a href=\"https:\/\/www.usembassy.gov\/\">Embaixada dos EUA<\/a>, os candidatos devem apresentar as seguintes informa\u00e7\u00f5es:<\/p>\n\n<ul class=\"wp-block-list\">\n<li>Informa\u00e7\u00f5es de agendamento impressas a partir da conta do participante no site do <a href=\"https:\/\/us-gc.net\/pt-br\/programa-de-vistos-para-diversidade\/\">Programa DV<\/a>;<\/li>\n\n\n\n<li>A p\u00e1gina de confirma\u00e7\u00e3o do formul\u00e1rio DS-260 impresso;<\/li>\n\n\n\n<li>Um passaporte v\u00e1lido por seis meses ap\u00f3s a data planejada de entrada nos Estados Unidos;<\/li>\n\n\n\n<li>Documentos originais ou c\u00f3pias autenticadas de documentos civis apresentados ao Centro Consular de Kentucky quando o formul\u00e1rio DS-260 foi validado.<\/li>\n<\/ul>\n\n<div style=\"height:10px\" aria-hidden=\"true\" class=\"wp-block-spacer\"><\/div>\n\n<h3 class=\"wp-block-heading\" id=\"h-payer-les-frais-de-visa\">Pagamento de taxas de visto<\/h3>\n\n<p>Antes da entrevista na embaixada, cada solicitante deve pagar a <a href=\"https:\/\/us-gc.net\/pt-br\/preco-green-card\/\">taxa do visto de diversidade<\/a>. Para candidatos \u00e0 <a href=\"https:\/\/us-gc.net\/pt-br\/green-card-loteria-2024\/\">Loteria do Green Card 2024<\/a>: <strong>a taxa \u00e9 de US$ 330 por pessoa<\/strong>. Essa taxa n\u00e3o \u00e9 reembols\u00e1vel, independentemente do resultado do pedido de visto do Programa de Diversidade.<\/p>\n\n<p>Voc\u00ea deve providenciar o pagamento das taxas antes da data e do hor\u00e1rio da entrevista, seguindo as instru\u00e7\u00f5es da embaixada ou do consulado americano onde ser\u00e1 entrevistado.<\/p>\n\n<div style=\"height:10px\" aria-hidden=\"true\" class=\"wp-block-spacer\"><\/div>\n\n<h2 class=\"wp-block-heading\" id=\"h-l-entretien-pour-obtenir-la-green-card-peut-il-etre-annule\">A entrevista para o Green Card pode ser cancelada?<\/h2>\n\n<p>Sim, a entrevista para o <a href=\"https:\/\/us-gc.net\/pt-br\/\">Green Card<\/a> pode ser cancelada ou adiada em determinadas circunst\u00e2ncias. Aqui est\u00e3o alguns motivos pelos quais isso pode acontecer:<\/p>\n\n<ul class=\"wp-block-list\">\n<li><strong>Solicita\u00e7\u00e3o de adiamento do candidato<\/strong>: Se voc\u00ea tiver um conflito ou uma emerg\u00eancia, poder\u00e1 solicitar ao USCIS o adiamento da entrevista. \u00c9 importante fornecer um motivo v\u00e1lido e evid\u00eancias de apoio, se necess\u00e1rio;<\/li>\n\n\n\n<li><strong>Um problema administrativo<\/strong>: o USCIS pode cancelar ou adiar uma entrevista se faltarem documentos, se houver problemas com o seu processo ou se o funcion\u00e1rio respons\u00e1vel pelo seu processo n\u00e3o estiver dispon\u00edvel;<\/li>\n\n\n\n<li><strong>Condi\u00e7\u00f5es clim\u00e1ticas ou desastres naturais<\/strong>: eventos imprevistos, como tempestades severas ou outros desastres naturais, podem for\u00e7ar o USCIS a fechar seus escrit\u00f3rios e cancelar entrevistas agendadas;<\/li>\n\n\n\n<li><strong>Motivos de seguran\u00e7a ou sa\u00fade p\u00fablica<\/strong>: situa\u00e7\u00f5es como pandemias podem levar ao cancelamento de entrevistas por motivos de seguran\u00e7a ou sa\u00fade p\u00fablica.<\/li>\n<\/ul>\n\n<p>Se a sua entrevista for cancelada, \u00e9 essencial manter seus detalhes de contato atualizados com o USCIS para garantir que voc\u00ea receba todas as comunica\u00e7\u00f5es importantes relativas ao seu caso.<\/p>\n\n<h2 class=\"wp-block-heading\" id=\"h-peut-on-obtenir-la-green-card-sans-passer-l-interview\">Posso obter um Green Card sem passar por uma entrevista?<\/h2>\n\n<p>A grande maioria dos solicitantes do Green Card precisa comparecer a uma entrevista. A entrevista permite que o USCIS verifique as informa\u00e7\u00f5es fornecidas na solicita\u00e7\u00e3o, autentique os documentos e garanta que o solicitante atenda a todas as condi\u00e7\u00f5es necess\u00e1rias para se tornar um residente permanente.  <\/p>\n\n<p>Entretanto, em determinadas circunst\u00e2ncias espec\u00edficas, a manuten\u00e7\u00e3o pode n\u00e3o ser necess\u00e1ria. Aqui est\u00e3o algumas situa\u00e7\u00f5es em que isso pode acontecer:<\/p>\n\n<ul class=\"wp-block-list\">\n<li><strong>Ajuste de status para determinadas categorias de imigrantes<\/strong>: Em alguns casos, para categorias espec\u00edficas de imigrantes, o USCIS pode decidir que uma entrevista n\u00e3o \u00e9 necess\u00e1ria e aprovar a solicita\u00e7\u00e3o de ajuste de status sem uma entrevista. Isso pode acontecer com determinadas categorias de vistos baseados em emprego, especialmente se o arquivo for particularmente claro e completo;<\/li>\n\n\n\n<li><strong>Dispensa de entrevista<\/strong>: Em casos raros, se o solicitante puder demonstrar que a viagem para a entrevista causaria dificuldades extremas ou desnecess\u00e1rias, o USCIS poder\u00e1 considerar a dispensa da entrevista. Essas situa\u00e7\u00f5es s\u00e3o excepcionais;<\/li>\n\n\n\n<li><strong>Experi\u00eancia anterior<\/strong>: Durante per\u00edodos de alta demanda ou restri\u00e7\u00f5es operacionais, o USCIS \u00e0s vezes ajusta suas pr\u00e1ticas limitando as entrevistas para determinadas categorias de solicitantes. Esse foi o caso no passado para certas renova\u00e7\u00f5es de Green Card ou ajustes de status que n\u00e3o levantaram quest\u00f5es complexas que exigissem uma entrevista.<\/li>\n\n\n\n<li><strong>Mudan\u00e7as de pol\u00edtica em resposta a uma crise<\/strong>: durante uma crise de sa\u00fade, como a pandemia de COVID-19, o USCIS adaptou suas pol\u00edticas e procedimentos. O n\u00famero de entrevistas necess\u00e1rias foi reduzido.<\/li>\n<\/ul>\n\n<div style=\"height:10px\" aria-hidden=\"true\" class=\"wp-block-spacer\"><\/div>\n\n<h2 class=\"wp-block-heading\" id=\"h-combien-de-temps-dure-l-entretien\">Quanto tempo dura a entrevista?<\/h2>\n\n<p>A dura\u00e7\u00e3o de uma entrevista para obter um Green Card pode variar dependendo de v\u00e1rios fatores. Geralmente, dura de 20 minutos a uma hora. A complexidade do caso, as perguntas que o oficial de imigra\u00e7\u00e3o deseja abordar e o n\u00famero de documentos a serem verificados podem influenciar a dura\u00e7\u00e3o da entrevista.<\/p>\n\n<p>\u00c9 aconselh\u00e1vel chegar \u00e0 entrevista bem preparado e pronto para responder a todas as perguntas de forma completa. Voc\u00ea deve reservar tempo suficiente antes e depois da entrevista para quaisquer procedimentos administrativos adicionais no local.<\/p>\n\n<h2 class=\"wp-block-heading\" id=\"h-combien-de-temps-apres-l-entretien-on-obtient-la-green-card\">Quanto tempo leva para obter um Green Card ap\u00f3s a entrevista?<\/h2>\n\n<p>Como regra geral, o USCIS informa o solicitante sobre a decis\u00e3o relativa \u00e0 sua solicita\u00e7\u00e3o logo ap\u00f3s a entrevista. Se a solicita\u00e7\u00e3o for aprovada, pode levar algumas semanas para que a produ\u00e7\u00e3o e o envio do Green Card sejam finalizados. O USCIS geralmente fornece um prazo estimado para o recebimento do cart\u00e3o ap\u00f3s a aprova\u00e7\u00e3o da solicita\u00e7\u00e3o.<\/p>\n\n<p>\u00c9 importante manter contato com o USCIS e monitorar o status da solicita\u00e7\u00e3o no site do <a href=\"https:\/\/us-gc.net\/pt-br\/programa-de-vistos-para-diversidade\/\">Diversity Visa Program<\/a>.<\/p>\n","protected":false},"excerpt":{"rendered":"<p>Como se preparar para a entrevista do Green Card Confirma\u00e7\u00e3o do agendamento da entrevista Depois que as autoridades dos EUA analisarem o formul\u00e1rio DS-260 preenchido, o solicitante receber\u00e1 um e-mail informando-o de que uma entrevista foi agendada na embaixada ou consulado dos EUA selecionado. Os candidatos devem acessar o site do programa Diversity Visa usando [&hellip;]<\/p>\n","protected":false},"author":1,"featured_media":0,"parent":0,"menu_order":0,"comment_status":"closed","ping_status":"closed","template":"","meta":{"footnotes":""},"class_list":["post-1264","page","type-page","status-publish","hentry"],"yoast_head":"<!-- This site is optimized with the Yoast SEO plugin v27.4 - https:\/\/yoast.com\/product\/yoast-seo-wordpress\/ -->\n<title>Como obter seu Green Card - USA GC<\/title>\n<meta name=\"description\" content=\"Como ter uma entrevista bem-sucedida para o Green Card\" \/>\n<meta name=\"robots\" content=\"index, follow, max-snippet:-1, max-image-preview:large, max-video-preview:-1\" \/>\n<link rel=\"canonical\" href=\"https:\/\/us-gc.net\/pt-br\/green-card-entrevista\/\" \/>\n<meta property=\"og:locale\" content=\"pt_BR\" \/>\n<meta property=\"og:type\" content=\"article\" \/>\n<meta property=\"og:title\" content=\"Como obter seu Green Card - USA GC\" \/>\n<meta property=\"og:description\" content=\"Como ter uma entrevista bem-sucedida para o Green Card\" \/>\n<meta property=\"og:url\" content=\"https:\/\/us-gc.net\/pt-br\/green-card-entrevista\/\" \/>\n<meta property=\"og:site_name\" content=\"USA GC\" \/>\n<meta property=\"article:modified_time\" content=\"2024-12-30T09:41:03+00:00\" \/>\n<meta name=\"twitter:card\" content=\"summary_large_image\" \/>\n<meta name=\"twitter:label1\" content=\"Est. tempo de leitura\" \/>\n\t<meta name=\"twitter:data1\" content=\"5 minutos\" \/>\n<script type=\"application\/ld+json\" class=\"yoast-schema-graph\">{\"@context\":\"https:\\\/\\\/schema.org\",\"@graph\":[{\"@type\":\"WebPage\",\"@id\":\"https:\\\/\\\/us-gc.net\\\/pt-br\\\/green-card-entrevista\\\/\",\"url\":\"https:\\\/\\\/us-gc.net\\\/pt-br\\\/green-card-entrevista\\\/\",\"name\":\"Como obter seu Green Card - USA GC\",\"isPartOf\":{\"@id\":\"https:\\\/\\\/us-gc.net\\\/pt-br\\\/#website\"},\"datePublished\":\"2024-01-31T16:27:17+00:00\",\"dateModified\":\"2024-12-30T09:41:03+00:00\",\"description\":\"Como ter uma entrevista bem-sucedida para o Green Card\",\"breadcrumb\":{\"@id\":\"https:\\\/\\\/us-gc.net\\\/pt-br\\\/green-card-entrevista\\\/#breadcrumb\"},\"inLanguage\":\"pt-BR\",\"potentialAction\":[{\"@type\":\"ReadAction\",\"target\":[\"https:\\\/\\\/us-gc.net\\\/pt-br\\\/green-card-entrevista\\\/\"]}]},{\"@type\":\"BreadcrumbList\",\"@id\":\"https:\\\/\\\/us-gc.net\\\/pt-br\\\/green-card-entrevista\\\/#breadcrumb\",\"itemListElement\":[{\"@type\":\"ListItem\",\"position\":1,\"name\":\"Accueil\",\"item\":\"https:\\\/\\\/us-gc.net\\\/pt-br\\\/green-card\\\/\"},{\"@type\":\"ListItem\",\"position\":2,\"name\":\"Como obter seu Green Card\"}]},{\"@type\":\"WebSite\",\"@id\":\"https:\\\/\\\/us-gc.net\\\/pt-br\\\/#website\",\"url\":\"https:\\\/\\\/us-gc.net\\\/pt-br\\\/\",\"name\":\"USA GC\",\"description\":\"\",\"potentialAction\":[{\"@type\":\"SearchAction\",\"target\":{\"@type\":\"EntryPoint\",\"urlTemplate\":\"https:\\\/\\\/us-gc.net\\\/pt-br\\\/?s={search_term_string}\"},\"query-input\":{\"@type\":\"PropertyValueSpecification\",\"valueRequired\":true,\"valueName\":\"search_term_string\"}}],\"inLanguage\":\"pt-BR\"}]}<\/script>\n<!-- \/ Yoast SEO plugin. -->","yoast_head_json":{"title":"Como obter seu Green Card - USA GC","description":"Como ter uma entrevista bem-sucedida para o Green Card","robots":{"index":"index","follow":"follow","max-snippet":"max-snippet:-1","max-image-preview":"max-image-preview:large","max-video-preview":"max-video-preview:-1"},"canonical":"https:\/\/us-gc.net\/pt-br\/green-card-entrevista\/","og_locale":"pt_BR","og_type":"article","og_title":"Como obter seu Green Card - USA GC","og_description":"Como ter uma entrevista bem-sucedida para o Green Card","og_url":"https:\/\/us-gc.net\/pt-br\/green-card-entrevista\/","og_site_name":"USA GC","article_modified_time":"2024-12-30T09:41:03+00:00","twitter_card":"summary_large_image","twitter_misc":{"Est. tempo de leitura":"5 minutos"},"schema":{"@context":"https:\/\/schema.org","@graph":[{"@type":"WebPage","@id":"https:\/\/us-gc.net\/pt-br\/green-card-entrevista\/","url":"https:\/\/us-gc.net\/pt-br\/green-card-entrevista\/","name":"Como obter seu Green Card - USA GC","isPartOf":{"@id":"https:\/\/us-gc.net\/pt-br\/#website"},"datePublished":"2024-01-31T16:27:17+00:00","dateModified":"2024-12-30T09:41:03+00:00","description":"Como ter uma entrevista bem-sucedida para o Green Card","breadcrumb":{"@id":"https:\/\/us-gc.net\/pt-br\/green-card-entrevista\/#breadcrumb"},"inLanguage":"pt-BR","potentialAction":[{"@type":"ReadAction","target":["https:\/\/us-gc.net\/pt-br\/green-card-entrevista\/"]}]},{"@type":"BreadcrumbList","@id":"https:\/\/us-gc.net\/pt-br\/green-card-entrevista\/#breadcrumb","itemListElement":[{"@type":"ListItem","position":1,"name":"Accueil","item":"https:\/\/us-gc.net\/pt-br\/green-card\/"},{"@type":"ListItem","position":2,"name":"Como obter seu Green Card"}]},{"@type":"WebSite","@id":"https:\/\/us-gc.net\/pt-br\/#website","url":"https:\/\/us-gc.net\/pt-br\/","name":"USA GC","description":"","potentialAction":[{"@type":"SearchAction","target":{"@type":"EntryPoint","urlTemplate":"https:\/\/us-gc.net\/pt-br\/?s={search_term_string}"},"query-input":{"@type":"PropertyValueSpecification","valueRequired":true,"valueName":"search_term_string"}}],"inLanguage":"pt-BR"}]}},"_links":{"self":[{"href":"https:\/\/us-gc.net\/pt-br\/wp-json\/wp\/v2\/pages\/1264","targetHints":{"allow":["GET"]}}],"collection":[{"href":"https:\/\/us-gc.net\/pt-br\/wp-json\/wp\/v2\/pages"}],"about":[{"href":"https:\/\/us-gc.net\/pt-br\/wp-json\/wp\/v2\/types\/page"}],"author":[{"embeddable":true,"href":"https:\/\/us-gc.net\/pt-br\/wp-json\/wp\/v2\/users\/1"}],"replies":[{"embeddable":true,"href":"https:\/\/us-gc.net\/pt-br\/wp-json\/wp\/v2\/comments?post=1264"}],"version-history":[{"count":1,"href":"https:\/\/us-gc.net\/pt-br\/wp-json\/wp\/v2\/pages\/1264\/revisions"}],"predecessor-version":[{"id":7751,"href":"https:\/\/us-gc.net\/pt-br\/wp-json\/wp\/v2\/pages\/1264\/revisions\/7751"}],"wp:attachment":[{"href":"https:\/\/us-gc.net\/pt-br\/wp-json\/wp\/v2\/media?parent=1264"}],"curies":[{"name":"wp","href":"https:\/\/api.w.org\/{rel}","templated":true}]}}