{"id":1169,"date":"2024-01-31T16:36:26","date_gmt":"2024-01-31T16:36:26","guid":{"rendered":"https:\/\/green-card-usa.net\/green-card-patrocinio\/"},"modified":"2024-12-30T09:46:02","modified_gmt":"2024-12-30T09:46:02","slug":"green-card-patrocinio","status":"publish","type":"page","link":"https:\/\/us-gc.net\/pt-br\/green-card-patrocinio\/","title":{"rendered":"Patrocinar um candidato ao Green Card"},"content":{"rendered":"\n<h1 class=\"wp-block-heading\" id=\"h-obtenir-la-green-card-grace-au-parrainage\">Obtenha seu Green Card por meio de patroc\u00ednio<\/h1>\n\n<p>A obten\u00e7\u00e3o de um Green Card americano por meio de um patrocinador permite que os imigrantes se tornem residentes permanentes nos Estados Unidos. Aqui est\u00e3o os aspectos essenciais do patroc\u00ednio do Green Card e as obriga\u00e7\u00f5es do patrocinador.<\/p>\n\n<h2 class=\"wp-block-heading\" id=\"h-qu-est-ce-que-le-parrainage-de-la-green-card\">O que \u00e9 o patroc\u00ednio do Green Card?<\/h2>\n\n<p>O patroc\u00ednio do Green Card refere-se ao ato de apoiar o pedido de resid\u00eancia permanente de uma pessoa nos Estados Unidos. Esse apoio pode vir de um membro da fam\u00edlia que j\u00e1 seja cidad\u00e3o americano ou portador do <a href=\"https:\/\/us-gc.net\/pt-br\/\">Green Card<\/a>, ou de um empregador americano.<\/p>\n\n<p>O patrocinador \u00e9 uma esp\u00e9cie de fiador moral do solicitante do Green Card.  <\/p>\n\n<h2 class=\"wp-block-heading\" id=\"h-parrainage-familial\">Patroc\u00ednio familiar<\/h2>\n\n<h3 class=\"wp-block-heading\" id=\"h-le-titulaire-d-une-green-card-peut-il-parrainer-ses-parents\">Os portadores do Green Card podem patrocinar seus pais?<\/h3>\n\n<p>N\u00e3o, os portadores de Green Card n\u00e3o podem patrocinar seus pais. Somente cidad\u00e3os americanos podem patrocinar seus pais para obter um Green Card como parentes imediatos.<\/p>\n\n<h3 class=\"wp-block-heading\" id=\"h-le-titulaire-d-une-green-card-peut-il-parrainer-son-conjoint\">Um portador de Green Card pode patrocinar seu c\u00f4njuge?<\/h3>\n\n<p>Sim, os portadores do Green Card podem patrocinar o c\u00f4njuge para resid\u00eancia permanente nos Estados Unidos.<\/p>\n\n<h3 class=\"wp-block-heading\" id=\"h-le-titulaire-d-une-green-card-peut-il-parrainer-ses-freres-et-soeurs\">Os portadores do Green Card podem patrocinar seus irm\u00e3os e irm\u00e3s?<\/h3>\n\n<p>N\u00e3o, os portadores de Green Card n\u00e3o podem patrocinar seus irm\u00e3os e irm\u00e3s. Essa op\u00e7\u00e3o est\u00e1 dispon\u00edvel apenas para cidad\u00e3os dos EUA.<\/p>\n\n<h3 class=\"wp-block-heading\" id=\"h-le-titulaire-d-une-green-card-peut-il-parrainer-un-enfant-de-plus-de-21-ans\">Um portador de Green Card pode patrocinar um filho com mais de 21 anos de idade?<\/h3>\n\n<p>Sim, os portadores do Green Card podem patrocinar seus filhos solteiros com mais de 21 anos de idade, mas eles se enquadram em uma categoria preferencial, o que pode resultar em atrasos maiores.<\/p>\n\n<h2 class=\"wp-block-heading\" id=\"h-une-entreprise-peut-elle-sponsoriser-une-green-card\">Uma empresa pode patrocinar um Green Card?<\/h2>\n\n<p>Sim, uma empresa pode patrocinar um funcion\u00e1rio para obter um Green Card por meio do processo de certifica\u00e7\u00e3o de trabalho ou de outras categorias de emprego.<\/p>\n\n<h2 class=\"wp-block-heading\" id=\"h-les-etapes-pour-obtenir-une-green-card-grace-a-un-sponsor\">Etapas para obter um Green Card gra\u00e7as a um patrocinador<\/h2>\n\n<ol class=\"wp-block-list\">\n<li><strong>Identifica\u00e7\u00e3o do patrocinador<\/strong>: Determine se voc\u00ea est\u00e1 qualificado para ser patrocinado por um membro da fam\u00edlia ou por um empregador.<\/li>\n\n\n\n<li><strong>Envio do Formul\u00e1rio I-130<\/strong> para patroc\u00ednio familiar. No caso de um empregador patrocinador, deve ser iniciado um processo de certifica\u00e7\u00e3o de trabalho.<\/li>\n\n\n\n<li><strong>Espera pela aprova\u00e7\u00e3o<\/strong>: o tempo varia de acordo com a categoria de patroc\u00ednio e a origem nacional do candidato.<\/li>\n\n\n\n<li><strong>Ajuste de status ou processo consular<\/strong>: Se voc\u00ea j\u00e1 estiver nos Estados Unidos, poder\u00e1 ajustar seu status. Caso contr\u00e1rio, voc\u00ea ter\u00e1 de passar pelo processo consular em seu pa\u00eds de origem.<\/li>\n\n\n\n<li><strong>Entrevista e aprova\u00e7\u00e3o<\/strong>: Participe de uma <a href=\"https:\/\/us-gc.net\/pt-br\/green-card-entrevista\/\">entrevista para o Green Card<\/a> no consulado ou com a equipe do <a href=\"https:\/\/www.uscis.gov\/\">USCIS<\/a> para validar sua solicita\u00e7\u00e3o.<\/li>\n<\/ol>\n\n<h2 class=\"wp-block-heading\" id=\"h-le-sponsor-peut-il-revoquer-la-green-card\">O patrocinador pode revogar o Green Card?<\/h2>\n\n<p>Depois que o Green Card \u00e9 concedido, o patrocinador geralmente n\u00e3o pode revog\u00e1-lo. Entretanto, h\u00e1 exce\u00e7\u00f5es, principalmente se o Green Card tiver sido obtido por fraude.<\/p>\n\n<h2 class=\"wp-block-heading\" id=\"h-faut-il-un-sponsor-pour-participer-a-la-loterie\">Preciso de um patrocinador para participar da loteria?<\/h2>\n\n<p>N\u00e3o, voc\u00ea n\u00e3o precisa de um patrocinador para participar da <a href=\"https:\/\/us-gc.net\/pt-br\/green-card-loteria\/\">loteria do Green Card<\/a>. O registro \u00e9 feito totalmente on-line em apenas alguns minutos. Para garantir sua participa\u00e7\u00e3o, clique no <a href=\"https:\/\/us-gc.net\/pt-br\/green-card-loteria-formulario\/\">formul\u00e1rio on-line<\/a>.<\/p>\n","protected":false},"excerpt":{"rendered":"<p>Obtenha seu Green Card por meio de patroc\u00ednio A obten\u00e7\u00e3o de um Green Card americano por meio de um patrocinador permite que os imigrantes se tornem residentes permanentes nos Estados Unidos. Aqui est\u00e3o os aspectos essenciais do patroc\u00ednio do Green Card e as obriga\u00e7\u00f5es do patrocinador. O que \u00e9 o patroc\u00ednio do Green Card? O [&hellip;]<\/p>\n","protected":false},"author":1,"featured_media":0,"parent":0,"menu_order":0,"comment_status":"closed","ping_status":"closed","template":"","meta":{"footnotes":""},"class_list":["post-1169","page","type-page","status-publish","hentry"],"yoast_head":"<!-- This site is optimized with the Yoast SEO plugin v27.4 - https:\/\/yoast.com\/product\/yoast-seo-wordpress\/ -->\n<title>Patrocinar um candidato ao Green Card - USA GC<\/title>\n<meta name=\"description\" content=\"Os portadores de Green Card podem patrocinar um solicitante de Green Card em determinadas circunst\u00e2ncias\" \/>\n<meta name=\"robots\" content=\"index, follow, max-snippet:-1, max-image-preview:large, max-video-preview:-1\" \/>\n<link rel=\"canonical\" href=\"https:\/\/us-gc.net\/pt-br\/green-card-patrocinio\/\" \/>\n<meta property=\"og:locale\" content=\"pt_BR\" \/>\n<meta property=\"og:type\" content=\"article\" \/>\n<meta property=\"og:title\" content=\"Patrocinar um candidato ao Green Card - USA GC\" \/>\n<meta property=\"og:description\" content=\"Os portadores de Green Card podem patrocinar um solicitante de Green Card em determinadas circunst\u00e2ncias\" \/>\n<meta property=\"og:url\" content=\"https:\/\/us-gc.net\/pt-br\/green-card-patrocinio\/\" \/>\n<meta property=\"og:site_name\" content=\"USA GC\" \/>\n<meta property=\"article:modified_time\" content=\"2024-12-30T09:46:02+00:00\" \/>\n<meta name=\"twitter:card\" content=\"summary_large_image\" \/>\n<meta name=\"twitter:label1\" content=\"Est. tempo de leitura\" \/>\n\t<meta name=\"twitter:data1\" content=\"3 minutos\" \/>\n<script type=\"application\/ld+json\" class=\"yoast-schema-graph\">{\"@context\":\"https:\\\/\\\/schema.org\",\"@graph\":[{\"@type\":\"WebPage\",\"@id\":\"https:\\\/\\\/us-gc.net\\\/pt-br\\\/green-card-patrocinio\\\/\",\"url\":\"https:\\\/\\\/us-gc.net\\\/pt-br\\\/green-card-patrocinio\\\/\",\"name\":\"Patrocinar um candidato ao Green Card - USA GC\",\"isPartOf\":{\"@id\":\"https:\\\/\\\/us-gc.net\\\/pt-br\\\/#website\"},\"datePublished\":\"2024-01-31T16:36:26+00:00\",\"dateModified\":\"2024-12-30T09:46:02+00:00\",\"description\":\"Os portadores de Green Card podem patrocinar um solicitante de Green Card em determinadas circunst\u00e2ncias\",\"breadcrumb\":{\"@id\":\"https:\\\/\\\/us-gc.net\\\/pt-br\\\/green-card-patrocinio\\\/#breadcrumb\"},\"inLanguage\":\"pt-BR\",\"potentialAction\":[{\"@type\":\"ReadAction\",\"target\":[\"https:\\\/\\\/us-gc.net\\\/pt-br\\\/green-card-patrocinio\\\/\"]}]},{\"@type\":\"BreadcrumbList\",\"@id\":\"https:\\\/\\\/us-gc.net\\\/pt-br\\\/green-card-patrocinio\\\/#breadcrumb\",\"itemListElement\":[{\"@type\":\"ListItem\",\"position\":1,\"name\":\"Accueil\",\"item\":\"https:\\\/\\\/us-gc.net\\\/pt-br\\\/green-card\\\/\"},{\"@type\":\"ListItem\",\"position\":2,\"name\":\"Patrocinar um candidato ao Green Card\"}]},{\"@type\":\"WebSite\",\"@id\":\"https:\\\/\\\/us-gc.net\\\/pt-br\\\/#website\",\"url\":\"https:\\\/\\\/us-gc.net\\\/pt-br\\\/\",\"name\":\"USA GC\",\"description\":\"\",\"potentialAction\":[{\"@type\":\"SearchAction\",\"target\":{\"@type\":\"EntryPoint\",\"urlTemplate\":\"https:\\\/\\\/us-gc.net\\\/pt-br\\\/?s={search_term_string}\"},\"query-input\":{\"@type\":\"PropertyValueSpecification\",\"valueRequired\":true,\"valueName\":\"search_term_string\"}}],\"inLanguage\":\"pt-BR\"}]}<\/script>\n<!-- \/ Yoast SEO plugin. -->","yoast_head_json":{"title":"Patrocinar um candidato ao Green Card - USA GC","description":"Os portadores de Green Card podem patrocinar um solicitante de Green Card em determinadas circunst\u00e2ncias","robots":{"index":"index","follow":"follow","max-snippet":"max-snippet:-1","max-image-preview":"max-image-preview:large","max-video-preview":"max-video-preview:-1"},"canonical":"https:\/\/us-gc.net\/pt-br\/green-card-patrocinio\/","og_locale":"pt_BR","og_type":"article","og_title":"Patrocinar um candidato ao Green Card - USA GC","og_description":"Os portadores de Green Card podem patrocinar um solicitante de Green Card em determinadas circunst\u00e2ncias","og_url":"https:\/\/us-gc.net\/pt-br\/green-card-patrocinio\/","og_site_name":"USA GC","article_modified_time":"2024-12-30T09:46:02+00:00","twitter_card":"summary_large_image","twitter_misc":{"Est. tempo de leitura":"3 minutos"},"schema":{"@context":"https:\/\/schema.org","@graph":[{"@type":"WebPage","@id":"https:\/\/us-gc.net\/pt-br\/green-card-patrocinio\/","url":"https:\/\/us-gc.net\/pt-br\/green-card-patrocinio\/","name":"Patrocinar um candidato ao Green Card - USA GC","isPartOf":{"@id":"https:\/\/us-gc.net\/pt-br\/#website"},"datePublished":"2024-01-31T16:36:26+00:00","dateModified":"2024-12-30T09:46:02+00:00","description":"Os portadores de Green Card podem patrocinar um solicitante de Green Card em determinadas circunst\u00e2ncias","breadcrumb":{"@id":"https:\/\/us-gc.net\/pt-br\/green-card-patrocinio\/#breadcrumb"},"inLanguage":"pt-BR","potentialAction":[{"@type":"ReadAction","target":["https:\/\/us-gc.net\/pt-br\/green-card-patrocinio\/"]}]},{"@type":"BreadcrumbList","@id":"https:\/\/us-gc.net\/pt-br\/green-card-patrocinio\/#breadcrumb","itemListElement":[{"@type":"ListItem","position":1,"name":"Accueil","item":"https:\/\/us-gc.net\/pt-br\/green-card\/"},{"@type":"ListItem","position":2,"name":"Patrocinar um candidato ao Green Card"}]},{"@type":"WebSite","@id":"https:\/\/us-gc.net\/pt-br\/#website","url":"https:\/\/us-gc.net\/pt-br\/","name":"USA GC","description":"","potentialAction":[{"@type":"SearchAction","target":{"@type":"EntryPoint","urlTemplate":"https:\/\/us-gc.net\/pt-br\/?s={search_term_string}"},"query-input":{"@type":"PropertyValueSpecification","valueRequired":true,"valueName":"search_term_string"}}],"inLanguage":"pt-BR"}]}},"_links":{"self":[{"href":"https:\/\/us-gc.net\/pt-br\/wp-json\/wp\/v2\/pages\/1169","targetHints":{"allow":["GET"]}}],"collection":[{"href":"https:\/\/us-gc.net\/pt-br\/wp-json\/wp\/v2\/pages"}],"about":[{"href":"https:\/\/us-gc.net\/pt-br\/wp-json\/wp\/v2\/types\/page"}],"author":[{"embeddable":true,"href":"https:\/\/us-gc.net\/pt-br\/wp-json\/wp\/v2\/users\/1"}],"replies":[{"embeddable":true,"href":"https:\/\/us-gc.net\/pt-br\/wp-json\/wp\/v2\/comments?post=1169"}],"version-history":[{"count":1,"href":"https:\/\/us-gc.net\/pt-br\/wp-json\/wp\/v2\/pages\/1169\/revisions"}],"predecessor-version":[{"id":7995,"href":"https:\/\/us-gc.net\/pt-br\/wp-json\/wp\/v2\/pages\/1169\/revisions\/7995"}],"wp:attachment":[{"href":"https:\/\/us-gc.net\/pt-br\/wp-json\/wp\/v2\/media?parent=1169"}],"curies":[{"name":"wp","href":"https:\/\/api.w.org\/{rel}","templated":true}]}}