{"id":1105,"date":"2024-01-31T15:53:04","date_gmt":"2024-01-31T15:53:04","guid":{"rendered":"https:\/\/green-card-usa.net\/loteria-americana-cartao-verde\/"},"modified":"2024-12-30T09:46:12","modified_gmt":"2024-12-30T09:46:12","slug":"cartao-verde-loteria-americana","status":"publish","type":"page","link":"https:\/\/us-gc.net\/pt-br\/cartao-verde-loteria-americana\/","title":{"rendered":"Participar da loteria do Cart\u00e3o Verde americano"},"content":{"rendered":"\n<h1 class=\"wp-block-heading\" id=\"h-la-carte-verte-permet-de-vivre-aux-etats-unis\">O Cart\u00e3o Verde permite que voc\u00ea viva nos Estados Unidos<\/h1>\n\n<p>Todos os anos, milhares de cidad\u00e3os de todo o mundo tentam obter um Cart\u00e3o Verde americano para poderem viver nos Estados Unidos.<\/p>\n\n<h2 class=\"wp-block-heading\" id=\"h-qu-est-ce-que-la-carte-verte\">O que \u00e9 o Cart\u00e3o Verde?<\/h2>\n\n<p>O Cart\u00e3o Verde \u00e9 um cart\u00e3o americano que d\u00e1 ao seu titular o direito de se tornar um residente permanente nos Estados Unidos. Ele permite que os estrangeiros trabalhem legalmente nos Estados Unidos. Essa autoriza\u00e7\u00e3o de resid\u00eancia \u00e9 conhecida mundialmente como American Cart\u00e3o Verde, pois \u00e9 um cart\u00e3o verde.<\/p>\n\n<h2 class=\"wp-block-heading\" id=\"h-comment-obtenir-une-carte-verte\">Como fa\u00e7o para obter um Cart\u00e3o Verde?<\/h2>\n\n<p>H\u00e1 v\u00e1rias maneiras de obter um Cart\u00e3o Verde nos EUA. Os candidatos estrangeiros ao Cart\u00e3o Verde podem se inscrever pelos seguintes motivos:<\/p>\n\n<ul class=\"wp-block-list\">\n<li><a href=\"https:\/\/us-gc.net\/pt-br\/green-card-por-casamento\/\">Cart\u00e3o Verde por meio de casamento<\/a> com um portador de Cart\u00e3o Verde americano;<\/li>\n\n\n\n<li>Obten\u00e7\u00e3o de um <a href=\"https:\/\/us-gc.net\/pt-br\/green-card-para-emprego\/\">Cart\u00e3o Verde por meio de emprego<\/a>;<\/li>\n\n\n\n<li>Obten\u00e7\u00e3o de um <a href=\"https:\/\/us-gc.net\/pt-br\/green-card-patrocinio\/\">Cart\u00e3o Verde gra\u00e7as a um patrocinador<\/a> familiar ou empresarial;<\/li>\n<\/ul>\n\n<div style=\"height:10px\" aria-hidden=\"true\" class=\"wp-block-spacer\"><\/div>\n\n<p>H\u00e1 outras maneiras de obter um Cart\u00e3o Verde. A maneira mais cobi\u00e7ada de obter um Cart\u00e3o Verde em todo o mundo \u00e9 por meio da loteria americana. <strong>Voc\u00ea pode participar dessa loteria anual inscrevendo-se on-line<\/strong> em apenas alguns minutos, clicando no <a href=\"https:\/\/us-gc.net\/pt-br\/green-card-loteria-formulario\/\">formul\u00e1rio on-line<\/a>.<\/p>\n\n<div style=\"height:10px\" aria-hidden=\"true\" class=\"wp-block-spacer\"><\/div>\n\n<h2 class=\"wp-block-heading\" id=\"h-qu-est-ce-que-la-loterie-americaine-de-la-carte-verte\">O que \u00e9 a loteria do Cart\u00e3o Verde americano?<\/h2>\n\n<p>Os Estados Unidos criaram o Programa de Visto de Diversidade para gerenciar sua imigra\u00e7\u00e3o estrangeira. Trata-se de uma loteria anual da qual v\u00e1rios milh\u00f5es de estrangeiros participam todos os anos para obter um dos 50.000 Cart\u00e3o Verdes oferecidos pela loteria.<\/p>\n\n<h2 class=\"wp-block-heading\" id=\"h-quand-se-deroule-le-tirage-de-la-loterie-carte-verte\">Quando \u00e9 realizado o sorteio da loteria do Cart\u00e3o Verde?<\/h2>\n\n<p>A loteria do Cart\u00e3o Verde \u00e9 realizada uma vez por ano. Ele ocorre no final do ano, em novembro. Portanto, os sorteios da loteria s\u00e3o designados por ano: h\u00e1 a <a href=\"https:\/\/us-gc.net\/pt-br\/green-card-loteria-2024\/\">Cart\u00e3o Verde Lottery 2024<\/a>, a <a href=\"https:\/\/us-gc.net\/pt-br\/loteria-green-card-2025\/\">Cart\u00e3o Verde Lottery 2025<\/a> e a <a href=\"https:\/\/us-gc.net\/pt-br\/loteria-green-card-2026\/\">Cart\u00e3o Verde Lottery 2026<\/a>. Os candidatos devem se registrar antes do encerramento das inscri\u00e7\u00f5es para participar do sorteio. Os <a href=\"https:\/\/us-gc.net\/pt-br\/resultados-loteria-green-card\/\">resultados da loteria do Cart\u00e3o Verde<\/a> s\u00e3o ent\u00e3o publicados diretamente na web.<\/p>\n\n<h2 class=\"wp-block-heading\" id=\"h-comment-s-inscrire-a-la-loterie\">Como fa\u00e7o para participar da loteria?<\/h2>\n\n<p>Os candidatos devem primeiro verificar sua elegibilidade para participar da loteria. Todos os anos, o governo dos EUA publica uma lista de <a href=\"https:\/\/us-gc.net\/pt-br\/loteria-green-card-paises-nao-participantes\/\">pa\u00edses n\u00e3o autorizados a participar da loteria do Cart\u00e3o Verde<\/a>.<\/p>\n\n<p>Os candidatos \u00e0 loteria do Cart\u00e3o Verde devem se registrar diretamente on-line. eles devem preencher um <a href=\"https:\/\/us-gc.net\/pt-br\/green-card-loteria-formulario\/\">formul\u00e1rio on-line<\/a> para se inscreverem na loteria.<\/p>\n","protected":false},"excerpt":{"rendered":"<p>O Cart\u00e3o Verde permite que voc\u00ea viva nos Estados Unidos Todos os anos, milhares de cidad\u00e3os de todo o mundo tentam obter um Cart\u00e3o Verde americano para poderem viver nos Estados Unidos. O que \u00e9 o Cart\u00e3o Verde? O Cart\u00e3o Verde \u00e9 um cart\u00e3o americano que d\u00e1 ao seu titular o direito de se tornar [&hellip;]<\/p>\n","protected":false},"author":1,"featured_media":0,"parent":0,"menu_order":0,"comment_status":"closed","ping_status":"closed","template":"","meta":{"footnotes":""},"class_list":["post-1105","page","type-page","status-publish","hentry"],"yoast_head":"<!-- This site is optimized with the Yoast SEO plugin v27.2 - https:\/\/yoast.com\/product\/yoast-seo-wordpress\/ -->\n<title>Participar da loteria do Cart\u00e3o Verde americano - USA GC<\/title>\n<meta name=\"description\" content=\"Participe da loteria americana para ganhar um Cart\u00e3o Verde. Esse \u00e9 o cart\u00e3o de residente permanente para viver nos Estados Unidos.\" \/>\n<meta name=\"robots\" content=\"index, follow, max-snippet:-1, max-image-preview:large, max-video-preview:-1\" \/>\n<link rel=\"canonical\" href=\"https:\/\/us-gc.net\/pt-br\/cartao-verde-loteria-americana\/\" \/>\n<meta property=\"og:locale\" content=\"pt_BR\" \/>\n<meta property=\"og:type\" content=\"article\" \/>\n<meta property=\"og:title\" content=\"Participar da loteria do Cart\u00e3o Verde americano - USA GC\" \/>\n<meta property=\"og:description\" content=\"Participe da loteria americana para ganhar um Cart\u00e3o Verde. Esse \u00e9 o cart\u00e3o de residente permanente para viver nos Estados Unidos.\" \/>\n<meta property=\"og:url\" content=\"https:\/\/us-gc.net\/pt-br\/cartao-verde-loteria-americana\/\" \/>\n<meta property=\"og:site_name\" content=\"USA GC\" \/>\n<meta property=\"article:modified_time\" content=\"2024-12-30T09:46:12+00:00\" \/>\n<meta name=\"twitter:card\" content=\"summary_large_image\" \/>\n<meta name=\"twitter:label1\" content=\"Est. tempo de leitura\" \/>\n\t<meta name=\"twitter:data1\" content=\"2 minutos\" \/>\n<script type=\"application\/ld+json\" class=\"yoast-schema-graph\">{\"@context\":\"https:\/\/schema.org\",\"@graph\":[{\"@type\":\"WebPage\",\"@id\":\"https:\/\/us-gc.net\/pt-br\/cartao-verde-loteria-americana\/\",\"url\":\"https:\/\/us-gc.net\/pt-br\/cartao-verde-loteria-americana\/\",\"name\":\"Participar da loteria do Cart\u00e3o Verde americano - USA GC\",\"isPartOf\":{\"@id\":\"https:\/\/us-gc.net\/pt-br\/#website\"},\"datePublished\":\"2024-01-31T15:53:04+00:00\",\"dateModified\":\"2024-12-30T09:46:12+00:00\",\"description\":\"Participe da loteria americana para ganhar um Cart\u00e3o Verde. Esse \u00e9 o cart\u00e3o de residente permanente para viver nos Estados Unidos.\",\"breadcrumb\":{\"@id\":\"https:\/\/us-gc.net\/pt-br\/cartao-verde-loteria-americana\/#breadcrumb\"},\"inLanguage\":\"pt-BR\",\"potentialAction\":[{\"@type\":\"ReadAction\",\"target\":[\"https:\/\/us-gc.net\/pt-br\/cartao-verde-loteria-americana\/\"]}]},{\"@type\":\"BreadcrumbList\",\"@id\":\"https:\/\/us-gc.net\/pt-br\/cartao-verde-loteria-americana\/#breadcrumb\",\"itemListElement\":[{\"@type\":\"ListItem\",\"position\":1,\"name\":\"Accueil\",\"item\":\"https:\/\/us-gc.net\/pt-br\/green-card\/\"},{\"@type\":\"ListItem\",\"position\":2,\"name\":\"Participar da loteria do Cart\u00e3o Verde americano\"}]},{\"@type\":\"WebSite\",\"@id\":\"https:\/\/us-gc.net\/pt-br\/#website\",\"url\":\"https:\/\/us-gc.net\/pt-br\/\",\"name\":\"USA GC\",\"description\":\"\",\"potentialAction\":[{\"@type\":\"SearchAction\",\"target\":{\"@type\":\"EntryPoint\",\"urlTemplate\":\"https:\/\/us-gc.net\/pt-br\/?s={search_term_string}\"},\"query-input\":{\"@type\":\"PropertyValueSpecification\",\"valueRequired\":true,\"valueName\":\"search_term_string\"}}],\"inLanguage\":\"pt-BR\"}]}<\/script>\n<!-- \/ Yoast SEO plugin. -->","yoast_head_json":{"title":"Participar da loteria do Cart\u00e3o Verde americano - USA GC","description":"Participe da loteria americana para ganhar um Cart\u00e3o Verde. Esse \u00e9 o cart\u00e3o de residente permanente para viver nos Estados Unidos.","robots":{"index":"index","follow":"follow","max-snippet":"max-snippet:-1","max-image-preview":"max-image-preview:large","max-video-preview":"max-video-preview:-1"},"canonical":"https:\/\/us-gc.net\/pt-br\/cartao-verde-loteria-americana\/","og_locale":"pt_BR","og_type":"article","og_title":"Participar da loteria do Cart\u00e3o Verde americano - USA GC","og_description":"Participe da loteria americana para ganhar um Cart\u00e3o Verde. Esse \u00e9 o cart\u00e3o de residente permanente para viver nos Estados Unidos.","og_url":"https:\/\/us-gc.net\/pt-br\/cartao-verde-loteria-americana\/","og_site_name":"USA GC","article_modified_time":"2024-12-30T09:46:12+00:00","twitter_card":"summary_large_image","twitter_misc":{"Est. tempo de leitura":"2 minutos"},"schema":{"@context":"https:\/\/schema.org","@graph":[{"@type":"WebPage","@id":"https:\/\/us-gc.net\/pt-br\/cartao-verde-loteria-americana\/","url":"https:\/\/us-gc.net\/pt-br\/cartao-verde-loteria-americana\/","name":"Participar da loteria do Cart\u00e3o Verde americano - USA GC","isPartOf":{"@id":"https:\/\/us-gc.net\/pt-br\/#website"},"datePublished":"2024-01-31T15:53:04+00:00","dateModified":"2024-12-30T09:46:12+00:00","description":"Participe da loteria americana para ganhar um Cart\u00e3o Verde. Esse \u00e9 o cart\u00e3o de residente permanente para viver nos Estados Unidos.","breadcrumb":{"@id":"https:\/\/us-gc.net\/pt-br\/cartao-verde-loteria-americana\/#breadcrumb"},"inLanguage":"pt-BR","potentialAction":[{"@type":"ReadAction","target":["https:\/\/us-gc.net\/pt-br\/cartao-verde-loteria-americana\/"]}]},{"@type":"BreadcrumbList","@id":"https:\/\/us-gc.net\/pt-br\/cartao-verde-loteria-americana\/#breadcrumb","itemListElement":[{"@type":"ListItem","position":1,"name":"Accueil","item":"https:\/\/us-gc.net\/pt-br\/green-card\/"},{"@type":"ListItem","position":2,"name":"Participar da loteria do Cart\u00e3o Verde americano"}]},{"@type":"WebSite","@id":"https:\/\/us-gc.net\/pt-br\/#website","url":"https:\/\/us-gc.net\/pt-br\/","name":"USA GC","description":"","potentialAction":[{"@type":"SearchAction","target":{"@type":"EntryPoint","urlTemplate":"https:\/\/us-gc.net\/pt-br\/?s={search_term_string}"},"query-input":{"@type":"PropertyValueSpecification","valueRequired":true,"valueName":"search_term_string"}}],"inLanguage":"pt-BR"}]}},"_links":{"self":[{"href":"https:\/\/us-gc.net\/pt-br\/wp-json\/wp\/v2\/pages\/1105","targetHints":{"allow":["GET"]}}],"collection":[{"href":"https:\/\/us-gc.net\/pt-br\/wp-json\/wp\/v2\/pages"}],"about":[{"href":"https:\/\/us-gc.net\/pt-br\/wp-json\/wp\/v2\/types\/page"}],"author":[{"embeddable":true,"href":"https:\/\/us-gc.net\/pt-br\/wp-json\/wp\/v2\/users\/1"}],"replies":[{"embeddable":true,"href":"https:\/\/us-gc.net\/pt-br\/wp-json\/wp\/v2\/comments?post=1105"}],"version-history":[{"count":1,"href":"https:\/\/us-gc.net\/pt-br\/wp-json\/wp\/v2\/pages\/1105\/revisions"}],"predecessor-version":[{"id":8017,"href":"https:\/\/us-gc.net\/pt-br\/wp-json\/wp\/v2\/pages\/1105\/revisions\/8017"}],"wp:attachment":[{"href":"https:\/\/us-gc.net\/pt-br\/wp-json\/wp\/v2\/media?parent=1105"}],"curies":[{"name":"wp","href":"https:\/\/api.w.org\/{rel}","templated":true}]}}