{"id":1099,"date":"2024-02-04T15:55:27","date_gmt":"2024-02-04T15:55:27","guid":{"rendered":"https:\/\/green-card-usa.net\/loteria-green-card-2026\/"},"modified":"2025-03-31T10:09:30","modified_gmt":"2025-03-31T10:09:30","slug":"loteria-green-card-2026","status":"publish","type":"page","link":"https:\/\/us-gc.net\/pt-br\/loteria-green-card-2026\/","title":{"rendered":"Loteria do Green Card 2026"},"content":{"rendered":"\n<h1 class=\"wp-block-heading\" id=\"h-la-loterie-de-la-green-card-2026\">Loteria do Green Card de 2026<\/h1>\n\n<p>Todos os anos, os Estados Unidos oferecem a mais de 50.000 estrangeiros a oportunidade de obter um Green Card por meio de sorteio. Essa loteria faz parte do Programa de Diversidade de Vistos dos EUA. Esse programa foi criado para gerenciar a imigra\u00e7\u00e3o para os Estados Unidos.<\/p>\n\n<h2 class=\"wp-block-heading\" id=\"h-qu-est-ce-que-la-loterie-de-la-green-card-2026\">O que \u00e9 a loteria Green Card 2026?<\/h2>\n\n<p>Cada promo\u00e7\u00e3o no sorteio do Green Card tem o n\u00famero do ano em que os candidatos finalmente ser\u00e3o portadores de um <a href=\"https:\/\/us-gc.net\/pt-br\/\">Green Card americano<\/a>. Portanto, a loteria do Green Card de 2026 diz respeito \u00e0 cota de Green Cards que ser\u00e3o emitidos em 2026. O governo dos EUA est\u00e1 chamando essa promo\u00e7\u00e3o de novos vistos resultantes do programa de diversidade DV-2026 de Diversity-Program 2026.<\/p>\n\n<h2 class=\"wp-block-heading\" id=\"h-quand-se-deroule-le-tirage-au-sort-du-quota-de-green-card-2026\">Quando ser\u00e1 o sorteio da cota do Green Card 2026?<\/h2>\n\n<p>H\u00e1 v\u00e1rios est\u00e1gios no processo de obten\u00e7\u00e3o do Green Card por meio da loteria. A primeira etapa \u00e9 o sorteio. <\/p>\n\n<p><strong>Os candidatos ao DV2026 tiveram de se registrar a partir de 2 de outubro de 2024<\/strong> para participar do sorteio, que ocorre todos os anos no in\u00edcio de novembro. O registro on-line para o sorteio do DV2026 foi encerrado em 5 de novembro de 2024. <\/p>\n\n<h2 class=\"wp-block-heading\" id=\"h-quand-sont-publies-les-resultats-du-tirage-au-sort-du-dv-2026\">Quando os resultados do sorteio do DV-2026 ser\u00e3o publicados?<\/h2>\n\n<p>Os <a href=\"https:\/\/us-gc.net\/pt-br\/resultados-loteria-green-card\/\">resultados do sorteio do Green Card<\/a> s\u00e3o publicados aproximadamente 6 meses ap\u00f3s o t\u00e9rmino das solicita\u00e7\u00f5es: Os resultados do sorteio do DV2026 s\u00e3o publicados a partir de maio de 2025.<\/p>\n\n<h2 class=\"wp-block-heading\" id=\"h-quel-sont-les-etapes-suivantes-pour-les-gagnants-de-la-loterie\">Quais s\u00e3o as pr\u00f3ximas etapas para os ganhadores da loteria?<\/h2>\n\n<p>Os vencedores devem ent\u00e3o solicitar um visto de diversidade. As principais etapas envolvidas na obten\u00e7\u00e3o de um Green Card s\u00e3o:<\/p>\n\n<ul class=\"wp-block-list\">\n<li>Preencher o <a href=\"https:\/\/travel.state.gov\/content\/travel\/en\/us-visas\/visa-information-resources\/forms\/online-immigrant-visa-forms\/ds-260-faqs.html\">formul\u00e1rio DS-260<\/a> de solicita\u00e7\u00e3o de visto.<\/li>\n\n\n\n<li>Pagamento das <a href=\"https:\/\/us-gc.net\/pt-br\/preco-green-card\/\">taxas necess\u00e1rias para obter o Green Card<\/a> como parte dessa solicita\u00e7\u00e3o obrigat\u00f3ria de visto;<\/li>\n\n\n\n<li>Fa\u00e7a sua <a href=\"https:\/\/us-gc.net\/pt-br\/green-card-entrevista\/\">entrevista para o Green Card<\/a> com um funcion\u00e1rio do USCIS que participe do Programa de Visto de Diversidade.<\/li>\n<\/ul>\n\n<div style=\"height:10px\" aria-hidden=\"true\" class=\"wp-block-spacer\"><\/div>\n\n<p>O <a href=\"https:\/\/us-gc.net\/pt-br\/diferenca-entre-green-card-e-visto\/\">Green Card e o visto s\u00e3o documentos diferentes<\/a>. A obten\u00e7\u00e3o de um Visto de Diversidade \u00e9 uma das etapas para a obten\u00e7\u00e3o do Green Card.<\/p>\n\n<p><\/p>\n\n<p><\/p>\n","protected":false},"excerpt":{"rendered":"<p>Loteria do Green Card de 2026 Todos os anos, os Estados Unidos oferecem a mais de 50.000 estrangeiros a oportunidade de obter um Green Card por meio de sorteio. Essa loteria faz parte do Programa de Diversidade de Vistos dos EUA. Esse programa foi criado para gerenciar a imigra\u00e7\u00e3o para os Estados Unidos. O que [&hellip;]<\/p>\n","protected":false},"author":1,"featured_media":0,"parent":0,"menu_order":0,"comment_status":"closed","ping_status":"closed","template":"","meta":{"footnotes":""},"class_list":["post-1099","page","type-page","status-publish","hentry"],"yoast_head":"<!-- This site is optimized with the Yoast SEO plugin v27.4 - https:\/\/yoast.com\/product\/yoast-seo-wordpress\/ -->\n<title>Loteria do Green Card 2026 - USA GC<\/title>\n<meta name=\"description\" content=\"Aqui est\u00e3o todas as informa\u00e7\u00f5es sobre o programa para obter um Green Card por sorteio em 2026 nos EUA\" \/>\n<meta name=\"robots\" content=\"index, follow, max-snippet:-1, max-image-preview:large, max-video-preview:-1\" \/>\n<link rel=\"canonical\" href=\"https:\/\/us-gc.net\/pt-br\/loteria-green-card-2026\/\" \/>\n<meta property=\"og:locale\" content=\"pt_BR\" \/>\n<meta property=\"og:type\" content=\"article\" \/>\n<meta property=\"og:title\" content=\"Loteria do Green Card 2026 - USA GC\" \/>\n<meta property=\"og:description\" content=\"Aqui est\u00e3o todas as informa\u00e7\u00f5es sobre o programa para obter um Green Card por sorteio em 2026 nos EUA\" \/>\n<meta property=\"og:url\" content=\"https:\/\/us-gc.net\/pt-br\/loteria-green-card-2026\/\" \/>\n<meta property=\"og:site_name\" content=\"USA GC\" \/>\n<meta property=\"article:modified_time\" content=\"2025-03-31T10:09:30+00:00\" \/>\n<meta name=\"twitter:card\" content=\"summary_large_image\" \/>\n<meta name=\"twitter:label1\" content=\"Est. tempo de leitura\" \/>\n\t<meta name=\"twitter:data1\" content=\"2 minutos\" \/>\n<script type=\"application\/ld+json\" class=\"yoast-schema-graph\">{\"@context\":\"https:\\\/\\\/schema.org\",\"@graph\":[{\"@type\":\"WebPage\",\"@id\":\"https:\\\/\\\/us-gc.net\\\/pt-br\\\/loteria-green-card-2026\\\/\",\"url\":\"https:\\\/\\\/us-gc.net\\\/pt-br\\\/loteria-green-card-2026\\\/\",\"name\":\"Loteria do Green Card 2026 - USA GC\",\"isPartOf\":{\"@id\":\"https:\\\/\\\/us-gc.net\\\/pt-br\\\/#website\"},\"datePublished\":\"2024-02-04T15:55:27+00:00\",\"dateModified\":\"2025-03-31T10:09:30+00:00\",\"description\":\"Aqui est\u00e3o todas as informa\u00e7\u00f5es sobre o programa para obter um Green Card por sorteio em 2026 nos EUA\",\"breadcrumb\":{\"@id\":\"https:\\\/\\\/us-gc.net\\\/pt-br\\\/loteria-green-card-2026\\\/#breadcrumb\"},\"inLanguage\":\"pt-BR\",\"potentialAction\":[{\"@type\":\"ReadAction\",\"target\":[\"https:\\\/\\\/us-gc.net\\\/pt-br\\\/loteria-green-card-2026\\\/\"]}]},{\"@type\":\"BreadcrumbList\",\"@id\":\"https:\\\/\\\/us-gc.net\\\/pt-br\\\/loteria-green-card-2026\\\/#breadcrumb\",\"itemListElement\":[{\"@type\":\"ListItem\",\"position\":1,\"name\":\"Accueil\",\"item\":\"https:\\\/\\\/us-gc.net\\\/pt-br\\\/green-card\\\/\"},{\"@type\":\"ListItem\",\"position\":2,\"name\":\"Loteria do Green Card 2026\"}]},{\"@type\":\"WebSite\",\"@id\":\"https:\\\/\\\/us-gc.net\\\/pt-br\\\/#website\",\"url\":\"https:\\\/\\\/us-gc.net\\\/pt-br\\\/\",\"name\":\"USA GC\",\"description\":\"\",\"potentialAction\":[{\"@type\":\"SearchAction\",\"target\":{\"@type\":\"EntryPoint\",\"urlTemplate\":\"https:\\\/\\\/us-gc.net\\\/pt-br\\\/?s={search_term_string}\"},\"query-input\":{\"@type\":\"PropertyValueSpecification\",\"valueRequired\":true,\"valueName\":\"search_term_string\"}}],\"inLanguage\":\"pt-BR\"}]}<\/script>\n<!-- \/ Yoast SEO plugin. -->","yoast_head_json":{"title":"Loteria do Green Card 2026 - USA GC","description":"Aqui est\u00e3o todas as informa\u00e7\u00f5es sobre o programa para obter um Green Card por sorteio em 2026 nos EUA","robots":{"index":"index","follow":"follow","max-snippet":"max-snippet:-1","max-image-preview":"max-image-preview:large","max-video-preview":"max-video-preview:-1"},"canonical":"https:\/\/us-gc.net\/pt-br\/loteria-green-card-2026\/","og_locale":"pt_BR","og_type":"article","og_title":"Loteria do Green Card 2026 - USA GC","og_description":"Aqui est\u00e3o todas as informa\u00e7\u00f5es sobre o programa para obter um Green Card por sorteio em 2026 nos EUA","og_url":"https:\/\/us-gc.net\/pt-br\/loteria-green-card-2026\/","og_site_name":"USA GC","article_modified_time":"2025-03-31T10:09:30+00:00","twitter_card":"summary_large_image","twitter_misc":{"Est. tempo de leitura":"2 minutos"},"schema":{"@context":"https:\/\/schema.org","@graph":[{"@type":"WebPage","@id":"https:\/\/us-gc.net\/pt-br\/loteria-green-card-2026\/","url":"https:\/\/us-gc.net\/pt-br\/loteria-green-card-2026\/","name":"Loteria do Green Card 2026 - USA GC","isPartOf":{"@id":"https:\/\/us-gc.net\/pt-br\/#website"},"datePublished":"2024-02-04T15:55:27+00:00","dateModified":"2025-03-31T10:09:30+00:00","description":"Aqui est\u00e3o todas as informa\u00e7\u00f5es sobre o programa para obter um Green Card por sorteio em 2026 nos EUA","breadcrumb":{"@id":"https:\/\/us-gc.net\/pt-br\/loteria-green-card-2026\/#breadcrumb"},"inLanguage":"pt-BR","potentialAction":[{"@type":"ReadAction","target":["https:\/\/us-gc.net\/pt-br\/loteria-green-card-2026\/"]}]},{"@type":"BreadcrumbList","@id":"https:\/\/us-gc.net\/pt-br\/loteria-green-card-2026\/#breadcrumb","itemListElement":[{"@type":"ListItem","position":1,"name":"Accueil","item":"https:\/\/us-gc.net\/pt-br\/green-card\/"},{"@type":"ListItem","position":2,"name":"Loteria do Green Card 2026"}]},{"@type":"WebSite","@id":"https:\/\/us-gc.net\/pt-br\/#website","url":"https:\/\/us-gc.net\/pt-br\/","name":"USA GC","description":"","potentialAction":[{"@type":"SearchAction","target":{"@type":"EntryPoint","urlTemplate":"https:\/\/us-gc.net\/pt-br\/?s={search_term_string}"},"query-input":{"@type":"PropertyValueSpecification","valueRequired":true,"valueName":"search_term_string"}}],"inLanguage":"pt-BR"}]}},"_links":{"self":[{"href":"https:\/\/us-gc.net\/pt-br\/wp-json\/wp\/v2\/pages\/1099","targetHints":{"allow":["GET"]}}],"collection":[{"href":"https:\/\/us-gc.net\/pt-br\/wp-json\/wp\/v2\/pages"}],"about":[{"href":"https:\/\/us-gc.net\/pt-br\/wp-json\/wp\/v2\/types\/page"}],"author":[{"embeddable":true,"href":"https:\/\/us-gc.net\/pt-br\/wp-json\/wp\/v2\/users\/1"}],"replies":[{"embeddable":true,"href":"https:\/\/us-gc.net\/pt-br\/wp-json\/wp\/v2\/comments?post=1099"}],"version-history":[{"count":3,"href":"https:\/\/us-gc.net\/pt-br\/wp-json\/wp\/v2\/pages\/1099\/revisions"}],"predecessor-version":[{"id":10128,"href":"https:\/\/us-gc.net\/pt-br\/wp-json\/wp\/v2\/pages\/1099\/revisions\/10128"}],"wp:attachment":[{"href":"https:\/\/us-gc.net\/pt-br\/wp-json\/wp\/v2\/media?parent=1099"}],"curies":[{"name":"wp","href":"https:\/\/api.w.org\/{rel}","templated":true}]}}