{"id":1095,"date":"2024-01-31T16:02:41","date_gmt":"2024-01-31T16:02:41","guid":{"rendered":"https:\/\/green-card-usa.net\/loteria-green-card-2025\/"},"modified":"2024-12-30T09:45:45","modified_gmt":"2024-12-30T09:45:45","slug":"loteria-green-card-2025","status":"publish","type":"page","link":"https:\/\/us-gc.net\/pt-br\/loteria-green-card-2025\/","title":{"rendered":"Loteria do Green Card 2025"},"content":{"rendered":"\n<h1 class=\"wp-block-heading\" id=\"h-loterie-de-la-green-card-en-2025\">Loteria do Green Card em 2025<\/h1>\n\n<p>O sorteio da loteria do Green Card ocorre apenas uma vez por ano. Portanto, todo ano h\u00e1 um novo lote de ganhadores da loteria, nomeados pelo ano em que obtiveram o Green Card.<\/p>\n\n<h2 class=\"wp-block-heading\" id=\"h-qu-est-ce-que-la-loterie-2025-de-la-green-card\">O que \u00e9 a loteria Green Card 2025?<\/h2>\n\n<p>A loteria do Green Card de 2025 refere-se \u00e0 cota de Green Cards a serem emitidos em 2025. O sorteio da loteria de 2025 ocorrer\u00e1 em outubro de 2023. Mais de 50.000 estrangeiros foram selecionados nessa loteria como ganhadores do direito de obter um Green Card no \u00e2mbito do <a href=\"https:\/\/us-gc.net\/pt-br\/programa-de-vistos-para-diversidade\/\">Programa de Visto de Diversidade<\/a> dos EUA.  <\/p>\n\n<h2 class=\"wp-block-heading\" id=\"h-quand-se-deroule-la-loterie-de-la-green-card-en-2025\">Quando ser\u00e1 realizada a loteria do Green Card em 2025?<\/h2>\n\n<p>As inscri\u00e7\u00f5es para o sorteio, que ocorrer\u00e1 em 2025, ser\u00e3o abertas em outubro de 2025.<\/p>\n\n<h2 class=\"wp-block-heading\" id=\"h-quelles-sont-les-resultats-de-la-loterie-de-la-green-card-2025\">Quais s\u00e3o os resultados da loteria do Green Card 2025?<\/h2>\n\n<p>Os <a href=\"https:\/\/us-gc.net\/pt-br\/resultados-loteria-green-card\/\">resultados do sorteio do Green Card<\/a> ser\u00e3o publicados aproximadamente 6 meses ap\u00f3s o sorteio, que ocorre em novembro. Os resultados do sorteio da loteria realizado em 2025 ser\u00e3o publicados on-line a partir de maio de 2026.<\/p>\n\n<p>Os resultados do sorteio do Diversity Visa 2025 realizado em novembro de 2023 est\u00e3o dispon\u00edveis desde 4 de maio de 2024 na p\u00e1gina on-line: <a href=\"https:\/\/dvprogram.state.gov\/ESC\/\">dvprogram.state.gov<\/a>.<\/p>\n\n<h2 class=\"wp-block-heading\" id=\"h-comment-s-inscrire-a-la-loterie-de-la-green-card-2025\">Como fa\u00e7o para participar da loteria do Green Card 2025?<\/h2>\n\n<p>O registro para a <a href=\"https:\/\/us-gc.net\/pt-br\/cartao-verde-loteria-americana\/\">loteria Cart\u00e3o Verde EUA<\/a> \u00e9 totalmente on-line. <strong>Participe dessa loteria anual registrando-se on-line<\/strong> em apenas alguns minutos, clicando no <a href=\"https:\/\/us-gc.net\/pt-br\/green-card-loteria-formulario\/\">formul\u00e1rio on-line<\/a>. O processo leva apenas alguns minutos.<\/p>\n\n<h2 class=\"wp-block-heading\" id=\"h-quel-sont-les-etapes-suivantes-pour-les-gagnants-de-la-loterie\">Quais s\u00e3o as pr\u00f3ximas etapas para os ganhadores da loteria?<\/h2>\n\n<p>Os ganhadores da loteria devem, ent\u00e3o, obter um visto de diversidade. As pr\u00f3ximas etapas do procedimento s\u00e3o :<\/p>\n\n<ul class=\"wp-block-list\">\n<li>Preencher o <a href=\"https:\/\/travel.state.gov\/content\/travel\/en\/us-visas\/visa-information-resources\/forms\/online-immigrant-visa-forms\/ds-260-faqs.html\">formul\u00e1rio DS-260<\/a> de solicita\u00e7\u00e3o de visto.<\/li>\n\n\n\n<li>Pagamento das <a href=\"https:\/\/us-gc.net\/pt-br\/preco-green-card\/\">taxas necess\u00e1rias para obter o Green Card<\/a> como parte dessa solicita\u00e7\u00e3o obrigat\u00f3ria de visto;<\/li>\n\n\n\n<li>Uma <a href=\"https:\/\/us-gc.net\/pt-br\/green-card-entrevista\/\">entrevista para o Green Card<\/a> com um funcion\u00e1rio do Programa de Vistos de Diversidade do USCIS;<\/li>\n\n\n\n<li>Realizar um exame m\u00e9dico.<\/li>\n<\/ul>\n\n<div style=\"height:10px\" aria-hidden=\"true\" class=\"wp-block-spacer\"><\/div>\n\n<p>O <a href=\"https:\/\/us-gc.net\/pt-br\/diferenca-entre-green-card-e-visto\/\">Green Card e o visto s\u00e3o documentos diferentes<\/a>. A obten\u00e7\u00e3o de um Visto de Diversidade \u00e9 uma das etapas para a obten\u00e7\u00e3o do Green Card.<\/p>\n","protected":false},"excerpt":{"rendered":"<p>Loteria do Green Card em 2025 O sorteio da loteria do Green Card ocorre apenas uma vez por ano. Portanto, todo ano h\u00e1 um novo lote de ganhadores da loteria, nomeados pelo ano em que obtiveram o Green Card. O que \u00e9 a loteria Green Card 2025? A loteria do Green Card de 2025 refere-se [&hellip;]<\/p>\n","protected":false},"author":1,"featured_media":0,"parent":0,"menu_order":0,"comment_status":"closed","ping_status":"closed","template":"","meta":{"footnotes":""},"class_list":["post-1095","page","type-page","status-publish","hentry"],"yoast_head":"<!-- This site is optimized with the Yoast SEO plugin v27.4 - https:\/\/yoast.com\/product\/yoast-seo-wordpress\/ -->\n<title>Loteria do Green Card 2025 - USA GC<\/title>\n<meta name=\"description\" content=\"Participar da loteria do Green Card de 2025 para obter um cart\u00e3o de residente permanente nos Estados Unidos\" \/>\n<meta name=\"robots\" content=\"index, follow, max-snippet:-1, max-image-preview:large, max-video-preview:-1\" \/>\n<link rel=\"canonical\" href=\"https:\/\/us-gc.net\/pt-br\/loteria-green-card-2025\/\" \/>\n<meta property=\"og:locale\" content=\"pt_BR\" \/>\n<meta property=\"og:type\" content=\"article\" \/>\n<meta property=\"og:title\" content=\"Loteria do Green Card 2025 - USA GC\" \/>\n<meta property=\"og:description\" content=\"Participar da loteria do Green Card de 2025 para obter um cart\u00e3o de residente permanente nos Estados Unidos\" \/>\n<meta property=\"og:url\" content=\"https:\/\/us-gc.net\/pt-br\/loteria-green-card-2025\/\" \/>\n<meta property=\"og:site_name\" content=\"USA GC\" \/>\n<meta property=\"article:modified_time\" content=\"2024-12-30T09:45:45+00:00\" \/>\n<meta name=\"twitter:card\" content=\"summary_large_image\" \/>\n<meta name=\"twitter:label1\" content=\"Est. tempo de leitura\" \/>\n\t<meta name=\"twitter:data1\" content=\"2 minutos\" \/>\n<script type=\"application\/ld+json\" class=\"yoast-schema-graph\">{\"@context\":\"https:\\\/\\\/schema.org\",\"@graph\":[{\"@type\":\"WebPage\",\"@id\":\"https:\\\/\\\/us-gc.net\\\/pt-br\\\/loteria-green-card-2025\\\/\",\"url\":\"https:\\\/\\\/us-gc.net\\\/pt-br\\\/loteria-green-card-2025\\\/\",\"name\":\"Loteria do Green Card 2025 - USA GC\",\"isPartOf\":{\"@id\":\"https:\\\/\\\/us-gc.net\\\/pt-br\\\/#website\"},\"datePublished\":\"2024-01-31T16:02:41+00:00\",\"dateModified\":\"2024-12-30T09:45:45+00:00\",\"description\":\"Participar da loteria do Green Card de 2025 para obter um cart\u00e3o de residente permanente nos Estados Unidos\",\"breadcrumb\":{\"@id\":\"https:\\\/\\\/us-gc.net\\\/pt-br\\\/loteria-green-card-2025\\\/#breadcrumb\"},\"inLanguage\":\"pt-BR\",\"potentialAction\":[{\"@type\":\"ReadAction\",\"target\":[\"https:\\\/\\\/us-gc.net\\\/pt-br\\\/loteria-green-card-2025\\\/\"]}]},{\"@type\":\"BreadcrumbList\",\"@id\":\"https:\\\/\\\/us-gc.net\\\/pt-br\\\/loteria-green-card-2025\\\/#breadcrumb\",\"itemListElement\":[{\"@type\":\"ListItem\",\"position\":1,\"name\":\"Accueil\",\"item\":\"https:\\\/\\\/us-gc.net\\\/pt-br\\\/green-card\\\/\"},{\"@type\":\"ListItem\",\"position\":2,\"name\":\"Loteria do Green Card 2025\"}]},{\"@type\":\"WebSite\",\"@id\":\"https:\\\/\\\/us-gc.net\\\/pt-br\\\/#website\",\"url\":\"https:\\\/\\\/us-gc.net\\\/pt-br\\\/\",\"name\":\"USA GC\",\"description\":\"\",\"potentialAction\":[{\"@type\":\"SearchAction\",\"target\":{\"@type\":\"EntryPoint\",\"urlTemplate\":\"https:\\\/\\\/us-gc.net\\\/pt-br\\\/?s={search_term_string}\"},\"query-input\":{\"@type\":\"PropertyValueSpecification\",\"valueRequired\":true,\"valueName\":\"search_term_string\"}}],\"inLanguage\":\"pt-BR\"}]}<\/script>\n<!-- \/ Yoast SEO plugin. -->","yoast_head_json":{"title":"Loteria do Green Card 2025 - USA GC","description":"Participar da loteria do Green Card de 2025 para obter um cart\u00e3o de residente permanente nos Estados Unidos","robots":{"index":"index","follow":"follow","max-snippet":"max-snippet:-1","max-image-preview":"max-image-preview:large","max-video-preview":"max-video-preview:-1"},"canonical":"https:\/\/us-gc.net\/pt-br\/loteria-green-card-2025\/","og_locale":"pt_BR","og_type":"article","og_title":"Loteria do Green Card 2025 - USA GC","og_description":"Participar da loteria do Green Card de 2025 para obter um cart\u00e3o de residente permanente nos Estados Unidos","og_url":"https:\/\/us-gc.net\/pt-br\/loteria-green-card-2025\/","og_site_name":"USA GC","article_modified_time":"2024-12-30T09:45:45+00:00","twitter_card":"summary_large_image","twitter_misc":{"Est. tempo de leitura":"2 minutos"},"schema":{"@context":"https:\/\/schema.org","@graph":[{"@type":"WebPage","@id":"https:\/\/us-gc.net\/pt-br\/loteria-green-card-2025\/","url":"https:\/\/us-gc.net\/pt-br\/loteria-green-card-2025\/","name":"Loteria do Green Card 2025 - USA GC","isPartOf":{"@id":"https:\/\/us-gc.net\/pt-br\/#website"},"datePublished":"2024-01-31T16:02:41+00:00","dateModified":"2024-12-30T09:45:45+00:00","description":"Participar da loteria do Green Card de 2025 para obter um cart\u00e3o de residente permanente nos Estados Unidos","breadcrumb":{"@id":"https:\/\/us-gc.net\/pt-br\/loteria-green-card-2025\/#breadcrumb"},"inLanguage":"pt-BR","potentialAction":[{"@type":"ReadAction","target":["https:\/\/us-gc.net\/pt-br\/loteria-green-card-2025\/"]}]},{"@type":"BreadcrumbList","@id":"https:\/\/us-gc.net\/pt-br\/loteria-green-card-2025\/#breadcrumb","itemListElement":[{"@type":"ListItem","position":1,"name":"Accueil","item":"https:\/\/us-gc.net\/pt-br\/green-card\/"},{"@type":"ListItem","position":2,"name":"Loteria do Green Card 2025"}]},{"@type":"WebSite","@id":"https:\/\/us-gc.net\/pt-br\/#website","url":"https:\/\/us-gc.net\/pt-br\/","name":"USA GC","description":"","potentialAction":[{"@type":"SearchAction","target":{"@type":"EntryPoint","urlTemplate":"https:\/\/us-gc.net\/pt-br\/?s={search_term_string}"},"query-input":{"@type":"PropertyValueSpecification","valueRequired":true,"valueName":"search_term_string"}}],"inLanguage":"pt-BR"}]}},"_links":{"self":[{"href":"https:\/\/us-gc.net\/pt-br\/wp-json\/wp\/v2\/pages\/1095","targetHints":{"allow":["GET"]}}],"collection":[{"href":"https:\/\/us-gc.net\/pt-br\/wp-json\/wp\/v2\/pages"}],"about":[{"href":"https:\/\/us-gc.net\/pt-br\/wp-json\/wp\/v2\/types\/page"}],"author":[{"embeddable":true,"href":"https:\/\/us-gc.net\/pt-br\/wp-json\/wp\/v2\/users\/1"}],"replies":[{"embeddable":true,"href":"https:\/\/us-gc.net\/pt-br\/wp-json\/wp\/v2\/comments?post=1095"}],"version-history":[{"count":1,"href":"https:\/\/us-gc.net\/pt-br\/wp-json\/wp\/v2\/pages\/1095\/revisions"}],"predecessor-version":[{"id":7951,"href":"https:\/\/us-gc.net\/pt-br\/wp-json\/wp\/v2\/pages\/1095\/revisions\/7951"}],"wp:attachment":[{"href":"https:\/\/us-gc.net\/pt-br\/wp-json\/wp\/v2\/media?parent=1095"}],"curies":[{"name":"wp","href":"https:\/\/api.w.org\/{rel}","templated":true}]}}