{"id":1091,"date":"2024-01-31T15:56:24","date_gmt":"2024-01-31T15:56:24","guid":{"rendered":"https:\/\/green-card-usa.net\/green-card-loteria-2024\/"},"modified":"2025-03-31T10:08:01","modified_gmt":"2025-03-31T10:08:01","slug":"green-card-loteria-2024","status":"publish","type":"page","link":"https:\/\/us-gc.net\/pt-br\/green-card-loteria-2024\/","title":{"rendered":"Loteria do Green Card 2024"},"content":{"rendered":"\n<h1 class=\"wp-block-heading\" id=\"h-loterie-de-la-green-card-en-2024\">Loteria do Green Card em 2024<\/h1>\n\n<p>O sorteio da loteria do Green Card ocorre apenas uma vez por ano. H\u00e1 duas maneiras de designar o ano da loteria:<\/p>\n\n<ul class=\"wp-block-list\">\n<li>O Departamento de Estado dos EUA nomeia cada promo\u00e7\u00e3o de loteria de acordo com o ano em que os candidatos receber\u00e3o o <a href=\"https:\/\/us-gc.net\/pt-br\/\">Green Card<\/a>. Portanto, o sorteio que ocorrer\u00e1 no quarto trimestre de 2024 \u00e9 o programa <a href=\"https:\/\/us-gc.net\/pt-br\/loteria-green-card-2026\/\">Green Card 2026<\/a>;<\/li>\n\n\n\n<li>A maioria dos candidatos ao sorteio d\u00e1 o nome de loteria Green Card 2024 ao sorteio que ocorrer\u00e1 em 2024.<\/li>\n<\/ul>\n\n<h2 class=\"wp-block-heading\" id=\"h-qu-est-ce-que-la-loterie-2024-de-la-green-card\">O que \u00e9 a loteria do Green Card 2024?<\/h2>\n\n<p>A loteria Green Card 2024 \u00e9 mais frequentemente referida como o sorteio anual que ocorre durante o ano de 2024. Esse sorteio \u00e9 realizado uma vez por ano e permite que mais de 50.000 estrangeiros ganhem o direito de solicitar um Green Card pelo Programa de Visto de Diversidade dos EUA.<\/p>\n\n<h2 class=\"wp-block-heading\" id=\"h-quand-se-deroule-la-loterie-de-la-green-card-pour-l-annee-2024\">Quando ser\u00e1 a loteria do Green Card de 2024?<\/h2>\n\n<p>As inscri\u00e7\u00f5es finais para o sorteio de 2024 ocorreram em outubro de 2024. As datas exatas para 2024 foram : <\/p>\n\n<ul class=\"wp-block-list\">\n<li>O per\u00edodo de registro come\u00e7ou em 2 de outubro de 2024;<\/li>\n\n\n\n<li>As inscri\u00e7\u00f5es foram encerradas em 5 de novembro de 2024.<\/li>\n<\/ul>\n\n<div style=\"height:10px\" aria-hidden=\"true\" class=\"wp-block-spacer\"><\/div>\n\n<p>A pr\u00f3xima fase de registro ser\u00e1 para participar do sorteio, que ocorrer\u00e1 em 2025. Voc\u00ea j\u00e1 pode fazer o pr\u00e9-registro clicando no <a href=\"https:\/\/us-gc.net\/pt-br\/green-card-loteria-formulario\/\">formul\u00e1rio on-line<\/a> para concluir sua inscri\u00e7\u00e3o para participar do sorteio. <\/p>\n\n<h2 class=\"wp-block-heading\" id=\"h-quelles-sont-les-resultats-de-la-loterie-de-la-green-card-2024\">Quais s\u00e3o os resultados da loteria do Green Card 2024?<\/h2>\n\n<p>Os <a href=\"https:\/\/us-gc.net\/pt-br\/resultados-loteria-green-card\/\">resultados do sorteio do Green Card<\/a> s\u00e3o publicados todos os anos cerca de seis meses ap\u00f3s o sorteio, que ocorre em novembro. Os resultados do sorteio da loteria realizado em 2024 ser\u00e3o publicados on-line a partir de maio de 2025.<\/p>\n\n<h2 class=\"wp-block-heading\" id=\"h-comment-s-inscrire-a-la-loterie-de-la-green-card-2024\">Como fa\u00e7o para participar da loteria do Green Card 2024?<\/h2>\n\n<p>O registro para a <a href=\"https:\/\/us-gc.net\/pt-br\/cartao-verde-loteria-americana\/\">loteria Cart\u00e3o Verde EUA<\/a> \u00e9 totalmente on-line. <strong>Participe dessa loteria anual registrando-se on-line<\/strong> em apenas alguns minutos, clicando no <a href=\"https:\/\/us-gc.net\/pt-br\/green-card-loteria-formulario\/\">formul\u00e1rio on-line<\/a>. O processo leva apenas alguns minutos.<\/p>\n\n<h2 class=\"wp-block-heading\" id=\"h-quel-sont-les-etapes-suivantes-pour-les-gagnants-de-la-loterie\">Quais s\u00e3o as pr\u00f3ximas etapas para os ganhadores da loteria?<\/h2>\n\n<p>Os ganhadores da loteria devem, ent\u00e3o, obter um visto de diversidade. As pr\u00f3ximas etapas do procedimento s\u00e3o :<\/p>\n\n<ul class=\"wp-block-list\">\n<li>Preencher o <a href=\"https:\/\/travel.state.gov\/content\/travel\/en\/us-visas\/visa-information-resources\/forms\/online-immigrant-visa-forms\/ds-260-faqs.html\">formul\u00e1rio DS-260<\/a> de solicita\u00e7\u00e3o de visto.<\/li>\n\n\n\n<li>Pagamento das <a href=\"https:\/\/us-gc.net\/pt-br\/preco-green-card\/\">taxas necess\u00e1rias para obter o Green Card<\/a> como parte dessa solicita\u00e7\u00e3o obrigat\u00f3ria de visto;<\/li>\n\n\n\n<li>Uma <a href=\"https:\/\/us-gc.net\/pt-br\/green-card-entrevista\/\">entrevista para o Green Card<\/a> com um funcion\u00e1rio do Programa de Vistos de Diversidade do USCIS;<\/li>\n\n\n\n<li>Realizar um exame m\u00e9dico.<\/li>\n<\/ul>\n\n<div style=\"height:10px\" aria-hidden=\"true\" class=\"wp-block-spacer\"><\/div>\n\n<p>O <a href=\"https:\/\/us-gc.net\/pt-br\/diferenca-entre-green-card-e-visto\/\">Green Card e o visto s\u00e3o documentos diferentes<\/a>. A obten\u00e7\u00e3o de um Visto de Diversidade \u00e9 uma das etapas para a obten\u00e7\u00e3o do Green Card.<\/p>\n","protected":false},"excerpt":{"rendered":"<p>Loteria do Green Card em 2024 O sorteio da loteria do Green Card ocorre apenas uma vez por ano. H\u00e1 duas maneiras de designar o ano da loteria: O que \u00e9 a loteria do Green Card 2024? A loteria Green Card 2024 \u00e9 mais frequentemente referida como o sorteio anual que ocorre durante o ano [&hellip;]<\/p>\n","protected":false},"author":1,"featured_media":0,"parent":0,"menu_order":0,"comment_status":"closed","ping_status":"closed","template":"","meta":{"footnotes":""},"class_list":["post-1091","page","type-page","status-publish","hentry"],"yoast_head":"<!-- This site is optimized with the Yoast SEO plugin v27.4 - https:\/\/yoast.com\/product\/yoast-seo-wordpress\/ -->\n<title>Loteria do Green Card 2024 - USA GC<\/title>\n<meta name=\"description\" content=\"Participe do sorteio da loteria do Green Card em 2024. Todos os anos \u00e9 realizado um sorteio para a chance de ganhar um Green Card.\" \/>\n<meta name=\"robots\" content=\"index, follow, max-snippet:-1, max-image-preview:large, max-video-preview:-1\" \/>\n<link rel=\"canonical\" href=\"https:\/\/us-gc.net\/pt-br\/green-card-loteria-2024\/\" \/>\n<meta property=\"og:locale\" content=\"pt_BR\" \/>\n<meta property=\"og:type\" content=\"article\" \/>\n<meta property=\"og:title\" content=\"Loteria do Green Card 2024 - USA GC\" \/>\n<meta property=\"og:description\" content=\"Participe do sorteio da loteria do Green Card em 2024. Todos os anos \u00e9 realizado um sorteio para a chance de ganhar um Green Card.\" \/>\n<meta property=\"og:url\" content=\"https:\/\/us-gc.net\/pt-br\/green-card-loteria-2024\/\" \/>\n<meta property=\"og:site_name\" content=\"USA GC\" \/>\n<meta property=\"article:modified_time\" content=\"2025-03-31T10:08:01+00:00\" \/>\n<meta name=\"twitter:card\" content=\"summary_large_image\" \/>\n<meta name=\"twitter:label1\" content=\"Est. tempo de leitura\" \/>\n\t<meta name=\"twitter:data1\" content=\"2 minutos\" \/>\n<script type=\"application\/ld+json\" class=\"yoast-schema-graph\">{\"@context\":\"https:\\\/\\\/schema.org\",\"@graph\":[{\"@type\":\"WebPage\",\"@id\":\"https:\\\/\\\/us-gc.net\\\/pt-br\\\/green-card-loteria-2024\\\/\",\"url\":\"https:\\\/\\\/us-gc.net\\\/pt-br\\\/green-card-loteria-2024\\\/\",\"name\":\"Loteria do Green Card 2024 - USA GC\",\"isPartOf\":{\"@id\":\"https:\\\/\\\/us-gc.net\\\/pt-br\\\/#website\"},\"datePublished\":\"2024-01-31T15:56:24+00:00\",\"dateModified\":\"2025-03-31T10:08:01+00:00\",\"description\":\"Participe do sorteio da loteria do Green Card em 2024. Todos os anos \u00e9 realizado um sorteio para a chance de ganhar um Green Card.\",\"breadcrumb\":{\"@id\":\"https:\\\/\\\/us-gc.net\\\/pt-br\\\/green-card-loteria-2024\\\/#breadcrumb\"},\"inLanguage\":\"pt-BR\",\"potentialAction\":[{\"@type\":\"ReadAction\",\"target\":[\"https:\\\/\\\/us-gc.net\\\/pt-br\\\/green-card-loteria-2024\\\/\"]}]},{\"@type\":\"BreadcrumbList\",\"@id\":\"https:\\\/\\\/us-gc.net\\\/pt-br\\\/green-card-loteria-2024\\\/#breadcrumb\",\"itemListElement\":[{\"@type\":\"ListItem\",\"position\":1,\"name\":\"Accueil\",\"item\":\"https:\\\/\\\/us-gc.net\\\/pt-br\\\/green-card\\\/\"},{\"@type\":\"ListItem\",\"position\":2,\"name\":\"Loteria do Green Card 2024\"}]},{\"@type\":\"WebSite\",\"@id\":\"https:\\\/\\\/us-gc.net\\\/pt-br\\\/#website\",\"url\":\"https:\\\/\\\/us-gc.net\\\/pt-br\\\/\",\"name\":\"USA GC\",\"description\":\"\",\"potentialAction\":[{\"@type\":\"SearchAction\",\"target\":{\"@type\":\"EntryPoint\",\"urlTemplate\":\"https:\\\/\\\/us-gc.net\\\/pt-br\\\/?s={search_term_string}\"},\"query-input\":{\"@type\":\"PropertyValueSpecification\",\"valueRequired\":true,\"valueName\":\"search_term_string\"}}],\"inLanguage\":\"pt-BR\"}]}<\/script>\n<!-- \/ Yoast SEO plugin. -->","yoast_head_json":{"title":"Loteria do Green Card 2024 - USA GC","description":"Participe do sorteio da loteria do Green Card em 2024. Todos os anos \u00e9 realizado um sorteio para a chance de ganhar um Green Card.","robots":{"index":"index","follow":"follow","max-snippet":"max-snippet:-1","max-image-preview":"max-image-preview:large","max-video-preview":"max-video-preview:-1"},"canonical":"https:\/\/us-gc.net\/pt-br\/green-card-loteria-2024\/","og_locale":"pt_BR","og_type":"article","og_title":"Loteria do Green Card 2024 - USA GC","og_description":"Participe do sorteio da loteria do Green Card em 2024. Todos os anos \u00e9 realizado um sorteio para a chance de ganhar um Green Card.","og_url":"https:\/\/us-gc.net\/pt-br\/green-card-loteria-2024\/","og_site_name":"USA GC","article_modified_time":"2025-03-31T10:08:01+00:00","twitter_card":"summary_large_image","twitter_misc":{"Est. tempo de leitura":"2 minutos"},"schema":{"@context":"https:\/\/schema.org","@graph":[{"@type":"WebPage","@id":"https:\/\/us-gc.net\/pt-br\/green-card-loteria-2024\/","url":"https:\/\/us-gc.net\/pt-br\/green-card-loteria-2024\/","name":"Loteria do Green Card 2024 - USA GC","isPartOf":{"@id":"https:\/\/us-gc.net\/pt-br\/#website"},"datePublished":"2024-01-31T15:56:24+00:00","dateModified":"2025-03-31T10:08:01+00:00","description":"Participe do sorteio da loteria do Green Card em 2024. Todos os anos \u00e9 realizado um sorteio para a chance de ganhar um Green Card.","breadcrumb":{"@id":"https:\/\/us-gc.net\/pt-br\/green-card-loteria-2024\/#breadcrumb"},"inLanguage":"pt-BR","potentialAction":[{"@type":"ReadAction","target":["https:\/\/us-gc.net\/pt-br\/green-card-loteria-2024\/"]}]},{"@type":"BreadcrumbList","@id":"https:\/\/us-gc.net\/pt-br\/green-card-loteria-2024\/#breadcrumb","itemListElement":[{"@type":"ListItem","position":1,"name":"Accueil","item":"https:\/\/us-gc.net\/pt-br\/green-card\/"},{"@type":"ListItem","position":2,"name":"Loteria do Green Card 2024"}]},{"@type":"WebSite","@id":"https:\/\/us-gc.net\/pt-br\/#website","url":"https:\/\/us-gc.net\/pt-br\/","name":"USA GC","description":"","potentialAction":[{"@type":"SearchAction","target":{"@type":"EntryPoint","urlTemplate":"https:\/\/us-gc.net\/pt-br\/?s={search_term_string}"},"query-input":{"@type":"PropertyValueSpecification","valueRequired":true,"valueName":"search_term_string"}}],"inLanguage":"pt-BR"}]}},"_links":{"self":[{"href":"https:\/\/us-gc.net\/pt-br\/wp-json\/wp\/v2\/pages\/1091","targetHints":{"allow":["GET"]}}],"collection":[{"href":"https:\/\/us-gc.net\/pt-br\/wp-json\/wp\/v2\/pages"}],"about":[{"href":"https:\/\/us-gc.net\/pt-br\/wp-json\/wp\/v2\/types\/page"}],"author":[{"embeddable":true,"href":"https:\/\/us-gc.net\/pt-br\/wp-json\/wp\/v2\/users\/1"}],"replies":[{"embeddable":true,"href":"https:\/\/us-gc.net\/pt-br\/wp-json\/wp\/v2\/comments?post=1091"}],"version-history":[{"count":3,"href":"https:\/\/us-gc.net\/pt-br\/wp-json\/wp\/v2\/pages\/1091\/revisions"}],"predecessor-version":[{"id":10107,"href":"https:\/\/us-gc.net\/pt-br\/wp-json\/wp\/v2\/pages\/1091\/revisions\/10107"}],"wp:attachment":[{"href":"https:\/\/us-gc.net\/pt-br\/wp-json\/wp\/v2\/media?parent=1091"}],"curies":[{"name":"wp","href":"https:\/\/api.w.org\/{rel}","templated":true}]}}