{"id":1005,"date":"2024-01-31T14:33:04","date_gmt":"2024-01-31T14:33:04","guid":{"rendered":"https:\/\/green-card-usa.net\/green-card-por-casamento\/"},"modified":"2024-12-30T09:39:39","modified_gmt":"2024-12-30T09:39:39","slug":"green-card-por-casamento","status":"publish","type":"page","link":"https:\/\/us-gc.net\/pt-br\/green-card-por-casamento\/","title":{"rendered":"Green Card obtido por meio de casamento"},"content":{"rendered":"\n<h1 class=\"wp-block-heading\" id=\"h-obtenir-une-green-card-par-mariage\">Obten\u00e7\u00e3o de um Green Card por casamento<\/h1>\n\n<p>O Green Card pode ser obtido com base no casamento com um cidad\u00e3o americano ou com um residente permanente legal (LPR). Portanto, o casamento permite que voc\u00ea se torne um residente permanente dos Estados Unidos. Aqui est\u00e3o as etapas e condi\u00e7\u00f5es essenciais para aproveitar o esquema.<\/p>\n\n<h2 class=\"wp-block-heading\" id=\"h-eligibilite-a-la-green-card-par-mariage\">Elegibilidade para um Green Card por casamento<\/h2>\n\n<p>Para se qualificar para um Green Card por casamento, voc\u00ea deve ser casado com um cidad\u00e3o americano ou um LPR. O casamento deve ser legal e baseado em um relacionamento genu\u00edno. A ambi\u00e7\u00e3o de se tornar um residente permanente americano n\u00e3o deve ser o principal motivo do casamento.<\/p>\n\n<h2 class=\"wp-block-heading\" id=\"h-conditions-et-preuves-requises\">Condi\u00e7\u00f5es e evid\u00eancias necess\u00e1rias<\/h2>\n\n<p>Os casais devem fornecer provas substanciais de seu casamento leg\u00edtimo. Por exemplo, o casal pode fornecer extratos banc\u00e1rios conjuntos, alugu\u00e9is ou hipotecas conjuntas, fotos de casamento e eventos familiares. Qualquer outro documento que ateste o relacionamento entre eles pode ser relevante e deve ser anexado \u00e0 solicita\u00e7\u00e3o.<\/p>\n\n<p>Se voc\u00ea n\u00e3o atender \u00e0s condi\u00e7\u00f5es, ainda poder\u00e1 obter um <a href=\"https:\/\/us-gc.net\/pt-br\/green-card-loteria\/\">Green Card por meio de sorteio<\/a>. <strong>Para participar do sorteio anual<\/strong>, basta preencher o <a href=\"https:\/\/us-gc.net\/pt-br\/green-card-loteria-formulario\/\">formul\u00e1rio on-line<\/a>.<\/p>\n\n<div style=\"height:10px\" aria-hidden=\"true\" class=\"wp-block-spacer\"><\/div>\n\n<h2 class=\"wp-block-heading\" id=\"h-processus-de-demande\">Processo de inscri\u00e7\u00e3o<\/h2>\n\n<p>H\u00e1 v\u00e1rios est\u00e1gios na solicita\u00e7\u00e3o de um <a href=\"https:\/\/us-gc.net\/pt-br\/\">Green Card<\/a> relacionado a um casamento.<\/p>\n\n<ol class=\"wp-block-list\">\n<li><strong>Envio da peti\u00e7\u00e3o<\/strong>: O parceiro cidad\u00e3o ou RPL deve primeiro enviar o <a href=\"https:\/\/www.uscis.gov\/i-130\">formul\u00e1rio I-130<\/a>. Trata-se de uma peti\u00e7\u00e3o para um pai estrangeiro a ser apresentada ao Servi\u00e7o de Cidadania e Imigra\u00e7\u00e3o dos Estados Unidos (USCIS).<\/li>\n\n\n\n<li><strong>Ajuste de status ou processo consular<\/strong>: Se o c\u00f4njuge n\u00e3o cidad\u00e3o j\u00e1 estiver nos Estados Unidos, ele poder\u00e1 solicitar um ajuste de status usando o <a href=\"https:\/\/www.uscis.gov\/i-485\">formul\u00e1rio I-485<\/a>. Se o c\u00f4njuge estiver fora dos Estados Unidos, ele dever\u00e1 passar pelo consulado de seu pa\u00eds de origem.<\/li>\n\n\n\n<li><strong>Entrevista e aprova\u00e7\u00e3o<\/strong>: Ambos os parceiros ser\u00e3o convidados para uma <a href=\"https:\/\/us-gc.net\/pt-br\/green-card-entrevista\/\">entrevista de Green Card<\/a> para verificar a autenticidade do casamento. Se a solicita\u00e7\u00e3o for aprovada, o c\u00f4njuge n\u00e3o-cidad\u00e3o receber\u00e1 um Green Card.<\/li>\n<\/ol>\n\n<h2 class=\"wp-block-heading\" id=\"h-green-card-conditionnelle\">Green Card condicional<\/h2>\n\n<p>Se o casamento tiver menos de dois anos no momento da aprova\u00e7\u00e3o, o c\u00f4njuge n\u00e3o-cidad\u00e3o receber\u00e1 um Green Card condicional v\u00e1lido por dois anos. Antes de expirar, o casal ter\u00e1 de enviar o <a href=\"https:\/\/www.uscis.gov\/sites\/default\/files\/document\/forms\/i-751.pdf\">formul\u00e1rio I-751<\/a> para solicitar a remo\u00e7\u00e3o das condi\u00e7\u00f5es e obter um Green Card permanente.<\/p>\n\n<h2 class=\"wp-block-heading\" id=\"h-conseils-pour-une-reussir-la-demande-de-green-card\">Dicas para um pedido de Green Card bem-sucedido<\/h2>\n\n<p>O Green Card d\u00e1 ao seu titular o direito de resid\u00eancia permanente nos Estados Unidos. O procedimento para obter um Green Card por meio de casamento \u00e9 particularmente minucioso e o sucesso n\u00e3o \u00e9 garantido. Aqui est\u00e3o algumas dicas para maximizar suas chances de sucesso:<\/p>\n\n<ul class=\"wp-block-list\">\n<li><strong>Documente minuciosamente o seu relacionamento<\/strong>: mantenha um registro dos documentos e fotos que comprovem a continuidade e a autenticidade do seu relacionamento.<\/li>\n\n\n\n<li><strong>Prepare-se para a entrevista<\/strong>: Esteja preparado para responder a perguntas sobre seu relacionamento e casamento de forma aberta e honesta.<\/li>\n\n\n\n<li><strong>Respeite os prazos<\/strong>: Certifique-se de enviar todas as solicita\u00e7\u00f5es e documentos necess\u00e1rios dentro dos prazos exigidos.<\/li>\n<\/ul>\n\n<p><\/p>\n","protected":false},"excerpt":{"rendered":"<p>Obten\u00e7\u00e3o de um Green Card por casamento O Green Card pode ser obtido com base no casamento com um cidad\u00e3o americano ou com um residente permanente legal (LPR). Portanto, o casamento permite que voc\u00ea se torne um residente permanente dos Estados Unidos. Aqui est\u00e3o as etapas e condi\u00e7\u00f5es essenciais para aproveitar o esquema. Elegibilidade para [&hellip;]<\/p>\n","protected":false},"author":1,"featured_media":0,"parent":0,"menu_order":0,"comment_status":"closed","ping_status":"closed","template":"","meta":{"footnotes":""},"class_list":["post-1005","page","type-page","status-publish","hentry"],"yoast_head":"<!-- This site is optimized with the Yoast SEO plugin v27.2 - https:\/\/yoast.com\/product\/yoast-seo-wordpress\/ -->\n<title>Green Card obtido por meio de casamento - USA GC<\/title>\n<meta name=\"description\" content=\"Obter um Green Card casando-se com um cidad\u00e3o americano ou portador de um Green Card americano\" \/>\n<meta name=\"robots\" content=\"index, follow, max-snippet:-1, max-image-preview:large, max-video-preview:-1\" \/>\n<link rel=\"canonical\" href=\"https:\/\/us-gc.net\/pt-br\/green-card-por-casamento\/\" \/>\n<meta property=\"og:locale\" content=\"pt_BR\" \/>\n<meta property=\"og:type\" content=\"article\" \/>\n<meta property=\"og:title\" content=\"Green Card obtido por meio de casamento - USA GC\" \/>\n<meta property=\"og:description\" content=\"Obter um Green Card casando-se com um cidad\u00e3o americano ou portador de um Green Card americano\" \/>\n<meta property=\"og:url\" content=\"https:\/\/us-gc.net\/pt-br\/green-card-por-casamento\/\" \/>\n<meta property=\"og:site_name\" content=\"USA GC\" \/>\n<meta property=\"article:modified_time\" content=\"2024-12-30T09:39:39+00:00\" \/>\n<meta name=\"twitter:card\" content=\"summary_large_image\" \/>\n<meta name=\"twitter:label1\" content=\"Est. tempo de leitura\" \/>\n\t<meta name=\"twitter:data1\" content=\"3 minutos\" \/>\n<script type=\"application\/ld+json\" class=\"yoast-schema-graph\">{\"@context\":\"https:\/\/schema.org\",\"@graph\":[{\"@type\":\"WebPage\",\"@id\":\"https:\/\/us-gc.net\/pt-br\/green-card-por-casamento\/\",\"url\":\"https:\/\/us-gc.net\/pt-br\/green-card-por-casamento\/\",\"name\":\"Green Card obtido por meio de casamento - USA GC\",\"isPartOf\":{\"@id\":\"https:\/\/us-gc.net\/pt-br\/#website\"},\"datePublished\":\"2024-01-31T14:33:04+00:00\",\"dateModified\":\"2024-12-30T09:39:39+00:00\",\"description\":\"Obter um Green Card casando-se com um cidad\u00e3o americano ou portador de um Green Card americano\",\"breadcrumb\":{\"@id\":\"https:\/\/us-gc.net\/pt-br\/green-card-por-casamento\/#breadcrumb\"},\"inLanguage\":\"pt-BR\",\"potentialAction\":[{\"@type\":\"ReadAction\",\"target\":[\"https:\/\/us-gc.net\/pt-br\/green-card-por-casamento\/\"]}]},{\"@type\":\"BreadcrumbList\",\"@id\":\"https:\/\/us-gc.net\/pt-br\/green-card-por-casamento\/#breadcrumb\",\"itemListElement\":[{\"@type\":\"ListItem\",\"position\":1,\"name\":\"Accueil\",\"item\":\"https:\/\/us-gc.net\/pt-br\/green-card\/\"},{\"@type\":\"ListItem\",\"position\":2,\"name\":\"Green Card obtido por meio de casamento\"}]},{\"@type\":\"WebSite\",\"@id\":\"https:\/\/us-gc.net\/pt-br\/#website\",\"url\":\"https:\/\/us-gc.net\/pt-br\/\",\"name\":\"USA GC\",\"description\":\"\",\"potentialAction\":[{\"@type\":\"SearchAction\",\"target\":{\"@type\":\"EntryPoint\",\"urlTemplate\":\"https:\/\/us-gc.net\/pt-br\/?s={search_term_string}\"},\"query-input\":{\"@type\":\"PropertyValueSpecification\",\"valueRequired\":true,\"valueName\":\"search_term_string\"}}],\"inLanguage\":\"pt-BR\"}]}<\/script>\n<!-- \/ Yoast SEO plugin. -->","yoast_head_json":{"title":"Green Card obtido por meio de casamento - USA GC","description":"Obter um Green Card casando-se com um cidad\u00e3o americano ou portador de um Green Card americano","robots":{"index":"index","follow":"follow","max-snippet":"max-snippet:-1","max-image-preview":"max-image-preview:large","max-video-preview":"max-video-preview:-1"},"canonical":"https:\/\/us-gc.net\/pt-br\/green-card-por-casamento\/","og_locale":"pt_BR","og_type":"article","og_title":"Green Card obtido por meio de casamento - USA GC","og_description":"Obter um Green Card casando-se com um cidad\u00e3o americano ou portador de um Green Card americano","og_url":"https:\/\/us-gc.net\/pt-br\/green-card-por-casamento\/","og_site_name":"USA GC","article_modified_time":"2024-12-30T09:39:39+00:00","twitter_card":"summary_large_image","twitter_misc":{"Est. tempo de leitura":"3 minutos"},"schema":{"@context":"https:\/\/schema.org","@graph":[{"@type":"WebPage","@id":"https:\/\/us-gc.net\/pt-br\/green-card-por-casamento\/","url":"https:\/\/us-gc.net\/pt-br\/green-card-por-casamento\/","name":"Green Card obtido por meio de casamento - USA GC","isPartOf":{"@id":"https:\/\/us-gc.net\/pt-br\/#website"},"datePublished":"2024-01-31T14:33:04+00:00","dateModified":"2024-12-30T09:39:39+00:00","description":"Obter um Green Card casando-se com um cidad\u00e3o americano ou portador de um Green Card americano","breadcrumb":{"@id":"https:\/\/us-gc.net\/pt-br\/green-card-por-casamento\/#breadcrumb"},"inLanguage":"pt-BR","potentialAction":[{"@type":"ReadAction","target":["https:\/\/us-gc.net\/pt-br\/green-card-por-casamento\/"]}]},{"@type":"BreadcrumbList","@id":"https:\/\/us-gc.net\/pt-br\/green-card-por-casamento\/#breadcrumb","itemListElement":[{"@type":"ListItem","position":1,"name":"Accueil","item":"https:\/\/us-gc.net\/pt-br\/green-card\/"},{"@type":"ListItem","position":2,"name":"Green Card obtido por meio de casamento"}]},{"@type":"WebSite","@id":"https:\/\/us-gc.net\/pt-br\/#website","url":"https:\/\/us-gc.net\/pt-br\/","name":"USA GC","description":"","potentialAction":[{"@type":"SearchAction","target":{"@type":"EntryPoint","urlTemplate":"https:\/\/us-gc.net\/pt-br\/?s={search_term_string}"},"query-input":{"@type":"PropertyValueSpecification","valueRequired":true,"valueName":"search_term_string"}}],"inLanguage":"pt-BR"}]}},"_links":{"self":[{"href":"https:\/\/us-gc.net\/pt-br\/wp-json\/wp\/v2\/pages\/1005","targetHints":{"allow":["GET"]}}],"collection":[{"href":"https:\/\/us-gc.net\/pt-br\/wp-json\/wp\/v2\/pages"}],"about":[{"href":"https:\/\/us-gc.net\/pt-br\/wp-json\/wp\/v2\/types\/page"}],"author":[{"embeddable":true,"href":"https:\/\/us-gc.net\/pt-br\/wp-json\/wp\/v2\/users\/1"}],"replies":[{"embeddable":true,"href":"https:\/\/us-gc.net\/pt-br\/wp-json\/wp\/v2\/comments?post=1005"}],"version-history":[{"count":1,"href":"https:\/\/us-gc.net\/pt-br\/wp-json\/wp\/v2\/pages\/1005\/revisions"}],"predecessor-version":[{"id":7663,"href":"https:\/\/us-gc.net\/pt-br\/wp-json\/wp\/v2\/pages\/1005\/revisions\/7663"}],"wp:attachment":[{"href":"https:\/\/us-gc.net\/pt-br\/wp-json\/wp\/v2\/media?parent=1005"}],"curies":[{"name":"wp","href":"https:\/\/api.w.org\/{rel}","templated":true}]}}