{"id":901,"date":"2024-01-31T07:57:06","date_gmt":"2024-01-31T07:57:06","guid":{"rendered":"https:\/\/green-card-usa.net\/loteria-green-card\/"},"modified":"2025-02-21T09:14:14","modified_gmt":"2025-02-21T09:14:14","slug":"loteria-green-card","status":"publish","type":"page","link":"https:\/\/us-gc.net\/pl\/loteria-green-card\/","title":{"rendered":"Ameryka\u0144ska loteria Green Card"},"content":{"rendered":"\n<h1 class=\"wp-block-heading\" id=\"h-loterie-americaine-pour-obtenir-une-green-card\">Ameryka\u0144ska loteria w celu uzyskania Green Card<\/h1>\n\n<p>Ka\u017cdego roku ponad 50 000 os\u00f3b na ca\u0142ym \u015bwiecie otrzymuje Zielon\u0105 Kart\u0119 dzi\u0119ki ameryka\u0144skiej loterii. Aby wygra\u0107 prawo do Zielonej Karty, wnioskodawcy bior\u0105 udzia\u0142 w losowym losowaniu komputerowym, kt\u00f3re odbywa si\u0119 raz w roku.<\/p>\n\n<p><strong>We\u017a udzia\u0142 w tej corocznej loterii, rejestruj\u0105c si\u0119 online<\/strong> w ci\u0105gu zaledwie kilku minut, klikaj\u0105c <a href=\"https:\/\/us-gc.net\/pl\/green-card-loterii-formularz\/\">formularz online<\/a>.  <\/p>\n\n<div style=\"height:10px\" aria-hidden=\"true\" class=\"wp-block-spacer\"><\/div>\n\n<h2 class=\"wp-block-heading\" id=\"h-qu-est-ce-que-la-loterie-de-la-green-card\">Czym jest loteria Green Card?<\/h2>\n\n<p>Stany Zjednoczone ustanowi\u0142y program zarz\u0105dzania r\u00f3\u017cnorodno\u015bci\u0105 imigracji zagranicznej. Proces ten nazywany jest Programem Wiz R\u00f3\u017cnorodno\u015bci. Obejmuje on coroczne losowanie w\u015br\u00f3d os\u00f3b ubiegaj\u0105cych si\u0119 o imigracj\u0119 do USA. Zwyci\u0119zcy s\u0105 uprawnieni do ubiegania si\u0119 o <a href=\"https:\/\/us-gc.net\/pl\/green-card\/\">Green Card<\/a> w ramach Programu Wizowego R\u00f3\u017cnorodno\u015bci.<\/p>\n\n<h2 class=\"wp-block-heading\" id=\"h-quand-se-deroule-la-loterie-de-la-green-card\">Kiedy odbywa si\u0119 loteria Green Card?<\/h2>\n\n<p>Zg\u0142oszenia do losowania Green Card s\u0105 dokonywane w okresie wyznaczonym przez administracj\u0119 USA. Ta faza rejestracji odbywa si\u0119 w nast\u0119puj\u0105cy spos\u00f3b:<\/p>\n\n<ul class=\"wp-block-list\">\n<li>Okres rejestracji rozpoczyna si\u0119 w pierwszym tygodniu pa\u017adziernika;<\/li>\n\n\n\n<li>Rejestracja ko\u0144czy si\u0119 w pierwszym tygodniu listopada.<\/li>\n<\/ul>\n\n<div style=\"height:10px\" aria-hidden=\"true\" class=\"wp-block-spacer\"><\/div>\n\n<p>Ostateczne losowanie odbywa si\u0119 w listopadzie ka\u017cdego roku.<\/p>\n\n<h2 class=\"wp-block-heading\" id=\"h-comment-s-inscrire-a-la-loterie\">Jak wzi\u0105\u0107 udzia\u0142 w loterii?<\/h2>\n\n<p>Rejestracja odbywa si\u0119 wy\u0142\u0105cznie online. Istniej\u0105 dwa g\u0142\u00f3wne etapy rejestracji:<\/p>\n\n<ul class=\"wp-block-list\">\n<li>Kandydaci musz\u0105 sprawdzi\u0107, czy kwalifikuj\u0105 si\u0119 do udzia\u0142u w loterii Diversity Visa Program.<\/li>\n\n\n\n<li>Kandydaci musz\u0105 wype\u0142ni\u0107 formularz online, aby zarejestrowa\u0107 si\u0119 w loterii.<\/li>\n<\/ul>\n\n<h3 class=\"wp-block-heading\" id=\"h-verifier-son-eligibilite-pour-participer-a-la-loterie\">Sprawd\u017a, czy kwalifikujesz si\u0119 do udzia\u0142u w loterii<\/h3>\n\n<p><strong>Pierwszy warunek kwalifikowalno\u015bci<\/strong>: pierwszym warunkiem wzi\u0119cia udzia\u0142u w loterii Green Card jest to, \u017ce nie mo\u017cesz by\u0107 obywatelem kraju, kt\u00f3ry nie jest uprawniony do udzia\u0142u.<\/p>\n\n<p>Stany Zjednoczone chc\u0105 utrzyma\u0107 mieszan\u0105 populacj\u0119 imigrant\u00f3w. Ka\u017cdego roku rz\u0105d USA decyduje, kt\u00f3re <a href=\"https:\/\/us-gc.net\/pl\/loterii-green-card-w-krajach-nieuczestniczacych\/\">kraje nie mog\u0105 bra\u0107 udzia\u0142u w loterii Green Card<\/a>. Wyb\u00f3r kraj\u00f3w nieuczestnicz\u0105cych opiera si\u0119 na nast\u0119puj\u0105cej zasadzie: Obywatele kraj\u00f3w, z kt\u00f3rych ponad 50 000 obywateli wyemigrowa\u0142o do Stan\u00f3w Zjednoczonych w ci\u0105gu ostatnich pi\u0119ciu lat, nie mog\u0105 bra\u0107 udzia\u0142u w tegorocznym losowaniu.<\/p>\n\n<p><strong>Drugi warunek kwalifikacyjny <\/strong>: Kandydat musi posiada\u0107 matur\u0119 lub zajmowa\u0107 stanowisko przez co najmniej 2 lata w ci\u0105gu ostatnich 5 lat, wymagaj\u0105ce poziomu wykszta\u0142cenia lub do\u015bwiadczenia wynosz\u0105cego co najmniej 2 lata.<\/p>\n\n<h3 class=\"wp-block-heading\" id=\"h-s-inscrire-en-ligne-a-la-loterie\">Zarejestruj si\u0119 w loterii online<\/h3>\n\n<p>Mo\u017cesz zarejestrowa\u0107 si\u0119 w <a href=\"https:\/\/us-gc.net\/pl\/amerykanskiej-loterii-zielonej-karty\/\">loteriiGreen Card<\/a> online w zaledwie kilka minut, wype\u0142niaj\u0105c <a href=\"https:\/\/us-gc.net\/pl\/green-card-loterii-formularz\/\">formularz online<\/a>. <\/p>\n\n<h2 class=\"wp-block-heading\" id=\"h-comment-connaitre-les-resultats-de-la-loterie-de-la-green-card\">Jak mog\u0119 pozna\u0107 wyniki loterii Green Card?<\/h2>\n\n<p><a href=\"https:\/\/us-gc.net\/pl\/wyniki-loterii-green-card\/\">Wyniki losowania Green Card<\/a> s\u0105 publikowane co roku co najmniej 6 miesi\u0119cy po listopadowym losowaniu. Wyniki losowania s\u0105 publikowane online od maja nast\u0119pnego roku.<\/p>\n\n<p>Departament Stanu USA, kt\u00f3ry zarz\u0105dza Programem Wiz R\u00f3\u017cnorodno\u015bci, publikuje statystyki online dotycz\u0105ce wnioskodawc\u00f3w, kt\u00f3rzy co roku bior\u0105 udzia\u0142 w loterii.  <\/p>\n\n<h2 class=\"wp-block-heading\" id=\"h-est-ce-qu-il-y-a-des-quotas-par-pays-pour-la-loterie\">Czy w loterii obowi\u0105zuj\u0105 limity dla poszczeg\u00f3lnych kraj\u00f3w?<\/h2>\n\n<p>Podczas rejestracji w loterii Zielonej Karty nie obowi\u0105zuj\u0105 limity dla poszczeg\u00f3lnych kraj\u00f3w. Z drugiej strony, Program Wizowy R\u00f3\u017cnorodno\u015bci okre\u015bla kwoty dla poszczeg\u00f3lnych kraj\u00f3w w odniesieniu do ostatecznego przydzia\u0142u wiz wynikaj\u0105cych z programu r\u00f3\u017cnorodno\u015bci: <strong>obywatele z \u017cadnego kraju nie mog\u0105 stanowi\u0107 wi\u0119cej ni\u017c 7% ca\u0142kowitej liczby laureat\u00f3w<\/strong>.<\/p>\n\n<p><strong>Przyk\u0142ad na rok 2023<\/strong>: W przypadku \u0142\u0105cznej liczby 55 000 Zielonych Kart wydanych w 2023 r., \u017caden kraj nie mo\u017ce posiada\u0107 wi\u0119cej ni\u017c 7% z nich, tj. maksymalnie 3 850 Zielonych Kart.<\/p>\n\n<h2 class=\"wp-block-heading\" id=\"h-synthese-des-candidats-ayant-participes-a-la-loterie-de-2019-a-2021\">Podsumowanie kandydat\u00f3w, kt\u00f3rzy wzi\u0119li udzia\u0142 w loterii w latach 2019-2021<\/h2>\n\n<p>Najnowsze dane opublikowane przez Departament Stanu USA dotycz\u0105ce liczby wniosk\u00f3w online o udzia\u0142 w loterii Zielonej Karty dotycz\u0105 2021 roku. Oto podsumowanie uczestnictwa w latach 2019-2021 w podziale na obszary geograficzne:  <\/p>\n\n<figure class=\"wp-block-table\"><table><tbody><tr><td><strong>Strefy geograficzne <\/strong><\/td><td class=\"has-text-align-center\" data-align=\"center\"><strong>2019<\/strong><\/td><td class=\"has-text-align-center\" data-align=\"center\"><strong>2020<\/strong><\/td><td class=\"has-text-align-center\" data-align=\"center\"><strong>2021<\/strong><\/td><\/tr><tr><td><a href=\"https:\/\/us-gc.net\/pl\/loteria-green-card-kraje-afryka\/\">Kraje afryka\u0144skie<\/a><\/td><td class=\"has-text-align-center\" data-align=\"center\">7 832 894<\/td><td class=\"has-text-align-center\" data-align=\"center\">8 145 390<\/td><td class=\"has-text-align-center\" data-align=\"center\">3 100 982<\/td><\/tr><tr><td><a href=\"https:\/\/us-gc.net\/pl\/loteria-green-card-kraj-azja\/\">Kraje azjatyckie<\/a><\/td><td class=\"has-text-align-center\" data-align=\"center\">1 871 824<\/td><td class=\"has-text-align-center\" data-align=\"center\">1 952 489<\/td><td class=\"has-text-align-center\" data-align=\"center\">1 281 046<\/td><\/tr><tr><td><a href=\"https:\/\/us-gc.net\/pl\/loteria-green-card-europa\/\">Kraje w Europie<\/a><\/td><td class=\"has-text-align-center\" data-align=\"center\">4 349 555<\/td><td class=\"has-text-align-center\" data-align=\"center\">4 072 324<\/td><td class=\"has-text-align-center\" data-align=\"center\">2 014 089<\/td><\/tr><tr><td>Kraje Ameryki P\u00f3\u0142nocnej (Bahamy)<\/td><td class=\"has-text-align-center\" data-align=\"center\">1 506<\/td><td class=\"has-text-align-center\" data-align=\"center\">1 445<\/td><td class=\"has-text-align-center\" data-align=\"center\">937<\/td><\/tr><tr><td>Oceania<\/td><td class=\"has-text-align-center\" data-align=\"center\">23 201<\/td><td class=\"has-text-align-center\" data-align=\"center\">22 722<\/td><td class=\"has-text-align-center\" data-align=\"center\">16 672<\/td><\/tr><tr><td>Kraje Ameryki \u015arodkowej i Po\u0142udniowej<\/td><td class=\"has-text-align-center\" data-align=\"center\">273 033<\/td><td class=\"has-text-align-center\" data-align=\"center\">528 428<\/td><td class=\"has-text-align-center\" data-align=\"center\">327 402<\/td><\/tr><tr><td><strong>Ca\u0142kowita liczba zg\u0142osze\u0144<\/strong><\/td><td class=\"has-text-align-center\" data-align=\"center\"><strong>14 352 013<\/strong><\/td><td class=\"has-text-align-center\" data-align=\"center\"><strong>14 722 798<\/strong><\/td><td class=\"has-text-align-center\" data-align=\"center\"><strong>6 741 128<\/strong><\/td><\/tr><\/tbody><\/table><\/figure>\n\n<p>Statystyki te zosta\u0142y opracowane na podstawie publicznych danych opublikowanych przez Departament Stanu na stronie <a href=\"https:\/\/travel.state.gov\/content\/travel\/en\/us-visas\/immigrate\/diversity-visa-program-entry\/diversity-visa-program-statistics.html\">travel.state.gov<\/a>.<\/p>\n\n<h2 class=\"wp-block-heading\" id=\"h-qu-est-ce-qu-il-se-passe-apres-la-loterie-de-la-green-card\">Co dzieje si\u0119 po loterii Green Card?<\/h2>\n\n<p>Zwyci\u0119zcy loterii musz\u0105 wykona\u0107 szereg krok\u00f3w po wygranej. Kolejne kroki procedury to :<\/p>\n\n<ul class=\"wp-block-list\">\n<li>Wype\u0142ni\u0107 <a href=\"https:\/\/travel.state.gov\/content\/travel\/en\/us-visas\/visa-information-resources\/forms\/online-immigrant-visa-forms\/ds-260-faqs.html\">formularz DS-260<\/a> wniosku wizowego.<\/li>\n\n\n\n<li>Uiszczenie <a href=\"https:\/\/us-gc.net\/pl\/cena-green-card\/\">op\u0142at wymaganych do uzyskania Green Card<\/a> w ramach tego obowi\u0105zkowego wniosku wizowego;<\/li>\n\n\n\n<li><a href=\"https:\/\/us-gc.net\/pl\/green-card-rozmowa\/\">Rozmowa kwalifikacyjna w sprawie Green Card<\/a> z urz\u0119dnikiem USCIS Diversity Visa Program;<\/li>\n\n\n\n<li>Przeprowadzi\u0107 badanie lekarskie.<\/li>\n<\/ul>\n\n<div style=\"height:10px\" aria-hidden=\"true\" class=\"wp-block-spacer\"><\/div>\n","protected":false},"excerpt":{"rendered":"<p>Ameryka\u0144ska loteria w celu uzyskania Green Card Ka\u017cdego roku ponad 50 000 os\u00f3b na ca\u0142ym \u015bwiecie otrzymuje Zielon\u0105 Kart\u0119 dzi\u0119ki ameryka\u0144skiej loterii. Aby wygra\u0107 prawo do Zielonej Karty, wnioskodawcy bior\u0105 udzia\u0142 w losowym losowaniu komputerowym, kt\u00f3re odbywa si\u0119 raz w roku. We\u017a udzia\u0142 w tej corocznej loterii, rejestruj\u0105c si\u0119 online w ci\u0105gu zaledwie kilku minut, [&hellip;]<\/p>\n","protected":false},"author":1,"featured_media":0,"parent":0,"menu_order":0,"comment_status":"closed","ping_status":"closed","template":"","meta":{"footnotes":""},"class_list":["post-901","page","type-page","status-publish","hentry"],"yoast_head":"<!-- This site is optimized with the Yoast SEO plugin v27.4 - https:\/\/yoast.com\/product\/yoast-seo-wordpress\/ -->\n<title>Ameryka\u0144ska loteria Green Card - USA GC<\/title>\n<meta name=\"description\" content=\"We\u017a udzia\u0142 w corocznej ameryka\u0144skiej loterii, aby uzyska\u0107 Green Card, podobnie jak 50 000 innych zwyci\u0119zc\u00f3w w losowaniu.\" \/>\n<meta name=\"robots\" content=\"index, follow, max-snippet:-1, max-image-preview:large, max-video-preview:-1\" \/>\n<link rel=\"canonical\" href=\"https:\/\/us-gc.net\/pl\/loteria-green-card\/\" \/>\n<meta property=\"og:locale\" content=\"pl_PL\" \/>\n<meta property=\"og:type\" content=\"article\" \/>\n<meta property=\"og:title\" content=\"Ameryka\u0144ska loteria Green Card - USA GC\" \/>\n<meta property=\"og:description\" content=\"We\u017a udzia\u0142 w corocznej ameryka\u0144skiej loterii, aby uzyska\u0107 Green Card, podobnie jak 50 000 innych zwyci\u0119zc\u00f3w w losowaniu.\" \/>\n<meta property=\"og:url\" content=\"https:\/\/us-gc.net\/pl\/loteria-green-card\/\" \/>\n<meta property=\"og:site_name\" content=\"USA GC\" \/>\n<meta property=\"article:modified_time\" content=\"2025-02-21T09:14:14+00:00\" \/>\n<meta name=\"twitter:card\" content=\"summary_large_image\" \/>\n<meta name=\"twitter:label1\" content=\"Szacowany czas czytania\" \/>\n\t<meta name=\"twitter:data1\" content=\"3 minuty\" \/>\n<script type=\"application\/ld+json\" class=\"yoast-schema-graph\">{\"@context\":\"https:\\\/\\\/schema.org\",\"@graph\":[{\"@type\":\"WebPage\",\"@id\":\"https:\\\/\\\/us-gc.net\\\/pl\\\/loteria-green-card\\\/\",\"url\":\"https:\\\/\\\/us-gc.net\\\/pl\\\/loteria-green-card\\\/\",\"name\":\"Ameryka\u0144ska loteria Green Card - USA GC\",\"isPartOf\":{\"@id\":\"https:\\\/\\\/us-gc.net\\\/pl\\\/#website\"},\"datePublished\":\"2024-01-31T07:57:06+00:00\",\"dateModified\":\"2025-02-21T09:14:14+00:00\",\"description\":\"We\u017a udzia\u0142 w corocznej ameryka\u0144skiej loterii, aby uzyska\u0107 Green Card, podobnie jak 50 000 innych zwyci\u0119zc\u00f3w w losowaniu.\",\"breadcrumb\":{\"@id\":\"https:\\\/\\\/us-gc.net\\\/pl\\\/loteria-green-card\\\/#breadcrumb\"},\"inLanguage\":\"pl-PL\",\"potentialAction\":[{\"@type\":\"ReadAction\",\"target\":[\"https:\\\/\\\/us-gc.net\\\/pl\\\/loteria-green-card\\\/\"]}]},{\"@type\":\"BreadcrumbList\",\"@id\":\"https:\\\/\\\/us-gc.net\\\/pl\\\/loteria-green-card\\\/#breadcrumb\",\"itemListElement\":[{\"@type\":\"ListItem\",\"position\":1,\"name\":\"Accueil\",\"item\":\"https:\\\/\\\/us-gc.net\\\/pl\\\/green-card\\\/\"},{\"@type\":\"ListItem\",\"position\":2,\"name\":\"Ameryka\u0144ska loteria Green Card\"}]},{\"@type\":\"WebSite\",\"@id\":\"https:\\\/\\\/us-gc.net\\\/pl\\\/#website\",\"url\":\"https:\\\/\\\/us-gc.net\\\/pl\\\/\",\"name\":\"USA GC\",\"description\":\"\",\"potentialAction\":[{\"@type\":\"SearchAction\",\"target\":{\"@type\":\"EntryPoint\",\"urlTemplate\":\"https:\\\/\\\/us-gc.net\\\/pl\\\/?s={search_term_string}\"},\"query-input\":{\"@type\":\"PropertyValueSpecification\",\"valueRequired\":true,\"valueName\":\"search_term_string\"}}],\"inLanguage\":\"pl-PL\"}]}<\/script>\n<!-- \/ Yoast SEO plugin. -->","yoast_head_json":{"title":"Ameryka\u0144ska loteria Green Card - USA GC","description":"We\u017a udzia\u0142 w corocznej ameryka\u0144skiej loterii, aby uzyska\u0107 Green Card, podobnie jak 50 000 innych zwyci\u0119zc\u00f3w w losowaniu.","robots":{"index":"index","follow":"follow","max-snippet":"max-snippet:-1","max-image-preview":"max-image-preview:large","max-video-preview":"max-video-preview:-1"},"canonical":"https:\/\/us-gc.net\/pl\/loteria-green-card\/","og_locale":"pl_PL","og_type":"article","og_title":"Ameryka\u0144ska loteria Green Card - USA GC","og_description":"We\u017a udzia\u0142 w corocznej ameryka\u0144skiej loterii, aby uzyska\u0107 Green Card, podobnie jak 50 000 innych zwyci\u0119zc\u00f3w w losowaniu.","og_url":"https:\/\/us-gc.net\/pl\/loteria-green-card\/","og_site_name":"USA GC","article_modified_time":"2025-02-21T09:14:14+00:00","twitter_card":"summary_large_image","twitter_misc":{"Szacowany czas czytania":"3 minuty"},"schema":{"@context":"https:\/\/schema.org","@graph":[{"@type":"WebPage","@id":"https:\/\/us-gc.net\/pl\/loteria-green-card\/","url":"https:\/\/us-gc.net\/pl\/loteria-green-card\/","name":"Ameryka\u0144ska loteria Green Card - USA GC","isPartOf":{"@id":"https:\/\/us-gc.net\/pl\/#website"},"datePublished":"2024-01-31T07:57:06+00:00","dateModified":"2025-02-21T09:14:14+00:00","description":"We\u017a udzia\u0142 w corocznej ameryka\u0144skiej loterii, aby uzyska\u0107 Green Card, podobnie jak 50 000 innych zwyci\u0119zc\u00f3w w losowaniu.","breadcrumb":{"@id":"https:\/\/us-gc.net\/pl\/loteria-green-card\/#breadcrumb"},"inLanguage":"pl-PL","potentialAction":[{"@type":"ReadAction","target":["https:\/\/us-gc.net\/pl\/loteria-green-card\/"]}]},{"@type":"BreadcrumbList","@id":"https:\/\/us-gc.net\/pl\/loteria-green-card\/#breadcrumb","itemListElement":[{"@type":"ListItem","position":1,"name":"Accueil","item":"https:\/\/us-gc.net\/pl\/green-card\/"},{"@type":"ListItem","position":2,"name":"Ameryka\u0144ska loteria Green Card"}]},{"@type":"WebSite","@id":"https:\/\/us-gc.net\/pl\/#website","url":"https:\/\/us-gc.net\/pl\/","name":"USA GC","description":"","potentialAction":[{"@type":"SearchAction","target":{"@type":"EntryPoint","urlTemplate":"https:\/\/us-gc.net\/pl\/?s={search_term_string}"},"query-input":{"@type":"PropertyValueSpecification","valueRequired":true,"valueName":"search_term_string"}}],"inLanguage":"pl-PL"}]}},"_links":{"self":[{"href":"https:\/\/us-gc.net\/pl\/wp-json\/wp\/v2\/pages\/901","targetHints":{"allow":["GET"]}}],"collection":[{"href":"https:\/\/us-gc.net\/pl\/wp-json\/wp\/v2\/pages"}],"about":[{"href":"https:\/\/us-gc.net\/pl\/wp-json\/wp\/v2\/types\/page"}],"author":[{"embeddable":true,"href":"https:\/\/us-gc.net\/pl\/wp-json\/wp\/v2\/users\/1"}],"replies":[{"embeddable":true,"href":"https:\/\/us-gc.net\/pl\/wp-json\/wp\/v2\/comments?post=901"}],"version-history":[{"count":2,"href":"https:\/\/us-gc.net\/pl\/wp-json\/wp\/v2\/pages\/901\/revisions"}],"predecessor-version":[{"id":9778,"href":"https:\/\/us-gc.net\/pl\/wp-json\/wp\/v2\/pages\/901\/revisions\/9778"}],"wp:attachment":[{"href":"https:\/\/us-gc.net\/pl\/wp-json\/wp\/v2\/media?parent=901"}],"curies":[{"name":"wp","href":"https:\/\/api.w.org\/{rel}","templated":true}]}}