{"id":767,"date":"2024-02-02T15:07:30","date_gmt":"2024-02-02T15:07:30","guid":{"rendered":"https:\/\/green-card-usa.net\/wyniki-loterii-green-card\/"},"modified":"2024-12-30T09:47:01","modified_gmt":"2024-12-30T09:47:01","slug":"wyniki-loterii-green-card","status":"publish","type":"page","link":"https:\/\/us-gc.net\/pl\/wyniki-loterii-green-card\/","title":{"rendered":"Wyniki loterii zielonej karty"},"content":{"rendered":"\n<h1 class=\"wp-block-heading\" id=\"h-les-resultats-du-tirage-au-sort-de-la-loterie-de-la-green-card\">Wyniki losowania loterii Zielonej Karty<\/h1>\n\n<p>Wyniki ameryka\u0144skiej loterii Zielonej Karty s\u0105 publikowane ka\u017cdego roku w ramach <a href=\"https:\/\/us-gc.net\/pl\/diversity-visa-program\/\">Programu Wiz R\u00f3\u017cnorodno\u015bci<\/a>. Wszyscy ubiegaj\u0105cy si\u0119 o <a href=\"https:\/\/us-gc.net\/pl\/amerykanskiej-loterii-zielonej-karty\/\">loterii Zielona Karta<\/a> mog\u0105 uzyska\u0107 swoje osobiste wyniki online.<\/p>\n\n<h2 class=\"wp-block-heading\" id=\"h-quand-a-lieu-le-tirage-de-la-loterie-de-la-green-card\">Kiedy odbywa si\u0119 losowanie Zielonej Karty?<\/h2>\n\n<p>Losowanie odbywa si\u0119 w listopadzie ka\u017cdego roku. Dok\u0142adne daty otwarcia i zamkni\u0119cia rejestracji s\u0105 publikowane na kilka miesi\u0119cy przed ka\u017cdym rokiem.<\/p>\n\n<h2 class=\"wp-block-heading\" id=\"h-quand-est-ce-que-les-resultats-sont-publies\">Kiedy publikowane s\u0105 wyniki?<\/h2>\n\n<p>Wyniki <a href=\"https:\/\/us-gc.net\/pl\/loteria-green-card\/\">loterii Green Card<\/a> s\u0105 dost\u0119pne oko\u0142o 6 miesi\u0119cy po zamkni\u0119ciu zg\u0142osze\u0144. W zwi\u0105zku z tym s\u0105 one publikowane co roku oko\u0142o maja. Wyniki losowania Diversity Visa 2025, kt\u00f3re odby\u0142o si\u0119 w listopadzie 2023 r., zosta\u0142y opublikowane online 4 maja 2024 r. na stronie <a href=\"https:\/\/dvprogram.state.gov\/ESC\/CheckStatus.aspx\">dvprogram.state.<\/a>gov.<\/p>\n\n<h2 class=\"wp-block-heading\" id=\"h-resultats-de-la-loterie-de-2018-a-2022\">Wyniki loterii od 2018 do 2022 roku<\/h2>\n\n<p>Opieraj\u0105c si\u0119 na statystykach publikowanych co roku przez Departament Stanu, oto wyniki loterii za ostatnie 5 lat, dla kt\u00f3rych wyniki s\u0105 publiczne:<\/p>\n\n<figure class=\"wp-block-table\"><table><tbody><tr><td><strong>Strefy geograficzne <\/strong><\/td><td class=\"has-text-align-center\" data-align=\"center\"><strong>2018<\/strong><\/td><td class=\"has-text-align-center\" data-align=\"center\"><strong>2019<\/strong><\/td><td class=\"has-text-align-center\" data-align=\"center\"><strong>2020<\/strong><\/td><td class=\"has-text-align-center\" data-align=\"center\"><strong>2021<\/strong><\/td><td class=\"has-text-align-center\" data-align=\"center\"><strong>2022<\/strong><\/td><\/tr><tr><td><a href=\"https:\/\/us-gc.net\/pl\/loteria-green-card-kraje-afryka\/\">Kraje afryka\u0144skie<\/a><\/td><td class=\"has-text-align-center\" data-align=\"center\">20 532<\/td><td class=\"has-text-align-center\" data-align=\"center\">20 336<\/td><td class=\"has-text-align-center\" data-align=\"center\">6 017<\/td><td class=\"has-text-align-center\" data-align=\"center\">5 801<\/td><td class=\"has-text-align-center\" data-align=\"center\">19 215<\/td><\/tr><tr><td><a href=\"https:\/\/us-gc.net\/pl\/loteria-green-card-kraj-azja\/\">Kraje azjatyckie<\/a><\/td><td class=\"has-text-align-center\" data-align=\"center\">6 290<\/td><td class=\"has-text-align-center\" data-align=\"center\">6 079<\/td><td class=\"has-text-align-center\" data-align=\"center\">4 055<\/td><td class=\"has-text-align-center\" data-align=\"center\">4 498<\/td><td class=\"has-text-align-center\" data-align=\"center\">11 693<\/td><\/tr><tr><td><a href=\"https:\/\/us-gc.net\/pl\/loteria-green-card-europa\/\">Kraje w Europie<\/a><\/td><td class=\"has-text-align-center\" data-align=\"center\">20 434<\/td><td class=\"has-text-align-center\" data-align=\"center\">17 897<\/td><td class=\"has-text-align-center\" data-align=\"center\">7 643<\/td><td class=\"has-text-align-center\" data-align=\"center\">5 795<\/td><td class=\"has-text-align-center\" data-align=\"center\">21 806<\/td><\/tr><tr><td>Kraje Ameryki P\u00f3\u0142nocnej (Bahamy)<\/td><td class=\"has-text-align-center\" data-align=\"center\">2<\/td><td class=\"has-text-align-center\" data-align=\"center\">8<\/td><td class=\"has-text-align-center\" data-align=\"center\">13<\/td><td class=\"has-text-align-center\" data-align=\"center\">21<\/td><td class=\"has-text-align-center\" data-align=\"center\">12<\/td><\/tr><tr><td>Oceania<\/td><td class=\"has-text-align-center\" data-align=\"center\">824<\/td><td class=\"has-text-align-center\" data-align=\"center\">592<\/td><td class=\"has-text-align-center\" data-align=\"center\">543<\/td><td class=\"has-text-align-center\" data-align=\"center\">631<\/td><td class=\"has-text-align-center\" data-align=\"center\">1 195<\/td><\/tr><tr><td>Kraje Ameryki \u015arodkowej i Po\u0142udniowej<\/td><td class=\"has-text-align-center\" data-align=\"center\">1 631<\/td><td class=\"has-text-align-center\" data-align=\"center\">977<\/td><td class=\"has-text-align-center\" data-align=\"center\">854<\/td><td class=\"has-text-align-center\" data-align=\"center\">2 166<\/td><td class=\"has-text-align-center\" data-align=\"center\">1 961<\/td><\/tr><tr><td><strong>\u0141\u0105cznie  <\/strong><\/td><td class=\"has-text-align-center\" data-align=\"center\"><strong>49 713<\/strong><\/td><td class=\"has-text-align-center\" data-align=\"center\"><strong><strong>45 889<\/strong><\/strong><\/td><td class=\"has-text-align-center\" data-align=\"center\"><strong><strong>19 125<\/strong><\/strong><\/td><td class=\"has-text-align-center\" data-align=\"center\"><strong><strong>18 912<\/strong><\/strong><\/td><td class=\"has-text-align-center\" data-align=\"center\"><strong>55 882<\/strong><\/td><\/tr><\/tbody><\/table><figcaption class=\"wp-element-caption\">Liczba zielonych kart uzyskanych w loterii w latach 2018-2022 wed\u0142ug obszaru geograficznego<\/figcaption><\/figure>\n\n<h2 class=\"wp-block-heading\" id=\"h-ou-trouver-les-resultats-en-ligne-de-la-loterie-de-la-green-card\">Gdzie mog\u0119 znale\u017a\u0107 wyniki loterii Zielonej Karty online?<\/h2>\n\n<p>Specjalna strona internetowa ameryka\u0144skiego programu r\u00f3\u017cnorodno\u015bci umo\u017cliwia sprawdzenie wynik\u00f3w loterii Zielonej Karty bezpo\u015brednio online. Strona umo\u017cliwiaj\u0105ca bezpo\u015brednie sprawdzenie osobistych wynik\u00f3w znajduje si\u0119 pod adresem <a href=\"https:\/\/dvprogram.state.gov\/ESC\/CheckStatus.aspx\">https:\/\/dvprogram.state.gov\/ESC\/CheckStatus.aspx<\/a>.<\/p>\n\n<p>Aby uzyska\u0107 wyniki, nale\u017cy :<\/p>\n\n<ul class=\"wp-block-list\">\n<li>Wprowad\u017a <strong>numer potwierdzenia<\/strong> loterii<\/li>\n\n\n\n<li>Wpisz swoje nazwisko u\u017cyte do rejestracji w loterii Zielonej Karty.<\/li>\n\n\n\n<li>Wprowad\u017a dat\u0119 urodzenia, aby potwierdzi\u0107 swoj\u0105 to\u017csamo\u015b\u0107<\/li>\n\n\n\n<li>Na koniec wprowad\u017a tekst, kt\u00f3ry pojawia si\u0119 w CAPTCHA, aby si\u0119 uwierzytelni\u0107.<\/li>\n<\/ul>\n\n<div style=\"height:9px\" aria-hidden=\"true\" class=\"wp-block-spacer\"><\/div>\n\n<p>Kliknij potwierd\u017a, aby zobaczy\u0107 wyniki swojego udzia\u0142u w loterii Zielonej Karty.<\/p>\n\n<p>Oto zdj\u0119cie formularza, kt\u00f3ry nale\u017cy wype\u0142ni\u0107, aby uzyska\u0107 wyniki loterii online<\/p>\n\n<figure class=\"wp-block-image size-large\" id=\"Formulaire-de-r&#xE9;sultat-de-la-loterie\"><img fetchpriority=\"high\" decoding=\"async\" width=\"1024\" height=\"953\" src=\"https:\/\/us-gc.net\/wp-content\/uploads\/2024\/02\/check-lotery-green-card-usa-1024x953.jpg\" alt=\"Wyniki loterii zielonej karty\" class=\"wp-image-182\" title=\"Wyniki loterii zielonej karty\" srcset=\"https:\/\/us-gc.net\/wp-content\/uploads\/2024\/02\/check-lotery-green-card-usa-1024x953.jpg 1024w, https:\/\/us-gc.net\/wp-content\/uploads\/2024\/02\/check-lotery-green-card-usa-300x279.jpg 300w, https:\/\/us-gc.net\/wp-content\/uploads\/2024\/02\/check-lotery-green-card-usa-768x714.jpg 768w, https:\/\/us-gc.net\/wp-content\/uploads\/2024\/02\/check-lotery-green-card-usa.jpg 1119w\" sizes=\"(max-width: 1024px) 100vw, 1024px\" \/><\/figure>\n\n<p><\/p>\n","protected":false},"excerpt":{"rendered":"<p>Wyniki losowania loterii Zielonej Karty Wyniki ameryka\u0144skiej loterii Zielonej Karty s\u0105 publikowane ka\u017cdego roku w ramach Programu Wiz R\u00f3\u017cnorodno\u015bci. Wszyscy ubiegaj\u0105cy si\u0119 o loterii Zielona Karta mog\u0105 uzyska\u0107 swoje osobiste wyniki online. Kiedy odbywa si\u0119 losowanie Zielonej Karty? Losowanie odbywa si\u0119 w listopadzie ka\u017cdego roku. Dok\u0142adne daty otwarcia i zamkni\u0119cia rejestracji s\u0105 publikowane na kilka [&hellip;]<\/p>\n","protected":false},"author":1,"featured_media":0,"parent":0,"menu_order":0,"comment_status":"closed","ping_status":"closed","template":"","meta":{"footnotes":""},"class_list":["post-767","page","type-page","status-publish","hentry"],"yoast_head":"<!-- This site is optimized with the Yoast SEO plugin v27.4 - https:\/\/yoast.com\/product\/yoast-seo-wordpress\/ -->\n<title>Wyniki loterii zielonej karty - USA GC<\/title>\n<meta name=\"description\" content=\"Zapoznaj si\u0119 z wynikami loterii Zielonej Karty USA online, podaj\u0105c sw\u00f3j numer potwierdzenia.\" \/>\n<meta name=\"robots\" content=\"index, follow, max-snippet:-1, max-image-preview:large, max-video-preview:-1\" \/>\n<link rel=\"canonical\" href=\"https:\/\/us-gc.net\/pl\/wyniki-loterii-green-card\/\" \/>\n<meta property=\"og:locale\" content=\"pl_PL\" \/>\n<meta property=\"og:type\" content=\"article\" \/>\n<meta property=\"og:title\" content=\"Wyniki loterii zielonej karty - USA GC\" \/>\n<meta property=\"og:description\" content=\"Zapoznaj si\u0119 z wynikami loterii Zielonej Karty USA online, podaj\u0105c sw\u00f3j numer potwierdzenia.\" \/>\n<meta property=\"og:url\" content=\"https:\/\/us-gc.net\/pl\/wyniki-loterii-green-card\/\" \/>\n<meta property=\"og:site_name\" content=\"USA GC\" \/>\n<meta property=\"article:modified_time\" content=\"2024-12-30T09:47:01+00:00\" \/>\n<meta property=\"og:image\" content=\"https:\/\/us-gc.net\/wp-content\/uploads\/2024\/02\/check-lotery-green-card-usa-1024x953.jpg\" \/>\n<meta name=\"twitter:card\" content=\"summary_large_image\" \/>\n<meta name=\"twitter:label1\" content=\"Szacowany czas czytania\" \/>\n\t<meta name=\"twitter:data1\" content=\"2 minuty\" \/>\n<script type=\"application\/ld+json\" class=\"yoast-schema-graph\">{\"@context\":\"https:\\\/\\\/schema.org\",\"@graph\":[{\"@type\":\"WebPage\",\"@id\":\"https:\\\/\\\/us-gc.net\\\/pl\\\/wyniki-loterii-green-card\\\/\",\"url\":\"https:\\\/\\\/us-gc.net\\\/pl\\\/wyniki-loterii-green-card\\\/\",\"name\":\"Wyniki loterii zielonej karty - USA GC\",\"isPartOf\":{\"@id\":\"https:\\\/\\\/us-gc.net\\\/pl\\\/#website\"},\"primaryImageOfPage\":{\"@id\":\"https:\\\/\\\/us-gc.net\\\/pl\\\/wyniki-loterii-green-card\\\/#primaryimage\"},\"image\":{\"@id\":\"https:\\\/\\\/us-gc.net\\\/pl\\\/wyniki-loterii-green-card\\\/#primaryimage\"},\"thumbnailUrl\":\"https:\\\/\\\/us-gc.net\\\/wp-content\\\/uploads\\\/2024\\\/02\\\/check-lotery-green-card-usa-1024x953.jpg\",\"datePublished\":\"2024-02-02T15:07:30+00:00\",\"dateModified\":\"2024-12-30T09:47:01+00:00\",\"description\":\"Zapoznaj si\u0119 z wynikami loterii Zielonej Karty USA online, podaj\u0105c sw\u00f3j numer potwierdzenia.\",\"breadcrumb\":{\"@id\":\"https:\\\/\\\/us-gc.net\\\/pl\\\/wyniki-loterii-green-card\\\/#breadcrumb\"},\"inLanguage\":\"pl-PL\",\"potentialAction\":[{\"@type\":\"ReadAction\",\"target\":[\"https:\\\/\\\/us-gc.net\\\/pl\\\/wyniki-loterii-green-card\\\/\"]}]},{\"@type\":\"ImageObject\",\"inLanguage\":\"pl-PL\",\"@id\":\"https:\\\/\\\/us-gc.net\\\/pl\\\/wyniki-loterii-green-card\\\/#primaryimage\",\"url\":\"https:\\\/\\\/us-gc.net\\\/wp-content\\\/uploads\\\/2024\\\/02\\\/check-lotery-green-card-usa-1024x953.jpg\",\"contentUrl\":\"https:\\\/\\\/us-gc.net\\\/wp-content\\\/uploads\\\/2024\\\/02\\\/check-lotery-green-card-usa-1024x953.jpg\"},{\"@type\":\"BreadcrumbList\",\"@id\":\"https:\\\/\\\/us-gc.net\\\/pl\\\/wyniki-loterii-green-card\\\/#breadcrumb\",\"itemListElement\":[{\"@type\":\"ListItem\",\"position\":1,\"name\":\"Accueil\",\"item\":\"https:\\\/\\\/us-gc.net\\\/pl\\\/green-card\\\/\"},{\"@type\":\"ListItem\",\"position\":2,\"name\":\"Wyniki loterii zielonej karty\"}]},{\"@type\":\"WebSite\",\"@id\":\"https:\\\/\\\/us-gc.net\\\/pl\\\/#website\",\"url\":\"https:\\\/\\\/us-gc.net\\\/pl\\\/\",\"name\":\"USA GC\",\"description\":\"\",\"potentialAction\":[{\"@type\":\"SearchAction\",\"target\":{\"@type\":\"EntryPoint\",\"urlTemplate\":\"https:\\\/\\\/us-gc.net\\\/pl\\\/?s={search_term_string}\"},\"query-input\":{\"@type\":\"PropertyValueSpecification\",\"valueRequired\":true,\"valueName\":\"search_term_string\"}}],\"inLanguage\":\"pl-PL\"}]}<\/script>\n<!-- \/ Yoast SEO plugin. -->","yoast_head_json":{"title":"Wyniki loterii zielonej karty - USA GC","description":"Zapoznaj si\u0119 z wynikami loterii Zielonej Karty USA online, podaj\u0105c sw\u00f3j numer potwierdzenia.","robots":{"index":"index","follow":"follow","max-snippet":"max-snippet:-1","max-image-preview":"max-image-preview:large","max-video-preview":"max-video-preview:-1"},"canonical":"https:\/\/us-gc.net\/pl\/wyniki-loterii-green-card\/","og_locale":"pl_PL","og_type":"article","og_title":"Wyniki loterii zielonej karty - USA GC","og_description":"Zapoznaj si\u0119 z wynikami loterii Zielonej Karty USA online, podaj\u0105c sw\u00f3j numer potwierdzenia.","og_url":"https:\/\/us-gc.net\/pl\/wyniki-loterii-green-card\/","og_site_name":"USA GC","article_modified_time":"2024-12-30T09:47:01+00:00","og_image":[{"url":"https:\/\/us-gc.net\/wp-content\/uploads\/2024\/02\/check-lotery-green-card-usa-1024x953.jpg","type":"","width":"","height":""}],"twitter_card":"summary_large_image","twitter_misc":{"Szacowany czas czytania":"2 minuty"},"schema":{"@context":"https:\/\/schema.org","@graph":[{"@type":"WebPage","@id":"https:\/\/us-gc.net\/pl\/wyniki-loterii-green-card\/","url":"https:\/\/us-gc.net\/pl\/wyniki-loterii-green-card\/","name":"Wyniki loterii zielonej karty - USA GC","isPartOf":{"@id":"https:\/\/us-gc.net\/pl\/#website"},"primaryImageOfPage":{"@id":"https:\/\/us-gc.net\/pl\/wyniki-loterii-green-card\/#primaryimage"},"image":{"@id":"https:\/\/us-gc.net\/pl\/wyniki-loterii-green-card\/#primaryimage"},"thumbnailUrl":"https:\/\/us-gc.net\/wp-content\/uploads\/2024\/02\/check-lotery-green-card-usa-1024x953.jpg","datePublished":"2024-02-02T15:07:30+00:00","dateModified":"2024-12-30T09:47:01+00:00","description":"Zapoznaj si\u0119 z wynikami loterii Zielonej Karty USA online, podaj\u0105c sw\u00f3j numer potwierdzenia.","breadcrumb":{"@id":"https:\/\/us-gc.net\/pl\/wyniki-loterii-green-card\/#breadcrumb"},"inLanguage":"pl-PL","potentialAction":[{"@type":"ReadAction","target":["https:\/\/us-gc.net\/pl\/wyniki-loterii-green-card\/"]}]},{"@type":"ImageObject","inLanguage":"pl-PL","@id":"https:\/\/us-gc.net\/pl\/wyniki-loterii-green-card\/#primaryimage","url":"https:\/\/us-gc.net\/wp-content\/uploads\/2024\/02\/check-lotery-green-card-usa-1024x953.jpg","contentUrl":"https:\/\/us-gc.net\/wp-content\/uploads\/2024\/02\/check-lotery-green-card-usa-1024x953.jpg"},{"@type":"BreadcrumbList","@id":"https:\/\/us-gc.net\/pl\/wyniki-loterii-green-card\/#breadcrumb","itemListElement":[{"@type":"ListItem","position":1,"name":"Accueil","item":"https:\/\/us-gc.net\/pl\/green-card\/"},{"@type":"ListItem","position":2,"name":"Wyniki loterii zielonej karty"}]},{"@type":"WebSite","@id":"https:\/\/us-gc.net\/pl\/#website","url":"https:\/\/us-gc.net\/pl\/","name":"USA GC","description":"","potentialAction":[{"@type":"SearchAction","target":{"@type":"EntryPoint","urlTemplate":"https:\/\/us-gc.net\/pl\/?s={search_term_string}"},"query-input":{"@type":"PropertyValueSpecification","valueRequired":true,"valueName":"search_term_string"}}],"inLanguage":"pl-PL"}]}},"_links":{"self":[{"href":"https:\/\/us-gc.net\/pl\/wp-json\/wp\/v2\/pages\/767","targetHints":{"allow":["GET"]}}],"collection":[{"href":"https:\/\/us-gc.net\/pl\/wp-json\/wp\/v2\/pages"}],"about":[{"href":"https:\/\/us-gc.net\/pl\/wp-json\/wp\/v2\/types\/page"}],"author":[{"embeddable":true,"href":"https:\/\/us-gc.net\/pl\/wp-json\/wp\/v2\/users\/1"}],"replies":[{"embeddable":true,"href":"https:\/\/us-gc.net\/pl\/wp-json\/wp\/v2\/comments?post=767"}],"version-history":[{"count":1,"href":"https:\/\/us-gc.net\/pl\/wp-json\/wp\/v2\/pages\/767\/revisions"}],"predecessor-version":[{"id":8103,"href":"https:\/\/us-gc.net\/pl\/wp-json\/wp\/v2\/pages\/767\/revisions\/8103"}],"wp:attachment":[{"href":"https:\/\/us-gc.net\/pl\/wp-json\/wp\/v2\/media?parent=767"}],"curies":[{"name":"wp","href":"https:\/\/api.w.org\/{rel}","templated":true}]}}