{"id":743,"date":"2024-01-31T14:45:08","date_gmt":"2024-01-31T14:45:08","guid":{"rendered":"https:\/\/green-card-usa.net\/fotograficzna-green-card\/"},"modified":"2024-12-30T09:39:52","modified_gmt":"2024-12-30T09:39:52","slug":"fotograficzna-green-card","status":"publish","type":"page","link":"https:\/\/us-gc.net\/pl\/fotograficzna-green-card\/","title":{"rendered":"Specyfikacje zdj\u0119cia identyfikacyjnego Green Card"},"content":{"rendered":"\n<h1 class=\"wp-block-heading\" id=\"h-les-specificites-de-la-photo-pour-la-green-card\">Specyfikacje fotograficzne dla Green Card<\/h1>\n\n<p>Sk\u0142adaj\u0105c wniosek o Green Card, wnioskodawcy musz\u0105 dostarczy\u0107 zdj\u0119cie paszportowe. Format tego zdj\u0119cia jest specyficzny i istnieje kilka bezwzgl\u0119dnych zasad, kt\u00f3rych nale\u017cy przestrzega\u0107, aby zdj\u0119cie nie zosta\u0142o odrzucone.  <\/p>\n\n<h2 class=\"wp-block-heading\" id=\"h-quelles-sont-les-principales-regles-concernant-la-photo\">Jakie s\u0105 g\u0142\u00f3wne zasady fotografowania?<\/h2>\n\n<p>G\u0142\u00f3wne zasady dotycz\u0105ce zdj\u0119cia do Green Card s\u0105 nast\u0119puj\u0105ce:<\/p>\n\n<ol class=\"wp-block-list\">\n<li>Format zdj\u0119cia<\/li>\n\n\n\n<li>Wiek zdj\u0119cia<\/li>\n\n\n\n<li>Pozycja g\u0142owy na zdj\u0119ciu<\/li>\n\n\n\n<li>T\u0142o uj\u0119cia<\/li>\n\n\n\n<li>Co mog\u0119 za\u0142o\u017cy\u0107 na zdj\u0119cie?<\/li>\n<\/ol>\n\n<h3 class=\"wp-block-heading\" id=\"h-1-quel-est-le-format-de-la-photo-pour-la-green-card\">1. Jaki jest format zdj\u0119cia do Zielonej Karty?<\/h3>\n\n<p>Cyfrowa wersja zdj\u0119cia musi by\u0107 plikiem JPEG. Minimalny rozmiar zdj\u0119cia musi wynosi\u0107 co najmniej 600 pikseli na 600 pikseli i co najmniej 54 kb.<\/p>\n\n<h3 class=\"wp-block-heading\" id=\"h-2-quelle-peut-etre-l-anciennete-de-la-photo\">2. Ile lat ma zdj\u0119cie?<\/h3>\n\n<p>Zdj\u0119cie przes\u0142ane w celu uzyskania Green Card nie mo\u017ce by\u0107 starsze ni\u017c 6 miesi\u0119cy. Umo\u017cliwia to Departamentowi Stanu USA upewnienie si\u0119, \u017ce zdj\u0119cie pasuje do twarzy wnioskodawcy. Zasada ta jest niezb\u0119dna i musi by\u0107 traktowana bardzo powa\u017cnie. Zdj\u0119cie jest ostatecznie zatwierdzane podczas <a href=\"https:\/\/us-gc.net\/pl\/green-card-rozmowa\/\">ostatecznej rozmowy o Zielon\u0105 Kart\u0119<\/a>.<\/p>\n\n<h3 class=\"wp-block-heading\" id=\"h-3-quelle-doit-etre-la-position-de-la-tete-sur-la-photo\">3. W jakiej pozycji powinna znajdowa\u0107 si\u0119 g\u0142owa na zdj\u0119ciu?<\/h3>\n\n<p>Kandydat musi mie\u0107 neutralny wyraz twarzy i nie mo\u017ce si\u0119 u\u015bmiecha\u0107. Twarz musi by\u0107 w pe\u0142ni widoczna i znajdowa\u0107 si\u0119 w centrum zdj\u0119cia. Kandydaci musz\u0105 by\u0107 zwr\u00f3ceni twarz\u0105 do kamery, a ich g\u0142owa musi stanowi\u0107 60% ca\u0142kowitej wysoko\u015bci zdj\u0119cia. Jego oczy musz\u0105 by\u0107 szeroko otwarte.<\/p>\n\n<h3 class=\"wp-block-heading\" id=\"h-4-comment-doit-etre-l-arriere-plan-de-la-prise-de-vue\">4. Jak powinno wygl\u0105da\u0107 t\u0142o uj\u0119cia?<\/h3>\n\n<p>T\u0142o zdj\u0119cia powinno mie\u0107 jednolity, jasny kolor bez cieni. Kolor t\u0142a mo\u017ce by\u0107 bia\u0142y lub zbli\u017cony do bia\u0142ego.<\/p>\n\n<h3 class=\"wp-block-heading\" id=\"h-5-peut-on-porter-des-lunettes-ou-le-voile-sur-la-photo\">5. Czy mog\u0119 nosi\u0107 okulary lub welon na zdj\u0119ciu?<\/h3>\n\n<p>Zabronione jest noszenie okular\u00f3w na zdj\u0119ciu do Green Card. Osoby ubiegaj\u0105ce si\u0119 o Green Card nie mog\u0105 r\u00f3wnie\u017c nosi\u0107 czapek ani kapeluszy.<\/p>\n\n<p>Na zdj\u0119ciu do Green Card mo\u017cna jednak nosi\u0107 religijn\u0105 chust\u0119. Twarz musi by\u0107 jednak widoczna od g\u00f3rnej cz\u0119\u015bci czo\u0142a do dolnej cz\u0119\u015bci podbr\u00f3dka.<\/p>\n\n<p>Zasady te maj\u0105 zastosowanie do wszystkich procedur uzyskania Green Card, niezale\u017cnie od tego, czy :<\/p>\n\n<ul class=\"wp-block-list\">\n<li>Zdj\u0119cie z <a href=\"https:\/\/us-gc.net\/pl\/loteria-green-card\/\">loterii Green Card<\/a>;<\/li>\n\n\n\n<li>Zdj\u0119cie przes\u0142ane w celu uzyskania <a href=\"https:\/\/us-gc.net\/pl\/green-card-przez-malzenstwo\/\">Green Card przez ma\u0142\u017ce\u0144stwo<\/a>, <a href=\"https:\/\/us-gc.net\/pl\/green-card-sponsorowanie\/\">Green Card przez sponsora<\/a> lub jakiejkolwiek innej procedury uzyskania Green Card.<\/li>\n<\/ul>\n\n<div style=\"height:10px\" aria-hidden=\"true\" class=\"wp-block-spacer\"><\/div>\n\n<h2 class=\"wp-block-heading\" id=\"h-dimensions-de-la-photo-d-identite-de-la-green-card\">Wymiary zdj\u0119cia paszportowego do Zielonej Karty<\/h2>\n\n<figure class=\"wp-block-image size-full\"><img fetchpriority=\"high\" decoding=\"async\" width=\"601\" height=\"378\" src=\"https:\/\/us-gc.net\/wp-content\/uploads\/2024\/05\/Green-card-2024.jpg\" alt=\"Obraz zielonej karty wa&#x17C;nej w 2024 r.\" class=\"wp-image-4826\" srcset=\"https:\/\/us-gc.net\/wp-content\/uploads\/2024\/05\/Green-card-2024.jpg 601w, https:\/\/us-gc.net\/wp-content\/uploads\/2024\/05\/Green-card-2024-300x189.jpg 300w\" sizes=\"(max-width: 601px) 100vw, 601px\" \/><figcaption class=\"wp-element-caption\">Zielona karta dla sta\u0142ych mieszka\u0144c\u00f3w USA<\/figcaption><\/figure>\n","protected":false},"excerpt":{"rendered":"<p>Specyfikacje fotograficzne dla Green Card Sk\u0142adaj\u0105c wniosek o Green Card, wnioskodawcy musz\u0105 dostarczy\u0107 zdj\u0119cie paszportowe. Format tego zdj\u0119cia jest specyficzny i istnieje kilka bezwzgl\u0119dnych zasad, kt\u00f3rych nale\u017cy przestrzega\u0107, aby zdj\u0119cie nie zosta\u0142o odrzucone. Jakie s\u0105 g\u0142\u00f3wne zasady fotografowania? G\u0142\u00f3wne zasady dotycz\u0105ce zdj\u0119cia do Green Card s\u0105 nast\u0119puj\u0105ce: 1. Jaki jest format zdj\u0119cia do Zielonej Karty? [&hellip;]<\/p>\n","protected":false},"author":1,"featured_media":0,"parent":0,"menu_order":0,"comment_status":"closed","ping_status":"closed","template":"","meta":{"footnotes":""},"class_list":["post-743","page","type-page","status-publish","hentry"],"yoast_head":"<!-- This site is optimized with the Yoast SEO plugin v27.4 - https:\/\/yoast.com\/product\/yoast-seo-wordpress\/ -->\n<title>Specyfikacje zdj\u0119cia identyfikacyjnego Green Card - USA GC<\/title>\n<meta name=\"description\" content=\"Aby uzyska\u0107 lub odnowi\u0107 Green Card, wnioskodawcy musz\u0105 dostarczy\u0107 swoje zdj\u0119cie paszportowe zgodnie z okre\u015blonymi zasadami.\" \/>\n<meta name=\"robots\" content=\"index, follow, max-snippet:-1, max-image-preview:large, max-video-preview:-1\" \/>\n<link rel=\"canonical\" href=\"https:\/\/us-gc.net\/pl\/fotograficzna-green-card\/\" \/>\n<meta property=\"og:locale\" content=\"pl_PL\" \/>\n<meta property=\"og:type\" content=\"article\" \/>\n<meta property=\"og:title\" content=\"Specyfikacje zdj\u0119cia identyfikacyjnego Green Card - USA GC\" \/>\n<meta property=\"og:description\" content=\"Aby uzyska\u0107 lub odnowi\u0107 Green Card, wnioskodawcy musz\u0105 dostarczy\u0107 swoje zdj\u0119cie paszportowe zgodnie z okre\u015blonymi zasadami.\" \/>\n<meta property=\"og:url\" content=\"https:\/\/us-gc.net\/pl\/fotograficzna-green-card\/\" \/>\n<meta property=\"og:site_name\" content=\"USA GC\" \/>\n<meta property=\"article:modified_time\" content=\"2024-12-30T09:39:52+00:00\" \/>\n<meta property=\"og:image\" content=\"https:\/\/us-gc.net\/wp-content\/uploads\/2024\/05\/Green-card-2024.jpg\" \/>\n<meta name=\"twitter:card\" content=\"summary_large_image\" \/>\n<meta name=\"twitter:label1\" content=\"Szacowany czas czytania\" \/>\n\t<meta name=\"twitter:data1\" content=\"2 minuty\" \/>\n<script type=\"application\/ld+json\" class=\"yoast-schema-graph\">{\"@context\":\"https:\\\/\\\/schema.org\",\"@graph\":[{\"@type\":\"WebPage\",\"@id\":\"https:\\\/\\\/us-gc.net\\\/pl\\\/fotograficzna-green-card\\\/\",\"url\":\"https:\\\/\\\/us-gc.net\\\/pl\\\/fotograficzna-green-card\\\/\",\"name\":\"Specyfikacje zdj\u0119cia identyfikacyjnego Green Card - USA GC\",\"isPartOf\":{\"@id\":\"https:\\\/\\\/us-gc.net\\\/pl\\\/#website\"},\"primaryImageOfPage\":{\"@id\":\"https:\\\/\\\/us-gc.net\\\/pl\\\/fotograficzna-green-card\\\/#primaryimage\"},\"image\":{\"@id\":\"https:\\\/\\\/us-gc.net\\\/pl\\\/fotograficzna-green-card\\\/#primaryimage\"},\"thumbnailUrl\":\"https:\\\/\\\/us-gc.net\\\/wp-content\\\/uploads\\\/2024\\\/05\\\/Green-card-2024.jpg\",\"datePublished\":\"2024-01-31T14:45:08+00:00\",\"dateModified\":\"2024-12-30T09:39:52+00:00\",\"description\":\"Aby uzyska\u0107 lub odnowi\u0107 Green Card, wnioskodawcy musz\u0105 dostarczy\u0107 swoje zdj\u0119cie paszportowe zgodnie z okre\u015blonymi zasadami.\",\"breadcrumb\":{\"@id\":\"https:\\\/\\\/us-gc.net\\\/pl\\\/fotograficzna-green-card\\\/#breadcrumb\"},\"inLanguage\":\"pl-PL\",\"potentialAction\":[{\"@type\":\"ReadAction\",\"target\":[\"https:\\\/\\\/us-gc.net\\\/pl\\\/fotograficzna-green-card\\\/\"]}]},{\"@type\":\"ImageObject\",\"inLanguage\":\"pl-PL\",\"@id\":\"https:\\\/\\\/us-gc.net\\\/pl\\\/fotograficzna-green-card\\\/#primaryimage\",\"url\":\"https:\\\/\\\/us-gc.net\\\/wp-content\\\/uploads\\\/2024\\\/05\\\/Green-card-2024.jpg\",\"contentUrl\":\"https:\\\/\\\/us-gc.net\\\/wp-content\\\/uploads\\\/2024\\\/05\\\/Green-card-2024.jpg\"},{\"@type\":\"BreadcrumbList\",\"@id\":\"https:\\\/\\\/us-gc.net\\\/pl\\\/fotograficzna-green-card\\\/#breadcrumb\",\"itemListElement\":[{\"@type\":\"ListItem\",\"position\":1,\"name\":\"Accueil\",\"item\":\"https:\\\/\\\/us-gc.net\\\/pl\\\/green-card\\\/\"},{\"@type\":\"ListItem\",\"position\":2,\"name\":\"Specyfikacje zdj\u0119cia identyfikacyjnego Green Card\"}]},{\"@type\":\"WebSite\",\"@id\":\"https:\\\/\\\/us-gc.net\\\/pl\\\/#website\",\"url\":\"https:\\\/\\\/us-gc.net\\\/pl\\\/\",\"name\":\"USA GC\",\"description\":\"\",\"potentialAction\":[{\"@type\":\"SearchAction\",\"target\":{\"@type\":\"EntryPoint\",\"urlTemplate\":\"https:\\\/\\\/us-gc.net\\\/pl\\\/?s={search_term_string}\"},\"query-input\":{\"@type\":\"PropertyValueSpecification\",\"valueRequired\":true,\"valueName\":\"search_term_string\"}}],\"inLanguage\":\"pl-PL\"}]}<\/script>\n<!-- \/ Yoast SEO plugin. -->","yoast_head_json":{"title":"Specyfikacje zdj\u0119cia identyfikacyjnego Green Card - USA GC","description":"Aby uzyska\u0107 lub odnowi\u0107 Green Card, wnioskodawcy musz\u0105 dostarczy\u0107 swoje zdj\u0119cie paszportowe zgodnie z okre\u015blonymi zasadami.","robots":{"index":"index","follow":"follow","max-snippet":"max-snippet:-1","max-image-preview":"max-image-preview:large","max-video-preview":"max-video-preview:-1"},"canonical":"https:\/\/us-gc.net\/pl\/fotograficzna-green-card\/","og_locale":"pl_PL","og_type":"article","og_title":"Specyfikacje zdj\u0119cia identyfikacyjnego Green Card - USA GC","og_description":"Aby uzyska\u0107 lub odnowi\u0107 Green Card, wnioskodawcy musz\u0105 dostarczy\u0107 swoje zdj\u0119cie paszportowe zgodnie z okre\u015blonymi zasadami.","og_url":"https:\/\/us-gc.net\/pl\/fotograficzna-green-card\/","og_site_name":"USA GC","article_modified_time":"2024-12-30T09:39:52+00:00","og_image":[{"url":"https:\/\/us-gc.net\/wp-content\/uploads\/2024\/05\/Green-card-2024.jpg","type":"","width":"","height":""}],"twitter_card":"summary_large_image","twitter_misc":{"Szacowany czas czytania":"2 minuty"},"schema":{"@context":"https:\/\/schema.org","@graph":[{"@type":"WebPage","@id":"https:\/\/us-gc.net\/pl\/fotograficzna-green-card\/","url":"https:\/\/us-gc.net\/pl\/fotograficzna-green-card\/","name":"Specyfikacje zdj\u0119cia identyfikacyjnego Green Card - USA GC","isPartOf":{"@id":"https:\/\/us-gc.net\/pl\/#website"},"primaryImageOfPage":{"@id":"https:\/\/us-gc.net\/pl\/fotograficzna-green-card\/#primaryimage"},"image":{"@id":"https:\/\/us-gc.net\/pl\/fotograficzna-green-card\/#primaryimage"},"thumbnailUrl":"https:\/\/us-gc.net\/wp-content\/uploads\/2024\/05\/Green-card-2024.jpg","datePublished":"2024-01-31T14:45:08+00:00","dateModified":"2024-12-30T09:39:52+00:00","description":"Aby uzyska\u0107 lub odnowi\u0107 Green Card, wnioskodawcy musz\u0105 dostarczy\u0107 swoje zdj\u0119cie paszportowe zgodnie z okre\u015blonymi zasadami.","breadcrumb":{"@id":"https:\/\/us-gc.net\/pl\/fotograficzna-green-card\/#breadcrumb"},"inLanguage":"pl-PL","potentialAction":[{"@type":"ReadAction","target":["https:\/\/us-gc.net\/pl\/fotograficzna-green-card\/"]}]},{"@type":"ImageObject","inLanguage":"pl-PL","@id":"https:\/\/us-gc.net\/pl\/fotograficzna-green-card\/#primaryimage","url":"https:\/\/us-gc.net\/wp-content\/uploads\/2024\/05\/Green-card-2024.jpg","contentUrl":"https:\/\/us-gc.net\/wp-content\/uploads\/2024\/05\/Green-card-2024.jpg"},{"@type":"BreadcrumbList","@id":"https:\/\/us-gc.net\/pl\/fotograficzna-green-card\/#breadcrumb","itemListElement":[{"@type":"ListItem","position":1,"name":"Accueil","item":"https:\/\/us-gc.net\/pl\/green-card\/"},{"@type":"ListItem","position":2,"name":"Specyfikacje zdj\u0119cia identyfikacyjnego Green Card"}]},{"@type":"WebSite","@id":"https:\/\/us-gc.net\/pl\/#website","url":"https:\/\/us-gc.net\/pl\/","name":"USA GC","description":"","potentialAction":[{"@type":"SearchAction","target":{"@type":"EntryPoint","urlTemplate":"https:\/\/us-gc.net\/pl\/?s={search_term_string}"},"query-input":{"@type":"PropertyValueSpecification","valueRequired":true,"valueName":"search_term_string"}}],"inLanguage":"pl-PL"}]}},"_links":{"self":[{"href":"https:\/\/us-gc.net\/pl\/wp-json\/wp\/v2\/pages\/743","targetHints":{"allow":["GET"]}}],"collection":[{"href":"https:\/\/us-gc.net\/pl\/wp-json\/wp\/v2\/pages"}],"about":[{"href":"https:\/\/us-gc.net\/pl\/wp-json\/wp\/v2\/types\/page"}],"author":[{"embeddable":true,"href":"https:\/\/us-gc.net\/pl\/wp-json\/wp\/v2\/users\/1"}],"replies":[{"embeddable":true,"href":"https:\/\/us-gc.net\/pl\/wp-json\/wp\/v2\/comments?post=743"}],"version-history":[{"count":1,"href":"https:\/\/us-gc.net\/pl\/wp-json\/wp\/v2\/pages\/743\/revisions"}],"predecessor-version":[{"id":7684,"href":"https:\/\/us-gc.net\/pl\/wp-json\/wp\/v2\/pages\/743\/revisions\/7684"}],"wp:attachment":[{"href":"https:\/\/us-gc.net\/pl\/wp-json\/wp\/v2\/media?parent=743"}],"curies":[{"name":"wp","href":"https:\/\/api.w.org\/{rel}","templated":true}]}}