{"id":718,"date":"2024-01-31T14:27:27","date_gmt":"2024-01-31T14:27:27","guid":{"rendered":"https:\/\/green-card-usa.net\/istihdam-green-card\/"},"modified":"2024-12-30T09:39:25","modified_gmt":"2024-12-30T09:39:25","slug":"green-card-do-zatrudnienia","status":"publish","type":"page","link":"https:\/\/us-gc.net\/pl\/green-card-do-zatrudnienia\/","title":{"rendered":"Green Card oparta na zatrudnieniu dla imigrant\u00f3w"},"content":{"rendered":"\n<h1 class=\"wp-block-heading\" id=\"h-obtenir-une-green-card-basee-sur-l-emploi\">Uzyskanie Zielonej Karty na podstawie zatrudnienia<\/h1>\n\n<p>Dowiedz si\u0119, jak uzyska\u0107 <a href=\"https:\/\/us-gc.net\/pl\/\">Green Card <\/a> w Stanach Zjednoczonych poprzez zatrudnienie. Green Card oparta na zatrudnieniu jest bardzo popularna w\u015br\u00f3d wykwalifikowanych imigrant\u00f3w, kt\u00f3rzy chc\u0105 legalnie pracowa\u0107 i mieszka\u0107 w Stanach Zjednoczonych.<\/p>\n\n<h2 class=\"wp-block-heading\" id=\"h-qu-est-ce-qu-une-green-card-basee-sur-l-emploi\">Czym jest Green Card oparta na zatrudnieniu?<\/h2>\n\n<p>Green Card oparta na zatrudnieniu jest sposobem dla wykwalifikowanych pracownik\u00f3w zagranicznych na uzyskanie sta\u0142ego pobytu w Stanach Zjednoczonych poprzez zatrudnienie. W przeciwie\u0144stwie do innych opcji imigracyjnych, ta jest skierowana w szczeg\u00f3lno\u015bci do os\u00f3b posiadaj\u0105cych umiej\u0119tno\u015bci zawodowe, kt\u00f3re s\u0105 poszukiwane przez ameryka\u0144skich pracodawc\u00f3w. Pozwala ona posiadaczom wiz pracowniczych sta\u0107 si\u0119 sta\u0142ymi rezydentami.<\/p>\n\n<h2 class=\"wp-block-heading\" id=\"h-eligibilite-et-criteres-de-qualification\">Kryteria kwalifikowalno\u015bci i kwalifikacji<\/h2>\n\n<p>Aby kwalifikowa\u0107 si\u0119 do otrzymania Zielonej Karty opartej na zatrudnieniu, wnioskodawcy musz\u0105 spe\u0142ni\u0107 okre\u015blone warunki:<\/p>\n\n<ul class=\"wp-block-list\">\n<li>Odpowiednie do\u015bwiadczenie zawodowe w okre\u015blonej dziedzinie;<\/li>\n\n\n\n<li>Wa\u017cna oferta pracy od ameryka\u0144skiego pracodawcy;<\/li>\n\n\n\n<li>Wykszta\u0142cenie lub kwalifikacje zawodowe spe\u0142niaj\u0105ce wymagania oferowanego stanowiska.  <\/li>\n<\/ul>\n\n<p>Wreszcie, pracodawca musi by\u0107 przygotowany do <a href=\"https:\/\/us-gc.net\/pl\/green-card-sponsorowanie\/\">sponsorowania osoby ubiegaj\u0105cej si\u0119 o Green Card <\/a> i przestrzegania wszystkich obowi\u0105zk\u00f3w prawnych zwi\u0105zanych z rekrutacj\u0105 pracownik\u00f3w zagranicznych.<\/p>\n\n<h2 class=\"wp-block-heading\" id=\"h-processus-de-demande\">Proces sk\u0142adania wniosk\u00f3w<\/h2>\n\n<p>Proces ubiegania si\u0119 o Zielon\u0105 Kart\u0119 w oparciu o zatrudnienie obejmuje kilka etap\u00f3w. Przede wszystkim pracodawca musi uzyska\u0107 certyfikat pracy od Departamentu Pracy USA. Wnioskodawca musi nast\u0119pnie z\u0142o\u017cy\u0107 wniosek o wiz\u0119 pracownicz\u0105 <a href=\"https:\/\/www.uscis.gov\/\">do USCIS<\/a>. Po zatwierdzeniu wizy pracowniczej wnioskodawca mo\u017ce rozpocz\u0105\u0107 proces ubiegania si\u0119 o Zielon\u0105 Kart\u0119. Procedura ta obejmuje :<\/p>\n\n<ul class=\"wp-block-list\">\n<li>Przes\u0142anie formularza zg\u0142oszeniowego ;<\/li>\n\n\n\n<li>Gromadzenie dokument\u00f3w uzupe\u0142niaj\u0105cych ;<\/li>\n\n\n\n<li><a href=\"https:\/\/us-gc.net\/pl\/green-card-rozmowa\/\">Rozmowa kwalifikacyjna w sprawie Green Card <\/a>;<\/li>\n\n\n\n<li>Badanie lekarskie.<\/li>\n<\/ul>\n\n<h2 class=\"wp-block-heading\" id=\"h-duree-et-delais-de-traitement\">Czasy i terminy przetwarzania<\/h2>\n\n<p>Czas wymagany do uzyskania Green Card na podstawie zatrudnienia mo\u017ce si\u0119 znacznie r\u00f3\u017cni\u0107 w zale\u017cno\u015bci od r\u00f3\u017cnych czynnik\u00f3w, takich jak: kategoria wizy, obci\u0105\u017cenie <a href=\"https:\/\/www.uscis.gov\/green-card\/green-card-processes-and-procedures\">USCIS<\/a> i inne indywidualne okoliczno\u015bci. <\/p>\n\n<p>Z regu\u0142y proces ten mo\u017ce trwa\u0107 od kilku miesi\u0119cy do kilku lat. Wa\u017cne jest, aby kandydaci byli cierpliwi i przygotowani na potencjalne op\u00f3\u017anienia w trakcie procesu. Wnioskodawcy mog\u0105 r\u00f3wnie\u017c ubiega\u0107 si\u0119 o udzia\u0142 w <a href=\"https:\/\/us-gc.net\/pl\/loteria-green-card\/\">loterii Green Card <\/a>.<\/p>\n\n<p><\/p>\n","protected":false},"excerpt":{"rendered":"<p>Uzyskanie Zielonej Karty na podstawie zatrudnienia Dowiedz si\u0119, jak uzyska\u0107 Green Card w Stanach Zjednoczonych poprzez zatrudnienie. Green Card oparta na zatrudnieniu jest bardzo popularna w\u015br\u00f3d wykwalifikowanych imigrant\u00f3w, kt\u00f3rzy chc\u0105 legalnie pracowa\u0107 i mieszka\u0107 w Stanach Zjednoczonych. Czym jest Green Card oparta na zatrudnieniu? Green Card oparta na zatrudnieniu jest sposobem dla wykwalifikowanych pracownik\u00f3w zagranicznych [&hellip;]<\/p>\n","protected":false},"author":1,"featured_media":0,"parent":0,"menu_order":0,"comment_status":"closed","ping_status":"closed","template":"","meta":{"footnotes":""},"class_list":["post-718","page","type-page","status-publish","hentry"],"yoast_head":"<!-- This site is optimized with the Yoast SEO plugin v27.4 - https:\/\/yoast.com\/product\/yoast-seo-wordpress\/ -->\n<title>Green Card oparta na zatrudnieniu dla imigrant\u00f3w - USA GC<\/title>\n<meta name=\"description\" content=\"Uzyskanie ameryka\u0144skiej zielonej karty na podstawie zatrudnienia w Stanach Zjednoczonych. Wszystkie informacje potrzebne do uzyskania Zielonej Karty\" \/>\n<meta name=\"robots\" content=\"index, follow, max-snippet:-1, max-image-preview:large, max-video-preview:-1\" \/>\n<link rel=\"canonical\" href=\"https:\/\/us-gc.net\/pl\/green-card-do-zatrudnienia\/\" \/>\n<meta property=\"og:locale\" content=\"pl_PL\" \/>\n<meta property=\"og:type\" content=\"article\" \/>\n<meta property=\"og:title\" content=\"Green Card oparta na zatrudnieniu dla imigrant\u00f3w - USA GC\" \/>\n<meta property=\"og:description\" content=\"Uzyskanie ameryka\u0144skiej zielonej karty na podstawie zatrudnienia w Stanach Zjednoczonych. Wszystkie informacje potrzebne do uzyskania Zielonej Karty\" \/>\n<meta property=\"og:url\" content=\"https:\/\/us-gc.net\/pl\/green-card-do-zatrudnienia\/\" \/>\n<meta property=\"og:site_name\" content=\"USA GC\" \/>\n<meta property=\"article:modified_time\" content=\"2024-12-30T09:39:25+00:00\" \/>\n<meta name=\"twitter:card\" content=\"summary_large_image\" \/>\n<meta name=\"twitter:label1\" content=\"Szacowany czas czytania\" \/>\n\t<meta name=\"twitter:data1\" content=\"2 minuty\" \/>\n<script type=\"application\/ld+json\" class=\"yoast-schema-graph\">{\"@context\":\"https:\\\/\\\/schema.org\",\"@graph\":[{\"@type\":\"WebPage\",\"@id\":\"https:\\\/\\\/us-gc.net\\\/pl\\\/green-card-do-zatrudnienia\\\/\",\"url\":\"https:\\\/\\\/us-gc.net\\\/pl\\\/green-card-do-zatrudnienia\\\/\",\"name\":\"Green Card oparta na zatrudnieniu dla imigrant\u00f3w - USA GC\",\"isPartOf\":{\"@id\":\"https:\\\/\\\/us-gc.net\\\/pl\\\/#website\"},\"datePublished\":\"2024-01-31T14:27:27+00:00\",\"dateModified\":\"2024-12-30T09:39:25+00:00\",\"description\":\"Uzyskanie ameryka\u0144skiej zielonej karty na podstawie zatrudnienia w Stanach Zjednoczonych. Wszystkie informacje potrzebne do uzyskania Zielonej Karty\",\"breadcrumb\":{\"@id\":\"https:\\\/\\\/us-gc.net\\\/pl\\\/green-card-do-zatrudnienia\\\/#breadcrumb\"},\"inLanguage\":\"pl-PL\",\"potentialAction\":[{\"@type\":\"ReadAction\",\"target\":[\"https:\\\/\\\/us-gc.net\\\/pl\\\/green-card-do-zatrudnienia\\\/\"]}]},{\"@type\":\"BreadcrumbList\",\"@id\":\"https:\\\/\\\/us-gc.net\\\/pl\\\/green-card-do-zatrudnienia\\\/#breadcrumb\",\"itemListElement\":[{\"@type\":\"ListItem\",\"position\":1,\"name\":\"Accueil\",\"item\":\"https:\\\/\\\/us-gc.net\\\/pl\\\/green-card\\\/\"},{\"@type\":\"ListItem\",\"position\":2,\"name\":\"Green Card oparta na zatrudnieniu dla imigrant\u00f3w\"}]},{\"@type\":\"WebSite\",\"@id\":\"https:\\\/\\\/us-gc.net\\\/pl\\\/#website\",\"url\":\"https:\\\/\\\/us-gc.net\\\/pl\\\/\",\"name\":\"USA GC\",\"description\":\"\",\"potentialAction\":[{\"@type\":\"SearchAction\",\"target\":{\"@type\":\"EntryPoint\",\"urlTemplate\":\"https:\\\/\\\/us-gc.net\\\/pl\\\/?s={search_term_string}\"},\"query-input\":{\"@type\":\"PropertyValueSpecification\",\"valueRequired\":true,\"valueName\":\"search_term_string\"}}],\"inLanguage\":\"pl-PL\"}]}<\/script>\n<!-- \/ Yoast SEO plugin. -->","yoast_head_json":{"title":"Green Card oparta na zatrudnieniu dla imigrant\u00f3w - USA GC","description":"Uzyskanie ameryka\u0144skiej zielonej karty na podstawie zatrudnienia w Stanach Zjednoczonych. Wszystkie informacje potrzebne do uzyskania Zielonej Karty","robots":{"index":"index","follow":"follow","max-snippet":"max-snippet:-1","max-image-preview":"max-image-preview:large","max-video-preview":"max-video-preview:-1"},"canonical":"https:\/\/us-gc.net\/pl\/green-card-do-zatrudnienia\/","og_locale":"pl_PL","og_type":"article","og_title":"Green Card oparta na zatrudnieniu dla imigrant\u00f3w - USA GC","og_description":"Uzyskanie ameryka\u0144skiej zielonej karty na podstawie zatrudnienia w Stanach Zjednoczonych. Wszystkie informacje potrzebne do uzyskania Zielonej Karty","og_url":"https:\/\/us-gc.net\/pl\/green-card-do-zatrudnienia\/","og_site_name":"USA GC","article_modified_time":"2024-12-30T09:39:25+00:00","twitter_card":"summary_large_image","twitter_misc":{"Szacowany czas czytania":"2 minuty"},"schema":{"@context":"https:\/\/schema.org","@graph":[{"@type":"WebPage","@id":"https:\/\/us-gc.net\/pl\/green-card-do-zatrudnienia\/","url":"https:\/\/us-gc.net\/pl\/green-card-do-zatrudnienia\/","name":"Green Card oparta na zatrudnieniu dla imigrant\u00f3w - USA GC","isPartOf":{"@id":"https:\/\/us-gc.net\/pl\/#website"},"datePublished":"2024-01-31T14:27:27+00:00","dateModified":"2024-12-30T09:39:25+00:00","description":"Uzyskanie ameryka\u0144skiej zielonej karty na podstawie zatrudnienia w Stanach Zjednoczonych. Wszystkie informacje potrzebne do uzyskania Zielonej Karty","breadcrumb":{"@id":"https:\/\/us-gc.net\/pl\/green-card-do-zatrudnienia\/#breadcrumb"},"inLanguage":"pl-PL","potentialAction":[{"@type":"ReadAction","target":["https:\/\/us-gc.net\/pl\/green-card-do-zatrudnienia\/"]}]},{"@type":"BreadcrumbList","@id":"https:\/\/us-gc.net\/pl\/green-card-do-zatrudnienia\/#breadcrumb","itemListElement":[{"@type":"ListItem","position":1,"name":"Accueil","item":"https:\/\/us-gc.net\/pl\/green-card\/"},{"@type":"ListItem","position":2,"name":"Green Card oparta na zatrudnieniu dla imigrant\u00f3w"}]},{"@type":"WebSite","@id":"https:\/\/us-gc.net\/pl\/#website","url":"https:\/\/us-gc.net\/pl\/","name":"USA GC","description":"","potentialAction":[{"@type":"SearchAction","target":{"@type":"EntryPoint","urlTemplate":"https:\/\/us-gc.net\/pl\/?s={search_term_string}"},"query-input":{"@type":"PropertyValueSpecification","valueRequired":true,"valueName":"search_term_string"}}],"inLanguage":"pl-PL"}]}},"_links":{"self":[{"href":"https:\/\/us-gc.net\/pl\/wp-json\/wp\/v2\/pages\/718","targetHints":{"allow":["GET"]}}],"collection":[{"href":"https:\/\/us-gc.net\/pl\/wp-json\/wp\/v2\/pages"}],"about":[{"href":"https:\/\/us-gc.net\/pl\/wp-json\/wp\/v2\/types\/page"}],"author":[{"embeddable":true,"href":"https:\/\/us-gc.net\/pl\/wp-json\/wp\/v2\/users\/1"}],"replies":[{"embeddable":true,"href":"https:\/\/us-gc.net\/pl\/wp-json\/wp\/v2\/comments?post=718"}],"version-history":[{"count":1,"href":"https:\/\/us-gc.net\/pl\/wp-json\/wp\/v2\/pages\/718\/revisions"}],"predecessor-version":[{"id":7640,"href":"https:\/\/us-gc.net\/pl\/wp-json\/wp\/v2\/pages\/718\/revisions\/7640"}],"wp:attachment":[{"href":"https:\/\/us-gc.net\/pl\/wp-json\/wp\/v2\/media?parent=718"}],"curies":[{"name":"wp","href":"https:\/\/api.w.org\/{rel}","templated":true}]}}