{"id":670,"date":"2024-01-31T08:01:49","date_gmt":"2024-01-31T08:01:49","guid":{"rendered":"https:\/\/green-card-usa.net\/privacy-policy\/"},"modified":"2025-03-31T11:22:13","modified_gmt":"2025-03-31T11:22:13","slug":"privacy-policy","status":"publish","type":"page","link":"https:\/\/us-gc.net\/pl\/privacy-policy\/","title":{"rendered":"Polityka poufno\u015bci danych osobowych"},"content":{"rendered":"\n<h1 class=\"wp-block-heading\" id=\"h-politique-de-confidentialite\">Polityka prywatno\u015bci<\/h1>\n\n<p>Jeste\u015bmy stron\u0105 informacyjn\u0105 na temat ameryka\u0144skiego rynku pracy. Nie oferujemy \u017cadnych us\u0142ug online i nie mamy formularza rejestracyjnego na stronie. Jedynym formularzem na stronie jest <a href=\"https:\/\/us-gc.net\/pl\/contact\/\">formularz kontaktowy<\/a>.<\/p>\n\n<h2 class=\"wp-block-heading\" id=\"h-la-collecte-d-informations-sur-le-site\">Gromadzenie informacji na stronie<\/h2>\n\n<p>Poni\u017cej znajduje si\u0119 lista danych osobowych, kt\u00f3re mog\u0105 by\u0107 gromadzone w naszej witrynie:<\/p>\n\n<ul class=\"wp-block-list\">\n<li>Informacje kontaktowe, gdy wysy\u0142asz wiadomo\u015b\u0107 e-mail do naszego zespo\u0142u wsparcia, takie jak imi\u0119 i nazwisko, imi\u0119, adres e-mail. Informacje zawarte w wiadomo\u015bciach e-mail, kt\u00f3re do nas wysy\u0142asz.<\/li>\n<\/ul>\n\n<div style=\"height:10px\" aria-hidden=\"true\" class=\"wp-block-spacer\"><\/div>\n\n<h2 class=\"wp-block-heading\" id=\"h-duree-de-conservation-des-donnees\">Okres przechowywania danych<\/h2>\n\n<p>Gromadzone dane s\u0105 regularnie usuwane, co oznacza, \u017ce nie przechowujemy \u017cadnych przes\u0142anych do nas wiadomo\u015bci e-mail d\u0142u\u017cej ni\u017c przez tydzie\u0144.  <\/p>\n\n<p>Aktualizacja przechowywanych informacji: daj nam zna\u0107, je\u015bli chcesz, aby Twoje dane osobowe, kt\u00f3re przechowujemy, zosta\u0142y poprawione lub zaktualizowane w okresie ich przechowywania.<\/p>\n\n<h2 class=\"wp-block-heading\" id=\"h-securite-de-vos-donnees-personnelles\">Bezpiecze\u0144stwo Twoich danych osobowych<\/h2>\n\n<p>Podejmujemy techniczne \u015brodki ostro\u017cno\u015bci, aby zapobiec kradzie\u017cy danych osobowych zawartych w naszej bazie danych podczas czasu ich przechowywania, nawet je\u015bli jest on ograniczony. B\u0119dziemy przechowywa\u0107 wszystkie dane osobowe przesy\u0142ane na naszych bezpiecznych serwerach.<\/p>\n\n<p>U\u017cytkownik akceptuje fakt, \u017ce przesy\u0142anie informacji przez Internet nie jest zasadniczo zbyt bezpieczne. Gwarantowanie ca\u0142kowitego bezpiecze\u0144stwa przesy\u0142anych przez nas danych jest dla nas prawie niemo\u017cliwe.<\/p>\n\n<h2 class=\"wp-block-heading\" id=\"h-vos-droits-en-matiere-de-donnees-personnelles\">Twoje prawa dotycz\u0105ce danych osobowych<\/h2>\n\n<p>Masz prawo poprosi\u0107 nas o przekazanie wszelkich danych osobowych, kt\u00f3re posiadamy na Tw\u00f3j temat; mo\u017ce to nast\u0105pi\u0107 po przedstawieniu dowodu to\u017csamo\u015bci (potwierdzona kserokopia paszportu + faktura wskazuj\u0105ca adres zamieszkania).<\/p>\n\n<h2 class=\"wp-block-heading\" id=\"h-mise-a-jour-de-cette-politique-de-confidentialite\">Aktualizacja niniejszej Polityki prywatno\u015bci<\/h2>\n\n<p>Okresowo aktualizujemy t\u0119 polityk\u0119. Konieczne jest sprawdzanie tej strony podczas korzystania z serwisu pod k\u0105tem zmian w polityce prywatno\u015bci.<\/p>\n\n<h2 class=\"wp-block-heading\" id=\"h-liens-contextuels-vers-des-sites-web-tiers\">Linki kontekstowe do stron internetowych os\u00f3b trzecich<\/h2>\n\n<p>Nasza strona internetowa zawiera hiper\u0142\u0105cza do stron internetowych os\u00f3b trzecich. Nie mamy kontroli nad tymi witrynami i nie ponosimy odpowiedzialno\u015bci za ich polityk\u0119 prywatno\u015bci ani praktyki biznesowe lub marketingowe. Nie ponosimy odpowiedzialno\u015bci za te linki.<\/p>\n","protected":false},"excerpt":{"rendered":"<p>Polityka prywatno\u015bci Jeste\u015bmy stron\u0105 informacyjn\u0105 na temat ameryka\u0144skiego rynku pracy. Nie oferujemy \u017cadnych us\u0142ug online i nie mamy formularza rejestracyjnego na stronie. Jedynym formularzem na stronie jest formularz kontaktowy. Gromadzenie informacji na stronie Poni\u017cej znajduje si\u0119 lista danych osobowych, kt\u00f3re mog\u0105 by\u0107 gromadzone w naszej witrynie: Okres przechowywania danych Gromadzone dane s\u0105 regularnie usuwane, co [&hellip;]<\/p>\n","protected":false},"author":1,"featured_media":0,"parent":0,"menu_order":0,"comment_status":"closed","ping_status":"closed","template":"","meta":{"footnotes":""},"class_list":["post-670","page","type-page","status-publish","hentry"],"yoast_head":"<!-- This site is optimized with the Yoast SEO plugin v27.4 - https:\/\/yoast.com\/product\/yoast-seo-wordpress\/ -->\n<title>Polityka poufno\u015bci danych osobowych - USA GC<\/title>\n<meta name=\"description\" content=\"Szczeg\u00f3\u0142owa polityka prywatno\u015bci zgodna z obowi\u0105zuj\u0105cymi przepisami o ochronie danych osobowych\" \/>\n<meta name=\"robots\" content=\"noindex, nofollow\" \/>\n<meta property=\"og:locale\" content=\"pl_PL\" \/>\n<meta property=\"og:type\" content=\"article\" \/>\n<meta property=\"og:title\" content=\"Polityka poufno\u015bci danych osobowych - USA GC\" \/>\n<meta property=\"og:description\" content=\"Szczeg\u00f3\u0142owa polityka prywatno\u015bci zgodna z obowi\u0105zuj\u0105cymi przepisami o ochronie danych osobowych\" \/>\n<meta property=\"og:url\" content=\"https:\/\/us-gc.net\/pl\/privacy-policy\/\" \/>\n<meta property=\"og:site_name\" content=\"USA GC\" \/>\n<meta property=\"article:modified_time\" content=\"2025-03-31T11:22:13+00:00\" \/>\n<meta name=\"twitter:card\" content=\"summary_large_image\" \/>\n<meta name=\"twitter:label1\" content=\"Szacowany czas czytania\" \/>\n\t<meta name=\"twitter:data1\" content=\"2 minuty\" \/>\n<script type=\"application\/ld+json\" class=\"yoast-schema-graph\">{\"@context\":\"https:\\\/\\\/schema.org\",\"@graph\":[{\"@type\":\"WebPage\",\"@id\":\"https:\\\/\\\/us-gc.net\\\/pl\\\/privacy-policy\\\/\",\"url\":\"https:\\\/\\\/us-gc.net\\\/pl\\\/privacy-policy\\\/\",\"name\":\"Polityka poufno\u015bci danych osobowych - USA GC\",\"isPartOf\":{\"@id\":\"https:\\\/\\\/us-gc.net\\\/pl\\\/#website\"},\"datePublished\":\"2024-01-31T08:01:49+00:00\",\"dateModified\":\"2025-03-31T11:22:13+00:00\",\"description\":\"Szczeg\u00f3\u0142owa polityka prywatno\u015bci zgodna z obowi\u0105zuj\u0105cymi przepisami o ochronie danych osobowych\",\"breadcrumb\":{\"@id\":\"https:\\\/\\\/us-gc.net\\\/pl\\\/privacy-policy\\\/#breadcrumb\"},\"inLanguage\":\"pl-PL\",\"potentialAction\":[{\"@type\":\"ReadAction\",\"target\":[\"https:\\\/\\\/us-gc.net\\\/pl\\\/privacy-policy\\\/\"]}]},{\"@type\":\"BreadcrumbList\",\"@id\":\"https:\\\/\\\/us-gc.net\\\/pl\\\/privacy-policy\\\/#breadcrumb\",\"itemListElement\":[{\"@type\":\"ListItem\",\"position\":1,\"name\":\"Accueil\",\"item\":\"https:\\\/\\\/us-gc.net\\\/pl\\\/green-card\\\/\"},{\"@type\":\"ListItem\",\"position\":2,\"name\":\"Polityka poufno\u015bci danych osobowych\"}]},{\"@type\":\"WebSite\",\"@id\":\"https:\\\/\\\/us-gc.net\\\/pl\\\/#website\",\"url\":\"https:\\\/\\\/us-gc.net\\\/pl\\\/\",\"name\":\"USA GC\",\"description\":\"\",\"potentialAction\":[{\"@type\":\"SearchAction\",\"target\":{\"@type\":\"EntryPoint\",\"urlTemplate\":\"https:\\\/\\\/us-gc.net\\\/pl\\\/?s={search_term_string}\"},\"query-input\":{\"@type\":\"PropertyValueSpecification\",\"valueRequired\":true,\"valueName\":\"search_term_string\"}}],\"inLanguage\":\"pl-PL\"}]}<\/script>\n<!-- \/ Yoast SEO plugin. -->","yoast_head_json":{"title":"Polityka poufno\u015bci danych osobowych - USA GC","description":"Szczeg\u00f3\u0142owa polityka prywatno\u015bci zgodna z obowi\u0105zuj\u0105cymi przepisami o ochronie danych osobowych","robots":{"index":"noindex","follow":"nofollow"},"og_locale":"pl_PL","og_type":"article","og_title":"Polityka poufno\u015bci danych osobowych - USA GC","og_description":"Szczeg\u00f3\u0142owa polityka prywatno\u015bci zgodna z obowi\u0105zuj\u0105cymi przepisami o ochronie danych osobowych","og_url":"https:\/\/us-gc.net\/pl\/privacy-policy\/","og_site_name":"USA GC","article_modified_time":"2025-03-31T11:22:13+00:00","twitter_card":"summary_large_image","twitter_misc":{"Szacowany czas czytania":"2 minuty"},"schema":{"@context":"https:\/\/schema.org","@graph":[{"@type":"WebPage","@id":"https:\/\/us-gc.net\/pl\/privacy-policy\/","url":"https:\/\/us-gc.net\/pl\/privacy-policy\/","name":"Polityka poufno\u015bci danych osobowych - USA GC","isPartOf":{"@id":"https:\/\/us-gc.net\/pl\/#website"},"datePublished":"2024-01-31T08:01:49+00:00","dateModified":"2025-03-31T11:22:13+00:00","description":"Szczeg\u00f3\u0142owa polityka prywatno\u015bci zgodna z obowi\u0105zuj\u0105cymi przepisami o ochronie danych osobowych","breadcrumb":{"@id":"https:\/\/us-gc.net\/pl\/privacy-policy\/#breadcrumb"},"inLanguage":"pl-PL","potentialAction":[{"@type":"ReadAction","target":["https:\/\/us-gc.net\/pl\/privacy-policy\/"]}]},{"@type":"BreadcrumbList","@id":"https:\/\/us-gc.net\/pl\/privacy-policy\/#breadcrumb","itemListElement":[{"@type":"ListItem","position":1,"name":"Accueil","item":"https:\/\/us-gc.net\/pl\/green-card\/"},{"@type":"ListItem","position":2,"name":"Polityka poufno\u015bci danych osobowych"}]},{"@type":"WebSite","@id":"https:\/\/us-gc.net\/pl\/#website","url":"https:\/\/us-gc.net\/pl\/","name":"USA GC","description":"","potentialAction":[{"@type":"SearchAction","target":{"@type":"EntryPoint","urlTemplate":"https:\/\/us-gc.net\/pl\/?s={search_term_string}"},"query-input":{"@type":"PropertyValueSpecification","valueRequired":true,"valueName":"search_term_string"}}],"inLanguage":"pl-PL"}]}},"_links":{"self":[{"href":"https:\/\/us-gc.net\/pl\/wp-json\/wp\/v2\/pages\/670","targetHints":{"allow":["GET"]}}],"collection":[{"href":"https:\/\/us-gc.net\/pl\/wp-json\/wp\/v2\/pages"}],"about":[{"href":"https:\/\/us-gc.net\/pl\/wp-json\/wp\/v2\/types\/page"}],"author":[{"embeddable":true,"href":"https:\/\/us-gc.net\/pl\/wp-json\/wp\/v2\/users\/1"}],"replies":[{"embeddable":true,"href":"https:\/\/us-gc.net\/pl\/wp-json\/wp\/v2\/comments?post=670"}],"version-history":[{"count":2,"href":"https:\/\/us-gc.net\/pl\/wp-json\/wp\/v2\/pages\/670\/revisions"}],"predecessor-version":[{"id":8657,"href":"https:\/\/us-gc.net\/pl\/wp-json\/wp\/v2\/pages\/670\/revisions\/8657"}],"wp:attachment":[{"href":"https:\/\/us-gc.net\/pl\/wp-json\/wp\/v2\/media?parent=670"}],"curies":[{"name":"wp","href":"https:\/\/api.w.org\/{rel}","templated":true}]}}