{"id":635,"date":"2024-01-31T07:59:57","date_gmt":"2024-01-31T07:59:57","guid":{"rendered":"https:\/\/green-card-usa.net\/nota-prawna\/"},"modified":"2025-03-31T10:09:46","modified_gmt":"2025-03-31T10:09:46","slug":"nota-prawna","status":"publish","type":"page","link":"https:\/\/us-gc.net\/pl\/nota-prawna\/","title":{"rendered":"Informacje prawne"},"content":{"rendered":"\n<h1 class=\"wp-block-heading\" id=\"h-mentions-legales-du-site\">Wzmianki prawne o witrynie<\/h1>\n\n<h2 class=\"wp-block-heading\" id=\"h-editeur-du-site\">Edytor strony<\/h2>\n\n<p>Jeste\u015bmy portalem informacyjnym na temat rynku pracy w Stanach Zjednoczonych. Nasza strona jest publikowana przez prywatn\u0105 malta\u0144sk\u0105 firm\u0119 <a href=\"https:\/\/alma-consulting.org\/\">Alma Consulting<\/a>. Jeste\u015bmy niezale\u017cni od jakiejkolwiek administracji publicznej.    <\/p>\n\n<p>Osob\u0105 odpowiedzialn\u0105 za publikacj\u0119 strony jest Kevin Borg. Aby si\u0119 z nami skontaktowa\u0107, skorzystaj z <a href=\"https:\/\/us-gc.net\/pl\/contact\/\">formularza kontaktowego<\/a>.<\/p>\n\n<h2 class=\"wp-block-heading\" id=\"h-hebergement-du-site\">Hosting stron internetowych<\/h2>\n\n<p>Witryna jest hostowana przez OVH, kt\u00f3rej siedziba znajduje si\u0119 w Roubaix we Francji. OVH jest sp\u00f3\u0142k\u0105 zarejestrowan\u0105 w rejestrze sp\u00f3\u0142ek Lille M\u00e9tropole pod numerem B424 761 419. <\/p>\n\n<h2 class=\"wp-block-heading\" id=\"h-traitement-des-donnees-personnelles\">Przetwarzanie danych osobowych<\/h2>\n\n<p>Nie gromadzimy \u017cadnych danych osobowych za po\u015brednictwem formularza online. Jedyne dane osobowe gromadzone od os\u00f3b odwiedzaj\u0105cych witryn\u0119 dotycz\u0105 informacji podanych w formularzu kontaktowym. Informacje te s\u0105 niszczone i nie s\u0105 przechowywane po przetworzeniu wiadomo\u015bci e-mail. <\/p>\n\n<p>Je\u015bli chodzi o pliki cookie przegl\u0105darki, odwiedzaj\u0105cy mog\u0105 samodzielnie zablokowa\u0107 korzystanie z plik\u00f3w cookie przegl\u0105darki. U\u017cytkownik ma r\u00f3wnie\u017c prawo dost\u0119pu do tych danych, ich modyfikowania, poprawiania i usuwania. Aby skorzysta\u0107 z tego prawa, nale\u017cy skontaktowa\u0107 si\u0119 z nami za pomoc\u0105 <a href=\"https:\/\/us-gc.net\/pl\/contact\/\">formularza kontaktowego<\/a>.<\/p>\n","protected":false},"excerpt":{"rendered":"<p>Wzmianki prawne o witrynie Edytor strony Jeste\u015bmy portalem informacyjnym na temat rynku pracy w Stanach Zjednoczonych. Nasza strona jest publikowana przez prywatn\u0105 malta\u0144sk\u0105 firm\u0119 Alma Consulting. Jeste\u015bmy niezale\u017cni od jakiejkolwiek administracji publicznej. Osob\u0105 odpowiedzialn\u0105 za publikacj\u0119 strony jest Kevin Borg. Aby si\u0119 z nami skontaktowa\u0107, skorzystaj z formularza kontaktowego. Hosting stron internetowych Witryna jest hostowana [&hellip;]<\/p>\n","protected":false},"author":1,"featured_media":0,"parent":0,"menu_order":0,"comment_status":"closed","ping_status":"closed","template":"","meta":{"footnotes":""},"class_list":["post-635","page","type-page","status-publish","hentry"],"yoast_head":"<!-- This site is optimized with the Yoast SEO plugin v27.4 - https:\/\/yoast.com\/product\/yoast-seo-wordpress\/ -->\n<title>Informacje prawne - USA GC<\/title>\n<meta name=\"description\" content=\"Nota prawna dla strony us-gc.net, informacje na temat ameryka\u0144skiego rynku pracy i imigracji\" \/>\n<meta name=\"robots\" content=\"noindex, nofollow\" \/>\n<meta property=\"og:locale\" content=\"pl_PL\" \/>\n<meta property=\"og:type\" content=\"article\" \/>\n<meta property=\"og:title\" content=\"Informacje prawne - USA GC\" \/>\n<meta property=\"og:description\" content=\"Nota prawna dla strony us-gc.net, informacje na temat ameryka\u0144skiego rynku pracy i imigracji\" \/>\n<meta property=\"og:url\" content=\"https:\/\/us-gc.net\/pl\/nota-prawna\/\" \/>\n<meta property=\"og:site_name\" content=\"USA GC\" \/>\n<meta property=\"article:modified_time\" content=\"2025-03-31T10:09:46+00:00\" \/>\n<meta name=\"twitter:card\" content=\"summary_large_image\" \/>\n<meta name=\"twitter:label1\" content=\"Szacowany czas czytania\" \/>\n\t<meta name=\"twitter:data1\" content=\"1 minuta\" \/>\n<script type=\"application\/ld+json\" class=\"yoast-schema-graph\">{\"@context\":\"https:\\\/\\\/schema.org\",\"@graph\":[{\"@type\":\"WebPage\",\"@id\":\"https:\\\/\\\/us-gc.net\\\/pl\\\/nota-prawna\\\/\",\"url\":\"https:\\\/\\\/us-gc.net\\\/pl\\\/nota-prawna\\\/\",\"name\":\"Informacje prawne - USA GC\",\"isPartOf\":{\"@id\":\"https:\\\/\\\/us-gc.net\\\/pl\\\/#website\"},\"datePublished\":\"2024-01-31T07:59:57+00:00\",\"dateModified\":\"2025-03-31T10:09:46+00:00\",\"description\":\"Nota prawna dla strony us-gc.net, informacje na temat ameryka\u0144skiego rynku pracy i imigracji\",\"breadcrumb\":{\"@id\":\"https:\\\/\\\/us-gc.net\\\/pl\\\/nota-prawna\\\/#breadcrumb\"},\"inLanguage\":\"pl-PL\",\"potentialAction\":[{\"@type\":\"ReadAction\",\"target\":[\"https:\\\/\\\/us-gc.net\\\/pl\\\/nota-prawna\\\/\"]}]},{\"@type\":\"BreadcrumbList\",\"@id\":\"https:\\\/\\\/us-gc.net\\\/pl\\\/nota-prawna\\\/#breadcrumb\",\"itemListElement\":[{\"@type\":\"ListItem\",\"position\":1,\"name\":\"Accueil\",\"item\":\"https:\\\/\\\/us-gc.net\\\/pl\\\/green-card\\\/\"},{\"@type\":\"ListItem\",\"position\":2,\"name\":\"Informacje prawne\"}]},{\"@type\":\"WebSite\",\"@id\":\"https:\\\/\\\/us-gc.net\\\/pl\\\/#website\",\"url\":\"https:\\\/\\\/us-gc.net\\\/pl\\\/\",\"name\":\"USA GC\",\"description\":\"\",\"potentialAction\":[{\"@type\":\"SearchAction\",\"target\":{\"@type\":\"EntryPoint\",\"urlTemplate\":\"https:\\\/\\\/us-gc.net\\\/pl\\\/?s={search_term_string}\"},\"query-input\":{\"@type\":\"PropertyValueSpecification\",\"valueRequired\":true,\"valueName\":\"search_term_string\"}}],\"inLanguage\":\"pl-PL\"}]}<\/script>\n<!-- \/ Yoast SEO plugin. -->","yoast_head_json":{"title":"Informacje prawne - USA GC","description":"Nota prawna dla strony us-gc.net, informacje na temat ameryka\u0144skiego rynku pracy i imigracji","robots":{"index":"noindex","follow":"nofollow"},"og_locale":"pl_PL","og_type":"article","og_title":"Informacje prawne - USA GC","og_description":"Nota prawna dla strony us-gc.net, informacje na temat ameryka\u0144skiego rynku pracy i imigracji","og_url":"https:\/\/us-gc.net\/pl\/nota-prawna\/","og_site_name":"USA GC","article_modified_time":"2025-03-31T10:09:46+00:00","twitter_card":"summary_large_image","twitter_misc":{"Szacowany czas czytania":"1 minuta"},"schema":{"@context":"https:\/\/schema.org","@graph":[{"@type":"WebPage","@id":"https:\/\/us-gc.net\/pl\/nota-prawna\/","url":"https:\/\/us-gc.net\/pl\/nota-prawna\/","name":"Informacje prawne - USA GC","isPartOf":{"@id":"https:\/\/us-gc.net\/pl\/#website"},"datePublished":"2024-01-31T07:59:57+00:00","dateModified":"2025-03-31T10:09:46+00:00","description":"Nota prawna dla strony us-gc.net, informacje na temat ameryka\u0144skiego rynku pracy i imigracji","breadcrumb":{"@id":"https:\/\/us-gc.net\/pl\/nota-prawna\/#breadcrumb"},"inLanguage":"pl-PL","potentialAction":[{"@type":"ReadAction","target":["https:\/\/us-gc.net\/pl\/nota-prawna\/"]}]},{"@type":"BreadcrumbList","@id":"https:\/\/us-gc.net\/pl\/nota-prawna\/#breadcrumb","itemListElement":[{"@type":"ListItem","position":1,"name":"Accueil","item":"https:\/\/us-gc.net\/pl\/green-card\/"},{"@type":"ListItem","position":2,"name":"Informacje prawne"}]},{"@type":"WebSite","@id":"https:\/\/us-gc.net\/pl\/#website","url":"https:\/\/us-gc.net\/pl\/","name":"USA GC","description":"","potentialAction":[{"@type":"SearchAction","target":{"@type":"EntryPoint","urlTemplate":"https:\/\/us-gc.net\/pl\/?s={search_term_string}"},"query-input":{"@type":"PropertyValueSpecification","valueRequired":true,"valueName":"search_term_string"}}],"inLanguage":"pl-PL"}]}},"_links":{"self":[{"href":"https:\/\/us-gc.net\/pl\/wp-json\/wp\/v2\/pages\/635","targetHints":{"allow":["GET"]}}],"collection":[{"href":"https:\/\/us-gc.net\/pl\/wp-json\/wp\/v2\/pages"}],"about":[{"href":"https:\/\/us-gc.net\/pl\/wp-json\/wp\/v2\/types\/page"}],"author":[{"embeddable":true,"href":"https:\/\/us-gc.net\/pl\/wp-json\/wp\/v2\/users\/1"}],"replies":[{"embeddable":true,"href":"https:\/\/us-gc.net\/pl\/wp-json\/wp\/v2\/comments?post=635"}],"version-history":[{"count":2,"href":"https:\/\/us-gc.net\/pl\/wp-json\/wp\/v2\/pages\/635\/revisions"}],"predecessor-version":[{"id":8450,"href":"https:\/\/us-gc.net\/pl\/wp-json\/wp\/v2\/pages\/635\/revisions\/8450"}],"wp:attachment":[{"href":"https:\/\/us-gc.net\/pl\/wp-json\/wp\/v2\/media?parent=635"}],"curies":[{"name":"wp","href":"https:\/\/api.w.org\/{rel}","templated":true}]}}