{"id":448,"date":"2024-02-01T08:19:27","date_gmt":"2024-02-01T08:19:27","guid":{"rendered":"https:\/\/green-card-usa.net\/green-card-loterii-formularz\/"},"modified":"2025-03-31T10:05:56","modified_gmt":"2025-03-31T10:05:56","slug":"green-card-loterii-formularz","status":"publish","type":"page","link":"https:\/\/us-gc.net\/pl\/green-card-loterii-formularz\/","title":{"rendered":"Formularz rejestracyjny online loterii Green Card"},"content":{"rendered":"\t\t<div data-elementor-type=\"wp-page\" data-elementor-id=\"448\" class=\"elementor elementor-448 elementor-145\" data-elementor-post-type=\"page\">\n\t\t\t\t<div class=\"elementor-element elementor-element-75ef7d8 e-flex e-con-boxed e-con e-parent\" data-id=\"75ef7d8\" data-element_type=\"container\" data-e-type=\"container\">\n\t\t\t\t\t<div class=\"e-con-inner\">\n\t\t\t\t<div class=\"elementor-element elementor-element-3149e08 elementor-widget elementor-widget-heading\" data-id=\"3149e08\" data-element_type=\"widget\" data-e-type=\"widget\" data-widget_type=\"heading.default\">\n\t\t\t\t<div class=\"elementor-widget-container\">\n\t\t\t\t\t<h1 class=\"elementor-heading-title elementor-size-default\">Formularz rejestracyjny loterii Zielonej Karty<\/h1>\t\t\t\t<\/div>\n\t\t\t\t<\/div>\n\t\t\t\t\t<\/div>\n\t\t\t\t<\/div>\n\t\t<div class=\"elementor-element elementor-element-1c60801 e-flex e-con-boxed e-con e-parent\" data-id=\"1c60801\" data-element_type=\"container\" data-e-type=\"container\">\n\t\t\t\t\t<div class=\"e-con-inner\">\n\t\t\t\t<div class=\"elementor-element elementor-element-2e9ffc9 elementor-widget elementor-widget-text-editor\" data-id=\"2e9ffc9\" data-element_type=\"widget\" data-e-type=\"widget\" data-widget_type=\"text-editor.default\">\n\t\t\t\t<div class=\"elementor-widget-container\">\n\t\t\t\t\t\t\t\t\t<p>Rejestracja do kolejnego losowania Zielonej Karty odbywa si\u0119 ca\u0142kowicie online. Wype\u0142nienie formularza zajmuje tylko kilka minut. Zabezpiecz swoje zg\u0142oszenie tak szybko, jak to mo\u017cliwe, aby unikn\u0105\u0107 przekroczenia terminu rejestracji.<\/p>\n\t\t\t\t\t\t\t\t<\/div>\n\t\t\t\t<\/div>\n\t\t\t\t\t<\/div>\n\t\t\t\t<\/div>\n\t\t<div class=\"elementor-element elementor-element-9d42428 e-flex e-con-boxed e-con e-parent\" data-id=\"9d42428\" data-element_type=\"container\" data-e-type=\"container\">\n\t\t\t\t\t<div class=\"e-con-inner\">\n\t\t\t\t<div class=\"elementor-element elementor-element-6933e78 elementor-widget elementor-widget-text-editor\" data-id=\"6933e78\" data-element_type=\"widget\" data-e-type=\"widget\" data-widget_type=\"text-editor.default\">\n\t\t\t\t<div class=\"elementor-widget-container\">\n\t\t\t\t\t\t\t\t\t<p>Wype\u0142nienie formularza rejestracyjnego jest do\u015b\u0107 szybkie. Musisz poda\u0107 szereg danych osobowych i spe\u0142ni\u0107 okre\u015blone warunki kwalifikowalno\u015bci.<\/p>\n\t\t\t\t\t\t\t\t<\/div>\n\t\t\t\t<\/div>\n\t\t\t\t\t<\/div>\n\t\t\t\t<\/div>\n\t\t<div class=\"elementor-element elementor-element-6306da8 e-flex e-con-boxed e-con e-parent\" data-id=\"6306da8\" data-element_type=\"container\" data-e-type=\"container\">\n\t\t\t\t\t<div class=\"e-con-inner\">\n\t\t\t\t<div class=\"elementor-element elementor-element-b506912 elementor-widget elementor-widget-heading\" data-id=\"b506912\" data-element_type=\"widget\" data-e-type=\"widget\" data-widget_type=\"heading.default\">\n\t\t\t\t<div class=\"elementor-widget-container\">\n\t\t\t\t\t<h2 class=\"elementor-heading-title elementor-size-default\">Jak wype\u0142ni\u0107 formularz<\/h2>\t\t\t\t<\/div>\n\t\t\t\t<\/div>\n\t\t\t\t\t<\/div>\n\t\t\t\t<\/div>\n\t\t<div class=\"elementor-element elementor-element-e5c6b45 e-flex e-con-boxed e-con e-parent\" data-id=\"e5c6b45\" data-element_type=\"container\" data-e-type=\"container\">\n\t\t\t\t\t<div class=\"e-con-inner\">\n\t\t\t\t<div class=\"elementor-element elementor-element-e90f36f elementor-widget elementor-widget-text-editor\" data-id=\"e90f36f\" data-element_type=\"widget\" data-e-type=\"widget\" data-widget_type=\"text-editor.default\">\n\t\t\t\t<div class=\"elementor-widget-container\">\n\t\t\t\t\t\t\t\t\t<p>Formularz wype\u0142nia si\u0119 ca\u0142kowicie online. Informacje, kt\u00f3re nale\u017cy poda\u0107 w celu potwierdzenia rejestracji to :<\/p>\n<ul>\n<li>Tw\u00f3j stan cywilny;<\/li>\n<li>Twoje miejsce zamieszkania ;<\/li>\n<li>Adres e-mail i numer telefonu;<\/li>\n<li>Tw\u00f3j poziom wykszta\u0142cenia;<\/li>\n<li>Twoja sytuacja rodzinna;<\/li>\n<li>Wa\u017cny paszport.<\/li>\n<\/ul>\n<div> <\/div>\n<div>Aby sfinalizowa\u0107 rejestracj\u0119 w loterii Zielonej Karty, nale\u017cy przes\u0142a\u0107 <span style=\"text-decoration: underline;\"><a href=\"https:\/\/us-gc.net\/pl\/fotograficzna-green-card\/\">zdj\u0119cie do Zielonej Karty<\/a><\/span> kt\u00f3re ma mniej ni\u017c 6 miesi\u0119cy, w wymaganym formacie.<\/div>\n\t\t\t\t\t\t\t\t<\/div>\n\t\t\t\t<\/div>\n\t\t\t\t\t<\/div>\n\t\t\t\t<\/div>\n\t\t<div class=\"elementor-element elementor-element-b40a6c1 e-flex e-con-boxed e-con e-parent\" data-id=\"b40a6c1\" data-element_type=\"container\" data-e-type=\"container\">\n\t\t\t\t\t<div class=\"e-con-inner\">\n\t\t\t\t<div class=\"elementor-element elementor-element-844f7e4 elementor-widget elementor-widget-heading\" data-id=\"844f7e4\" data-element_type=\"widget\" data-e-type=\"widget\" data-widget_type=\"heading.default\">\n\t\t\t\t<div class=\"elementor-widget-container\">\n\t\t\t\t\t<h2 class=\"elementor-heading-title elementor-size-default\">Warunki kwalifikowalno\u015bci<\/h2>\t\t\t\t<\/div>\n\t\t\t\t<\/div>\n\t\t\t\t\t<\/div>\n\t\t\t\t<\/div>\n\t\t<div class=\"elementor-element elementor-element-905f167 e-flex e-con-boxed e-con e-parent\" data-id=\"905f167\" data-element_type=\"container\" data-e-type=\"container\">\n\t\t\t\t\t<div class=\"e-con-inner\">\n\t\t\t\t<div class=\"elementor-element elementor-element-a70162a elementor-widget elementor-widget-text-editor\" data-id=\"a70162a\" data-element_type=\"widget\" data-e-type=\"widget\" data-widget_type=\"text-editor.default\">\n\t\t\t\t<div class=\"elementor-widget-container\">\n\t\t\t\t\t\t\t\t\t<p>Wymagania kwalifikacyjne do wzi\u0119cia udzia\u0142u w corocznej ameryka\u0144skiej loterii Zielonej Karty s\u0105 bardzo proste. Istniej\u0105 dwa g\u0142\u00f3wne kryteria, kt\u00f3re nale\u017cy spe\u0142ni\u0107:<\/p>\n<h3>Musisz by\u0107 obywatelem kwalifikuj\u0105cego si\u0119 kraju<\/h3>\n<p>Nie wszystkie kraje mog\u0105 wzi\u0105\u0107 udzia\u0142 w loterii <span style=\"text-decoration: underline;\"><a href=\"https:\/\/us-gc.net\/pl\/loteria-green-card\/\">Loteria Zielonej Karty<\/a><\/span>. Stany Zjednoczone staraj\u0105 si\u0119 utrzyma\u0107 mieszan\u0105 populacj\u0119 imigrant\u00f3w. Obywatele kraj\u00f3w, kt\u00f3rych ponad 50 000 obywateli wyemigrowa\u0142o do Stan\u00f3w Zjednoczonych w ci\u0105gu ostatnich pi\u0119ciu lat, nie kwalifikuj\u0105 si\u0119 do ubiegania si\u0119 o <span style=\"text-decoration: underline;\"><a href=\"https:\/\/us-gc.net\/pl\/\">Zielon\u0105 Kart\u0119<\/a><\/span>. Lista kraj\u00f3w, kt\u00f3rych obywatele nie mog\u0105 uczestniczy\u0107 w programie, jest publikowana co roku przez USCIS. Oto lista kraj\u00f3w, kt\u00f3re nie s\u0105 uprawnione do wzi\u0119cia udzia\u0142u w losowaniu <span style=\"text-decoration: underline;\"><a href=\"https:\/\/us-gc.net\/pl\/loteria-green-card-2025\/\">Loteria Zielonej Karty 2025<\/a><\/span>.<\/p>\n<h3>Musisz mie\u0107 co najmniej wy\u017csze wykszta\u0142cenie<\/h3>\n<p>Aby wzi\u0105\u0107 udzia\u0142 w <span style=\"text-decoration: underline;\"><a href=\"https:\/\/us-gc.net\/pl\/amerykanskiej-loterii-zielonej-karty\/\">loterii zielonej karty<\/a><\/span> musisz mie\u0107 minimalny poziom akademicki. Wy\u017cszy poziom edukacji mo\u017cna uzasadni\u0107 na dwa sposoby:<\/p>\n<ul>\n<li>Posiada\u0107 matur\u0119 lub jej odpowiednik;<\/li>\n<li>Zajmowanie stanowiska przez co najmniej 2 lata w ci\u0105gu ostatnich 5 lat, wymagaj\u0105cego co najmniej 2 lat szkolenia lub do\u015bwiadczenia.<\/li>\n<\/ul>\n\t\t\t\t\t\t\t\t<\/div>\n\t\t\t\t<\/div>\n\t\t\t\t\t<\/div>\n\t\t\t\t<\/div>\n\t\t<div class=\"elementor-element elementor-element-6a0528e e-flex e-con-boxed e-con e-parent\" data-id=\"6a0528e\" data-element_type=\"container\" data-e-type=\"container\">\n\t\t\t\t\t<div class=\"e-con-inner\">\n\t\t\t\t<div class=\"elementor-element elementor-element-57b8aba elementor-widget elementor-widget-heading\" data-id=\"57b8aba\" data-element_type=\"widget\" data-e-type=\"widget\" data-widget_type=\"heading.default\">\n\t\t\t\t<div class=\"elementor-widget-container\">\n\t\t\t\t\t<h2 class=\"elementor-heading-title elementor-size-default\">Wyniki loterii zielonej karty<\/h2>\t\t\t\t<\/div>\n\t\t\t\t<\/div>\n\t\t\t\t\t<\/div>\n\t\t\t\t<\/div>\n\t\t<div class=\"elementor-element elementor-element-5bfb210 e-flex e-con-boxed e-con e-parent\" data-id=\"5bfb210\" data-element_type=\"container\" data-e-type=\"container\">\n\t\t\t\t\t<div class=\"e-con-inner\">\n\t\t\t\t<div class=\"elementor-element elementor-element-2e3ef98 elementor-widget elementor-widget-text-editor\" data-id=\"2e3ef98\" data-element_type=\"widget\" data-e-type=\"widget\" data-widget_type=\"text-editor.default\">\n\t\t\t\t<div class=\"elementor-widget-container\">\n\t\t\t\t\t\t\t\t\t<p>Wizyta <span style=\"text-decoration: underline;\"><a href=\"https:\/\/us-gc.net\/pl\/wyniki-loterii-green-card\/\">Wyniki loterii Zielonej Karty<\/a><\/span> Wyniki loterii s\u0105 publikowane online ka\u017cdego roku. Dla wszystkich wnioskodawc\u00f3w, kt\u00f3rzy wygraj\u0105 losowanie loterii, rozpoczyna si\u0119 proces uzyskiwania Zielonej Karty. Proces ten trwa kilka miesi\u0119cy. Ostatnim etapem jest <span style=\"text-decoration: underline;\"><a href=\"https:\/\/us-gc.net\/pl\/green-card-rozmowa\/\">rozmowa kwalifikacyjna w celu uzyskania Zielonej Karty<\/a><\/span>. Rozmowa ta odbywa si\u0119 z urz\u0119dnikiem USCIS i finalizuje proces.<\/p>\n\t\t\t\t\t\t\t\t<\/div>\n\t\t\t\t<\/div>\n\t\t\t\t\t<\/div>\n\t\t\t\t<\/div>\n\t\t\t\t<\/div>\n\t\t","protected":false},"excerpt":{"rendered":"<p>Formularz rejestracyjny loterii Zielonej Karty Rejestracja do kolejnego losowania Zielonej Karty odbywa si\u0119 ca\u0142kowicie online. Wype\u0142nienie formularza zajmuje tylko kilka minut. Zabezpiecz swoje zg\u0142oszenie tak szybko, jak to mo\u017cliwe, aby unikn\u0105\u0107 przekroczenia terminu rejestracji. Wype\u0142nienie formularza rejestracyjnego jest do\u015b\u0107 szybkie. Musisz poda\u0107 szereg danych osobowych i spe\u0142ni\u0107 okre\u015blone warunki kwalifikowalno\u015bci. Jak wype\u0142ni\u0107 formularz Formularz wype\u0142nia [&hellip;]<\/p>\n","protected":false},"author":1,"featured_media":0,"parent":0,"menu_order":0,"comment_status":"closed","ping_status":"closed","template":"","meta":{"footnotes":""},"class_list":["post-448","page","type-page","status-publish","hentry"],"yoast_head":"<!-- This site is optimized with the Yoast SEO plugin v27.4 - https:\/\/yoast.com\/product\/yoast-seo-wordpress\/ -->\n<title>Formularz rejestracyjny online loterii Green Card - USA GC<\/title>\n<meta name=\"description\" content=\"Zarejestruj si\u0119 bezpo\u015brednio online, aby wzi\u0105\u0107 udzia\u0142 w kolejnym losowaniu Ameryka\u0144skiej Zielonej Karty\" \/>\n<meta name=\"robots\" content=\"index, follow, max-snippet:-1, max-image-preview:large, max-video-preview:-1\" \/>\n<link rel=\"canonical\" href=\"https:\/\/us-gc.net\/pl\/green-card-loterii-formularz\/\" \/>\n<meta property=\"og:locale\" content=\"pl_PL\" \/>\n<meta property=\"og:type\" content=\"article\" \/>\n<meta property=\"og:title\" content=\"Formularz rejestracyjny online loterii Green Card - USA GC\" \/>\n<meta property=\"og:description\" content=\"Zarejestruj si\u0119 bezpo\u015brednio online, aby wzi\u0105\u0107 udzia\u0142 w kolejnym losowaniu Ameryka\u0144skiej Zielonej Karty\" \/>\n<meta property=\"og:url\" content=\"https:\/\/us-gc.net\/pl\/green-card-loterii-formularz\/\" \/>\n<meta property=\"og:site_name\" content=\"USA GC\" \/>\n<meta property=\"article:modified_time\" content=\"2025-03-31T10:05:56+00:00\" \/>\n<meta name=\"twitter:card\" content=\"summary_large_image\" \/>\n<meta name=\"twitter:label1\" content=\"Szacowany czas czytania\" \/>\n\t<meta name=\"twitter:data1\" content=\"2 minuty\" \/>\n<script type=\"application\/ld+json\" class=\"yoast-schema-graph\">{\"@context\":\"https:\\\/\\\/schema.org\",\"@graph\":[{\"@type\":\"WebPage\",\"@id\":\"https:\\\/\\\/us-gc.net\\\/pl\\\/green-card-loterii-formularz\\\/\",\"url\":\"https:\\\/\\\/us-gc.net\\\/pl\\\/green-card-loterii-formularz\\\/\",\"name\":\"Formularz rejestracyjny online loterii Green Card - USA GC\",\"isPartOf\":{\"@id\":\"https:\\\/\\\/us-gc.net\\\/pl\\\/#website\"},\"datePublished\":\"2024-02-01T08:19:27+00:00\",\"dateModified\":\"2025-03-31T10:05:56+00:00\",\"description\":\"Zarejestruj si\u0119 bezpo\u015brednio online, aby wzi\u0105\u0107 udzia\u0142 w kolejnym losowaniu Ameryka\u0144skiej Zielonej Karty\",\"breadcrumb\":{\"@id\":\"https:\\\/\\\/us-gc.net\\\/pl\\\/green-card-loterii-formularz\\\/#breadcrumb\"},\"inLanguage\":\"pl-PL\",\"potentialAction\":[{\"@type\":\"ReadAction\",\"target\":[\"https:\\\/\\\/us-gc.net\\\/pl\\\/green-card-loterii-formularz\\\/\"]}]},{\"@type\":\"BreadcrumbList\",\"@id\":\"https:\\\/\\\/us-gc.net\\\/pl\\\/green-card-loterii-formularz\\\/#breadcrumb\",\"itemListElement\":[{\"@type\":\"ListItem\",\"position\":1,\"name\":\"Accueil\",\"item\":\"https:\\\/\\\/us-gc.net\\\/pl\\\/green-card\\\/\"},{\"@type\":\"ListItem\",\"position\":2,\"name\":\"Formularz rejestracyjny online loterii Green Card\"}]},{\"@type\":\"WebSite\",\"@id\":\"https:\\\/\\\/us-gc.net\\\/pl\\\/#website\",\"url\":\"https:\\\/\\\/us-gc.net\\\/pl\\\/\",\"name\":\"USA GC\",\"description\":\"\",\"potentialAction\":[{\"@type\":\"SearchAction\",\"target\":{\"@type\":\"EntryPoint\",\"urlTemplate\":\"https:\\\/\\\/us-gc.net\\\/pl\\\/?s={search_term_string}\"},\"query-input\":{\"@type\":\"PropertyValueSpecification\",\"valueRequired\":true,\"valueName\":\"search_term_string\"}}],\"inLanguage\":\"pl-PL\"}]}<\/script>\n<!-- \/ Yoast SEO plugin. -->","yoast_head_json":{"title":"Formularz rejestracyjny online loterii Green Card - USA GC","description":"Zarejestruj si\u0119 bezpo\u015brednio online, aby wzi\u0105\u0107 udzia\u0142 w kolejnym losowaniu Ameryka\u0144skiej Zielonej Karty","robots":{"index":"index","follow":"follow","max-snippet":"max-snippet:-1","max-image-preview":"max-image-preview:large","max-video-preview":"max-video-preview:-1"},"canonical":"https:\/\/us-gc.net\/pl\/green-card-loterii-formularz\/","og_locale":"pl_PL","og_type":"article","og_title":"Formularz rejestracyjny online loterii Green Card - USA GC","og_description":"Zarejestruj si\u0119 bezpo\u015brednio online, aby wzi\u0105\u0107 udzia\u0142 w kolejnym losowaniu Ameryka\u0144skiej Zielonej Karty","og_url":"https:\/\/us-gc.net\/pl\/green-card-loterii-formularz\/","og_site_name":"USA GC","article_modified_time":"2025-03-31T10:05:56+00:00","twitter_card":"summary_large_image","twitter_misc":{"Szacowany czas czytania":"2 minuty"},"schema":{"@context":"https:\/\/schema.org","@graph":[{"@type":"WebPage","@id":"https:\/\/us-gc.net\/pl\/green-card-loterii-formularz\/","url":"https:\/\/us-gc.net\/pl\/green-card-loterii-formularz\/","name":"Formularz rejestracyjny online loterii Green Card - USA GC","isPartOf":{"@id":"https:\/\/us-gc.net\/pl\/#website"},"datePublished":"2024-02-01T08:19:27+00:00","dateModified":"2025-03-31T10:05:56+00:00","description":"Zarejestruj si\u0119 bezpo\u015brednio online, aby wzi\u0105\u0107 udzia\u0142 w kolejnym losowaniu Ameryka\u0144skiej Zielonej Karty","breadcrumb":{"@id":"https:\/\/us-gc.net\/pl\/green-card-loterii-formularz\/#breadcrumb"},"inLanguage":"pl-PL","potentialAction":[{"@type":"ReadAction","target":["https:\/\/us-gc.net\/pl\/green-card-loterii-formularz\/"]}]},{"@type":"BreadcrumbList","@id":"https:\/\/us-gc.net\/pl\/green-card-loterii-formularz\/#breadcrumb","itemListElement":[{"@type":"ListItem","position":1,"name":"Accueil","item":"https:\/\/us-gc.net\/pl\/green-card\/"},{"@type":"ListItem","position":2,"name":"Formularz rejestracyjny online loterii Green Card"}]},{"@type":"WebSite","@id":"https:\/\/us-gc.net\/pl\/#website","url":"https:\/\/us-gc.net\/pl\/","name":"USA GC","description":"","potentialAction":[{"@type":"SearchAction","target":{"@type":"EntryPoint","urlTemplate":"https:\/\/us-gc.net\/pl\/?s={search_term_string}"},"query-input":{"@type":"PropertyValueSpecification","valueRequired":true,"valueName":"search_term_string"}}],"inLanguage":"pl-PL"}]}},"_links":{"self":[{"href":"https:\/\/us-gc.net\/pl\/wp-json\/wp\/v2\/pages\/448","targetHints":{"allow":["GET"]}}],"collection":[{"href":"https:\/\/us-gc.net\/pl\/wp-json\/wp\/v2\/pages"}],"about":[{"href":"https:\/\/us-gc.net\/pl\/wp-json\/wp\/v2\/types\/page"}],"author":[{"embeddable":true,"href":"https:\/\/us-gc.net\/pl\/wp-json\/wp\/v2\/users\/1"}],"replies":[{"embeddable":true,"href":"https:\/\/us-gc.net\/pl\/wp-json\/wp\/v2\/comments?post=448"}],"version-history":[{"count":4,"href":"https:\/\/us-gc.net\/pl\/wp-json\/wp\/v2\/pages\/448\/revisions"}],"predecessor-version":[{"id":10085,"href":"https:\/\/us-gc.net\/pl\/wp-json\/wp\/v2\/pages\/448\/revisions\/10085"}],"wp:attachment":[{"href":"https:\/\/us-gc.net\/pl\/wp-json\/wp\/v2\/media?parent=448"}],"curies":[{"name":"wp","href":"https:\/\/api.w.org\/{rel}","templated":true}]}}