{"id":4264,"date":"2024-04-08T08:17:47","date_gmt":"2024-04-08T08:17:47","guid":{"rendered":"https:\/\/green-card-usa.net\/loteria-green-card-kraj-azja\/"},"modified":"2024-12-30T09:44:38","modified_gmt":"2024-12-30T09:44:38","slug":"loteria-green-card-kraj-azja","status":"publish","type":"page","link":"https:\/\/us-gc.net\/pl\/loteria-green-card-kraj-azja\/","title":{"rendered":"Loteria Green Card dla kraj\u00f3w azjatyckich"},"content":{"rendered":"\n<h1 class=\"wp-block-heading\" id=\"h-les-pays-d-asie-a-la-loterie-de-la-carte-verte-americaine\">Kraje azjatyckie w ameryka\u0144skiej loterii Zielonej Karty<\/h1>\n\n<p>Ka\u017cdego roku miliony kandydat\u00f3w bior\u0105 udzia\u0142 w ameryka\u0144skiej loterii Green Card. Zebrali\u015bmy statystyki opublikowane przez Departament Stanu na stronie <a href=\"https:\/\/travel.state.gov\/content\/travel\/en\/us-visas\/immigrate\/diversity-visa-program-entry\/diversity-visa-program-statistics.html\">travel.state.gov<\/a>, aby przedstawi\u0107 kluczowe dane dotycz\u0105ce udzia\u0142u obywateli Azji w loterii Green Card.<\/p>\n\n<h2 class=\"wp-block-heading\" id=\"h-quelle-est-la-participation-des-asiatiques-a-la-loterie\">Ilu Azjat\u00f3w bierze udzia\u0142 w loterii?<\/h2>\n\n<p>W ci\u0105gu ostatnich kilku lat, dla kt\u00f3rych dost\u0119pne s\u0105 statystyki, oko\u0142o 15% do 20% os\u00f3b ubiegaj\u0105cych si\u0119 o <a href=\"https:\/\/us-gc.net\/pl\/loteria-green-card\/\">Green Card<\/a> by\u0142o obywatelami kraj\u00f3w azjatyckich.<\/p>\n\n<figure class=\"wp-block-table\"><table><tbody><tr><td><strong>Lata<\/strong><\/td><td class=\"has-text-align-center\" data-align=\"center\"><strong>2019<\/strong><\/td><td class=\"has-text-align-center\" data-align=\"center\"><strong>2020<\/strong><\/td><td class=\"has-text-align-center\" data-align=\"center\"><strong>2021<\/strong><\/td><\/tr><tr><td>Liczba zarejestrowanych os\u00f3b z Azji<\/td><td class=\"has-text-align-center\" data-align=\"center\">1 871 824<\/td><td class=\"has-text-align-center\" data-align=\"center\">1 952 489<\/td><td class=\"has-text-align-center\" data-align=\"center\">1 281 046<\/td><\/tr><tr><td>Ca\u0142kowita liczba plik\u00f3w rejestracyjnych<\/td><td class=\"has-text-align-center\" data-align=\"center\">14 352 013<\/td><td class=\"has-text-align-center\" data-align=\"center\">14 722 798<\/td><td class=\"has-text-align-center\" data-align=\"center\">6 741 128<\/td><\/tr><tr><td><strong>Udzia\u0142 zarejestrowanych podmiot\u00f3w z Azji<\/strong><\/td><td class=\"has-text-align-center\" data-align=\"center\"><strong>13%<\/strong><\/td><td class=\"has-text-align-center\" data-align=\"center\"><strong>13%<\/strong><\/td><td class=\"has-text-align-center\" data-align=\"center\"><strong>19%<\/strong><\/td><\/tr><\/tbody><\/table><figcaption class=\"wp-element-caption\">Odsetek Azjat\u00f3w zarejestrowanych w loterii Green Card<\/figcaption><\/figure>\n\n<h2 class=\"wp-block-heading\" id=\"h-quels-sont-les-principaux-pays-d-asie-d-ou-proviennent-les-candidats\">Z jakich kraj\u00f3w azjatyckich pochodz\u0105 g\u0142\u00f3wni kandydaci?<\/h2>\n\n<p>Oto liczba zg\u0142osze\u0144 do loterii Zielonej Karty dla 20 g\u0142\u00f3wnych kraj\u00f3w azjatyckich. Najnowsze dane opublikowane przez Departament Stanu obejmuj\u0105 lata 2019-2021:<\/p>\n\n<figure class=\"wp-block-table\"><table><tbody><tr><td><strong>Kraje azjatyckie<\/strong><\/td><td class=\"has-text-align-center\" data-align=\"center\"><strong>2019<\/strong><\/td><td class=\"has-text-align-center\" data-align=\"center\"><strong>2020<\/strong><\/td><td class=\"has-text-align-center\" data-align=\"center\"><strong>2021<\/strong><\/td><\/tr><tr><td>Nepal<\/td><td class=\"has-text-align-center\" data-align=\"center\">684 180<\/td><td class=\"has-text-align-center\" data-align=\"center\">637 696<\/td><td class=\"has-text-align-center\" data-align=\"center\">421 765<\/td><\/tr><tr><td>Iran<\/td><td class=\"has-text-align-center\" data-align=\"center\">453 242<\/td><td class=\"has-text-align-center\" data-align=\"center\">709 469<\/td><td class=\"has-text-align-center\" data-align=\"center\">404 863<\/td><\/tr><tr><td>Afganistan<\/td><td class=\"has-text-align-center\" data-align=\"center\">35 939<\/td><td class=\"has-text-align-center\" data-align=\"center\">58 711<\/td><td class=\"has-text-align-center\" data-align=\"center\">60 602<\/td><\/tr><tr><td>Kambod\u017ca<\/td><td class=\"has-text-align-center\" data-align=\"center\">179 662<\/td><td class=\"has-text-align-center\" data-align=\"center\">109 881<\/td><td class=\"has-text-align-center\" data-align=\"center\">46 110<\/td><\/tr><tr><td>Sri Lanka<\/td><td class=\"has-text-align-center\" data-align=\"center\">53 396<\/td><td class=\"has-text-align-center\" data-align=\"center\">47 705<\/td><td class=\"has-text-align-center\" data-align=\"center\">41 595<\/td><\/tr><tr><td>Jemen<\/td><td class=\"has-text-align-center\" data-align=\"center\">141 679<\/td><td class=\"has-text-align-center\" data-align=\"center\">62 389<\/td><td class=\"has-text-align-center\" data-align=\"center\">41 495<\/td><\/tr><tr><td>Jordan<\/td><td class=\"has-text-align-center\" data-align=\"center\">39 092<\/td><td class=\"has-text-align-center\" data-align=\"center\">42 116<\/td><td class=\"has-text-align-center\" data-align=\"center\">36 815<\/td><\/tr><tr><td>Irak<\/td><td class=\"has-text-align-center\" data-align=\"center\">47 368<\/td><td class=\"has-text-align-center\" data-align=\"center\">40 852<\/td><td class=\"has-text-align-center\" data-align=\"center\">31 197<\/td><\/tr><tr><td>Arabia Saudyjska<\/td><td class=\"has-text-align-center\" data-align=\"center\">40 114<\/td><td class=\"has-text-align-center\" data-align=\"center\">41 019<\/td><td class=\"has-text-align-center\" data-align=\"center\">30 844<\/td><\/tr><tr><td>Tajwan<\/td><td class=\"has-text-align-center\" data-align=\"center\">30 603<\/td><td class=\"has-text-align-center\" data-align=\"center\">31 640<\/td><td class=\"has-text-align-center\" data-align=\"center\">24 645<\/td><\/tr><tr><td>Birma<\/td><td class=\"has-text-align-center\" data-align=\"center\">20 078<\/td><td class=\"has-text-align-center\" data-align=\"center\">29 504<\/td><td class=\"has-text-align-center\" data-align=\"center\">21 555<\/td><\/tr><tr><td>Japonia<\/td><td class=\"has-text-align-center\" data-align=\"center\">24 895<\/td><td class=\"has-text-align-center\" data-align=\"center\">21 674<\/td><td class=\"has-text-align-center\" data-align=\"center\">17 181<\/td><\/tr><tr><td>Hongkong<\/td><td class=\"has-text-align-center\" data-align=\"center\">6 358<\/td><td class=\"has-text-align-center\" data-align=\"center\">5 451<\/td><td class=\"has-text-align-center\" data-align=\"center\">15 471<\/td><\/tr><tr><td>Tajlandia<\/td><td class=\"has-text-align-center\" data-align=\"center\">10 969<\/td><td class=\"has-text-align-center\" data-align=\"center\">12 354<\/td><td class=\"has-text-align-center\" data-align=\"center\">14 187<\/td><\/tr><tr><td>Syria<\/td><td class=\"has-text-align-center\" data-align=\"center\">20 124<\/td><td class=\"has-text-align-center\" data-align=\"center\">14 168<\/td><td class=\"has-text-align-center\" data-align=\"center\">11 424<\/td><\/tr><tr><td>Mongolia<\/td><td class=\"has-text-align-center\" data-align=\"center\">10 546<\/td><td class=\"has-text-align-center\" data-align=\"center\">11 242<\/td><td class=\"has-text-align-center\" data-align=\"center\">9 871<\/td><\/tr><tr><td>Izrael<\/td><td class=\"has-text-align-center\" data-align=\"center\">14 234<\/td><td class=\"has-text-align-center\" data-align=\"center\">12 727<\/td><td class=\"has-text-align-center\" data-align=\"center\">8 793<\/td><\/tr><tr><td>Indonezja<\/td><td class=\"has-text-align-center\" data-align=\"center\">10 970<\/td><td class=\"has-text-align-center\" data-align=\"center\">10 691<\/td><td class=\"has-text-align-center\" data-align=\"center\">8 440<\/td><\/tr><tr><td>Zjednoczone Emiraty Arabskie<\/td><td class=\"has-text-align-center\" data-align=\"center\">10 281<\/td><td class=\"has-text-align-center\" data-align=\"center\">10 964<\/td><td class=\"has-text-align-center\" data-align=\"center\">8 030<\/td><\/tr><tr><td>Liban<\/td><td class=\"has-text-align-center\" data-align=\"center\">12 868<\/td><td class=\"has-text-align-center\" data-align=\"center\">11 184<\/td><td class=\"has-text-align-center\" data-align=\"center\">7 250<\/td><\/tr><\/tbody><\/table><figcaption class=\"wp-element-caption\">G\u0142\u00f3wne kraje azjatyckie pod wzgl\u0119dem liczby uczestnik\u00f3w ameryka\u0144skiej loterii Green Card<\/figcaption><\/figure>\n\n<h2 class=\"wp-block-heading\" id=\"h-quels-sont-les-gagnants-a-la-loterie-provenant-de-pays-d-asie\">Kim s\u0105 zwyci\u0119zcy loterii z kraj\u00f3w azjatyckich?<\/h2>\n\n<p>Departament Stanu publikuje r\u00f3wnie\u017c liczb\u0119 wiz uzyskanych ka\u017cdego roku w ramach programu r\u00f3\u017cnorodno\u015bci. <a href=\"https:\/\/us-gc.net\/pl\/wyniki-loterii-green-card\/\">Wyniki loterii<\/a> s\u0105 publikowane w podziale na obszary geograficzne i kraje.<\/p>\n\n<p>Oto liczba wiz uzyskanych w <a href=\"https:\/\/us-gc.net\/pl\/amerykanskiej-loterii-zielonej-karty\/\">loterii Zielona Karta<\/a> dla 20 najwi\u0119kszych kraj\u00f3w azjatyckich w latach 2018-2022:<\/p>\n\n<figure class=\"wp-block-table\"><table><tbody><tr><td><strong>Kraje azjatyckie<\/strong><\/td><td class=\"has-text-align-center\" data-align=\"center\"><strong>2018<\/strong><\/td><td class=\"has-text-align-center\" data-align=\"center\"><strong>2019<\/strong><\/td><td class=\"has-text-align-center\" data-align=\"center\"><strong>2020<\/strong><\/td><td class=\"has-text-align-center\" data-align=\"center\"><strong>2021<\/strong><\/td><td class=\"has-text-align-center\" data-align=\"center\"><strong>2022<\/strong><\/td><\/tr><tr><td>Nepal<\/td><td class=\"has-text-align-center\" data-align=\"center\">3 307<\/td><td class=\"has-text-align-center\" data-align=\"center\">2 795<\/td><td class=\"has-text-align-center\" data-align=\"center\">2 085<\/td><td class=\"has-text-align-center\" data-align=\"center\">1 372<\/td><td class=\"has-text-align-center\" data-align=\"center\">3 345<\/td><\/tr><tr><td>Iran<\/td><td class=\"has-text-align-center\" data-align=\"center\">318<\/td><td class=\"has-text-align-center\" data-align=\"center\">298<\/td><td class=\"has-text-align-center\" data-align=\"center\">131<\/td><td class=\"has-text-align-center\" data-align=\"center\">244<\/td><td class=\"has-text-align-center\" data-align=\"center\">2 024<\/td><\/tr><tr><td>Afganistan<\/td><td class=\"has-text-align-center\" data-align=\"center\">231<\/td><td class=\"has-text-align-center\" data-align=\"center\">265<\/td><td class=\"has-text-align-center\" data-align=\"center\">165<\/td><td class=\"has-text-align-center\" data-align=\"center\">87<\/td><td class=\"has-text-align-center\" data-align=\"center\">723<\/td><\/tr><tr><td>Jordan<\/td><td class=\"has-text-align-center\" data-align=\"center\">254<\/td><td class=\"has-text-align-center\" data-align=\"center\">330<\/td><td class=\"has-text-align-center\" data-align=\"center\">266<\/td><td class=\"has-text-align-center\" data-align=\"center\">542<\/td><td class=\"has-text-align-center\" data-align=\"center\">713<\/td><\/tr><tr><td>Irak<\/td><td class=\"has-text-align-center\" data-align=\"center\">297<\/td><td class=\"has-text-align-center\" data-align=\"center\">264<\/td><td class=\"has-text-align-center\" data-align=\"center\">86<\/td><td class=\"has-text-align-center\" data-align=\"center\">30<\/td><td class=\"has-text-align-center\" data-align=\"center\">650<\/td><\/tr><tr><td>Jemen<\/td><td class=\"has-text-align-center\" data-align=\"center\">28<\/td><td class=\"has-text-align-center\" data-align=\"center\">70<\/td><td class=\"has-text-align-center\" data-align=\"center\">13<\/td><td class=\"has-text-align-center\" data-align=\"center\">228<\/td><td class=\"has-text-align-center\" data-align=\"center\">625<\/td><\/tr><tr><td>Sri Lanka<\/td><td class=\"has-text-align-center\" data-align=\"center\">360<\/td><td class=\"has-text-align-center\" data-align=\"center\">331<\/td><td class=\"has-text-align-center\" data-align=\"center\">225<\/td><td class=\"has-text-align-center\" data-align=\"center\">438<\/td><td class=\"has-text-align-center\" data-align=\"center\">583<\/td><\/tr><tr><td>Arabia Saudyjska<\/td><td class=\"has-text-align-center\" data-align=\"center\">218<\/td><td class=\"has-text-align-center\" data-align=\"center\">262<\/td><td class=\"has-text-align-center\" data-align=\"center\">143<\/td><td class=\"has-text-align-center\" data-align=\"center\">117<\/td><td class=\"has-text-align-center\" data-align=\"center\">450<\/td><\/tr><tr><td>Birma<\/td><td class=\"has-text-align-center\" data-align=\"center\">125<\/td><td class=\"has-text-align-center\" data-align=\"center\">210<\/td><td class=\"has-text-align-center\" data-align=\"center\">82<\/td><td class=\"has-text-align-center\" data-align=\"center\">96<\/td><td class=\"has-text-align-center\" data-align=\"center\">422<\/td><\/tr><tr><td>Japonia<\/td><td class=\"has-text-align-center\" data-align=\"center\">164<\/td><td class=\"has-text-align-center\" data-align=\"center\">223<\/td><td class=\"has-text-align-center\" data-align=\"center\">135<\/td><td class=\"has-text-align-center\" data-align=\"center\">237<\/td><td class=\"has-text-align-center\" data-align=\"center\">331<\/td><\/tr><tr><td>Tajwan<\/td><td class=\"has-text-align-center\" data-align=\"center\">174<\/td><td class=\"has-text-align-center\" data-align=\"center\">180<\/td><td class=\"has-text-align-center\" data-align=\"center\">142<\/td><td class=\"has-text-align-center\" data-align=\"center\">178<\/td><td class=\"has-text-align-center\" data-align=\"center\">301<\/td><\/tr><tr><td>Syria<\/td><td class=\"has-text-align-center\" data-align=\"center\">55<\/td><td class=\"has-text-align-center\" data-align=\"center\">83<\/td><td class=\"has-text-align-center\" data-align=\"center\">36<\/td><td class=\"has-text-align-center\" data-align=\"center\">84<\/td><td class=\"has-text-align-center\" data-align=\"center\">240<\/td><\/tr><tr><td>Liban<\/td><td class=\"has-text-align-center\" data-align=\"center\">44<\/td><td class=\"has-text-align-center\" data-align=\"center\">77<\/td><td class=\"has-text-align-center\" data-align=\"center\">26<\/td><td class=\"has-text-align-center\" data-align=\"center\">107<\/td><td class=\"has-text-align-center\" data-align=\"center\">209<\/td><\/tr><tr><td>Mongolia<\/td><td class=\"has-text-align-center\" data-align=\"center\">160<\/td><td class=\"has-text-align-center\" data-align=\"center\">143<\/td><td class=\"has-text-align-center\" data-align=\"center\">114<\/td><td class=\"has-text-align-center\" data-align=\"center\">197<\/td><td class=\"has-text-align-center\" data-align=\"center\">196<\/td><\/tr><tr><td>Kambod\u017ca<\/td><td class=\"has-text-align-center\" data-align=\"center\">121<\/td><td class=\"has-text-align-center\" data-align=\"center\">86<\/td><td class=\"has-text-align-center\" data-align=\"center\">69<\/td><td class=\"has-text-align-center\" data-align=\"center\">51<\/td><td class=\"has-text-align-center\" data-align=\"center\">166<\/td><\/tr><tr><td>Tajlandia<\/td><td class=\"has-text-align-center\" data-align=\"center\">32<\/td><td class=\"has-text-align-center\" data-align=\"center\">60<\/td><td class=\"has-text-align-center\" data-align=\"center\">36<\/td><td class=\"has-text-align-center\" data-align=\"center\">51<\/td><td class=\"has-text-align-center\" data-align=\"center\">142<\/td><\/tr><tr><td>Indonezja<\/td><td class=\"has-text-align-center\" data-align=\"center\">64<\/td><td class=\"has-text-align-center\" data-align=\"center\">63<\/td><td class=\"has-text-align-center\" data-align=\"center\">58<\/td><td class=\"has-text-align-center\" data-align=\"center\">85<\/td><td class=\"has-text-align-center\" data-align=\"center\">106<\/td><\/tr><tr><td>Kuwejt<\/td><td class=\"has-text-align-center\" data-align=\"center\">81<\/td><td class=\"has-text-align-center\" data-align=\"center\">51<\/td><td class=\"has-text-align-center\" data-align=\"center\">37<\/td><td class=\"has-text-align-center\" data-align=\"center\">52<\/td><td class=\"has-text-align-center\" data-align=\"center\">106<\/td><\/tr><tr><td>Zjednoczone Emiraty Arabskie<\/td><td class=\"has-text-align-center\" data-align=\"center\">64<\/td><td class=\"has-text-align-center\" data-align=\"center\">78<\/td><td class=\"has-text-align-center\" data-align=\"center\">71<\/td><td class=\"has-text-align-center\" data-align=\"center\">50<\/td><td class=\"has-text-align-center\" data-align=\"center\">85<\/td><\/tr><tr><td>Bhutan<\/td><td class=\"has-text-align-center\" data-align=\"center\">7<\/td><td class=\"has-text-align-center\" data-align=\"center\">20<\/td><td class=\"has-text-align-center\" data-align=\"center\">5<\/td><td class=\"has-text-align-center\" data-align=\"center\">18<\/td><td class=\"has-text-align-center\" data-align=\"center\">80<\/td><\/tr><\/tbody><\/table><figcaption class=\"wp-element-caption\">Liczba wiz wydanych w ramach <a href=\"https:\/\/us-gc.net\/pl\/diversity-visa-program\/\">programu wizowego dla r\u00f3\u017cnorodno\u015bci<\/a> dla g\u0142\u00f3wnych kraj\u00f3w azjatyckich<\/figcaption><\/figure>\n\n<p><\/p>\n","protected":false},"excerpt":{"rendered":"<p>Kraje azjatyckie w ameryka\u0144skiej loterii Zielonej Karty Ka\u017cdego roku miliony kandydat\u00f3w bior\u0105 udzia\u0142 w ameryka\u0144skiej loterii Green Card. Zebrali\u015bmy statystyki opublikowane przez Departament Stanu na stronie travel.state.gov, aby przedstawi\u0107 kluczowe dane dotycz\u0105ce udzia\u0142u obywateli Azji w loterii Green Card. Ilu Azjat\u00f3w bierze udzia\u0142 w loterii? W ci\u0105gu ostatnich kilku lat, dla kt\u00f3rych dost\u0119pne s\u0105 statystyki, [&hellip;]<\/p>\n","protected":false},"author":1,"featured_media":0,"parent":0,"menu_order":0,"comment_status":"closed","ping_status":"closed","template":"","meta":{"footnotes":""},"class_list":["post-4264","page","type-page","status-publish","hentry"],"yoast_head":"<!-- This site is optimized with the Yoast SEO plugin v27.4 - https:\/\/yoast.com\/product\/yoast-seo-wordpress\/ -->\n<title>Loteria Green Card dla kraj\u00f3w azjatyckich - USA GC<\/title>\n<meta name=\"robots\" content=\"index, follow, max-snippet:-1, max-image-preview:large, max-video-preview:-1\" \/>\n<link rel=\"canonical\" href=\"https:\/\/us-gc.net\/pl\/loteria-green-card-kraj-azja\/\" \/>\n<meta property=\"og:locale\" content=\"pl_PL\" \/>\n<meta property=\"og:type\" content=\"article\" \/>\n<meta property=\"og:title\" content=\"Loteria Green Card dla kraj\u00f3w azjatyckich - USA GC\" \/>\n<meta property=\"og:description\" content=\"Kraje azjatyckie w ameryka\u0144skiej loterii Zielonej Karty Ka\u017cdego roku miliony kandydat\u00f3w bior\u0105 udzia\u0142 w ameryka\u0144skiej loterii Green Card. Zebrali\u015bmy statystyki opublikowane przez Departament Stanu na stronie travel.state.gov, aby przedstawi\u0107 kluczowe dane dotycz\u0105ce udzia\u0142u obywateli Azji w loterii Green Card. Ilu Azjat\u00f3w bierze udzia\u0142 w loterii? W ci\u0105gu ostatnich kilku lat, dla kt\u00f3rych dost\u0119pne s\u0105 statystyki, [&hellip;]\" \/>\n<meta property=\"og:url\" content=\"https:\/\/us-gc.net\/pl\/loteria-green-card-kraj-azja\/\" \/>\n<meta property=\"og:site_name\" content=\"USA GC\" \/>\n<meta property=\"article:modified_time\" content=\"2024-12-30T09:44:38+00:00\" \/>\n<meta name=\"twitter:card\" content=\"summary_large_image\" \/>\n<meta name=\"twitter:label1\" content=\"Szacowany czas czytania\" \/>\n\t<meta name=\"twitter:data1\" content=\"1 minuta\" \/>\n<script type=\"application\/ld+json\" class=\"yoast-schema-graph\">{\"@context\":\"https:\\\/\\\/schema.org\",\"@graph\":[{\"@type\":\"WebPage\",\"@id\":\"https:\\\/\\\/us-gc.net\\\/pl\\\/loteria-green-card-kraj-azja\\\/\",\"url\":\"https:\\\/\\\/us-gc.net\\\/pl\\\/loteria-green-card-kraj-azja\\\/\",\"name\":\"Loteria Green Card dla kraj\u00f3w azjatyckich - USA GC\",\"isPartOf\":{\"@id\":\"https:\\\/\\\/us-gc.net\\\/pl\\\/#website\"},\"datePublished\":\"2024-04-08T08:17:47+00:00\",\"dateModified\":\"2024-12-30T09:44:38+00:00\",\"breadcrumb\":{\"@id\":\"https:\\\/\\\/us-gc.net\\\/pl\\\/loteria-green-card-kraj-azja\\\/#breadcrumb\"},\"inLanguage\":\"pl-PL\",\"potentialAction\":[{\"@type\":\"ReadAction\",\"target\":[\"https:\\\/\\\/us-gc.net\\\/pl\\\/loteria-green-card-kraj-azja\\\/\"]}]},{\"@type\":\"BreadcrumbList\",\"@id\":\"https:\\\/\\\/us-gc.net\\\/pl\\\/loteria-green-card-kraj-azja\\\/#breadcrumb\",\"itemListElement\":[{\"@type\":\"ListItem\",\"position\":1,\"name\":\"Accueil\",\"item\":\"https:\\\/\\\/us-gc.net\\\/pl\\\/green-card\\\/\"},{\"@type\":\"ListItem\",\"position\":2,\"name\":\"Loteria Green Card dla kraj\u00f3w azjatyckich\"}]},{\"@type\":\"WebSite\",\"@id\":\"https:\\\/\\\/us-gc.net\\\/pl\\\/#website\",\"url\":\"https:\\\/\\\/us-gc.net\\\/pl\\\/\",\"name\":\"USA GC\",\"description\":\"\",\"potentialAction\":[{\"@type\":\"SearchAction\",\"target\":{\"@type\":\"EntryPoint\",\"urlTemplate\":\"https:\\\/\\\/us-gc.net\\\/pl\\\/?s={search_term_string}\"},\"query-input\":{\"@type\":\"PropertyValueSpecification\",\"valueRequired\":true,\"valueName\":\"search_term_string\"}}],\"inLanguage\":\"pl-PL\"}]}<\/script>\n<!-- \/ Yoast SEO plugin. -->","yoast_head_json":{"title":"Loteria Green Card dla kraj\u00f3w azjatyckich - USA GC","robots":{"index":"index","follow":"follow","max-snippet":"max-snippet:-1","max-image-preview":"max-image-preview:large","max-video-preview":"max-video-preview:-1"},"canonical":"https:\/\/us-gc.net\/pl\/loteria-green-card-kraj-azja\/","og_locale":"pl_PL","og_type":"article","og_title":"Loteria Green Card dla kraj\u00f3w azjatyckich - USA GC","og_description":"Kraje azjatyckie w ameryka\u0144skiej loterii Zielonej Karty Ka\u017cdego roku miliony kandydat\u00f3w bior\u0105 udzia\u0142 w ameryka\u0144skiej loterii Green Card. Zebrali\u015bmy statystyki opublikowane przez Departament Stanu na stronie travel.state.gov, aby przedstawi\u0107 kluczowe dane dotycz\u0105ce udzia\u0142u obywateli Azji w loterii Green Card. Ilu Azjat\u00f3w bierze udzia\u0142 w loterii? W ci\u0105gu ostatnich kilku lat, dla kt\u00f3rych dost\u0119pne s\u0105 statystyki, [&hellip;]","og_url":"https:\/\/us-gc.net\/pl\/loteria-green-card-kraj-azja\/","og_site_name":"USA GC","article_modified_time":"2024-12-30T09:44:38+00:00","twitter_card":"summary_large_image","twitter_misc":{"Szacowany czas czytania":"1 minuta"},"schema":{"@context":"https:\/\/schema.org","@graph":[{"@type":"WebPage","@id":"https:\/\/us-gc.net\/pl\/loteria-green-card-kraj-azja\/","url":"https:\/\/us-gc.net\/pl\/loteria-green-card-kraj-azja\/","name":"Loteria Green Card dla kraj\u00f3w azjatyckich - USA GC","isPartOf":{"@id":"https:\/\/us-gc.net\/pl\/#website"},"datePublished":"2024-04-08T08:17:47+00:00","dateModified":"2024-12-30T09:44:38+00:00","breadcrumb":{"@id":"https:\/\/us-gc.net\/pl\/loteria-green-card-kraj-azja\/#breadcrumb"},"inLanguage":"pl-PL","potentialAction":[{"@type":"ReadAction","target":["https:\/\/us-gc.net\/pl\/loteria-green-card-kraj-azja\/"]}]},{"@type":"BreadcrumbList","@id":"https:\/\/us-gc.net\/pl\/loteria-green-card-kraj-azja\/#breadcrumb","itemListElement":[{"@type":"ListItem","position":1,"name":"Accueil","item":"https:\/\/us-gc.net\/pl\/green-card\/"},{"@type":"ListItem","position":2,"name":"Loteria Green Card dla kraj\u00f3w azjatyckich"}]},{"@type":"WebSite","@id":"https:\/\/us-gc.net\/pl\/#website","url":"https:\/\/us-gc.net\/pl\/","name":"USA GC","description":"","potentialAction":[{"@type":"SearchAction","target":{"@type":"EntryPoint","urlTemplate":"https:\/\/us-gc.net\/pl\/?s={search_term_string}"},"query-input":{"@type":"PropertyValueSpecification","valueRequired":true,"valueName":"search_term_string"}}],"inLanguage":"pl-PL"}]}},"_links":{"self":[{"href":"https:\/\/us-gc.net\/pl\/wp-json\/wp\/v2\/pages\/4264","targetHints":{"allow":["GET"]}}],"collection":[{"href":"https:\/\/us-gc.net\/pl\/wp-json\/wp\/v2\/pages"}],"about":[{"href":"https:\/\/us-gc.net\/pl\/wp-json\/wp\/v2\/types\/page"}],"author":[{"embeddable":true,"href":"https:\/\/us-gc.net\/pl\/wp-json\/wp\/v2\/users\/1"}],"replies":[{"embeddable":true,"href":"https:\/\/us-gc.net\/pl\/wp-json\/wp\/v2\/comments?post=4264"}],"version-history":[{"count":1,"href":"https:\/\/us-gc.net\/pl\/wp-json\/wp\/v2\/pages\/4264\/revisions"}],"predecessor-version":[{"id":7906,"href":"https:\/\/us-gc.net\/pl\/wp-json\/wp\/v2\/pages\/4264\/revisions\/7906"}],"wp:attachment":[{"href":"https:\/\/us-gc.net\/pl\/wp-json\/wp\/v2\/media?parent=4264"}],"curies":[{"name":"wp","href":"https:\/\/api.w.org\/{rel}","templated":true}]}}