{"id":2238,"date":"2024-02-13T09:26:58","date_gmt":"2024-02-13T09:26:58","guid":{"rendered":"https:\/\/green-card-usa.net\/diversity-visa-program\/"},"modified":"2024-12-30T09:40:51","modified_gmt":"2024-12-30T09:40:51","slug":"diversity-visa-program","status":"publish","type":"page","link":"https:\/\/us-gc.net\/pl\/diversity-visa-program\/","title":{"rendered":"Ameryka\u0144ski program wizowy dla r\u00f3\u017cnorodno\u015bci"},"content":{"rendered":"\n<h1 class=\"wp-block-heading\" id=\"h-le-diversity-visa-program-des-etats-unis\">Program wizowy dla r\u00f3\u017cnorodno\u015bci w Stanach Zjednoczonych  <\/h1>\n\n<h2 class=\"wp-block-heading\" id=\"h-qu-est-ce-que-le-diversity-visa-program\">Czym jest program wizowy dla r\u00f3\u017cnorodno\u015bci?<\/h2>\n\n<p>Diversity Visa Program to inicjatywa rz\u0105du Stan\u00f3w Zjednoczonych maj\u0105ca na celu zr\u00f3\u017cnicowanie populacji imigrant\u00f3w w USA. Ka\u017cdego roku wydawanych jest ponad 50 000 wiz dla os\u00f3b z kraj\u00f3w o niskim wska\u017aniku imigracji do Stan\u00f3w Zjednoczonych. Program DV jest znany jako <a href=\"https:\/\/us-gc.net\/pl\/amerykanskiej-loterii-zielonej-karty\/\">loteria zielonych kart<\/a>.<\/p>\n\n<h2 class=\"wp-block-heading\" id=\"h-comment-fonctionne-t-il\">Jak to dzia\u0142a?<\/h2>\n\n<p>Uczestnictwo w programie Diversity Visa podlega losowemu procesowi selekcji. Kandydaci musz\u0105 z\u0142o\u017cy\u0107 <a href=\"https:\/\/us-gc.net\/pl\/green-card-loterii-formularz\/\">wniosek online<\/a> do ko\u0144ca pa\u017adziernika ka\u017cdego roku. Kryteria kwalifikowalno\u015bci obejmuj\u0105 posiadanie dyplomu uko\u0144czenia szko\u0142y \u015bredniej lub jego odpowiednika lub dwuletnie do\u015bwiadczenie zawodowe w dziedzinie wymagaj\u0105cej co najmniej dwuletniego szkolenia lub do\u015bwiadczenia w ci\u0105gu ostatnich pi\u0119ciu lat.<\/p>\n\n<h2 class=\"wp-block-heading\" id=\"h-qui-peut-en-beneficier\">Kto mo\u017ce skorzysta\u0107?<\/h2>\n\n<p>Kwalifikuj\u0105 si\u0119 obywatele kraj\u00f3w o niskim wska\u017aniku imigracji do Stan\u00f3w Zjednoczonych. Ka\u017cdego roku Departament Stanu USA publikuje list\u0119 <a href=\"https:\/\/us-gc.net\/pl\/loterii-green-card-w-krajach-nieuczestniczacych\/\">kraj\u00f3w, kt\u00f3rych obywatele nie<\/a> mog\u0105 bra\u0107 udzia\u0142u w zawodach. Osoby z kraj\u00f3w o wysokim wska\u017aniku imigracji do Stan\u00f3w Zjednoczonych s\u0105 wykluczone. Z naszymi statystykami mo\u017cna zapozna\u0107 si\u0119 na dedykowanych stronach:<\/p>\n\n<ul class=\"wp-block-list\">\n<li><a href=\"https:\/\/us-gc.net\/pl\/loteria-green-card-europa\/\">Zielona karta dla obywateli europejskich<\/a><\/li>\n\n\n\n<li><a href=\"https:\/\/us-gc.net\/pl\/loteria-green-card-kraje-afryka\/\">Zielona karta dla obywateli Afryki<\/a><\/li>\n\n\n\n<li><a href=\"https:\/\/us-gc.net\/pl\/loteria-green-card-kraj-azja\/\">Zielona karta dla obywateli Azji<\/a><\/li>\n<\/ul>\n\n<div style=\"height:10px\" aria-hidden=\"true\" class=\"wp-block-spacer\"><\/div>\n\n<h2 class=\"wp-block-heading\" id=\"h-qu-apporte-le-programme\">Co oferuje program?<\/h2>\n\n<p>Program Diversity Visa oferuje wyj\u0105tkow\u0105 mo\u017cliwo\u015b\u0107 uzyskania sta\u0142ego pobytu w Stanach Zjednoczonych, otwieraj\u0105c drzwi do zatrudnienia, edukacji i mo\u017cliwo\u015bci zostania obywatelem USA po pi\u0119ciu latach. Jest to szansa dla beneficjent\u00f3w, aby do\u015bwiadczy\u0107 ameryka\u0144skiego snu i przyczyni\u0107 si\u0119 do r\u00f3\u017cnorodno\u015bci kulturowej Stan\u00f3w Zjednoczonych.<\/p>\n\n<h2 class=\"wp-block-heading\" id=\"h-qu-est-ce-que-la-loterie-du-dv\">Czym jest loteria DV?<\/h2>\n\n<p><a href=\"https:\/\/us-gc.net\/pl\/loteria-green-card\/\">Loteria Zielonej Karty<\/a> DV jest procesem selekcji stanowi\u0105cym podstaw\u0119 Programu Wiz R\u00f3\u017cnorodno\u015bci. Rejestracji dokonuje si\u0119 za pomoc\u0105 <a href=\"https:\/\/us-gc.net\/pl\/green-card-loterii-formularz\/\">formularza<\/a> online w ostatnim kwartale ka\u017cdego roku. <a href=\"https:\/\/us-gc.net\/pl\/wyniki-loterii-green-card\/\">Wyniki loterii<\/a> s\u0105 publikowane 6 miesi\u0119cy p\u00f3\u017aniej. Zwyci\u0119zcy s\u0105 wybierani losowo spo\u015br\u00f3d wszystkich kwalifikuj\u0105cych si\u0119 uczestnik\u00f3w. Proces ten zapewnia wszystkim uczestnikom r\u00f3wne szanse na wygran\u0105, niezale\u017cnie od ich statusu spo\u0142ecznego, ekonomicznego czy edukacyjnego.<\/p>\n\n<p><\/p>\n","protected":false},"excerpt":{"rendered":"<p>Program wizowy dla r\u00f3\u017cnorodno\u015bci w Stanach Zjednoczonych Czym jest program wizowy dla r\u00f3\u017cnorodno\u015bci? Diversity Visa Program to inicjatywa rz\u0105du Stan\u00f3w Zjednoczonych maj\u0105ca na celu zr\u00f3\u017cnicowanie populacji imigrant\u00f3w w USA. Ka\u017cdego roku wydawanych jest ponad 50 000 wiz dla os\u00f3b z kraj\u00f3w o niskim wska\u017aniku imigracji do Stan\u00f3w Zjednoczonych. Program DV jest znany jako loteria zielonych [&hellip;]<\/p>\n","protected":false},"author":1,"featured_media":0,"parent":0,"menu_order":0,"comment_status":"closed","ping_status":"closed","template":"","meta":{"footnotes":""},"class_list":["post-2238","page","type-page","status-publish","hentry"],"yoast_head":"<!-- This site is optimized with the Yoast SEO plugin v27.4 - https:\/\/yoast.com\/product\/yoast-seo-wordpress\/ -->\n<title>Ameryka\u0144ski program wizowy dla r\u00f3\u017cnorodno\u015bci - USA GC<\/title>\n<meta name=\"robots\" content=\"index, follow, max-snippet:-1, max-image-preview:large, max-video-preview:-1\" \/>\n<link rel=\"canonical\" href=\"https:\/\/us-gc.net\/pl\/diversity-visa-program\/\" \/>\n<meta property=\"og:locale\" content=\"pl_PL\" \/>\n<meta property=\"og:type\" content=\"article\" \/>\n<meta property=\"og:title\" content=\"Ameryka\u0144ski program wizowy dla r\u00f3\u017cnorodno\u015bci - USA GC\" \/>\n<meta property=\"og:description\" content=\"Program wizowy dla r\u00f3\u017cnorodno\u015bci w Stanach Zjednoczonych Czym jest program wizowy dla r\u00f3\u017cnorodno\u015bci? Diversity Visa Program to inicjatywa rz\u0105du Stan\u00f3w Zjednoczonych maj\u0105ca na celu zr\u00f3\u017cnicowanie populacji imigrant\u00f3w w USA. Ka\u017cdego roku wydawanych jest ponad 50 000 wiz dla os\u00f3b z kraj\u00f3w o niskim wska\u017aniku imigracji do Stan\u00f3w Zjednoczonych. Program DV jest znany jako loteria zielonych [&hellip;]\" \/>\n<meta property=\"og:url\" content=\"https:\/\/us-gc.net\/pl\/diversity-visa-program\/\" \/>\n<meta property=\"og:site_name\" content=\"USA GC\" \/>\n<meta property=\"article:modified_time\" content=\"2024-12-30T09:40:51+00:00\" \/>\n<meta name=\"twitter:card\" content=\"summary_large_image\" \/>\n<meta name=\"twitter:label1\" content=\"Szacowany czas czytania\" \/>\n\t<meta name=\"twitter:data1\" content=\"2 minuty\" \/>\n<script type=\"application\/ld+json\" class=\"yoast-schema-graph\">{\"@context\":\"https:\\\/\\\/schema.org\",\"@graph\":[{\"@type\":\"WebPage\",\"@id\":\"https:\\\/\\\/us-gc.net\\\/pl\\\/diversity-visa-program\\\/\",\"url\":\"https:\\\/\\\/us-gc.net\\\/pl\\\/diversity-visa-program\\\/\",\"name\":\"Ameryka\u0144ski program wizowy dla r\u00f3\u017cnorodno\u015bci - USA GC\",\"isPartOf\":{\"@id\":\"https:\\\/\\\/us-gc.net\\\/pl\\\/#website\"},\"datePublished\":\"2024-02-13T09:26:58+00:00\",\"dateModified\":\"2024-12-30T09:40:51+00:00\",\"breadcrumb\":{\"@id\":\"https:\\\/\\\/us-gc.net\\\/pl\\\/diversity-visa-program\\\/#breadcrumb\"},\"inLanguage\":\"pl-PL\",\"potentialAction\":[{\"@type\":\"ReadAction\",\"target\":[\"https:\\\/\\\/us-gc.net\\\/pl\\\/diversity-visa-program\\\/\"]}]},{\"@type\":\"BreadcrumbList\",\"@id\":\"https:\\\/\\\/us-gc.net\\\/pl\\\/diversity-visa-program\\\/#breadcrumb\",\"itemListElement\":[{\"@type\":\"ListItem\",\"position\":1,\"name\":\"Accueil\",\"item\":\"https:\\\/\\\/us-gc.net\\\/pl\\\/green-card\\\/\"},{\"@type\":\"ListItem\",\"position\":2,\"name\":\"Ameryka\u0144ski program wizowy dla r\u00f3\u017cnorodno\u015bci\"}]},{\"@type\":\"WebSite\",\"@id\":\"https:\\\/\\\/us-gc.net\\\/pl\\\/#website\",\"url\":\"https:\\\/\\\/us-gc.net\\\/pl\\\/\",\"name\":\"USA GC\",\"description\":\"\",\"potentialAction\":[{\"@type\":\"SearchAction\",\"target\":{\"@type\":\"EntryPoint\",\"urlTemplate\":\"https:\\\/\\\/us-gc.net\\\/pl\\\/?s={search_term_string}\"},\"query-input\":{\"@type\":\"PropertyValueSpecification\",\"valueRequired\":true,\"valueName\":\"search_term_string\"}}],\"inLanguage\":\"pl-PL\"}]}<\/script>\n<!-- \/ Yoast SEO plugin. -->","yoast_head_json":{"title":"Ameryka\u0144ski program wizowy dla r\u00f3\u017cnorodno\u015bci - USA GC","robots":{"index":"index","follow":"follow","max-snippet":"max-snippet:-1","max-image-preview":"max-image-preview:large","max-video-preview":"max-video-preview:-1"},"canonical":"https:\/\/us-gc.net\/pl\/diversity-visa-program\/","og_locale":"pl_PL","og_type":"article","og_title":"Ameryka\u0144ski program wizowy dla r\u00f3\u017cnorodno\u015bci - USA GC","og_description":"Program wizowy dla r\u00f3\u017cnorodno\u015bci w Stanach Zjednoczonych Czym jest program wizowy dla r\u00f3\u017cnorodno\u015bci? Diversity Visa Program to inicjatywa rz\u0105du Stan\u00f3w Zjednoczonych maj\u0105ca na celu zr\u00f3\u017cnicowanie populacji imigrant\u00f3w w USA. Ka\u017cdego roku wydawanych jest ponad 50 000 wiz dla os\u00f3b z kraj\u00f3w o niskim wska\u017aniku imigracji do Stan\u00f3w Zjednoczonych. Program DV jest znany jako loteria zielonych [&hellip;]","og_url":"https:\/\/us-gc.net\/pl\/diversity-visa-program\/","og_site_name":"USA GC","article_modified_time":"2024-12-30T09:40:51+00:00","twitter_card":"summary_large_image","twitter_misc":{"Szacowany czas czytania":"2 minuty"},"schema":{"@context":"https:\/\/schema.org","@graph":[{"@type":"WebPage","@id":"https:\/\/us-gc.net\/pl\/diversity-visa-program\/","url":"https:\/\/us-gc.net\/pl\/diversity-visa-program\/","name":"Ameryka\u0144ski program wizowy dla r\u00f3\u017cnorodno\u015bci - USA GC","isPartOf":{"@id":"https:\/\/us-gc.net\/pl\/#website"},"datePublished":"2024-02-13T09:26:58+00:00","dateModified":"2024-12-30T09:40:51+00:00","breadcrumb":{"@id":"https:\/\/us-gc.net\/pl\/diversity-visa-program\/#breadcrumb"},"inLanguage":"pl-PL","potentialAction":[{"@type":"ReadAction","target":["https:\/\/us-gc.net\/pl\/diversity-visa-program\/"]}]},{"@type":"BreadcrumbList","@id":"https:\/\/us-gc.net\/pl\/diversity-visa-program\/#breadcrumb","itemListElement":[{"@type":"ListItem","position":1,"name":"Accueil","item":"https:\/\/us-gc.net\/pl\/green-card\/"},{"@type":"ListItem","position":2,"name":"Ameryka\u0144ski program wizowy dla r\u00f3\u017cnorodno\u015bci"}]},{"@type":"WebSite","@id":"https:\/\/us-gc.net\/pl\/#website","url":"https:\/\/us-gc.net\/pl\/","name":"USA GC","description":"","potentialAction":[{"@type":"SearchAction","target":{"@type":"EntryPoint","urlTemplate":"https:\/\/us-gc.net\/pl\/?s={search_term_string}"},"query-input":{"@type":"PropertyValueSpecification","valueRequired":true,"valueName":"search_term_string"}}],"inLanguage":"pl-PL"}]}},"_links":{"self":[{"href":"https:\/\/us-gc.net\/pl\/wp-json\/wp\/v2\/pages\/2238","targetHints":{"allow":["GET"]}}],"collection":[{"href":"https:\/\/us-gc.net\/pl\/wp-json\/wp\/v2\/pages"}],"about":[{"href":"https:\/\/us-gc.net\/pl\/wp-json\/wp\/v2\/types\/page"}],"author":[{"embeddable":true,"href":"https:\/\/us-gc.net\/pl\/wp-json\/wp\/v2\/users\/1"}],"replies":[{"embeddable":true,"href":"https:\/\/us-gc.net\/pl\/wp-json\/wp\/v2\/comments?post=2238"}],"version-history":[{"count":1,"href":"https:\/\/us-gc.net\/pl\/wp-json\/wp\/v2\/pages\/2238\/revisions"}],"predecessor-version":[{"id":7728,"href":"https:\/\/us-gc.net\/pl\/wp-json\/wp\/v2\/pages\/2238\/revisions\/7728"}],"wp:attachment":[{"href":"https:\/\/us-gc.net\/pl\/wp-json\/wp\/v2\/media?parent=2238"}],"curies":[{"name":"wp","href":"https:\/\/api.w.org\/{rel}","templated":true}]}}