{"id":2178,"date":"2024-02-13T15:26:40","date_gmt":"2024-02-13T15:26:40","guid":{"rendered":"https:\/\/green-card-usa.net\/loteria-green-card-kraje-afryka\/"},"modified":"2024-12-30T09:44:30","modified_gmt":"2024-12-30T09:44:30","slug":"loteria-green-card-kraje-afryka","status":"publish","type":"page","link":"https:\/\/us-gc.net\/pl\/loteria-green-card-kraje-afryka\/","title":{"rendered":"Loteria Green Card dla kraj\u00f3w afryka\u0144skich"},"content":{"rendered":"\n<h1 class=\"wp-block-heading\" id=\"h-les-pays-d-afrique-a-la-loterie-de-la-carte-verte-americaine\">Kraje afryka\u0144skie w loterii Zielonej Karty USA<\/h1>\n\n<p>Ka\u017cdego roku miliony kandydat\u00f3w bior\u0105 udzia\u0142 w ameryka\u0144skiej loterii Green Card. Zebrali\u015bmy statystyki opublikowane przez Departament Stanu na stronie <a href=\"https:\/\/travel.state.gov\/content\/travel\/en\/us-visas\/immigrate\/diversity-visa-program-entry\/diversity-visa-program-statistics.html\">travel.state.gov<\/a>, aby przedstawi\u0107 kluczowe dane dotycz\u0105ce udzia\u0142u obywateli afryka\u0144skich w loterii Zielonej Karty.<\/p>\n\n<h2 class=\"wp-block-heading\" id=\"h-quelle-est-la-participation-des-africains-a-la-loterie\">Ilu Afryka\u0144czyk\u00f3w bierze udzia\u0142 w loterii?<\/h2>\n\n<p>Oko\u0142o 50% os\u00f3b ubiegaj\u0105cych si\u0119 o <a href=\"https:\/\/us-gc.net\/pl\/loteria-green-card\/\">Zielon\u0105 Kart\u0119<\/a> by\u0142o obywatelami kraj\u00f3w afryka\u0144skich w ci\u0105gu ostatnich kilku lat, dla kt\u00f3rych dost\u0119pne s\u0105 statystyki.<\/p>\n\n<figure class=\"wp-block-table\"><table><tbody><tr><td><strong>Lata<\/strong><\/td><td class=\"has-text-align-center\" data-align=\"center\"><strong>2019<\/strong><\/td><td class=\"has-text-align-center\" data-align=\"center\"><strong>2020<\/strong><\/td><td class=\"has-text-align-center\" data-align=\"center\"><strong>2021<\/strong><\/td><\/tr><tr><td>Liczba zarejestrowanych afryka\u0144skich u\u017cytkownik\u00f3w<\/td><td class=\"has-text-align-center\" data-align=\"center\">7 832 894<\/td><td class=\"has-text-align-center\" data-align=\"center\">8 145 390<\/td><td class=\"has-text-align-center\" data-align=\"center\">3 100 982<\/td><\/tr><tr><td>Ca\u0142kowita liczba plik\u00f3w rejestracyjnych<\/td><td class=\"has-text-align-center\" data-align=\"center\">14 352 013<\/td><td class=\"has-text-align-center\" data-align=\"center\">14 722 798<\/td><td class=\"has-text-align-center\" data-align=\"center\">6 741 128<\/td><\/tr><tr><td><strong>Udzia\u0142 zarejestrowanych podmiot\u00f3w z Afryki<\/strong><\/td><td class=\"has-text-align-center\" data-align=\"center\"><strong>55%<\/strong><\/td><td class=\"has-text-align-center\" data-align=\"center\"><strong>55%<\/strong><\/td><td class=\"has-text-align-center\" data-align=\"center\"><strong>46%<\/strong><\/td><\/tr><\/tbody><\/table><figcaption class=\"wp-element-caption\">Odsetek Afrykan\u00f3w zarejestrowanych w loterii Zielonej Karty<\/figcaption><\/figure>\n\n<h2 class=\"wp-block-heading\" id=\"h-quels-sont-les-principaux-pays-d-afrique-d-ou-proviennent-les-candidats\">Z jakich kraj\u00f3w afryka\u0144skich pochodz\u0105 g\u0142\u00f3wni kandydaci?<\/h2>\n\n<p>Oto liczba zg\u0142osze\u0144 do loterii Zielonej Karty dla 20 g\u0142\u00f3wnych kraj\u00f3w afryka\u0144skich. Najnowsze dane opublikowane przez Departament Stanu obejmuj\u0105 lata 2019-2021:<\/p>\n\n<figure class=\"wp-block-table\"><table><tbody><tr><td><strong>Kraje afryka\u0144skie<\/strong><\/td><td class=\"has-text-align-center\" data-align=\"center\"><strong>2019<\/strong><\/td><td class=\"has-text-align-center\" data-align=\"center\"><strong>2020<\/strong><\/td><td class=\"has-text-align-center\" data-align=\"center\"><strong>2021<\/strong><\/td><\/tr><tr><td>Kongo Kinszasa<\/td><td class=\"has-text-align-center\" data-align=\"center\">617 573<\/td><td class=\"has-text-align-center\" data-align=\"center\">924 918<\/td><td class=\"has-text-align-center\" data-align=\"center\">593 917<\/td><\/tr><tr><td>Etiopia<\/td><td class=\"has-text-align-center\" data-align=\"center\">781 945<\/td><td class=\"has-text-align-center\" data-align=\"center\">775 252<\/td><td class=\"has-text-align-center\" data-align=\"center\">401 661<\/td><\/tr><tr><td>Egipt<\/td><td class=\"has-text-align-center\" data-align=\"center\">525 593<\/td><td class=\"has-text-align-center\" data-align=\"center\">525 717<\/td><td class=\"has-text-align-center\" data-align=\"center\">327 401<\/td><\/tr><tr><td>Ghana<\/td><td class=\"has-text-align-center\" data-align=\"center\">2 010 531<\/td><td class=\"has-text-align-center\" data-align=\"center\">1 905 520<\/td><td class=\"has-text-align-center\" data-align=\"center\">298 151<\/td><\/tr><tr><td>Sudan<\/td><td class=\"has-text-align-center\" data-align=\"center\">276 827<\/td><td class=\"has-text-align-center\" data-align=\"center\">327 475<\/td><td class=\"has-text-align-center\" data-align=\"center\">232 832<\/td><\/tr><tr><td>Algieria<\/td><td class=\"has-text-align-center\" data-align=\"center\">227 019<\/td><td class=\"has-text-align-center\" data-align=\"center\">252 684<\/td><td class=\"has-text-align-center\" data-align=\"center\">221 212<\/td><\/tr><tr><td>Maroko<\/td><td class=\"has-text-align-center\" data-align=\"center\">203 581<\/td><td class=\"has-text-align-center\" data-align=\"center\">253 336<\/td><td class=\"has-text-align-center\" data-align=\"center\">161 349<\/td><\/tr><tr><td>Kamerun<\/td><td class=\"has-text-align-center\" data-align=\"center\">310 373<\/td><td class=\"has-text-align-center\" data-align=\"center\">310 802<\/td><td class=\"has-text-align-center\" data-align=\"center\">150 970<\/td><\/tr><tr><td>Kenia<\/td><td class=\"has-text-align-center\" data-align=\"center\">322 307<\/td><td class=\"has-text-align-center\" data-align=\"center\">398 959<\/td><td class=\"has-text-align-center\" data-align=\"center\">102 018<\/td><\/tr><tr><td>Benin<\/td><td class=\"has-text-align-center\" data-align=\"center\">128 911<\/td><td class=\"has-text-align-center\" data-align=\"center\">150 386<\/td><td class=\"has-text-align-center\" data-align=\"center\">92 847<\/td><\/tr><tr><td>Liberia<\/td><td class=\"has-text-align-center\" data-align=\"center\">438 333<\/td><td class=\"has-text-align-center\" data-align=\"center\">459 005<\/td><td class=\"has-text-align-center\" data-align=\"center\">71 724<\/td><\/tr><tr><td>Togo<\/td><td class=\"has-text-align-center\" data-align=\"center\">231 564<\/td><td class=\"has-text-align-center\" data-align=\"center\">259 819<\/td><td class=\"has-text-align-center\" data-align=\"center\">68 994<\/td><\/tr><tr><td>Sierra Leone<\/td><td class=\"has-text-align-center\" data-align=\"center\">1 005 370<\/td><td class=\"has-text-align-center\" data-align=\"center\">947 803<\/td><td class=\"has-text-align-center\" data-align=\"center\">57 779<\/td><\/tr><tr><td>Gwinea<\/td><td class=\"has-text-align-center\" data-align=\"center\">179 735<\/td><td class=\"has-text-align-center\" data-align=\"center\">142 008<\/td><td class=\"has-text-align-center\" data-align=\"center\">47 607<\/td><\/tr><tr><td>Wybrze\u017ce Ko\u015bci S\u0142oniowej<\/td><td class=\"has-text-align-center\" data-align=\"center\">160 790<\/td><td class=\"has-text-align-center\" data-align=\"center\">145 913<\/td><td class=\"has-text-align-center\" data-align=\"center\">35 090<\/td><\/tr><tr><td>Uganda<\/td><td class=\"has-text-align-center\" data-align=\"center\">33 460<\/td><td class=\"has-text-align-center\" data-align=\"center\">37 079<\/td><td class=\"has-text-align-center\" data-align=\"center\">26 852<\/td><\/tr><tr><td>Rwanda<\/td><td class=\"has-text-align-center\" data-align=\"center\">41 526<\/td><td class=\"has-text-align-center\" data-align=\"center\">50 711<\/td><td class=\"has-text-align-center\" data-align=\"center\">26 612<\/td><\/tr><tr><td>Kongo Brazzaville<\/td><td class=\"has-text-align-center\" data-align=\"center\">21 793<\/td><td class=\"has-text-align-center\" data-align=\"center\">25 592<\/td><td class=\"has-text-align-center\" data-align=\"center\">21 958<\/td><\/tr><tr><td>Senegal<\/td><td class=\"has-text-align-center\" data-align=\"center\">44 785<\/td><td class=\"has-text-align-center\" data-align=\"center\">33 063<\/td><td class=\"has-text-align-center\" data-align=\"center\">16 920<\/td><\/tr><tr><td>Erytrea<\/td><td class=\"has-text-align-center\" data-align=\"center\">26 121<\/td><td class=\"has-text-align-center\" data-align=\"center\">17 872<\/td><td class=\"has-text-align-center\" data-align=\"center\">16 610<\/td><\/tr><\/tbody><\/table><figcaption class=\"wp-element-caption\">G\u0142\u00f3wne kraje afryka\u0144skie pod wzgl\u0119dem liczby uczestnik\u00f3w ameryka\u0144skiej loterii zielonej karty<\/figcaption><\/figure>\n\n<h2 class=\"wp-block-heading\" id=\"h-quels-sont-les-gagnants-a-la-loterie-provenant-de-pays-d-afrique\">Kim s\u0105 zwyci\u0119zcy loterii z kraj\u00f3w afryka\u0144skich?<\/h2>\n\n<p>Departament Stanu publikuje r\u00f3wnie\u017c liczb\u0119 wiz uzyskanych ka\u017cdego roku w ramach programu r\u00f3\u017cnorodno\u015bci. <a href=\"https:\/\/us-gc.net\/pl\/wyniki-loterii-green-card\/\">Wyniki loterii<\/a> s\u0105 publikowane w podziale na obszary geograficzne i kraje.<\/p>\n\n<p>Oto liczba wiz uzyskanych w <a href=\"https:\/\/us-gc.net\/pl\/amerykanskiej-loterii-zielonej-karty\/\">loterii Zielonej<\/a> Karty dla 20 najwi\u0119kszych kraj\u00f3w afryka\u0144skich w latach 2018-2022:<\/p>\n\n<figure class=\"wp-block-table\"><table><tbody><tr><td><strong>Kraje afryka\u0144skie<\/strong><\/td><td class=\"has-text-align-center\" data-align=\"center\"><strong>2018<\/strong><\/td><td class=\"has-text-align-center\" data-align=\"center\"><strong>2019<\/strong><\/td><td class=\"has-text-align-center\" data-align=\"center\"><strong>2020<\/strong><\/td><td class=\"has-text-align-center\" data-align=\"center\"><strong>2021<\/strong><\/td><td class=\"has-text-align-center\" data-align=\"center\"><strong>2022<\/strong><\/td><\/tr><tr><td>Maroko<\/td><td class=\"has-text-align-center\" data-align=\"center\">1011<\/td><td class=\"has-text-align-center\" data-align=\"center\">1132<\/td><td class=\"has-text-align-center\" data-align=\"center\">719<\/td><td class=\"has-text-align-center\" data-align=\"center\">1126<\/td><td class=\"has-text-align-center\" data-align=\"center\">2559<\/td><\/tr><tr><td>Algieria<\/td><td class=\"has-text-align-center\" data-align=\"center\">1346<\/td><td class=\"has-text-align-center\" data-align=\"center\">1649<\/td><td class=\"has-text-align-center\" data-align=\"center\">783<\/td><td class=\"has-text-align-center\" data-align=\"center\">814<\/td><td class=\"has-text-align-center\" data-align=\"center\">2380<\/td><\/tr><tr><td>Egipt<\/td><td class=\"has-text-align-center\" data-align=\"center\">3466<\/td><td class=\"has-text-align-center\" data-align=\"center\">3312<\/td><td class=\"has-text-align-center\" data-align=\"center\">1297<\/td><td class=\"has-text-align-center\" data-align=\"center\">447<\/td><td class=\"has-text-align-center\" data-align=\"center\">2147<\/td><\/tr><tr><td>Kamerun<\/td><td class=\"has-text-align-center\" data-align=\"center\">1626<\/td><td class=\"has-text-align-center\" data-align=\"center\">1661<\/td><td class=\"has-text-align-center\" data-align=\"center\">460<\/td><td class=\"has-text-align-center\" data-align=\"center\">653<\/td><td class=\"has-text-align-center\" data-align=\"center\">1705<\/td><\/tr><tr><td>Sudan<\/td><td class=\"has-text-align-center\" data-align=\"center\">1680<\/td><td class=\"has-text-align-center\" data-align=\"center\">1548<\/td><td class=\"has-text-align-center\" data-align=\"center\">403<\/td><td class=\"has-text-align-center\" data-align=\"center\">249<\/td><td class=\"has-text-align-center\" data-align=\"center\">1704<\/td><\/tr><tr><td>Kenia<\/td><td class=\"has-text-align-center\" data-align=\"center\">1220<\/td><td class=\"has-text-align-center\" data-align=\"center\">1207<\/td><td class=\"has-text-align-center\" data-align=\"center\">393<\/td><td class=\"has-text-align-center\" data-align=\"center\">278<\/td><td class=\"has-text-align-center\" data-align=\"center\">1157<\/td><\/tr><tr><td>Kongo Kinszasa<\/td><td class=\"has-text-align-center\" data-align=\"center\">2874<\/td><td class=\"has-text-align-center\" data-align=\"center\">3096<\/td><td class=\"has-text-align-center\" data-align=\"center\">478<\/td><td class=\"has-text-align-center\" data-align=\"center\">592<\/td><td class=\"has-text-align-center\" data-align=\"center\">903<\/td><\/tr><tr><td>Togo<\/td><td class=\"has-text-align-center\" data-align=\"center\">664<\/td><td class=\"has-text-align-center\" data-align=\"center\">757<\/td><td class=\"has-text-align-center\" data-align=\"center\">208<\/td><td class=\"has-text-align-center\" data-align=\"center\">186<\/td><td class=\"has-text-align-center\" data-align=\"center\">838<\/td><\/tr><tr><td>Rwanda<\/td><td class=\"has-text-align-center\" data-align=\"center\">277<\/td><td class=\"has-text-align-center\" data-align=\"center\">338<\/td><td class=\"has-text-align-center\" data-align=\"center\">115<\/td><td class=\"has-text-align-center\" data-align=\"center\">155<\/td><td class=\"has-text-align-center\" data-align=\"center\">661<\/td><\/tr><tr><td>Etiopia<\/td><td class=\"has-text-align-center\" data-align=\"center\">2106<\/td><td class=\"has-text-align-center\" data-align=\"center\">1696<\/td><td class=\"has-text-align-center\" data-align=\"center\">339<\/td><td class=\"has-text-align-center\" data-align=\"center\">67<\/td><td class=\"has-text-align-center\" data-align=\"center\">621<\/td><\/tr><tr><td>Liberia<\/td><td class=\"has-text-align-center\" data-align=\"center\">1249<\/td><td class=\"has-text-align-center\" data-align=\"center\">653<\/td><td class=\"has-text-align-center\" data-align=\"center\">89<\/td><td class=\"has-text-align-center\" data-align=\"center\">46<\/td><td class=\"has-text-align-center\" data-align=\"center\">531<\/td><\/tr><tr><td>Wybrze\u017ce Ko\u015bci S\u0142oniowej<\/td><td class=\"has-text-align-center\" data-align=\"center\">386<\/td><td class=\"has-text-align-center\" data-align=\"center\">424<\/td><td class=\"has-text-align-center\" data-align=\"center\">76<\/td><td class=\"has-text-align-center\" data-align=\"center\">144<\/td><td class=\"has-text-align-center\" data-align=\"center\">383<\/td><\/tr><tr><td>Gwinea<\/td><td class=\"has-text-align-center\" data-align=\"center\">155<\/td><td class=\"has-text-align-center\" data-align=\"center\">300<\/td><td class=\"has-text-align-center\" data-align=\"center\">38<\/td><td class=\"has-text-align-center\" data-align=\"center\">41<\/td><td class=\"has-text-align-center\" data-align=\"center\">377<\/td><\/tr><tr><td>Ghana<\/td><td class=\"has-text-align-center\" data-align=\"center\">777<\/td><td class=\"has-text-align-center\" data-align=\"center\">640<\/td><td class=\"has-text-align-center\" data-align=\"center\">111<\/td><td class=\"has-text-align-center\" data-align=\"center\">229<\/td><td class=\"has-text-align-center\" data-align=\"center\">355<\/td><\/tr><tr><td>Angola<\/td><td class=\"has-text-align-center\" data-align=\"center\">20<\/td><td class=\"has-text-align-center\" data-align=\"center\">60<\/td><td class=\"has-text-align-center\" data-align=\"center\">9<\/td><td class=\"has-text-align-center\" data-align=\"center\">17<\/td><td class=\"has-text-align-center\" data-align=\"center\">293<\/td><\/tr><tr><td>Benin<\/td><td class=\"has-text-align-center\" data-align=\"center\">237<\/td><td class=\"has-text-align-center\" data-align=\"center\">364<\/td><td class=\"has-text-align-center\" data-align=\"center\">92<\/td><td class=\"has-text-align-center\" data-align=\"center\">58<\/td><td class=\"has-text-align-center\" data-align=\"center\">266<\/td><\/tr><tr><td>Republika Po\u0142udniowej Afryki<\/td><td class=\"has-text-align-center\" data-align=\"center\">175<\/td><td class=\"has-text-align-center\" data-align=\"center\">180<\/td><td class=\"has-text-align-center\" data-align=\"center\">38<\/td><td class=\"has-text-align-center\" data-align=\"center\">106<\/td><td class=\"has-text-align-center\" data-align=\"center\">266<\/td><\/tr><tr><td>Sierra Leone<\/td><td class=\"has-text-align-center\" data-align=\"center\">119<\/td><td class=\"has-text-align-center\" data-align=\"center\">172<\/td><td class=\"has-text-align-center\" data-align=\"center\">13<\/td><td class=\"has-text-align-center\" data-align=\"center\">70<\/td><td class=\"has-text-align-center\" data-align=\"center\">207<\/td><\/tr><tr><td>Uganda<\/td><td class=\"has-text-align-center\" data-align=\"center\">177<\/td><td class=\"has-text-align-center\" data-align=\"center\">133<\/td><td class=\"has-text-align-center\" data-align=\"center\">64<\/td><td class=\"has-text-align-center\" data-align=\"center\">69<\/td><td class=\"has-text-align-center\" data-align=\"center\">206<\/td><\/tr><tr><td>Libia<\/td><td class=\"has-text-align-center\" data-align=\"center\">47<\/td><td class=\"has-text-align-center\" data-align=\"center\">72<\/td><td class=\"has-text-align-center\" data-align=\"center\">24<\/td><td class=\"has-text-align-center\" data-align=\"center\">59<\/td><td class=\"has-text-align-center\" data-align=\"center\">192<\/td><\/tr><\/tbody><\/table><figcaption class=\"wp-element-caption\">Liczba wiz wydanych w ramach <a href=\"https:\/\/us-gc.net\/pl\/diversity-visa-program\/\">programu Diversity Visa<\/a> dla g\u0142\u00f3wnych kraj\u00f3w afryka\u0144skich<\/figcaption><\/figure>\n\n<p><\/p>\n","protected":false},"excerpt":{"rendered":"<p>Kraje afryka\u0144skie w loterii Zielonej Karty USA Ka\u017cdego roku miliony kandydat\u00f3w bior\u0105 udzia\u0142 w ameryka\u0144skiej loterii Green Card. Zebrali\u015bmy statystyki opublikowane przez Departament Stanu na stronie travel.state.gov, aby przedstawi\u0107 kluczowe dane dotycz\u0105ce udzia\u0142u obywateli afryka\u0144skich w loterii Zielonej Karty. Ilu Afryka\u0144czyk\u00f3w bierze udzia\u0142 w loterii? Oko\u0142o 50% os\u00f3b ubiegaj\u0105cych si\u0119 o Zielon\u0105 Kart\u0119 by\u0142o obywatelami [&hellip;]<\/p>\n","protected":false},"author":1,"featured_media":0,"parent":0,"menu_order":0,"comment_status":"closed","ping_status":"closed","template":"","meta":{"footnotes":""},"class_list":["post-2178","page","type-page","status-publish","hentry"],"yoast_head":"<!-- This site is optimized with the Yoast SEO plugin v27.4 - https:\/\/yoast.com\/product\/yoast-seo-wordpress\/ -->\n<title>Loteria Green Card dla kraj\u00f3w afryka\u0144skich - USA GC<\/title>\n<meta name=\"description\" content=\"Szczeg\u00f3\u0142owy udzia\u0142 obywateli kraj\u00f3w afryka\u0144skich w ameryka\u0144skiej loterii Zielonej Karty w ostatnich latach\" \/>\n<meta name=\"robots\" content=\"index, follow, max-snippet:-1, max-image-preview:large, max-video-preview:-1\" \/>\n<link rel=\"canonical\" href=\"https:\/\/us-gc.net\/pl\/loteria-green-card-kraje-afryka\/\" \/>\n<meta property=\"og:locale\" content=\"pl_PL\" \/>\n<meta property=\"og:type\" content=\"article\" \/>\n<meta property=\"og:title\" content=\"Loteria Green Card dla kraj\u00f3w afryka\u0144skich - USA GC\" \/>\n<meta property=\"og:description\" content=\"Szczeg\u00f3\u0142owy udzia\u0142 obywateli kraj\u00f3w afryka\u0144skich w ameryka\u0144skiej loterii Zielonej Karty w ostatnich latach\" \/>\n<meta property=\"og:url\" content=\"https:\/\/us-gc.net\/pl\/loteria-green-card-kraje-afryka\/\" \/>\n<meta property=\"og:site_name\" content=\"USA GC\" \/>\n<meta property=\"article:modified_time\" content=\"2024-12-30T09:44:30+00:00\" \/>\n<meta name=\"twitter:card\" content=\"summary_large_image\" \/>\n<meta name=\"twitter:label1\" content=\"Szacowany czas czytania\" \/>\n\t<meta name=\"twitter:data1\" content=\"2 minuty\" \/>\n<script type=\"application\/ld+json\" class=\"yoast-schema-graph\">{\"@context\":\"https:\\\/\\\/schema.org\",\"@graph\":[{\"@type\":\"WebPage\",\"@id\":\"https:\\\/\\\/us-gc.net\\\/pl\\\/loteria-green-card-kraje-afryka\\\/\",\"url\":\"https:\\\/\\\/us-gc.net\\\/pl\\\/loteria-green-card-kraje-afryka\\\/\",\"name\":\"Loteria Green Card dla kraj\u00f3w afryka\u0144skich - USA GC\",\"isPartOf\":{\"@id\":\"https:\\\/\\\/us-gc.net\\\/pl\\\/#website\"},\"datePublished\":\"2024-02-13T15:26:40+00:00\",\"dateModified\":\"2024-12-30T09:44:30+00:00\",\"description\":\"Szczeg\u00f3\u0142owy udzia\u0142 obywateli kraj\u00f3w afryka\u0144skich w ameryka\u0144skiej loterii Zielonej Karty w ostatnich latach\",\"breadcrumb\":{\"@id\":\"https:\\\/\\\/us-gc.net\\\/pl\\\/loteria-green-card-kraje-afryka\\\/#breadcrumb\"},\"inLanguage\":\"pl-PL\",\"potentialAction\":[{\"@type\":\"ReadAction\",\"target\":[\"https:\\\/\\\/us-gc.net\\\/pl\\\/loteria-green-card-kraje-afryka\\\/\"]}]},{\"@type\":\"BreadcrumbList\",\"@id\":\"https:\\\/\\\/us-gc.net\\\/pl\\\/loteria-green-card-kraje-afryka\\\/#breadcrumb\",\"itemListElement\":[{\"@type\":\"ListItem\",\"position\":1,\"name\":\"Accueil\",\"item\":\"https:\\\/\\\/us-gc.net\\\/pl\\\/green-card\\\/\"},{\"@type\":\"ListItem\",\"position\":2,\"name\":\"Loteria Green Card dla kraj\u00f3w afryka\u0144skich\"}]},{\"@type\":\"WebSite\",\"@id\":\"https:\\\/\\\/us-gc.net\\\/pl\\\/#website\",\"url\":\"https:\\\/\\\/us-gc.net\\\/pl\\\/\",\"name\":\"USA GC\",\"description\":\"\",\"potentialAction\":[{\"@type\":\"SearchAction\",\"target\":{\"@type\":\"EntryPoint\",\"urlTemplate\":\"https:\\\/\\\/us-gc.net\\\/pl\\\/?s={search_term_string}\"},\"query-input\":{\"@type\":\"PropertyValueSpecification\",\"valueRequired\":true,\"valueName\":\"search_term_string\"}}],\"inLanguage\":\"pl-PL\"}]}<\/script>\n<!-- \/ Yoast SEO plugin. -->","yoast_head_json":{"title":"Loteria Green Card dla kraj\u00f3w afryka\u0144skich - USA GC","description":"Szczeg\u00f3\u0142owy udzia\u0142 obywateli kraj\u00f3w afryka\u0144skich w ameryka\u0144skiej loterii Zielonej Karty w ostatnich latach","robots":{"index":"index","follow":"follow","max-snippet":"max-snippet:-1","max-image-preview":"max-image-preview:large","max-video-preview":"max-video-preview:-1"},"canonical":"https:\/\/us-gc.net\/pl\/loteria-green-card-kraje-afryka\/","og_locale":"pl_PL","og_type":"article","og_title":"Loteria Green Card dla kraj\u00f3w afryka\u0144skich - USA GC","og_description":"Szczeg\u00f3\u0142owy udzia\u0142 obywateli kraj\u00f3w afryka\u0144skich w ameryka\u0144skiej loterii Zielonej Karty w ostatnich latach","og_url":"https:\/\/us-gc.net\/pl\/loteria-green-card-kraje-afryka\/","og_site_name":"USA GC","article_modified_time":"2024-12-30T09:44:30+00:00","twitter_card":"summary_large_image","twitter_misc":{"Szacowany czas czytania":"2 minuty"},"schema":{"@context":"https:\/\/schema.org","@graph":[{"@type":"WebPage","@id":"https:\/\/us-gc.net\/pl\/loteria-green-card-kraje-afryka\/","url":"https:\/\/us-gc.net\/pl\/loteria-green-card-kraje-afryka\/","name":"Loteria Green Card dla kraj\u00f3w afryka\u0144skich - USA GC","isPartOf":{"@id":"https:\/\/us-gc.net\/pl\/#website"},"datePublished":"2024-02-13T15:26:40+00:00","dateModified":"2024-12-30T09:44:30+00:00","description":"Szczeg\u00f3\u0142owy udzia\u0142 obywateli kraj\u00f3w afryka\u0144skich w ameryka\u0144skiej loterii Zielonej Karty w ostatnich latach","breadcrumb":{"@id":"https:\/\/us-gc.net\/pl\/loteria-green-card-kraje-afryka\/#breadcrumb"},"inLanguage":"pl-PL","potentialAction":[{"@type":"ReadAction","target":["https:\/\/us-gc.net\/pl\/loteria-green-card-kraje-afryka\/"]}]},{"@type":"BreadcrumbList","@id":"https:\/\/us-gc.net\/pl\/loteria-green-card-kraje-afryka\/#breadcrumb","itemListElement":[{"@type":"ListItem","position":1,"name":"Accueil","item":"https:\/\/us-gc.net\/pl\/green-card\/"},{"@type":"ListItem","position":2,"name":"Loteria Green Card dla kraj\u00f3w afryka\u0144skich"}]},{"@type":"WebSite","@id":"https:\/\/us-gc.net\/pl\/#website","url":"https:\/\/us-gc.net\/pl\/","name":"USA GC","description":"","potentialAction":[{"@type":"SearchAction","target":{"@type":"EntryPoint","urlTemplate":"https:\/\/us-gc.net\/pl\/?s={search_term_string}"},"query-input":{"@type":"PropertyValueSpecification","valueRequired":true,"valueName":"search_term_string"}}],"inLanguage":"pl-PL"}]}},"_links":{"self":[{"href":"https:\/\/us-gc.net\/pl\/wp-json\/wp\/v2\/pages\/2178","targetHints":{"allow":["GET"]}}],"collection":[{"href":"https:\/\/us-gc.net\/pl\/wp-json\/wp\/v2\/pages"}],"about":[{"href":"https:\/\/us-gc.net\/pl\/wp-json\/wp\/v2\/types\/page"}],"author":[{"embeddable":true,"href":"https:\/\/us-gc.net\/pl\/wp-json\/wp\/v2\/users\/1"}],"replies":[{"embeddable":true,"href":"https:\/\/us-gc.net\/pl\/wp-json\/wp\/v2\/comments?post=2178"}],"version-history":[{"count":1,"href":"https:\/\/us-gc.net\/pl\/wp-json\/wp\/v2\/pages\/2178\/revisions"}],"predecessor-version":[{"id":7884,"href":"https:\/\/us-gc.net\/pl\/wp-json\/wp\/v2\/pages\/2178\/revisions\/7884"}],"wp:attachment":[{"href":"https:\/\/us-gc.net\/pl\/wp-json\/wp\/v2\/media?parent=2178"}],"curies":[{"name":"wp","href":"https:\/\/api.w.org\/{rel}","templated":true}]}}