{"id":1505,"date":"2024-02-08T15:57:06","date_gmt":"2024-02-08T15:57:06","guid":{"rendered":"https:\/\/green-card-usa.net\/cena-green-card\/"},"modified":"2025-03-31T11:22:37","modified_gmt":"2025-03-31T11:22:37","slug":"cena-green-card","status":"publish","type":"page","link":"https:\/\/us-gc.net\/pl\/cena-green-card\/","title":{"rendered":"Ile kosztuje Green Card?"},"content":{"rendered":"\n<h1 class=\"wp-block-heading\" id=\"h-prix-a-payer-pour-obtenir-la-green-card\">Koszt uzyskania Green Card<\/h1>\n\n<p>Koszt uzyskania Green Card zale\u017cy od rodzaju Green Card i sytuacji wnioskodawcy. Istniej\u0105 op\u0142aty, kt\u00f3re nale\u017cy ui\u015bci\u0107 w czterech g\u0142\u00f3wnych sytuacjach uzyskania Green Card.<\/p>\n\n<h2 class=\"wp-block-heading\" id=\"h-quels-sont-les-frais-d-une-green-card-obtenue-a-la-loterie\">Ile kosztuje Green Card uzyskana w drodze loterii?<\/h2>\n\n<p><a href=\"https:\/\/us-gc.net\/pl\/loteria-green-card\/\">Loteria Ziel onej Karty<\/a> umo\u017cliwia ponad 50 000 obcokrajowc\u00f3w wygranie prawa do otrzymania <a href=\"https:\/\/us-gc.net\/pl\/\">Green Card<\/a>. Udzia\u0142 w losowaniu nagr\u00f3d jest bezp\u0142atny. Osoby ubiegaj\u0105ce si\u0119 o wiz\u0119 b\u0119d\u0105 jednak musia\u0142y ui\u015bci\u0107 op\u0142at\u0119 wizow\u0105 na rzecz w\u0142adz USA, aby uzyska\u0107 Green Card, kt\u00f3r\u0105 wygra\u0142y w loterii.<\/p>\n\n<p>Op\u0142aty te nie podlegaj\u0105 zwrotowi i s\u0105 przekazywane bezpo\u015brednio do Departamentu Stanu USA. Op\u0142ata jest naliczana w celu pokrycia koszt\u00f3w poniesionych przez Departament w zwi\u0105zku z zarz\u0105dzaniem programem DV i jest niezale\u017cna od wszelkich op\u0142at, kt\u00f3re nale\u017cy ui\u015bci\u0107 na rzecz USCIS w ramach wniosku wizowego.<\/p>\n\n<p><strong>Op\u0142ata za wiz\u0119 r\u00f3\u017cnorodn\u0105 uzyskan\u0105 w drodze loterii Green Card wynosi 330 USD<\/strong> za osob\u0119 ubiegaj\u0105c\u0105 si\u0119 o ni\u0105 jako laureat loterii. Op\u0142aty te musz\u0105 zosta\u0107 uiszczone przed kontynuowaniem przetwarzania wniosku zaakceptowanego przez<a href=\"https:\/\/www.uscis.gov\/\">USCIS<\/a>. Kwota ta zale\u017cy od pocz\u0105tkowego statusu osoby ubiegaj\u0105cej si\u0119 o Green Card.<\/p>\n\n<p><strong>Aby zapewni\u0107 sobie miejsce w kolejnym corocznym losowaniu<\/strong>, nale\u017cy wype\u0142ni\u0107 <a href=\"https:\/\/us-gc.net\/pl\/green-card-loterii-formularz\/\">formularz rejestracyjny loterii Green Card<\/a>.<\/p>\n\n<div style=\"height:10px\" aria-hidden=\"true\" class=\"wp-block-spacer\"><\/div>\n\n<h2 class=\"wp-block-heading\" id=\"h-quels-sont-les-frais-d-une-green-card-par-rapprochement-familial\">Ile kosztuje Green Card w ramach \u0142\u0105czenia rodzin?<\/h2>\n\n<p>Cudzoziemiec pragn\u0105cy zamieszka\u0107 na sta\u0142e w Stanach Zjednoczonych potrzebuje wizy imigracyjnej. Wiz\u0119 t\u0119 mo\u017cna uzyska\u0107, b\u0119d\u0105c sponsorowanym przez bezpo\u015bredniego krewnego, kt\u00f3ry jest obywatelem USA lub legalnym sta\u0142ym rezydentem Stan\u00f3w Zjednoczonych.<\/p>\n\n<h3 class=\"wp-block-heading\" id=\"h-il-existe-deux-types-de-visas-d-immigrant-familiaux\">Istniej\u0105 dwa rodzaje rodzinnych wiz imigracyjnych<\/h3>\n\n<ul class=\"wp-block-list\">\n<li>Od <strong>najbli\u017cszego krewnego<\/strong>: Wizy te opieraj\u0105 si\u0119 na bezpo\u015brednim zwi\u0105zku rodzinnym z obywatelem USA, takim jak ma\u0142\u017conek, dziecko lub rodzic. Nie ma limitu liczby imigrant\u00f3w w tych kategoriach ka\u017cdego roku.<\/li>\n\n\n\n<li><strong>Preferencje rodzinne<\/strong>: Wizy te s\u0105 przeznaczone dla okre\u015blonych, bardziej odleg\u0142ych relacji rodzinnych z obywatelem USA i niekt\u00f3rych okre\u015blonych relacji z legalnym sta\u0142ym rezydentem. Liczba imigrant\u00f3w w tej kategorii wizowej jest ograniczona ka\u017cdego roku.<\/li>\n<\/ul>\n\n<div style=\"height:10px\" aria-hidden=\"true\" class=\"wp-block-spacer\"><\/div>\n\n<p>W przypadku obu rodzaj\u00f3w wiz: <strong>op\u0142ata wynosi 325 USD za osob\u0119<\/strong>. Op\u0142aty te nie podlegaj\u0105 zwrotowi.<\/p>\n","protected":false},"excerpt":{"rendered":"<p>Koszt uzyskania Green Card Koszt uzyskania Green Card zale\u017cy od rodzaju Green Card i sytuacji wnioskodawcy. Istniej\u0105 op\u0142aty, kt\u00f3re nale\u017cy ui\u015bci\u0107 w czterech g\u0142\u00f3wnych sytuacjach uzyskania Green Card. Ile kosztuje Green Card uzyskana w drodze loterii? Loteria Ziel onej Karty umo\u017cliwia ponad 50 000 obcokrajowc\u00f3w wygranie prawa do otrzymania Green Card. Udzia\u0142 w losowaniu nagr\u00f3d [&hellip;]<\/p>\n","protected":false},"author":1,"featured_media":0,"parent":0,"menu_order":0,"comment_status":"closed","ping_status":"closed","template":"","meta":{"footnotes":""},"class_list":["post-1505","page","type-page","status-publish","hentry"],"yoast_head":"<!-- This site is optimized with the Yoast SEO plugin v27.4 - https:\/\/yoast.com\/product\/yoast-seo-wordpress\/ -->\n<title>Ile kosztuje Green Card? - USA GC<\/title>\n<meta name=\"description\" content=\"Ile kosztuje z\u0142o\u017cenie wniosku o ameryka\u0144sk\u0105 Green Card? Zale\u017cy to od warunk\u00f3w jej uzyskania.\" \/>\n<meta name=\"robots\" content=\"index, follow, max-snippet:-1, max-image-preview:large, max-video-preview:-1\" \/>\n<link rel=\"canonical\" href=\"https:\/\/us-gc.net\/pl\/cena-green-card\/\" \/>\n<meta property=\"og:locale\" content=\"pl_PL\" \/>\n<meta property=\"og:type\" content=\"article\" \/>\n<meta property=\"og:title\" content=\"Ile kosztuje Green Card? - USA GC\" \/>\n<meta property=\"og:description\" content=\"Ile kosztuje z\u0142o\u017cenie wniosku o ameryka\u0144sk\u0105 Green Card? Zale\u017cy to od warunk\u00f3w jej uzyskania.\" \/>\n<meta property=\"og:url\" content=\"https:\/\/us-gc.net\/pl\/cena-green-card\/\" \/>\n<meta property=\"og:site_name\" content=\"USA GC\" \/>\n<meta property=\"article:modified_time\" content=\"2025-03-31T11:22:37+00:00\" \/>\n<meta name=\"twitter:card\" content=\"summary_large_image\" \/>\n<meta name=\"twitter:label1\" content=\"Szacowany czas czytania\" \/>\n\t<meta name=\"twitter:data1\" content=\"2 minuty\" \/>\n<script type=\"application\/ld+json\" class=\"yoast-schema-graph\">{\"@context\":\"https:\\\/\\\/schema.org\",\"@graph\":[{\"@type\":\"WebPage\",\"@id\":\"https:\\\/\\\/us-gc.net\\\/pl\\\/cena-green-card\\\/\",\"url\":\"https:\\\/\\\/us-gc.net\\\/pl\\\/cena-green-card\\\/\",\"name\":\"Ile kosztuje Green Card? - USA GC\",\"isPartOf\":{\"@id\":\"https:\\\/\\\/us-gc.net\\\/pl\\\/#website\"},\"datePublished\":\"2024-02-08T15:57:06+00:00\",\"dateModified\":\"2025-03-31T11:22:37+00:00\",\"description\":\"Ile kosztuje z\u0142o\u017cenie wniosku o ameryka\u0144sk\u0105 Green Card? Zale\u017cy to od warunk\u00f3w jej uzyskania.\",\"breadcrumb\":{\"@id\":\"https:\\\/\\\/us-gc.net\\\/pl\\\/cena-green-card\\\/#breadcrumb\"},\"inLanguage\":\"pl-PL\",\"potentialAction\":[{\"@type\":\"ReadAction\",\"target\":[\"https:\\\/\\\/us-gc.net\\\/pl\\\/cena-green-card\\\/\"]}]},{\"@type\":\"BreadcrumbList\",\"@id\":\"https:\\\/\\\/us-gc.net\\\/pl\\\/cena-green-card\\\/#breadcrumb\",\"itemListElement\":[{\"@type\":\"ListItem\",\"position\":1,\"name\":\"Accueil\",\"item\":\"https:\\\/\\\/us-gc.net\\\/pl\\\/green-card\\\/\"},{\"@type\":\"ListItem\",\"position\":2,\"name\":\"Ile kosztuje Green Card?\"}]},{\"@type\":\"WebSite\",\"@id\":\"https:\\\/\\\/us-gc.net\\\/pl\\\/#website\",\"url\":\"https:\\\/\\\/us-gc.net\\\/pl\\\/\",\"name\":\"USA GC\",\"description\":\"\",\"potentialAction\":[{\"@type\":\"SearchAction\",\"target\":{\"@type\":\"EntryPoint\",\"urlTemplate\":\"https:\\\/\\\/us-gc.net\\\/pl\\\/?s={search_term_string}\"},\"query-input\":{\"@type\":\"PropertyValueSpecification\",\"valueRequired\":true,\"valueName\":\"search_term_string\"}}],\"inLanguage\":\"pl-PL\"}]}<\/script>\n<!-- \/ Yoast SEO plugin. -->","yoast_head_json":{"title":"Ile kosztuje Green Card? - USA GC","description":"Ile kosztuje z\u0142o\u017cenie wniosku o ameryka\u0144sk\u0105 Green Card? Zale\u017cy to od warunk\u00f3w jej uzyskania.","robots":{"index":"index","follow":"follow","max-snippet":"max-snippet:-1","max-image-preview":"max-image-preview:large","max-video-preview":"max-video-preview:-1"},"canonical":"https:\/\/us-gc.net\/pl\/cena-green-card\/","og_locale":"pl_PL","og_type":"article","og_title":"Ile kosztuje Green Card? - USA GC","og_description":"Ile kosztuje z\u0142o\u017cenie wniosku o ameryka\u0144sk\u0105 Green Card? Zale\u017cy to od warunk\u00f3w jej uzyskania.","og_url":"https:\/\/us-gc.net\/pl\/cena-green-card\/","og_site_name":"USA GC","article_modified_time":"2025-03-31T11:22:37+00:00","twitter_card":"summary_large_image","twitter_misc":{"Szacowany czas czytania":"2 minuty"},"schema":{"@context":"https:\/\/schema.org","@graph":[{"@type":"WebPage","@id":"https:\/\/us-gc.net\/pl\/cena-green-card\/","url":"https:\/\/us-gc.net\/pl\/cena-green-card\/","name":"Ile kosztuje Green Card? - USA GC","isPartOf":{"@id":"https:\/\/us-gc.net\/pl\/#website"},"datePublished":"2024-02-08T15:57:06+00:00","dateModified":"2025-03-31T11:22:37+00:00","description":"Ile kosztuje z\u0142o\u017cenie wniosku o ameryka\u0144sk\u0105 Green Card? Zale\u017cy to od warunk\u00f3w jej uzyskania.","breadcrumb":{"@id":"https:\/\/us-gc.net\/pl\/cena-green-card\/#breadcrumb"},"inLanguage":"pl-PL","potentialAction":[{"@type":"ReadAction","target":["https:\/\/us-gc.net\/pl\/cena-green-card\/"]}]},{"@type":"BreadcrumbList","@id":"https:\/\/us-gc.net\/pl\/cena-green-card\/#breadcrumb","itemListElement":[{"@type":"ListItem","position":1,"name":"Accueil","item":"https:\/\/us-gc.net\/pl\/green-card\/"},{"@type":"ListItem","position":2,"name":"Ile kosztuje Green Card?"}]},{"@type":"WebSite","@id":"https:\/\/us-gc.net\/pl\/#website","url":"https:\/\/us-gc.net\/pl\/","name":"USA GC","description":"","potentialAction":[{"@type":"SearchAction","target":{"@type":"EntryPoint","urlTemplate":"https:\/\/us-gc.net\/pl\/?s={search_term_string}"},"query-input":{"@type":"PropertyValueSpecification","valueRequired":true,"valueName":"search_term_string"}}],"inLanguage":"pl-PL"}]}},"_links":{"self":[{"href":"https:\/\/us-gc.net\/pl\/wp-json\/wp\/v2\/pages\/1505","targetHints":{"allow":["GET"]}}],"collection":[{"href":"https:\/\/us-gc.net\/pl\/wp-json\/wp\/v2\/pages"}],"about":[{"href":"https:\/\/us-gc.net\/pl\/wp-json\/wp\/v2\/types\/page"}],"author":[{"embeddable":true,"href":"https:\/\/us-gc.net\/pl\/wp-json\/wp\/v2\/users\/1"}],"replies":[{"embeddable":true,"href":"https:\/\/us-gc.net\/pl\/wp-json\/wp\/v2\/comments?post=1505"}],"version-history":[{"count":3,"href":"https:\/\/us-gc.net\/pl\/wp-json\/wp\/v2\/pages\/1505\/revisions"}],"predecessor-version":[{"id":10148,"href":"https:\/\/us-gc.net\/pl\/wp-json\/wp\/v2\/pages\/1505\/revisions\/10148"}],"wp:attachment":[{"href":"https:\/\/us-gc.net\/pl\/wp-json\/wp\/v2\/media?parent=1505"}],"curies":[{"name":"wp","href":"https:\/\/api.w.org\/{rel}","templated":true}]}}