{"id":1376,"date":"2024-02-10T08:30:09","date_gmt":"2024-02-10T08:30:09","guid":{"rendered":"https:\/\/green-card-usa.net\/loterii-green-card-w-krajach-nieuczestniczacych\/"},"modified":"2024-12-30T09:46:25","modified_gmt":"2024-12-30T09:46:25","slug":"loterii-green-card-w-krajach-nieuczestniczacych","status":"publish","type":"page","link":"https:\/\/us-gc.net\/pl\/loterii-green-card-w-krajach-nieuczestniczacych\/","title":{"rendered":"Kraje niekwalifikuj\u0105ce si\u0119 do loterii Zielonej Karty"},"content":{"rendered":"\n<h1 class=\"wp-block-heading\" id=\"h-liste-des-pays-non-participants-a-la-loterie-de-la-green-card\">Lista kraj\u00f3w nieuczestnicz\u0105cych w loterii Zielonej Karty<\/h1>\n\n<p>Stany Zjednoczone chc\u0105 utrzyma\u0107 mieszan\u0105 populacj\u0119 imigrant\u00f3w. Ka\u017cdego roku Program Wiz R\u00f3\u017cnorodno\u015bci sporz\u0105dza list\u0119 kraj\u00f3w, kt\u00f3rych obywatele nie mog\u0105 bra\u0107 udzia\u0142u w loterii Zielonej Karty. Te nieuczestnicz\u0105ce kraje to te, z kt\u00f3rych ponad 50 000 obywateli wyemigrowa\u0142o do Stan\u00f3w Zjednoczonych w ci\u0105gu ostatnich pi\u0119ciu lat i nie kwalifikuj\u0105 si\u0119 do udzia\u0142u w tegorocznym losowaniu.<\/p>\n\n<h2 class=\"wp-block-heading\" id=\"h-pays-exclus-de-la-loterie-green-card-dv-2024\">Kraje wykluczone z loterii Zielonej Karty DV-2024<\/h2>\n\n<p>Do corocznego losowania <a href=\"https:\/\/us-gc.net\/pl\/green-card-loteria-2024\/\">Zielonej Karty DV-2024<\/a> nie kwalifikowali si\u0119 mieszka\u0144cy nast\u0119puj\u0105cych kraj\u00f3w i region\u00f3w, poniewa\u017c ponad 50 000 mieszka\u0144c\u00f3w tych kraj\u00f3w wyemigrowa\u0142o do Stan\u00f3w Zjednoczonych w ci\u0105gu ostatnich pi\u0119ciu lat: Bangladesz, Brazylia, Kanada, Chiny (w tym Hongkong), Kolumbia, Dominikana, Salwador, Haiti, Honduras, Indie, Jamajka, Meksyk, Nigeria, Pakistan, Filipiny, Republika Korei, Wielka Brytania (z wy\u0142\u0105czeniem Irlandii P\u00f3\u0142nocnej) i jej terytoria zale\u017cne, Wenezuela i Wietnam.<\/p>\n\n<p><strong>Chi\u0144ski wyj\u0105tek<\/strong>: kwalifikowa\u0142y si\u0119 osoby urodzone w Makau i na Tajwanie.<\/p>\n\n<h2 class=\"wp-block-heading\" id=\"h-pays-exclus-de-la-loterie-green-card-dv-2025\">Kraje wykluczone z loterii Zielonej Karty DV-2025<\/h2>\n\n<p>Obywatele nast\u0119puj\u0105cych kraj\u00f3w nie kwalifikuj\u0105 si\u0119 do corocznego losowania <a href=\"https:\/\/us-gc.net\/pl\/loteria-green-card-2025\/\">Green Card DV-2025<\/a>: Bangladesz, Brazylia, Kanada, Chiny (w tym Hongkong), Kolumbia, Dominikana, Salwador, Haiti, Honduras, Indie, Jamajka, Meksyk, Nigeria, Pakistan, Filipiny, Republika Korei, Wenezuela i Wietnam.<\/p>\n\n<p><strong>Chi\u0144ski wyj\u0105tek<\/strong>: kwalifikowa\u0142y si\u0119 osoby urodzone w Makau i na Tajwanie.<\/p>\n\n<p>Tylko jedno terytorium zosta\u0142o usuni\u0119te z listy kraj\u00f3w wykluczonych mi\u0119dzy programami DV-2024 i DV-2025: <strong>Wielka Brytania<\/strong>. Tak wi\u0119c obywatele Wielkiej Brytanii ponownie mogli ubiega\u0107 si\u0119 o udzia\u0142 w <a href=\"https:\/\/us-gc.net\/pl\/amerykanskiej-loterii-zielonej-karty\/\">loterii Zielonej Karty<\/a> w ramach losowania DV-2025.<\/p>\n","protected":false},"excerpt":{"rendered":"<p>Lista kraj\u00f3w nieuczestnicz\u0105cych w loterii Zielonej Karty Stany Zjednoczone chc\u0105 utrzyma\u0107 mieszan\u0105 populacj\u0119 imigrant\u00f3w. Ka\u017cdego roku Program Wiz R\u00f3\u017cnorodno\u015bci sporz\u0105dza list\u0119 kraj\u00f3w, kt\u00f3rych obywatele nie mog\u0105 bra\u0107 udzia\u0142u w loterii Zielonej Karty. Te nieuczestnicz\u0105ce kraje to te, z kt\u00f3rych ponad 50 000 obywateli wyemigrowa\u0142o do Stan\u00f3w Zjednoczonych w ci\u0105gu ostatnich pi\u0119ciu lat i nie kwalifikuj\u0105 [&hellip;]<\/p>\n","protected":false},"author":1,"featured_media":0,"parent":0,"menu_order":0,"comment_status":"closed","ping_status":"closed","template":"","meta":{"footnotes":""},"class_list":["post-1376","page","type-page","status-publish","hentry"],"yoast_head":"<!-- This site is optimized with the Yoast SEO plugin v27.4 - https:\/\/yoast.com\/product\/yoast-seo-wordpress\/ -->\n<title>Kraje niekwalifikuj\u0105ce si\u0119 do loterii Zielonej Karty - USA GC<\/title>\n<meta name=\"robots\" content=\"index, follow, max-snippet:-1, max-image-preview:large, max-video-preview:-1\" \/>\n<link rel=\"canonical\" href=\"https:\/\/us-gc.net\/pl\/loterii-green-card-w-krajach-nieuczestniczacych\/\" \/>\n<meta property=\"og:locale\" content=\"pl_PL\" \/>\n<meta property=\"og:type\" content=\"article\" \/>\n<meta property=\"og:title\" content=\"Kraje niekwalifikuj\u0105ce si\u0119 do loterii Zielonej Karty - USA GC\" \/>\n<meta property=\"og:description\" content=\"Lista kraj\u00f3w nieuczestnicz\u0105cych w loterii Zielonej Karty Stany Zjednoczone chc\u0105 utrzyma\u0107 mieszan\u0105 populacj\u0119 imigrant\u00f3w. Ka\u017cdego roku Program Wiz R\u00f3\u017cnorodno\u015bci sporz\u0105dza list\u0119 kraj\u00f3w, kt\u00f3rych obywatele nie mog\u0105 bra\u0107 udzia\u0142u w loterii Zielonej Karty. Te nieuczestnicz\u0105ce kraje to te, z kt\u00f3rych ponad 50 000 obywateli wyemigrowa\u0142o do Stan\u00f3w Zjednoczonych w ci\u0105gu ostatnich pi\u0119ciu lat i nie kwalifikuj\u0105 [&hellip;]\" \/>\n<meta property=\"og:url\" content=\"https:\/\/us-gc.net\/pl\/loterii-green-card-w-krajach-nieuczestniczacych\/\" \/>\n<meta property=\"og:site_name\" content=\"USA GC\" \/>\n<meta property=\"article:modified_time\" content=\"2024-12-30T09:46:25+00:00\" \/>\n<meta name=\"twitter:card\" content=\"summary_large_image\" \/>\n<meta name=\"twitter:label1\" content=\"Szacowany czas czytania\" \/>\n\t<meta name=\"twitter:data1\" content=\"1 minuta\" \/>\n<script type=\"application\/ld+json\" class=\"yoast-schema-graph\">{\"@context\":\"https:\\\/\\\/schema.org\",\"@graph\":[{\"@type\":\"WebPage\",\"@id\":\"https:\\\/\\\/us-gc.net\\\/pl\\\/loterii-green-card-w-krajach-nieuczestniczacych\\\/\",\"url\":\"https:\\\/\\\/us-gc.net\\\/pl\\\/loterii-green-card-w-krajach-nieuczestniczacych\\\/\",\"name\":\"Kraje niekwalifikuj\u0105ce si\u0119 do loterii Zielonej Karty - USA GC\",\"isPartOf\":{\"@id\":\"https:\\\/\\\/us-gc.net\\\/pl\\\/#website\"},\"datePublished\":\"2024-02-10T08:30:09+00:00\",\"dateModified\":\"2024-12-30T09:46:25+00:00\",\"breadcrumb\":{\"@id\":\"https:\\\/\\\/us-gc.net\\\/pl\\\/loterii-green-card-w-krajach-nieuczestniczacych\\\/#breadcrumb\"},\"inLanguage\":\"pl-PL\",\"potentialAction\":[{\"@type\":\"ReadAction\",\"target\":[\"https:\\\/\\\/us-gc.net\\\/pl\\\/loterii-green-card-w-krajach-nieuczestniczacych\\\/\"]}]},{\"@type\":\"BreadcrumbList\",\"@id\":\"https:\\\/\\\/us-gc.net\\\/pl\\\/loterii-green-card-w-krajach-nieuczestniczacych\\\/#breadcrumb\",\"itemListElement\":[{\"@type\":\"ListItem\",\"position\":1,\"name\":\"Accueil\",\"item\":\"https:\\\/\\\/us-gc.net\\\/pl\\\/green-card\\\/\"},{\"@type\":\"ListItem\",\"position\":2,\"name\":\"Kraje niekwalifikuj\u0105ce si\u0119 do loterii Zielonej Karty\"}]},{\"@type\":\"WebSite\",\"@id\":\"https:\\\/\\\/us-gc.net\\\/pl\\\/#website\",\"url\":\"https:\\\/\\\/us-gc.net\\\/pl\\\/\",\"name\":\"USA GC\",\"description\":\"\",\"potentialAction\":[{\"@type\":\"SearchAction\",\"target\":{\"@type\":\"EntryPoint\",\"urlTemplate\":\"https:\\\/\\\/us-gc.net\\\/pl\\\/?s={search_term_string}\"},\"query-input\":{\"@type\":\"PropertyValueSpecification\",\"valueRequired\":true,\"valueName\":\"search_term_string\"}}],\"inLanguage\":\"pl-PL\"}]}<\/script>\n<!-- \/ Yoast SEO plugin. -->","yoast_head_json":{"title":"Kraje niekwalifikuj\u0105ce si\u0119 do loterii Zielonej Karty - USA GC","robots":{"index":"index","follow":"follow","max-snippet":"max-snippet:-1","max-image-preview":"max-image-preview:large","max-video-preview":"max-video-preview:-1"},"canonical":"https:\/\/us-gc.net\/pl\/loterii-green-card-w-krajach-nieuczestniczacych\/","og_locale":"pl_PL","og_type":"article","og_title":"Kraje niekwalifikuj\u0105ce si\u0119 do loterii Zielonej Karty - USA GC","og_description":"Lista kraj\u00f3w nieuczestnicz\u0105cych w loterii Zielonej Karty Stany Zjednoczone chc\u0105 utrzyma\u0107 mieszan\u0105 populacj\u0119 imigrant\u00f3w. Ka\u017cdego roku Program Wiz R\u00f3\u017cnorodno\u015bci sporz\u0105dza list\u0119 kraj\u00f3w, kt\u00f3rych obywatele nie mog\u0105 bra\u0107 udzia\u0142u w loterii Zielonej Karty. Te nieuczestnicz\u0105ce kraje to te, z kt\u00f3rych ponad 50 000 obywateli wyemigrowa\u0142o do Stan\u00f3w Zjednoczonych w ci\u0105gu ostatnich pi\u0119ciu lat i nie kwalifikuj\u0105 [&hellip;]","og_url":"https:\/\/us-gc.net\/pl\/loterii-green-card-w-krajach-nieuczestniczacych\/","og_site_name":"USA GC","article_modified_time":"2024-12-30T09:46:25+00:00","twitter_card":"summary_large_image","twitter_misc":{"Szacowany czas czytania":"1 minuta"},"schema":{"@context":"https:\/\/schema.org","@graph":[{"@type":"WebPage","@id":"https:\/\/us-gc.net\/pl\/loterii-green-card-w-krajach-nieuczestniczacych\/","url":"https:\/\/us-gc.net\/pl\/loterii-green-card-w-krajach-nieuczestniczacych\/","name":"Kraje niekwalifikuj\u0105ce si\u0119 do loterii Zielonej Karty - USA GC","isPartOf":{"@id":"https:\/\/us-gc.net\/pl\/#website"},"datePublished":"2024-02-10T08:30:09+00:00","dateModified":"2024-12-30T09:46:25+00:00","breadcrumb":{"@id":"https:\/\/us-gc.net\/pl\/loterii-green-card-w-krajach-nieuczestniczacych\/#breadcrumb"},"inLanguage":"pl-PL","potentialAction":[{"@type":"ReadAction","target":["https:\/\/us-gc.net\/pl\/loterii-green-card-w-krajach-nieuczestniczacych\/"]}]},{"@type":"BreadcrumbList","@id":"https:\/\/us-gc.net\/pl\/loterii-green-card-w-krajach-nieuczestniczacych\/#breadcrumb","itemListElement":[{"@type":"ListItem","position":1,"name":"Accueil","item":"https:\/\/us-gc.net\/pl\/green-card\/"},{"@type":"ListItem","position":2,"name":"Kraje niekwalifikuj\u0105ce si\u0119 do loterii Zielonej Karty"}]},{"@type":"WebSite","@id":"https:\/\/us-gc.net\/pl\/#website","url":"https:\/\/us-gc.net\/pl\/","name":"USA GC","description":"","potentialAction":[{"@type":"SearchAction","target":{"@type":"EntryPoint","urlTemplate":"https:\/\/us-gc.net\/pl\/?s={search_term_string}"},"query-input":{"@type":"PropertyValueSpecification","valueRequired":true,"valueName":"search_term_string"}}],"inLanguage":"pl-PL"}]}},"_links":{"self":[{"href":"https:\/\/us-gc.net\/pl\/wp-json\/wp\/v2\/pages\/1376","targetHints":{"allow":["GET"]}}],"collection":[{"href":"https:\/\/us-gc.net\/pl\/wp-json\/wp\/v2\/pages"}],"about":[{"href":"https:\/\/us-gc.net\/pl\/wp-json\/wp\/v2\/types\/page"}],"author":[{"embeddable":true,"href":"https:\/\/us-gc.net\/pl\/wp-json\/wp\/v2\/users\/1"}],"replies":[{"embeddable":true,"href":"https:\/\/us-gc.net\/pl\/wp-json\/wp\/v2\/comments?post=1376"}],"version-history":[{"count":1,"href":"https:\/\/us-gc.net\/pl\/wp-json\/wp\/v2\/pages\/1376\/revisions"}],"predecessor-version":[{"id":8038,"href":"https:\/\/us-gc.net\/pl\/wp-json\/wp\/v2\/pages\/1376\/revisions\/8038"}],"wp:attachment":[{"href":"https:\/\/us-gc.net\/pl\/wp-json\/wp\/v2\/media?parent=1376"}],"curies":[{"name":"wp","href":"https:\/\/api.w.org\/{rel}","templated":true}]}}