{"id":1288,"date":"2024-01-31T16:45:20","date_gmt":"2024-01-31T16:45:20","guid":{"rendered":"https:\/\/green-card-usa.net\/roznica-green-card-wiza\/"},"modified":"2024-12-30T09:38:52","modified_gmt":"2024-12-30T09:38:52","slug":"roznica-green-card-wiza","status":"publish","type":"page","link":"https:\/\/us-gc.net\/pl\/roznica-green-card-wiza\/","title":{"rendered":"R\u00f3\u017cnica mi\u0119dzy Green Card a wiz\u0105 do USA"},"content":{"rendered":"\n<h1 class=\"wp-block-heading\" id=\"h-quelle-est-la-difference-entre-une-green-card-et-un-visa-americain\">Jaka jest r\u00f3\u017cnica mi\u0119dzy Zielon\u0105 Kart\u0105 a wiz\u0105 ameryka\u0144sk\u0105?<\/h1>\n\n<p>Terminy &#8222;zielona karta&#8221; i &#8222;wiza ameryka\u0144ska&#8221; s\u0105 czasami mylone, ale reprezentuj\u0105 one zupe\u0142nie r\u00f3\u017cne zezwolenia na pobyt w Stanach Zjednoczonych. Aby pom\u00f3c Ci zrozumie\u0107 r\u00f3\u017cnice, przedstawimy zasady obu zezwole\u0144 i ich g\u0142\u00f3wne r\u00f3\u017cnice.<\/p>\n\n<h2 class=\"wp-block-heading\" id=\"h-qu-est-ce-qu-une-green-card\">Czym jest Zielona Karta?<\/h2>\n\n<p><a href=\"https:\/\/us-gc.net\/pl\/\">Zielona Karta<\/a> to karta sta\u0142ego pobytu. Jego posiadacz mo\u017ce mieszka\u0107 i pracowa\u0107 na sta\u0142e w Stanach Zjednoczonych. W przeciwie\u0144stwie do wizy tymczasowej, Zielona Karta nadaje status sta\u0142ego rezydenta. Otwiera to drog\u0119 do obywatelstwa ameryka\u0144skiego po okre\u015blonym czasie.<\/p>\n\n<h2 class=\"wp-block-heading\" id=\"h-qu-est-ce-qu-un-visa-americain\">Czym jest wiza ameryka\u0144ska?<\/h2>\n\n<p>Wiza ameryka\u0144ska to dokument wydawany przez ambasad\u0119 USA, umo\u017cliwiaj\u0105cy podr\u00f3\u017c do granicy USA i ubieganie si\u0119 o pozwolenie na wjazd do kraju. Wizy s\u0105 przeznaczone na pobyty tymczasowe lub sta\u0142\u0105 imigracj\u0119, ale nie nadaj\u0105 statusu sta\u0142ego rezydenta.<\/p>\n\n<h2 class=\"wp-block-heading\" id=\"h-les-differences-cles-entre-visa-et-green-card\">Kluczowe r\u00f3\u017cnice mi\u0119dzy wiz\u0105 a Zielon\u0105 Kart\u0105<\/h2>\n\n<ol class=\"wp-block-list\">\n<li><strong>Cel<\/strong>: Zielona Karta jest przeznaczona dla os\u00f3b pragn\u0105cych zosta\u0107 sta\u0142ymi rezydentami Stan\u00f3w Zjednoczonych. Wiza ameryka\u0144ska s\u0142u\u017cy do tymczasowego wjazdu do Stan\u00f3w Zjednoczonych lub imigracji przed uzyskaniem Zielonej Karty.<\/li>\n\n\n\n<li><strong>Czas trwania<\/strong>: Zielona Karta jest wa\u017cna przez 10 lat dla sta\u0142ych mieszka\u0144c\u00f3w i musi zosta\u0107 odnowiona, ale status pozostaje sta\u0142y. Wizy maj\u0105 okre\u015blony czas trwania, zale\u017cny od rodzaju wizy i celu pobytu.<\/li>\n\n\n\n<li><strong>Przyznane prawa<\/strong>: Posiadacze Zielonej Karty mog\u0105 pracowa\u0107 w dowolnym miejscu w Stanach Zjednoczonych i korzysta\u0107 z pewnych \u015bwiadcze\u0144 socjalnych. Posiadacze wizy s\u0105 ograniczeni warunkami swojej wizy.<\/li>\n\n\n\n<li><strong>Proces aplikacji<\/strong>: Procedura uzyskania Zielonej Karty cz\u0119sto opiera si\u0119 na rodzinie, zatrudnieniu lub innych specjalnych kategoriach. Mo\u017cliwe jest r\u00f3wnie\u017c uzyskanie <a href=\"https:\/\/us-gc.net\/pl\/loteria-green-card\/\">Zielonej Karty w drodze loterii<\/a>. Proces wizowy zazwyczaj rozpoczyna si\u0119 od z\u0142o\u017cenia wniosku w ambasadzie lub konsulacie USA.<\/li>\n<\/ol>\n","protected":false},"excerpt":{"rendered":"<p>Jaka jest r\u00f3\u017cnica mi\u0119dzy Zielon\u0105 Kart\u0105 a wiz\u0105 ameryka\u0144sk\u0105? Terminy &#8222;zielona karta&#8221; i &#8222;wiza ameryka\u0144ska&#8221; s\u0105 czasami mylone, ale reprezentuj\u0105 one zupe\u0142nie r\u00f3\u017cne zezwolenia na pobyt w Stanach Zjednoczonych. Aby pom\u00f3c Ci zrozumie\u0107 r\u00f3\u017cnice, przedstawimy zasady obu zezwole\u0144 i ich g\u0142\u00f3wne r\u00f3\u017cnice. Czym jest Zielona Karta? Zielona Karta to karta sta\u0142ego pobytu. Jego posiadacz mo\u017ce [&hellip;]<\/p>\n","protected":false},"author":1,"featured_media":0,"parent":0,"menu_order":0,"comment_status":"closed","ping_status":"closed","template":"","meta":{"footnotes":""},"class_list":["post-1288","page","type-page","status-publish","hentry"],"yoast_head":"<!-- This site is optimized with the Yoast SEO plugin v27.4 - https:\/\/yoast.com\/product\/yoast-seo-wordpress\/ -->\n<title>R\u00f3\u017cnica mi\u0119dzy Green Card a wiz\u0105 do USA - USA GC<\/title>\n<meta name=\"description\" content=\"Jaka jest r\u00f3\u017cnica mi\u0119dzy Green Card a ameryka\u0144sk\u0105 wiz\u0105 turystyczn\u0105? Te dwa dokumenty nie pe\u0142ni\u0105 tej samej funkcji.\" \/>\n<meta name=\"robots\" content=\"index, follow, max-snippet:-1, max-image-preview:large, max-video-preview:-1\" \/>\n<link rel=\"canonical\" href=\"https:\/\/us-gc.net\/pl\/roznica-green-card-wiza\/\" \/>\n<meta property=\"og:locale\" content=\"pl_PL\" \/>\n<meta property=\"og:type\" content=\"article\" \/>\n<meta property=\"og:title\" content=\"R\u00f3\u017cnica mi\u0119dzy Green Card a wiz\u0105 do USA - USA GC\" \/>\n<meta property=\"og:description\" content=\"Jaka jest r\u00f3\u017cnica mi\u0119dzy Green Card a ameryka\u0144sk\u0105 wiz\u0105 turystyczn\u0105? Te dwa dokumenty nie pe\u0142ni\u0105 tej samej funkcji.\" \/>\n<meta property=\"og:url\" content=\"https:\/\/us-gc.net\/pl\/roznica-green-card-wiza\/\" \/>\n<meta property=\"og:site_name\" content=\"USA GC\" \/>\n<meta property=\"article:modified_time\" content=\"2024-12-30T09:38:52+00:00\" \/>\n<meta name=\"twitter:card\" content=\"summary_large_image\" \/>\n<meta name=\"twitter:label1\" content=\"Szacowany czas czytania\" \/>\n\t<meta name=\"twitter:data1\" content=\"1 minuta\" \/>\n<script type=\"application\/ld+json\" class=\"yoast-schema-graph\">{\"@context\":\"https:\\\/\\\/schema.org\",\"@graph\":[{\"@type\":\"WebPage\",\"@id\":\"https:\\\/\\\/us-gc.net\\\/pl\\\/roznica-green-card-wiza\\\/\",\"url\":\"https:\\\/\\\/us-gc.net\\\/pl\\\/roznica-green-card-wiza\\\/\",\"name\":\"R\u00f3\u017cnica mi\u0119dzy Green Card a wiz\u0105 do USA - USA GC\",\"isPartOf\":{\"@id\":\"https:\\\/\\\/us-gc.net\\\/pl\\\/#website\"},\"datePublished\":\"2024-01-31T16:45:20+00:00\",\"dateModified\":\"2024-12-30T09:38:52+00:00\",\"description\":\"Jaka jest r\u00f3\u017cnica mi\u0119dzy Green Card a ameryka\u0144sk\u0105 wiz\u0105 turystyczn\u0105? Te dwa dokumenty nie pe\u0142ni\u0105 tej samej funkcji.\",\"breadcrumb\":{\"@id\":\"https:\\\/\\\/us-gc.net\\\/pl\\\/roznica-green-card-wiza\\\/#breadcrumb\"},\"inLanguage\":\"pl-PL\",\"potentialAction\":[{\"@type\":\"ReadAction\",\"target\":[\"https:\\\/\\\/us-gc.net\\\/pl\\\/roznica-green-card-wiza\\\/\"]}]},{\"@type\":\"BreadcrumbList\",\"@id\":\"https:\\\/\\\/us-gc.net\\\/pl\\\/roznica-green-card-wiza\\\/#breadcrumb\",\"itemListElement\":[{\"@type\":\"ListItem\",\"position\":1,\"name\":\"Accueil\",\"item\":\"https:\\\/\\\/us-gc.net\\\/pl\\\/green-card\\\/\"},{\"@type\":\"ListItem\",\"position\":2,\"name\":\"R\u00f3\u017cnica mi\u0119dzy Green Card a wiz\u0105 do USA\"}]},{\"@type\":\"WebSite\",\"@id\":\"https:\\\/\\\/us-gc.net\\\/pl\\\/#website\",\"url\":\"https:\\\/\\\/us-gc.net\\\/pl\\\/\",\"name\":\"USA GC\",\"description\":\"\",\"potentialAction\":[{\"@type\":\"SearchAction\",\"target\":{\"@type\":\"EntryPoint\",\"urlTemplate\":\"https:\\\/\\\/us-gc.net\\\/pl\\\/?s={search_term_string}\"},\"query-input\":{\"@type\":\"PropertyValueSpecification\",\"valueRequired\":true,\"valueName\":\"search_term_string\"}}],\"inLanguage\":\"pl-PL\"}]}<\/script>\n<!-- \/ Yoast SEO plugin. -->","yoast_head_json":{"title":"R\u00f3\u017cnica mi\u0119dzy Green Card a wiz\u0105 do USA - USA GC","description":"Jaka jest r\u00f3\u017cnica mi\u0119dzy Green Card a ameryka\u0144sk\u0105 wiz\u0105 turystyczn\u0105? Te dwa dokumenty nie pe\u0142ni\u0105 tej samej funkcji.","robots":{"index":"index","follow":"follow","max-snippet":"max-snippet:-1","max-image-preview":"max-image-preview:large","max-video-preview":"max-video-preview:-1"},"canonical":"https:\/\/us-gc.net\/pl\/roznica-green-card-wiza\/","og_locale":"pl_PL","og_type":"article","og_title":"R\u00f3\u017cnica mi\u0119dzy Green Card a wiz\u0105 do USA - USA GC","og_description":"Jaka jest r\u00f3\u017cnica mi\u0119dzy Green Card a ameryka\u0144sk\u0105 wiz\u0105 turystyczn\u0105? Te dwa dokumenty nie pe\u0142ni\u0105 tej samej funkcji.","og_url":"https:\/\/us-gc.net\/pl\/roznica-green-card-wiza\/","og_site_name":"USA GC","article_modified_time":"2024-12-30T09:38:52+00:00","twitter_card":"summary_large_image","twitter_misc":{"Szacowany czas czytania":"1 minuta"},"schema":{"@context":"https:\/\/schema.org","@graph":[{"@type":"WebPage","@id":"https:\/\/us-gc.net\/pl\/roznica-green-card-wiza\/","url":"https:\/\/us-gc.net\/pl\/roznica-green-card-wiza\/","name":"R\u00f3\u017cnica mi\u0119dzy Green Card a wiz\u0105 do USA - USA GC","isPartOf":{"@id":"https:\/\/us-gc.net\/pl\/#website"},"datePublished":"2024-01-31T16:45:20+00:00","dateModified":"2024-12-30T09:38:52+00:00","description":"Jaka jest r\u00f3\u017cnica mi\u0119dzy Green Card a ameryka\u0144sk\u0105 wiz\u0105 turystyczn\u0105? Te dwa dokumenty nie pe\u0142ni\u0105 tej samej funkcji.","breadcrumb":{"@id":"https:\/\/us-gc.net\/pl\/roznica-green-card-wiza\/#breadcrumb"},"inLanguage":"pl-PL","potentialAction":[{"@type":"ReadAction","target":["https:\/\/us-gc.net\/pl\/roznica-green-card-wiza\/"]}]},{"@type":"BreadcrumbList","@id":"https:\/\/us-gc.net\/pl\/roznica-green-card-wiza\/#breadcrumb","itemListElement":[{"@type":"ListItem","position":1,"name":"Accueil","item":"https:\/\/us-gc.net\/pl\/green-card\/"},{"@type":"ListItem","position":2,"name":"R\u00f3\u017cnica mi\u0119dzy Green Card a wiz\u0105 do USA"}]},{"@type":"WebSite","@id":"https:\/\/us-gc.net\/pl\/#website","url":"https:\/\/us-gc.net\/pl\/","name":"USA GC","description":"","potentialAction":[{"@type":"SearchAction","target":{"@type":"EntryPoint","urlTemplate":"https:\/\/us-gc.net\/pl\/?s={search_term_string}"},"query-input":{"@type":"PropertyValueSpecification","valueRequired":true,"valueName":"search_term_string"}}],"inLanguage":"pl-PL"}]}},"_links":{"self":[{"href":"https:\/\/us-gc.net\/pl\/wp-json\/wp\/v2\/pages\/1288","targetHints":{"allow":["GET"]}}],"collection":[{"href":"https:\/\/us-gc.net\/pl\/wp-json\/wp\/v2\/pages"}],"about":[{"href":"https:\/\/us-gc.net\/pl\/wp-json\/wp\/v2\/types\/page"}],"author":[{"embeddable":true,"href":"https:\/\/us-gc.net\/pl\/wp-json\/wp\/v2\/users\/1"}],"replies":[{"embeddable":true,"href":"https:\/\/us-gc.net\/pl\/wp-json\/wp\/v2\/comments?post=1288"}],"version-history":[{"count":1,"href":"https:\/\/us-gc.net\/pl\/wp-json\/wp\/v2\/pages\/1288\/revisions"}],"predecessor-version":[{"id":7596,"href":"https:\/\/us-gc.net\/pl\/wp-json\/wp\/v2\/pages\/1288\/revisions\/7596"}],"wp:attachment":[{"href":"https:\/\/us-gc.net\/pl\/wp-json\/wp\/v2\/media?parent=1288"}],"curies":[{"name":"wp","href":"https:\/\/api.w.org\/{rel}","templated":true}]}}