{"id":1268,"date":"2024-01-31T16:27:17","date_gmt":"2024-01-31T16:27:17","guid":{"rendered":"https:\/\/green-card-usa.net\/green-card-rozmowa\/"},"modified":"2024-12-30T09:41:03","modified_gmt":"2024-12-30T09:41:03","slug":"green-card-rozmowa","status":"publish","type":"page","link":"https:\/\/us-gc.net\/pl\/green-card-rozmowa\/","title":{"rendered":"Jak uzyska\u0107 Green Card"},"content":{"rendered":"\n<h1 class=\"wp-block-heading\" id=\"h-comment-preparer-l-entretien-pour-la-green-card\">Jak przygotowa\u0107 si\u0119 do rozmowy w sprawie Zielonej Karty<\/h1>\n\n<h3 class=\"wp-block-heading\" id=\"h-confirmation-du-rendez-vous-pour-passer-l-entretien\">Potwierdzenie nominacji na rozmow\u0119 kwalifikacyjn\u0105<\/h3>\n\n<p>Po zapoznaniu si\u0119 przez w\u0142adze USA z wype\u0142nionym formularzem DS-260, wnioskodawca otrzyma wiadomo\u015b\u0107 e-mail z informacj\u0105, \u017ce rozmowa kwalifikacyjna zosta\u0142a zaplanowana w wybranej ambasadzie lub konsulacie USA. Kandydaci musz\u0105 zalogowa\u0107 si\u0119 na stronie internetowej <a href=\"https:\/\/us-gc.net\/pl\/diversity-visa-program\/\">programu Diversity Visa<\/a> przy u\u017cyciu swojego numeru rejestracyjnego. To po\u0142\u0105czenie umo\u017cliwi im potwierdzenie daty, godziny i miejsca rozmowy kwalifikacyjnej.<\/p>\n\n<h3 class=\"wp-block-heading\" id=\"h-preparation-de-l-interview\">Przygotowanie do rozmowy kwalifikacyjnej<\/h3>\n\n<p>Przygotowanie do rozmowy kwalifikacyjnej jest niezb\u0119dne. Kandydat musi wykona\u0107 nast\u0119puj\u0105ce wa\u017cne kroki przed dat\u0105 rozmowy kwalifikacyjnej:<\/p>\n\n<ol class=\"wp-block-list\">\n<li>Sprawd\u017a informacje jako uczestnik na stronie internetowej <a href=\"https:\/\/us-gc.net\/pl\/diversity-visa-program\/\">programu DV<\/a>;<\/li>\n\n\n\n<li>Zapoznaj si\u0119 z instrukcjami ambasady, w kt\u00f3rej odbywa si\u0119 rozmowa kwalifikacyjna;<\/li>\n\n\n\n<li>Planowanie i przeprowadzanie bada\u0144 lekarskich. Musisz um\u00f3wi\u0107 si\u0119 na wizyt\u0119 u zatwierdzonego lekarza w kraju, w kt\u00f3rym odb\u0119dzie si\u0119 rozmowa kwalifikacyjna. Musisz przej\u015b\u0107 badania lekarskie, a tak\u017ce wszelkie wymagane szczepienia, przed dat\u0105 zaplanowanej rozmowy wizowej. Po zako\u0144czeniu badania lekarskiego otrzymasz zapiecz\u0119towan\u0105 kopert\u0119 na badanie lekarskie, kt\u00f3r\u0105 nale\u017cy przynie\u015b\u0107 na rozmow\u0119 wizow\u0105. Niekt\u00f3rzy lekarze przesy\u0142aj\u0105 wyniki bada\u0144 lekarskich bezpo\u015brednio do ambasady lub konsulatu.<\/li>\n\n\n\n<li>Zbierz zdj\u0119cia i wszystkie wymagane dokumenty. Ka\u017cdy wnioskodawca musi przynie\u015b\u0107 na rozmow\u0119 dwa identyczne <a href=\"https:\/\/us-gc.net\/pl\/fotograficzna-green-card\/\">zdj\u0119cia Zielonej Karty<\/a>.<\/li>\n<\/ol>\n\n<div style=\"height:10px\" aria-hidden=\"true\" class=\"wp-block-spacer\"><\/div>\n\n<h3 class=\"wp-block-heading\" id=\"h-documents-a-fournir-lors-de-l-entretien-pour-la-green-card\">Dokumenty, kt\u00f3re nale\u017cy przedstawi\u0107 podczas rozmowy w sprawie Zielonej Karty<\/h3>\n\n<p>Podczas rozmowy kwalifikacyjnej w <a href=\"https:\/\/www.usembassy.gov\/\">ambasadzie USA<\/a> wnioskodawca musi przedstawi\u0107 nast\u0119puj\u0105ce informacje:<\/p>\n\n<ul class=\"wp-block-list\">\n<li>Informacje o spotkaniu wydrukowane z konta uczestnika na stronie internetowej <a href=\"https:\/\/us-gc.net\/pl\/diversity-visa-program\/\">programu DV<\/a>;<\/li>\n\n\n\n<li>Strona potwierdzenia wydrukowanego formularza DS-260;<\/li>\n\n\n\n<li>Paszport wa\u017cny przez sze\u015b\u0107 miesi\u0119cy od planowanej daty wjazdu do Stan\u00f3w Zjednoczonych;<\/li>\n\n\n\n<li>Orygina\u0142y dokument\u00f3w lub uwierzytelnione kopie dokument\u00f3w cywilnych przed\u0142o\u017cone w Centrum Konsularnym Kentucky podczas zatwierdzania formularza DS-260.<\/li>\n<\/ul>\n\n<div style=\"height:10px\" aria-hidden=\"true\" class=\"wp-block-spacer\"><\/div>\n\n<h3 class=\"wp-block-heading\" id=\"h-payer-les-frais-de-visa\">Uiszczanie op\u0142at wizowych<\/h3>\n\n<p>Przed rozmow\u0105 w ambasadzie ka\u017cdy wnioskodawca musi ui\u015bci\u0107 <a href=\"https:\/\/us-gc.net\/pl\/cena-green-card\/\">op\u0142at\u0119 za wiz\u0119 r\u00f3\u017cnorodno\u015bci<\/a>. Dla os\u00f3b ubiegaj\u0105cych si\u0119 o <a href=\"https:\/\/us-gc.net\/pl\/green-card-loteria-2024\/\">Zielon\u0105 Kart\u0119 w Loterii 2024<\/a>: <strong>op\u0142ata wynosi 330 USD za osob\u0119<\/strong>. Op\u0142ata ta nie podlega zwrotowi, niezale\u017cnie od wyniku wniosku wizowego w ramach programu Diversity.<\/p>\n\n<p>Op\u0142aty nale\u017cy ui\u015bci\u0107 przed dat\u0105 i godzin\u0105 rozmowy kwalifikacyjnej, post\u0119puj\u0105c zgodnie z instrukcjami ameryka\u0144skiej ambasady lub konsulatu, w kt\u00f3rym odb\u0119dzie si\u0119 rozmowa.<\/p>\n\n<div style=\"height:10px\" aria-hidden=\"true\" class=\"wp-block-spacer\"><\/div>\n\n<h2 class=\"wp-block-heading\" id=\"h-l-entretien-pour-obtenir-la-green-card-peut-il-etre-annule\">Czy rozmowa w sprawie Green Card mo\u017ce zosta\u0107 odwo\u0142ana?<\/h2>\n\n<p>Tak, rozmowa w sprawie <a href=\"https:\/\/us-gc.net\/pl\/\">Green Card<\/a> mo\u017ce zosta\u0107 odwo\u0142ana lub prze\u0142o\u017cona w pewnych okoliczno\u015bciach. Oto kilka powod\u00f3w, dla kt\u00f3rych mo\u017ce si\u0119 to zdarzy\u0107:<\/p>\n\n<ul class=\"wp-block-list\">\n<li><strong>Wniosek kandydata o odroczenie<\/strong>: W przypadku konfliktu lub nag\u0142ego wypadku kandydat mo\u017ce poprosi\u0107 USCIS o odroczenie rozmowy kwalifikacyjnej. Wa\u017cne jest, aby poda\u0107 wa\u017cny pow\u00f3d i w razie potrzeby przedstawi\u0107 dowody potwierdzaj\u0105ce;<\/li>\n\n\n\n<li><strong>Problem administracyjny<\/strong>: USCIS mo\u017ce odwo\u0142a\u0107 lub prze\u0142o\u017cy\u0107 rozmow\u0119 w przypadku braku dokument\u00f3w, problem\u00f3w z aktami lub nieobecno\u015bci urz\u0119dnika odpowiedzialnego za akta;<\/li>\n\n\n\n<li><strong>Warunki pogodowe lub kl\u0119ski \u017cywi<\/strong> o\u0142owe: nieprzewidziane zdarzenia, takie jak silne burze lub inne kl\u0119ski \u017cywio\u0142owe, mog\u0105 zmusi\u0107 USCIS do zamkni\u0119cia biur i odwo\u0142ania zaplanowanych rozm\u00f3w;<\/li>\n\n\n\n<li><strong>Wzgl\u0119dy bezpiecze\u0144stwa lub<\/strong> zdrowia publicznego: Sytuacje takie jak pandemie mog\u0105 prowadzi\u0107 do odwo\u0142ania rozm\u00f3w kwalifikacyjnych ze wzgl\u0119d\u00f3w bezpiecze\u0144stwa lub zdrowia publicznego.<\/li>\n<\/ul>\n\n<p>Je\u015bli rozmowa kwalifikacyjna zostanie odwo\u0142ana, wa\u017cne jest, aby aktualizowa\u0107 swoje dane kontaktowe w USCIS, aby mie\u0107 pewno\u015b\u0107, \u017ce otrzymasz wszystkie wa\u017cne informacje dotycz\u0105ce Twojej sprawy.<\/p>\n\n<h2 class=\"wp-block-heading\" id=\"h-peut-on-obtenir-la-green-card-sans-passer-l-interview\">Czy mog\u0119 otrzyma\u0107 Green Card bez rozmowy kwalifikacyjnej?<\/h2>\n\n<p>Zdecydowana wi\u0119kszo\u015b\u0107 os\u00f3b ubiegaj\u0105cych si\u0119 o Zielon\u0105 Kart\u0119 musi wzi\u0105\u0107 udzia\u0142 w rozmowie kwalifikacyjnej. Rozmowa kwalifikacyjna umo\u017cliwia USCIS weryfikacj\u0119 informacji podanych we wniosku, uwierzytelnienie dokument\u00f3w i upewnienie si\u0119, \u017ce wnioskodawca spe\u0142nia wszystkie warunki wymagane do uzyskania statusu sta\u0142ego rezydenta.  <\/p>\n\n<p>Jednak w pewnych szczeg\u00f3lnych okoliczno\u015bciach konserwacja mo\u017ce nie by\u0107 konieczna. Oto kilka sytuacji, w kt\u00f3rych mo\u017ce si\u0119 to zdarzy\u0107:<\/p>\n\n<ul class=\"wp-block-list\">\n<li>Dostosowanie statusu <strong>dla niekt\u00f3rych kategorii imig<\/strong> rant\u00f3w : W niekt\u00f3rych przypadkach, dla okre\u015blonych kategorii imigrant\u00f3w, USCIS mo\u017ce zdecydowa\u0107, \u017ce rozmowa nie jest konieczna i zatwierdzi\u0107 wniosek o dostosowanie statusu bez rozmowy. Mo\u017ce si\u0119 to zdarzy\u0107 w przypadku niekt\u00f3rych kategorii wiz pracowniczych, zw\u0142aszcza je\u015bli dokumentacja jest szczeg\u00f3lnie przejrzysta i kompletna;<\/li>\n\n\n\n<li><strong>Odst\u0105pienie<\/strong> od rozmowy kwalifikacyjnej: W rzadkich przypadkach, je\u015bli wnioskodawca mo\u017ce wykaza\u0107, \u017ce podr\u00f3\u017c na rozmow\u0119 kwalifikacyjn\u0105 spowodowa\u0142aby skrajne lub niepotrzebne trudno\u015bci, USCIS mo\u017ce rozwa\u017cy\u0107 odst\u0105pienie od rozmowy kwalifikacyjnej. Takie sytuacje s\u0105 wyj\u0105tkowe;<\/li>\n\n\n\n<li><strong>Dotychczasowe do\u015bwiadczenia<\/strong>: W okresach wysokiego popytu lub ogranicze\u0144 operacyjnych USCIS czasami dostosowywa\u0142 swoje praktyki, ograniczaj\u0105c rozmowy kwalifikacyjne dla niekt\u00f3rych kategorii wnioskodawc\u00f3w. Mia\u0142o to miejsce w przesz\u0142o\u015bci w przypadku niekt\u00f3rych odnowie\u0144 Zielonej Karty lub korekt statusu, kt\u00f3re nie wi\u0105za\u0142y si\u0119 ze z\u0142o\u017conymi kwestiami wymagaj\u0105cymi rozmowy kwalifikacyjnej.<\/li>\n\n\n\n<li><strong>Zmiany polityki w odpowiedzi na kryzys<\/strong>: Podczas kryzysu zdrowotnego, takiego jak pandemia COVID-19, USCIS dostosowa\u0142 swoje zasady i procedury. Liczba wymaganych wywiad\u00f3w zosta\u0142a zmniejszona.<\/li>\n<\/ul>\n\n<div style=\"height:10px\" aria-hidden=\"true\" class=\"wp-block-spacer\"><\/div>\n\n<h2 class=\"wp-block-heading\" id=\"h-combien-de-temps-dure-l-entretien\">Jak d\u0142ugo trwa rozmowa kwalifikacyjna?<\/h2>\n\n<p>Czas trwania rozmowy kwalifikacyjnej w celu uzyskania Zielonej Karty mo\u017ce si\u0119 r\u00f3\u017cni\u0107 w zale\u017cno\u015bci od wielu czynnik\u00f3w. Zwykle trwa to od 20 minut do godziny. Z\u0142o\u017cono\u015b\u0107 sprawy, pytania, kt\u00f3re urz\u0119dnik imigracyjny chce zada\u0107, oraz liczba dokument\u00f3w do sprawdzenia mog\u0105 mie\u0107 wp\u0142yw na d\u0142ugo\u015b\u0107 rozmowy.<\/p>\n\n<p>Zaleca si\u0119 przybycie na rozmow\u0119 kwalifikacyjn\u0105 dobrze przygotowanym i gotowym do udzielenia wyczerpuj\u0105cych odpowiedzi na wszystkie pytania. Przed i po rozmowie kwalifikacyjnej nale\u017cy przeznaczy\u0107 wystarczaj\u0105co du\u017co czasu na dodatkowe procedury administracyjne na miejscu.<\/p>\n\n<h2 class=\"wp-block-heading\" id=\"h-combien-de-temps-apres-l-entretien-on-obtient-la-green-card\">Jak d\u0142ugo trwa uzyskanie Zielonej Karty po rozmowie kwalifikacyjnej?<\/h2>\n\n<p>Co do zasady, USCIS informuje wnioskodawc\u0119 o decyzji dotycz\u0105cej jego wniosku wkr\u00f3tce po rozmowie kwalifikacyjnej. Je\u015bli wniosek zostanie zatwierdzony, produkcja i wysy\u0142ka Zielonej Karty mo\u017ce potrwa\u0107 kilka tygodni. USCIS cz\u0119sto podaje szacowany czas otrzymania karty po zatwierdzeniu wniosku.<\/p>\n\n<p>Wa\u017cne jest, aby pozostawa\u0107 w kontakcie z USCIS i monitorowa\u0107 status wniosku na stronie internetowej <a href=\"https:\/\/us-gc.net\/pl\/diversity-visa-program\/\">Diversity Visa Program<\/a>.<\/p>\n","protected":false},"excerpt":{"rendered":"<p>Jak przygotowa\u0107 si\u0119 do rozmowy w sprawie Zielonej Karty Potwierdzenie nominacji na rozmow\u0119 kwalifikacyjn\u0105 Po zapoznaniu si\u0119 przez w\u0142adze USA z wype\u0142nionym formularzem DS-260, wnioskodawca otrzyma wiadomo\u015b\u0107 e-mail z informacj\u0105, \u017ce rozmowa kwalifikacyjna zosta\u0142a zaplanowana w wybranej ambasadzie lub konsulacie USA. Kandydaci musz\u0105 zalogowa\u0107 si\u0119 na stronie internetowej programu Diversity Visa przy u\u017cyciu swojego numeru [&hellip;]<\/p>\n","protected":false},"author":1,"featured_media":0,"parent":0,"menu_order":0,"comment_status":"closed","ping_status":"closed","template":"","meta":{"footnotes":""},"class_list":["post-1268","page","type-page","status-publish","hentry"],"yoast_head":"<!-- This site is optimized with the Yoast SEO plugin v27.4 - https:\/\/yoast.com\/product\/yoast-seo-wordpress\/ -->\n<title>Jak uzyska\u0107 Green Card - USA GC<\/title>\n<meta name=\"description\" content=\"Jak pomy\u015blnie przej\u015b\u0107 rozmow\u0119 kwalifikacyjn\u0105 w sprawie Green Card\" \/>\n<meta name=\"robots\" content=\"index, follow, max-snippet:-1, max-image-preview:large, max-video-preview:-1\" \/>\n<link rel=\"canonical\" href=\"https:\/\/us-gc.net\/pl\/green-card-rozmowa\/\" \/>\n<meta property=\"og:locale\" content=\"pl_PL\" \/>\n<meta property=\"og:type\" content=\"article\" \/>\n<meta property=\"og:title\" content=\"Jak uzyska\u0107 Green Card - USA GC\" \/>\n<meta property=\"og:description\" content=\"Jak pomy\u015blnie przej\u015b\u0107 rozmow\u0119 kwalifikacyjn\u0105 w sprawie Green Card\" \/>\n<meta property=\"og:url\" content=\"https:\/\/us-gc.net\/pl\/green-card-rozmowa\/\" \/>\n<meta property=\"og:site_name\" content=\"USA GC\" \/>\n<meta property=\"article:modified_time\" content=\"2024-12-30T09:41:03+00:00\" \/>\n<meta name=\"twitter:card\" content=\"summary_large_image\" \/>\n<meta name=\"twitter:label1\" content=\"Szacowany czas czytania\" \/>\n\t<meta name=\"twitter:data1\" content=\"5 minut\" \/>\n<script type=\"application\/ld+json\" class=\"yoast-schema-graph\">{\"@context\":\"https:\\\/\\\/schema.org\",\"@graph\":[{\"@type\":\"WebPage\",\"@id\":\"https:\\\/\\\/us-gc.net\\\/pl\\\/green-card-rozmowa\\\/\",\"url\":\"https:\\\/\\\/us-gc.net\\\/pl\\\/green-card-rozmowa\\\/\",\"name\":\"Jak uzyska\u0107 Green Card - USA GC\",\"isPartOf\":{\"@id\":\"https:\\\/\\\/us-gc.net\\\/pl\\\/#website\"},\"datePublished\":\"2024-01-31T16:27:17+00:00\",\"dateModified\":\"2024-12-30T09:41:03+00:00\",\"description\":\"Jak pomy\u015blnie przej\u015b\u0107 rozmow\u0119 kwalifikacyjn\u0105 w sprawie Green Card\",\"breadcrumb\":{\"@id\":\"https:\\\/\\\/us-gc.net\\\/pl\\\/green-card-rozmowa\\\/#breadcrumb\"},\"inLanguage\":\"pl-PL\",\"potentialAction\":[{\"@type\":\"ReadAction\",\"target\":[\"https:\\\/\\\/us-gc.net\\\/pl\\\/green-card-rozmowa\\\/\"]}]},{\"@type\":\"BreadcrumbList\",\"@id\":\"https:\\\/\\\/us-gc.net\\\/pl\\\/green-card-rozmowa\\\/#breadcrumb\",\"itemListElement\":[{\"@type\":\"ListItem\",\"position\":1,\"name\":\"Accueil\",\"item\":\"https:\\\/\\\/us-gc.net\\\/pl\\\/green-card\\\/\"},{\"@type\":\"ListItem\",\"position\":2,\"name\":\"Jak uzyska\u0107 Green Card\"}]},{\"@type\":\"WebSite\",\"@id\":\"https:\\\/\\\/us-gc.net\\\/pl\\\/#website\",\"url\":\"https:\\\/\\\/us-gc.net\\\/pl\\\/\",\"name\":\"USA GC\",\"description\":\"\",\"potentialAction\":[{\"@type\":\"SearchAction\",\"target\":{\"@type\":\"EntryPoint\",\"urlTemplate\":\"https:\\\/\\\/us-gc.net\\\/pl\\\/?s={search_term_string}\"},\"query-input\":{\"@type\":\"PropertyValueSpecification\",\"valueRequired\":true,\"valueName\":\"search_term_string\"}}],\"inLanguage\":\"pl-PL\"}]}<\/script>\n<!-- \/ Yoast SEO plugin. -->","yoast_head_json":{"title":"Jak uzyska\u0107 Green Card - USA GC","description":"Jak pomy\u015blnie przej\u015b\u0107 rozmow\u0119 kwalifikacyjn\u0105 w sprawie Green Card","robots":{"index":"index","follow":"follow","max-snippet":"max-snippet:-1","max-image-preview":"max-image-preview:large","max-video-preview":"max-video-preview:-1"},"canonical":"https:\/\/us-gc.net\/pl\/green-card-rozmowa\/","og_locale":"pl_PL","og_type":"article","og_title":"Jak uzyska\u0107 Green Card - USA GC","og_description":"Jak pomy\u015blnie przej\u015b\u0107 rozmow\u0119 kwalifikacyjn\u0105 w sprawie Green Card","og_url":"https:\/\/us-gc.net\/pl\/green-card-rozmowa\/","og_site_name":"USA GC","article_modified_time":"2024-12-30T09:41:03+00:00","twitter_card":"summary_large_image","twitter_misc":{"Szacowany czas czytania":"5 minut"},"schema":{"@context":"https:\/\/schema.org","@graph":[{"@type":"WebPage","@id":"https:\/\/us-gc.net\/pl\/green-card-rozmowa\/","url":"https:\/\/us-gc.net\/pl\/green-card-rozmowa\/","name":"Jak uzyska\u0107 Green Card - USA GC","isPartOf":{"@id":"https:\/\/us-gc.net\/pl\/#website"},"datePublished":"2024-01-31T16:27:17+00:00","dateModified":"2024-12-30T09:41:03+00:00","description":"Jak pomy\u015blnie przej\u015b\u0107 rozmow\u0119 kwalifikacyjn\u0105 w sprawie Green Card","breadcrumb":{"@id":"https:\/\/us-gc.net\/pl\/green-card-rozmowa\/#breadcrumb"},"inLanguage":"pl-PL","potentialAction":[{"@type":"ReadAction","target":["https:\/\/us-gc.net\/pl\/green-card-rozmowa\/"]}]},{"@type":"BreadcrumbList","@id":"https:\/\/us-gc.net\/pl\/green-card-rozmowa\/#breadcrumb","itemListElement":[{"@type":"ListItem","position":1,"name":"Accueil","item":"https:\/\/us-gc.net\/pl\/green-card\/"},{"@type":"ListItem","position":2,"name":"Jak uzyska\u0107 Green Card"}]},{"@type":"WebSite","@id":"https:\/\/us-gc.net\/pl\/#website","url":"https:\/\/us-gc.net\/pl\/","name":"USA GC","description":"","potentialAction":[{"@type":"SearchAction","target":{"@type":"EntryPoint","urlTemplate":"https:\/\/us-gc.net\/pl\/?s={search_term_string}"},"query-input":{"@type":"PropertyValueSpecification","valueRequired":true,"valueName":"search_term_string"}}],"inLanguage":"pl-PL"}]}},"_links":{"self":[{"href":"https:\/\/us-gc.net\/pl\/wp-json\/wp\/v2\/pages\/1268","targetHints":{"allow":["GET"]}}],"collection":[{"href":"https:\/\/us-gc.net\/pl\/wp-json\/wp\/v2\/pages"}],"about":[{"href":"https:\/\/us-gc.net\/pl\/wp-json\/wp\/v2\/types\/page"}],"author":[{"embeddable":true,"href":"https:\/\/us-gc.net\/pl\/wp-json\/wp\/v2\/users\/1"}],"replies":[{"embeddable":true,"href":"https:\/\/us-gc.net\/pl\/wp-json\/wp\/v2\/comments?post=1268"}],"version-history":[{"count":1,"href":"https:\/\/us-gc.net\/pl\/wp-json\/wp\/v2\/pages\/1268\/revisions"}],"predecessor-version":[{"id":7750,"href":"https:\/\/us-gc.net\/pl\/wp-json\/wp\/v2\/pages\/1268\/revisions\/7750"}],"wp:attachment":[{"href":"https:\/\/us-gc.net\/pl\/wp-json\/wp\/v2\/media?parent=1268"}],"curies":[{"name":"wp","href":"https:\/\/api.w.org\/{rel}","templated":true}]}}