{"id":1167,"date":"2024-01-31T16:36:26","date_gmt":"2024-01-31T16:36:26","guid":{"rendered":"https:\/\/green-card-usa.net\/green-card-sponsorowanie\/"},"modified":"2024-12-30T09:46:02","modified_gmt":"2024-12-30T09:46:02","slug":"green-card-sponsorowanie","status":"publish","type":"page","link":"https:\/\/us-gc.net\/pl\/green-card-sponsorowanie\/","title":{"rendered":"Sponsorowanie osoby ubiegaj\u0105cej si\u0119 o Zielon\u0105 Kart\u0119"},"content":{"rendered":"\n<h1 class=\"wp-block-heading\" id=\"h-obtenir-la-green-card-grace-au-parrainage\">Uzyskaj Zielon\u0105 Kart\u0119 dzi\u0119ki sponsorowaniu<\/h1>\n\n<p>Uzyskanie ameryka\u0144skiej Green Card przez sponsora umo\u017cliwia imigrantom uzyskanie statusu sta\u0142ego rezydenta Stan\u00f3w Zjednoczonych. Oto najwa\u017cniejsze aspekty sponsorowania Green Card i obowi\u0105zki sponsora.<\/p>\n\n<h2 class=\"wp-block-heading\" id=\"h-qu-est-ce-que-le-parrainage-de-la-green-card\">Czym jest sponsorowanie Green Card?<\/h2>\n\n<p>Sponsorowanie Green Card odnosi si\u0119 do czynno\u015bci wspierania wniosku danej osoby o sta\u0142y pobyt w Stanach Zjednoczonych. Wsparcie to mo\u017ce pochodzi\u0107 od cz\u0142onka rodziny, kt\u00f3ry jest ju\u017c obywatelem ameryka\u0144skim lub posiadaczem <a href=\"https:\/\/us-gc.net\/pl\/\">Green Card<\/a>, lub od ameryka\u0144skiego pracodawcy.<\/p>\n\n<p>Sponsor jest swego rodzaju moralnym gwarantem dla osoby ubiegaj\u0105cej si\u0119 o Zielon\u0105 Kart\u0119.  <\/p>\n\n<h2 class=\"wp-block-heading\" id=\"h-parrainage-familial\">Sponsoring rodzinny<\/h2>\n\n<h3 class=\"wp-block-heading\" id=\"h-le-titulaire-d-une-green-card-peut-il-parrainer-ses-parents\">Czy posiadacze Green Card mog\u0105 sponsorowa\u0107 swoich braci i siostry?<\/h3>\n\n<p>Nie, posiadacze Green Card nie mog\u0105 sponsorowa\u0107 swoich rodzic\u00f3w. Tylko obywatele USA mog\u0105 sponsorowa\u0107 swoich rodzic\u00f3w w celu uzyskania Green Card jako najbli\u017csi krewni.<\/p>\n\n<h3 class=\"wp-block-heading\" id=\"h-le-titulaire-d-une-green-card-peut-il-parrainer-son-conjoint\">Czy posiadacz Green Card mo\u017ce sponsorowa\u0107 swojego wsp\u00f3\u0142ma\u0142\u017conka?<\/h3>\n\n<p>Tak, posiadacze Green Card mog\u0105 sponsorowa\u0107 swoich wsp\u00f3\u0142ma\u0142\u017conk\u00f3w w celu uzyskania prawa sta\u0142ego pobytu w Stanach Zjednoczonych.<\/p>\n\n<h3 class=\"wp-block-heading\" id=\"h-le-titulaire-d-une-green-card-peut-il-parrainer-ses-freres-et-soeurs\">Czy posiadacze Green Card mog\u0105 sponsorowa\u0107 swoich braci i siostry?<\/h3>\n\n<p>Nie, posiadacze Green Card nie mog\u0105 sponsorowa\u0107 swoich braci i si\u00f3str. Ta opcja jest dost\u0119pna tylko dla obywateli USA.<\/p>\n\n<h3 class=\"wp-block-heading\" id=\"h-le-titulaire-d-une-green-card-peut-il-parrainer-un-enfant-de-plus-de-21-ans\">Czy posiadacz Green Card mo\u017ce sponsorowa\u0107 dziecko w wieku powy\u017cej 21 lat?<\/h3>\n\n<p>Tak, posiadacze Green Card mog\u0105 sponsorowa\u0107 swoje niezam\u0119\u017cne dzieci w wieku powy\u017cej 21 lat, ale nale\u017c\u0105 one do kategorii uprzywilejowanej, co mo\u017ce skutkowa\u0107 d\u0142u\u017cszymi op\u00f3\u017anieniami.<\/p>\n\n<h2 class=\"wp-block-heading\" id=\"h-une-entreprise-peut-elle-sponsoriser-une-green-card\">Czy firma mo\u017ce sponsorowa\u0107 Zielon\u0105 Kart\u0119?<\/h2>\n\n<p>Tak, firma mo\u017ce sponsorowa\u0107 pracownika w celu uzyskania Green Card poprzez proces certyfikacji pracy lub inne kategorie zatrudnienia.<\/p>\n\n<h2 class=\"wp-block-heading\" id=\"h-les-etapes-pour-obtenir-une-green-card-grace-a-un-sponsor\">Kroki do uzyskania Green Card dzi\u0119ki sponsorowi<\/h2>\n\n<ol class=\"wp-block-list\">\n<li><strong>Identyfikacja sponsora<\/strong>: Ustal, czy kwalifikujesz si\u0119 do bycia sponsorowanym przez cz\u0142onka rodziny lub pracodawc\u0119.<\/li>\n\n\n\n<li><strong>Z\u0142o\u017cenie formularza I-130<\/strong> w celu uzyskania sponsoringu rodzinnego. W przypadku pracodawcy sponsoruj\u0105cego nale\u017cy uruchomi\u0107 proces certyfikacji pracy.<\/li>\n\n\n\n<li><strong>Oczekiwanie na zatwierdzenie<\/strong>: Czas r\u00f3\u017cni si\u0119 w zale\u017cno\u015bci od kategorii sponsorowania i pochodzenia wnioskodawcy.<\/li>\n\n\n\n<li><strong>Dostosowanie statusu lub proces konsularny<\/strong>: Je\u015bli przebywasz ju\u017c w Stanach Zjednoczonych, mo\u017cesz dostosowa\u0107 sw\u00f3j status. W przeciwnym razie b\u0119dziesz musia\u0142 przej\u015b\u0107 procedur\u0119 konsularn\u0105 w swoim kraju.<\/li>\n\n\n\n<li><strong>Rozmowa kwalifikacyjna i zatwierdzenie<\/strong>: We\u017a udzia\u0142 w <a href=\"https:\/\/us-gc.net\/pl\/green-card-rozmowa\/\">rozmowie kwalifikacyjnej w sprawie Green Card<\/a> w konsulacie lub z pracownikami <a href=\"https:\/\/www.uscis.gov\/\">USCIS<\/a> w celu zatwierdzenia wniosku.<\/li>\n<\/ol>\n\n<h2 class=\"wp-block-heading\" id=\"h-le-sponsor-peut-il-revoquer-la-green-card\">Czy sponsor mo\u017ce cofn\u0105\u0107 Zielon\u0105 Kart\u0119?<\/h2>\n\n<p>Po przyznaniu Green Card sponsor zasadniczo nie mo\u017ce jej cofn\u0105\u0107. Istniej\u0105 jednak wyj\u0105tki, zw\u0142aszcza je\u015bli Zielona Karta zosta\u0142a uzyskana w wyniku oszustwa.<\/p>\n\n<h2 class=\"wp-block-heading\" id=\"h-faut-il-un-sponsor-pour-participer-a-la-loterie\">Czy potrzebuj\u0119 sponsora, aby wzi\u0105\u0107 udzia\u0142 w loterii?<\/h2>\n\n<p>Nie, nie potrzebujesz sponsora, aby wzi\u0105\u0107 udzia\u0142 w <a href=\"https:\/\/us-gc.net\/pl\/loteria-green-card\/\">loterii Green Card<\/a>. Rejestracja odbywa si\u0119 ca\u0142kowicie online w ci\u0105gu zaledwie kilku minut. Aby zabezpieczy\u0107 sw\u00f3j udzia\u0142, kliknij <a href=\"https:\/\/us-gc.net\/pl\/green-card-loterii-formularz\/\">formularz online<\/a>.<\/p>\n","protected":false},"excerpt":{"rendered":"<p>Uzyskaj Zielon\u0105 Kart\u0119 dzi\u0119ki sponsorowaniu Uzyskanie ameryka\u0144skiej Green Card przez sponsora umo\u017cliwia imigrantom uzyskanie statusu sta\u0142ego rezydenta Stan\u00f3w Zjednoczonych. Oto najwa\u017cniejsze aspekty sponsorowania Green Card i obowi\u0105zki sponsora. Czym jest sponsorowanie Green Card? Sponsorowanie Green Card odnosi si\u0119 do czynno\u015bci wspierania wniosku danej osoby o sta\u0142y pobyt w Stanach Zjednoczonych. Wsparcie to mo\u017ce pochodzi\u0107 od [&hellip;]<\/p>\n","protected":false},"author":1,"featured_media":0,"parent":0,"menu_order":0,"comment_status":"closed","ping_status":"closed","template":"","meta":{"footnotes":""},"class_list":["post-1167","page","type-page","status-publish","hentry"],"yoast_head":"<!-- This site is optimized with the Yoast SEO plugin v27.4 - https:\/\/yoast.com\/product\/yoast-seo-wordpress\/ -->\n<title>Sponsorowanie osoby ubiegaj\u0105cej si\u0119 o Zielon\u0105 Kart\u0119 - USA GC<\/title>\n<meta name=\"description\" content=\"Posiadacze Green Card mog\u0105 sponsorowa\u0107 osoby ubiegaj\u0105ce si\u0119 o Zielon\u0105 Kart\u0119 w okre\u015blonych okoliczno\u015bciach\" \/>\n<meta name=\"robots\" content=\"index, follow, max-snippet:-1, max-image-preview:large, max-video-preview:-1\" \/>\n<link rel=\"canonical\" href=\"https:\/\/us-gc.net\/pl\/green-card-sponsorowanie\/\" \/>\n<meta property=\"og:locale\" content=\"pl_PL\" \/>\n<meta property=\"og:type\" content=\"article\" \/>\n<meta property=\"og:title\" content=\"Sponsorowanie osoby ubiegaj\u0105cej si\u0119 o Zielon\u0105 Kart\u0119 - USA GC\" \/>\n<meta property=\"og:description\" content=\"Posiadacze Green Card mog\u0105 sponsorowa\u0107 osoby ubiegaj\u0105ce si\u0119 o Zielon\u0105 Kart\u0119 w okre\u015blonych okoliczno\u015bciach\" \/>\n<meta property=\"og:url\" content=\"https:\/\/us-gc.net\/pl\/green-card-sponsorowanie\/\" \/>\n<meta property=\"og:site_name\" content=\"USA GC\" \/>\n<meta property=\"article:modified_time\" content=\"2024-12-30T09:46:02+00:00\" \/>\n<meta name=\"twitter:card\" content=\"summary_large_image\" \/>\n<meta name=\"twitter:label1\" content=\"Szacowany czas czytania\" \/>\n\t<meta name=\"twitter:data1\" content=\"2 minuty\" \/>\n<script type=\"application\/ld+json\" class=\"yoast-schema-graph\">{\"@context\":\"https:\\\/\\\/schema.org\",\"@graph\":[{\"@type\":\"WebPage\",\"@id\":\"https:\\\/\\\/us-gc.net\\\/pl\\\/green-card-sponsorowanie\\\/\",\"url\":\"https:\\\/\\\/us-gc.net\\\/pl\\\/green-card-sponsorowanie\\\/\",\"name\":\"Sponsorowanie osoby ubiegaj\u0105cej si\u0119 o Zielon\u0105 Kart\u0119 - USA GC\",\"isPartOf\":{\"@id\":\"https:\\\/\\\/us-gc.net\\\/pl\\\/#website\"},\"datePublished\":\"2024-01-31T16:36:26+00:00\",\"dateModified\":\"2024-12-30T09:46:02+00:00\",\"description\":\"Posiadacze Green Card mog\u0105 sponsorowa\u0107 osoby ubiegaj\u0105ce si\u0119 o Zielon\u0105 Kart\u0119 w okre\u015blonych okoliczno\u015bciach\",\"breadcrumb\":{\"@id\":\"https:\\\/\\\/us-gc.net\\\/pl\\\/green-card-sponsorowanie\\\/#breadcrumb\"},\"inLanguage\":\"pl-PL\",\"potentialAction\":[{\"@type\":\"ReadAction\",\"target\":[\"https:\\\/\\\/us-gc.net\\\/pl\\\/green-card-sponsorowanie\\\/\"]}]},{\"@type\":\"BreadcrumbList\",\"@id\":\"https:\\\/\\\/us-gc.net\\\/pl\\\/green-card-sponsorowanie\\\/#breadcrumb\",\"itemListElement\":[{\"@type\":\"ListItem\",\"position\":1,\"name\":\"Accueil\",\"item\":\"https:\\\/\\\/us-gc.net\\\/pl\\\/green-card\\\/\"},{\"@type\":\"ListItem\",\"position\":2,\"name\":\"Sponsorowanie osoby ubiegaj\u0105cej si\u0119 o Zielon\u0105 Kart\u0119\"}]},{\"@type\":\"WebSite\",\"@id\":\"https:\\\/\\\/us-gc.net\\\/pl\\\/#website\",\"url\":\"https:\\\/\\\/us-gc.net\\\/pl\\\/\",\"name\":\"USA GC\",\"description\":\"\",\"potentialAction\":[{\"@type\":\"SearchAction\",\"target\":{\"@type\":\"EntryPoint\",\"urlTemplate\":\"https:\\\/\\\/us-gc.net\\\/pl\\\/?s={search_term_string}\"},\"query-input\":{\"@type\":\"PropertyValueSpecification\",\"valueRequired\":true,\"valueName\":\"search_term_string\"}}],\"inLanguage\":\"pl-PL\"}]}<\/script>\n<!-- \/ Yoast SEO plugin. -->","yoast_head_json":{"title":"Sponsorowanie osoby ubiegaj\u0105cej si\u0119 o Zielon\u0105 Kart\u0119 - USA GC","description":"Posiadacze Green Card mog\u0105 sponsorowa\u0107 osoby ubiegaj\u0105ce si\u0119 o Zielon\u0105 Kart\u0119 w okre\u015blonych okoliczno\u015bciach","robots":{"index":"index","follow":"follow","max-snippet":"max-snippet:-1","max-image-preview":"max-image-preview:large","max-video-preview":"max-video-preview:-1"},"canonical":"https:\/\/us-gc.net\/pl\/green-card-sponsorowanie\/","og_locale":"pl_PL","og_type":"article","og_title":"Sponsorowanie osoby ubiegaj\u0105cej si\u0119 o Zielon\u0105 Kart\u0119 - USA GC","og_description":"Posiadacze Green Card mog\u0105 sponsorowa\u0107 osoby ubiegaj\u0105ce si\u0119 o Zielon\u0105 Kart\u0119 w okre\u015blonych okoliczno\u015bciach","og_url":"https:\/\/us-gc.net\/pl\/green-card-sponsorowanie\/","og_site_name":"USA GC","article_modified_time":"2024-12-30T09:46:02+00:00","twitter_card":"summary_large_image","twitter_misc":{"Szacowany czas czytania":"2 minuty"},"schema":{"@context":"https:\/\/schema.org","@graph":[{"@type":"WebPage","@id":"https:\/\/us-gc.net\/pl\/green-card-sponsorowanie\/","url":"https:\/\/us-gc.net\/pl\/green-card-sponsorowanie\/","name":"Sponsorowanie osoby ubiegaj\u0105cej si\u0119 o Zielon\u0105 Kart\u0119 - USA GC","isPartOf":{"@id":"https:\/\/us-gc.net\/pl\/#website"},"datePublished":"2024-01-31T16:36:26+00:00","dateModified":"2024-12-30T09:46:02+00:00","description":"Posiadacze Green Card mog\u0105 sponsorowa\u0107 osoby ubiegaj\u0105ce si\u0119 o Zielon\u0105 Kart\u0119 w okre\u015blonych okoliczno\u015bciach","breadcrumb":{"@id":"https:\/\/us-gc.net\/pl\/green-card-sponsorowanie\/#breadcrumb"},"inLanguage":"pl-PL","potentialAction":[{"@type":"ReadAction","target":["https:\/\/us-gc.net\/pl\/green-card-sponsorowanie\/"]}]},{"@type":"BreadcrumbList","@id":"https:\/\/us-gc.net\/pl\/green-card-sponsorowanie\/#breadcrumb","itemListElement":[{"@type":"ListItem","position":1,"name":"Accueil","item":"https:\/\/us-gc.net\/pl\/green-card\/"},{"@type":"ListItem","position":2,"name":"Sponsorowanie osoby ubiegaj\u0105cej si\u0119 o Zielon\u0105 Kart\u0119"}]},{"@type":"WebSite","@id":"https:\/\/us-gc.net\/pl\/#website","url":"https:\/\/us-gc.net\/pl\/","name":"USA GC","description":"","potentialAction":[{"@type":"SearchAction","target":{"@type":"EntryPoint","urlTemplate":"https:\/\/us-gc.net\/pl\/?s={search_term_string}"},"query-input":{"@type":"PropertyValueSpecification","valueRequired":true,"valueName":"search_term_string"}}],"inLanguage":"pl-PL"}]}},"_links":{"self":[{"href":"https:\/\/us-gc.net\/pl\/wp-json\/wp\/v2\/pages\/1167","targetHints":{"allow":["GET"]}}],"collection":[{"href":"https:\/\/us-gc.net\/pl\/wp-json\/wp\/v2\/pages"}],"about":[{"href":"https:\/\/us-gc.net\/pl\/wp-json\/wp\/v2\/types\/page"}],"author":[{"embeddable":true,"href":"https:\/\/us-gc.net\/pl\/wp-json\/wp\/v2\/users\/1"}],"replies":[{"embeddable":true,"href":"https:\/\/us-gc.net\/pl\/wp-json\/wp\/v2\/comments?post=1167"}],"version-history":[{"count":1,"href":"https:\/\/us-gc.net\/pl\/wp-json\/wp\/v2\/pages\/1167\/revisions"}],"predecessor-version":[{"id":7994,"href":"https:\/\/us-gc.net\/pl\/wp-json\/wp\/v2\/pages\/1167\/revisions\/7994"}],"wp:attachment":[{"href":"https:\/\/us-gc.net\/pl\/wp-json\/wp\/v2\/media?parent=1167"}],"curies":[{"name":"wp","href":"https:\/\/api.w.org\/{rel}","templated":true}]}}