{"id":1109,"date":"2024-01-31T15:53:04","date_gmt":"2024-01-31T15:53:04","guid":{"rendered":"https:\/\/green-card-usa.net\/amerykanskiej-loterii-zielonej-karty\/"},"modified":"2024-12-30T09:46:12","modified_gmt":"2024-12-30T09:46:12","slug":"amerykanskiej-loterii-zielonej-karty","status":"publish","type":"page","link":"https:\/\/us-gc.net\/pl\/amerykanskiej-loterii-zielonej-karty\/","title":{"rendered":"Udzia\u0142 w ameryka\u0144skiej loterii Zielonej Karty"},"content":{"rendered":"\n<h1 class=\"wp-block-heading\" id=\"h-la-carte-verte-permet-de-vivre-aux-etats-unis\">Zielona Karta pozwala na zamieszkanie w Stanach Zjednoczonych<\/h1>\n\n<p>Ka\u017cdego roku tysi\u0105ce obywateli z ca\u0142ego \u015bwiata stara si\u0119 uzyska\u0107 ameryka\u0144sk\u0105 Zielon\u0105 Kart\u0119, aby m\u00f3c zamieszka\u0107 w Stanach Zjednoczonych.<\/p>\n\n<h2 class=\"wp-block-heading\" id=\"h-qu-est-ce-que-la-carte-verte\">Czym jest Zielona Karta?<\/h2>\n\n<p>Zielona Karta to ameryka\u0144ska karta uprawniaj\u0105ca jej posiadacza do sta\u0142ego pobytu w Stanach Zjednoczonych. Pozwala obcokrajowcom na legaln\u0105 prac\u0119 w Stanach Zjednoczonych. To zezwolenie na pobyt jest znane na ca\u0142ym \u015bwiecie jako Ameryka\u0144ska Zielona Karta, poniewa\u017c jest to zielona karta.<\/p>\n\n<h2 class=\"wp-block-heading\" id=\"h-comment-obtenir-une-carte-verte\">Jak uzyska\u0107 Zielon\u0105 Kart\u0119?<\/h2>\n\n<p>Istnieje kilka sposob\u00f3w uzyskania Zielonej Karty w USA. Zagraniczni wnioskodawcy o Zielon\u0105 Kart\u0119 mog\u0105 ubiega\u0107 si\u0119 o ni\u0105 z nast\u0119puj\u0105cych powod\u00f3w:<\/p>\n\n<ul class=\"wp-block-list\">\n<li><a href=\"https:\/\/us-gc.net\/pl\/green-card-przez-malzenstwo\/\">Zielona Karta poprzez ma\u0142\u017ce\u0144stwo<\/a> z ameryka\u0144skim posiadaczem Zielonej Karty;<\/li>\n\n\n\n<li>Uzyskanie <a href=\"https:\/\/us-gc.net\/pl\/green-card-do-zatrudnienia\/\">Zielonej Karty poprzez zatrudnienie<\/a>;<\/li>\n\n\n\n<li>Uzyskanie <a href=\"https:\/\/us-gc.net\/pl\/green-card-sponsorowanie\/\">Zielonej Karty dzi\u0119ki sponsorowi<\/a> rodzinnemu lub firmowemu;<\/li>\n<\/ul>\n\n<div style=\"height:10px\" aria-hidden=\"true\" class=\"wp-block-spacer\"><\/div>\n\n<p>Istniej\u0105 inne sposoby uzyskania Zielonej Karty. Najbardziej po\u017c\u0105danym sposobem uzyskania Zielonej Karty na \u015bwiecie jest ameryka\u0144ska loteria. <strong>Mo\u017cesz wzi\u0105\u0107 udzia\u0142 w tej corocznej loterii, rejestruj\u0105c si\u0119 online<\/strong> w ci\u0105gu zaledwie kilku minut, klikaj\u0105c <a href=\"https:\/\/us-gc.net\/pl\/green-card-loterii-formularz\/\">formularz online<\/a>.<\/p>\n\n<div style=\"height:10px\" aria-hidden=\"true\" class=\"wp-block-spacer\"><\/div>\n\n<h2 class=\"wp-block-heading\" id=\"h-qu-est-ce-que-la-loterie-americaine-de-la-carte-verte\">Czym jest ameryka\u0144ska loteria Zielonej Karty?<\/h2>\n\n<p>Stany Zjednoczone ustanowi\u0142y program wiz r\u00f3\u017cnorodno\u015bci, aby zarz\u0105dza\u0107 imigracj\u0105 zagraniczn\u0105. Jest to coroczna loteria, w kt\u00f3rej co roku bierze udzia\u0142 kilka milion\u00f3w obcokrajowc\u00f3w, aby otrzyma\u0107 jedn\u0105 z 50 000 Zielonych Kart oferowanych w drodze losowania.<\/p>\n\n<h2 class=\"wp-block-heading\" id=\"h-quand-se-deroule-le-tirage-de-la-loterie-carte-verte\">Kiedy odbywa si\u0119 losowanie Zielonej Karty?<\/h2>\n\n<p>Loteria Zielonej Karty odbywa si\u0119 raz w roku. Odbywa si\u0119 pod koniec roku w listopadzie. Losowania loterii s\u0105 zatem oznaczone rokiem: jest <a href=\"https:\/\/us-gc.net\/pl\/green-card-loteria-2024\/\">Loteria Zielonej Karty 2024<\/a>, <a href=\"https:\/\/us-gc.net\/pl\/loteria-green-card-2025\/\">Loteria Zielonej Karty 2025<\/a> i <a href=\"https:\/\/us-gc.net\/pl\/loteria-green-card-2026\/\">Loteria Zielonej Karty 2026<\/a>. Kandydaci musz\u0105 zarejestrowa\u0107 si\u0119 przed zamkni\u0119ciem rejestracji, aby wzi\u0105\u0107 udzia\u0142 w losowaniu. <a href=\"https:\/\/us-gc.net\/pl\/wyniki-loterii-green-card\/\">Wyniki loterii Zielonej Karty<\/a> s\u0105 nast\u0119pnie publikowane bezpo\u015brednio w Internecie.<\/p>\n\n<h2 class=\"wp-block-heading\" id=\"h-comment-s-inscrire-a-la-loterie\">Jak wzi\u0105\u0107 udzia\u0142 w loterii?<\/h2>\n\n<p>Kandydaci musz\u0105 najpierw sprawdzi\u0107, czy kwalifikuj\u0105 si\u0119 do udzia\u0142u w loterii. Ka\u017cdego roku rz\u0105d USA publikuje list\u0119 kraj\u00f3w, <a href=\"https:\/\/us-gc.net\/pl\/loterii-green-card-w-krajach-nieuczestniczacych\/\">kt\u00f3re nie mog\u0105 bra\u0107 udzia\u0142u w loterii Zielonej Karty<\/a>.<\/p>\n\n<p>Kandydaci do loterii Zielonej Karty musz\u0105 zarejestrowa\u0107 si\u0119 bezpo\u015brednio online. musz\u0105 wype\u0142ni\u0107 <a href=\"https:\/\/us-gc.net\/pl\/green-card-loterii-formularz\/\">formularz online<\/a>, aby zarejestrowa\u0107 si\u0119 w loterii.<\/p>\n","protected":false},"excerpt":{"rendered":"<p>Zielona Karta pozwala na zamieszkanie w Stanach Zjednoczonych Ka\u017cdego roku tysi\u0105ce obywateli z ca\u0142ego \u015bwiata stara si\u0119 uzyska\u0107 ameryka\u0144sk\u0105 Zielon\u0105 Kart\u0119, aby m\u00f3c zamieszka\u0107 w Stanach Zjednoczonych. Czym jest Zielona Karta? Zielona Karta to ameryka\u0144ska karta uprawniaj\u0105ca jej posiadacza do sta\u0142ego pobytu w Stanach Zjednoczonych. Pozwala obcokrajowcom na legaln\u0105 prac\u0119 w Stanach Zjednoczonych. To zezwolenie [&hellip;]<\/p>\n","protected":false},"author":1,"featured_media":0,"parent":0,"menu_order":0,"comment_status":"closed","ping_status":"closed","template":"","meta":{"footnotes":""},"class_list":["post-1109","page","type-page","status-publish","hentry"],"yoast_head":"<!-- This site is optimized with the Yoast SEO plugin v27.4 - https:\/\/yoast.com\/product\/yoast-seo-wordpress\/ -->\n<title>Udzia\u0142 w ameryka\u0144skiej loterii Zielonej Karty - USA GC<\/title>\n<meta name=\"description\" content=\"We\u017a udzia\u0142 w ameryka\u0144skiej loterii, aby wygra\u0107 Zielon\u0105 Kart\u0119. Jest to karta sta\u0142ego pobytu uprawniaj\u0105ca do zamieszkania w Stanach Zjednoczonych.\" \/>\n<meta name=\"robots\" content=\"index, follow, max-snippet:-1, max-image-preview:large, max-video-preview:-1\" \/>\n<link rel=\"canonical\" href=\"https:\/\/us-gc.net\/pl\/amerykanskiej-loterii-zielonej-karty\/\" \/>\n<meta property=\"og:locale\" content=\"pl_PL\" \/>\n<meta property=\"og:type\" content=\"article\" \/>\n<meta property=\"og:title\" content=\"Udzia\u0142 w ameryka\u0144skiej loterii Zielonej Karty - USA GC\" \/>\n<meta property=\"og:description\" content=\"We\u017a udzia\u0142 w ameryka\u0144skiej loterii, aby wygra\u0107 Zielon\u0105 Kart\u0119. Jest to karta sta\u0142ego pobytu uprawniaj\u0105ca do zamieszkania w Stanach Zjednoczonych.\" \/>\n<meta property=\"og:url\" content=\"https:\/\/us-gc.net\/pl\/amerykanskiej-loterii-zielonej-karty\/\" \/>\n<meta property=\"og:site_name\" content=\"USA GC\" \/>\n<meta property=\"article:modified_time\" content=\"2024-12-30T09:46:12+00:00\" \/>\n<meta name=\"twitter:card\" content=\"summary_large_image\" \/>\n<meta name=\"twitter:label1\" content=\"Szacowany czas czytania\" \/>\n\t<meta name=\"twitter:data1\" content=\"2 minuty\" \/>\n<script type=\"application\/ld+json\" class=\"yoast-schema-graph\">{\"@context\":\"https:\\\/\\\/schema.org\",\"@graph\":[{\"@type\":\"WebPage\",\"@id\":\"https:\\\/\\\/us-gc.net\\\/pl\\\/amerykanskiej-loterii-zielonej-karty\\\/\",\"url\":\"https:\\\/\\\/us-gc.net\\\/pl\\\/amerykanskiej-loterii-zielonej-karty\\\/\",\"name\":\"Udzia\u0142 w ameryka\u0144skiej loterii Zielonej Karty - USA GC\",\"isPartOf\":{\"@id\":\"https:\\\/\\\/us-gc.net\\\/pl\\\/#website\"},\"datePublished\":\"2024-01-31T15:53:04+00:00\",\"dateModified\":\"2024-12-30T09:46:12+00:00\",\"description\":\"We\u017a udzia\u0142 w ameryka\u0144skiej loterii, aby wygra\u0107 Zielon\u0105 Kart\u0119. Jest to karta sta\u0142ego pobytu uprawniaj\u0105ca do zamieszkania w Stanach Zjednoczonych.\",\"breadcrumb\":{\"@id\":\"https:\\\/\\\/us-gc.net\\\/pl\\\/amerykanskiej-loterii-zielonej-karty\\\/#breadcrumb\"},\"inLanguage\":\"pl-PL\",\"potentialAction\":[{\"@type\":\"ReadAction\",\"target\":[\"https:\\\/\\\/us-gc.net\\\/pl\\\/amerykanskiej-loterii-zielonej-karty\\\/\"]}]},{\"@type\":\"BreadcrumbList\",\"@id\":\"https:\\\/\\\/us-gc.net\\\/pl\\\/amerykanskiej-loterii-zielonej-karty\\\/#breadcrumb\",\"itemListElement\":[{\"@type\":\"ListItem\",\"position\":1,\"name\":\"Accueil\",\"item\":\"https:\\\/\\\/us-gc.net\\\/pl\\\/green-card\\\/\"},{\"@type\":\"ListItem\",\"position\":2,\"name\":\"Udzia\u0142 w ameryka\u0144skiej loterii Zielonej Karty\"}]},{\"@type\":\"WebSite\",\"@id\":\"https:\\\/\\\/us-gc.net\\\/pl\\\/#website\",\"url\":\"https:\\\/\\\/us-gc.net\\\/pl\\\/\",\"name\":\"USA GC\",\"description\":\"\",\"potentialAction\":[{\"@type\":\"SearchAction\",\"target\":{\"@type\":\"EntryPoint\",\"urlTemplate\":\"https:\\\/\\\/us-gc.net\\\/pl\\\/?s={search_term_string}\"},\"query-input\":{\"@type\":\"PropertyValueSpecification\",\"valueRequired\":true,\"valueName\":\"search_term_string\"}}],\"inLanguage\":\"pl-PL\"}]}<\/script>\n<!-- \/ Yoast SEO plugin. -->","yoast_head_json":{"title":"Udzia\u0142 w ameryka\u0144skiej loterii Zielonej Karty - USA GC","description":"We\u017a udzia\u0142 w ameryka\u0144skiej loterii, aby wygra\u0107 Zielon\u0105 Kart\u0119. Jest to karta sta\u0142ego pobytu uprawniaj\u0105ca do zamieszkania w Stanach Zjednoczonych.","robots":{"index":"index","follow":"follow","max-snippet":"max-snippet:-1","max-image-preview":"max-image-preview:large","max-video-preview":"max-video-preview:-1"},"canonical":"https:\/\/us-gc.net\/pl\/amerykanskiej-loterii-zielonej-karty\/","og_locale":"pl_PL","og_type":"article","og_title":"Udzia\u0142 w ameryka\u0144skiej loterii Zielonej Karty - USA GC","og_description":"We\u017a udzia\u0142 w ameryka\u0144skiej loterii, aby wygra\u0107 Zielon\u0105 Kart\u0119. Jest to karta sta\u0142ego pobytu uprawniaj\u0105ca do zamieszkania w Stanach Zjednoczonych.","og_url":"https:\/\/us-gc.net\/pl\/amerykanskiej-loterii-zielonej-karty\/","og_site_name":"USA GC","article_modified_time":"2024-12-30T09:46:12+00:00","twitter_card":"summary_large_image","twitter_misc":{"Szacowany czas czytania":"2 minuty"},"schema":{"@context":"https:\/\/schema.org","@graph":[{"@type":"WebPage","@id":"https:\/\/us-gc.net\/pl\/amerykanskiej-loterii-zielonej-karty\/","url":"https:\/\/us-gc.net\/pl\/amerykanskiej-loterii-zielonej-karty\/","name":"Udzia\u0142 w ameryka\u0144skiej loterii Zielonej Karty - USA GC","isPartOf":{"@id":"https:\/\/us-gc.net\/pl\/#website"},"datePublished":"2024-01-31T15:53:04+00:00","dateModified":"2024-12-30T09:46:12+00:00","description":"We\u017a udzia\u0142 w ameryka\u0144skiej loterii, aby wygra\u0107 Zielon\u0105 Kart\u0119. Jest to karta sta\u0142ego pobytu uprawniaj\u0105ca do zamieszkania w Stanach Zjednoczonych.","breadcrumb":{"@id":"https:\/\/us-gc.net\/pl\/amerykanskiej-loterii-zielonej-karty\/#breadcrumb"},"inLanguage":"pl-PL","potentialAction":[{"@type":"ReadAction","target":["https:\/\/us-gc.net\/pl\/amerykanskiej-loterii-zielonej-karty\/"]}]},{"@type":"BreadcrumbList","@id":"https:\/\/us-gc.net\/pl\/amerykanskiej-loterii-zielonej-karty\/#breadcrumb","itemListElement":[{"@type":"ListItem","position":1,"name":"Accueil","item":"https:\/\/us-gc.net\/pl\/green-card\/"},{"@type":"ListItem","position":2,"name":"Udzia\u0142 w ameryka\u0144skiej loterii Zielonej Karty"}]},{"@type":"WebSite","@id":"https:\/\/us-gc.net\/pl\/#website","url":"https:\/\/us-gc.net\/pl\/","name":"USA GC","description":"","potentialAction":[{"@type":"SearchAction","target":{"@type":"EntryPoint","urlTemplate":"https:\/\/us-gc.net\/pl\/?s={search_term_string}"},"query-input":{"@type":"PropertyValueSpecification","valueRequired":true,"valueName":"search_term_string"}}],"inLanguage":"pl-PL"}]}},"_links":{"self":[{"href":"https:\/\/us-gc.net\/pl\/wp-json\/wp\/v2\/pages\/1109","targetHints":{"allow":["GET"]}}],"collection":[{"href":"https:\/\/us-gc.net\/pl\/wp-json\/wp\/v2\/pages"}],"about":[{"href":"https:\/\/us-gc.net\/pl\/wp-json\/wp\/v2\/types\/page"}],"author":[{"embeddable":true,"href":"https:\/\/us-gc.net\/pl\/wp-json\/wp\/v2\/users\/1"}],"replies":[{"embeddable":true,"href":"https:\/\/us-gc.net\/pl\/wp-json\/wp\/v2\/comments?post=1109"}],"version-history":[{"count":1,"href":"https:\/\/us-gc.net\/pl\/wp-json\/wp\/v2\/pages\/1109\/revisions"}],"predecessor-version":[{"id":8016,"href":"https:\/\/us-gc.net\/pl\/wp-json\/wp\/v2\/pages\/1109\/revisions\/8016"}],"wp:attachment":[{"href":"https:\/\/us-gc.net\/pl\/wp-json\/wp\/v2\/media?parent=1109"}],"curies":[{"name":"wp","href":"https:\/\/api.w.org\/{rel}","templated":true}]}}