{"id":1101,"date":"2024-02-04T15:55:27","date_gmt":"2024-02-04T15:55:27","guid":{"rendered":"https:\/\/green-card-usa.net\/loteria-green-card-2026\/"},"modified":"2025-03-31T10:09:29","modified_gmt":"2025-03-31T10:09:29","slug":"loteria-green-card-2026","status":"publish","type":"page","link":"https:\/\/us-gc.net\/pl\/loteria-green-card-2026\/","title":{"rendered":"Loteria Green Card 2026"},"content":{"rendered":"\n<h1 class=\"wp-block-heading\" id=\"h-la-loterie-de-la-green-card-2026\">Loteria Green Card w 2026 r.<\/h1>\n\n<p>Ka\u017cdego roku Stany Zjednoczone oferuj\u0105 ponad 50 000 obcokrajowc\u00f3w mo\u017cliwo\u015b\u0107 uzyskania Green Card w drodze losowania. Loteria ta jest cz\u0119\u015bci\u0105 ameryka\u0144skiego programu wizowego dla r\u00f3\u017cnorodno\u015bci. Program ten zosta\u0142 stworzony w celu zarz\u0105dzania imigracj\u0105 do Stan\u00f3w Zjednoczonych.<\/p>\n\n<h2 class=\"wp-block-heading\" id=\"h-qu-est-ce-que-la-loterie-de-la-green-card-2026\">Czym jest loteria Green Card 2026?<\/h2>\n\n<p>Ka\u017cda promocja w losowaniu Green Card nosi numer roku, w kt\u00f3rym kandydaci ostatecznie stan\u0105 si\u0119 posiadaczami <a href=\"https:\/\/us-gc.net\/pl\/\">ameryka\u0144skiej Green Card<\/a>. Tak wi\u0119c loteria Green Card 2026 dotyczy limitu Zielonych Kart, kt\u00f3re zostan\u0105 wydane w 2026 roku. Administracja USA nazywa t\u0119 promocj\u0119 nowych wiz wynikaj\u0105cych z programu r\u00f3\u017cnorodno\u015bci DV-2026 dla Diversity-Program 2026.<\/p>\n\n<h2 class=\"wp-block-heading\" id=\"h-quand-se-deroule-le-tirage-au-sort-du-quota-de-green-card-2026\">Kiedy odb\u0119dzie si\u0119 losowanie kontyngentu Green Card 2026?<\/h2>\n\n<p>Proces uzyskiwania Green Card w drodze loterii sk\u0142ada si\u0119 z kilku etap\u00f3w. Pierwszym etapem jest losowanie. <\/p>\n\n<p><strong>Kandydaci DV2026 musieli zarejestrowa\u0107 si\u0119 od 2 pa\u017adziernika 2024<\/strong> r., aby wzi\u0105\u0107 udzia\u0142 w losowaniu, kt\u00f3re odbywa si\u0119 co roku na pocz\u0105tku listopada. Rejestracja online do losowania DV2026 zako\u0144czy\u0142a si\u0119 5 listopada 2024 r. <\/p>\n\n<h2 class=\"wp-block-heading\" id=\"h-quand-sont-publies-les-resultats-du-tirage-au-sort-du-dv-2026\">Kiedy zostan\u0105 opublikowane wyniki losowania DV-2026?<\/h2>\n\n<p>Wyniki losowania <a href=\"https:\/\/us-gc.net\/pl\/wyniki-loterii-green-card\/\">Zielonej<\/a> Karty s\u0105 publikowane oko\u0142o 6 miesi\u0119cy po zako\u0144czeniu przyjmowania wniosk\u00f3w: Wyniki losowania DV2026 s\u0105 publikowane od maja 2025 r.<\/p>\n\n<h2 class=\"wp-block-heading\" id=\"h-quel-sont-les-etapes-suivantes-pour-les-gagnants-de-la-loterie\">Jakie s\u0105 kolejne kroki dla zwyci\u0119zc\u00f3w loterii?<\/h2>\n\n<p>Zwyci\u0119zcy musz\u0105 nast\u0119pnie ubiega\u0107 si\u0119 o wiz\u0119 Diversity. G\u0142\u00f3wne kroki zwi\u0105zane z uzyskaniem Green Card to :<\/p>\n\n<ul class=\"wp-block-list\">\n<li>Wype\u0142ni\u0107 <a href=\"https:\/\/travel.state.gov\/content\/travel\/en\/us-visas\/visa-information-resources\/forms\/online-immigrant-visa-forms\/ds-260-faqs.html\">formularz DS-260<\/a> wniosku wizowego.<\/li>\n\n\n\n<li>Uiszczenie <a href=\"https:\/\/us-gc.net\/pl\/cena-green-card\/\">op\u0142at wymaganych do uzyskania Green Card<\/a> w ramach tego obowi\u0105zkowego wniosku wizowego;<\/li>\n\n\n\n<li>Odb\u0105d\u017a <a href=\"https:\/\/us-gc.net\/pl\/green-card-rozmowa\/\">rozmow\u0119 w sprawie Green Card<\/a> z urz\u0119dnikiem USCIS, kt\u00f3ry uczestniczy w programie wizowym dla r\u00f3\u017cnorodno\u015bci.<\/li>\n<\/ul>\n\n<div style=\"height:10px\" aria-hidden=\"true\" class=\"wp-block-spacer\"><\/div>\n\n<p><a href=\"https:\/\/us-gc.net\/pl\/roznica-green-card-wiza\/\">Green Card i wiza to r\u00f3\u017cne dokumenty<\/a>. Uzyskanie Wizy R\u00f3\u017cnorodno\u015bci jest jednym z krok\u00f3w do uzyskania Green Card.<\/p>\n\n<p><\/p>\n\n<p><\/p>\n","protected":false},"excerpt":{"rendered":"<p>Loteria Green Card w 2026 r. Ka\u017cdego roku Stany Zjednoczone oferuj\u0105 ponad 50 000 obcokrajowc\u00f3w mo\u017cliwo\u015b\u0107 uzyskania Green Card w drodze losowania. Loteria ta jest cz\u0119\u015bci\u0105 ameryka\u0144skiego programu wizowego dla r\u00f3\u017cnorodno\u015bci. Program ten zosta\u0142 stworzony w celu zarz\u0105dzania imigracj\u0105 do Stan\u00f3w Zjednoczonych. Czym jest loteria Green Card 2026? Ka\u017cda promocja w losowaniu Green Card nosi [&hellip;]<\/p>\n","protected":false},"author":1,"featured_media":0,"parent":0,"menu_order":0,"comment_status":"closed","ping_status":"closed","template":"","meta":{"footnotes":""},"class_list":["post-1101","page","type-page","status-publish","hentry"],"yoast_head":"<!-- This site is optimized with the Yoast SEO plugin v27.4 - https:\/\/yoast.com\/product\/yoast-seo-wordpress\/ -->\n<title>Loteria Green Card 2026 - USA GC<\/title>\n<meta name=\"description\" content=\"Oto wszystkie informacje na temat programu umo\u017cliwiaj\u0105cego uzyskanie Zielonej Karty w drodze loterii w 2026 r. w USA\" \/>\n<meta name=\"robots\" content=\"index, follow, max-snippet:-1, max-image-preview:large, max-video-preview:-1\" \/>\n<link rel=\"canonical\" href=\"https:\/\/us-gc.net\/pl\/loteria-green-card-2026\/\" \/>\n<meta property=\"og:locale\" content=\"pl_PL\" \/>\n<meta property=\"og:type\" content=\"article\" \/>\n<meta property=\"og:title\" content=\"Loteria Green Card 2026 - USA GC\" \/>\n<meta property=\"og:description\" content=\"Oto wszystkie informacje na temat programu umo\u017cliwiaj\u0105cego uzyskanie Zielonej Karty w drodze loterii w 2026 r. w USA\" \/>\n<meta property=\"og:url\" content=\"https:\/\/us-gc.net\/pl\/loteria-green-card-2026\/\" \/>\n<meta property=\"og:site_name\" content=\"USA GC\" \/>\n<meta property=\"article:modified_time\" content=\"2025-03-31T10:09:29+00:00\" \/>\n<meta name=\"twitter:card\" content=\"summary_large_image\" \/>\n<meta name=\"twitter:label1\" content=\"Szacowany czas czytania\" \/>\n\t<meta name=\"twitter:data1\" content=\"1 minuta\" \/>\n<script type=\"application\/ld+json\" class=\"yoast-schema-graph\">{\"@context\":\"https:\\\/\\\/schema.org\",\"@graph\":[{\"@type\":\"WebPage\",\"@id\":\"https:\\\/\\\/us-gc.net\\\/pl\\\/loteria-green-card-2026\\\/\",\"url\":\"https:\\\/\\\/us-gc.net\\\/pl\\\/loteria-green-card-2026\\\/\",\"name\":\"Loteria Green Card 2026 - USA GC\",\"isPartOf\":{\"@id\":\"https:\\\/\\\/us-gc.net\\\/pl\\\/#website\"},\"datePublished\":\"2024-02-04T15:55:27+00:00\",\"dateModified\":\"2025-03-31T10:09:29+00:00\",\"description\":\"Oto wszystkie informacje na temat programu umo\u017cliwiaj\u0105cego uzyskanie Zielonej Karty w drodze loterii w 2026 r. w USA\",\"breadcrumb\":{\"@id\":\"https:\\\/\\\/us-gc.net\\\/pl\\\/loteria-green-card-2026\\\/#breadcrumb\"},\"inLanguage\":\"pl-PL\",\"potentialAction\":[{\"@type\":\"ReadAction\",\"target\":[\"https:\\\/\\\/us-gc.net\\\/pl\\\/loteria-green-card-2026\\\/\"]}]},{\"@type\":\"BreadcrumbList\",\"@id\":\"https:\\\/\\\/us-gc.net\\\/pl\\\/loteria-green-card-2026\\\/#breadcrumb\",\"itemListElement\":[{\"@type\":\"ListItem\",\"position\":1,\"name\":\"Accueil\",\"item\":\"https:\\\/\\\/us-gc.net\\\/pl\\\/green-card\\\/\"},{\"@type\":\"ListItem\",\"position\":2,\"name\":\"Loteria Green Card 2026\"}]},{\"@type\":\"WebSite\",\"@id\":\"https:\\\/\\\/us-gc.net\\\/pl\\\/#website\",\"url\":\"https:\\\/\\\/us-gc.net\\\/pl\\\/\",\"name\":\"USA GC\",\"description\":\"\",\"potentialAction\":[{\"@type\":\"SearchAction\",\"target\":{\"@type\":\"EntryPoint\",\"urlTemplate\":\"https:\\\/\\\/us-gc.net\\\/pl\\\/?s={search_term_string}\"},\"query-input\":{\"@type\":\"PropertyValueSpecification\",\"valueRequired\":true,\"valueName\":\"search_term_string\"}}],\"inLanguage\":\"pl-PL\"}]}<\/script>\n<!-- \/ Yoast SEO plugin. -->","yoast_head_json":{"title":"Loteria Green Card 2026 - USA GC","description":"Oto wszystkie informacje na temat programu umo\u017cliwiaj\u0105cego uzyskanie Zielonej Karty w drodze loterii w 2026 r. w USA","robots":{"index":"index","follow":"follow","max-snippet":"max-snippet:-1","max-image-preview":"max-image-preview:large","max-video-preview":"max-video-preview:-1"},"canonical":"https:\/\/us-gc.net\/pl\/loteria-green-card-2026\/","og_locale":"pl_PL","og_type":"article","og_title":"Loteria Green Card 2026 - USA GC","og_description":"Oto wszystkie informacje na temat programu umo\u017cliwiaj\u0105cego uzyskanie Zielonej Karty w drodze loterii w 2026 r. w USA","og_url":"https:\/\/us-gc.net\/pl\/loteria-green-card-2026\/","og_site_name":"USA GC","article_modified_time":"2025-03-31T10:09:29+00:00","twitter_card":"summary_large_image","twitter_misc":{"Szacowany czas czytania":"1 minuta"},"schema":{"@context":"https:\/\/schema.org","@graph":[{"@type":"WebPage","@id":"https:\/\/us-gc.net\/pl\/loteria-green-card-2026\/","url":"https:\/\/us-gc.net\/pl\/loteria-green-card-2026\/","name":"Loteria Green Card 2026 - USA GC","isPartOf":{"@id":"https:\/\/us-gc.net\/pl\/#website"},"datePublished":"2024-02-04T15:55:27+00:00","dateModified":"2025-03-31T10:09:29+00:00","description":"Oto wszystkie informacje na temat programu umo\u017cliwiaj\u0105cego uzyskanie Zielonej Karty w drodze loterii w 2026 r. w USA","breadcrumb":{"@id":"https:\/\/us-gc.net\/pl\/loteria-green-card-2026\/#breadcrumb"},"inLanguage":"pl-PL","potentialAction":[{"@type":"ReadAction","target":["https:\/\/us-gc.net\/pl\/loteria-green-card-2026\/"]}]},{"@type":"BreadcrumbList","@id":"https:\/\/us-gc.net\/pl\/loteria-green-card-2026\/#breadcrumb","itemListElement":[{"@type":"ListItem","position":1,"name":"Accueil","item":"https:\/\/us-gc.net\/pl\/green-card\/"},{"@type":"ListItem","position":2,"name":"Loteria Green Card 2026"}]},{"@type":"WebSite","@id":"https:\/\/us-gc.net\/pl\/#website","url":"https:\/\/us-gc.net\/pl\/","name":"USA GC","description":"","potentialAction":[{"@type":"SearchAction","target":{"@type":"EntryPoint","urlTemplate":"https:\/\/us-gc.net\/pl\/?s={search_term_string}"},"query-input":{"@type":"PropertyValueSpecification","valueRequired":true,"valueName":"search_term_string"}}],"inLanguage":"pl-PL"}]}},"_links":{"self":[{"href":"https:\/\/us-gc.net\/pl\/wp-json\/wp\/v2\/pages\/1101","targetHints":{"allow":["GET"]}}],"collection":[{"href":"https:\/\/us-gc.net\/pl\/wp-json\/wp\/v2\/pages"}],"about":[{"href":"https:\/\/us-gc.net\/pl\/wp-json\/wp\/v2\/types\/page"}],"author":[{"embeddable":true,"href":"https:\/\/us-gc.net\/pl\/wp-json\/wp\/v2\/users\/1"}],"replies":[{"embeddable":true,"href":"https:\/\/us-gc.net\/pl\/wp-json\/wp\/v2\/comments?post=1101"}],"version-history":[{"count":3,"href":"https:\/\/us-gc.net\/pl\/wp-json\/wp\/v2\/pages\/1101\/revisions"}],"predecessor-version":[{"id":10127,"href":"https:\/\/us-gc.net\/pl\/wp-json\/wp\/v2\/pages\/1101\/revisions\/10127"}],"wp:attachment":[{"href":"https:\/\/us-gc.net\/pl\/wp-json\/wp\/v2\/media?parent=1101"}],"curies":[{"name":"wp","href":"https:\/\/api.w.org\/{rel}","templated":true}]}}