{"id":1087,"date":"2024-01-31T16:02:41","date_gmt":"2024-01-31T16:02:41","guid":{"rendered":"https:\/\/green-card-usa.net\/loteria-green-card-2025\/"},"modified":"2024-12-30T09:45:45","modified_gmt":"2024-12-30T09:45:45","slug":"loteria-green-card-2025","status":"publish","type":"page","link":"https:\/\/us-gc.net\/pl\/loteria-green-card-2025\/","title":{"rendered":"Loteria Green Card 2025"},"content":{"rendered":"\n<h1 class=\"wp-block-heading\" id=\"h-loterie-de-la-green-card-en-2025\">Loteria Green Card w 2025 r.<\/h1>\n\n<p>Losowanie loterii Green Card odbywa si\u0119 tylko raz w roku. Tak wi\u0119c ka\u017cdego roku pojawia si\u0119 nowa partia zwyci\u0119zc\u00f3w loterii, nazwanych wed\u0142ug roku, w kt\u00f3rym otrzymali Zielon\u0105 Kart\u0119.<\/p>\n\n<h2 class=\"wp-block-heading\" id=\"h-qu-est-ce-que-la-loterie-2025-de-la-green-card\">Czym jest loteria Green Card 2025?<\/h2>\n\n<p>Loteria Zielonej Karty 2025 dotyczy limitu Zielonych Kart, kt\u00f3re maj\u0105 zosta\u0107 wydane w 2025 roku. Losowanie loterii 2025 odb\u0119dzie si\u0119 w pa\u017adzierniku 2023 roku. Ponad 50 000 obcokrajowc\u00f3w zosta\u0142o wybranych w tej loterii jako zwyci\u0119zcy prawa do uzyskania Zielonej Karty w ramach ameryka\u0144skiego <a href=\"https:\/\/us-gc.net\/pl\/diversity-visa-program\/\">programu wizowego dla r\u00f3\u017cnorodno\u015bci<\/a>.  <\/p>\n\n<h2 class=\"wp-block-heading\" id=\"h-quand-se-deroule-la-loterie-de-la-green-card-en-2025\">Kiedy odb\u0119dzie si\u0119 loteria Green Card w 2025 roku?<\/h2>\n\n<p>Rejestracja do losowania, kt\u00f3re odb\u0119dzie si\u0119 w 2025 roku, zostanie otwarta w pa\u017adzierniku 2025 roku.<\/p>\n\n<h2 class=\"wp-block-heading\" id=\"h-quelles-sont-les-resultats-de-la-loterie-de-la-green-card-2025\">Jakie s\u0105 wyniki loterii Green Card 2025?<\/h2>\n\n<p><a href=\"https:\/\/us-gc.net\/pl\/wyniki-loterii-green-card\/\">Wyniki losowania Green Card<\/a> zostan\u0105 opublikowane oko\u0142o 6 miesi\u0119cy po losowaniu, kt\u00f3re odbywa si\u0119 w listopadzie. Wyniki losowania odbywaj\u0105cego si\u0119 w 2025 r. b\u0119d\u0105 publikowane online od maja 2026 r.<\/p>\n\n<p>Wyniki losowania Diversity Visa 2025, kt\u00f3re odby\u0142o si\u0119 w listopadzie 2023 r., s\u0105 dost\u0119pne od 4 maja 2024 r. na stronie internetowej: <a href=\"https:\/\/dvprogram.state.gov\/ESC\/\">dvprogram.state.gov<\/a>.<\/p>\n\n<h2 class=\"wp-block-heading\" id=\"h-comment-s-inscrire-a-la-loterie-de-la-green-card-2025\">Jak wzi\u0105\u0107 udzia\u0142 w loterii Green Card 2025?<\/h2>\n\n<p>Rejestracja do <a href=\"https:\/\/us-gc.net\/pl\/amerykanskiej-loterii-zielonej-karty\/\">loterii Zielonej Karty USA<\/a> odbywa si\u0119 ca\u0142kowicie online. <strong>We\u017a udzia\u0142 w tej corocznej loterii, rejestruj\u0105c si\u0119 online<\/strong> w ci\u0105gu zaledwie kilku minut, klikaj\u0105c <a href=\"https:\/\/us-gc.net\/pl\/green-card-loterii-formularz\/\">formularz online<\/a>. Proces ten zajmuje tylko kilka minut.<\/p>\n\n<h2 class=\"wp-block-heading\" id=\"h-quel-sont-les-etapes-suivantes-pour-les-gagnants-de-la-loterie\">Jakie s\u0105 kolejne kroki dla zwyci\u0119zc\u00f3w loterii?<\/h2>\n\n<p>Zwyci\u0119zcy loterii musz\u0105 nast\u0119pnie uzyska\u0107 wiz\u0119 Diversity. Kolejne kroki procedury to :<\/p>\n\n<ul class=\"wp-block-list\">\n<li>Wype\u0142ni\u0107 <a href=\"https:\/\/travel.state.gov\/content\/travel\/en\/us-visas\/visa-information-resources\/forms\/online-immigrant-visa-forms\/ds-260-faqs.html\">formularz DS-260<\/a> wniosku wizowego.<\/li>\n\n\n\n<li>Uiszczenie <a href=\"https:\/\/us-gc.net\/pl\/cena-green-card\/\">op\u0142at wymaganych do uzyskania Green Card<\/a> w ramach tego obowi\u0105zkowego wniosku wizowego;<\/li>\n\n\n\n<li><a href=\"https:\/\/us-gc.net\/pl\/green-card-rozmowa\/\">Rozmowa kwalifikacyjna w sprawie Green Card<\/a> z urz\u0119dnikiem USCIS Diversity Visa Program;<\/li>\n\n\n\n<li>Przeprowadzi\u0107 badanie lekarskie.<\/li>\n<\/ul>\n\n<div style=\"height:10px\" aria-hidden=\"true\" class=\"wp-block-spacer\"><\/div>\n\n<p><a href=\"https:\/\/us-gc.net\/pl\/roznica-green-card-wiza\/\">Green Card i wiza to r\u00f3\u017cne dokumenty<\/a>. Uzyskanie Wizy R\u00f3\u017cnorodno\u015bci jest jednym z krok\u00f3w do uzyskania Green Card.<\/p>\n","protected":false},"excerpt":{"rendered":"<p>Loteria Green Card w 2025 r. Losowanie loterii Green Card odbywa si\u0119 tylko raz w roku. Tak wi\u0119c ka\u017cdego roku pojawia si\u0119 nowa partia zwyci\u0119zc\u00f3w loterii, nazwanych wed\u0142ug roku, w kt\u00f3rym otrzymali Zielon\u0105 Kart\u0119. Czym jest loteria Green Card 2025? Loteria Zielonej Karty 2025 dotyczy limitu Zielonych Kart, kt\u00f3re maj\u0105 zosta\u0107 wydane w 2025 roku. [&hellip;]<\/p>\n","protected":false},"author":1,"featured_media":0,"parent":0,"menu_order":0,"comment_status":"closed","ping_status":"closed","template":"","meta":{"footnotes":""},"class_list":["post-1087","page","type-page","status-publish","hentry"],"yoast_head":"<!-- This site is optimized with the Yoast SEO plugin v27.4 - https:\/\/yoast.com\/product\/yoast-seo-wordpress\/ -->\n<title>Loteria Green Card 2025 - USA GC<\/title>\n<meta name=\"description\" content=\"Udzia\u0142 w loterii Zielonej Karty 2025 w celu uzyskania karty sta\u0142ego pobytu w Stanach Zjednoczonych.\" \/>\n<meta name=\"robots\" content=\"index, follow, max-snippet:-1, max-image-preview:large, max-video-preview:-1\" \/>\n<link rel=\"canonical\" href=\"https:\/\/us-gc.net\/pl\/loteria-green-card-2025\/\" \/>\n<meta property=\"og:locale\" content=\"pl_PL\" \/>\n<meta property=\"og:type\" content=\"article\" \/>\n<meta property=\"og:title\" content=\"Loteria Green Card 2025 - USA GC\" \/>\n<meta property=\"og:description\" content=\"Udzia\u0142 w loterii Zielonej Karty 2025 w celu uzyskania karty sta\u0142ego pobytu w Stanach Zjednoczonych.\" \/>\n<meta property=\"og:url\" content=\"https:\/\/us-gc.net\/pl\/loteria-green-card-2025\/\" \/>\n<meta property=\"og:site_name\" content=\"USA GC\" \/>\n<meta property=\"article:modified_time\" content=\"2024-12-30T09:45:45+00:00\" \/>\n<meta name=\"twitter:card\" content=\"summary_large_image\" \/>\n<meta name=\"twitter:label1\" content=\"Szacowany czas czytania\" \/>\n\t<meta name=\"twitter:data1\" content=\"2 minuty\" \/>\n<script type=\"application\/ld+json\" class=\"yoast-schema-graph\">{\"@context\":\"https:\\\/\\\/schema.org\",\"@graph\":[{\"@type\":\"WebPage\",\"@id\":\"https:\\\/\\\/us-gc.net\\\/pl\\\/loteria-green-card-2025\\\/\",\"url\":\"https:\\\/\\\/us-gc.net\\\/pl\\\/loteria-green-card-2025\\\/\",\"name\":\"Loteria Green Card 2025 - USA GC\",\"isPartOf\":{\"@id\":\"https:\\\/\\\/us-gc.net\\\/pl\\\/#website\"},\"datePublished\":\"2024-01-31T16:02:41+00:00\",\"dateModified\":\"2024-12-30T09:45:45+00:00\",\"description\":\"Udzia\u0142 w loterii Zielonej Karty 2025 w celu uzyskania karty sta\u0142ego pobytu w Stanach Zjednoczonych.\",\"breadcrumb\":{\"@id\":\"https:\\\/\\\/us-gc.net\\\/pl\\\/loteria-green-card-2025\\\/#breadcrumb\"},\"inLanguage\":\"pl-PL\",\"potentialAction\":[{\"@type\":\"ReadAction\",\"target\":[\"https:\\\/\\\/us-gc.net\\\/pl\\\/loteria-green-card-2025\\\/\"]}]},{\"@type\":\"BreadcrumbList\",\"@id\":\"https:\\\/\\\/us-gc.net\\\/pl\\\/loteria-green-card-2025\\\/#breadcrumb\",\"itemListElement\":[{\"@type\":\"ListItem\",\"position\":1,\"name\":\"Accueil\",\"item\":\"https:\\\/\\\/us-gc.net\\\/pl\\\/green-card\\\/\"},{\"@type\":\"ListItem\",\"position\":2,\"name\":\"Loteria Green Card 2025\"}]},{\"@type\":\"WebSite\",\"@id\":\"https:\\\/\\\/us-gc.net\\\/pl\\\/#website\",\"url\":\"https:\\\/\\\/us-gc.net\\\/pl\\\/\",\"name\":\"USA GC\",\"description\":\"\",\"potentialAction\":[{\"@type\":\"SearchAction\",\"target\":{\"@type\":\"EntryPoint\",\"urlTemplate\":\"https:\\\/\\\/us-gc.net\\\/pl\\\/?s={search_term_string}\"},\"query-input\":{\"@type\":\"PropertyValueSpecification\",\"valueRequired\":true,\"valueName\":\"search_term_string\"}}],\"inLanguage\":\"pl-PL\"}]}<\/script>\n<!-- \/ Yoast SEO plugin. -->","yoast_head_json":{"title":"Loteria Green Card 2025 - USA GC","description":"Udzia\u0142 w loterii Zielonej Karty 2025 w celu uzyskania karty sta\u0142ego pobytu w Stanach Zjednoczonych.","robots":{"index":"index","follow":"follow","max-snippet":"max-snippet:-1","max-image-preview":"max-image-preview:large","max-video-preview":"max-video-preview:-1"},"canonical":"https:\/\/us-gc.net\/pl\/loteria-green-card-2025\/","og_locale":"pl_PL","og_type":"article","og_title":"Loteria Green Card 2025 - USA GC","og_description":"Udzia\u0142 w loterii Zielonej Karty 2025 w celu uzyskania karty sta\u0142ego pobytu w Stanach Zjednoczonych.","og_url":"https:\/\/us-gc.net\/pl\/loteria-green-card-2025\/","og_site_name":"USA GC","article_modified_time":"2024-12-30T09:45:45+00:00","twitter_card":"summary_large_image","twitter_misc":{"Szacowany czas czytania":"2 minuty"},"schema":{"@context":"https:\/\/schema.org","@graph":[{"@type":"WebPage","@id":"https:\/\/us-gc.net\/pl\/loteria-green-card-2025\/","url":"https:\/\/us-gc.net\/pl\/loteria-green-card-2025\/","name":"Loteria Green Card 2025 - USA GC","isPartOf":{"@id":"https:\/\/us-gc.net\/pl\/#website"},"datePublished":"2024-01-31T16:02:41+00:00","dateModified":"2024-12-30T09:45:45+00:00","description":"Udzia\u0142 w loterii Zielonej Karty 2025 w celu uzyskania karty sta\u0142ego pobytu w Stanach Zjednoczonych.","breadcrumb":{"@id":"https:\/\/us-gc.net\/pl\/loteria-green-card-2025\/#breadcrumb"},"inLanguage":"pl-PL","potentialAction":[{"@type":"ReadAction","target":["https:\/\/us-gc.net\/pl\/loteria-green-card-2025\/"]}]},{"@type":"BreadcrumbList","@id":"https:\/\/us-gc.net\/pl\/loteria-green-card-2025\/#breadcrumb","itemListElement":[{"@type":"ListItem","position":1,"name":"Accueil","item":"https:\/\/us-gc.net\/pl\/green-card\/"},{"@type":"ListItem","position":2,"name":"Loteria Green Card 2025"}]},{"@type":"WebSite","@id":"https:\/\/us-gc.net\/pl\/#website","url":"https:\/\/us-gc.net\/pl\/","name":"USA GC","description":"","potentialAction":[{"@type":"SearchAction","target":{"@type":"EntryPoint","urlTemplate":"https:\/\/us-gc.net\/pl\/?s={search_term_string}"},"query-input":{"@type":"PropertyValueSpecification","valueRequired":true,"valueName":"search_term_string"}}],"inLanguage":"pl-PL"}]}},"_links":{"self":[{"href":"https:\/\/us-gc.net\/pl\/wp-json\/wp\/v2\/pages\/1087","targetHints":{"allow":["GET"]}}],"collection":[{"href":"https:\/\/us-gc.net\/pl\/wp-json\/wp\/v2\/pages"}],"about":[{"href":"https:\/\/us-gc.net\/pl\/wp-json\/wp\/v2\/types\/page"}],"author":[{"embeddable":true,"href":"https:\/\/us-gc.net\/pl\/wp-json\/wp\/v2\/users\/1"}],"replies":[{"embeddable":true,"href":"https:\/\/us-gc.net\/pl\/wp-json\/wp\/v2\/comments?post=1087"}],"version-history":[{"count":1,"href":"https:\/\/us-gc.net\/pl\/wp-json\/wp\/v2\/pages\/1087\/revisions"}],"predecessor-version":[{"id":7950,"href":"https:\/\/us-gc.net\/pl\/wp-json\/wp\/v2\/pages\/1087\/revisions\/7950"}],"wp:attachment":[{"href":"https:\/\/us-gc.net\/pl\/wp-json\/wp\/v2\/media?parent=1087"}],"curies":[{"name":"wp","href":"https:\/\/api.w.org\/{rel}","templated":true}]}}