{"id":1083,"date":"2024-01-31T15:56:24","date_gmt":"2024-01-31T15:56:24","guid":{"rendered":"https:\/\/green-card-usa.net\/green-card-loteria-2024\/"},"modified":"2025-03-31T10:08:01","modified_gmt":"2025-03-31T10:08:01","slug":"green-card-loteria-2024","status":"publish","type":"page","link":"https:\/\/us-gc.net\/pl\/green-card-loteria-2024\/","title":{"rendered":"Loteria Green Card 2024"},"content":{"rendered":"\n<h1 class=\"wp-block-heading\" id=\"h-loterie-de-la-green-card-en-2024\">Loteria Green Card w 2024 r.<\/h1>\n\n<p>Losowanie loterii Green Card odbywa si\u0119 tylko raz w roku. Istniej\u0105 dwa sposoby wyznaczenia roku loterii:<\/p>\n\n<ul class=\"wp-block-list\">\n<li>Departament Stanu USA nazywa ka\u017cd\u0105 loteri\u0119 promocyjn\u0105 rokiem, w kt\u00f3rym wnioskodawcy otrzymaj\u0105 <a href=\"https:\/\/us-gc.net\/pl\/\">Green Card<\/a>. Zatem losowanie odbywaj\u0105ce si\u0119 w czwartym kwartale 2024 r. to program <a href=\"https:\/\/us-gc.net\/pl\/loteria-green-card-2026\/\">Green Card 2026<\/a>;<\/li>\n\n\n\n<li>Wi\u0119kszo\u015b\u0107 os\u00f3b ubiegaj\u0105cych si\u0119 o Green Card 2024 nadaje nazw\u0119 loterii losowaniu, kt\u00f3re odbywa si\u0119 w 2024 roku.<\/li>\n<\/ul>\n\n<h2 class=\"wp-block-heading\" id=\"h-qu-est-ce-que-la-loterie-2024-de-la-green-card\">Czym jest loteria Green Card 2024?<\/h2>\n\n<p>Loteria Green Card 2024 jest najcz\u0119\u015bciej okre\u015blana jako coroczne losowanie, kt\u00f3re odbywa si\u0119 w roku 2024. To losowanie nagr\u00f3d odbywa si\u0119 raz w roku i pozwala ponad 50 000 obcokrajowc\u00f3w wygra\u0107 prawo do ubiegania si\u0119 o Green Card w ramach ameryka\u0144skiego programu wizowego Diversity Visa Program.<\/p>\n\n<h2 class=\"wp-block-heading\" id=\"h-quand-se-deroule-la-loterie-de-la-green-card-pour-l-annee-2024\">Kiedy odb\u0119dzie si\u0119 loteria Green Card w 2024 roku?<\/h2>\n\n<p>Ostateczne zg\u0142oszenia do losowania w 2024 roku mia\u0142y miejsce w pa\u017adzierniku 2024 roku. Dok\u0142adne daty na rok 2024 to : <\/p>\n\n<ul class=\"wp-block-list\">\n<li>Okres rejestracji rozpocz\u0105\u0142 si\u0119 2 pa\u017adziernika 2024 roku;<\/li>\n\n\n\n<li>Rejestracja zosta\u0142a zamkni\u0119ta 5 listopada 2024 r.<\/li>\n<\/ul>\n\n<div style=\"height:10px\" aria-hidden=\"true\" class=\"wp-block-spacer\"><\/div>\n\n<p>Kolejnym etapem rejestracji b\u0119dzie udzia\u0142 w losowaniu, kt\u00f3re odb\u0119dzie si\u0119 w 2025 roku. Mo\u017cesz ju\u017c dokona\u0107 wst\u0119pnej rejestracji, klikaj\u0105c <a href=\"https:\/\/us-gc.net\/pl\/green-card-loterii-formularz\/\">formularz online<\/a>, aby wype\u0142ni\u0107 wniosek o udzia\u0142 w losowaniu. <\/p>\n\n<h2 class=\"wp-block-heading\" id=\"h-quelles-sont-les-resultats-de-la-loterie-de-la-green-card-2024\">Jakie s\u0105 wyniki loterii Green Card 2024?<\/h2>\n\n<p><a href=\"https:\/\/us-gc.net\/pl\/wyniki-loterii-green-card\/\">Wyniki losowania Green Card<\/a> s\u0105 publikowane co roku oko\u0142o 6 miesi\u0119cy po losowaniu, kt\u00f3re odbywa si\u0119 w listopadzie. Wyniki losowania, kt\u00f3re odb\u0119dzie si\u0119 w 2024 roku, zostan\u0105 opublikowane online w maju 2025 roku.<\/p>\n\n<h2 class=\"wp-block-heading\" id=\"h-comment-s-inscrire-a-la-loterie-de-la-green-card-2024\">Jak wzi\u0105\u0107 udzia\u0142 w loterii Green Card 2024?<\/h2>\n\n<p>Rejestracja do <a href=\"https:\/\/us-gc.net\/pl\/amerykanskiej-loterii-zielonej-karty\/\">loterii Zielonej Karty USA<\/a> odbywa si\u0119 ca\u0142kowicie online. <strong>We\u017a udzia\u0142 w tej corocznej loterii, rejestruj\u0105c si\u0119 online<\/strong> w ci\u0105gu zaledwie kilku minut, klikaj\u0105c <a href=\"https:\/\/us-gc.net\/pl\/green-card-loterii-formularz\/\">formularz online<\/a>. Proces ten zajmuje tylko kilka minut.<\/p>\n\n<h2 class=\"wp-block-heading\" id=\"h-quel-sont-les-etapes-suivantes-pour-les-gagnants-de-la-loterie\">Jakie s\u0105 kolejne kroki dla zwyci\u0119zc\u00f3w loterii?<\/h2>\n\n<p>Zwyci\u0119zcy loterii musz\u0105 nast\u0119pnie uzyska\u0107 wiz\u0119 Diversity. Kolejne kroki procedury to :<\/p>\n\n<ul class=\"wp-block-list\">\n<li>Wype\u0142ni\u0107 <a href=\"https:\/\/travel.state.gov\/content\/travel\/en\/us-visas\/visa-information-resources\/forms\/online-immigrant-visa-forms\/ds-260-faqs.html\">formularz DS-260<\/a> wniosku wizowego.<\/li>\n\n\n\n<li>Uiszczenie <a href=\"https:\/\/us-gc.net\/pl\/cena-green-card\/\">op\u0142at wymaganych do uzyskania Green Card<\/a> w ramach tego obowi\u0105zkowego wniosku wizowego;<\/li>\n\n\n\n<li><a href=\"https:\/\/us-gc.net\/pl\/green-card-rozmowa\/\">Rozmowa kwalifikacyjna w sprawie Green Card<\/a> z urz\u0119dnikiem USCIS Diversity Visa Program;<\/li>\n\n\n\n<li>Przeprowadzi\u0107 badanie lekarskie.<\/li>\n<\/ul>\n\n<div style=\"height:10px\" aria-hidden=\"true\" class=\"wp-block-spacer\"><\/div>\n\n<p><a href=\"https:\/\/us-gc.net\/pl\/roznica-green-card-wiza\/\">Green Card i wiza to r\u00f3\u017cne dokumenty<\/a>. Uzyskanie Wizy R\u00f3\u017cnorodno\u015bci jest jednym z krok\u00f3w do uzyskania Green Card.<\/p>\n","protected":false},"excerpt":{"rendered":"<p>Loteria Green Card w 2024 r. Losowanie loterii Green Card odbywa si\u0119 tylko raz w roku. Istniej\u0105 dwa sposoby wyznaczenia roku loterii: Czym jest loteria Green Card 2024? Loteria Green Card 2024 jest najcz\u0119\u015bciej okre\u015blana jako coroczne losowanie, kt\u00f3re odbywa si\u0119 w roku 2024. To losowanie nagr\u00f3d odbywa si\u0119 raz w roku i pozwala ponad [&hellip;]<\/p>\n","protected":false},"author":1,"featured_media":0,"parent":0,"menu_order":0,"comment_status":"closed","ping_status":"closed","template":"","meta":{"footnotes":""},"class_list":["post-1083","page","type-page","status-publish","hentry"],"yoast_head":"<!-- This site is optimized with the Yoast SEO plugin v27.4 - https:\/\/yoast.com\/product\/yoast-seo-wordpress\/ -->\n<title>Loteria Green Card 2024 - USA GC<\/title>\n<meta name=\"description\" content=\"We\u017a udzia\u0142 w losowaniu Green Card w 2024 roku. Co roku odbywa si\u0119 losowanie nagr\u00f3d, w kt\u00f3rym mo\u017cna wygra\u0107 Green Card.\" \/>\n<meta name=\"robots\" content=\"index, follow, max-snippet:-1, max-image-preview:large, max-video-preview:-1\" \/>\n<link rel=\"canonical\" href=\"https:\/\/us-gc.net\/pl\/green-card-loteria-2024\/\" \/>\n<meta property=\"og:locale\" content=\"pl_PL\" \/>\n<meta property=\"og:type\" content=\"article\" \/>\n<meta property=\"og:title\" content=\"Loteria Green Card 2024 - USA GC\" \/>\n<meta property=\"og:description\" content=\"We\u017a udzia\u0142 w losowaniu Green Card w 2024 roku. Co roku odbywa si\u0119 losowanie nagr\u00f3d, w kt\u00f3rym mo\u017cna wygra\u0107 Green Card.\" \/>\n<meta property=\"og:url\" content=\"https:\/\/us-gc.net\/pl\/green-card-loteria-2024\/\" \/>\n<meta property=\"og:site_name\" content=\"USA GC\" \/>\n<meta property=\"article:modified_time\" content=\"2025-03-31T10:08:01+00:00\" \/>\n<meta name=\"twitter:card\" content=\"summary_large_image\" \/>\n<meta name=\"twitter:label1\" content=\"Szacowany czas czytania\" \/>\n\t<meta name=\"twitter:data1\" content=\"2 minuty\" \/>\n<script type=\"application\/ld+json\" class=\"yoast-schema-graph\">{\"@context\":\"https:\\\/\\\/schema.org\",\"@graph\":[{\"@type\":\"WebPage\",\"@id\":\"https:\\\/\\\/us-gc.net\\\/pl\\\/green-card-loteria-2024\\\/\",\"url\":\"https:\\\/\\\/us-gc.net\\\/pl\\\/green-card-loteria-2024\\\/\",\"name\":\"Loteria Green Card 2024 - USA GC\",\"isPartOf\":{\"@id\":\"https:\\\/\\\/us-gc.net\\\/pl\\\/#website\"},\"datePublished\":\"2024-01-31T15:56:24+00:00\",\"dateModified\":\"2025-03-31T10:08:01+00:00\",\"description\":\"We\u017a udzia\u0142 w losowaniu Green Card w 2024 roku. Co roku odbywa si\u0119 losowanie nagr\u00f3d, w kt\u00f3rym mo\u017cna wygra\u0107 Green Card.\",\"breadcrumb\":{\"@id\":\"https:\\\/\\\/us-gc.net\\\/pl\\\/green-card-loteria-2024\\\/#breadcrumb\"},\"inLanguage\":\"pl-PL\",\"potentialAction\":[{\"@type\":\"ReadAction\",\"target\":[\"https:\\\/\\\/us-gc.net\\\/pl\\\/green-card-loteria-2024\\\/\"]}]},{\"@type\":\"BreadcrumbList\",\"@id\":\"https:\\\/\\\/us-gc.net\\\/pl\\\/green-card-loteria-2024\\\/#breadcrumb\",\"itemListElement\":[{\"@type\":\"ListItem\",\"position\":1,\"name\":\"Accueil\",\"item\":\"https:\\\/\\\/us-gc.net\\\/pl\\\/green-card\\\/\"},{\"@type\":\"ListItem\",\"position\":2,\"name\":\"Loteria Green Card 2024\"}]},{\"@type\":\"WebSite\",\"@id\":\"https:\\\/\\\/us-gc.net\\\/pl\\\/#website\",\"url\":\"https:\\\/\\\/us-gc.net\\\/pl\\\/\",\"name\":\"USA GC\",\"description\":\"\",\"potentialAction\":[{\"@type\":\"SearchAction\",\"target\":{\"@type\":\"EntryPoint\",\"urlTemplate\":\"https:\\\/\\\/us-gc.net\\\/pl\\\/?s={search_term_string}\"},\"query-input\":{\"@type\":\"PropertyValueSpecification\",\"valueRequired\":true,\"valueName\":\"search_term_string\"}}],\"inLanguage\":\"pl-PL\"}]}<\/script>\n<!-- \/ Yoast SEO plugin. -->","yoast_head_json":{"title":"Loteria Green Card 2024 - USA GC","description":"We\u017a udzia\u0142 w losowaniu Green Card w 2024 roku. Co roku odbywa si\u0119 losowanie nagr\u00f3d, w kt\u00f3rym mo\u017cna wygra\u0107 Green Card.","robots":{"index":"index","follow":"follow","max-snippet":"max-snippet:-1","max-image-preview":"max-image-preview:large","max-video-preview":"max-video-preview:-1"},"canonical":"https:\/\/us-gc.net\/pl\/green-card-loteria-2024\/","og_locale":"pl_PL","og_type":"article","og_title":"Loteria Green Card 2024 - USA GC","og_description":"We\u017a udzia\u0142 w losowaniu Green Card w 2024 roku. Co roku odbywa si\u0119 losowanie nagr\u00f3d, w kt\u00f3rym mo\u017cna wygra\u0107 Green Card.","og_url":"https:\/\/us-gc.net\/pl\/green-card-loteria-2024\/","og_site_name":"USA GC","article_modified_time":"2025-03-31T10:08:01+00:00","twitter_card":"summary_large_image","twitter_misc":{"Szacowany czas czytania":"2 minuty"},"schema":{"@context":"https:\/\/schema.org","@graph":[{"@type":"WebPage","@id":"https:\/\/us-gc.net\/pl\/green-card-loteria-2024\/","url":"https:\/\/us-gc.net\/pl\/green-card-loteria-2024\/","name":"Loteria Green Card 2024 - USA GC","isPartOf":{"@id":"https:\/\/us-gc.net\/pl\/#website"},"datePublished":"2024-01-31T15:56:24+00:00","dateModified":"2025-03-31T10:08:01+00:00","description":"We\u017a udzia\u0142 w losowaniu Green Card w 2024 roku. Co roku odbywa si\u0119 losowanie nagr\u00f3d, w kt\u00f3rym mo\u017cna wygra\u0107 Green Card.","breadcrumb":{"@id":"https:\/\/us-gc.net\/pl\/green-card-loteria-2024\/#breadcrumb"},"inLanguage":"pl-PL","potentialAction":[{"@type":"ReadAction","target":["https:\/\/us-gc.net\/pl\/green-card-loteria-2024\/"]}]},{"@type":"BreadcrumbList","@id":"https:\/\/us-gc.net\/pl\/green-card-loteria-2024\/#breadcrumb","itemListElement":[{"@type":"ListItem","position":1,"name":"Accueil","item":"https:\/\/us-gc.net\/pl\/green-card\/"},{"@type":"ListItem","position":2,"name":"Loteria Green Card 2024"}]},{"@type":"WebSite","@id":"https:\/\/us-gc.net\/pl\/#website","url":"https:\/\/us-gc.net\/pl\/","name":"USA GC","description":"","potentialAction":[{"@type":"SearchAction","target":{"@type":"EntryPoint","urlTemplate":"https:\/\/us-gc.net\/pl\/?s={search_term_string}"},"query-input":{"@type":"PropertyValueSpecification","valueRequired":true,"valueName":"search_term_string"}}],"inLanguage":"pl-PL"}]}},"_links":{"self":[{"href":"https:\/\/us-gc.net\/pl\/wp-json\/wp\/v2\/pages\/1083","targetHints":{"allow":["GET"]}}],"collection":[{"href":"https:\/\/us-gc.net\/pl\/wp-json\/wp\/v2\/pages"}],"about":[{"href":"https:\/\/us-gc.net\/pl\/wp-json\/wp\/v2\/types\/page"}],"author":[{"embeddable":true,"href":"https:\/\/us-gc.net\/pl\/wp-json\/wp\/v2\/users\/1"}],"replies":[{"embeddable":true,"href":"https:\/\/us-gc.net\/pl\/wp-json\/wp\/v2\/comments?post=1083"}],"version-history":[{"count":3,"href":"https:\/\/us-gc.net\/pl\/wp-json\/wp\/v2\/pages\/1083\/revisions"}],"predecessor-version":[{"id":10106,"href":"https:\/\/us-gc.net\/pl\/wp-json\/wp\/v2\/pages\/1083\/revisions\/10106"}],"wp:attachment":[{"href":"https:\/\/us-gc.net\/pl\/wp-json\/wp\/v2\/media?parent=1083"}],"curies":[{"name":"wp","href":"https:\/\/api.w.org\/{rel}","templated":true}]}}