{"id":897,"date":"2024-01-31T07:57:06","date_gmt":"2024-01-31T07:57:06","guid":{"rendered":"https:\/\/green-card-usa.net\/lotteri-green-card\/"},"modified":"2025-02-21T09:17:40","modified_gmt":"2025-02-21T09:17:40","slug":"lotteri-green-card","status":"publish","type":"page","link":"https:\/\/us-gc.net\/no\/lotteri-green-card\/","title":{"rendered":"Amerikansk Green Card-lotteri"},"content":{"rendered":"\n<h1 class=\"wp-block-heading\" id=\"h-loterie-americaine-pour-obtenir-une-green-card\">Amerikansk lotteri for \u00e5 f\u00e5 Green Card<\/h1>\n\n<p>Hvert \u00e5r f\u00e5r mer enn 50 000 mennesker over hele verden et Green Card takket v\u00e6re det amerikanske lotteriet. For \u00e5 vinne retten til et Green Card deltar s\u00f8kerne i en tilfeldig datatrekning som avholdes en gang i \u00e5ret.<\/p>\n\n<p><strong>Delta i dette \u00e5rlige lotteriet ved \u00e5 registrere deg online<\/strong> p\u00e5 bare noen f\u00e5 minutter ved \u00e5 klikke p\u00e5 det <a href=\"https:\/\/us-gc.net\/no\/green-card-lotteri-skjema\/\">elektroniske skjemaet<\/a>.  <\/p>\n\n<div style=\"height:10px\" aria-hidden=\"true\" class=\"wp-block-spacer\"><\/div>\n\n<h2 class=\"wp-block-heading\" id=\"h-qu-est-ce-que-la-loterie-de-la-green-card\">Hva er Green Card-lotteriet?<\/h2>\n\n<p>USA har opprettet et program for \u00e5 h\u00e5ndtere mangfoldet av utenlandsk innvandring. Denne prosessen kalles Diversity Visa Program. Det inkluderer en \u00e5rlig trekning blant s\u00f8kere som \u00f8nsker \u00e5 immigrere til USA. Vinnerne er kvalifisert til \u00e5 s\u00f8ke om <a href=\"https:\/\/us-gc.net\/no\/green-card\/\">Green Card<\/a> under Diversity Visa Program.<\/p>\n\n<h2 class=\"wp-block-heading\" id=\"h-quand-se-deroule-la-loterie-de-la-green-card\">N\u00e5r finner Green Card-lotteriet sted?<\/h2>\n\n<p>P\u00e5meldinger til Green Card-lotteriet trekkes i l\u00f8pet av en periode som fastsettes av den amerikanske administrasjonen. Denne registreringsfasen foreg\u00e5r p\u00e5 f\u00f8lgende m\u00e5te:<\/p>\n\n<ul class=\"wp-block-list\">\n<li>Registreringsperioden starter den f\u00f8rste uken i oktober;<\/li>\n\n\n\n<li>P\u00e5meldingen avsluttes den f\u00f8rste uken i november.<\/li>\n<\/ul>\n\n<div style=\"height:10px\" aria-hidden=\"true\" class=\"wp-block-spacer\"><\/div>\n\n<p>Den endelige trekningen finner sted i november hvert \u00e5r.<\/p>\n\n<h2 class=\"wp-block-heading\" id=\"h-comment-s-inscrire-a-la-loterie\">Hvordan deltar jeg i lotteriet?<\/h2>\n\n<p>P\u00e5melding er kun online. Det er to hovedfaser i registreringen:<\/p>\n\n<ul class=\"wp-block-list\">\n<li>S\u00f8kere m\u00e5 sjekke om de er kvalifisert til \u00e5 delta i Diversity Visa Program-lotteriet.<\/li>\n\n\n\n<li>S\u00f8kere m\u00e5 fylle ut et elektronisk skjema for \u00e5 registrere seg for lotteriet.<\/li>\n<\/ul>\n\n<h3 class=\"wp-block-heading\" id=\"h-verifier-son-eligibilite-pour-participer-a-la-loterie\">Sjekk om du er kvalifisert til \u00e5 delta i lotteriet<\/h3>\n\n<p><strong>Det f\u00f8rste vilk\u00e5ret for \u00e5 delta i Green Card-lotteriet<\/strong> er at du ikke m\u00e5 v\u00e6re statsborger i et land som ikke har tillatelse til \u00e5 delta.<\/p>\n\n<p>USA \u00f8nsker \u00e5 opprettholde en blandet innvandrerbefolkning. Hvert \u00e5r bestemmer amerikanske myndigheter hvilke <a href=\"https:\/\/us-gc.net\/no\/ikke-deltakende-land-green-card-lotteri\/\">land som ikke f\u00e5r delta i Green Card-lotteriet<\/a>. Denne utvelgelsen av ikke-deltakende land er basert p\u00e5 f\u00f8lgende regel: Statsborgere fra land der mer enn 50 000 borgere har immigrert til USA de siste fem \u00e5rene, kan ikke delta i \u00e5rets trekning.<\/p>\n\n<p><strong>Det andre kvalifikasjonsvilk\u00e5ret <\/strong>: Kandidaten m\u00e5 ha h\u00f8yere utdanning eller ha hatt en stilling i minst 2 \u00e5r i l\u00f8pet av de siste 5 \u00e5rene som krever minst 2 \u00e5rs utdanning eller erfaring.<\/p>\n\n<h3 class=\"wp-block-heading\" id=\"h-s-inscrire-en-ligne-a-la-loterie\">Registrer deg for lotteriet online<\/h3>\n\n<p>Du kan registrere deg for <a href=\"https:\/\/us-gc.net\/no\/amerikansk-lotteri-gront-kort\/\">Green Card-lotteriet<\/a> online p\u00e5 bare noen f\u00e5 minutter ved \u00e5 fylle ut det <a href=\"https:\/\/us-gc.net\/no\/green-card-lotteri-skjema\/\">elektroniske skjemaet<\/a>.  <\/p>\n\n<h2 class=\"wp-block-heading\" id=\"h-comment-connaitre-les-resultats-de-la-loterie-de-la-green-card\">Hvordan kan jeg finne ut resultatet av Green Card-lotteriet?<\/h2>\n\n<p><a href=\"https:\/\/us-gc.net\/no\/resultater-lotteri-green-card\/\">Resultatene av Green Card-trekningen<\/a> publiseres hvert \u00e5r minst 6 m\u00e5neder etter trekningen i november. Resultatet av loddtrekningen publiseres p\u00e5 nettet fra mai \u00e5ret etter.<\/p>\n\n<p>Det amerikanske utenriksdepartementet, som administrerer Diversity Visa Program, publiserer statistikk p\u00e5 nettet over s\u00f8kerne som deltar i lotteriet hvert \u00e5r.  <\/p>\n\n<h2 class=\"wp-block-heading\" id=\"h-est-ce-qu-il-y-a-des-quotas-par-pays-pour-la-loterie\">Er det kvoter per land for lotteriet?<\/h2>\n\n<p>Det er ingen kvoter per land n\u00e5r du registrerer deg for \u00e5 delta i Green Card-lotteriet. P\u00e5 den annen side fastsetter Diversity Visa Program kvoter per land for den endelige tildelingen av visum som f\u00f8lge av mangfoldsprogrammet: <strong>Borgere fra ett land kan ikke utgj\u00f8re mer enn 7 % av det totale antallet vinnere<\/strong>.<\/p>\n\n<p><strong>Eksempel for 2023<\/strong>: Ved totalt 55 000 utstedte Green Cards i 2023 kan ingen land ha mer enn 7 % av disse, dvs. maksimalt 3 850 Green Cards.<\/p>\n\n<h2 class=\"wp-block-heading\" id=\"h-synthese-des-candidats-ayant-participes-a-la-loterie-de-2019-a-2021\">Oversikt over kandidater som deltok i lotteriet fra 2019 til 2021<\/h2>\n\n<p>De siste tallene som det amerikanske utenriksdepartementet har publisert om antall online-s\u00f8knader til Green Card-lotteriet, gjelder for 2021. Her er en oversikt over deltakelsen fra 2019 til 2021, fordelt p\u00e5 geografiske omr\u00e5der:  <\/p>\n\n<figure class=\"wp-block-table\"><table><tbody><tr><td><strong>Geografiske soner <\/strong><\/td><td class=\"has-text-align-center\" data-align=\"center\"><strong>2019<\/strong><\/td><td class=\"has-text-align-center\" data-align=\"center\"><strong>2020<\/strong><\/td><td class=\"has-text-align-center\" data-align=\"center\"><strong>2021<\/strong><\/td><\/tr><tr><td><a href=\"https:\/\/us-gc.net\/no\/lotteri-green-card-land-afrika\/\">Afrikanske land<\/a><\/td><td class=\"has-text-align-center\" data-align=\"center\">7 832 894<\/td><td class=\"has-text-align-center\" data-align=\"center\">8 145 390<\/td><td class=\"has-text-align-center\" data-align=\"center\">3 100 982<\/td><\/tr><tr><td><a href=\"https:\/\/us-gc.net\/no\/green-card-lotteri-land-asia\/\">Asiatiske land<\/a><\/td><td class=\"has-text-align-center\" data-align=\"center\">1 871 824<\/td><td class=\"has-text-align-center\" data-align=\"center\">1 952 489<\/td><td class=\"has-text-align-center\" data-align=\"center\">1 281 046<\/td><\/tr><tr><td><a href=\"https:\/\/us-gc.net\/no\/lotteri-green-card-europa\/\">Land i Europa<\/a><\/td><td class=\"has-text-align-center\" data-align=\"center\">4 349 555<\/td><td class=\"has-text-align-center\" data-align=\"center\">4 072 324<\/td><td class=\"has-text-align-center\" data-align=\"center\">2 014 089<\/td><\/tr><tr><td>Nordamerikanske land (Bahamas)<\/td><td class=\"has-text-align-center\" data-align=\"center\">1 506<\/td><td class=\"has-text-align-center\" data-align=\"center\">1 445<\/td><td class=\"has-text-align-center\" data-align=\"center\">937<\/td><\/tr><tr><td>Oseania<\/td><td class=\"has-text-align-center\" data-align=\"center\">23 201<\/td><td class=\"has-text-align-center\" data-align=\"center\">22 722<\/td><td class=\"has-text-align-center\" data-align=\"center\">16 672<\/td><\/tr><tr><td>Sentral- og s\u00f8ramerikanske land<\/td><td class=\"has-text-align-center\" data-align=\"center\">273 033<\/td><td class=\"has-text-align-center\" data-align=\"center\">528 428<\/td><td class=\"has-text-align-center\" data-align=\"center\">327 402<\/td><\/tr><tr><td><strong>Totalt antall s\u00f8knader<\/strong><\/td><td class=\"has-text-align-center\" data-align=\"center\"><strong>14 352 013<\/strong><\/td><td class=\"has-text-align-center\" data-align=\"center\"><strong>14 722 798<\/strong><\/td><td class=\"has-text-align-center\" data-align=\"center\"><strong>6 741 128<\/strong><\/td><\/tr><\/tbody><\/table><\/figure>\n\n<p>Denne statistikken er hentet fra offentlige data publisert av utenriksdepartementet p\u00e5 <a href=\"https:\/\/travel.state.gov\/content\/travel\/en\/us-visas\/immigrate\/diversity-visa-program-entry\/diversity-visa-program-statistics.html\">travel.state.gov<\/a>.<\/p>\n\n<h2 class=\"wp-block-heading\" id=\"h-qu-est-ce-qu-il-se-passe-apres-la-loterie-de-la-green-card\">Hva skjer etter Green Card-lotteriet?<\/h2>\n\n<p>Lotterivinnere m\u00e5 f\u00f8lge en rekke trinn etter \u00e5 ha vunnet i lotteriet. De neste trinnene i prosedyren er :<\/p>\n\n<ul class=\"wp-block-list\">\n<li>Fyll ut <a href=\"https:\/\/travel.state.gov\/content\/travel\/en\/us-visas\/visa-information-resources\/forms\/online-immigrant-visa-forms\/ds-260-faqs.html\">visums\u00f8knadsskjema DS-260<\/a>.<\/li>\n\n\n\n<li>Betaling av <a href=\"https:\/\/us-gc.net\/no\/green-card-prisen\/\">gebyrene som kreves for \u00e5 f\u00e5 Green Card<\/a> som en del av denne obligatoriske visums\u00f8knaden;<\/li>\n\n\n\n<li>Et <a href=\"https:\/\/us-gc.net\/no\/green-card-intervju\/\">intervju om Green Card<\/a> med en USCIS Diversity Visa Program-ansatt;<\/li>\n\n\n\n<li>Gjennomf\u00f8re en medisinsk unders\u00f8kelse.<\/li>\n<\/ul>\n\n<div style=\"height:10px\" aria-hidden=\"true\" class=\"wp-block-spacer\"><\/div>\n","protected":false},"excerpt":{"rendered":"<p>Amerikansk lotteri for \u00e5 f\u00e5 Green Card Hvert \u00e5r f\u00e5r mer enn 50 000 mennesker over hele verden et Green Card takket v\u00e6re det amerikanske lotteriet. For \u00e5 vinne retten til et Green Card deltar s\u00f8kerne i en tilfeldig datatrekning som avholdes en gang i \u00e5ret. Delta i dette \u00e5rlige lotteriet ved \u00e5 registrere deg [&hellip;]<\/p>\n","protected":false},"author":1,"featured_media":0,"parent":0,"menu_order":0,"comment_status":"closed","ping_status":"closed","template":"","meta":{"footnotes":""},"class_list":["post-897","page","type-page","status-publish","hentry"],"yoast_head":"<!-- This site is optimized with the Yoast SEO plugin v27.4 - https:\/\/yoast.com\/product\/yoast-seo-wordpress\/ -->\n<title>Amerikansk Green Card-lotteri - USA GC<\/title>\n<meta name=\"description\" content=\"Delta i det \u00e5rlige amerikanske lotteriet for \u00e5 f\u00e5 et Green Card i likhet med 50 000 andre vinnere i en tilfeldig trekning.\" \/>\n<meta name=\"robots\" content=\"index, follow, max-snippet:-1, max-image-preview:large, max-video-preview:-1\" \/>\n<link rel=\"canonical\" href=\"https:\/\/us-gc.net\/no\/lotteri-green-card\/\" \/>\n<meta property=\"og:locale\" content=\"nb_NO\" \/>\n<meta property=\"og:type\" content=\"article\" \/>\n<meta property=\"og:title\" content=\"Amerikansk Green Card-lotteri - USA GC\" \/>\n<meta property=\"og:description\" content=\"Delta i det \u00e5rlige amerikanske lotteriet for \u00e5 f\u00e5 et Green Card i likhet med 50 000 andre vinnere i en tilfeldig trekning.\" \/>\n<meta property=\"og:url\" content=\"https:\/\/us-gc.net\/no\/lotteri-green-card\/\" \/>\n<meta property=\"og:site_name\" content=\"USA GC\" \/>\n<meta property=\"article:modified_time\" content=\"2025-02-21T09:17:40+00:00\" \/>\n<meta name=\"twitter:card\" content=\"summary_large_image\" \/>\n<meta name=\"twitter:label1\" content=\"Ansl. lesetid\" \/>\n\t<meta name=\"twitter:data1\" content=\"3 minutter\" \/>\n<script type=\"application\/ld+json\" class=\"yoast-schema-graph\">{\"@context\":\"https:\\\/\\\/schema.org\",\"@graph\":[{\"@type\":\"WebPage\",\"@id\":\"https:\\\/\\\/us-gc.net\\\/no\\\/lotteri-green-card\\\/\",\"url\":\"https:\\\/\\\/us-gc.net\\\/no\\\/lotteri-green-card\\\/\",\"name\":\"Amerikansk Green Card-lotteri - USA GC\",\"isPartOf\":{\"@id\":\"https:\\\/\\\/us-gc.net\\\/no\\\/#website\"},\"datePublished\":\"2024-01-31T07:57:06+00:00\",\"dateModified\":\"2025-02-21T09:17:40+00:00\",\"description\":\"Delta i det \u00e5rlige amerikanske lotteriet for \u00e5 f\u00e5 et Green Card i likhet med 50 000 andre vinnere i en tilfeldig trekning.\",\"breadcrumb\":{\"@id\":\"https:\\\/\\\/us-gc.net\\\/no\\\/lotteri-green-card\\\/#breadcrumb\"},\"inLanguage\":\"nb-NO\",\"potentialAction\":[{\"@type\":\"ReadAction\",\"target\":[\"https:\\\/\\\/us-gc.net\\\/no\\\/lotteri-green-card\\\/\"]}]},{\"@type\":\"BreadcrumbList\",\"@id\":\"https:\\\/\\\/us-gc.net\\\/no\\\/lotteri-green-card\\\/#breadcrumb\",\"itemListElement\":[{\"@type\":\"ListItem\",\"position\":1,\"name\":\"Accueil\",\"item\":\"https:\\\/\\\/us-gc.net\\\/no\\\/green-card\\\/\"},{\"@type\":\"ListItem\",\"position\":2,\"name\":\"Amerikansk Green Card-lotteri\"}]},{\"@type\":\"WebSite\",\"@id\":\"https:\\\/\\\/us-gc.net\\\/no\\\/#website\",\"url\":\"https:\\\/\\\/us-gc.net\\\/no\\\/\",\"name\":\"USA GC\",\"description\":\"\",\"potentialAction\":[{\"@type\":\"SearchAction\",\"target\":{\"@type\":\"EntryPoint\",\"urlTemplate\":\"https:\\\/\\\/us-gc.net\\\/no\\\/?s={search_term_string}\"},\"query-input\":{\"@type\":\"PropertyValueSpecification\",\"valueRequired\":true,\"valueName\":\"search_term_string\"}}],\"inLanguage\":\"nb-NO\"}]}<\/script>\n<!-- \/ Yoast SEO plugin. -->","yoast_head_json":{"title":"Amerikansk Green Card-lotteri - USA GC","description":"Delta i det \u00e5rlige amerikanske lotteriet for \u00e5 f\u00e5 et Green Card i likhet med 50 000 andre vinnere i en tilfeldig trekning.","robots":{"index":"index","follow":"follow","max-snippet":"max-snippet:-1","max-image-preview":"max-image-preview:large","max-video-preview":"max-video-preview:-1"},"canonical":"https:\/\/us-gc.net\/no\/lotteri-green-card\/","og_locale":"nb_NO","og_type":"article","og_title":"Amerikansk Green Card-lotteri - USA GC","og_description":"Delta i det \u00e5rlige amerikanske lotteriet for \u00e5 f\u00e5 et Green Card i likhet med 50 000 andre vinnere i en tilfeldig trekning.","og_url":"https:\/\/us-gc.net\/no\/lotteri-green-card\/","og_site_name":"USA GC","article_modified_time":"2025-02-21T09:17:40+00:00","twitter_card":"summary_large_image","twitter_misc":{"Ansl. lesetid":"3 minutter"},"schema":{"@context":"https:\/\/schema.org","@graph":[{"@type":"WebPage","@id":"https:\/\/us-gc.net\/no\/lotteri-green-card\/","url":"https:\/\/us-gc.net\/no\/lotteri-green-card\/","name":"Amerikansk Green Card-lotteri - USA GC","isPartOf":{"@id":"https:\/\/us-gc.net\/no\/#website"},"datePublished":"2024-01-31T07:57:06+00:00","dateModified":"2025-02-21T09:17:40+00:00","description":"Delta i det \u00e5rlige amerikanske lotteriet for \u00e5 f\u00e5 et Green Card i likhet med 50 000 andre vinnere i en tilfeldig trekning.","breadcrumb":{"@id":"https:\/\/us-gc.net\/no\/lotteri-green-card\/#breadcrumb"},"inLanguage":"nb-NO","potentialAction":[{"@type":"ReadAction","target":["https:\/\/us-gc.net\/no\/lotteri-green-card\/"]}]},{"@type":"BreadcrumbList","@id":"https:\/\/us-gc.net\/no\/lotteri-green-card\/#breadcrumb","itemListElement":[{"@type":"ListItem","position":1,"name":"Accueil","item":"https:\/\/us-gc.net\/no\/green-card\/"},{"@type":"ListItem","position":2,"name":"Amerikansk Green Card-lotteri"}]},{"@type":"WebSite","@id":"https:\/\/us-gc.net\/no\/#website","url":"https:\/\/us-gc.net\/no\/","name":"USA GC","description":"","potentialAction":[{"@type":"SearchAction","target":{"@type":"EntryPoint","urlTemplate":"https:\/\/us-gc.net\/no\/?s={search_term_string}"},"query-input":{"@type":"PropertyValueSpecification","valueRequired":true,"valueName":"search_term_string"}}],"inLanguage":"nb-NO"}]}},"_links":{"self":[{"href":"https:\/\/us-gc.net\/no\/wp-json\/wp\/v2\/pages\/897","targetHints":{"allow":["GET"]}}],"collection":[{"href":"https:\/\/us-gc.net\/no\/wp-json\/wp\/v2\/pages"}],"about":[{"href":"https:\/\/us-gc.net\/no\/wp-json\/wp\/v2\/types\/page"}],"author":[{"embeddable":true,"href":"https:\/\/us-gc.net\/no\/wp-json\/wp\/v2\/users\/1"}],"replies":[{"embeddable":true,"href":"https:\/\/us-gc.net\/no\/wp-json\/wp\/v2\/comments?post=897"}],"version-history":[{"count":2,"href":"https:\/\/us-gc.net\/no\/wp-json\/wp\/v2\/pages\/897\/revisions"}],"predecessor-version":[{"id":9830,"href":"https:\/\/us-gc.net\/no\/wp-json\/wp\/v2\/pages\/897\/revisions\/9830"}],"wp:attachment":[{"href":"https:\/\/us-gc.net\/no\/wp-json\/wp\/v2\/media?parent=897"}],"curies":[{"name":"wp","href":"https:\/\/api.w.org\/{rel}","templated":true}]}}