{"id":847,"date":"2024-01-31T16:18:19","date_gmt":"2024-01-31T16:18:19","guid":{"rendered":"https:\/\/green-card-usa.net\/reise-utenlands-med-green-card\/"},"modified":"2025-03-31T11:23:14","modified_gmt":"2025-03-31T11:23:14","slug":"reise-utenlands-med-green-card","status":"publish","type":"page","link":"https:\/\/us-gc.net\/no\/reise-utenlands-med-green-card\/","title":{"rendered":"Reise til utlandet med gr\u00f8nt kort"},"content":{"rendered":"\n<h1 class=\"wp-block-heading\" id=\"h-voyager-hors-des-etats-unis-avec-une-green-card\">Reise utenfor USA med et gr\u00f8nt kort<\/h1>\n\n<p>Det amerikanske passet gj\u00f8r at amerikanske statsborgere kan reise til over 140 land over hele verden uten visum. Noen av disse landene har utvidet denne retten til visumfrie reiser til \u00e5 gjelde for personer med <a href=\"https:\/\/us-gc.net\/no\/\">amerikansk Green Card<\/a>.<\/p>\n\n<h2 class=\"wp-block-heading\" id=\"h-ou-peut-on-voyager-a-l-etranger-avec-une-green-card\">Hvor kan jeg reise utenlands med gr\u00f8nt kort?<\/h2>\n\n<p>Det er inng\u00e5tt en regional avtale med enkelte av USAs naboland om \u00e5 tillate Green Card-innehavere \u00e5 krysse grensene deres. Innbyggere i USA kan krysse grensene til f\u00f8lgende land:<\/p>\n\n<ul class=\"wp-block-list\">\n<li>Canada<\/li>\n\n\n\n<li>Mexico<\/li>\n\n\n\n<li>Costa Rica<\/li>\n\n\n\n<li>De britiske jomfru\u00f8yene<\/li>\n\n\n\n<li>Aruba og Cura\u00e7ao<\/li>\n<\/ul>\n\n<p>Andre land som ligger mye lenger unna, tillater ogs\u00e5 amerikanske Green Card-innehavere \u00e5 reise uten visum, for eksempel Georgia, Singapore og Balkan-landene Albania, Bosnia-Hercegovina, Kosovo, Montenegro og Serbia.<\/p>\n\n<p>Enten du har f\u00e5tt et <a href=\"https:\/\/us-gc.net\/no\/green-card-ved-ekteskap\/\">Green Card gjennom ekteskap<\/a> eller har vunnet et Green Card i et <a href=\"https:\/\/us-gc.net\/no\/lotteri-green-card\/\">lotteri<\/a>, har du de samme rettighetene som alle andre amerikanske Green Card-innehavere.<\/p>\n\n<h2 class=\"wp-block-heading\" id=\"h-comment-voyager-au-canada-avec-une-green-card\">Hvordan reiser jeg til Canada med et gr\u00f8nt kort?<\/h2>\n\n<p>Hvis du har et amerikansk Green Card, kan du krysse grensen til Canada uten f\u00f8rst \u00e5 skaffe deg et kanadisk turistvisum. Denne regelen gjelder for alle Green Card-innehavere, uansett nasjonalitet.  <\/p>\n\n<p>Hvis du reiser med fly eller reiser gjennom Canada, m\u00e5 du imidlertid skaffe deg en kanadisk ETA f\u00f8r du g\u00e5r om bord. Hvis du krysser grensen over land, trenger du bare pass og Green Card.<\/p>\n\n<h2 class=\"wp-block-heading\" id=\"h-peut-on-voyager-a-l-etranger-avec-une-green-card-sans-passeport\">Kan jeg reise utenlands med Green Card uten pass?<\/h2>\n\n<p>Pass er som regel n\u00f8dvendig for \u00e5 reise til utlandet. \u00c5 ha et Green Card alene er ikke nok til \u00e5 krysse internasjonale grenser. Uansett om du reiser med fly eller land, krever toll- og immigrasjonsmyndighetene at du fremviser gyldig pass. Bare et pass kan bevise en reisendes identitet og nasjonalitet.<\/p>\n\n<p>Det finnes imidlertid noen f\u00e5 unntak fra denne regelen. I enkelte tilfeller har land inng\u00e5tt en regional avtale om \u00e5 krysse grensene uten \u00e5 vise pass. Det viktigste eksemplet gjelder statsborgere fra land i Schengen-omr\u00e5det. De kan bevege seg fritt mellom medlemsstatene uten \u00e5 fremvise pass.<\/p>\n\n<h2 class=\"wp-block-heading\" id=\"h-peut-on-voyager-avec-une-copie-de-la-green-card\">Kan jeg reise med en kopi av det gr\u00f8nne kortet mitt?<\/h2>\n\n<p>Green Card er et offisielt dokument som viser at du har permanent oppholdstillatelse i USA. Det er ikke tilr\u00e5delig \u00e5 reise utenlands med kun en kopi av det gr\u00f8nne kortet ditt. Ved internasjonale reiser krever grensemyndighetene \u00e5 se originaldokumentene for \u00e5 verifisere den reisendes identitet og status.<\/p>\n\n<p>Hvis du reiser utenfor USA, m\u00e5 du ta med deg det originale Green Card-kortet for \u00e5 reise inn i landet igjen. En kopi av ditt Green Card er ikke tilstrekkelig for \u00e5 bevise at du har permanent oppholdstillatelse.<\/p>\n\n<p>Hvis du mister eller blir frastj\u00e5let ditt Green Card mens du er i utlandet, m\u00e5 du umiddelbart kontakte den amerikanske ambassaden eller konsulatet. Ambassaden vil gi deg et erstatningsdokument som gj\u00f8r det mulig for deg \u00e5 reise om bord og returnere til USA.<\/p>\n","protected":false},"excerpt":{"rendered":"<p>Reise utenfor USA med et gr\u00f8nt kort Det amerikanske passet gj\u00f8r at amerikanske statsborgere kan reise til over 140 land over hele verden uten visum. Noen av disse landene har utvidet denne retten til visumfrie reiser til \u00e5 gjelde for personer med amerikansk Green Card. Hvor kan jeg reise utenlands med gr\u00f8nt kort? Det er [&hellip;]<\/p>\n","protected":false},"author":1,"featured_media":0,"parent":0,"menu_order":0,"comment_status":"closed","ping_status":"closed","template":"","meta":{"footnotes":""},"class_list":["post-847","page","type-page","status-publish","hentry"],"yoast_head":"<!-- This site is optimized with the Yoast SEO plugin v27.4 - https:\/\/yoast.com\/product\/yoast-seo-wordpress\/ -->\n<title>Reise til utlandet med gr\u00f8nt kort - USA GC<\/title>\n<meta name=\"description\" content=\"Hvilke regler gjelder for utenlandsreiser med Green Card for personer bosatt i USA?\" \/>\n<meta name=\"robots\" content=\"index, follow, max-snippet:-1, max-image-preview:large, max-video-preview:-1\" \/>\n<link rel=\"canonical\" href=\"https:\/\/us-gc.net\/no\/reise-utenlands-med-green-card\/\" \/>\n<meta property=\"og:locale\" content=\"nb_NO\" \/>\n<meta property=\"og:type\" content=\"article\" \/>\n<meta property=\"og:title\" content=\"Reise til utlandet med gr\u00f8nt kort - USA GC\" \/>\n<meta property=\"og:description\" content=\"Hvilke regler gjelder for utenlandsreiser med Green Card for personer bosatt i USA?\" \/>\n<meta property=\"og:url\" content=\"https:\/\/us-gc.net\/no\/reise-utenlands-med-green-card\/\" \/>\n<meta property=\"og:site_name\" content=\"USA GC\" \/>\n<meta property=\"article:modified_time\" content=\"2025-03-31T11:23:14+00:00\" \/>\n<meta name=\"twitter:card\" content=\"summary_large_image\" \/>\n<meta name=\"twitter:label1\" content=\"Ansl. lesetid\" \/>\n\t<meta name=\"twitter:data1\" content=\"2 minutter\" \/>\n<script type=\"application\/ld+json\" class=\"yoast-schema-graph\">{\"@context\":\"https:\\\/\\\/schema.org\",\"@graph\":[{\"@type\":\"WebPage\",\"@id\":\"https:\\\/\\\/us-gc.net\\\/no\\\/reise-utenlands-med-green-card\\\/\",\"url\":\"https:\\\/\\\/us-gc.net\\\/no\\\/reise-utenlands-med-green-card\\\/\",\"name\":\"Reise til utlandet med gr\u00f8nt kort - USA GC\",\"isPartOf\":{\"@id\":\"https:\\\/\\\/us-gc.net\\\/no\\\/#website\"},\"datePublished\":\"2024-01-31T16:18:19+00:00\",\"dateModified\":\"2025-03-31T11:23:14+00:00\",\"description\":\"Hvilke regler gjelder for utenlandsreiser med Green Card for personer bosatt i USA?\",\"breadcrumb\":{\"@id\":\"https:\\\/\\\/us-gc.net\\\/no\\\/reise-utenlands-med-green-card\\\/#breadcrumb\"},\"inLanguage\":\"nb-NO\",\"potentialAction\":[{\"@type\":\"ReadAction\",\"target\":[\"https:\\\/\\\/us-gc.net\\\/no\\\/reise-utenlands-med-green-card\\\/\"]}]},{\"@type\":\"BreadcrumbList\",\"@id\":\"https:\\\/\\\/us-gc.net\\\/no\\\/reise-utenlands-med-green-card\\\/#breadcrumb\",\"itemListElement\":[{\"@type\":\"ListItem\",\"position\":1,\"name\":\"Accueil\",\"item\":\"https:\\\/\\\/us-gc.net\\\/no\\\/green-card\\\/\"},{\"@type\":\"ListItem\",\"position\":2,\"name\":\"Reise til utlandet med gr\u00f8nt kort\"}]},{\"@type\":\"WebSite\",\"@id\":\"https:\\\/\\\/us-gc.net\\\/no\\\/#website\",\"url\":\"https:\\\/\\\/us-gc.net\\\/no\\\/\",\"name\":\"USA GC\",\"description\":\"\",\"potentialAction\":[{\"@type\":\"SearchAction\",\"target\":{\"@type\":\"EntryPoint\",\"urlTemplate\":\"https:\\\/\\\/us-gc.net\\\/no\\\/?s={search_term_string}\"},\"query-input\":{\"@type\":\"PropertyValueSpecification\",\"valueRequired\":true,\"valueName\":\"search_term_string\"}}],\"inLanguage\":\"nb-NO\"}]}<\/script>\n<!-- \/ Yoast SEO plugin. -->","yoast_head_json":{"title":"Reise til utlandet med gr\u00f8nt kort - USA GC","description":"Hvilke regler gjelder for utenlandsreiser med Green Card for personer bosatt i USA?","robots":{"index":"index","follow":"follow","max-snippet":"max-snippet:-1","max-image-preview":"max-image-preview:large","max-video-preview":"max-video-preview:-1"},"canonical":"https:\/\/us-gc.net\/no\/reise-utenlands-med-green-card\/","og_locale":"nb_NO","og_type":"article","og_title":"Reise til utlandet med gr\u00f8nt kort - USA GC","og_description":"Hvilke regler gjelder for utenlandsreiser med Green Card for personer bosatt i USA?","og_url":"https:\/\/us-gc.net\/no\/reise-utenlands-med-green-card\/","og_site_name":"USA GC","article_modified_time":"2025-03-31T11:23:14+00:00","twitter_card":"summary_large_image","twitter_misc":{"Ansl. lesetid":"2 minutter"},"schema":{"@context":"https:\/\/schema.org","@graph":[{"@type":"WebPage","@id":"https:\/\/us-gc.net\/no\/reise-utenlands-med-green-card\/","url":"https:\/\/us-gc.net\/no\/reise-utenlands-med-green-card\/","name":"Reise til utlandet med gr\u00f8nt kort - USA GC","isPartOf":{"@id":"https:\/\/us-gc.net\/no\/#website"},"datePublished":"2024-01-31T16:18:19+00:00","dateModified":"2025-03-31T11:23:14+00:00","description":"Hvilke regler gjelder for utenlandsreiser med Green Card for personer bosatt i USA?","breadcrumb":{"@id":"https:\/\/us-gc.net\/no\/reise-utenlands-med-green-card\/#breadcrumb"},"inLanguage":"nb-NO","potentialAction":[{"@type":"ReadAction","target":["https:\/\/us-gc.net\/no\/reise-utenlands-med-green-card\/"]}]},{"@type":"BreadcrumbList","@id":"https:\/\/us-gc.net\/no\/reise-utenlands-med-green-card\/#breadcrumb","itemListElement":[{"@type":"ListItem","position":1,"name":"Accueil","item":"https:\/\/us-gc.net\/no\/green-card\/"},{"@type":"ListItem","position":2,"name":"Reise til utlandet med gr\u00f8nt kort"}]},{"@type":"WebSite","@id":"https:\/\/us-gc.net\/no\/#website","url":"https:\/\/us-gc.net\/no\/","name":"USA GC","description":"","potentialAction":[{"@type":"SearchAction","target":{"@type":"EntryPoint","urlTemplate":"https:\/\/us-gc.net\/no\/?s={search_term_string}"},"query-input":{"@type":"PropertyValueSpecification","valueRequired":true,"valueName":"search_term_string"}}],"inLanguage":"nb-NO"}]}},"_links":{"self":[{"href":"https:\/\/us-gc.net\/no\/wp-json\/wp\/v2\/pages\/847","targetHints":{"allow":["GET"]}}],"collection":[{"href":"https:\/\/us-gc.net\/no\/wp-json\/wp\/v2\/pages"}],"about":[{"href":"https:\/\/us-gc.net\/no\/wp-json\/wp\/v2\/types\/page"}],"author":[{"embeddable":true,"href":"https:\/\/us-gc.net\/no\/wp-json\/wp\/v2\/users\/1"}],"replies":[{"embeddable":true,"href":"https:\/\/us-gc.net\/no\/wp-json\/wp\/v2\/comments?post=847"}],"version-history":[{"count":3,"href":"https:\/\/us-gc.net\/no\/wp-json\/wp\/v2\/pages\/847\/revisions"}],"predecessor-version":[{"id":10168,"href":"https:\/\/us-gc.net\/no\/wp-json\/wp\/v2\/pages\/847\/revisions\/10168"}],"wp:attachment":[{"href":"https:\/\/us-gc.net\/no\/wp-json\/wp\/v2\/media?parent=847"}],"curies":[{"name":"wp","href":"https:\/\/api.w.org\/{rel}","templated":true}]}}