{"id":787,"date":"2024-02-02T15:07:30","date_gmt":"2024-02-02T15:07:30","guid":{"rendered":"https:\/\/green-card-usa.net\/resultater-lotteri-green-card\/"},"modified":"2024-12-30T09:47:01","modified_gmt":"2024-12-30T09:47:01","slug":"resultater-lotteri-green-card","status":"publish","type":"page","link":"https:\/\/us-gc.net\/no\/resultater-lotteri-green-card\/","title":{"rendered":"Resultater fra Green Card-lotteriet"},"content":{"rendered":"\n<h1 class=\"wp-block-heading\" id=\"h-les-resultats-du-tirage-au-sort-de-la-loterie-de-la-green-card\">Resultater av trekningen av Green Card-lotteriet<\/h1>\n\n<p>Resultatene av det amerikanske Green Card-lotteriet offentliggj\u00f8res hvert \u00e5r som en del av <a href=\"https:\/\/us-gc.net\/no\/visumprogram-for-mangfold\/\">Diversity Visa Program<\/a>. Alle <a href=\"https:\/\/us-gc.net\/no\/amerikansk-lotteri-gront-kort\/\">Gr\u00f8nt kort-lotteris\u00f8kere<\/a> kan f\u00e5 sine personlige resultater p\u00e5 nettet.<\/p>\n\n<h2 class=\"wp-block-heading\" id=\"h-quand-a-lieu-le-tirage-de-la-loterie-de-la-green-card\">N\u00e5r er trekningen av Green Card-lotteriet?<\/h2>\n\n<p>Trekningen finner sted i november hvert \u00e5r. De n\u00f8yaktige \u00e5pnings- og sluttdatoene for p\u00e5melding publiseres noen m\u00e5neder f\u00f8r hvert \u00e5r.<\/p>\n\n<h2 class=\"wp-block-heading\" id=\"h-quand-est-ce-que-les-resultats-sont-publies\">N\u00e5r blir resultatene publisert?<\/h2>\n\n<p>Resultatene av <a href=\"https:\/\/us-gc.net\/no\/lotteri-green-card\/\">Green Card-lotteriet<\/a> er tilgjengelige ca. 6 m\u00e5neder etter at p\u00e5meldingene er avsluttet. De publiseres derfor hvert \u00e5r rundt mai. Resultatene av trekningen av Diversity Visa 2025 som ble holdt i november 2023, ble publisert p\u00e5 nettet 4. mai 2024 p\u00e5 denne <a href=\"https:\/\/dvprogram.state.gov\/ESC\/CheckStatus.aspx\">dvprogram.state<\/a>.gov-siden.<\/p>\n\n<h2 class=\"wp-block-heading\" id=\"h-resultats-de-la-loterie-de-2018-a-2022\">Lotteriresultater fra 2018 til 2022<\/h2>\n\n<p>Basert p\u00e5 statistikken som publiseres av utenriksdepartementet hvert \u00e5r, her er lotteriresultatene for de siste 5 \u00e5rene som resultatene er offentlige:<\/p>\n\n<figure class=\"wp-block-table\"><table><tbody><tr><td><strong>Geografiske soner <\/strong><\/td><td class=\"has-text-align-center\" data-align=\"center\"><strong>2018<\/strong><\/td><td class=\"has-text-align-center\" data-align=\"center\"><strong>2019<\/strong><\/td><td class=\"has-text-align-center\" data-align=\"center\"><strong>2020<\/strong><\/td><td class=\"has-text-align-center\" data-align=\"center\"><strong>2021<\/strong><\/td><td class=\"has-text-align-center\" data-align=\"center\"><strong>2022<\/strong><\/td><\/tr><tr><td><a href=\"https:\/\/us-gc.net\/no\/lotteri-green-card-land-afrika\/\">Afrikanske land<\/a><\/td><td class=\"has-text-align-center\" data-align=\"center\">20 532<\/td><td class=\"has-text-align-center\" data-align=\"center\">20 336<\/td><td class=\"has-text-align-center\" data-align=\"center\">6 017<\/td><td class=\"has-text-align-center\" data-align=\"center\">5 801<\/td><td class=\"has-text-align-center\" data-align=\"center\">19 215<\/td><\/tr><tr><td><a href=\"https:\/\/us-gc.net\/no\/green-card-lotteri-land-asia\/\">Asiatiske land<\/a><\/td><td class=\"has-text-align-center\" data-align=\"center\">6 290<\/td><td class=\"has-text-align-center\" data-align=\"center\">6 079<\/td><td class=\"has-text-align-center\" data-align=\"center\">4 055<\/td><td class=\"has-text-align-center\" data-align=\"center\">4 498<\/td><td class=\"has-text-align-center\" data-align=\"center\">11 693<\/td><\/tr><tr><td><a href=\"https:\/\/us-gc.net\/no\/lotteri-green-card-europa\/\">Land i Europa<\/a><\/td><td class=\"has-text-align-center\" data-align=\"center\">20 434<\/td><td class=\"has-text-align-center\" data-align=\"center\">17 897<\/td><td class=\"has-text-align-center\" data-align=\"center\">7 643<\/td><td class=\"has-text-align-center\" data-align=\"center\">5 795<\/td><td class=\"has-text-align-center\" data-align=\"center\">21 806<\/td><\/tr><tr><td>Nordamerikanske land (Bahamas)<\/td><td class=\"has-text-align-center\" data-align=\"center\">2<\/td><td class=\"has-text-align-center\" data-align=\"center\">8<\/td><td class=\"has-text-align-center\" data-align=\"center\">13<\/td><td class=\"has-text-align-center\" data-align=\"center\">21<\/td><td class=\"has-text-align-center\" data-align=\"center\">12<\/td><\/tr><tr><td>Oseania<\/td><td class=\"has-text-align-center\" data-align=\"center\">824<\/td><td class=\"has-text-align-center\" data-align=\"center\">592<\/td><td class=\"has-text-align-center\" data-align=\"center\">543<\/td><td class=\"has-text-align-center\" data-align=\"center\">631<\/td><td class=\"has-text-align-center\" data-align=\"center\">1 195<\/td><\/tr><tr><td>Sentral- og s\u00f8ramerikanske land<\/td><td class=\"has-text-align-center\" data-align=\"center\">1 631<\/td><td class=\"has-text-align-center\" data-align=\"center\">977<\/td><td class=\"has-text-align-center\" data-align=\"center\">854<\/td><td class=\"has-text-align-center\" data-align=\"center\">2 166<\/td><td class=\"has-text-align-center\" data-align=\"center\">1 961<\/td><\/tr><tr><td><strong>Totalt  <\/strong><\/td><td class=\"has-text-align-center\" data-align=\"center\"><strong>49 713<\/strong><\/td><td class=\"has-text-align-center\" data-align=\"center\"><strong><strong>45 889<\/strong><\/strong><\/td><td class=\"has-text-align-center\" data-align=\"center\"><strong><strong>19 125<\/strong><\/strong><\/td><td class=\"has-text-align-center\" data-align=\"center\"><strong><strong>18 912<\/strong><\/strong><\/td><td class=\"has-text-align-center\" data-align=\"center\"><strong>55 882<\/strong><\/td><\/tr><\/tbody><\/table><figcaption class=\"wp-element-caption\">Antall Green Cards oppn\u00e5dd i lotteriet fra 2018 til 2022 etter geografisk omr\u00e5de<\/figcaption><\/figure>\n\n<h2 class=\"wp-block-heading\" id=\"h-ou-trouver-les-resultats-en-ligne-de-la-loterie-de-la-green-card\">Hvor finner jeg resultatene fra Green Card-lotteriet p\u00e5 nettet?<\/h2>\n\n<p>P\u00e5 det amerikanske mangfoldsprogrammets eget nettsted kan du sjekke resultatet av en Green Card-lotteris\u00f8knad direkte p\u00e5 nettet. Siden for \u00e5 sjekke personlige resultater direkte er <a href=\"https:\/\/dvprogram.state.gov\/ESC\/CheckStatus.aspx\">https:\/\/dvprogram.state.gov\/ESC\/CheckStatus.aspx<\/a>.<\/p>\n\n<p>For \u00e5 oppn\u00e5 resultatene m\u00e5 du :<\/p>\n\n<ul class=\"wp-block-list\">\n<li>Skriv inn <strong>lotteribekreftelsesnummeret<\/strong> ditt<\/li>\n\n\n\n<li>Skriv inn etternavnet ditt som ble brukt til \u00e5 registrere deg for Green Card-lotteriet.<\/li>\n\n\n\n<li>Skriv inn f\u00f8dselsdatoen din for \u00e5 bekrefte identiteten din<\/li>\n\n\n\n<li>Til slutt skriver du inn teksten som vises i CAPTCHA for \u00e5 autentisere deg selv.<\/li>\n<\/ul>\n\n<div style=\"height:9px\" aria-hidden=\"true\" class=\"wp-block-spacer\"><\/div>\n\n<p>Klikk p\u00e5 bekreft for \u00e5 se resultatene av din deltakelse i Green Card-lotteriet.<\/p>\n\n<p>Her er et bilde av skjemaet du m\u00e5 fylle ut for \u00e5 f\u00e5 lotteriresultatene online<\/p>\n\n<figure class=\"wp-block-image size-large\" id=\"Formulaire-de-r&#xE9;sultat-de-la-loterie\"><img fetchpriority=\"high\" decoding=\"async\" width=\"1024\" height=\"953\" src=\"https:\/\/us-gc.net\/wp-content\/uploads\/2024\/02\/check-lotery-green-card-usa-1024x953.jpg\" alt=\"Resultater fra Green Card-lotteriet\" class=\"wp-image-182\" title=\"Resultater fra Green Card-lotteriet\" srcset=\"https:\/\/us-gc.net\/wp-content\/uploads\/2024\/02\/check-lotery-green-card-usa-1024x953.jpg 1024w, https:\/\/us-gc.net\/wp-content\/uploads\/2024\/02\/check-lotery-green-card-usa-300x279.jpg 300w, https:\/\/us-gc.net\/wp-content\/uploads\/2024\/02\/check-lotery-green-card-usa-768x714.jpg 768w, https:\/\/us-gc.net\/wp-content\/uploads\/2024\/02\/check-lotery-green-card-usa.jpg 1119w\" sizes=\"(max-width: 1024px) 100vw, 1024px\" \/><\/figure>\n\n<p><\/p>\n","protected":false},"excerpt":{"rendered":"<p>Resultater av trekningen av Green Card-lotteriet Resultatene av det amerikanske Green Card-lotteriet offentliggj\u00f8res hvert \u00e5r som en del av Diversity Visa Program. Alle Gr\u00f8nt kort-lotteris\u00f8kere kan f\u00e5 sine personlige resultater p\u00e5 nettet. N\u00e5r er trekningen av Green Card-lotteriet? Trekningen finner sted i november hvert \u00e5r. De n\u00f8yaktige \u00e5pnings- og sluttdatoene for p\u00e5melding publiseres noen m\u00e5neder [&hellip;]<\/p>\n","protected":false},"author":1,"featured_media":0,"parent":0,"menu_order":0,"comment_status":"closed","ping_status":"closed","template":"","meta":{"footnotes":""},"class_list":["post-787","page","type-page","status-publish","hentry"],"yoast_head":"<!-- This site is optimized with the Yoast SEO plugin v27.4 - https:\/\/yoast.com\/product\/yoast-seo-wordpress\/ -->\n<title>Resultater fra Green Card-lotteriet - USA GC<\/title>\n<meta name=\"description\" content=\"Se resultatene av Green Card-lotterietrekningen i USA online med bekreftelsesnummeret ditt\" \/>\n<meta name=\"robots\" content=\"index, follow, max-snippet:-1, max-image-preview:large, max-video-preview:-1\" \/>\n<link rel=\"canonical\" href=\"https:\/\/us-gc.net\/no\/resultater-lotteri-green-card\/\" \/>\n<meta property=\"og:locale\" content=\"nb_NO\" \/>\n<meta property=\"og:type\" content=\"article\" \/>\n<meta property=\"og:title\" content=\"Resultater fra Green Card-lotteriet - USA GC\" \/>\n<meta property=\"og:description\" content=\"Se resultatene av Green Card-lotterietrekningen i USA online med bekreftelsesnummeret ditt\" \/>\n<meta property=\"og:url\" content=\"https:\/\/us-gc.net\/no\/resultater-lotteri-green-card\/\" \/>\n<meta property=\"og:site_name\" content=\"USA GC\" \/>\n<meta property=\"article:modified_time\" content=\"2024-12-30T09:47:01+00:00\" \/>\n<meta property=\"og:image\" content=\"https:\/\/us-gc.net\/wp-content\/uploads\/2024\/02\/check-lotery-green-card-usa-1024x953.jpg\" \/>\n<meta name=\"twitter:card\" content=\"summary_large_image\" \/>\n<meta name=\"twitter:label1\" content=\"Ansl. lesetid\" \/>\n\t<meta name=\"twitter:data1\" content=\"1 minutt\" \/>\n<script type=\"application\/ld+json\" class=\"yoast-schema-graph\">{\"@context\":\"https:\\\/\\\/schema.org\",\"@graph\":[{\"@type\":\"WebPage\",\"@id\":\"https:\\\/\\\/us-gc.net\\\/no\\\/resultater-lotteri-green-card\\\/\",\"url\":\"https:\\\/\\\/us-gc.net\\\/no\\\/resultater-lotteri-green-card\\\/\",\"name\":\"Resultater fra Green Card-lotteriet - USA GC\",\"isPartOf\":{\"@id\":\"https:\\\/\\\/us-gc.net\\\/no\\\/#website\"},\"primaryImageOfPage\":{\"@id\":\"https:\\\/\\\/us-gc.net\\\/no\\\/resultater-lotteri-green-card\\\/#primaryimage\"},\"image\":{\"@id\":\"https:\\\/\\\/us-gc.net\\\/no\\\/resultater-lotteri-green-card\\\/#primaryimage\"},\"thumbnailUrl\":\"https:\\\/\\\/us-gc.net\\\/wp-content\\\/uploads\\\/2024\\\/02\\\/check-lotery-green-card-usa-1024x953.jpg\",\"datePublished\":\"2024-02-02T15:07:30+00:00\",\"dateModified\":\"2024-12-30T09:47:01+00:00\",\"description\":\"Se resultatene av Green Card-lotterietrekningen i USA online med bekreftelsesnummeret ditt\",\"breadcrumb\":{\"@id\":\"https:\\\/\\\/us-gc.net\\\/no\\\/resultater-lotteri-green-card\\\/#breadcrumb\"},\"inLanguage\":\"nb-NO\",\"potentialAction\":[{\"@type\":\"ReadAction\",\"target\":[\"https:\\\/\\\/us-gc.net\\\/no\\\/resultater-lotteri-green-card\\\/\"]}]},{\"@type\":\"ImageObject\",\"inLanguage\":\"nb-NO\",\"@id\":\"https:\\\/\\\/us-gc.net\\\/no\\\/resultater-lotteri-green-card\\\/#primaryimage\",\"url\":\"https:\\\/\\\/us-gc.net\\\/wp-content\\\/uploads\\\/2024\\\/02\\\/check-lotery-green-card-usa-1024x953.jpg\",\"contentUrl\":\"https:\\\/\\\/us-gc.net\\\/wp-content\\\/uploads\\\/2024\\\/02\\\/check-lotery-green-card-usa-1024x953.jpg\"},{\"@type\":\"BreadcrumbList\",\"@id\":\"https:\\\/\\\/us-gc.net\\\/no\\\/resultater-lotteri-green-card\\\/#breadcrumb\",\"itemListElement\":[{\"@type\":\"ListItem\",\"position\":1,\"name\":\"Accueil\",\"item\":\"https:\\\/\\\/us-gc.net\\\/no\\\/green-card\\\/\"},{\"@type\":\"ListItem\",\"position\":2,\"name\":\"Resultater fra Green Card-lotteriet\"}]},{\"@type\":\"WebSite\",\"@id\":\"https:\\\/\\\/us-gc.net\\\/no\\\/#website\",\"url\":\"https:\\\/\\\/us-gc.net\\\/no\\\/\",\"name\":\"USA GC\",\"description\":\"\",\"potentialAction\":[{\"@type\":\"SearchAction\",\"target\":{\"@type\":\"EntryPoint\",\"urlTemplate\":\"https:\\\/\\\/us-gc.net\\\/no\\\/?s={search_term_string}\"},\"query-input\":{\"@type\":\"PropertyValueSpecification\",\"valueRequired\":true,\"valueName\":\"search_term_string\"}}],\"inLanguage\":\"nb-NO\"}]}<\/script>\n<!-- \/ Yoast SEO plugin. -->","yoast_head_json":{"title":"Resultater fra Green Card-lotteriet - USA GC","description":"Se resultatene av Green Card-lotterietrekningen i USA online med bekreftelsesnummeret ditt","robots":{"index":"index","follow":"follow","max-snippet":"max-snippet:-1","max-image-preview":"max-image-preview:large","max-video-preview":"max-video-preview:-1"},"canonical":"https:\/\/us-gc.net\/no\/resultater-lotteri-green-card\/","og_locale":"nb_NO","og_type":"article","og_title":"Resultater fra Green Card-lotteriet - USA GC","og_description":"Se resultatene av Green Card-lotterietrekningen i USA online med bekreftelsesnummeret ditt","og_url":"https:\/\/us-gc.net\/no\/resultater-lotteri-green-card\/","og_site_name":"USA GC","article_modified_time":"2024-12-30T09:47:01+00:00","og_image":[{"url":"https:\/\/us-gc.net\/wp-content\/uploads\/2024\/02\/check-lotery-green-card-usa-1024x953.jpg","type":"","width":"","height":""}],"twitter_card":"summary_large_image","twitter_misc":{"Ansl. lesetid":"1 minutt"},"schema":{"@context":"https:\/\/schema.org","@graph":[{"@type":"WebPage","@id":"https:\/\/us-gc.net\/no\/resultater-lotteri-green-card\/","url":"https:\/\/us-gc.net\/no\/resultater-lotteri-green-card\/","name":"Resultater fra Green Card-lotteriet - USA GC","isPartOf":{"@id":"https:\/\/us-gc.net\/no\/#website"},"primaryImageOfPage":{"@id":"https:\/\/us-gc.net\/no\/resultater-lotteri-green-card\/#primaryimage"},"image":{"@id":"https:\/\/us-gc.net\/no\/resultater-lotteri-green-card\/#primaryimage"},"thumbnailUrl":"https:\/\/us-gc.net\/wp-content\/uploads\/2024\/02\/check-lotery-green-card-usa-1024x953.jpg","datePublished":"2024-02-02T15:07:30+00:00","dateModified":"2024-12-30T09:47:01+00:00","description":"Se resultatene av Green Card-lotterietrekningen i USA online med bekreftelsesnummeret ditt","breadcrumb":{"@id":"https:\/\/us-gc.net\/no\/resultater-lotteri-green-card\/#breadcrumb"},"inLanguage":"nb-NO","potentialAction":[{"@type":"ReadAction","target":["https:\/\/us-gc.net\/no\/resultater-lotteri-green-card\/"]}]},{"@type":"ImageObject","inLanguage":"nb-NO","@id":"https:\/\/us-gc.net\/no\/resultater-lotteri-green-card\/#primaryimage","url":"https:\/\/us-gc.net\/wp-content\/uploads\/2024\/02\/check-lotery-green-card-usa-1024x953.jpg","contentUrl":"https:\/\/us-gc.net\/wp-content\/uploads\/2024\/02\/check-lotery-green-card-usa-1024x953.jpg"},{"@type":"BreadcrumbList","@id":"https:\/\/us-gc.net\/no\/resultater-lotteri-green-card\/#breadcrumb","itemListElement":[{"@type":"ListItem","position":1,"name":"Accueil","item":"https:\/\/us-gc.net\/no\/green-card\/"},{"@type":"ListItem","position":2,"name":"Resultater fra Green Card-lotteriet"}]},{"@type":"WebSite","@id":"https:\/\/us-gc.net\/no\/#website","url":"https:\/\/us-gc.net\/no\/","name":"USA GC","description":"","potentialAction":[{"@type":"SearchAction","target":{"@type":"EntryPoint","urlTemplate":"https:\/\/us-gc.net\/no\/?s={search_term_string}"},"query-input":{"@type":"PropertyValueSpecification","valueRequired":true,"valueName":"search_term_string"}}],"inLanguage":"nb-NO"}]}},"_links":{"self":[{"href":"https:\/\/us-gc.net\/no\/wp-json\/wp\/v2\/pages\/787","targetHints":{"allow":["GET"]}}],"collection":[{"href":"https:\/\/us-gc.net\/no\/wp-json\/wp\/v2\/pages"}],"about":[{"href":"https:\/\/us-gc.net\/no\/wp-json\/wp\/v2\/types\/page"}],"author":[{"embeddable":true,"href":"https:\/\/us-gc.net\/no\/wp-json\/wp\/v2\/users\/1"}],"replies":[{"embeddable":true,"href":"https:\/\/us-gc.net\/no\/wp-json\/wp\/v2\/comments?post=787"}],"version-history":[{"count":1,"href":"https:\/\/us-gc.net\/no\/wp-json\/wp\/v2\/pages\/787\/revisions"}],"predecessor-version":[{"id":8102,"href":"https:\/\/us-gc.net\/no\/wp-json\/wp\/v2\/pages\/787\/revisions\/8102"}],"wp:attachment":[{"href":"https:\/\/us-gc.net\/no\/wp-json\/wp\/v2\/media?parent=787"}],"curies":[{"name":"wp","href":"https:\/\/api.w.org\/{rel}","templated":true}]}}