{"id":745,"date":"2024-01-31T14:45:08","date_gmt":"2024-01-31T14:45:08","guid":{"rendered":"https:\/\/green-card-usa.net\/green-card-foto\/"},"modified":"2024-12-30T09:39:52","modified_gmt":"2024-12-30T09:39:52","slug":"green-card-foto","status":"publish","type":"page","link":"https:\/\/us-gc.net\/no\/green-card-foto\/","title":{"rendered":"Spesifikasjoner for Green Card-identitetsfoto"},"content":{"rendered":"\n<h1 class=\"wp-block-heading\" id=\"h-les-specificites-de-la-photo-pour-la-green-card\">Fotospesifikasjoner for det Green Card<\/h1>\n\n<p>N\u00e5r du s\u00f8ker om Green Card, m\u00e5 du legge ved et passfoto. Formatet p\u00e5 dette bildet er spesifikt, og det er flere viktige regler som m\u00e5 overholdes for \u00e5 sikre at bildet ikke blir avvist.  <\/p>\n\n<h2 class=\"wp-block-heading\" id=\"h-quelles-sont-les-principales-regles-concernant-la-photo\">Hva er de viktigste reglene for fotografering?<\/h2>\n\n<p>Hovedreglene for Green Card-bildet er som f\u00f8lger:<\/p>\n\n<ol class=\"wp-block-list\">\n<li>Fotoformat<\/li>\n\n\n\n<li>Fotoets alder<\/li>\n\n\n\n<li>Posisjonen til hodet p\u00e5 bildet<\/li>\n\n\n\n<li>Bakgrunnen for bildet<\/li>\n\n\n\n<li>Hva kan jeg ha p\u00e5 meg p\u00e5 bildet?<\/li>\n<\/ol>\n\n<h3 class=\"wp-block-heading\" id=\"h-1-quel-est-le-format-de-la-photo-pour-la-green-card\">1. Hva er fotoformatet for det gr\u00f8nne kortet?<\/h3>\n\n<p>Den digitale versjonen av bildet m\u00e5 v\u00e6re en JPEG-fil. Minimumsst\u00f8rrelsen p\u00e5 bildet m\u00e5 v\u00e6re minst 600 x 600 piksler og minst 54 kb.<\/p>\n\n<h3 class=\"wp-block-heading\" id=\"h-2-quelle-peut-etre-l-anciennete-de-la-photo\">2. Hvor gammelt er bildet?<\/h3>\n\n<p>Bildet som sendes inn for \u00e5 f\u00e5 Green Card, m\u00e5 ikke v\u00e6re eldre enn 6 m\u00e5neder. Dette gj\u00f8r det mulig for det amerikanske utenriksdepartementet \u00e5 sikre at bildet stemmer overens med s\u00f8kerens ansikt. Denne regelen er ufravikelig og m\u00e5 tas p\u00e5 st\u00f8rste alvor. Bildet blir endelig validert ved et <a href=\"https:\/\/us-gc.net\/no\/green-card-intervju\/\">endelig intervju for det gr\u00f8nne kortet<\/a>.<\/p>\n\n<h3 class=\"wp-block-heading\" id=\"h-3-quelle-doit-etre-la-position-de-la-tete-sur-la-photo\">3. Hvilken posisjon skal hodet ha p\u00e5 bildet?<\/h3>\n\n<p>Kandidaten m\u00e5 ha et n\u00f8ytralt ansiktsuttrykk og m\u00e5 ikke smile. Ansiktet ditt m\u00e5 v\u00e6re fullt synlig og i midten av bildet. Kandidatene m\u00e5 v\u00e6re vendt mot kameraet, og hodet m\u00e5 utgj\u00f8re 60 % av den totale h\u00f8yden p\u00e5 bildet. \u00d8ynene hans m\u00e5 v\u00e6re vid\u00e5pne.<\/p>\n\n<h3 class=\"wp-block-heading\" id=\"h-4-comment-doit-etre-l-arriere-plan-de-la-prise-de-vue\">4. Hvordan skal bakgrunnen p\u00e5 bildet se ut?<\/h3>\n\n<p>Bakgrunnen p\u00e5 bildet b\u00f8r v\u00e6re en ensfarget, lys farge uten skygger. Bakgrunnsfargen kan v\u00e6re hvit eller off-white.<\/p>\n\n<h3 class=\"wp-block-heading\" id=\"h-5-peut-on-porter-des-lunettes-ou-le-voile-sur-la-photo\">5. Kan jeg bruke briller eller sl\u00f8r p\u00e5 bildet?<\/h3>\n\n<p>Det er forbudt \u00e5 bruke briller p\u00e5 bildet av det Green Card. Green Card-s\u00f8kere kan heller ikke bruke caps eller luer.<\/p>\n\n<p>Et religi\u00f8st skaut kan imidlertid brukes p\u00e5 bildet av det Green Card. Ansiktet m\u00e5 imidlertid v\u00e6re synlig fra toppen av pannen til bunnen av haken.<\/p>\n\n<p>Disse reglene gjelder for alle prosedyrer for \u00e5 f\u00e5 et Green Card, enten det er :<\/p>\n\n<ul class=\"wp-block-list\">\n<li>Foto fra <a href=\"https:\/\/us-gc.net\/no\/lotteri-green-card\/\">Green Card-lotteriet<\/a>;<\/li>\n\n\n\n<li>Bildet som ble sendt inn i forbindelse med <a href=\"https:\/\/us-gc.net\/no\/green-card-ved-ekteskap\/\">Green Card by marriage<\/a>, <a href=\"https:\/\/us-gc.net\/no\/green-card-sponser\/\">Green Card by sponsor<\/a> eller andre prosedyrer for \u00e5 f\u00e5 Green Card.<\/li>\n<\/ul>\n\n<div style=\"height:10px\" aria-hidden=\"true\" class=\"wp-block-spacer\"><\/div>\n\n<h2 class=\"wp-block-heading\" id=\"h-dimensions-de-la-photo-d-identite-de-la-green-card\">Dimensjoner p\u00e5 passbildet til det gr\u00f8nne kortet<\/h2>\n\n<figure class=\"wp-block-image size-full\"><img fetchpriority=\"high\" decoding=\"async\" width=\"601\" height=\"378\" src=\"https:\/\/us-gc.net\/wp-content\/uploads\/2024\/05\/Green-card-2024.jpg\" alt=\"Bilde av et gr&#xF8;nt kort som er gyldig i 2024\" class=\"wp-image-4826\" srcset=\"https:\/\/us-gc.net\/wp-content\/uploads\/2024\/05\/Green-card-2024.jpg 601w, https:\/\/us-gc.net\/wp-content\/uploads\/2024\/05\/Green-card-2024-300x189.jpg 300w\" sizes=\"(max-width: 601px) 100vw, 601px\" \/><figcaption class=\"wp-element-caption\">Green Card for personer med permanent opphold i USA<\/figcaption><\/figure>\n","protected":false},"excerpt":{"rendered":"<p>Fotospesifikasjoner for det Green Card N\u00e5r du s\u00f8ker om Green Card, m\u00e5 du legge ved et passfoto. Formatet p\u00e5 dette bildet er spesifikt, og det er flere viktige regler som m\u00e5 overholdes for \u00e5 sikre at bildet ikke blir avvist. Hva er de viktigste reglene for fotografering? Hovedreglene for Green Card-bildet er som f\u00f8lger: 1. [&hellip;]<\/p>\n","protected":false},"author":1,"featured_media":0,"parent":0,"menu_order":0,"comment_status":"closed","ping_status":"closed","template":"","meta":{"footnotes":""},"class_list":["post-745","page","type-page","status-publish","hentry"],"yoast_head":"<!-- This site is optimized with the Yoast SEO plugin v27.4 - https:\/\/yoast.com\/product\/yoast-seo-wordpress\/ -->\n<title>Spesifikasjoner for Green Card-identitetsfoto - USA GC<\/title>\n<meta name=\"description\" content=\"For \u00e5 f\u00e5 eller fornye et Green Card m\u00e5 s\u00f8kere levere passfoto i henhold til visse regler.\" \/>\n<meta name=\"robots\" content=\"index, follow, max-snippet:-1, max-image-preview:large, max-video-preview:-1\" \/>\n<link rel=\"canonical\" href=\"https:\/\/us-gc.net\/no\/green-card-foto\/\" \/>\n<meta property=\"og:locale\" content=\"nb_NO\" \/>\n<meta property=\"og:type\" content=\"article\" \/>\n<meta property=\"og:title\" content=\"Spesifikasjoner for Green Card-identitetsfoto - USA GC\" \/>\n<meta property=\"og:description\" content=\"For \u00e5 f\u00e5 eller fornye et Green Card m\u00e5 s\u00f8kere levere passfoto i henhold til visse regler.\" \/>\n<meta property=\"og:url\" content=\"https:\/\/us-gc.net\/no\/green-card-foto\/\" \/>\n<meta property=\"og:site_name\" content=\"USA GC\" \/>\n<meta property=\"article:modified_time\" content=\"2024-12-30T09:39:52+00:00\" \/>\n<meta property=\"og:image\" content=\"https:\/\/us-gc.net\/wp-content\/uploads\/2024\/05\/Green-card-2024.jpg\" \/>\n<meta name=\"twitter:card\" content=\"summary_large_image\" \/>\n<meta name=\"twitter:label1\" content=\"Ansl. lesetid\" \/>\n\t<meta name=\"twitter:data1\" content=\"2 minutter\" \/>\n<script type=\"application\/ld+json\" class=\"yoast-schema-graph\">{\"@context\":\"https:\\\/\\\/schema.org\",\"@graph\":[{\"@type\":\"WebPage\",\"@id\":\"https:\\\/\\\/us-gc.net\\\/no\\\/green-card-foto\\\/\",\"url\":\"https:\\\/\\\/us-gc.net\\\/no\\\/green-card-foto\\\/\",\"name\":\"Spesifikasjoner for Green Card-identitetsfoto - USA GC\",\"isPartOf\":{\"@id\":\"https:\\\/\\\/us-gc.net\\\/no\\\/#website\"},\"primaryImageOfPage\":{\"@id\":\"https:\\\/\\\/us-gc.net\\\/no\\\/green-card-foto\\\/#primaryimage\"},\"image\":{\"@id\":\"https:\\\/\\\/us-gc.net\\\/no\\\/green-card-foto\\\/#primaryimage\"},\"thumbnailUrl\":\"https:\\\/\\\/us-gc.net\\\/wp-content\\\/uploads\\\/2024\\\/05\\\/Green-card-2024.jpg\",\"datePublished\":\"2024-01-31T14:45:08+00:00\",\"dateModified\":\"2024-12-30T09:39:52+00:00\",\"description\":\"For \u00e5 f\u00e5 eller fornye et Green Card m\u00e5 s\u00f8kere levere passfoto i henhold til visse regler.\",\"breadcrumb\":{\"@id\":\"https:\\\/\\\/us-gc.net\\\/no\\\/green-card-foto\\\/#breadcrumb\"},\"inLanguage\":\"nb-NO\",\"potentialAction\":[{\"@type\":\"ReadAction\",\"target\":[\"https:\\\/\\\/us-gc.net\\\/no\\\/green-card-foto\\\/\"]}]},{\"@type\":\"ImageObject\",\"inLanguage\":\"nb-NO\",\"@id\":\"https:\\\/\\\/us-gc.net\\\/no\\\/green-card-foto\\\/#primaryimage\",\"url\":\"https:\\\/\\\/us-gc.net\\\/wp-content\\\/uploads\\\/2024\\\/05\\\/Green-card-2024.jpg\",\"contentUrl\":\"https:\\\/\\\/us-gc.net\\\/wp-content\\\/uploads\\\/2024\\\/05\\\/Green-card-2024.jpg\"},{\"@type\":\"BreadcrumbList\",\"@id\":\"https:\\\/\\\/us-gc.net\\\/no\\\/green-card-foto\\\/#breadcrumb\",\"itemListElement\":[{\"@type\":\"ListItem\",\"position\":1,\"name\":\"Accueil\",\"item\":\"https:\\\/\\\/us-gc.net\\\/no\\\/green-card\\\/\"},{\"@type\":\"ListItem\",\"position\":2,\"name\":\"Spesifikasjoner for Green Card-identitetsfoto\"}]},{\"@type\":\"WebSite\",\"@id\":\"https:\\\/\\\/us-gc.net\\\/no\\\/#website\",\"url\":\"https:\\\/\\\/us-gc.net\\\/no\\\/\",\"name\":\"USA GC\",\"description\":\"\",\"potentialAction\":[{\"@type\":\"SearchAction\",\"target\":{\"@type\":\"EntryPoint\",\"urlTemplate\":\"https:\\\/\\\/us-gc.net\\\/no\\\/?s={search_term_string}\"},\"query-input\":{\"@type\":\"PropertyValueSpecification\",\"valueRequired\":true,\"valueName\":\"search_term_string\"}}],\"inLanguage\":\"nb-NO\"}]}<\/script>\n<!-- \/ Yoast SEO plugin. -->","yoast_head_json":{"title":"Spesifikasjoner for Green Card-identitetsfoto - USA GC","description":"For \u00e5 f\u00e5 eller fornye et Green Card m\u00e5 s\u00f8kere levere passfoto i henhold til visse regler.","robots":{"index":"index","follow":"follow","max-snippet":"max-snippet:-1","max-image-preview":"max-image-preview:large","max-video-preview":"max-video-preview:-1"},"canonical":"https:\/\/us-gc.net\/no\/green-card-foto\/","og_locale":"nb_NO","og_type":"article","og_title":"Spesifikasjoner for Green Card-identitetsfoto - USA GC","og_description":"For \u00e5 f\u00e5 eller fornye et Green Card m\u00e5 s\u00f8kere levere passfoto i henhold til visse regler.","og_url":"https:\/\/us-gc.net\/no\/green-card-foto\/","og_site_name":"USA GC","article_modified_time":"2024-12-30T09:39:52+00:00","og_image":[{"url":"https:\/\/us-gc.net\/wp-content\/uploads\/2024\/05\/Green-card-2024.jpg","type":"","width":"","height":""}],"twitter_card":"summary_large_image","twitter_misc":{"Ansl. lesetid":"2 minutter"},"schema":{"@context":"https:\/\/schema.org","@graph":[{"@type":"WebPage","@id":"https:\/\/us-gc.net\/no\/green-card-foto\/","url":"https:\/\/us-gc.net\/no\/green-card-foto\/","name":"Spesifikasjoner for Green Card-identitetsfoto - USA GC","isPartOf":{"@id":"https:\/\/us-gc.net\/no\/#website"},"primaryImageOfPage":{"@id":"https:\/\/us-gc.net\/no\/green-card-foto\/#primaryimage"},"image":{"@id":"https:\/\/us-gc.net\/no\/green-card-foto\/#primaryimage"},"thumbnailUrl":"https:\/\/us-gc.net\/wp-content\/uploads\/2024\/05\/Green-card-2024.jpg","datePublished":"2024-01-31T14:45:08+00:00","dateModified":"2024-12-30T09:39:52+00:00","description":"For \u00e5 f\u00e5 eller fornye et Green Card m\u00e5 s\u00f8kere levere passfoto i henhold til visse regler.","breadcrumb":{"@id":"https:\/\/us-gc.net\/no\/green-card-foto\/#breadcrumb"},"inLanguage":"nb-NO","potentialAction":[{"@type":"ReadAction","target":["https:\/\/us-gc.net\/no\/green-card-foto\/"]}]},{"@type":"ImageObject","inLanguage":"nb-NO","@id":"https:\/\/us-gc.net\/no\/green-card-foto\/#primaryimage","url":"https:\/\/us-gc.net\/wp-content\/uploads\/2024\/05\/Green-card-2024.jpg","contentUrl":"https:\/\/us-gc.net\/wp-content\/uploads\/2024\/05\/Green-card-2024.jpg"},{"@type":"BreadcrumbList","@id":"https:\/\/us-gc.net\/no\/green-card-foto\/#breadcrumb","itemListElement":[{"@type":"ListItem","position":1,"name":"Accueil","item":"https:\/\/us-gc.net\/no\/green-card\/"},{"@type":"ListItem","position":2,"name":"Spesifikasjoner for Green Card-identitetsfoto"}]},{"@type":"WebSite","@id":"https:\/\/us-gc.net\/no\/#website","url":"https:\/\/us-gc.net\/no\/","name":"USA GC","description":"","potentialAction":[{"@type":"SearchAction","target":{"@type":"EntryPoint","urlTemplate":"https:\/\/us-gc.net\/no\/?s={search_term_string}"},"query-input":{"@type":"PropertyValueSpecification","valueRequired":true,"valueName":"search_term_string"}}],"inLanguage":"nb-NO"}]}},"_links":{"self":[{"href":"https:\/\/us-gc.net\/no\/wp-json\/wp\/v2\/pages\/745","targetHints":{"allow":["GET"]}}],"collection":[{"href":"https:\/\/us-gc.net\/no\/wp-json\/wp\/v2\/pages"}],"about":[{"href":"https:\/\/us-gc.net\/no\/wp-json\/wp\/v2\/types\/page"}],"author":[{"embeddable":true,"href":"https:\/\/us-gc.net\/no\/wp-json\/wp\/v2\/users\/1"}],"replies":[{"embeddable":true,"href":"https:\/\/us-gc.net\/no\/wp-json\/wp\/v2\/comments?post=745"}],"version-history":[{"count":1,"href":"https:\/\/us-gc.net\/no\/wp-json\/wp\/v2\/pages\/745\/revisions"}],"predecessor-version":[{"id":7683,"href":"https:\/\/us-gc.net\/no\/wp-json\/wp\/v2\/pages\/745\/revisions\/7683"}],"wp:attachment":[{"href":"https:\/\/us-gc.net\/no\/wp-json\/wp\/v2\/media?parent=745"}],"curies":[{"name":"wp","href":"https:\/\/api.w.org\/{rel}","templated":true}]}}