{"id":716,"date":"2024-01-31T14:27:27","date_gmt":"2024-01-31T14:27:27","guid":{"rendered":"https:\/\/green-card-usa.net\/green-card-for-sysselsetting\/"},"modified":"2024-12-30T09:39:25","modified_gmt":"2024-12-30T09:39:25","slug":"green-card-for-sysselsetting","status":"publish","type":"page","link":"https:\/\/us-gc.net\/no\/green-card-for-sysselsetting\/","title":{"rendered":"Sysselsettingsbasert Green Card for innvandrere"},"content":{"rendered":"\n<h1 class=\"wp-block-heading\" id=\"h-obtenir-une-green-card-basee-sur-l-emploi\">Oppn\u00e5else av Green Card p\u00e5 grunnlag av arbeid<\/h1>\n\n<p>Finn ut hvordan du kan f\u00e5 <a href=\"https:\/\/us-gc.net\/no\/\">Green Card<\/a> i USA gjennom arbeid. Det arbeidsbaserte Green Card er sv\u00e6rt popul\u00e6rt blant dyktige innvandrere som \u00f8nsker \u00e5 arbeide og oppholde seg lovlig i USA.<\/p>\n\n<h2 class=\"wp-block-heading\" id=\"h-qu-est-ce-qu-une-green-card-basee-sur-l-emploi\">Hva er et arbeidsbasert Green Card?<\/h2>\n\n<p>Det arbeidsbaserte Green Card er en m\u00e5te for dyktige utenlandske arbeidstakere \u00e5 f\u00e5 permanent opphold i USA gjennom arbeid. I motsetning til andre innvandringsalternativer er dette spesielt rettet mot personer med yrkeskompetanse som er etterspurt av amerikanske arbeidsgivere. Den gj\u00f8r det mulig for personer med arbeidsvisum \u00e5 f\u00e5 permanent oppholdstillatelse.<\/p>\n\n<h2 class=\"wp-block-heading\" id=\"h-eligibilite-et-criteres-de-qualification\">Kvalifikasjonskrav og kvalifikasjonskriterier<\/h2>\n\n<p>For \u00e5 v\u00e6re kvalifisert for et arbeidsbasert Green Card m\u00e5 s\u00f8kerne oppfylle visse vilk\u00e5r:<\/p>\n\n<ul class=\"wp-block-list\">\n<li>Passende yrkeserfaring innen et spesifikt omr\u00e5de;<\/li>\n\n\n\n<li>Et gyldig jobbtilbud fra en amerikansk arbeidsgiver ;<\/li>\n\n\n\n<li>Utdannings- eller yrkeskvalifikasjoner som oppfyller kravene til stillingen som tilbys.  <\/li>\n<\/ul>\n\n<p>Til slutt m\u00e5 arbeidsgiveren v\u00e6re forberedt p\u00e5 \u00e5 <a href=\"https:\/\/us-gc.net\/no\/green-card-sponser\/\">sponse s\u00f8keren for Green Card<\/a> og overholde alle juridiske forpliktelser knyttet til rekruttering av utenlandsk arbeidskraft.<\/p>\n\n<h2 class=\"wp-block-heading\" id=\"h-processus-de-demande\">S\u00f8knadsprosessen<\/h2>\n\n<p>Den arbeidsbaserte Green Card-s\u00f8knadsprosessen best\u00e5r av flere trinn. F\u00f8rst og fremst m\u00e5 arbeidsgiveren innhente arbeidssertifisering fra det amerikanske arbeidsdepartementet. S\u00f8keren m\u00e5 deretter sende inn en s\u00f8knad om arbeidsvisum <a href=\"https:\/\/www.uscis.gov\/\">til USCIS<\/a>. N\u00e5r arbeidsvisumet er godkjent, kan s\u00f8keren begynne prosessen med \u00e5 s\u00f8ke om gr\u00f8nt kort. Denne prosedyren omfatter :<\/p>\n\n<ul class=\"wp-block-list\">\n<li>Sende inn s\u00f8knadsskjemaet ;<\/li>\n\n\n\n<li>Innsamling av st\u00f8ttedokumenter ;<\/li>\n\n\n\n<li>Et <a href=\"https:\/\/us-gc.net\/no\/green-card-intervju\/\">intervju i forbindelse med Green Card<\/a>;<\/li>\n\n\n\n<li>En medisinsk unders\u00f8kelse.<\/li>\n<\/ul>\n\n<h2 class=\"wp-block-heading\" id=\"h-duree-et-delais-de-traitement\">Behandlingstider og tidsfrister<\/h2>\n\n<p>Hvor lang tid det tar \u00e5 f\u00e5 Green Card p\u00e5 grunnlag av arbeid kan variere betydelig, avhengig av ulike faktorer som visumkategori, <a href=\"https:\/\/www.uscis.gov\/green-card\/green-card-processes-and-procedures\">USCIS<\/a> &#8216; arbeidsmengde og andre individuelle forhold.  <\/p>\n\n<p>Prosessen kan som regel ta fra flere m\u00e5neder til flere \u00e5r. Det er viktig at kandidatene er t\u00e5lmodige og forberedt p\u00e5 eventuelle forsinkelser i prosessen. S\u00f8kere kan ogs\u00e5 s\u00f8ke om \u00e5 delta i <a href=\"https:\/\/us-gc.net\/no\/lotteri-green-card\/\">Green Card-lotteriet<\/a>.<\/p>\n\n<p><\/p>\n","protected":false},"excerpt":{"rendered":"<p>Oppn\u00e5else av Green Card p\u00e5 grunnlag av arbeid Finn ut hvordan du kan f\u00e5 Green Card i USA gjennom arbeid. Det arbeidsbaserte Green Card er sv\u00e6rt popul\u00e6rt blant dyktige innvandrere som \u00f8nsker \u00e5 arbeide og oppholde seg lovlig i USA. Hva er et arbeidsbasert Green Card? Det arbeidsbaserte Green Card er en m\u00e5te for dyktige [&hellip;]<\/p>\n","protected":false},"author":1,"featured_media":0,"parent":0,"menu_order":0,"comment_status":"closed","ping_status":"closed","template":"","meta":{"footnotes":""},"class_list":["post-716","page","type-page","status-publish","hentry"],"yoast_head":"<!-- This site is optimized with the Yoast SEO plugin v27.4 - https:\/\/yoast.com\/product\/yoast-seo-wordpress\/ -->\n<title>Sysselsettingsbasert Green Card for innvandrere - USA GC<\/title>\n<meta name=\"description\" content=\"F\u00e5 et amerikansk Green Card basert p\u00e5 arbeid i USA. All informasjon du trenger for \u00e5 f\u00e5 et Green Card\" \/>\n<meta name=\"robots\" content=\"index, follow, max-snippet:-1, max-image-preview:large, max-video-preview:-1\" \/>\n<link rel=\"canonical\" href=\"https:\/\/us-gc.net\/no\/green-card-for-sysselsetting\/\" \/>\n<meta property=\"og:locale\" content=\"nb_NO\" \/>\n<meta property=\"og:type\" content=\"article\" \/>\n<meta property=\"og:title\" content=\"Sysselsettingsbasert Green Card for innvandrere - USA GC\" \/>\n<meta property=\"og:description\" content=\"F\u00e5 et amerikansk Green Card basert p\u00e5 arbeid i USA. All informasjon du trenger for \u00e5 f\u00e5 et Green Card\" \/>\n<meta property=\"og:url\" content=\"https:\/\/us-gc.net\/no\/green-card-for-sysselsetting\/\" \/>\n<meta property=\"og:site_name\" content=\"USA GC\" \/>\n<meta property=\"article:modified_time\" content=\"2024-12-30T09:39:25+00:00\" \/>\n<meta name=\"twitter:card\" content=\"summary_large_image\" \/>\n<meta name=\"twitter:label1\" content=\"Ansl. lesetid\" \/>\n\t<meta name=\"twitter:data1\" content=\"2 minutter\" \/>\n<script type=\"application\/ld+json\" class=\"yoast-schema-graph\">{\"@context\":\"https:\\\/\\\/schema.org\",\"@graph\":[{\"@type\":\"WebPage\",\"@id\":\"https:\\\/\\\/us-gc.net\\\/no\\\/green-card-for-sysselsetting\\\/\",\"url\":\"https:\\\/\\\/us-gc.net\\\/no\\\/green-card-for-sysselsetting\\\/\",\"name\":\"Sysselsettingsbasert Green Card for innvandrere - USA GC\",\"isPartOf\":{\"@id\":\"https:\\\/\\\/us-gc.net\\\/no\\\/#website\"},\"datePublished\":\"2024-01-31T14:27:27+00:00\",\"dateModified\":\"2024-12-30T09:39:25+00:00\",\"description\":\"F\u00e5 et amerikansk Green Card basert p\u00e5 arbeid i USA. All informasjon du trenger for \u00e5 f\u00e5 et Green Card\",\"breadcrumb\":{\"@id\":\"https:\\\/\\\/us-gc.net\\\/no\\\/green-card-for-sysselsetting\\\/#breadcrumb\"},\"inLanguage\":\"nb-NO\",\"potentialAction\":[{\"@type\":\"ReadAction\",\"target\":[\"https:\\\/\\\/us-gc.net\\\/no\\\/green-card-for-sysselsetting\\\/\"]}]},{\"@type\":\"BreadcrumbList\",\"@id\":\"https:\\\/\\\/us-gc.net\\\/no\\\/green-card-for-sysselsetting\\\/#breadcrumb\",\"itemListElement\":[{\"@type\":\"ListItem\",\"position\":1,\"name\":\"Accueil\",\"item\":\"https:\\\/\\\/us-gc.net\\\/no\\\/green-card\\\/\"},{\"@type\":\"ListItem\",\"position\":2,\"name\":\"Sysselsettingsbasert Green Card for innvandrere\"}]},{\"@type\":\"WebSite\",\"@id\":\"https:\\\/\\\/us-gc.net\\\/no\\\/#website\",\"url\":\"https:\\\/\\\/us-gc.net\\\/no\\\/\",\"name\":\"USA GC\",\"description\":\"\",\"potentialAction\":[{\"@type\":\"SearchAction\",\"target\":{\"@type\":\"EntryPoint\",\"urlTemplate\":\"https:\\\/\\\/us-gc.net\\\/no\\\/?s={search_term_string}\"},\"query-input\":{\"@type\":\"PropertyValueSpecification\",\"valueRequired\":true,\"valueName\":\"search_term_string\"}}],\"inLanguage\":\"nb-NO\"}]}<\/script>\n<!-- \/ Yoast SEO plugin. -->","yoast_head_json":{"title":"Sysselsettingsbasert Green Card for innvandrere - USA GC","description":"F\u00e5 et amerikansk Green Card basert p\u00e5 arbeid i USA. All informasjon du trenger for \u00e5 f\u00e5 et Green Card","robots":{"index":"index","follow":"follow","max-snippet":"max-snippet:-1","max-image-preview":"max-image-preview:large","max-video-preview":"max-video-preview:-1"},"canonical":"https:\/\/us-gc.net\/no\/green-card-for-sysselsetting\/","og_locale":"nb_NO","og_type":"article","og_title":"Sysselsettingsbasert Green Card for innvandrere - USA GC","og_description":"F\u00e5 et amerikansk Green Card basert p\u00e5 arbeid i USA. All informasjon du trenger for \u00e5 f\u00e5 et Green Card","og_url":"https:\/\/us-gc.net\/no\/green-card-for-sysselsetting\/","og_site_name":"USA GC","article_modified_time":"2024-12-30T09:39:25+00:00","twitter_card":"summary_large_image","twitter_misc":{"Ansl. lesetid":"2 minutter"},"schema":{"@context":"https:\/\/schema.org","@graph":[{"@type":"WebPage","@id":"https:\/\/us-gc.net\/no\/green-card-for-sysselsetting\/","url":"https:\/\/us-gc.net\/no\/green-card-for-sysselsetting\/","name":"Sysselsettingsbasert Green Card for innvandrere - USA GC","isPartOf":{"@id":"https:\/\/us-gc.net\/no\/#website"},"datePublished":"2024-01-31T14:27:27+00:00","dateModified":"2024-12-30T09:39:25+00:00","description":"F\u00e5 et amerikansk Green Card basert p\u00e5 arbeid i USA. All informasjon du trenger for \u00e5 f\u00e5 et Green Card","breadcrumb":{"@id":"https:\/\/us-gc.net\/no\/green-card-for-sysselsetting\/#breadcrumb"},"inLanguage":"nb-NO","potentialAction":[{"@type":"ReadAction","target":["https:\/\/us-gc.net\/no\/green-card-for-sysselsetting\/"]}]},{"@type":"BreadcrumbList","@id":"https:\/\/us-gc.net\/no\/green-card-for-sysselsetting\/#breadcrumb","itemListElement":[{"@type":"ListItem","position":1,"name":"Accueil","item":"https:\/\/us-gc.net\/no\/green-card\/"},{"@type":"ListItem","position":2,"name":"Sysselsettingsbasert Green Card for innvandrere"}]},{"@type":"WebSite","@id":"https:\/\/us-gc.net\/no\/#website","url":"https:\/\/us-gc.net\/no\/","name":"USA GC","description":"","potentialAction":[{"@type":"SearchAction","target":{"@type":"EntryPoint","urlTemplate":"https:\/\/us-gc.net\/no\/?s={search_term_string}"},"query-input":{"@type":"PropertyValueSpecification","valueRequired":true,"valueName":"search_term_string"}}],"inLanguage":"nb-NO"}]}},"_links":{"self":[{"href":"https:\/\/us-gc.net\/no\/wp-json\/wp\/v2\/pages\/716","targetHints":{"allow":["GET"]}}],"collection":[{"href":"https:\/\/us-gc.net\/no\/wp-json\/wp\/v2\/pages"}],"about":[{"href":"https:\/\/us-gc.net\/no\/wp-json\/wp\/v2\/types\/page"}],"author":[{"embeddable":true,"href":"https:\/\/us-gc.net\/no\/wp-json\/wp\/v2\/users\/1"}],"replies":[{"embeddable":true,"href":"https:\/\/us-gc.net\/no\/wp-json\/wp\/v2\/comments?post=716"}],"version-history":[{"count":1,"href":"https:\/\/us-gc.net\/no\/wp-json\/wp\/v2\/pages\/716\/revisions"}],"predecessor-version":[{"id":7639,"href":"https:\/\/us-gc.net\/no\/wp-json\/wp\/v2\/pages\/716\/revisions\/7639"}],"wp:attachment":[{"href":"https:\/\/us-gc.net\/no\/wp-json\/wp\/v2\/media?parent=716"}],"curies":[{"name":"wp","href":"https:\/\/api.w.org\/{rel}","templated":true}]}}