{"id":668,"date":"2024-01-31T08:01:49","date_gmt":"2024-01-31T08:01:49","guid":{"rendered":"https:\/\/green-card-usa.net\/privacy-policy\/"},"modified":"2025-03-31T11:22:13","modified_gmt":"2025-03-31T11:22:13","slug":"privacy-policy","status":"publish","type":"page","link":"https:\/\/us-gc.net\/no\/privacy-policy\/","title":{"rendered":"Retningslinjer for konfidensialitet for personopplysninger"},"content":{"rendered":"\n<h1 class=\"wp-block-heading\" id=\"h-politique-de-confidentialite\">Personvernerkl\u00e6ring<\/h1>\n\n<p>Vi er et informasjonsnettsted om det amerikanske arbeidsmarkedet. Vi tilbyr ingen online-tjenester, og vi har ikke noe registreringsskjema p\u00e5 nettstedet. Det eneste skjemaet p\u00e5 nettstedet er v\u00e5rt <a href=\"https:\/\/us-gc.net\/no\/contact\/\">kontaktskjema<\/a>.<\/p>\n\n<h2 class=\"wp-block-heading\" id=\"h-la-collecte-d-informations-sur-le-site\">Innsamling av informasjon p\u00e5 nettstedet<\/h2>\n\n<p>Her er en liste over personopplysninger som kan samles inn p\u00e5 nettstedet v\u00e5rt:<\/p>\n\n<ul class=\"wp-block-list\">\n<li>Kontaktinformasjon n\u00e5r du sender en e-post til v\u00e5rt st\u00f8tteteam, for eksempel navn, fornavn, e-post. Informasjonen i e-postene du sender til oss.<\/li>\n<\/ul>\n\n<div style=\"height:10px\" aria-hidden=\"true\" class=\"wp-block-spacer\"><\/div>\n\n<h2 class=\"wp-block-heading\" id=\"h-duree-de-conservation-des-donnees\">Oppbevaringsperiode for data<\/h2>\n\n<p>Opplysningene som samles inn, slettes regelmessig, noe som betyr at vi ikke lagrer innhold i e-poster som sendes til oss lenger enn \u00e9n uke.  <\/p>\n\n<p>Oppdatering av lagret informasjon: Gi oss beskjed hvis du vil at personopplysningene vi har om deg skal rettes eller oppdateres i l\u00f8pet av oppbevaringsperioden.<\/p>\n\n<h2 class=\"wp-block-heading\" id=\"h-securite-de-vos-donnees-personnelles\">Sikkerhet for dine personlige data<\/h2>\n\n<p>Vi tar tekniske forholdsregler for \u00e5 forhindre tyveri av personlig informasjon i databasen v\u00e5r i l\u00f8pet av oppbevaringstiden, selv om den er begrenset. Vi vil lagre all personlig informasjon som overf\u00f8res p\u00e5 v\u00e5re sikre servere.<\/p>\n\n<p>Du aksepterer at det i prinsippet ikke er s\u00e6rlig sikkert \u00e5 sende informasjon over Internett. Det er nesten umulig for oss \u00e5 garantere den totale sikkerheten til dine overf\u00f8rte data.<\/p>\n\n<h2 class=\"wp-block-heading\" id=\"h-vos-droits-en-matiere-de-donnees-personnelles\">Dine rettigheter ang\u00e5ende personopplysninger<\/h2>\n\n<p>Du har rett til \u00e5 kreve at vi gir deg all personlig informasjon vi har om deg; Denne overf\u00f8ringen kan gj\u00f8res mot fremvisning av bevis p\u00e5 din identitet (sertifisert fotokopi av pass + faktura som angir din personlige adresse).<\/p>\n\n<h2 class=\"wp-block-heading\" id=\"h-mise-a-jour-de-cette-politique-de-confidentialite\">Oppdatering av denne personvernerkl\u00e6ringen<\/h2>\n\n<p>Med jevne mellomrom oppdaterer vi denne policyen. Det er n\u00f8dvendig \u00e5 sjekke denne siden n\u00e5r du bruker nettstedet for \u00e5 vite endringene i personvernet til personopplysninger.<\/p>\n\n<h2 class=\"wp-block-heading\" id=\"h-liens-contextuels-vers-des-sites-web-tiers\">Kontekstuelle lenker til tredjeparts nettsteder<\/h2>\n\n<p>Nettstedet v\u00e5rt inneholder hyperkoblinger til tredjeparts nettsteder. Vi har ingen kontroll over disse nettstedene, og er ikke ansvarlige for deres personvernregler eller deres virksomhet eller markedsf\u00f8ringspraksis. Vi p\u00e5tar oss intet ansvar for disse lenkene.<\/p>\n","protected":false},"excerpt":{"rendered":"<p>Personvernerkl\u00e6ring Vi er et informasjonsnettsted om det amerikanske arbeidsmarkedet. Vi tilbyr ingen online-tjenester, og vi har ikke noe registreringsskjema p\u00e5 nettstedet. Det eneste skjemaet p\u00e5 nettstedet er v\u00e5rt kontaktskjema. Innsamling av informasjon p\u00e5 nettstedet Her er en liste over personopplysninger som kan samles inn p\u00e5 nettstedet v\u00e5rt: Oppbevaringsperiode for data Opplysningene som samles inn, slettes [&hellip;]<\/p>\n","protected":false},"author":1,"featured_media":0,"parent":0,"menu_order":0,"comment_status":"closed","ping_status":"closed","template":"","meta":{"footnotes":""},"class_list":["post-668","page","type-page","status-publish","hentry"],"yoast_head":"<!-- This site is optimized with the Yoast SEO plugin v27.4 - https:\/\/yoast.com\/product\/yoast-seo-wordpress\/ -->\n<title>Retningslinjer for konfidensialitet for personopplysninger - USA GC<\/title>\n<meta name=\"description\" content=\"Detaljerte retningslinjer for personvern som er i samsvar med gjeldende personvernforskrifter\" \/>\n<meta name=\"robots\" content=\"noindex, nofollow\" \/>\n<meta property=\"og:locale\" content=\"nb_NO\" \/>\n<meta property=\"og:type\" content=\"article\" \/>\n<meta property=\"og:title\" content=\"Retningslinjer for konfidensialitet for personopplysninger - USA GC\" \/>\n<meta property=\"og:description\" content=\"Detaljerte retningslinjer for personvern som er i samsvar med gjeldende personvernforskrifter\" \/>\n<meta property=\"og:url\" content=\"https:\/\/us-gc.net\/no\/privacy-policy\/\" \/>\n<meta property=\"og:site_name\" content=\"USA GC\" \/>\n<meta property=\"article:modified_time\" content=\"2025-03-31T11:22:13+00:00\" \/>\n<meta name=\"twitter:card\" content=\"summary_large_image\" \/>\n<meta name=\"twitter:label1\" content=\"Ansl. lesetid\" \/>\n\t<meta name=\"twitter:data1\" content=\"2 minutter\" \/>\n<script type=\"application\/ld+json\" class=\"yoast-schema-graph\">{\"@context\":\"https:\\\/\\\/schema.org\",\"@graph\":[{\"@type\":\"WebPage\",\"@id\":\"https:\\\/\\\/us-gc.net\\\/no\\\/privacy-policy\\\/\",\"url\":\"https:\\\/\\\/us-gc.net\\\/no\\\/privacy-policy\\\/\",\"name\":\"Retningslinjer for konfidensialitet for personopplysninger - USA GC\",\"isPartOf\":{\"@id\":\"https:\\\/\\\/us-gc.net\\\/no\\\/#website\"},\"datePublished\":\"2024-01-31T08:01:49+00:00\",\"dateModified\":\"2025-03-31T11:22:13+00:00\",\"description\":\"Detaljerte retningslinjer for personvern som er i samsvar med gjeldende personvernforskrifter\",\"breadcrumb\":{\"@id\":\"https:\\\/\\\/us-gc.net\\\/no\\\/privacy-policy\\\/#breadcrumb\"},\"inLanguage\":\"nb-NO\",\"potentialAction\":[{\"@type\":\"ReadAction\",\"target\":[\"https:\\\/\\\/us-gc.net\\\/no\\\/privacy-policy\\\/\"]}]},{\"@type\":\"BreadcrumbList\",\"@id\":\"https:\\\/\\\/us-gc.net\\\/no\\\/privacy-policy\\\/#breadcrumb\",\"itemListElement\":[{\"@type\":\"ListItem\",\"position\":1,\"name\":\"Accueil\",\"item\":\"https:\\\/\\\/us-gc.net\\\/no\\\/green-card\\\/\"},{\"@type\":\"ListItem\",\"position\":2,\"name\":\"Retningslinjer for konfidensialitet for personopplysninger\"}]},{\"@type\":\"WebSite\",\"@id\":\"https:\\\/\\\/us-gc.net\\\/no\\\/#website\",\"url\":\"https:\\\/\\\/us-gc.net\\\/no\\\/\",\"name\":\"USA GC\",\"description\":\"\",\"potentialAction\":[{\"@type\":\"SearchAction\",\"target\":{\"@type\":\"EntryPoint\",\"urlTemplate\":\"https:\\\/\\\/us-gc.net\\\/no\\\/?s={search_term_string}\"},\"query-input\":{\"@type\":\"PropertyValueSpecification\",\"valueRequired\":true,\"valueName\":\"search_term_string\"}}],\"inLanguage\":\"nb-NO\"}]}<\/script>\n<!-- \/ Yoast SEO plugin. -->","yoast_head_json":{"title":"Retningslinjer for konfidensialitet for personopplysninger - USA GC","description":"Detaljerte retningslinjer for personvern som er i samsvar med gjeldende personvernforskrifter","robots":{"index":"noindex","follow":"nofollow"},"og_locale":"nb_NO","og_type":"article","og_title":"Retningslinjer for konfidensialitet for personopplysninger - USA GC","og_description":"Detaljerte retningslinjer for personvern som er i samsvar med gjeldende personvernforskrifter","og_url":"https:\/\/us-gc.net\/no\/privacy-policy\/","og_site_name":"USA GC","article_modified_time":"2025-03-31T11:22:13+00:00","twitter_card":"summary_large_image","twitter_misc":{"Ansl. lesetid":"2 minutter"},"schema":{"@context":"https:\/\/schema.org","@graph":[{"@type":"WebPage","@id":"https:\/\/us-gc.net\/no\/privacy-policy\/","url":"https:\/\/us-gc.net\/no\/privacy-policy\/","name":"Retningslinjer for konfidensialitet for personopplysninger - USA GC","isPartOf":{"@id":"https:\/\/us-gc.net\/no\/#website"},"datePublished":"2024-01-31T08:01:49+00:00","dateModified":"2025-03-31T11:22:13+00:00","description":"Detaljerte retningslinjer for personvern som er i samsvar med gjeldende personvernforskrifter","breadcrumb":{"@id":"https:\/\/us-gc.net\/no\/privacy-policy\/#breadcrumb"},"inLanguage":"nb-NO","potentialAction":[{"@type":"ReadAction","target":["https:\/\/us-gc.net\/no\/privacy-policy\/"]}]},{"@type":"BreadcrumbList","@id":"https:\/\/us-gc.net\/no\/privacy-policy\/#breadcrumb","itemListElement":[{"@type":"ListItem","position":1,"name":"Accueil","item":"https:\/\/us-gc.net\/no\/green-card\/"},{"@type":"ListItem","position":2,"name":"Retningslinjer for konfidensialitet for personopplysninger"}]},{"@type":"WebSite","@id":"https:\/\/us-gc.net\/no\/#website","url":"https:\/\/us-gc.net\/no\/","name":"USA GC","description":"","potentialAction":[{"@type":"SearchAction","target":{"@type":"EntryPoint","urlTemplate":"https:\/\/us-gc.net\/no\/?s={search_term_string}"},"query-input":{"@type":"PropertyValueSpecification","valueRequired":true,"valueName":"search_term_string"}}],"inLanguage":"nb-NO"}]}},"_links":{"self":[{"href":"https:\/\/us-gc.net\/no\/wp-json\/wp\/v2\/pages\/668","targetHints":{"allow":["GET"]}}],"collection":[{"href":"https:\/\/us-gc.net\/no\/wp-json\/wp\/v2\/pages"}],"about":[{"href":"https:\/\/us-gc.net\/no\/wp-json\/wp\/v2\/types\/page"}],"author":[{"embeddable":true,"href":"https:\/\/us-gc.net\/no\/wp-json\/wp\/v2\/users\/1"}],"replies":[{"embeddable":true,"href":"https:\/\/us-gc.net\/no\/wp-json\/wp\/v2\/comments?post=668"}],"version-history":[{"count":2,"href":"https:\/\/us-gc.net\/no\/wp-json\/wp\/v2\/pages\/668\/revisions"}],"predecessor-version":[{"id":8662,"href":"https:\/\/us-gc.net\/no\/wp-json\/wp\/v2\/pages\/668\/revisions\/8662"}],"wp:attachment":[{"href":"https:\/\/us-gc.net\/no\/wp-json\/wp\/v2\/media?parent=668"}],"curies":[{"name":"wp","href":"https:\/\/api.w.org\/{rel}","templated":true}]}}