{"id":631,"date":"2024-01-31T07:59:57","date_gmt":"2024-01-31T07:59:57","guid":{"rendered":"https:\/\/green-card-usa.net\/juridisk-varsel\/"},"modified":"2025-03-31T10:09:46","modified_gmt":"2025-03-31T10:09:46","slug":"juridisk-varsel","status":"publish","type":"page","link":"https:\/\/us-gc.net\/no\/juridisk-varsel\/","title":{"rendered":"Juridisk informasjon"},"content":{"rendered":"\n<h1 class=\"wp-block-heading\" id=\"h-mentions-legales-du-site\">Juridiske omtaler av nettstedet<\/h1>\n\n<h2 class=\"wp-block-heading\" id=\"h-editeur-du-site\">Site Editor<\/h2>\n\n<p>Vi er et informasjonsnettsted om arbeidsmarkedet i USA. Nettstedet v\u00e5rt er utgitt av det private maltesiske selskapet <a href=\"https:\/\/alma-consulting.org\/\">Alma Consulting<\/a>. Vi er uavhengige av enhver offentlig administrasjon.    <\/p>\n\n<p>Ansvarlig for publiseringen av nettstedet er Kevin Borg. Bruk <a href=\"https:\/\/us-gc.net\/no\/contact\/\">kontaktskjemaet<\/a> for \u00e5 kontakte oss.<\/p>\n\n<h2 class=\"wp-block-heading\" id=\"h-hebergement-du-site\">Hosting av nettsteder<\/h2>\n\n<p>Nettstedet hostes av OVH, et selskap basert i Roubaix i Frankrike.\nOVH er et selskap registrert i Lille M\u00e9tropoles selskapsregister under nummer B424 761 419. <\/p>\n\n<h2 class=\"wp-block-heading\" id=\"h-traitement-des-donnees-personnelles\">Behandling av personopplysninger<\/h2>\n\n<p>Vi samler ikke inn personopplysninger via et nettskjema. Den eneste personlige informasjonen som samles inn fra bes\u00f8kende p\u00e5 nettstedet, er informasjonen som oppgis i kontaktskjemaet. Denne informasjonen slettes og oppbevares ikke etter at e-posten er behandlet. <\/p>\n\n<p>N\u00e5r det gjelder informasjonskapsler i nettleseren, kan bes\u00f8kende selv blokkere bruken av informasjonskapsler i nettleseren. Du har ogs\u00e5 rett til \u00e5 f\u00e5 tilgang til, endre, korrigere og slette disse opplysningene. Hvis du vil ut\u00f8ve denne retten, kan du kontakte oss via <a href=\"https:\/\/us-gc.net\/no\/contact\/\">kontaktskjemaet<\/a>.<\/p>\n","protected":false},"excerpt":{"rendered":"<p>Juridiske omtaler av nettstedet Site Editor Vi er et informasjonsnettsted om arbeidsmarkedet i USA. Nettstedet v\u00e5rt er utgitt av det private maltesiske selskapet Alma Consulting. Vi er uavhengige av enhver offentlig administrasjon. Ansvarlig for publiseringen av nettstedet er Kevin Borg. Bruk kontaktskjemaet for \u00e5 kontakte oss. Hosting av nettsteder Nettstedet hostes av OVH, et selskap [&hellip;]<\/p>\n","protected":false},"author":1,"featured_media":0,"parent":0,"menu_order":0,"comment_status":"closed","ping_status":"closed","template":"","meta":{"footnotes":""},"class_list":["post-631","page","type-page","status-publish","hentry"],"yoast_head":"<!-- This site is optimized with the Yoast SEO plugin v27.4 - https:\/\/yoast.com\/product\/yoast-seo-wordpress\/ -->\n<title>Juridisk informasjon - USA GC<\/title>\n<meta name=\"description\" content=\"Juridisk merknad for nettstedet us-gc.net, informasjon om det amerikanske arbeids- og immigrasjonsmarkedet\" \/>\n<meta name=\"robots\" content=\"noindex, nofollow\" \/>\n<meta property=\"og:locale\" content=\"nb_NO\" \/>\n<meta property=\"og:type\" content=\"article\" \/>\n<meta property=\"og:title\" content=\"Juridisk informasjon - USA GC\" \/>\n<meta property=\"og:description\" content=\"Juridisk merknad for nettstedet us-gc.net, informasjon om det amerikanske arbeids- og immigrasjonsmarkedet\" \/>\n<meta property=\"og:url\" content=\"https:\/\/us-gc.net\/no\/juridisk-varsel\/\" \/>\n<meta property=\"og:site_name\" content=\"USA GC\" \/>\n<meta property=\"article:modified_time\" content=\"2025-03-31T10:09:46+00:00\" \/>\n<meta name=\"twitter:card\" content=\"summary_large_image\" \/>\n<meta name=\"twitter:label1\" content=\"Ansl. lesetid\" \/>\n\t<meta name=\"twitter:data1\" content=\"1 minutt\" \/>\n<script type=\"application\/ld+json\" class=\"yoast-schema-graph\">{\"@context\":\"https:\\\/\\\/schema.org\",\"@graph\":[{\"@type\":\"WebPage\",\"@id\":\"https:\\\/\\\/us-gc.net\\\/no\\\/juridisk-varsel\\\/\",\"url\":\"https:\\\/\\\/us-gc.net\\\/no\\\/juridisk-varsel\\\/\",\"name\":\"Juridisk informasjon - USA GC\",\"isPartOf\":{\"@id\":\"https:\\\/\\\/us-gc.net\\\/no\\\/#website\"},\"datePublished\":\"2024-01-31T07:59:57+00:00\",\"dateModified\":\"2025-03-31T10:09:46+00:00\",\"description\":\"Juridisk merknad for nettstedet us-gc.net, informasjon om det amerikanske arbeids- og immigrasjonsmarkedet\",\"breadcrumb\":{\"@id\":\"https:\\\/\\\/us-gc.net\\\/no\\\/juridisk-varsel\\\/#breadcrumb\"},\"inLanguage\":\"nb-NO\",\"potentialAction\":[{\"@type\":\"ReadAction\",\"target\":[\"https:\\\/\\\/us-gc.net\\\/no\\\/juridisk-varsel\\\/\"]}]},{\"@type\":\"BreadcrumbList\",\"@id\":\"https:\\\/\\\/us-gc.net\\\/no\\\/juridisk-varsel\\\/#breadcrumb\",\"itemListElement\":[{\"@type\":\"ListItem\",\"position\":1,\"name\":\"Accueil\",\"item\":\"https:\\\/\\\/us-gc.net\\\/no\\\/green-card\\\/\"},{\"@type\":\"ListItem\",\"position\":2,\"name\":\"Juridisk informasjon\"}]},{\"@type\":\"WebSite\",\"@id\":\"https:\\\/\\\/us-gc.net\\\/no\\\/#website\",\"url\":\"https:\\\/\\\/us-gc.net\\\/no\\\/\",\"name\":\"USA GC\",\"description\":\"\",\"potentialAction\":[{\"@type\":\"SearchAction\",\"target\":{\"@type\":\"EntryPoint\",\"urlTemplate\":\"https:\\\/\\\/us-gc.net\\\/no\\\/?s={search_term_string}\"},\"query-input\":{\"@type\":\"PropertyValueSpecification\",\"valueRequired\":true,\"valueName\":\"search_term_string\"}}],\"inLanguage\":\"nb-NO\"}]}<\/script>\n<!-- \/ Yoast SEO plugin. -->","yoast_head_json":{"title":"Juridisk informasjon - USA GC","description":"Juridisk merknad for nettstedet us-gc.net, informasjon om det amerikanske arbeids- og immigrasjonsmarkedet","robots":{"index":"noindex","follow":"nofollow"},"og_locale":"nb_NO","og_type":"article","og_title":"Juridisk informasjon - USA GC","og_description":"Juridisk merknad for nettstedet us-gc.net, informasjon om det amerikanske arbeids- og immigrasjonsmarkedet","og_url":"https:\/\/us-gc.net\/no\/juridisk-varsel\/","og_site_name":"USA GC","article_modified_time":"2025-03-31T10:09:46+00:00","twitter_card":"summary_large_image","twitter_misc":{"Ansl. lesetid":"1 minutt"},"schema":{"@context":"https:\/\/schema.org","@graph":[{"@type":"WebPage","@id":"https:\/\/us-gc.net\/no\/juridisk-varsel\/","url":"https:\/\/us-gc.net\/no\/juridisk-varsel\/","name":"Juridisk informasjon - USA GC","isPartOf":{"@id":"https:\/\/us-gc.net\/no\/#website"},"datePublished":"2024-01-31T07:59:57+00:00","dateModified":"2025-03-31T10:09:46+00:00","description":"Juridisk merknad for nettstedet us-gc.net, informasjon om det amerikanske arbeids- og immigrasjonsmarkedet","breadcrumb":{"@id":"https:\/\/us-gc.net\/no\/juridisk-varsel\/#breadcrumb"},"inLanguage":"nb-NO","potentialAction":[{"@type":"ReadAction","target":["https:\/\/us-gc.net\/no\/juridisk-varsel\/"]}]},{"@type":"BreadcrumbList","@id":"https:\/\/us-gc.net\/no\/juridisk-varsel\/#breadcrumb","itemListElement":[{"@type":"ListItem","position":1,"name":"Accueil","item":"https:\/\/us-gc.net\/no\/green-card\/"},{"@type":"ListItem","position":2,"name":"Juridisk informasjon"}]},{"@type":"WebSite","@id":"https:\/\/us-gc.net\/no\/#website","url":"https:\/\/us-gc.net\/no\/","name":"USA GC","description":"","potentialAction":[{"@type":"SearchAction","target":{"@type":"EntryPoint","urlTemplate":"https:\/\/us-gc.net\/no\/?s={search_term_string}"},"query-input":{"@type":"PropertyValueSpecification","valueRequired":true,"valueName":"search_term_string"}}],"inLanguage":"nb-NO"}]}},"_links":{"self":[{"href":"https:\/\/us-gc.net\/no\/wp-json\/wp\/v2\/pages\/631","targetHints":{"allow":["GET"]}}],"collection":[{"href":"https:\/\/us-gc.net\/no\/wp-json\/wp\/v2\/pages"}],"about":[{"href":"https:\/\/us-gc.net\/no\/wp-json\/wp\/v2\/types\/page"}],"author":[{"embeddable":true,"href":"https:\/\/us-gc.net\/no\/wp-json\/wp\/v2\/users\/1"}],"replies":[{"embeddable":true,"href":"https:\/\/us-gc.net\/no\/wp-json\/wp\/v2\/comments?post=631"}],"version-history":[{"count":2,"href":"https:\/\/us-gc.net\/no\/wp-json\/wp\/v2\/pages\/631\/revisions"}],"predecessor-version":[{"id":8455,"href":"https:\/\/us-gc.net\/no\/wp-json\/wp\/v2\/pages\/631\/revisions\/8455"}],"wp:attachment":[{"href":"https:\/\/us-gc.net\/no\/wp-json\/wp\/v2\/media?parent=631"}],"curies":[{"name":"wp","href":"https:\/\/api.w.org\/{rel}","templated":true}]}}