{"id":444,"date":"2024-02-01T08:19:27","date_gmt":"2024-02-01T08:19:27","guid":{"rendered":"https:\/\/green-card-usa.net\/green-card-lotteri-skjema\/"},"modified":"2025-03-31T10:05:55","modified_gmt":"2025-03-31T10:05:55","slug":"green-card-lotteri-skjema","status":"publish","type":"page","link":"https:\/\/us-gc.net\/no\/green-card-lotteri-skjema\/","title":{"rendered":"Registreringsskjema for Green Card-lotteri p\u00e5 nettet"},"content":{"rendered":"\t\t<div data-elementor-type=\"wp-page\" data-elementor-id=\"444\" class=\"elementor elementor-444 elementor-145\" data-elementor-post-type=\"page\">\n\t\t\t\t<div class=\"elementor-element elementor-element-75ef7d8 e-flex e-con-boxed e-con e-parent\" data-id=\"75ef7d8\" data-element_type=\"container\" data-e-type=\"container\">\n\t\t\t\t\t<div class=\"e-con-inner\">\n\t\t\t\t<div class=\"elementor-element elementor-element-3149e08 elementor-widget elementor-widget-heading\" data-id=\"3149e08\" data-element_type=\"widget\" data-e-type=\"widget\" data-widget_type=\"heading.default\">\n\t\t\t\t<div class=\"elementor-widget-container\">\n\t\t\t\t\t<h1 class=\"elementor-heading-title elementor-size-default\">Registreringsskjema for Green Card-lotteri<\/h1>\t\t\t\t<\/div>\n\t\t\t\t<\/div>\n\t\t\t\t\t<\/div>\n\t\t\t\t<\/div>\n\t\t<div class=\"elementor-element elementor-element-1c60801 e-flex e-con-boxed e-con e-parent\" data-id=\"1c60801\" data-element_type=\"container\" data-e-type=\"container\">\n\t\t\t\t\t<div class=\"e-con-inner\">\n\t\t\t\t<div class=\"elementor-element elementor-element-2e9ffc9 elementor-widget elementor-widget-text-editor\" data-id=\"2e9ffc9\" data-element_type=\"widget\" data-e-type=\"widget\" data-widget_type=\"text-editor.default\">\n\t\t\t\t<div class=\"elementor-widget-container\">\n\t\t\t\t\t\t\t\t\t<p>Registreringen til neste Green Card-loddtrekning er helt online. Det tar bare noen f\u00e5 minutter \u00e5 fylle ut skjemaet. Sikre din s\u00f8knad s\u00e5 snart som mulig for \u00e5 unng\u00e5 \u00e5 g\u00e5 glipp av p\u00e5meldingsfristen.<\/p>\n\t\t\t\t\t\t\t\t<\/div>\n\t\t\t\t<\/div>\n\t\t\t\t\t<\/div>\n\t\t\t\t<\/div>\n\t\t<div class=\"elementor-element elementor-element-9d42428 e-flex e-con-boxed e-con e-parent\" data-id=\"9d42428\" data-element_type=\"container\" data-e-type=\"container\">\n\t\t\t\t\t<div class=\"e-con-inner\">\n\t\t\t\t<div class=\"elementor-element elementor-element-6933e78 elementor-widget elementor-widget-text-editor\" data-id=\"6933e78\" data-element_type=\"widget\" data-e-type=\"widget\" data-widget_type=\"text-editor.default\">\n\t\t\t\t<div class=\"elementor-widget-container\">\n\t\t\t\t\t\t\t\t\t<p>Registreringsskjemaet er ganske raskt \u00e5 fylle ut. Du m\u00e5 fylle ut en rekke personopplysninger og oppfylle visse vilk\u00e5r for \u00e5 v\u00e6re kvalifisert.<\/p>\n\t\t\t\t\t\t\t\t<\/div>\n\t\t\t\t<\/div>\n\t\t\t\t\t<\/div>\n\t\t\t\t<\/div>\n\t\t<div class=\"elementor-element elementor-element-6306da8 e-flex e-con-boxed e-con e-parent\" data-id=\"6306da8\" data-element_type=\"container\" data-e-type=\"container\">\n\t\t\t\t\t<div class=\"e-con-inner\">\n\t\t\t\t<div class=\"elementor-element elementor-element-b506912 elementor-widget elementor-widget-heading\" data-id=\"b506912\" data-element_type=\"widget\" data-e-type=\"widget\" data-widget_type=\"heading.default\">\n\t\t\t\t<div class=\"elementor-widget-container\">\n\t\t\t\t\t<h2 class=\"elementor-heading-title elementor-size-default\">Slik fyller du ut skjemaet<\/h2>\t\t\t\t<\/div>\n\t\t\t\t<\/div>\n\t\t\t\t\t<\/div>\n\t\t\t\t<\/div>\n\t\t<div class=\"elementor-element elementor-element-e5c6b45 e-flex e-con-boxed e-con e-parent\" data-id=\"e5c6b45\" data-element_type=\"container\" data-e-type=\"container\">\n\t\t\t\t\t<div class=\"e-con-inner\">\n\t\t\t\t<div class=\"elementor-element elementor-element-e90f36f elementor-widget elementor-widget-text-editor\" data-id=\"e90f36f\" data-element_type=\"widget\" data-e-type=\"widget\" data-widget_type=\"text-editor.default\">\n\t\t\t\t<div class=\"elementor-widget-container\">\n\t\t\t\t\t\t\t\t\t<p>Skjemaet fylles i sin helhet ut p\u00e5 nettet. informasjonen som kreves for \u00e5 validere registreringen din er :<\/p>\n<ul>\n<li>Din sivilstatus ;<\/li>\n<li>Ditt bosted ;<\/li>\n<li>Din e-postadresse og ditt telefonnummer ;<\/li>\n<li>Ditt utdanningsniv\u00e5 ;<\/li>\n<li>Familiesituasjonen din ;<\/li>\n<li>Gyldig pass.<\/li>\n<\/ul>\n<div> <\/div>\n<div>For \u00e5 fullf\u00f8re registreringen din for Green Card-lotteriet, m\u00e5 du sende inn et <span style=\"text-decoration: underline;\"><a href=\"https:\/\/us-gc.net\/no\/green-card-foto\/\">bilde for det gr\u00f8nne kortet<\/a><\/span> som er mindre enn 6 m\u00e5neder gammelt, i \u00f8nsket format.<\/div>\n\t\t\t\t\t\t\t\t<\/div>\n\t\t\t\t<\/div>\n\t\t\t\t\t<\/div>\n\t\t\t\t<\/div>\n\t\t<div class=\"elementor-element elementor-element-b40a6c1 e-flex e-con-boxed e-con e-parent\" data-id=\"b40a6c1\" data-element_type=\"container\" data-e-type=\"container\">\n\t\t\t\t\t<div class=\"e-con-inner\">\n\t\t\t\t<div class=\"elementor-element elementor-element-844f7e4 elementor-widget elementor-widget-heading\" data-id=\"844f7e4\" data-element_type=\"widget\" data-e-type=\"widget\" data-widget_type=\"heading.default\">\n\t\t\t\t<div class=\"elementor-widget-container\">\n\t\t\t\t\t<h2 class=\"elementor-heading-title elementor-size-default\">Vilk\u00e5r for st\u00f8tteberettigelse<\/h2>\t\t\t\t<\/div>\n\t\t\t\t<\/div>\n\t\t\t\t\t<\/div>\n\t\t\t\t<\/div>\n\t\t<div class=\"elementor-element elementor-element-905f167 e-flex e-con-boxed e-con e-parent\" data-id=\"905f167\" data-element_type=\"container\" data-e-type=\"container\">\n\t\t\t\t\t<div class=\"e-con-inner\">\n\t\t\t\t<div class=\"elementor-element elementor-element-a70162a elementor-widget elementor-widget-text-editor\" data-id=\"a70162a\" data-element_type=\"widget\" data-e-type=\"widget\" data-widget_type=\"text-editor.default\">\n\t\t\t\t<div class=\"elementor-widget-container\">\n\t\t\t\t\t\t\t\t\t<p>Kvalifikasjonskravene for \u00e5 delta i det \u00e5rlige amerikanske Green Card-lotteriet er sv\u00e6rt enkle. Det er to hovedkriterier som m\u00e5 oppfylles:<\/p>\n<h3>Du m\u00e5 v\u00e6re statsborger i et kvalifisert land<\/h3>\n<p>Ikke alle land har lov til \u00e5 delta i <span style=\"text-decoration: underline;\"><a href=\"https:\/\/us-gc.net\/no\/lotteri-green-card\/\">Green Card-lotteriet<\/a><\/span>. USA fors\u00f8ker \u00e5 opprettholde en blandet innvandrerbefolkning. Statsborgere fra land der mer enn 50 000 borgere har innvandret til USA i l\u00f8pet av de siste fem \u00e5rene, er ikke kvalifisert til \u00e5 s\u00f8ke om et <span style=\"text-decoration: underline;\"><a href=\"https:\/\/us-gc.net\/no\/\">Green Card<\/a><\/span>. USCIS publiserer hvert \u00e5r en liste over hvilke land som ikke har adgang til \u00e5 delta. Her er listen over land som ikke har tillatelse til \u00e5 delta i trekningen for <span style=\"text-decoration: underline;\"><a href=\"https:\/\/us-gc.net\/no\/lotteri-green-card-2025\/\">Green Card 2025-lotteriet<\/a><\/span>.<\/p>\n<h3>Du m\u00e5 ha minimum h\u00f8yere utdanning<\/h3>\n<p>For \u00e5 delta i <span style=\"text-decoration: underline;\"><a href=\"https:\/\/us-gc.net\/no\/amerikansk-lotteri-gront-kort\/\">green card-lotteriet<\/a><\/span> m\u00e5 du ha et akademisk minimumsniv\u00e5. Dette h\u00f8yere utdanningsniv\u00e5et kan begrunnes p\u00e5 to m\u00e5ter:<\/p>\n<ul>\n<li>Ha oppn\u00e5dd baccalaur\u00e9at eller tilsvarende;<\/li>\n<li>Har hatt en stilling i 2 \u00e5r eller mer i l\u00f8pet av de siste 5 \u00e5rene som krever minst 2 \u00e5rs utdanning eller erfaring.<\/li>\n<\/ul>\n\t\t\t\t\t\t\t\t<\/div>\n\t\t\t\t<\/div>\n\t\t\t\t\t<\/div>\n\t\t\t\t<\/div>\n\t\t<div class=\"elementor-element elementor-element-6a0528e e-flex e-con-boxed e-con e-parent\" data-id=\"6a0528e\" data-element_type=\"container\" data-e-type=\"container\">\n\t\t\t\t\t<div class=\"e-con-inner\">\n\t\t\t\t<div class=\"elementor-element elementor-element-57b8aba elementor-widget elementor-widget-heading\" data-id=\"57b8aba\" data-element_type=\"widget\" data-e-type=\"widget\" data-widget_type=\"heading.default\">\n\t\t\t\t<div class=\"elementor-widget-container\">\n\t\t\t\t\t<h2 class=\"elementor-heading-title elementor-size-default\">Resultater fra Green Card-lotteriet<\/h2>\t\t\t\t<\/div>\n\t\t\t\t<\/div>\n\t\t\t\t\t<\/div>\n\t\t\t\t<\/div>\n\t\t<div class=\"elementor-element elementor-element-5bfb210 e-flex e-con-boxed e-con e-parent\" data-id=\"5bfb210\" data-element_type=\"container\" data-e-type=\"container\">\n\t\t\t\t\t<div class=\"e-con-inner\">\n\t\t\t\t<div class=\"elementor-element elementor-element-2e3ef98 elementor-widget elementor-widget-text-editor\" data-id=\"2e3ef98\" data-element_type=\"widget\" data-e-type=\"widget\" data-widget_type=\"text-editor.default\">\n\t\t\t\t<div class=\"elementor-widget-container\">\n\t\t\t\t\t\t\t\t\t<p>Bes\u00f8k <span style=\"text-decoration: underline;\"><a href=\"https:\/\/us-gc.net\/no\/resultater-lotteri-green-card\/\">Resultater fra Green Card-lotteriet<\/a><\/span> lotteriet blir publisert p\u00e5 nettet hvert \u00e5r. For alle s\u00f8kere som vinner loddtrekningen, begynner prosessen med \u00e5 f\u00e5 Green Card. Denne prosessen strekker seg over flere m\u00e5neder. Den siste fasen er et <span style=\"text-decoration: underline;\"><a href=\"https:\/\/us-gc.net\/no\/green-card-intervju\/\">intervju for \u00e5 f\u00e5 Green Card<\/a><\/span>. Dette intervjuet finner sted med en USCIS-ansatt og avslutter prosessen.<\/p>\n\t\t\t\t\t\t\t\t<\/div>\n\t\t\t\t<\/div>\n\t\t\t\t\t<\/div>\n\t\t\t\t<\/div>\n\t\t\t\t<\/div>\n\t\t","protected":false},"excerpt":{"rendered":"<p>Registreringsskjema for Green Card-lotteri Registreringen til neste Green Card-loddtrekning er helt online. Det tar bare noen f\u00e5 minutter \u00e5 fylle ut skjemaet. Sikre din s\u00f8knad s\u00e5 snart som mulig for \u00e5 unng\u00e5 \u00e5 g\u00e5 glipp av p\u00e5meldingsfristen. Registreringsskjemaet er ganske raskt \u00e5 fylle ut. Du m\u00e5 fylle ut en rekke personopplysninger og oppfylle visse vilk\u00e5r [&hellip;]<\/p>\n","protected":false},"author":1,"featured_media":0,"parent":0,"menu_order":0,"comment_status":"closed","ping_status":"closed","template":"","meta":{"footnotes":""},"class_list":["post-444","page","type-page","status-publish","hentry"],"yoast_head":"<!-- This site is optimized with the Yoast SEO plugin v27.4 - https:\/\/yoast.com\/product\/yoast-seo-wordpress\/ -->\n<title>Registreringsskjema for Green Card-lotteri p\u00e5 nettet - USA GC<\/title>\n<meta name=\"description\" content=\"Registrer deg direkte p\u00e5 nettet for \u00e5 delta i neste trekning i det amerikanske Green Card-lotteriet.\" \/>\n<meta name=\"robots\" content=\"index, follow, max-snippet:-1, max-image-preview:large, max-video-preview:-1\" \/>\n<link rel=\"canonical\" href=\"https:\/\/us-gc.net\/no\/green-card-lotteri-skjema\/\" \/>\n<meta property=\"og:locale\" content=\"nb_NO\" \/>\n<meta property=\"og:type\" content=\"article\" \/>\n<meta property=\"og:title\" content=\"Registreringsskjema for Green Card-lotteri p\u00e5 nettet - USA GC\" \/>\n<meta property=\"og:description\" content=\"Registrer deg direkte p\u00e5 nettet for \u00e5 delta i neste trekning i det amerikanske Green Card-lotteriet.\" \/>\n<meta property=\"og:url\" content=\"https:\/\/us-gc.net\/no\/green-card-lotteri-skjema\/\" \/>\n<meta property=\"og:site_name\" content=\"USA GC\" \/>\n<meta property=\"article:modified_time\" content=\"2025-03-31T10:05:55+00:00\" \/>\n<meta name=\"twitter:card\" content=\"summary_large_image\" \/>\n<meta name=\"twitter:label1\" content=\"Ansl. lesetid\" \/>\n\t<meta name=\"twitter:data1\" content=\"2 minutter\" \/>\n<script type=\"application\/ld+json\" class=\"yoast-schema-graph\">{\"@context\":\"https:\\\/\\\/schema.org\",\"@graph\":[{\"@type\":\"WebPage\",\"@id\":\"https:\\\/\\\/us-gc.net\\\/no\\\/green-card-lotteri-skjema\\\/\",\"url\":\"https:\\\/\\\/us-gc.net\\\/no\\\/green-card-lotteri-skjema\\\/\",\"name\":\"Registreringsskjema for Green Card-lotteri p\u00e5 nettet - USA GC\",\"isPartOf\":{\"@id\":\"https:\\\/\\\/us-gc.net\\\/no\\\/#website\"},\"datePublished\":\"2024-02-01T08:19:27+00:00\",\"dateModified\":\"2025-03-31T10:05:55+00:00\",\"description\":\"Registrer deg direkte p\u00e5 nettet for \u00e5 delta i neste trekning i det amerikanske Green Card-lotteriet.\",\"breadcrumb\":{\"@id\":\"https:\\\/\\\/us-gc.net\\\/no\\\/green-card-lotteri-skjema\\\/#breadcrumb\"},\"inLanguage\":\"nb-NO\",\"potentialAction\":[{\"@type\":\"ReadAction\",\"target\":[\"https:\\\/\\\/us-gc.net\\\/no\\\/green-card-lotteri-skjema\\\/\"]}]},{\"@type\":\"BreadcrumbList\",\"@id\":\"https:\\\/\\\/us-gc.net\\\/no\\\/green-card-lotteri-skjema\\\/#breadcrumb\",\"itemListElement\":[{\"@type\":\"ListItem\",\"position\":1,\"name\":\"Accueil\",\"item\":\"https:\\\/\\\/us-gc.net\\\/no\\\/green-card\\\/\"},{\"@type\":\"ListItem\",\"position\":2,\"name\":\"Registreringsskjema for Green Card-lotteri p\u00e5 nettet\"}]},{\"@type\":\"WebSite\",\"@id\":\"https:\\\/\\\/us-gc.net\\\/no\\\/#website\",\"url\":\"https:\\\/\\\/us-gc.net\\\/no\\\/\",\"name\":\"USA GC\",\"description\":\"\",\"potentialAction\":[{\"@type\":\"SearchAction\",\"target\":{\"@type\":\"EntryPoint\",\"urlTemplate\":\"https:\\\/\\\/us-gc.net\\\/no\\\/?s={search_term_string}\"},\"query-input\":{\"@type\":\"PropertyValueSpecification\",\"valueRequired\":true,\"valueName\":\"search_term_string\"}}],\"inLanguage\":\"nb-NO\"}]}<\/script>\n<!-- \/ Yoast SEO plugin. -->","yoast_head_json":{"title":"Registreringsskjema for Green Card-lotteri p\u00e5 nettet - USA GC","description":"Registrer deg direkte p\u00e5 nettet for \u00e5 delta i neste trekning i det amerikanske Green Card-lotteriet.","robots":{"index":"index","follow":"follow","max-snippet":"max-snippet:-1","max-image-preview":"max-image-preview:large","max-video-preview":"max-video-preview:-1"},"canonical":"https:\/\/us-gc.net\/no\/green-card-lotteri-skjema\/","og_locale":"nb_NO","og_type":"article","og_title":"Registreringsskjema for Green Card-lotteri p\u00e5 nettet - USA GC","og_description":"Registrer deg direkte p\u00e5 nettet for \u00e5 delta i neste trekning i det amerikanske Green Card-lotteriet.","og_url":"https:\/\/us-gc.net\/no\/green-card-lotteri-skjema\/","og_site_name":"USA GC","article_modified_time":"2025-03-31T10:05:55+00:00","twitter_card":"summary_large_image","twitter_misc":{"Ansl. lesetid":"2 minutter"},"schema":{"@context":"https:\/\/schema.org","@graph":[{"@type":"WebPage","@id":"https:\/\/us-gc.net\/no\/green-card-lotteri-skjema\/","url":"https:\/\/us-gc.net\/no\/green-card-lotteri-skjema\/","name":"Registreringsskjema for Green Card-lotteri p\u00e5 nettet - USA GC","isPartOf":{"@id":"https:\/\/us-gc.net\/no\/#website"},"datePublished":"2024-02-01T08:19:27+00:00","dateModified":"2025-03-31T10:05:55+00:00","description":"Registrer deg direkte p\u00e5 nettet for \u00e5 delta i neste trekning i det amerikanske Green Card-lotteriet.","breadcrumb":{"@id":"https:\/\/us-gc.net\/no\/green-card-lotteri-skjema\/#breadcrumb"},"inLanguage":"nb-NO","potentialAction":[{"@type":"ReadAction","target":["https:\/\/us-gc.net\/no\/green-card-lotteri-skjema\/"]}]},{"@type":"BreadcrumbList","@id":"https:\/\/us-gc.net\/no\/green-card-lotteri-skjema\/#breadcrumb","itemListElement":[{"@type":"ListItem","position":1,"name":"Accueil","item":"https:\/\/us-gc.net\/no\/green-card\/"},{"@type":"ListItem","position":2,"name":"Registreringsskjema for Green Card-lotteri p\u00e5 nettet"}]},{"@type":"WebSite","@id":"https:\/\/us-gc.net\/no\/#website","url":"https:\/\/us-gc.net\/no\/","name":"USA GC","description":"","potentialAction":[{"@type":"SearchAction","target":{"@type":"EntryPoint","urlTemplate":"https:\/\/us-gc.net\/no\/?s={search_term_string}"},"query-input":{"@type":"PropertyValueSpecification","valueRequired":true,"valueName":"search_term_string"}}],"inLanguage":"nb-NO"}]}},"_links":{"self":[{"href":"https:\/\/us-gc.net\/no\/wp-json\/wp\/v2\/pages\/444","targetHints":{"allow":["GET"]}}],"collection":[{"href":"https:\/\/us-gc.net\/no\/wp-json\/wp\/v2\/pages"}],"about":[{"href":"https:\/\/us-gc.net\/no\/wp-json\/wp\/v2\/types\/page"}],"author":[{"embeddable":true,"href":"https:\/\/us-gc.net\/no\/wp-json\/wp\/v2\/users\/1"}],"replies":[{"embeddable":true,"href":"https:\/\/us-gc.net\/no\/wp-json\/wp\/v2\/comments?post=444"}],"version-history":[{"count":4,"href":"https:\/\/us-gc.net\/no\/wp-json\/wp\/v2\/pages\/444\/revisions"}],"predecessor-version":[{"id":10084,"href":"https:\/\/us-gc.net\/no\/wp-json\/wp\/v2\/pages\/444\/revisions\/10084"}],"wp:attachment":[{"href":"https:\/\/us-gc.net\/no\/wp-json\/wp\/v2\/media?parent=444"}],"curies":[{"name":"wp","href":"https:\/\/api.w.org\/{rel}","templated":true}]}}