{"id":401,"date":"2024-01-30T17:24:00","date_gmt":"2024-01-30T17:24:00","guid":{"rendered":"https:\/\/green-card-usa.net\/green-card\/"},"modified":"2024-12-30T09:40:07","modified_gmt":"2024-12-30T09:40:07","slug":"green-card","status":"publish","type":"page","link":"https:\/\/us-gc.net\/no\/","title":{"rendered":"Green Card USA | Permanent oppholdskort"},"content":{"rendered":"\n<h1 class=\"wp-block-heading\" id=\"h-la-green-card-pour-resider-aux-etats-unis\">Green Card for opphold i USA<\/h1>\n\n<p>USA er det mest ettertraktede landet i verden for utenlandske statsborgere som \u00f8nsker \u00e5 immigrere. Green Card er en mulighet for mange utlendinger til \u00e5 f\u00e5 rett til \u00e5 bo og arbeide i USA.<\/p>\n\n<h2 class=\"wp-block-heading\" id=\"h-qu-est-ce-que-la-green-card\">Hva er det Green Card?<\/h2>\n\n<p>Green Card er et permanent oppholdskort for USA. Det gj\u00f8r det mulig for utenlandske statsborgere \u00e5 bo og arbeide permanent i USA. Vilk\u00e5rene for \u00e5 f\u00e5 Green Card avhenger av \u00e5rsaken til s\u00f8knaden.<\/p>\n\n<h2 class=\"wp-block-heading\" id=\"h-quelle-est-son-utilite\">Hva er hensikten?<\/h2>\n\n<p>Nytten av Green Card ligger i at det gir tilgang til USA og det enorme arbeidsmarkedet. Hvert \u00e5r h\u00e5per hundretusener av s\u00f8kere \u00e5 f\u00e5 et Green Card for \u00e5 komme til USA og jobbe.<\/p>\n\n<h2 class=\"wp-block-heading\" id=\"h-comment-obtenir-une-green-card\">Hvordan f\u00e5r jeg et Green Card?<\/h2>\n\n<p>Det er flere m\u00e5ter \u00e5 f\u00e5 Green Card p\u00e5. Fremgangsm\u00e5ten for \u00e5 f\u00e5 kortet avhenger av \u00e5rsaken til at s\u00f8keren s\u00f8ker om et amerikansk oppholdskort. Her er de fire viktigste grunnene til \u00e5 f\u00e5 Green Card:<\/p>\n\n<ul class=\"wp-block-list\">\n<li>Det <a href=\"https:\/\/us-gc.net\/no\/green-card-for-sysselsetting\/\">arbeidsbaserte Green Card<\/a><\/li>\n\n\n\n<li><a href=\"https:\/\/us-gc.net\/no\/green-card-ved-ekteskap\/\">Green Card gjennom ekteskap<\/a><\/li>\n\n\n\n<li><a href=\"https:\/\/us-gc.net\/no\/green-card-sponser\/\">Green Card gjennom sponsing<\/a> av et familiemedlem eller en bedrift<\/li>\n\n\n\n<li>Deltakelse i <a href=\"https:\/\/us-gc.net\/no\/lotteri-green-card\/\">Green Card Lottery<\/a><\/li>\n<\/ul>\n\n<div style=\"height:10px\" aria-hidden=\"true\" class=\"wp-block-spacer\"><\/div>\n\n<p>Hver prosedyre er forskjellig n\u00e5r det gjelder dokumentasjonen og vilk\u00e5rene som kreves for \u00e5 f\u00e5 Green Card.  <\/p>\n\n<h2 class=\"wp-block-heading\" id=\"h-quand-effectuer-la-demande-d-une-green-card\">N\u00e5r b\u00f8r jeg s\u00f8ke om Green Card?<\/h2>\n\n<p>Det er to ulike situasjoner avhengig av hvilken type Green Card det s\u00f8kes om.  <\/p>\n\n<ol class=\"wp-block-list\">\n<li>Alle Green Card-s\u00f8knader, enten de er basert p\u00e5 arbeid, sponsing eller ekteskap, kan sendes n\u00e5r som helst p\u00e5 \u00e5ret. S\u00f8knadsprosessen begynner s\u00e5 snart s\u00f8knaden er fullstendig.<\/li>\n\n\n\n<li>Det <a href=\"https:\/\/us-gc.net\/no\/amerikansk-lotteri-gront-kort\/\">amerikanske Green Card-lotteriet<\/a> finner bare sted \u00e9n gang i \u00e5ret. Trekningen som finner sted i slutten av 2024 gjelder tildelingen av <a href=\"https:\/\/us-gc.net\/no\/lotteriet-green-card-2026\/\">Green Card 2026-lotteriet<\/a>. P\u00e5melding til lotteriet m\u00e5 v\u00e6re gjennomf\u00f8rt innen den f\u00f8rste uken i november hvert \u00e5r. I l\u00f8pet av 2024 vil USCIS ferdigstille prosessen for tildeling av de gr\u00f8nne kortene som ble vunnet under <a href=\"https:\/\/us-gc.net\/no\/green-card-lotteri-2024\/\">2024 Green Card-lotterikampanjen<\/a>. De fortsetter ogs\u00e5 \u00e5 behandle resultatene fra <a href=\"https:\/\/us-gc.net\/no\/lotteri-green-card-2025\/\">loddtrekningen av Green Card 2025<\/a>.<\/li>\n<\/ol>\n\n<div style=\"height:10px\" aria-hidden=\"true\" class=\"wp-block-spacer\"><\/div>\n\n<p>I alle tilfeller inkluderer prosessen med \u00e5 f\u00e5 et Green Card et <a href=\"https:\/\/us-gc.net\/no\/green-card-intervju\/\">Green Card-intervju<\/a> med en USCIS-ansatt. S\u00f8kere m\u00e5 ta med seg originaldokumentene til Green Card-s\u00f8knaden til m\u00f8tet.<\/p>\n\n<h2 class=\"wp-block-heading\" id=\"h-comment-renouveler-une-green-card\">Hvordan fornyer jeg et Green Card?<\/h2>\n\n<p>For \u00e5 fornye et Green Card m\u00e5 du sende inn et I-90-skjema til USCIS f\u00f8r det n\u00e5v\u00e6rende kortet utl\u00f8per, vanligvis hvert 10. \u00e5r.<\/p>\n\n<h2 class=\"wp-block-heading\" id=\"h-a-quoi-ressemble-une-green-card\">Hvordan ser et Green Card ut?<\/h2>\n\n<p>Som navnet antyder, er Green Card et gr\u00f8nt kort. Det ser ut som et identitetskort med bilde av innehaveren. Dette <a href=\"https:\/\/us-gc.net\/no\/green-card-foto\/\">bildet av det gr\u00f8nne kortet<\/a> har spesifikke dimensjoner, som vist p\u00e5 bildet nedenfor. Det m\u00e5 v\u00e6re mindre enn 6 m\u00e5neder gammelt n\u00e5r det brukes til \u00e5 utstede det gr\u00f8nne kortet.<\/p>\n\n<figure class=\"wp-block-image size-full\"><img decoding=\"async\" src=\"https:\/\/us-gc.net\/wp-content\/uploads\/2024\/05\/Green-card-2024-1.jpg\" alt=\"bilde av et gr&#xF8;nt kort som er gyldig i 2024\" class=\"wp-image-4848\"\/><figcaption class=\"wp-element-caption\">Bilde av et gr\u00f8nt kort for USA<\/figcaption><\/figure>\n\n<h2 class=\"wp-block-heading\" id=\"h-combien-coute-une-green-card\">Hvor mye koster et Green Card?<\/h2>\n\n<p>Prosedyren for \u00e5 f\u00e5 gr\u00f8nt kort inkluderer betaling av obligatoriske administrative avgifter. <a href=\"https:\/\/us-gc.net\/no\/green-card-prisen\/\">Green Card-gebyrene<\/a> varierer avhengig av hvilken type Green Card det s\u00f8kes om.<\/p>\n\n<h2 class=\"wp-block-heading\" id=\"h-peut-on-voyager-avec-une-green-card\">Kan jeg reise med Green Card?<\/h2>\n\n<p>Green Card-innehavere kan reise til visse land rundt om i verden med de samme fasilitetene som amerikanske passinnehavere. Denne muligheten til \u00e5 <a href=\"https:\/\/us-gc.net\/no\/reise-utenlands-med-green-card\/\">reise med Green Card<\/a> gjelder bare for visse land som har inng\u00e5tt spesifikke avtaler med USA. De viktigste partnerlandene er geografiske naboland som Canada og Mexico.<\/p>\n","protected":false},"excerpt":{"rendered":"<p>Green Card for opphold i USA USA er det mest ettertraktede landet i verden for utenlandske statsborgere som \u00f8nsker \u00e5 immigrere. Green Card er en mulighet for mange utlendinger til \u00e5 f\u00e5 rett til \u00e5 bo og arbeide i USA. Hva er det Green Card? Green Card er et permanent oppholdskort for USA. Det gj\u00f8r [&hellip;]<\/p>\n","protected":false},"author":1,"featured_media":0,"parent":0,"menu_order":0,"comment_status":"closed","ping_status":"closed","template":"","meta":{"footnotes":""},"class_list":["post-401","page","type-page","status-publish","hentry"],"yoast_head":"<!-- This site is optimized with the Yoast SEO plugin v27.4 - https:\/\/yoast.com\/product\/yoast-seo-wordpress\/ -->\n<title>Green Card USA | Permanent oppholdskort - USA GC<\/title>\n<meta name=\"description\" content=\"Green Card er det permanente oppholdskortet i USA. Det er flere m\u00e5ter \u00e5 f\u00e5 oppholdstillatelse for \u00e5 bo og arbeide i USA p\u00e5.\" \/>\n<meta name=\"robots\" content=\"index, follow, max-snippet:-1, max-image-preview:large, max-video-preview:-1\" \/>\n<link rel=\"canonical\" href=\"https:\/\/us-gc.net\/no\/\" \/>\n<meta property=\"og:locale\" content=\"nb_NO\" \/>\n<meta property=\"og:type\" content=\"article\" \/>\n<meta property=\"og:title\" content=\"Green Card USA | Permanent oppholdskort - USA GC\" \/>\n<meta property=\"og:description\" content=\"Green Card er det permanente oppholdskortet i USA. Det er flere m\u00e5ter \u00e5 f\u00e5 oppholdstillatelse for \u00e5 bo og arbeide i USA p\u00e5.\" \/>\n<meta property=\"og:url\" content=\"https:\/\/us-gc.net\/no\/\" \/>\n<meta property=\"og:site_name\" content=\"USA GC\" \/>\n<meta property=\"article:modified_time\" content=\"2024-12-30T09:40:07+00:00\" \/>\n<meta property=\"og:image\" content=\"https:\/\/us-gc.net\/wp-content\/uploads\/2024\/05\/Green-card-2024-1.jpg\" \/>\n<meta name=\"twitter:card\" content=\"summary_large_image\" \/>\n<meta name=\"twitter:label1\" content=\"Ansl. lesetid\" \/>\n\t<meta name=\"twitter:data1\" content=\"3 minutter\" \/>\n<script type=\"application\/ld+json\" class=\"yoast-schema-graph\">{\"@context\":\"https:\\\/\\\/schema.org\",\"@graph\":[{\"@type\":\"WebPage\",\"@id\":\"https:\\\/\\\/us-gc.net\\\/no\\\/\",\"url\":\"https:\\\/\\\/us-gc.net\\\/no\\\/\",\"name\":\"Green Card USA | Permanent oppholdskort - USA GC\",\"isPartOf\":{\"@id\":\"https:\\\/\\\/us-gc.net\\\/no\\\/#website\"},\"primaryImageOfPage\":{\"@id\":\"https:\\\/\\\/us-gc.net\\\/no\\\/#primaryimage\"},\"image\":{\"@id\":\"https:\\\/\\\/us-gc.net\\\/no\\\/#primaryimage\"},\"thumbnailUrl\":\"https:\\\/\\\/us-gc.net\\\/wp-content\\\/uploads\\\/2024\\\/05\\\/Green-card-2024-1.jpg\",\"datePublished\":\"2024-01-30T17:24:00+00:00\",\"dateModified\":\"2024-12-30T09:40:07+00:00\",\"description\":\"Green Card er det permanente oppholdskortet i USA. Det er flere m\u00e5ter \u00e5 f\u00e5 oppholdstillatelse for \u00e5 bo og arbeide i USA p\u00e5.\",\"breadcrumb\":{\"@id\":\"https:\\\/\\\/us-gc.net\\\/no\\\/#breadcrumb\"},\"inLanguage\":\"nb-NO\",\"potentialAction\":[{\"@type\":\"ReadAction\",\"target\":[\"https:\\\/\\\/us-gc.net\\\/no\\\/\"]}]},{\"@type\":\"ImageObject\",\"inLanguage\":\"nb-NO\",\"@id\":\"https:\\\/\\\/us-gc.net\\\/no\\\/#primaryimage\",\"url\":\"https:\\\/\\\/us-gc.net\\\/wp-content\\\/uploads\\\/2024\\\/05\\\/Green-card-2024-1.jpg\",\"contentUrl\":\"https:\\\/\\\/us-gc.net\\\/wp-content\\\/uploads\\\/2024\\\/05\\\/Green-card-2024-1.jpg\"},{\"@type\":\"BreadcrumbList\",\"@id\":\"https:\\\/\\\/us-gc.net\\\/no\\\/#breadcrumb\",\"itemListElement\":[{\"@type\":\"ListItem\",\"position\":1,\"name\":\"Accueil\",\"item\":\"https:\\\/\\\/us-gc.net\\\/no\\\/green-card\\\/\"},{\"@type\":\"ListItem\",\"position\":2,\"name\":\"Green Card USA | Permanent oppholdskort\"}]},{\"@type\":\"WebSite\",\"@id\":\"https:\\\/\\\/us-gc.net\\\/no\\\/#website\",\"url\":\"https:\\\/\\\/us-gc.net\\\/no\\\/\",\"name\":\"USA GC\",\"description\":\"\",\"potentialAction\":[{\"@type\":\"SearchAction\",\"target\":{\"@type\":\"EntryPoint\",\"urlTemplate\":\"https:\\\/\\\/us-gc.net\\\/no\\\/?s={search_term_string}\"},\"query-input\":{\"@type\":\"PropertyValueSpecification\",\"valueRequired\":true,\"valueName\":\"search_term_string\"}}],\"inLanguage\":\"nb-NO\"}]}<\/script>\n<!-- \/ Yoast SEO plugin. -->","yoast_head_json":{"title":"Green Card USA | Permanent oppholdskort - USA GC","description":"Green Card er det permanente oppholdskortet i USA. Det er flere m\u00e5ter \u00e5 f\u00e5 oppholdstillatelse for \u00e5 bo og arbeide i USA p\u00e5.","robots":{"index":"index","follow":"follow","max-snippet":"max-snippet:-1","max-image-preview":"max-image-preview:large","max-video-preview":"max-video-preview:-1"},"canonical":"https:\/\/us-gc.net\/no\/","og_locale":"nb_NO","og_type":"article","og_title":"Green Card USA | Permanent oppholdskort - USA GC","og_description":"Green Card er det permanente oppholdskortet i USA. Det er flere m\u00e5ter \u00e5 f\u00e5 oppholdstillatelse for \u00e5 bo og arbeide i USA p\u00e5.","og_url":"https:\/\/us-gc.net\/no\/","og_site_name":"USA GC","article_modified_time":"2024-12-30T09:40:07+00:00","og_image":[{"url":"https:\/\/us-gc.net\/wp-content\/uploads\/2024\/05\/Green-card-2024-1.jpg","type":"","width":"","height":""}],"twitter_card":"summary_large_image","twitter_misc":{"Ansl. lesetid":"3 minutter"},"schema":{"@context":"https:\/\/schema.org","@graph":[{"@type":"WebPage","@id":"https:\/\/us-gc.net\/no\/","url":"https:\/\/us-gc.net\/no\/","name":"Green Card USA | Permanent oppholdskort - USA GC","isPartOf":{"@id":"https:\/\/us-gc.net\/no\/#website"},"primaryImageOfPage":{"@id":"https:\/\/us-gc.net\/no\/#primaryimage"},"image":{"@id":"https:\/\/us-gc.net\/no\/#primaryimage"},"thumbnailUrl":"https:\/\/us-gc.net\/wp-content\/uploads\/2024\/05\/Green-card-2024-1.jpg","datePublished":"2024-01-30T17:24:00+00:00","dateModified":"2024-12-30T09:40:07+00:00","description":"Green Card er det permanente oppholdskortet i USA. Det er flere m\u00e5ter \u00e5 f\u00e5 oppholdstillatelse for \u00e5 bo og arbeide i USA p\u00e5.","breadcrumb":{"@id":"https:\/\/us-gc.net\/no\/#breadcrumb"},"inLanguage":"nb-NO","potentialAction":[{"@type":"ReadAction","target":["https:\/\/us-gc.net\/no\/"]}]},{"@type":"ImageObject","inLanguage":"nb-NO","@id":"https:\/\/us-gc.net\/no\/#primaryimage","url":"https:\/\/us-gc.net\/wp-content\/uploads\/2024\/05\/Green-card-2024-1.jpg","contentUrl":"https:\/\/us-gc.net\/wp-content\/uploads\/2024\/05\/Green-card-2024-1.jpg"},{"@type":"BreadcrumbList","@id":"https:\/\/us-gc.net\/no\/#breadcrumb","itemListElement":[{"@type":"ListItem","position":1,"name":"Accueil","item":"https:\/\/us-gc.net\/no\/green-card\/"},{"@type":"ListItem","position":2,"name":"Green Card USA | Permanent oppholdskort"}]},{"@type":"WebSite","@id":"https:\/\/us-gc.net\/no\/#website","url":"https:\/\/us-gc.net\/no\/","name":"USA GC","description":"","potentialAction":[{"@type":"SearchAction","target":{"@type":"EntryPoint","urlTemplate":"https:\/\/us-gc.net\/no\/?s={search_term_string}"},"query-input":{"@type":"PropertyValueSpecification","valueRequired":true,"valueName":"search_term_string"}}],"inLanguage":"nb-NO"}]}},"_links":{"self":[{"href":"https:\/\/us-gc.net\/no\/wp-json\/wp\/v2\/pages\/401","targetHints":{"allow":["GET"]}}],"collection":[{"href":"https:\/\/us-gc.net\/no\/wp-json\/wp\/v2\/pages"}],"about":[{"href":"https:\/\/us-gc.net\/no\/wp-json\/wp\/v2\/types\/page"}],"author":[{"embeddable":true,"href":"https:\/\/us-gc.net\/no\/wp-json\/wp\/v2\/users\/1"}],"replies":[{"embeddable":true,"href":"https:\/\/us-gc.net\/no\/wp-json\/wp\/v2\/comments?post=401"}],"version-history":[{"count":1,"href":"https:\/\/us-gc.net\/no\/wp-json\/wp\/v2\/pages\/401\/revisions"}],"predecessor-version":[{"id":7705,"href":"https:\/\/us-gc.net\/no\/wp-json\/wp\/v2\/pages\/401\/revisions\/7705"}],"wp:attachment":[{"href":"https:\/\/us-gc.net\/no\/wp-json\/wp\/v2\/media?parent=401"}],"curies":[{"name":"wp","href":"https:\/\/api.w.org\/{rel}","templated":true}]}}