{"id":2234,"date":"2024-02-13T09:26:58","date_gmt":"2024-02-13T09:26:58","guid":{"rendered":"https:\/\/green-card-usa.net\/visumprogram-for-mangfold\/"},"modified":"2024-12-30T09:40:51","modified_gmt":"2024-12-30T09:40:51","slug":"visumprogram-for-mangfold","status":"publish","type":"page","link":"https:\/\/us-gc.net\/no\/visumprogram-for-mangfold\/","title":{"rendered":"Det amerikanske Diversity Visa-programmet"},"content":{"rendered":"\n<h1 class=\"wp-block-heading\" id=\"h-le-diversity-visa-program-des-etats-unis\">Diversity Visa-programmet i USA  <\/h1>\n\n<h2 class=\"wp-block-heading\" id=\"h-qu-est-ce-que-le-diversity-visa-program\">Hva er Diversity Visa Program?<\/h2>\n\n<p>Diversity Visa Program er et initiativ fra amerikanske myndigheter for \u00e5 diversifisere den amerikanske innvandrerbefolkningen. Hvert \u00e5r utstedes det mer enn 50 000 visum til personer fra land med lav innvandringsrate til USA. DV-programmet er kjent som <a href=\"https:\/\/us-gc.net\/no\/amerikansk-lotteri-gront-kort\/\">green card-lotteriet<\/a>.<\/p>\n\n<h2 class=\"wp-block-heading\" id=\"h-comment-fonctionne-t-il\">Hvordan fungerer det?<\/h2>\n\n<p>Deltakelse i Diversity Visa Program er underlagt en tilfeldig utvelgelsesprosess. S\u00f8kere m\u00e5 sende inn en <a href=\"https:\/\/us-gc.net\/no\/green-card-lotteri-skjema\/\">elektronisk s\u00f8knad<\/a> innen utgangen av oktober hvert \u00e5r. Kvalifikasjonskriteriene omfatter vitnem\u00e5l fra videreg\u00e5ende skole eller tilsvarende, eller to \u00e5rs yrkeserfaring innen et omr\u00e5de som krever minst to \u00e5rs utdanning eller erfaring i l\u00f8pet av de siste fem \u00e5rene.<\/p>\n\n<h2 class=\"wp-block-heading\" id=\"h-qui-peut-en-beneficier\">Hvem kan dra nytte av det?<\/h2>\n\n<p>Statsborgere fra land med lav innvandring til USA er kvalifisert. Hvert \u00e5r publiserer det amerikanske utenriksdepartementet en liste over <a href=\"https:\/\/us-gc.net\/no\/ikke-deltakende-land-green-card-lotteri\/\">land hvis statsborgere ikke har lov til<\/a> \u00e5 delta. Personer fra land med h\u00f8y innvandring til USA er ekskludert. Du kan se statistikken v\u00e5r p\u00e5 v\u00e5re egne sider:<\/p>\n\n<ul class=\"wp-block-list\">\n<li><a href=\"https:\/\/us-gc.net\/no\/lotteri-green-card-europa\/\">Gr\u00f8nt kort for europeiske borgere<\/a><\/li>\n\n\n\n<li><a href=\"https:\/\/us-gc.net\/no\/lotteri-green-card-land-afrika\/\">Gr\u00f8nt kort for afrikanske statsborgere<\/a><\/li>\n\n\n\n<li><a href=\"https:\/\/us-gc.net\/no\/green-card-lotteri-land-asia\/\">Gr\u00f8nt kort for asiatiske statsborgere<\/a><\/li>\n<\/ul>\n\n<div style=\"height:10px\" aria-hidden=\"true\" class=\"wp-block-spacer\"><\/div>\n\n<h2 class=\"wp-block-heading\" id=\"h-qu-apporte-le-programme\">Hva tilbyr programmet?<\/h2>\n\n<p>Diversity Visa Program gir en unik mulighet til \u00e5 f\u00e5 permanent opphold i USA, noe som \u00e5pner for arbeid, utdanning og muligheten til \u00e5 bli amerikansk statsborger etter fem \u00e5r. Det er en sjanse for mottakerne til \u00e5 oppleve den amerikanske dr\u00f8mmen og bidra til det kulturelle mangfoldet i USA.<\/p>\n\n<h2 class=\"wp-block-heading\" id=\"h-qu-est-ce-que-la-loterie-du-dv\">Hva er DV-lotteriet?<\/h2>\n\n<p>DV <a href=\"https:\/\/us-gc.net\/no\/lotteri-green-card\/\">Green Card-lotteriet<\/a> er utvelgelsesprosessen som utgj\u00f8r kjernen i Diversity Visa-programmet. P\u00e5melding skjer via et <a href=\"https:\/\/us-gc.net\/no\/green-card-lotteri-skjema\/\">elektronisk skjema<\/a> i siste kvartal hvert \u00e5r. <a href=\"https:\/\/us-gc.net\/no\/resultater-lotteri-green-card\/\">Lotteriresultatene<\/a> publiseres 6 m\u00e5neder senere. Vinnerne velges tilfeldig blant alle kvalifiserte deltakere. Denne prosessen sikrer at alle deltakere har like store sjanser til \u00e5 vinne, uavhengig av sosial, \u00f8konomisk eller utdanningsmessig status.<\/p>\n\n<p><\/p>\n","protected":false},"excerpt":{"rendered":"<p>Diversity Visa-programmet i USA Hva er Diversity Visa Program? Diversity Visa Program er et initiativ fra amerikanske myndigheter for \u00e5 diversifisere den amerikanske innvandrerbefolkningen. Hvert \u00e5r utstedes det mer enn 50 000 visum til personer fra land med lav innvandringsrate til USA. DV-programmet er kjent som green card-lotteriet. Hvordan fungerer det? Deltakelse i Diversity Visa [&hellip;]<\/p>\n","protected":false},"author":1,"featured_media":0,"parent":0,"menu_order":0,"comment_status":"closed","ping_status":"closed","template":"","meta":{"footnotes":""},"class_list":["post-2234","page","type-page","status-publish","hentry"],"yoast_head":"<!-- This site is optimized with the Yoast SEO plugin v27.4 - https:\/\/yoast.com\/product\/yoast-seo-wordpress\/ -->\n<title>Det amerikanske Diversity Visa-programmet - USA GC<\/title>\n<meta name=\"robots\" content=\"index, follow, max-snippet:-1, max-image-preview:large, max-video-preview:-1\" \/>\n<link rel=\"canonical\" href=\"https:\/\/us-gc.net\/no\/visumprogram-for-mangfold\/\" \/>\n<meta property=\"og:locale\" content=\"nb_NO\" \/>\n<meta property=\"og:type\" content=\"article\" \/>\n<meta property=\"og:title\" content=\"Det amerikanske Diversity Visa-programmet - USA GC\" \/>\n<meta property=\"og:description\" content=\"Diversity Visa-programmet i USA Hva er Diversity Visa Program? Diversity Visa Program er et initiativ fra amerikanske myndigheter for \u00e5 diversifisere den amerikanske innvandrerbefolkningen. Hvert \u00e5r utstedes det mer enn 50 000 visum til personer fra land med lav innvandringsrate til USA. DV-programmet er kjent som green card-lotteriet. Hvordan fungerer det? Deltakelse i Diversity Visa [&hellip;]\" \/>\n<meta property=\"og:url\" content=\"https:\/\/us-gc.net\/no\/visumprogram-for-mangfold\/\" \/>\n<meta property=\"og:site_name\" content=\"USA GC\" \/>\n<meta property=\"article:modified_time\" content=\"2024-12-30T09:40:51+00:00\" \/>\n<meta name=\"twitter:card\" content=\"summary_large_image\" \/>\n<meta name=\"twitter:label1\" content=\"Ansl. lesetid\" \/>\n\t<meta name=\"twitter:data1\" content=\"1 minutt\" \/>\n<script type=\"application\/ld+json\" class=\"yoast-schema-graph\">{\"@context\":\"https:\\\/\\\/schema.org\",\"@graph\":[{\"@type\":\"WebPage\",\"@id\":\"https:\\\/\\\/us-gc.net\\\/no\\\/visumprogram-for-mangfold\\\/\",\"url\":\"https:\\\/\\\/us-gc.net\\\/no\\\/visumprogram-for-mangfold\\\/\",\"name\":\"Det amerikanske Diversity Visa-programmet - USA GC\",\"isPartOf\":{\"@id\":\"https:\\\/\\\/us-gc.net\\\/no\\\/#website\"},\"datePublished\":\"2024-02-13T09:26:58+00:00\",\"dateModified\":\"2024-12-30T09:40:51+00:00\",\"breadcrumb\":{\"@id\":\"https:\\\/\\\/us-gc.net\\\/no\\\/visumprogram-for-mangfold\\\/#breadcrumb\"},\"inLanguage\":\"nb-NO\",\"potentialAction\":[{\"@type\":\"ReadAction\",\"target\":[\"https:\\\/\\\/us-gc.net\\\/no\\\/visumprogram-for-mangfold\\\/\"]}]},{\"@type\":\"BreadcrumbList\",\"@id\":\"https:\\\/\\\/us-gc.net\\\/no\\\/visumprogram-for-mangfold\\\/#breadcrumb\",\"itemListElement\":[{\"@type\":\"ListItem\",\"position\":1,\"name\":\"Accueil\",\"item\":\"https:\\\/\\\/us-gc.net\\\/no\\\/green-card\\\/\"},{\"@type\":\"ListItem\",\"position\":2,\"name\":\"Det amerikanske Diversity Visa-programmet\"}]},{\"@type\":\"WebSite\",\"@id\":\"https:\\\/\\\/us-gc.net\\\/no\\\/#website\",\"url\":\"https:\\\/\\\/us-gc.net\\\/no\\\/\",\"name\":\"USA GC\",\"description\":\"\",\"potentialAction\":[{\"@type\":\"SearchAction\",\"target\":{\"@type\":\"EntryPoint\",\"urlTemplate\":\"https:\\\/\\\/us-gc.net\\\/no\\\/?s={search_term_string}\"},\"query-input\":{\"@type\":\"PropertyValueSpecification\",\"valueRequired\":true,\"valueName\":\"search_term_string\"}}],\"inLanguage\":\"nb-NO\"}]}<\/script>\n<!-- \/ Yoast SEO plugin. -->","yoast_head_json":{"title":"Det amerikanske Diversity Visa-programmet - USA GC","robots":{"index":"index","follow":"follow","max-snippet":"max-snippet:-1","max-image-preview":"max-image-preview:large","max-video-preview":"max-video-preview:-1"},"canonical":"https:\/\/us-gc.net\/no\/visumprogram-for-mangfold\/","og_locale":"nb_NO","og_type":"article","og_title":"Det amerikanske Diversity Visa-programmet - USA GC","og_description":"Diversity Visa-programmet i USA Hva er Diversity Visa Program? Diversity Visa Program er et initiativ fra amerikanske myndigheter for \u00e5 diversifisere den amerikanske innvandrerbefolkningen. Hvert \u00e5r utstedes det mer enn 50 000 visum til personer fra land med lav innvandringsrate til USA. DV-programmet er kjent som green card-lotteriet. Hvordan fungerer det? Deltakelse i Diversity Visa [&hellip;]","og_url":"https:\/\/us-gc.net\/no\/visumprogram-for-mangfold\/","og_site_name":"USA GC","article_modified_time":"2024-12-30T09:40:51+00:00","twitter_card":"summary_large_image","twitter_misc":{"Ansl. lesetid":"1 minutt"},"schema":{"@context":"https:\/\/schema.org","@graph":[{"@type":"WebPage","@id":"https:\/\/us-gc.net\/no\/visumprogram-for-mangfold\/","url":"https:\/\/us-gc.net\/no\/visumprogram-for-mangfold\/","name":"Det amerikanske Diversity Visa-programmet - USA GC","isPartOf":{"@id":"https:\/\/us-gc.net\/no\/#website"},"datePublished":"2024-02-13T09:26:58+00:00","dateModified":"2024-12-30T09:40:51+00:00","breadcrumb":{"@id":"https:\/\/us-gc.net\/no\/visumprogram-for-mangfold\/#breadcrumb"},"inLanguage":"nb-NO","potentialAction":[{"@type":"ReadAction","target":["https:\/\/us-gc.net\/no\/visumprogram-for-mangfold\/"]}]},{"@type":"BreadcrumbList","@id":"https:\/\/us-gc.net\/no\/visumprogram-for-mangfold\/#breadcrumb","itemListElement":[{"@type":"ListItem","position":1,"name":"Accueil","item":"https:\/\/us-gc.net\/no\/green-card\/"},{"@type":"ListItem","position":2,"name":"Det amerikanske Diversity Visa-programmet"}]},{"@type":"WebSite","@id":"https:\/\/us-gc.net\/no\/#website","url":"https:\/\/us-gc.net\/no\/","name":"USA GC","description":"","potentialAction":[{"@type":"SearchAction","target":{"@type":"EntryPoint","urlTemplate":"https:\/\/us-gc.net\/no\/?s={search_term_string}"},"query-input":{"@type":"PropertyValueSpecification","valueRequired":true,"valueName":"search_term_string"}}],"inLanguage":"nb-NO"}]}},"_links":{"self":[{"href":"https:\/\/us-gc.net\/no\/wp-json\/wp\/v2\/pages\/2234","targetHints":{"allow":["GET"]}}],"collection":[{"href":"https:\/\/us-gc.net\/no\/wp-json\/wp\/v2\/pages"}],"about":[{"href":"https:\/\/us-gc.net\/no\/wp-json\/wp\/v2\/types\/page"}],"author":[{"embeddable":true,"href":"https:\/\/us-gc.net\/no\/wp-json\/wp\/v2\/users\/1"}],"replies":[{"embeddable":true,"href":"https:\/\/us-gc.net\/no\/wp-json\/wp\/v2\/comments?post=2234"}],"version-history":[{"count":1,"href":"https:\/\/us-gc.net\/no\/wp-json\/wp\/v2\/pages\/2234\/revisions"}],"predecessor-version":[{"id":7727,"href":"https:\/\/us-gc.net\/no\/wp-json\/wp\/v2\/pages\/2234\/revisions\/7727"}],"wp:attachment":[{"href":"https:\/\/us-gc.net\/no\/wp-json\/wp\/v2\/media?parent=2234"}],"curies":[{"name":"wp","href":"https:\/\/api.w.org\/{rel}","templated":true}]}}