{"id":1509,"date":"2024-02-08T15:57:06","date_gmt":"2024-02-08T15:57:06","guid":{"rendered":"https:\/\/green-card-usa.net\/green-card-prisen\/"},"modified":"2025-03-31T11:22:37","modified_gmt":"2025-03-31T11:22:37","slug":"green-card-prisen","status":"publish","type":"page","link":"https:\/\/us-gc.net\/no\/green-card-prisen\/","title":{"rendered":"Hvor mye koster det Green Card?"},"content":{"rendered":"\n<h1 class=\"wp-block-heading\" id=\"h-prix-a-payer-pour-obtenir-la-green-card\">Kostnader for \u00e5 f\u00e5 Green Card<\/h1>\n\n<p>Kostnaden for \u00e5 f\u00e5 et Green Card avhenger av typen Green Card og s\u00f8kerens situasjon. Det m\u00e5 betales gebyrer i de fire hovedsituasjonene for \u00e5 f\u00e5 Green Card.<\/p>\n\n<h2 class=\"wp-block-heading\" id=\"h-quels-sont-les-frais-d-une-green-card-obtenue-a-la-loterie\">Hvor mye koster et Green Card som er oppn\u00e5dd ved loddtrekning?<\/h2>\n\n<p><a href=\"https:\/\/us-gc.net\/no\/lotteri-green-card\/\">Green Card-lotteriet<\/a> gj\u00f8r det mulig for mer enn 50 000 utenlandske statsborgere \u00e5 vinne retten til \u00e5 f\u00e5 et <a href=\"https:\/\/us-gc.net\/no\/\">Green Card<\/a>. Det er gratis \u00e5 delta i trekningen. S\u00f8kere m\u00e5 imidlertid betale en diversitetsavgift til amerikanske myndigheter for \u00e5 f\u00e5 det gr\u00f8nne kortet de vant i lotteriet.<\/p>\n\n<p>Disse avgiftene refunderes ikke og g\u00e5r direkte til det amerikanske utenriksdepartementet. Gebyret skal dekke departementets kostnader ved \u00e5 administrere DV-programmet og er separat fra eventuelle gebyrer du m\u00e5 betale til USCIS i forbindelse med visums\u00f8knaden din.<\/p>\n\n<p><strong>Gebyret for et mangfoldsvisum oppn\u00e5dd gjennom Green Card-lotteriet er 330 USD<\/strong> per s\u00f8ker som velges i lotteriet. Disse gebyrene m\u00e5 betales f\u00f8r USCIS kan fortsette behandlingen av s\u00f8knaden som er godkjent av <a href=\"https:\/\/www.uscis.gov\/\">USCIS<\/a>. Bel\u00f8pet avhenger av Green Card-s\u00f8kerens opprinnelige status.<\/p>\n\n<p><strong>For \u00e5 sikre deg plass i neste \u00e5rlige trekning<\/strong> m\u00e5 du fylle ut <a href=\"https:\/\/us-gc.net\/no\/green-card-lotteri-skjema\/\">registreringsskjemaet for Green Card-lotteriet<\/a>.<\/p>\n\n<div style=\"height:10px\" aria-hidden=\"true\" class=\"wp-block-spacer\"><\/div>\n\n<h2 class=\"wp-block-heading\" id=\"h-quels-sont-les-frais-d-une-green-card-par-rapprochement-familial\">Hvor mye koster et Green Card for familiegjenforening?<\/h2>\n\n<p>En utenlandsk statsborger som \u00f8nsker \u00e5 bo permanent i USA, trenger et immigrantvisum. Du kan f\u00e5 dette visumet ved \u00e5 bli sponset av en n\u00e6r slektning som er amerikansk statsborger eller har permanent oppholdstillatelse i USA.<\/p>\n\n<h3 class=\"wp-block-heading\" id=\"h-il-existe-deux-types-de-visas-d-immigrant-familiaux\">Det finnes to typer familieinnvandrervisum<\/h3>\n\n<ul class=\"wp-block-list\">\n<li><strong>Fra en n\u00e6r slektning<\/strong>: Disse visumene er basert p\u00e5 et direkte familieforhold til en amerikansk statsborger, for eksempel en ektefelle, et barn eller en forelder. Det er ingen begrensning p\u00e5 antall innvandrere i disse kategoriene hvert \u00e5r.<\/li>\n\n\n\n<li><strong>Familievisum<\/strong>: Disse visumene er beregnet p\u00e5 spesifikke, fjernere familierelasjoner med en amerikansk statsborger og visse spesifiserte relasjoner med en person med permanent oppholdstillatelse. Antallet innvandrere i denne visumkategorien er begrenset hvert \u00e5r.<\/li>\n<\/ul>\n\n<div style=\"height:10px\" aria-hidden=\"true\" class=\"wp-block-spacer\"><\/div>\n\n<p>For begge typer visum: <strong>Gebyret er 325 USD per person<\/strong>. Disse gebyrene kan ikke refunderes.<\/p>\n","protected":false},"excerpt":{"rendered":"<p>Kostnader for \u00e5 f\u00e5 Green Card Kostnaden for \u00e5 f\u00e5 et Green Card avhenger av typen Green Card og s\u00f8kerens situasjon. Det m\u00e5 betales gebyrer i de fire hovedsituasjonene for \u00e5 f\u00e5 Green Card. Hvor mye koster et Green Card som er oppn\u00e5dd ved loddtrekning? Green Card-lotteriet gj\u00f8r det mulig for mer enn 50 000 [&hellip;]<\/p>\n","protected":false},"author":1,"featured_media":0,"parent":0,"menu_order":0,"comment_status":"closed","ping_status":"closed","template":"","meta":{"footnotes":""},"class_list":["post-1509","page","type-page","status-publish","hentry"],"yoast_head":"<!-- This site is optimized with the Yoast SEO plugin v27.4 - https:\/\/yoast.com\/product\/yoast-seo-wordpress\/ -->\n<title>Hvor mye koster det Green Card? - USA GC<\/title>\n<meta name=\"description\" content=\"Hvor mye koster det \u00e5 s\u00f8ke om et amerikansk Green Card? Det avhenger av vilk\u00e5rene for \u00e5 f\u00e5 det.\" \/>\n<meta name=\"robots\" content=\"index, follow, max-snippet:-1, max-image-preview:large, max-video-preview:-1\" \/>\n<link rel=\"canonical\" href=\"https:\/\/us-gc.net\/no\/green-card-prisen\/\" \/>\n<meta property=\"og:locale\" content=\"nb_NO\" \/>\n<meta property=\"og:type\" content=\"article\" \/>\n<meta property=\"og:title\" content=\"Hvor mye koster det Green Card? - USA GC\" \/>\n<meta property=\"og:description\" content=\"Hvor mye koster det \u00e5 s\u00f8ke om et amerikansk Green Card? Det avhenger av vilk\u00e5rene for \u00e5 f\u00e5 det.\" \/>\n<meta property=\"og:url\" content=\"https:\/\/us-gc.net\/no\/green-card-prisen\/\" \/>\n<meta property=\"og:site_name\" content=\"USA GC\" \/>\n<meta property=\"article:modified_time\" content=\"2025-03-31T11:22:37+00:00\" \/>\n<meta name=\"twitter:card\" content=\"summary_large_image\" \/>\n<meta name=\"twitter:label1\" content=\"Ansl. lesetid\" \/>\n\t<meta name=\"twitter:data1\" content=\"2 minutter\" \/>\n<script type=\"application\/ld+json\" class=\"yoast-schema-graph\">{\"@context\":\"https:\\\/\\\/schema.org\",\"@graph\":[{\"@type\":\"WebPage\",\"@id\":\"https:\\\/\\\/us-gc.net\\\/no\\\/green-card-prisen\\\/\",\"url\":\"https:\\\/\\\/us-gc.net\\\/no\\\/green-card-prisen\\\/\",\"name\":\"Hvor mye koster det Green Card? - USA GC\",\"isPartOf\":{\"@id\":\"https:\\\/\\\/us-gc.net\\\/no\\\/#website\"},\"datePublished\":\"2024-02-08T15:57:06+00:00\",\"dateModified\":\"2025-03-31T11:22:37+00:00\",\"description\":\"Hvor mye koster det \u00e5 s\u00f8ke om et amerikansk Green Card? Det avhenger av vilk\u00e5rene for \u00e5 f\u00e5 det.\",\"breadcrumb\":{\"@id\":\"https:\\\/\\\/us-gc.net\\\/no\\\/green-card-prisen\\\/#breadcrumb\"},\"inLanguage\":\"nb-NO\",\"potentialAction\":[{\"@type\":\"ReadAction\",\"target\":[\"https:\\\/\\\/us-gc.net\\\/no\\\/green-card-prisen\\\/\"]}]},{\"@type\":\"BreadcrumbList\",\"@id\":\"https:\\\/\\\/us-gc.net\\\/no\\\/green-card-prisen\\\/#breadcrumb\",\"itemListElement\":[{\"@type\":\"ListItem\",\"position\":1,\"name\":\"Accueil\",\"item\":\"https:\\\/\\\/us-gc.net\\\/no\\\/green-card\\\/\"},{\"@type\":\"ListItem\",\"position\":2,\"name\":\"Hvor mye koster det Green Card?\"}]},{\"@type\":\"WebSite\",\"@id\":\"https:\\\/\\\/us-gc.net\\\/no\\\/#website\",\"url\":\"https:\\\/\\\/us-gc.net\\\/no\\\/\",\"name\":\"USA GC\",\"description\":\"\",\"potentialAction\":[{\"@type\":\"SearchAction\",\"target\":{\"@type\":\"EntryPoint\",\"urlTemplate\":\"https:\\\/\\\/us-gc.net\\\/no\\\/?s={search_term_string}\"},\"query-input\":{\"@type\":\"PropertyValueSpecification\",\"valueRequired\":true,\"valueName\":\"search_term_string\"}}],\"inLanguage\":\"nb-NO\"}]}<\/script>\n<!-- \/ Yoast SEO plugin. -->","yoast_head_json":{"title":"Hvor mye koster det Green Card? - USA GC","description":"Hvor mye koster det \u00e5 s\u00f8ke om et amerikansk Green Card? Det avhenger av vilk\u00e5rene for \u00e5 f\u00e5 det.","robots":{"index":"index","follow":"follow","max-snippet":"max-snippet:-1","max-image-preview":"max-image-preview:large","max-video-preview":"max-video-preview:-1"},"canonical":"https:\/\/us-gc.net\/no\/green-card-prisen\/","og_locale":"nb_NO","og_type":"article","og_title":"Hvor mye koster det Green Card? - USA GC","og_description":"Hvor mye koster det \u00e5 s\u00f8ke om et amerikansk Green Card? Det avhenger av vilk\u00e5rene for \u00e5 f\u00e5 det.","og_url":"https:\/\/us-gc.net\/no\/green-card-prisen\/","og_site_name":"USA GC","article_modified_time":"2025-03-31T11:22:37+00:00","twitter_card":"summary_large_image","twitter_misc":{"Ansl. lesetid":"2 minutter"},"schema":{"@context":"https:\/\/schema.org","@graph":[{"@type":"WebPage","@id":"https:\/\/us-gc.net\/no\/green-card-prisen\/","url":"https:\/\/us-gc.net\/no\/green-card-prisen\/","name":"Hvor mye koster det Green Card? - USA GC","isPartOf":{"@id":"https:\/\/us-gc.net\/no\/#website"},"datePublished":"2024-02-08T15:57:06+00:00","dateModified":"2025-03-31T11:22:37+00:00","description":"Hvor mye koster det \u00e5 s\u00f8ke om et amerikansk Green Card? Det avhenger av vilk\u00e5rene for \u00e5 f\u00e5 det.","breadcrumb":{"@id":"https:\/\/us-gc.net\/no\/green-card-prisen\/#breadcrumb"},"inLanguage":"nb-NO","potentialAction":[{"@type":"ReadAction","target":["https:\/\/us-gc.net\/no\/green-card-prisen\/"]}]},{"@type":"BreadcrumbList","@id":"https:\/\/us-gc.net\/no\/green-card-prisen\/#breadcrumb","itemListElement":[{"@type":"ListItem","position":1,"name":"Accueil","item":"https:\/\/us-gc.net\/no\/green-card\/"},{"@type":"ListItem","position":2,"name":"Hvor mye koster det Green Card?"}]},{"@type":"WebSite","@id":"https:\/\/us-gc.net\/no\/#website","url":"https:\/\/us-gc.net\/no\/","name":"USA GC","description":"","potentialAction":[{"@type":"SearchAction","target":{"@type":"EntryPoint","urlTemplate":"https:\/\/us-gc.net\/no\/?s={search_term_string}"},"query-input":{"@type":"PropertyValueSpecification","valueRequired":true,"valueName":"search_term_string"}}],"inLanguage":"nb-NO"}]}},"_links":{"self":[{"href":"https:\/\/us-gc.net\/no\/wp-json\/wp\/v2\/pages\/1509","targetHints":{"allow":["GET"]}}],"collection":[{"href":"https:\/\/us-gc.net\/no\/wp-json\/wp\/v2\/pages"}],"about":[{"href":"https:\/\/us-gc.net\/no\/wp-json\/wp\/v2\/types\/page"}],"author":[{"embeddable":true,"href":"https:\/\/us-gc.net\/no\/wp-json\/wp\/v2\/users\/1"}],"replies":[{"embeddable":true,"href":"https:\/\/us-gc.net\/no\/wp-json\/wp\/v2\/comments?post=1509"}],"version-history":[{"count":3,"href":"https:\/\/us-gc.net\/no\/wp-json\/wp\/v2\/pages\/1509\/revisions"}],"predecessor-version":[{"id":10147,"href":"https:\/\/us-gc.net\/no\/wp-json\/wp\/v2\/pages\/1509\/revisions\/10147"}],"wp:attachment":[{"href":"https:\/\/us-gc.net\/no\/wp-json\/wp\/v2\/media?parent=1509"}],"curies":[{"name":"wp","href":"https:\/\/api.w.org\/{rel}","templated":true}]}}