{"id":1372,"date":"2024-02-10T08:30:09","date_gmt":"2024-02-10T08:30:09","guid":{"rendered":"https:\/\/green-card-usa.net\/ikke-deltakende-land-green-card-lotteri\/"},"modified":"2024-12-30T09:46:25","modified_gmt":"2024-12-30T09:46:25","slug":"ikke-deltakende-land-green-card-lotteri","status":"publish","type":"page","link":"https:\/\/us-gc.net\/no\/ikke-deltakende-land-green-card-lotteri\/","title":{"rendered":"Land som ikke er kvalifisert for Green Card-lotteriet"},"content":{"rendered":"\n<h1 class=\"wp-block-heading\" id=\"h-liste-des-pays-non-participants-a-la-loterie-de-la-green-card\">Liste over land som ikke deltar i Green Card-lotteriet<\/h1>\n\n<p>USA \u00f8nsker \u00e5 opprettholde en blandet innvandrerbefolkning. Hvert \u00e5r setter Diversity Visa Program opp en liste over land hvis statsborgere ikke f\u00e5r delta i Green Card-lotteriet. Disse ikke-deltakende landene er land der mer enn 50 000 statsborgere har immigrert til USA i l\u00f8pet av de siste fem \u00e5rene og er ikke kvalifisert til \u00e5 delta i \u00e5rets trekning.<\/p>\n\n<h2 class=\"wp-block-heading\" id=\"h-pays-exclus-de-la-loterie-green-card-dv-2024\">Land som er ekskludert fra Green Card DV-2024-lotteriet<\/h2>\n\n<p>For den \u00e5rlige <a href=\"https:\/\/us-gc.net\/no\/green-card-lotteri-2024\/\">DV-2024 Green Card-loddtrekningen<\/a> var ikke innf\u00f8dte i f\u00f8lgende land og regioner kvalifisert, ettersom mer enn 50 000 innf\u00f8dte i disse landene immigrerte til USA de siste fem \u00e5rene: Bangladesh, Brasil, Canada, Canada, Kina (inkludert Hongkong), Colombia, Den dominikanske republikk, El Salvador, Haiti, Honduras, India, Jamaica, Mexico, Nigeria, Pakistan, Filippinene, Filippinene, Republikken Korea, Storbritannia (unntatt Nord-Irland) og dets avhengige territorier, Venezuela og Vietnam.<\/p>\n\n<p><strong>Kinesisk unntak<\/strong>: Personer f\u00f8dt i Macao og Taiwan var kvalifisert.<\/p>\n\n<h2 class=\"wp-block-heading\" id=\"h-pays-exclus-de-la-loterie-green-card-dv-2025\">Land som er ekskludert fra lotteriet Green Card DV-2025<\/h2>\n\n<p>Statsborgere i f\u00f8lgende land er ikke kvalifisert for den \u00e5rlige loddtrekningen av <a href=\"https:\/\/us-gc.net\/no\/lotteri-green-card-2025\/\">DV-2025 Green Card<\/a>: Bangladesh, Brasil, Canada, Kina (inkludert Hong Kong), Colombia, Dominikanske republikk, El Salvador, Haiti, Honduras, India, Jamaica, Mexico, Nigeria, Pakistan, Filippinene, Republikken Korea, Venezuela og Vietnam.<\/p>\n\n<p><strong>Kinesisk unntak<\/strong>: Personer f\u00f8dt i Macao og Taiwan var kvalifisert.<\/p>\n\n<p>Bare ett territorium er fjernet fra listen over ekskluderte land mellom DV-2024- og DV-2025-programmene: <strong>Storbritannia<\/strong>. S\u00e5 britiske statsborgere kunne igjen s\u00f8ke om <a href=\"https:\/\/us-gc.net\/no\/amerikansk-lotteri-gront-kort\/\">Gr\u00f8nt Kort-lotteriet<\/a> som en del av DV-2025-trekningen.<\/p>\n","protected":false},"excerpt":{"rendered":"<p>Liste over land som ikke deltar i Green Card-lotteriet USA \u00f8nsker \u00e5 opprettholde en blandet innvandrerbefolkning. Hvert \u00e5r setter Diversity Visa Program opp en liste over land hvis statsborgere ikke f\u00e5r delta i Green Card-lotteriet. Disse ikke-deltakende landene er land der mer enn 50 000 statsborgere har immigrert til USA i l\u00f8pet av de siste [&hellip;]<\/p>\n","protected":false},"author":1,"featured_media":0,"parent":0,"menu_order":0,"comment_status":"closed","ping_status":"closed","template":"","meta":{"footnotes":""},"class_list":["post-1372","page","type-page","status-publish","hentry"],"yoast_head":"<!-- This site is optimized with the Yoast SEO plugin v27.4 - https:\/\/yoast.com\/product\/yoast-seo-wordpress\/ -->\n<title>Land som ikke er kvalifisert for Green Card-lotteriet - USA GC<\/title>\n<meta name=\"robots\" content=\"index, follow, max-snippet:-1, max-image-preview:large, max-video-preview:-1\" \/>\n<link rel=\"canonical\" href=\"https:\/\/us-gc.net\/no\/ikke-deltakende-land-green-card-lotteri\/\" \/>\n<meta property=\"og:locale\" content=\"nb_NO\" \/>\n<meta property=\"og:type\" content=\"article\" \/>\n<meta property=\"og:title\" content=\"Land som ikke er kvalifisert for Green Card-lotteriet - USA GC\" \/>\n<meta property=\"og:description\" content=\"Liste over land som ikke deltar i Green Card-lotteriet USA \u00f8nsker \u00e5 opprettholde en blandet innvandrerbefolkning. Hvert \u00e5r setter Diversity Visa Program opp en liste over land hvis statsborgere ikke f\u00e5r delta i Green Card-lotteriet. Disse ikke-deltakende landene er land der mer enn 50 000 statsborgere har immigrert til USA i l\u00f8pet av de siste [&hellip;]\" \/>\n<meta property=\"og:url\" content=\"https:\/\/us-gc.net\/no\/ikke-deltakende-land-green-card-lotteri\/\" \/>\n<meta property=\"og:site_name\" content=\"USA GC\" \/>\n<meta property=\"article:modified_time\" content=\"2024-12-30T09:46:25+00:00\" \/>\n<meta name=\"twitter:card\" content=\"summary_large_image\" \/>\n<meta name=\"twitter:label1\" content=\"Ansl. lesetid\" \/>\n\t<meta name=\"twitter:data1\" content=\"1 minutt\" \/>\n<script type=\"application\/ld+json\" class=\"yoast-schema-graph\">{\"@context\":\"https:\\\/\\\/schema.org\",\"@graph\":[{\"@type\":\"WebPage\",\"@id\":\"https:\\\/\\\/us-gc.net\\\/no\\\/ikke-deltakende-land-green-card-lotteri\\\/\",\"url\":\"https:\\\/\\\/us-gc.net\\\/no\\\/ikke-deltakende-land-green-card-lotteri\\\/\",\"name\":\"Land som ikke er kvalifisert for Green Card-lotteriet - USA GC\",\"isPartOf\":{\"@id\":\"https:\\\/\\\/us-gc.net\\\/no\\\/#website\"},\"datePublished\":\"2024-02-10T08:30:09+00:00\",\"dateModified\":\"2024-12-30T09:46:25+00:00\",\"breadcrumb\":{\"@id\":\"https:\\\/\\\/us-gc.net\\\/no\\\/ikke-deltakende-land-green-card-lotteri\\\/#breadcrumb\"},\"inLanguage\":\"nb-NO\",\"potentialAction\":[{\"@type\":\"ReadAction\",\"target\":[\"https:\\\/\\\/us-gc.net\\\/no\\\/ikke-deltakende-land-green-card-lotteri\\\/\"]}]},{\"@type\":\"BreadcrumbList\",\"@id\":\"https:\\\/\\\/us-gc.net\\\/no\\\/ikke-deltakende-land-green-card-lotteri\\\/#breadcrumb\",\"itemListElement\":[{\"@type\":\"ListItem\",\"position\":1,\"name\":\"Accueil\",\"item\":\"https:\\\/\\\/us-gc.net\\\/no\\\/green-card\\\/\"},{\"@type\":\"ListItem\",\"position\":2,\"name\":\"Land som ikke er kvalifisert for Green Card-lotteriet\"}]},{\"@type\":\"WebSite\",\"@id\":\"https:\\\/\\\/us-gc.net\\\/no\\\/#website\",\"url\":\"https:\\\/\\\/us-gc.net\\\/no\\\/\",\"name\":\"USA GC\",\"description\":\"\",\"potentialAction\":[{\"@type\":\"SearchAction\",\"target\":{\"@type\":\"EntryPoint\",\"urlTemplate\":\"https:\\\/\\\/us-gc.net\\\/no\\\/?s={search_term_string}\"},\"query-input\":{\"@type\":\"PropertyValueSpecification\",\"valueRequired\":true,\"valueName\":\"search_term_string\"}}],\"inLanguage\":\"nb-NO\"}]}<\/script>\n<!-- \/ Yoast SEO plugin. -->","yoast_head_json":{"title":"Land som ikke er kvalifisert for Green Card-lotteriet - USA GC","robots":{"index":"index","follow":"follow","max-snippet":"max-snippet:-1","max-image-preview":"max-image-preview:large","max-video-preview":"max-video-preview:-1"},"canonical":"https:\/\/us-gc.net\/no\/ikke-deltakende-land-green-card-lotteri\/","og_locale":"nb_NO","og_type":"article","og_title":"Land som ikke er kvalifisert for Green Card-lotteriet - USA GC","og_description":"Liste over land som ikke deltar i Green Card-lotteriet USA \u00f8nsker \u00e5 opprettholde en blandet innvandrerbefolkning. Hvert \u00e5r setter Diversity Visa Program opp en liste over land hvis statsborgere ikke f\u00e5r delta i Green Card-lotteriet. Disse ikke-deltakende landene er land der mer enn 50 000 statsborgere har immigrert til USA i l\u00f8pet av de siste [&hellip;]","og_url":"https:\/\/us-gc.net\/no\/ikke-deltakende-land-green-card-lotteri\/","og_site_name":"USA GC","article_modified_time":"2024-12-30T09:46:25+00:00","twitter_card":"summary_large_image","twitter_misc":{"Ansl. lesetid":"1 minutt"},"schema":{"@context":"https:\/\/schema.org","@graph":[{"@type":"WebPage","@id":"https:\/\/us-gc.net\/no\/ikke-deltakende-land-green-card-lotteri\/","url":"https:\/\/us-gc.net\/no\/ikke-deltakende-land-green-card-lotteri\/","name":"Land som ikke er kvalifisert for Green Card-lotteriet - USA GC","isPartOf":{"@id":"https:\/\/us-gc.net\/no\/#website"},"datePublished":"2024-02-10T08:30:09+00:00","dateModified":"2024-12-30T09:46:25+00:00","breadcrumb":{"@id":"https:\/\/us-gc.net\/no\/ikke-deltakende-land-green-card-lotteri\/#breadcrumb"},"inLanguage":"nb-NO","potentialAction":[{"@type":"ReadAction","target":["https:\/\/us-gc.net\/no\/ikke-deltakende-land-green-card-lotteri\/"]}]},{"@type":"BreadcrumbList","@id":"https:\/\/us-gc.net\/no\/ikke-deltakende-land-green-card-lotteri\/#breadcrumb","itemListElement":[{"@type":"ListItem","position":1,"name":"Accueil","item":"https:\/\/us-gc.net\/no\/green-card\/"},{"@type":"ListItem","position":2,"name":"Land som ikke er kvalifisert for Green Card-lotteriet"}]},{"@type":"WebSite","@id":"https:\/\/us-gc.net\/no\/#website","url":"https:\/\/us-gc.net\/no\/","name":"USA GC","description":"","potentialAction":[{"@type":"SearchAction","target":{"@type":"EntryPoint","urlTemplate":"https:\/\/us-gc.net\/no\/?s={search_term_string}"},"query-input":{"@type":"PropertyValueSpecification","valueRequired":true,"valueName":"search_term_string"}}],"inLanguage":"nb-NO"}]}},"_links":{"self":[{"href":"https:\/\/us-gc.net\/no\/wp-json\/wp\/v2\/pages\/1372","targetHints":{"allow":["GET"]}}],"collection":[{"href":"https:\/\/us-gc.net\/no\/wp-json\/wp\/v2\/pages"}],"about":[{"href":"https:\/\/us-gc.net\/no\/wp-json\/wp\/v2\/types\/page"}],"author":[{"embeddable":true,"href":"https:\/\/us-gc.net\/no\/wp-json\/wp\/v2\/users\/1"}],"replies":[{"embeddable":true,"href":"https:\/\/us-gc.net\/no\/wp-json\/wp\/v2\/comments?post=1372"}],"version-history":[{"count":1,"href":"https:\/\/us-gc.net\/no\/wp-json\/wp\/v2\/pages\/1372\/revisions"}],"predecessor-version":[{"id":8037,"href":"https:\/\/us-gc.net\/no\/wp-json\/wp\/v2\/pages\/1372\/revisions\/8037"}],"wp:attachment":[{"href":"https:\/\/us-gc.net\/no\/wp-json\/wp\/v2\/media?parent=1372"}],"curies":[{"name":"wp","href":"https:\/\/api.w.org\/{rel}","templated":true}]}}