{"id":1286,"date":"2024-01-31T16:45:20","date_gmt":"2024-01-31T16:45:20","guid":{"rendered":"https:\/\/green-card-usa.net\/forskjell-grenn-card-og-visum\/"},"modified":"2024-12-30T09:38:52","modified_gmt":"2024-12-30T09:38:52","slug":"forskjell-grenn-card-og-visum","status":"publish","type":"page","link":"https:\/\/us-gc.net\/no\/forskjell-grenn-card-og-visum\/","title":{"rendered":"Forskjellen mellom et Green Card og et visum til USA"},"content":{"rendered":"\n<h1 class=\"wp-block-heading\" id=\"h-quelle-est-la-difference-entre-une-green-card-et-un-visa-americain\">Hva er forskjellen mellom et Green Card og et amerikansk visum?<\/h1>\n\n<p>Begrepene &laquo;Green Card&raquo; og &laquo;US-visum&raquo; blandes av og til sammen, men de representerer to helt forskjellige oppholdstillatelser i USA. For \u00e5 hjelpe deg med \u00e5 forst\u00e5 forskjellene g\u00e5r vi gjennom prinsippene for de to autorisasjonene og de viktigste forskjellene mellom dem.<\/p>\n\n<h2 class=\"wp-block-heading\" id=\"h-qu-est-ce-qu-une-green-card\">Hva er et gr\u00f8nt kort?<\/h2>\n\n<p><a href=\"https:\/\/us-gc.net\/no\/\">Green Card<\/a> er et permanent oppholdskort. Det gir innehaveren rett til \u00e5 bo og arbeide permanent i USA. I motsetning til et midlertidig visum gir Green Card permanent oppholdsstatus. Det \u00e5pner for amerikansk statsborgerskap etter en bestemt periode.<\/p>\n\n<h2 class=\"wp-block-heading\" id=\"h-qu-est-ce-qu-un-visa-americain\">Hva er et amerikansk visum?<\/h2>\n\n<p>Et amerikansk visum er et dokument utstedt av en amerikansk ambassade som gj\u00f8r det mulig for en person \u00e5 reise til USAs grense og s\u00f8ke om tillatelse til \u00e5 reise inn i landet. Visum er for midlertidig opphold eller permanent innvandring, men gir ikke permanent oppholdsstatus.<\/p>\n\n<h2 class=\"wp-block-heading\" id=\"h-les-differences-cles-entre-visa-et-green-card\">De viktigste forskjellene mellom et visum og et Green Card<\/h2>\n\n<ol class=\"wp-block-list\">\n<li><strong>Form\u00e5l<\/strong>: Green Card er beregnet p\u00e5 dem som \u00f8nsker \u00e5 bli permanent bosatt i USA. Et amerikansk visum brukes for \u00e5 reise inn i USA midlertidig eller for \u00e5 immigrere f\u00f8r du f\u00e5r et Green Card.<\/li>\n\n\n\n<li><strong>Varighet<\/strong>: Et Green Card er gyldig i 10 \u00e5r for fastboende og m\u00e5 fornyes, men statusen forblir permanent. Visumet har en bestemt varighet som bestemmes av visumtypen og form\u00e5let med oppholdet.<\/li>\n\n\n\n<li><strong>Rettigheter<\/strong>: Green Card-innehavere kan jobbe hvor som helst i USA og nyte godt av visse sosiale goder. Visuminnehavere er begrenset av vilk\u00e5rene for det spesifikke visumet.<\/li>\n\n\n\n<li><strong>S\u00f8knadsprosess<\/strong>: Prosedyren for \u00e5 f\u00e5 Green Card er ofte basert p\u00e5 familie, arbeid eller andre spesielle kategorier. Det er ogs\u00e5 mulig \u00e5 f\u00e5 <a href=\"https:\/\/us-gc.net\/no\/lotteri-green-card\/\">Green Card ved loddtrekning<\/a>. Visumprosessen begynner vanligvis med en s\u00f8knad til USAs ambassade eller konsulat.<\/li>\n<\/ol>\n","protected":false},"excerpt":{"rendered":"<p>Hva er forskjellen mellom et Green Card og et amerikansk visum? Begrepene &laquo;Green Card&raquo; og &laquo;US-visum&raquo; blandes av og til sammen, men de representerer to helt forskjellige oppholdstillatelser i USA. For \u00e5 hjelpe deg med \u00e5 forst\u00e5 forskjellene g\u00e5r vi gjennom prinsippene for de to autorisasjonene og de viktigste forskjellene mellom dem. Hva er et [&hellip;]<\/p>\n","protected":false},"author":1,"featured_media":0,"parent":0,"menu_order":0,"comment_status":"closed","ping_status":"closed","template":"","meta":{"footnotes":""},"class_list":["post-1286","page","type-page","status-publish","hentry"],"yoast_head":"<!-- This site is optimized with the Yoast SEO plugin v27.4 - https:\/\/yoast.com\/product\/yoast-seo-wordpress\/ -->\n<title>Forskjellen mellom et Green Card og et visum til USA - USA GC<\/title>\n<meta name=\"description\" content=\"Hva er forskjellen mellom et Green Card og et amerikansk reisevisum? Disse to dokumentene har ikke samme funksjon.\" \/>\n<meta name=\"robots\" content=\"index, follow, max-snippet:-1, max-image-preview:large, max-video-preview:-1\" \/>\n<link rel=\"canonical\" href=\"https:\/\/us-gc.net\/no\/forskjell-grenn-card-og-visum\/\" \/>\n<meta property=\"og:locale\" content=\"nb_NO\" \/>\n<meta property=\"og:type\" content=\"article\" \/>\n<meta property=\"og:title\" content=\"Forskjellen mellom et Green Card og et visum til USA - USA GC\" \/>\n<meta property=\"og:description\" content=\"Hva er forskjellen mellom et Green Card og et amerikansk reisevisum? Disse to dokumentene har ikke samme funksjon.\" \/>\n<meta property=\"og:url\" content=\"https:\/\/us-gc.net\/no\/forskjell-grenn-card-og-visum\/\" \/>\n<meta property=\"og:site_name\" content=\"USA GC\" \/>\n<meta property=\"article:modified_time\" content=\"2024-12-30T09:38:52+00:00\" \/>\n<meta name=\"twitter:card\" content=\"summary_large_image\" \/>\n<meta name=\"twitter:label1\" content=\"Ansl. lesetid\" \/>\n\t<meta name=\"twitter:data1\" content=\"1 minutt\" \/>\n<script type=\"application\/ld+json\" class=\"yoast-schema-graph\">{\"@context\":\"https:\\\/\\\/schema.org\",\"@graph\":[{\"@type\":\"WebPage\",\"@id\":\"https:\\\/\\\/us-gc.net\\\/no\\\/forskjell-grenn-card-og-visum\\\/\",\"url\":\"https:\\\/\\\/us-gc.net\\\/no\\\/forskjell-grenn-card-og-visum\\\/\",\"name\":\"Forskjellen mellom et Green Card og et visum til USA - USA GC\",\"isPartOf\":{\"@id\":\"https:\\\/\\\/us-gc.net\\\/no\\\/#website\"},\"datePublished\":\"2024-01-31T16:45:20+00:00\",\"dateModified\":\"2024-12-30T09:38:52+00:00\",\"description\":\"Hva er forskjellen mellom et Green Card og et amerikansk reisevisum? Disse to dokumentene har ikke samme funksjon.\",\"breadcrumb\":{\"@id\":\"https:\\\/\\\/us-gc.net\\\/no\\\/forskjell-grenn-card-og-visum\\\/#breadcrumb\"},\"inLanguage\":\"nb-NO\",\"potentialAction\":[{\"@type\":\"ReadAction\",\"target\":[\"https:\\\/\\\/us-gc.net\\\/no\\\/forskjell-grenn-card-og-visum\\\/\"]}]},{\"@type\":\"BreadcrumbList\",\"@id\":\"https:\\\/\\\/us-gc.net\\\/no\\\/forskjell-grenn-card-og-visum\\\/#breadcrumb\",\"itemListElement\":[{\"@type\":\"ListItem\",\"position\":1,\"name\":\"Accueil\",\"item\":\"https:\\\/\\\/us-gc.net\\\/no\\\/green-card\\\/\"},{\"@type\":\"ListItem\",\"position\":2,\"name\":\"Forskjellen mellom et Green Card og et visum til USA\"}]},{\"@type\":\"WebSite\",\"@id\":\"https:\\\/\\\/us-gc.net\\\/no\\\/#website\",\"url\":\"https:\\\/\\\/us-gc.net\\\/no\\\/\",\"name\":\"USA GC\",\"description\":\"\",\"potentialAction\":[{\"@type\":\"SearchAction\",\"target\":{\"@type\":\"EntryPoint\",\"urlTemplate\":\"https:\\\/\\\/us-gc.net\\\/no\\\/?s={search_term_string}\"},\"query-input\":{\"@type\":\"PropertyValueSpecification\",\"valueRequired\":true,\"valueName\":\"search_term_string\"}}],\"inLanguage\":\"nb-NO\"}]}<\/script>\n<!-- \/ Yoast SEO plugin. -->","yoast_head_json":{"title":"Forskjellen mellom et Green Card og et visum til USA - USA GC","description":"Hva er forskjellen mellom et Green Card og et amerikansk reisevisum? Disse to dokumentene har ikke samme funksjon.","robots":{"index":"index","follow":"follow","max-snippet":"max-snippet:-1","max-image-preview":"max-image-preview:large","max-video-preview":"max-video-preview:-1"},"canonical":"https:\/\/us-gc.net\/no\/forskjell-grenn-card-og-visum\/","og_locale":"nb_NO","og_type":"article","og_title":"Forskjellen mellom et Green Card og et visum til USA - USA GC","og_description":"Hva er forskjellen mellom et Green Card og et amerikansk reisevisum? Disse to dokumentene har ikke samme funksjon.","og_url":"https:\/\/us-gc.net\/no\/forskjell-grenn-card-og-visum\/","og_site_name":"USA GC","article_modified_time":"2024-12-30T09:38:52+00:00","twitter_card":"summary_large_image","twitter_misc":{"Ansl. lesetid":"1 minutt"},"schema":{"@context":"https:\/\/schema.org","@graph":[{"@type":"WebPage","@id":"https:\/\/us-gc.net\/no\/forskjell-grenn-card-og-visum\/","url":"https:\/\/us-gc.net\/no\/forskjell-grenn-card-og-visum\/","name":"Forskjellen mellom et Green Card og et visum til USA - USA GC","isPartOf":{"@id":"https:\/\/us-gc.net\/no\/#website"},"datePublished":"2024-01-31T16:45:20+00:00","dateModified":"2024-12-30T09:38:52+00:00","description":"Hva er forskjellen mellom et Green Card og et amerikansk reisevisum? Disse to dokumentene har ikke samme funksjon.","breadcrumb":{"@id":"https:\/\/us-gc.net\/no\/forskjell-grenn-card-og-visum\/#breadcrumb"},"inLanguage":"nb-NO","potentialAction":[{"@type":"ReadAction","target":["https:\/\/us-gc.net\/no\/forskjell-grenn-card-og-visum\/"]}]},{"@type":"BreadcrumbList","@id":"https:\/\/us-gc.net\/no\/forskjell-grenn-card-og-visum\/#breadcrumb","itemListElement":[{"@type":"ListItem","position":1,"name":"Accueil","item":"https:\/\/us-gc.net\/no\/green-card\/"},{"@type":"ListItem","position":2,"name":"Forskjellen mellom et Green Card og et visum til USA"}]},{"@type":"WebSite","@id":"https:\/\/us-gc.net\/no\/#website","url":"https:\/\/us-gc.net\/no\/","name":"USA GC","description":"","potentialAction":[{"@type":"SearchAction","target":{"@type":"EntryPoint","urlTemplate":"https:\/\/us-gc.net\/no\/?s={search_term_string}"},"query-input":{"@type":"PropertyValueSpecification","valueRequired":true,"valueName":"search_term_string"}}],"inLanguage":"nb-NO"}]}},"_links":{"self":[{"href":"https:\/\/us-gc.net\/no\/wp-json\/wp\/v2\/pages\/1286","targetHints":{"allow":["GET"]}}],"collection":[{"href":"https:\/\/us-gc.net\/no\/wp-json\/wp\/v2\/pages"}],"about":[{"href":"https:\/\/us-gc.net\/no\/wp-json\/wp\/v2\/types\/page"}],"author":[{"embeddable":true,"href":"https:\/\/us-gc.net\/no\/wp-json\/wp\/v2\/users\/1"}],"replies":[{"embeddable":true,"href":"https:\/\/us-gc.net\/no\/wp-json\/wp\/v2\/comments?post=1286"}],"version-history":[{"count":1,"href":"https:\/\/us-gc.net\/no\/wp-json\/wp\/v2\/pages\/1286\/revisions"}],"predecessor-version":[{"id":7595,"href":"https:\/\/us-gc.net\/no\/wp-json\/wp\/v2\/pages\/1286\/revisions\/7595"}],"wp:attachment":[{"href":"https:\/\/us-gc.net\/no\/wp-json\/wp\/v2\/media?parent=1286"}],"curies":[{"name":"wp","href":"https:\/\/api.w.org\/{rel}","templated":true}]}}