{"id":1256,"date":"2024-01-31T16:27:17","date_gmt":"2024-01-31T16:27:17","guid":{"rendered":"https:\/\/green-card-usa.net\/green-card-intervju\/"},"modified":"2024-12-30T09:41:03","modified_gmt":"2024-12-30T09:41:03","slug":"green-card-intervju","status":"publish","type":"page","link":"https:\/\/us-gc.net\/no\/green-card-intervju\/","title":{"rendered":"Slik f\u00e5r du Green Card"},"content":{"rendered":"\n<h1 class=\"wp-block-heading\" id=\"h-comment-preparer-l-entretien-pour-la-green-card\">Slik forbereder du deg til Green Card-intervjuet<\/h1>\n\n<h3 class=\"wp-block-heading\" id=\"h-confirmation-du-rendez-vous-pour-passer-l-entretien\">Bekreftelse p\u00e5 innkalling til intervju<\/h3>\n\n<p>N\u00e5r amerikanske myndigheter har gjennomg\u00e5tt det utfylte DS-260-skjemaet, vil s\u00f8keren motta en e-post med informasjon om at det er avtalt et intervju p\u00e5 den valgte amerikanske ambassaden eller konsulatet. S\u00f8kere m\u00e5 logge seg inn p\u00e5 <a href=\"https:\/\/us-gc.net\/no\/visumprogram-for-mangfold\/\">Diversity Visa-programmets<\/a> nettside ved hjelp av registreringsnummeret sitt. P\u00e5 denne m\u00e5ten kan de bekrefte dato, tid og sted for intervjuet.<\/p>\n\n<h3 class=\"wp-block-heading\" id=\"h-preparation-de-l-interview\">Forberedelser til intervjuet<\/h3>\n\n<p>Det er viktig \u00e5 forberede seg til intervjuet. Kandidaten m\u00e5 gjennomf\u00f8re f\u00f8lgende viktige trinn f\u00f8r intervjudatoen:<\/p>\n\n<ol class=\"wp-block-list\">\n<li>Unders\u00f8k informasjonen som deltaker p\u00e5 <a href=\"https:\/\/us-gc.net\/no\/visumprogram-for-mangfold\/\">DV-programmets<\/a> nettsted ;<\/li>\n\n\n\n<li>Se intervjuinstruksene til ambassaden der intervjuet finner sted;<\/li>\n\n\n\n<li>Planlegging og gjennomf\u00f8ring av en medisinsk unders\u00f8kelse. Du m\u00e5 bestille time hos en godkjent lege i landet der du skal intervjues. Du m\u00e5 best\u00e5 den medisinske unders\u00f8kelsen og eventuelle n\u00f8dvendige vaksinasjoner f\u00f8r datoen for visumintervjuet. N\u00e5r legeunders\u00f8kelsen er fullf\u00f8rt, vil du motta en forseglet konvolutt som du kan ta med deg til visumintervjuet. Noen leger sender resultatet av legeunders\u00f8kelsen direkte til ambassaden eller konsulatet.<\/li>\n\n\n\n<li>Samle inn fotografier og alle n\u00f8dvendige dokumenter. Hver s\u00f8ker m\u00e5 ta med to identiske <a href=\"https:\/\/us-gc.net\/no\/green-card-foto\/\">Green Card-bilder<\/a> til intervjuet.<\/li>\n<\/ol>\n\n<div style=\"height:10px\" aria-hidden=\"true\" class=\"wp-block-spacer\"><\/div>\n\n<h3 class=\"wp-block-heading\" id=\"h-documents-a-fournir-lors-de-l-entretien-pour-la-green-card\">Dokumenter som skal fremlegges ved Green Card-intervjuet<\/h3>\n\n<p>Ved intervjuet p\u00e5 den <a href=\"https:\/\/www.usembassy.gov\/\">amerikanske ambassaden<\/a> m\u00e5 s\u00f8keren legge frem f\u00f8lgende informasjon:<\/p>\n\n<ul class=\"wp-block-list\">\n<li>Avtaleinformasjon skrives ut fra deltakerens konto p\u00e5 <a href=\"https:\/\/us-gc.net\/no\/visumprogram-for-mangfold\/\">DV-programmets<\/a> nettsted;<\/li>\n\n\n\n<li>Bekreftelsessiden p\u00e5 det utskrevne DS-260-skjemaet ;<\/li>\n\n\n\n<li>Et pass som er gyldig i seks m\u00e5neder etter planlagt innreisedato til USA;<\/li>\n\n\n\n<li>Originaldokumenter eller bekreftede kopier av sivile dokumenter som ble sendt til Kentucky Consular Center da DS-260-skjemaet ble validert.<\/li>\n<\/ul>\n\n<div style=\"height:10px\" aria-hidden=\"true\" class=\"wp-block-spacer\"><\/div>\n\n<h3 class=\"wp-block-heading\" id=\"h-payer-les-frais-de-visa\">Betaling av visumavgifter<\/h3>\n\n<p>F\u00f8r intervjuet p\u00e5 ambassaden m\u00e5 hver s\u00f8ker betale <a href=\"https:\/\/us-gc.net\/no\/green-card-prisen\/\">gebyret for mangfoldsvisum<\/a>. For <a href=\"https:\/\/us-gc.net\/no\/green-card-lotteri-2024\/\">Green Card 2024 lotteris\u00f8kere<\/a>: <strong>avgiften er $330 per person<\/strong>. Dette gebyret refunderes ikke, uavhengig av utfallet av visums\u00f8knaden til Diversity Programme.<\/p>\n\n<p>Du m\u00e5 s\u00f8rge for \u00e5 betale gebyrene f\u00f8r datoen og tidspunktet for intervjuet ved \u00e5 f\u00f8lge instruksjonene fra den amerikanske ambassaden eller konsulatet der du skal intervjues.<\/p>\n\n<div style=\"height:10px\" aria-hidden=\"true\" class=\"wp-block-spacer\"><\/div>\n\n<h2 class=\"wp-block-heading\" id=\"h-l-entretien-pour-obtenir-la-green-card-peut-il-etre-annule\">Kan Green Card-intervjuet avlyses?<\/h2>\n\n<p>Ja, <a href=\"https:\/\/us-gc.net\/no\/\">Green Card<\/a>-intervjuet kan avlyses eller utsettes under visse omstendigheter. Her er noen grunner til at dette kan skje:<\/p>\n\n<ul class=\"wp-block-list\">\n<li><strong>Kandidatens anmodning om utsettelse<\/strong>: Hvis du har en konflikt eller et n\u00f8dstilfelle, kan du be USCIS om \u00e5 utsette intervjuet. Det er viktig \u00e5 oppgi en gyldig grunn og eventuell dokumentasjon;<\/li>\n\n\n\n<li><strong>Et administrativt problem<\/strong>: USCIS kan avlyse eller utsette et intervju hvis det mangler dokumenter, hvis det er problemer med mappen din, eller hvis saksbehandleren ikke er tilgjengelig;<\/li>\n\n\n\n<li><strong>V\u00e6rforhold eller naturkatastrofer<\/strong>: Uforutsette hendelser som uv\u00e6r eller andre naturkatastrofer kan tvinge USCIS til \u00e5 stenge sine kontorer og avlyse planlagte intervjuer;<\/li>\n\n\n\n<li><strong>Sikkerhets- eller folkehelsehensyn<\/strong>: Situasjoner som pandemier kan f\u00f8re til at intervjuer avlyses av sikkerhets- eller folkehelsehensyn.<\/li>\n<\/ul>\n\n<p>Hvis intervjuet ditt blir avlyst, er det viktig at du holder kontaktinformasjonen din oppdatert hos USCIS for \u00e5 sikre at du mottar all viktig informasjon om saken din.<\/p>\n\n<h2 class=\"wp-block-heading\" id=\"h-peut-on-obtenir-la-green-card-sans-passer-l-interview\">Kan jeg f\u00e5 Green Card uten \u00e5 g\u00e5 p\u00e5 intervju?<\/h2>\n\n<p>De aller fleste Green Card-s\u00f8kere m\u00e5 delta p\u00e5 et intervju. Intervjuet gj\u00f8r det mulig for USCIS \u00e5 verifisere opplysningene i s\u00f8knaden, bekrefte dokumentene og sikre at s\u00f8keren oppfyller alle vilk\u00e5rene for \u00e5 f\u00e5 permanent oppholdstillatelse.  <\/p>\n\n<p>Under visse spesielle omstendigheter kan det imidlertid v\u00e6re at vedlikehold ikke er n\u00f8dvendig. Her er noen situasjoner der dette kan skje:<\/p>\n\n<ul class=\"wp-block-list\">\n<li><strong>Justering av status for visse kategorier av innvandrere<\/strong>: I noen tilfeller kan USCIS bestemme at et intervju ikke er n\u00f8dvendig for bestemte kategorier av innvandrere, og godkjenne s\u00f8knaden om justering av status uten intervju. Dette kan skje for visse kategorier av arbeidsbaserte visum, s\u00e6rlig hvis s\u00f8knaden er spesielt tydelig og fullstendig;<\/li>\n\n\n\n<li><strong>Fritak fra intervju<\/strong>: I sjeldne tilfeller kan USCIS vurdere \u00e5 gi fritak fra intervjuet hvis s\u00f8keren kan bevise at reisen til intervjuet vil medf\u00f8re ekstreme eller un\u00f8dvendige vanskeligheter. Disse situasjonene er unntakstilfeller;<\/li>\n\n\n\n<li><strong>Tidligere erfaringer<\/strong>: I perioder med stor ettersp\u00f8rsel eller operasjonelle begrensninger har USCIS noen ganger justert sin praksis ved \u00e5 begrense antall intervjuer for visse kategorier av s\u00f8kere. Dette har tidligere v\u00e6rt tilfelle for visse fornyelser av Green Card eller statusjusteringer som ikke reiser komplekse sp\u00f8rsm\u00e5l som krever et intervju.<\/li>\n\n\n\n<li><strong>Endringer i retningslinjer som f\u00f8lge av en krise<\/strong>: Under en helsekrise som covid-19-pandemien tilpasset USCIS sine retningslinjer og prosedyrer. Antall n\u00f8dvendige intervjuer er redusert.<\/li>\n<\/ul>\n\n<div style=\"height:10px\" aria-hidden=\"true\" class=\"wp-block-spacer\"><\/div>\n\n<h2 class=\"wp-block-heading\" id=\"h-combien-de-temps-dure-l-entretien\">Hvor lenge varer intervjuet?<\/h2>\n\n<p>Lengden p\u00e5 et intervju for \u00e5 f\u00e5 gr\u00f8nt kort kan variere avhengig av en rekke faktorer. Den varer vanligvis mellom 20 minutter og en time. Sakens kompleksitet, hvilke sp\u00f8rsm\u00e5l saksbehandleren \u00f8nsker \u00e5 ta opp og hvor mange dokumenter som skal kontrolleres, kan p\u00e5virke lengden p\u00e5 intervjuet.<\/p>\n\n<p>Det er lurt \u00e5 komme godt forberedt til intervjuet og v\u00e6re klar til \u00e5 svare utfyllende p\u00e5 alle sp\u00f8rsm\u00e5l. Du b\u00f8r sette av tilstrekkelig tid f\u00f8r og etter intervjuet til eventuelle ytterligere administrative prosedyrer p\u00e5 stedet.<\/p>\n\n<h2 class=\"wp-block-heading\" id=\"h-combien-de-temps-apres-l-entretien-on-obtient-la-green-card\">Hvor lang tid tar det \u00e5 f\u00e5 Green Card etter intervjuet?<\/h2>\n\n<p>Som hovedregel informerer USCIS s\u00f8keren om avgj\u00f8relsen p\u00e5 s\u00f8knaden kort tid etter intervjuet. Hvis s\u00f8knaden godkjennes, kan det ta noen uker f\u00f8r produksjonen og utsendelsen av det gr\u00f8nne kortet er ferdig. USCIS oppgir ofte en estimert tid for mottak av kortet n\u00e5r s\u00f8knaden er godkjent.<\/p>\n\n<p>Det er viktig \u00e5 holde kontakten med USCIS og f\u00f8lge med p\u00e5 statusen for s\u00f8knaden p\u00e5 <a href=\"https:\/\/us-gc.net\/no\/visumprogram-for-mangfold\/\">Diversity Visa Program-nettstedet<\/a>.<\/p>\n","protected":false},"excerpt":{"rendered":"<p>Slik forbereder du deg til Green Card-intervjuet Bekreftelse p\u00e5 innkalling til intervju N\u00e5r amerikanske myndigheter har gjennomg\u00e5tt det utfylte DS-260-skjemaet, vil s\u00f8keren motta en e-post med informasjon om at det er avtalt et intervju p\u00e5 den valgte amerikanske ambassaden eller konsulatet. S\u00f8kere m\u00e5 logge seg inn p\u00e5 Diversity Visa-programmets nettside ved hjelp av registreringsnummeret sitt. [&hellip;]<\/p>\n","protected":false},"author":1,"featured_media":0,"parent":0,"menu_order":0,"comment_status":"closed","ping_status":"closed","template":"","meta":{"footnotes":""},"class_list":["post-1256","page","type-page","status-publish","hentry"],"yoast_head":"<!-- This site is optimized with the Yoast SEO plugin v27.4 - https:\/\/yoast.com\/product\/yoast-seo-wordpress\/ -->\n<title>Slik f\u00e5r du Green Card - USA GC<\/title>\n<meta name=\"description\" content=\"Hvordan gjennomf\u00f8re et vellykket Green Card-intervju\" \/>\n<meta name=\"robots\" content=\"index, follow, max-snippet:-1, max-image-preview:large, max-video-preview:-1\" \/>\n<link rel=\"canonical\" href=\"https:\/\/us-gc.net\/no\/green-card-intervju\/\" \/>\n<meta property=\"og:locale\" content=\"nb_NO\" \/>\n<meta property=\"og:type\" content=\"article\" \/>\n<meta property=\"og:title\" content=\"Slik f\u00e5r du Green Card - USA GC\" \/>\n<meta property=\"og:description\" content=\"Hvordan gjennomf\u00f8re et vellykket Green Card-intervju\" \/>\n<meta property=\"og:url\" content=\"https:\/\/us-gc.net\/no\/green-card-intervju\/\" \/>\n<meta property=\"og:site_name\" content=\"USA GC\" \/>\n<meta property=\"article:modified_time\" content=\"2024-12-30T09:41:03+00:00\" \/>\n<meta name=\"twitter:card\" content=\"summary_large_image\" \/>\n<meta name=\"twitter:label1\" content=\"Ansl. lesetid\" \/>\n\t<meta name=\"twitter:data1\" content=\"4 minutter\" \/>\n<script type=\"application\/ld+json\" class=\"yoast-schema-graph\">{\"@context\":\"https:\\\/\\\/schema.org\",\"@graph\":[{\"@type\":\"WebPage\",\"@id\":\"https:\\\/\\\/us-gc.net\\\/no\\\/green-card-intervju\\\/\",\"url\":\"https:\\\/\\\/us-gc.net\\\/no\\\/green-card-intervju\\\/\",\"name\":\"Slik f\u00e5r du Green Card - USA GC\",\"isPartOf\":{\"@id\":\"https:\\\/\\\/us-gc.net\\\/no\\\/#website\"},\"datePublished\":\"2024-01-31T16:27:17+00:00\",\"dateModified\":\"2024-12-30T09:41:03+00:00\",\"description\":\"Hvordan gjennomf\u00f8re et vellykket Green Card-intervju\",\"breadcrumb\":{\"@id\":\"https:\\\/\\\/us-gc.net\\\/no\\\/green-card-intervju\\\/#breadcrumb\"},\"inLanguage\":\"nb-NO\",\"potentialAction\":[{\"@type\":\"ReadAction\",\"target\":[\"https:\\\/\\\/us-gc.net\\\/no\\\/green-card-intervju\\\/\"]}]},{\"@type\":\"BreadcrumbList\",\"@id\":\"https:\\\/\\\/us-gc.net\\\/no\\\/green-card-intervju\\\/#breadcrumb\",\"itemListElement\":[{\"@type\":\"ListItem\",\"position\":1,\"name\":\"Accueil\",\"item\":\"https:\\\/\\\/us-gc.net\\\/no\\\/green-card\\\/\"},{\"@type\":\"ListItem\",\"position\":2,\"name\":\"Slik f\u00e5r du Green Card\"}]},{\"@type\":\"WebSite\",\"@id\":\"https:\\\/\\\/us-gc.net\\\/no\\\/#website\",\"url\":\"https:\\\/\\\/us-gc.net\\\/no\\\/\",\"name\":\"USA GC\",\"description\":\"\",\"potentialAction\":[{\"@type\":\"SearchAction\",\"target\":{\"@type\":\"EntryPoint\",\"urlTemplate\":\"https:\\\/\\\/us-gc.net\\\/no\\\/?s={search_term_string}\"},\"query-input\":{\"@type\":\"PropertyValueSpecification\",\"valueRequired\":true,\"valueName\":\"search_term_string\"}}],\"inLanguage\":\"nb-NO\"}]}<\/script>\n<!-- \/ Yoast SEO plugin. -->","yoast_head_json":{"title":"Slik f\u00e5r du Green Card - USA GC","description":"Hvordan gjennomf\u00f8re et vellykket Green Card-intervju","robots":{"index":"index","follow":"follow","max-snippet":"max-snippet:-1","max-image-preview":"max-image-preview:large","max-video-preview":"max-video-preview:-1"},"canonical":"https:\/\/us-gc.net\/no\/green-card-intervju\/","og_locale":"nb_NO","og_type":"article","og_title":"Slik f\u00e5r du Green Card - USA GC","og_description":"Hvordan gjennomf\u00f8re et vellykket Green Card-intervju","og_url":"https:\/\/us-gc.net\/no\/green-card-intervju\/","og_site_name":"USA GC","article_modified_time":"2024-12-30T09:41:03+00:00","twitter_card":"summary_large_image","twitter_misc":{"Ansl. lesetid":"4 minutter"},"schema":{"@context":"https:\/\/schema.org","@graph":[{"@type":"WebPage","@id":"https:\/\/us-gc.net\/no\/green-card-intervju\/","url":"https:\/\/us-gc.net\/no\/green-card-intervju\/","name":"Slik f\u00e5r du Green Card - USA GC","isPartOf":{"@id":"https:\/\/us-gc.net\/no\/#website"},"datePublished":"2024-01-31T16:27:17+00:00","dateModified":"2024-12-30T09:41:03+00:00","description":"Hvordan gjennomf\u00f8re et vellykket Green Card-intervju","breadcrumb":{"@id":"https:\/\/us-gc.net\/no\/green-card-intervju\/#breadcrumb"},"inLanguage":"nb-NO","potentialAction":[{"@type":"ReadAction","target":["https:\/\/us-gc.net\/no\/green-card-intervju\/"]}]},{"@type":"BreadcrumbList","@id":"https:\/\/us-gc.net\/no\/green-card-intervju\/#breadcrumb","itemListElement":[{"@type":"ListItem","position":1,"name":"Accueil","item":"https:\/\/us-gc.net\/no\/green-card\/"},{"@type":"ListItem","position":2,"name":"Slik f\u00e5r du Green Card"}]},{"@type":"WebSite","@id":"https:\/\/us-gc.net\/no\/#website","url":"https:\/\/us-gc.net\/no\/","name":"USA GC","description":"","potentialAction":[{"@type":"SearchAction","target":{"@type":"EntryPoint","urlTemplate":"https:\/\/us-gc.net\/no\/?s={search_term_string}"},"query-input":{"@type":"PropertyValueSpecification","valueRequired":true,"valueName":"search_term_string"}}],"inLanguage":"nb-NO"}]}},"_links":{"self":[{"href":"https:\/\/us-gc.net\/no\/wp-json\/wp\/v2\/pages\/1256","targetHints":{"allow":["GET"]}}],"collection":[{"href":"https:\/\/us-gc.net\/no\/wp-json\/wp\/v2\/pages"}],"about":[{"href":"https:\/\/us-gc.net\/no\/wp-json\/wp\/v2\/types\/page"}],"author":[{"embeddable":true,"href":"https:\/\/us-gc.net\/no\/wp-json\/wp\/v2\/users\/1"}],"replies":[{"embeddable":true,"href":"https:\/\/us-gc.net\/no\/wp-json\/wp\/v2\/comments?post=1256"}],"version-history":[{"count":1,"href":"https:\/\/us-gc.net\/no\/wp-json\/wp\/v2\/pages\/1256\/revisions"}],"predecessor-version":[{"id":7749,"href":"https:\/\/us-gc.net\/no\/wp-json\/wp\/v2\/pages\/1256\/revisions\/7749"}],"wp:attachment":[{"href":"https:\/\/us-gc.net\/no\/wp-json\/wp\/v2\/media?parent=1256"}],"curies":[{"name":"wp","href":"https:\/\/api.w.org\/{rel}","templated":true}]}}