{"id":1163,"date":"2024-01-31T16:36:26","date_gmt":"2024-01-31T16:36:26","guid":{"rendered":"https:\/\/green-card-usa.net\/green-card-sponser\/"},"modified":"2024-12-30T09:46:02","modified_gmt":"2024-12-30T09:46:02","slug":"green-card-sponser","status":"publish","type":"page","link":"https:\/\/us-gc.net\/no\/green-card-sponser\/","title":{"rendered":"Sponser en Green Card-s\u00f8ker"},"content":{"rendered":"\n<h1 class=\"wp-block-heading\" id=\"h-obtenir-la-green-card-grace-au-parrainage\">F\u00e5 Green Card gjennom sponsing<\/h1>\n\n<p>Ved \u00e5 f\u00e5 et amerikansk Green Card gjennom en sponsor kan innvandrere f\u00e5 permanent oppholdstillatelse i USA. Her er de viktigste aspektene ved Green Card-sponsing og sponsorens forpliktelser.<\/p>\n\n<h2 class=\"wp-block-heading\" id=\"h-qu-est-ce-que-le-parrainage-de-la-green-card\">Hva er Green Card-sponsing?<\/h2>\n\n<p>Med Green Card-sponsing menes det \u00e5 st\u00f8tte en persons s\u00f8knad om permanent opphold i USA. Denne st\u00f8tten kan komme fra et familiemedlem som allerede er amerikansk statsborger eller <a href=\"https:\/\/us-gc.net\/no\/\">Green Card-innehaver<\/a>, eller fra en amerikansk arbeidsgiver.<\/p>\n\n<p>Sponsoren er en slags moralsk garantist for Green Card-s\u00f8keren.  <\/p>\n\n<h2 class=\"wp-block-heading\" id=\"h-parrainage-familial\">Familiefadderskap<\/h2>\n\n<h3 class=\"wp-block-heading\" id=\"h-le-titulaire-d-une-green-card-peut-il-parrainer-ses-parents\">Kan Green Card-innehavere sponse sine br\u00f8dre og s\u00f8stre?<\/h3>\n\n<p>Nei, Green Card-innehavere kan ikke sponse foreldrene sine. Det er bare amerikanske statsborgere som kan sponse foreldrene sine for et Green Card som n\u00e6rmeste p\u00e5r\u00f8rende.<\/p>\n\n<h3 class=\"wp-block-heading\" id=\"h-le-titulaire-d-une-green-card-peut-il-parrainer-son-conjoint\">Kan en Green Card-innehaver sponse ektefellen sin?<\/h3>\n\n<p>Ja, Green Card-innehavere kan sponse ektefellen sin for permanent opphold i USA.<\/p>\n\n<h3 class=\"wp-block-heading\" id=\"h-le-titulaire-d-une-green-card-peut-il-parrainer-ses-freres-et-soeurs\">Kan Green Card-innehavere sponse sine br\u00f8dre og s\u00f8stre?<\/h3>\n\n<p>Nei, Green Card-innehavere kan ikke sponse sine br\u00f8dre og s\u00f8stre. Dette alternativet er kun tilgjengelig for amerikanske statsborgere.<\/p>\n\n<h3 class=\"wp-block-heading\" id=\"h-le-titulaire-d-une-green-card-peut-il-parrainer-un-enfant-de-plus-de-21-ans\">Kan en Green Card-innehaver sponse et barn over 21 \u00e5r?<\/h3>\n\n<p>Ja, Green Card-innehavere kan sponse sine ugifte barn over 21 \u00e5r, men de faller inn under en preferansekategori, noe som kan f\u00f8re til lengre forsinkelser.<\/p>\n\n<h2 class=\"wp-block-heading\" id=\"h-une-entreprise-peut-elle-sponsoriser-une-green-card\">Kan et selskap sponse et Green Card?<\/h2>\n\n<p>Ja, et selskap kan sponse en ansatt for et Green Card gjennom arbeidssertifiseringsprosessen eller andre ansettelseskategorier.<\/p>\n\n<h2 class=\"wp-block-heading\" id=\"h-les-etapes-pour-obtenir-une-green-card-grace-a-un-sponsor\">Fremgangsm\u00e5te for \u00e5 f\u00e5 Green Card takket v\u00e6re en sponsor<\/h2>\n\n<ol class=\"wp-block-list\">\n<li><strong>Identifisere sponsoren<\/strong>: Finn ut om du er kvalifisert til \u00e5 bli sponset av et familiemedlem eller en arbeidsgiver.<\/li>\n\n\n\n<li><strong>Innlevering av skjema I-130<\/strong> for familiefadderskap. N\u00e5r det gjelder en sponsende arbeidsgiver, m\u00e5 det iverksettes en arbeidssertifiseringsprosess.<\/li>\n\n\n\n<li><strong>Venter p\u00e5 godkjenning: Ventetiden<\/strong> varierer avhengig av sponsorkategori og s\u00f8kerens nasjonale opprinnelse.<\/li>\n\n\n\n<li><strong>Justering av status eller konsul\u00e6r prosess<\/strong>: Hvis du allerede befinner deg i USA, kan du justere statusen din. Ellers m\u00e5 du g\u00e5 gjennom den konsul\u00e6re prosessen i hjemlandet ditt.<\/li>\n\n\n\n<li><strong>Intervju og godkjenning<\/strong>: Delta p\u00e5 et <a href=\"https:\/\/us-gc.net\/no\/green-card-intervju\/\">Green Card-intervju<\/a> p\u00e5 konsulatet eller med <a href=\"https:\/\/www.uscis.gov\/\">USCIS-ansatte<\/a> for \u00e5 godkjenne s\u00f8knaden din.<\/li>\n<\/ol>\n\n<h2 class=\"wp-block-heading\" id=\"h-le-sponsor-peut-il-revoquer-la-green-card\">Kan sponsoren tilbakekalle det gr\u00f8nne kortet?<\/h2>\n\n<p>N\u00e5r det gr\u00f8nne kortet er innvilget, kan sponsoren vanligvis ikke tilbakekalle det. Det finnes imidlertid unntak, s\u00e6rlig hvis det gr\u00f8nne kortet ble oppn\u00e5dd ved svindel.<\/p>\n\n<h2 class=\"wp-block-heading\" id=\"h-faut-il-un-sponsor-pour-participer-a-la-loterie\">Trenger jeg en sponsor for \u00e5 delta i lotteriet?<\/h2>\n\n<p>Nei, du trenger ikke en sponsor for \u00e5 delta i <a href=\"https:\/\/us-gc.net\/no\/lotteri-green-card\/\">Green Card-lotteriet<\/a>. Registreringen gj\u00f8res p\u00e5 nettet i l\u00f8pet av noen f\u00e5 minutter. Klikk p\u00e5 det <a href=\"https:\/\/us-gc.net\/no\/green-card-lotteri-skjema\/\">elektroniske skjemaet<\/a> for \u00e5 sikre din deltakelse.<\/p>\n","protected":false},"excerpt":{"rendered":"<p>F\u00e5 Green Card gjennom sponsing Ved \u00e5 f\u00e5 et amerikansk Green Card gjennom en sponsor kan innvandrere f\u00e5 permanent oppholdstillatelse i USA. Her er de viktigste aspektene ved Green Card-sponsing og sponsorens forpliktelser. Hva er Green Card-sponsing? Med Green Card-sponsing menes det \u00e5 st\u00f8tte en persons s\u00f8knad om permanent opphold i USA. Denne st\u00f8tten kan [&hellip;]<\/p>\n","protected":false},"author":1,"featured_media":0,"parent":0,"menu_order":0,"comment_status":"closed","ping_status":"closed","template":"","meta":{"footnotes":""},"class_list":["post-1163","page","type-page","status-publish","hentry"],"yoast_head":"<!-- This site is optimized with the Yoast SEO plugin v27.4 - https:\/\/yoast.com\/product\/yoast-seo-wordpress\/ -->\n<title>Sponser en Green Card-s\u00f8ker - USA GC<\/title>\n<meta name=\"description\" content=\"Green Card-innehavere kan under visse omstendigheter sponse en Green Card-s\u00f8ker.\" \/>\n<meta name=\"robots\" content=\"index, follow, max-snippet:-1, max-image-preview:large, max-video-preview:-1\" \/>\n<link rel=\"canonical\" href=\"https:\/\/us-gc.net\/no\/green-card-sponser\/\" \/>\n<meta property=\"og:locale\" content=\"nb_NO\" \/>\n<meta property=\"og:type\" content=\"article\" \/>\n<meta property=\"og:title\" content=\"Sponser en Green Card-s\u00f8ker - USA GC\" \/>\n<meta property=\"og:description\" content=\"Green Card-innehavere kan under visse omstendigheter sponse en Green Card-s\u00f8ker.\" \/>\n<meta property=\"og:url\" content=\"https:\/\/us-gc.net\/no\/green-card-sponser\/\" \/>\n<meta property=\"og:site_name\" content=\"USA GC\" \/>\n<meta property=\"article:modified_time\" content=\"2024-12-30T09:46:02+00:00\" \/>\n<meta name=\"twitter:card\" content=\"summary_large_image\" \/>\n<meta name=\"twitter:label1\" content=\"Ansl. lesetid\" \/>\n\t<meta name=\"twitter:data1\" content=\"2 minutter\" \/>\n<script type=\"application\/ld+json\" class=\"yoast-schema-graph\">{\"@context\":\"https:\\\/\\\/schema.org\",\"@graph\":[{\"@type\":\"WebPage\",\"@id\":\"https:\\\/\\\/us-gc.net\\\/no\\\/green-card-sponser\\\/\",\"url\":\"https:\\\/\\\/us-gc.net\\\/no\\\/green-card-sponser\\\/\",\"name\":\"Sponser en Green Card-s\u00f8ker - USA GC\",\"isPartOf\":{\"@id\":\"https:\\\/\\\/us-gc.net\\\/no\\\/#website\"},\"datePublished\":\"2024-01-31T16:36:26+00:00\",\"dateModified\":\"2024-12-30T09:46:02+00:00\",\"description\":\"Green Card-innehavere kan under visse omstendigheter sponse en Green Card-s\u00f8ker.\",\"breadcrumb\":{\"@id\":\"https:\\\/\\\/us-gc.net\\\/no\\\/green-card-sponser\\\/#breadcrumb\"},\"inLanguage\":\"nb-NO\",\"potentialAction\":[{\"@type\":\"ReadAction\",\"target\":[\"https:\\\/\\\/us-gc.net\\\/no\\\/green-card-sponser\\\/\"]}]},{\"@type\":\"BreadcrumbList\",\"@id\":\"https:\\\/\\\/us-gc.net\\\/no\\\/green-card-sponser\\\/#breadcrumb\",\"itemListElement\":[{\"@type\":\"ListItem\",\"position\":1,\"name\":\"Accueil\",\"item\":\"https:\\\/\\\/us-gc.net\\\/no\\\/green-card\\\/\"},{\"@type\":\"ListItem\",\"position\":2,\"name\":\"Sponser en Green Card-s\u00f8ker\"}]},{\"@type\":\"WebSite\",\"@id\":\"https:\\\/\\\/us-gc.net\\\/no\\\/#website\",\"url\":\"https:\\\/\\\/us-gc.net\\\/no\\\/\",\"name\":\"USA GC\",\"description\":\"\",\"potentialAction\":[{\"@type\":\"SearchAction\",\"target\":{\"@type\":\"EntryPoint\",\"urlTemplate\":\"https:\\\/\\\/us-gc.net\\\/no\\\/?s={search_term_string}\"},\"query-input\":{\"@type\":\"PropertyValueSpecification\",\"valueRequired\":true,\"valueName\":\"search_term_string\"}}],\"inLanguage\":\"nb-NO\"}]}<\/script>\n<!-- \/ Yoast SEO plugin. -->","yoast_head_json":{"title":"Sponser en Green Card-s\u00f8ker - USA GC","description":"Green Card-innehavere kan under visse omstendigheter sponse en Green Card-s\u00f8ker.","robots":{"index":"index","follow":"follow","max-snippet":"max-snippet:-1","max-image-preview":"max-image-preview:large","max-video-preview":"max-video-preview:-1"},"canonical":"https:\/\/us-gc.net\/no\/green-card-sponser\/","og_locale":"nb_NO","og_type":"article","og_title":"Sponser en Green Card-s\u00f8ker - USA GC","og_description":"Green Card-innehavere kan under visse omstendigheter sponse en Green Card-s\u00f8ker.","og_url":"https:\/\/us-gc.net\/no\/green-card-sponser\/","og_site_name":"USA GC","article_modified_time":"2024-12-30T09:46:02+00:00","twitter_card":"summary_large_image","twitter_misc":{"Ansl. lesetid":"2 minutter"},"schema":{"@context":"https:\/\/schema.org","@graph":[{"@type":"WebPage","@id":"https:\/\/us-gc.net\/no\/green-card-sponser\/","url":"https:\/\/us-gc.net\/no\/green-card-sponser\/","name":"Sponser en Green Card-s\u00f8ker - USA GC","isPartOf":{"@id":"https:\/\/us-gc.net\/no\/#website"},"datePublished":"2024-01-31T16:36:26+00:00","dateModified":"2024-12-30T09:46:02+00:00","description":"Green Card-innehavere kan under visse omstendigheter sponse en Green Card-s\u00f8ker.","breadcrumb":{"@id":"https:\/\/us-gc.net\/no\/green-card-sponser\/#breadcrumb"},"inLanguage":"nb-NO","potentialAction":[{"@type":"ReadAction","target":["https:\/\/us-gc.net\/no\/green-card-sponser\/"]}]},{"@type":"BreadcrumbList","@id":"https:\/\/us-gc.net\/no\/green-card-sponser\/#breadcrumb","itemListElement":[{"@type":"ListItem","position":1,"name":"Accueil","item":"https:\/\/us-gc.net\/no\/green-card\/"},{"@type":"ListItem","position":2,"name":"Sponser en Green Card-s\u00f8ker"}]},{"@type":"WebSite","@id":"https:\/\/us-gc.net\/no\/#website","url":"https:\/\/us-gc.net\/no\/","name":"USA GC","description":"","potentialAction":[{"@type":"SearchAction","target":{"@type":"EntryPoint","urlTemplate":"https:\/\/us-gc.net\/no\/?s={search_term_string}"},"query-input":{"@type":"PropertyValueSpecification","valueRequired":true,"valueName":"search_term_string"}}],"inLanguage":"nb-NO"}]}},"_links":{"self":[{"href":"https:\/\/us-gc.net\/no\/wp-json\/wp\/v2\/pages\/1163","targetHints":{"allow":["GET"]}}],"collection":[{"href":"https:\/\/us-gc.net\/no\/wp-json\/wp\/v2\/pages"}],"about":[{"href":"https:\/\/us-gc.net\/no\/wp-json\/wp\/v2\/types\/page"}],"author":[{"embeddable":true,"href":"https:\/\/us-gc.net\/no\/wp-json\/wp\/v2\/users\/1"}],"replies":[{"embeddable":true,"href":"https:\/\/us-gc.net\/no\/wp-json\/wp\/v2\/comments?post=1163"}],"version-history":[{"count":1,"href":"https:\/\/us-gc.net\/no\/wp-json\/wp\/v2\/pages\/1163\/revisions"}],"predecessor-version":[{"id":7993,"href":"https:\/\/us-gc.net\/no\/wp-json\/wp\/v2\/pages\/1163\/revisions\/7993"}],"wp:attachment":[{"href":"https:\/\/us-gc.net\/no\/wp-json\/wp\/v2\/media?parent=1163"}],"curies":[{"name":"wp","href":"https:\/\/api.w.org\/{rel}","templated":true}]}}