{"id":1112,"date":"2024-01-31T15:53:04","date_gmt":"2024-01-31T15:53:04","guid":{"rendered":"https:\/\/green-card-usa.net\/amerikansk-lotteri-gront-kort\/"},"modified":"2024-12-30T09:46:12","modified_gmt":"2024-12-30T09:46:12","slug":"amerikansk-lotteri-gront-kort","status":"publish","type":"page","link":"https:\/\/us-gc.net\/no\/amerikansk-lotteri-gront-kort\/","title":{"rendered":"Delta i det amerikanske Gr\u00f8nt Kort-lotteriet"},"content":{"rendered":"\n<h1 class=\"wp-block-heading\" id=\"h-la-carte-verte-permet-de-vivre-aux-etats-unis\">Det gr\u00f8nne kortet gir deg rett til \u00e5 bo i USA.<\/h1>\n\n<p>Hvert \u00e5r pr\u00f8ver tusenvis av borgere fra hele verden \u00e5 f\u00e5 et amerikansk Gr\u00f8nt Kort slik at de kan bo i USA.<\/p>\n\n<h2 class=\"wp-block-heading\" id=\"h-qu-est-ce-que-la-carte-verte\">Hva er det gr\u00f8nne kortet?<\/h2>\n\n<p>Gr\u00f8nt Kort er et amerikansk kort som gir innehaveren rett til permanent opphold i USA. Den gj\u00f8r det mulig for utlendinger \u00e5 arbeide lovlig i USA. Denne oppholdstillatelsen er kjent over hele verden som American Gr\u00f8nt Kort fordi det er et gr\u00f8nt kort.<\/p>\n\n<h2 class=\"wp-block-heading\" id=\"h-comment-obtenir-une-carte-verte\">Hvordan f\u00e5r jeg et gr\u00f8nt kort?<\/h2>\n\n<p>Det er flere m\u00e5ter \u00e5 f\u00e5 Gr\u00f8nt Kort p\u00e5 i USA. Utenlandske Gr\u00f8nt Kort-s\u00f8kere kan s\u00f8ke av f\u00f8lgende grunner:<\/p>\n\n<ul class=\"wp-block-list\">\n<li><a href=\"https:\/\/us-gc.net\/no\/green-card-ved-ekteskap\/\">Gr\u00f8nt Kort gjennom ekteskap<\/a> med en amerikansk Gr\u00f8nt Kort-innehaver;<\/li>\n\n\n\n<li>Oppn\u00e5else av <a href=\"https:\/\/us-gc.net\/no\/green-card-for-sysselsetting\/\">Gr\u00f8nt Kort gjennom arbeid<\/a>;<\/li>\n\n\n\n<li>Oppn\u00e5 <a href=\"https:\/\/us-gc.net\/no\/green-card-sponser\/\">Gr\u00f8nt Kort takket v\u00e6re en familie-eller bedriftssponsor<\/a>;<\/li>\n<\/ul>\n\n<div style=\"height:10px\" aria-hidden=\"true\" class=\"wp-block-spacer\"><\/div>\n\n<p>Det finnes andre m\u00e5ter \u00e5 f\u00e5 Gr\u00f8nt Kort p\u00e5. Den mest ettertraktede m\u00e5ten \u00e5 f\u00e5 Gr\u00f8nt Kort p\u00e5 verdensbasis er gjennom det amerikanske lotteriet. <strong>Du kan delta i dette \u00e5rlige lotteriet ved \u00e5 registrere deg online<\/strong> p\u00e5 bare noen f\u00e5 minutter ved \u00e5 klikke p\u00e5 det <a href=\"https:\/\/us-gc.net\/no\/green-card-lotteri-skjema\/\">elektroniske skjemaet<\/a>.<\/p>\n\n<div style=\"height:10px\" aria-hidden=\"true\" class=\"wp-block-spacer\"><\/div>\n\n<h2 class=\"wp-block-heading\" id=\"h-qu-est-ce-que-la-loterie-americaine-de-la-carte-verte\">Hva er det amerikanske Gr\u00f8nt Kort-lotteriet?<\/h2>\n\n<p>USA har opprettet Diversity Visa Program for \u00e5 h\u00e5ndtere utenlandsk innvandring. Dette er et \u00e5rlig lotteri der flere millioner utlendinger deltar hvert \u00e5r for \u00e5 f\u00e5 ett av de 50 000 gr\u00f8nne kortene som tilbys ved loddtrekning.<\/p>\n\n<h2 class=\"wp-block-heading\" id=\"h-quand-se-deroule-le-tirage-de-la-loterie-carte-verte\">N\u00e5r finner trekningen av Gr\u00f8nt Kort-lotteriet sted?<\/h2>\n\n<p>Gr\u00f8nt Kort-lotteriet avholdes en gang i \u00e5ret. Den finner sted p\u00e5 slutten av \u00e5ret i november. Loddtrekningene er derfor betegnet etter \u00e5ret: det er <a href=\"https:\/\/us-gc.net\/no\/green-card-lotteri-2024\/\">Gr\u00f8nt Kort Lottery 2024<\/a>, <a href=\"https:\/\/us-gc.net\/no\/lotteri-green-card-2025\/\">Gr\u00f8nt Kort Lottery 2025<\/a> og <a href=\"https:\/\/us-gc.net\/no\/lotteriet-green-card-2026\/\">Gr\u00f8nt Kort Lottery 2026<\/a>. Kandidater m\u00e5 registrere seg f\u00f8r registreringsfristen utl\u00f8per for \u00e5 delta i trekningen. <a href=\"https:\/\/us-gc.net\/no\/resultater-lotteri-green-card\/\">Resultatene av Gr\u00f8nt Kort-lotteriet<\/a> publiseres deretter direkte p\u00e5 nettet.<\/p>\n\n<h2 class=\"wp-block-heading\" id=\"h-comment-s-inscrire-a-la-loterie\">Hvordan deltar jeg i lotteriet?<\/h2>\n\n<p>S\u00f8kere m\u00e5 f\u00f8rst sjekke om de er kvalifisert til \u00e5 delta i lotteriet. Hvert \u00e5r publiserer amerikanske myndigheter en liste over <a href=\"https:\/\/us-gc.net\/no\/ikke-deltakende-land-green-card-lotteri\/\">land som ikke har tillatelse til \u00e5 delta i Gr\u00f8nt Kort-lotteriet<\/a>.<\/p>\n\n<p>S\u00f8kere til Gr\u00f8nt Kort-lotteriet m\u00e5 registrere seg direkte p\u00e5 nettet. m\u00e5 de fylle ut <a href=\"https:\/\/us-gc.net\/no\/green-card-lotteri-skjema\/\">et elektronisk skjema<\/a> for \u00e5 registrere seg for lotteriet.<\/p>\n","protected":false},"excerpt":{"rendered":"<p>Det gr\u00f8nne kortet gir deg rett til \u00e5 bo i USA. Hvert \u00e5r pr\u00f8ver tusenvis av borgere fra hele verden \u00e5 f\u00e5 et amerikansk Gr\u00f8nt Kort slik at de kan bo i USA. Hva er det gr\u00f8nne kortet? Gr\u00f8nt Kort er et amerikansk kort som gir innehaveren rett til permanent opphold i USA. Den gj\u00f8r [&hellip;]<\/p>\n","protected":false},"author":1,"featured_media":0,"parent":0,"menu_order":0,"comment_status":"closed","ping_status":"closed","template":"","meta":{"footnotes":""},"class_list":["post-1112","page","type-page","status-publish","hentry"],"yoast_head":"<!-- This site is optimized with the Yoast SEO plugin v27.4 - https:\/\/yoast.com\/product\/yoast-seo-wordpress\/ -->\n<title>Delta i det amerikanske Gr\u00f8nt Kort-lotteriet - USA GC<\/title>\n<meta name=\"description\" content=\"Delta i det amerikanske lotteriet for \u00e5 vinne et Gr\u00f8nt Kort. Dette er det permanente oppholdskortet for \u00e5 bo i USA.\" \/>\n<meta name=\"robots\" content=\"index, follow, max-snippet:-1, max-image-preview:large, max-video-preview:-1\" \/>\n<link rel=\"canonical\" href=\"https:\/\/us-gc.net\/no\/amerikansk-lotteri-gront-kort\/\" \/>\n<meta property=\"og:locale\" content=\"nb_NO\" \/>\n<meta property=\"og:type\" content=\"article\" \/>\n<meta property=\"og:title\" content=\"Delta i det amerikanske Gr\u00f8nt Kort-lotteriet - USA GC\" \/>\n<meta property=\"og:description\" content=\"Delta i det amerikanske lotteriet for \u00e5 vinne et Gr\u00f8nt Kort. Dette er det permanente oppholdskortet for \u00e5 bo i USA.\" \/>\n<meta property=\"og:url\" content=\"https:\/\/us-gc.net\/no\/amerikansk-lotteri-gront-kort\/\" \/>\n<meta property=\"og:site_name\" content=\"USA GC\" \/>\n<meta property=\"article:modified_time\" content=\"2024-12-30T09:46:12+00:00\" \/>\n<meta name=\"twitter:card\" content=\"summary_large_image\" \/>\n<meta name=\"twitter:label1\" content=\"Ansl. lesetid\" \/>\n\t<meta name=\"twitter:data1\" content=\"2 minutter\" \/>\n<script type=\"application\/ld+json\" class=\"yoast-schema-graph\">{\"@context\":\"https:\\\/\\\/schema.org\",\"@graph\":[{\"@type\":\"WebPage\",\"@id\":\"https:\\\/\\\/us-gc.net\\\/no\\\/amerikansk-lotteri-gront-kort\\\/\",\"url\":\"https:\\\/\\\/us-gc.net\\\/no\\\/amerikansk-lotteri-gront-kort\\\/\",\"name\":\"Delta i det amerikanske Gr\u00f8nt Kort-lotteriet - USA GC\",\"isPartOf\":{\"@id\":\"https:\\\/\\\/us-gc.net\\\/no\\\/#website\"},\"datePublished\":\"2024-01-31T15:53:04+00:00\",\"dateModified\":\"2024-12-30T09:46:12+00:00\",\"description\":\"Delta i det amerikanske lotteriet for \u00e5 vinne et Gr\u00f8nt Kort. Dette er det permanente oppholdskortet for \u00e5 bo i USA.\",\"breadcrumb\":{\"@id\":\"https:\\\/\\\/us-gc.net\\\/no\\\/amerikansk-lotteri-gront-kort\\\/#breadcrumb\"},\"inLanguage\":\"nb-NO\",\"potentialAction\":[{\"@type\":\"ReadAction\",\"target\":[\"https:\\\/\\\/us-gc.net\\\/no\\\/amerikansk-lotteri-gront-kort\\\/\"]}]},{\"@type\":\"BreadcrumbList\",\"@id\":\"https:\\\/\\\/us-gc.net\\\/no\\\/amerikansk-lotteri-gront-kort\\\/#breadcrumb\",\"itemListElement\":[{\"@type\":\"ListItem\",\"position\":1,\"name\":\"Accueil\",\"item\":\"https:\\\/\\\/us-gc.net\\\/no\\\/green-card\\\/\"},{\"@type\":\"ListItem\",\"position\":2,\"name\":\"Delta i det amerikanske Gr\u00f8nt Kort-lotteriet\"}]},{\"@type\":\"WebSite\",\"@id\":\"https:\\\/\\\/us-gc.net\\\/no\\\/#website\",\"url\":\"https:\\\/\\\/us-gc.net\\\/no\\\/\",\"name\":\"USA GC\",\"description\":\"\",\"potentialAction\":[{\"@type\":\"SearchAction\",\"target\":{\"@type\":\"EntryPoint\",\"urlTemplate\":\"https:\\\/\\\/us-gc.net\\\/no\\\/?s={search_term_string}\"},\"query-input\":{\"@type\":\"PropertyValueSpecification\",\"valueRequired\":true,\"valueName\":\"search_term_string\"}}],\"inLanguage\":\"nb-NO\"}]}<\/script>\n<!-- \/ Yoast SEO plugin. -->","yoast_head_json":{"title":"Delta i det amerikanske Gr\u00f8nt Kort-lotteriet - USA GC","description":"Delta i det amerikanske lotteriet for \u00e5 vinne et Gr\u00f8nt Kort. Dette er det permanente oppholdskortet for \u00e5 bo i USA.","robots":{"index":"index","follow":"follow","max-snippet":"max-snippet:-1","max-image-preview":"max-image-preview:large","max-video-preview":"max-video-preview:-1"},"canonical":"https:\/\/us-gc.net\/no\/amerikansk-lotteri-gront-kort\/","og_locale":"nb_NO","og_type":"article","og_title":"Delta i det amerikanske Gr\u00f8nt Kort-lotteriet - USA GC","og_description":"Delta i det amerikanske lotteriet for \u00e5 vinne et Gr\u00f8nt Kort. Dette er det permanente oppholdskortet for \u00e5 bo i USA.","og_url":"https:\/\/us-gc.net\/no\/amerikansk-lotteri-gront-kort\/","og_site_name":"USA GC","article_modified_time":"2024-12-30T09:46:12+00:00","twitter_card":"summary_large_image","twitter_misc":{"Ansl. lesetid":"2 minutter"},"schema":{"@context":"https:\/\/schema.org","@graph":[{"@type":"WebPage","@id":"https:\/\/us-gc.net\/no\/amerikansk-lotteri-gront-kort\/","url":"https:\/\/us-gc.net\/no\/amerikansk-lotteri-gront-kort\/","name":"Delta i det amerikanske Gr\u00f8nt Kort-lotteriet - USA GC","isPartOf":{"@id":"https:\/\/us-gc.net\/no\/#website"},"datePublished":"2024-01-31T15:53:04+00:00","dateModified":"2024-12-30T09:46:12+00:00","description":"Delta i det amerikanske lotteriet for \u00e5 vinne et Gr\u00f8nt Kort. Dette er det permanente oppholdskortet for \u00e5 bo i USA.","breadcrumb":{"@id":"https:\/\/us-gc.net\/no\/amerikansk-lotteri-gront-kort\/#breadcrumb"},"inLanguage":"nb-NO","potentialAction":[{"@type":"ReadAction","target":["https:\/\/us-gc.net\/no\/amerikansk-lotteri-gront-kort\/"]}]},{"@type":"BreadcrumbList","@id":"https:\/\/us-gc.net\/no\/amerikansk-lotteri-gront-kort\/#breadcrumb","itemListElement":[{"@type":"ListItem","position":1,"name":"Accueil","item":"https:\/\/us-gc.net\/no\/green-card\/"},{"@type":"ListItem","position":2,"name":"Delta i det amerikanske Gr\u00f8nt Kort-lotteriet"}]},{"@type":"WebSite","@id":"https:\/\/us-gc.net\/no\/#website","url":"https:\/\/us-gc.net\/no\/","name":"USA GC","description":"","potentialAction":[{"@type":"SearchAction","target":{"@type":"EntryPoint","urlTemplate":"https:\/\/us-gc.net\/no\/?s={search_term_string}"},"query-input":{"@type":"PropertyValueSpecification","valueRequired":true,"valueName":"search_term_string"}}],"inLanguage":"nb-NO"}]}},"_links":{"self":[{"href":"https:\/\/us-gc.net\/no\/wp-json\/wp\/v2\/pages\/1112","targetHints":{"allow":["GET"]}}],"collection":[{"href":"https:\/\/us-gc.net\/no\/wp-json\/wp\/v2\/pages"}],"about":[{"href":"https:\/\/us-gc.net\/no\/wp-json\/wp\/v2\/types\/page"}],"author":[{"embeddable":true,"href":"https:\/\/us-gc.net\/no\/wp-json\/wp\/v2\/users\/1"}],"replies":[{"embeddable":true,"href":"https:\/\/us-gc.net\/no\/wp-json\/wp\/v2\/comments?post=1112"}],"version-history":[{"count":1,"href":"https:\/\/us-gc.net\/no\/wp-json\/wp\/v2\/pages\/1112\/revisions"}],"predecessor-version":[{"id":8015,"href":"https:\/\/us-gc.net\/no\/wp-json\/wp\/v2\/pages\/1112\/revisions\/8015"}],"wp:attachment":[{"href":"https:\/\/us-gc.net\/no\/wp-json\/wp\/v2\/media?parent=1112"}],"curies":[{"name":"wp","href":"https:\/\/api.w.org\/{rel}","templated":true}]}}