{"id":1102,"date":"2024-02-04T15:55:27","date_gmt":"2024-02-04T15:55:27","guid":{"rendered":"https:\/\/green-card-usa.net\/lotteriet-green-card-2026\/"},"modified":"2025-03-31T10:09:29","modified_gmt":"2025-03-31T10:09:29","slug":"lotteriet-green-card-2026","status":"publish","type":"page","link":"https:\/\/us-gc.net\/no\/lotteriet-green-card-2026\/","title":{"rendered":"Green Card-lotteriet 2026"},"content":{"rendered":"\n<h1 class=\"wp-block-heading\" id=\"h-la-loterie-de-la-green-card-2026\">Green Card-lotteriet i 2026<\/h1>\n\n<p>Hvert \u00e5r tilbyr USA mer enn 50 000 utenlandske statsborgere muligheten til \u00e5 f\u00e5 Green Card ved loddtrekning. Dette lotteriet er en del av USAs Diversity Visa Program. Dette programmet ble opprettet for \u00e5 styre innvandringen til USA.<\/p>\n\n<h2 class=\"wp-block-heading\" id=\"h-qu-est-ce-que-la-loterie-de-la-green-card-2026\">Hva er Green Card 2026-lotteriet?<\/h2>\n\n<p>Hver kampanje i Green Card-trekningen b\u00e6rer nummeret p\u00e5 det \u00e5ret kandidatene til slutt vil v\u00e6re innehavere av et <a href=\"https:\/\/us-gc.net\/no\/\">amerikansk Green Card<\/a>. S\u00e5 2026 Green Card-lotteriet gjelder kvoten av Green Cards som vil bli utstedt i 2026. Den amerikanske administrasjonen kaller denne kampanjen for nye visum som f\u00f8lge av mangfoldsprogrammet DV-2026 for Diversity-Program 2026.<\/p>\n\n<h2 class=\"wp-block-heading\" id=\"h-quand-se-deroule-le-tirage-au-sort-du-quota-de-green-card-2026\">N\u00e5r er trekningen for Green Card 2026-kvoten?<\/h2>\n\n<p>Det er flere trinn i prosessen med \u00e5 f\u00e5 et Green Card gjennom lotteriet. Den f\u00f8rste fasen er trekningen. <\/p>\n\n<p><strong>DV2026-kandidater m\u00e5tte registrere seg fra 2. oktober 2024<\/strong> for \u00e5 delta i trekningen, som finner sted hvert \u00e5r i begynnelsen av november. Den elektroniske p\u00e5meldingen til DV2026-trekningen ble stengt 5. november 2024. <\/p>\n\n<h2 class=\"wp-block-heading\" id=\"h-quand-sont-publies-les-resultats-du-tirage-au-sort-du-dv-2026\">N\u00e5r publiseres resultatene av trekningen av DV-2026?<\/h2>\n\n<p><a href=\"https:\/\/us-gc.net\/no\/resultater-lotteri-green-card\/\">Resultatene av Green Card-trekningen<\/a> publiseres ca. 6 m\u00e5neder etter at s\u00f8knadene er avsluttet: Resultatene av DV2026-trekningen publiseres fra mai 2025.<\/p>\n\n<h2 class=\"wp-block-heading\" id=\"h-quel-sont-les-etapes-suivantes-pour-les-gagnants-de-la-loterie\">Hva er de neste trinnene for lotterivinnere?<\/h2>\n\n<p>Vinnerne m\u00e5 deretter s\u00f8ke om et Diversity-visum. De viktigste trinnene for \u00e5 f\u00e5 et Green Card er :<\/p>\n\n<ul class=\"wp-block-list\">\n<li>Fyll ut <a href=\"https:\/\/travel.state.gov\/content\/travel\/en\/us-visas\/visa-information-resources\/forms\/online-immigrant-visa-forms\/ds-260-faqs.html\">visums\u00f8knadsskjema DS-260<\/a>.<\/li>\n\n\n\n<li>Betaling av <a href=\"https:\/\/us-gc.net\/no\/green-card-prisen\/\">gebyrene som kreves for \u00e5 f\u00e5 Green Card<\/a> som en del av denne obligatoriske visums\u00f8knaden;<\/li>\n\n\n\n<li>Ta <a href=\"https:\/\/us-gc.net\/no\/green-card-intervju\/\">Green Card-intervjuet<\/a> med en USCIS-ansatt som deltar i Diversity Visa Program.<\/li>\n<\/ul>\n\n<div style=\"height:10px\" aria-hidden=\"true\" class=\"wp-block-spacer\"><\/div>\n\n<p><a href=\"https:\/\/us-gc.net\/no\/forskjell-grenn-card-og-visum\/\">Green Card og visum er to forskjellige dokumenter<\/a>. \u00c5 f\u00e5 et Diversity Visa er et av trinnene for \u00e5 f\u00e5 et Green Card.<\/p>\n\n<p><\/p>\n\n<p><\/p>\n","protected":false},"excerpt":{"rendered":"<p>Green Card-lotteriet i 2026 Hvert \u00e5r tilbyr USA mer enn 50 000 utenlandske statsborgere muligheten til \u00e5 f\u00e5 Green Card ved loddtrekning. Dette lotteriet er en del av USAs Diversity Visa Program. Dette programmet ble opprettet for \u00e5 styre innvandringen til USA. Hva er Green Card 2026-lotteriet? Hver kampanje i Green Card-trekningen b\u00e6rer nummeret p\u00e5 [&hellip;]<\/p>\n","protected":false},"author":1,"featured_media":0,"parent":0,"menu_order":0,"comment_status":"closed","ping_status":"closed","template":"","meta":{"footnotes":""},"class_list":["post-1102","page","type-page","status-publish","hentry"],"yoast_head":"<!-- This site is optimized with the Yoast SEO plugin v27.4 - https:\/\/yoast.com\/product\/yoast-seo-wordpress\/ -->\n<title>Green Card-lotteriet 2026 - USA GC<\/title>\n<meta name=\"description\" content=\"Her er all informasjon om programmet for \u00e5 f\u00e5 et gr\u00f8nt kort ved lotteri i 2026 i USA\" \/>\n<meta name=\"robots\" content=\"index, follow, max-snippet:-1, max-image-preview:large, max-video-preview:-1\" \/>\n<link rel=\"canonical\" href=\"https:\/\/us-gc.net\/no\/lotteriet-green-card-2026\/\" \/>\n<meta property=\"og:locale\" content=\"nb_NO\" \/>\n<meta property=\"og:type\" content=\"article\" \/>\n<meta property=\"og:title\" content=\"Green Card-lotteriet 2026 - USA GC\" \/>\n<meta property=\"og:description\" content=\"Her er all informasjon om programmet for \u00e5 f\u00e5 et gr\u00f8nt kort ved lotteri i 2026 i USA\" \/>\n<meta property=\"og:url\" content=\"https:\/\/us-gc.net\/no\/lotteriet-green-card-2026\/\" \/>\n<meta property=\"og:site_name\" content=\"USA GC\" \/>\n<meta property=\"article:modified_time\" content=\"2025-03-31T10:09:29+00:00\" \/>\n<meta name=\"twitter:card\" content=\"summary_large_image\" \/>\n<meta name=\"twitter:label1\" content=\"Ansl. lesetid\" \/>\n\t<meta name=\"twitter:data1\" content=\"1 minutt\" \/>\n<script type=\"application\/ld+json\" class=\"yoast-schema-graph\">{\"@context\":\"https:\\\/\\\/schema.org\",\"@graph\":[{\"@type\":\"WebPage\",\"@id\":\"https:\\\/\\\/us-gc.net\\\/no\\\/lotteriet-green-card-2026\\\/\",\"url\":\"https:\\\/\\\/us-gc.net\\\/no\\\/lotteriet-green-card-2026\\\/\",\"name\":\"Green Card-lotteriet 2026 - USA GC\",\"isPartOf\":{\"@id\":\"https:\\\/\\\/us-gc.net\\\/no\\\/#website\"},\"datePublished\":\"2024-02-04T15:55:27+00:00\",\"dateModified\":\"2025-03-31T10:09:29+00:00\",\"description\":\"Her er all informasjon om programmet for \u00e5 f\u00e5 et gr\u00f8nt kort ved lotteri i 2026 i USA\",\"breadcrumb\":{\"@id\":\"https:\\\/\\\/us-gc.net\\\/no\\\/lotteriet-green-card-2026\\\/#breadcrumb\"},\"inLanguage\":\"nb-NO\",\"potentialAction\":[{\"@type\":\"ReadAction\",\"target\":[\"https:\\\/\\\/us-gc.net\\\/no\\\/lotteriet-green-card-2026\\\/\"]}]},{\"@type\":\"BreadcrumbList\",\"@id\":\"https:\\\/\\\/us-gc.net\\\/no\\\/lotteriet-green-card-2026\\\/#breadcrumb\",\"itemListElement\":[{\"@type\":\"ListItem\",\"position\":1,\"name\":\"Accueil\",\"item\":\"https:\\\/\\\/us-gc.net\\\/no\\\/green-card\\\/\"},{\"@type\":\"ListItem\",\"position\":2,\"name\":\"Green Card-lotteriet 2026\"}]},{\"@type\":\"WebSite\",\"@id\":\"https:\\\/\\\/us-gc.net\\\/no\\\/#website\",\"url\":\"https:\\\/\\\/us-gc.net\\\/no\\\/\",\"name\":\"USA GC\",\"description\":\"\",\"potentialAction\":[{\"@type\":\"SearchAction\",\"target\":{\"@type\":\"EntryPoint\",\"urlTemplate\":\"https:\\\/\\\/us-gc.net\\\/no\\\/?s={search_term_string}\"},\"query-input\":{\"@type\":\"PropertyValueSpecification\",\"valueRequired\":true,\"valueName\":\"search_term_string\"}}],\"inLanguage\":\"nb-NO\"}]}<\/script>\n<!-- \/ Yoast SEO plugin. -->","yoast_head_json":{"title":"Green Card-lotteriet 2026 - USA GC","description":"Her er all informasjon om programmet for \u00e5 f\u00e5 et gr\u00f8nt kort ved lotteri i 2026 i USA","robots":{"index":"index","follow":"follow","max-snippet":"max-snippet:-1","max-image-preview":"max-image-preview:large","max-video-preview":"max-video-preview:-1"},"canonical":"https:\/\/us-gc.net\/no\/lotteriet-green-card-2026\/","og_locale":"nb_NO","og_type":"article","og_title":"Green Card-lotteriet 2026 - USA GC","og_description":"Her er all informasjon om programmet for \u00e5 f\u00e5 et gr\u00f8nt kort ved lotteri i 2026 i USA","og_url":"https:\/\/us-gc.net\/no\/lotteriet-green-card-2026\/","og_site_name":"USA GC","article_modified_time":"2025-03-31T10:09:29+00:00","twitter_card":"summary_large_image","twitter_misc":{"Ansl. lesetid":"1 minutt"},"schema":{"@context":"https:\/\/schema.org","@graph":[{"@type":"WebPage","@id":"https:\/\/us-gc.net\/no\/lotteriet-green-card-2026\/","url":"https:\/\/us-gc.net\/no\/lotteriet-green-card-2026\/","name":"Green Card-lotteriet 2026 - USA GC","isPartOf":{"@id":"https:\/\/us-gc.net\/no\/#website"},"datePublished":"2024-02-04T15:55:27+00:00","dateModified":"2025-03-31T10:09:29+00:00","description":"Her er all informasjon om programmet for \u00e5 f\u00e5 et gr\u00f8nt kort ved lotteri i 2026 i USA","breadcrumb":{"@id":"https:\/\/us-gc.net\/no\/lotteriet-green-card-2026\/#breadcrumb"},"inLanguage":"nb-NO","potentialAction":[{"@type":"ReadAction","target":["https:\/\/us-gc.net\/no\/lotteriet-green-card-2026\/"]}]},{"@type":"BreadcrumbList","@id":"https:\/\/us-gc.net\/no\/lotteriet-green-card-2026\/#breadcrumb","itemListElement":[{"@type":"ListItem","position":1,"name":"Accueil","item":"https:\/\/us-gc.net\/no\/green-card\/"},{"@type":"ListItem","position":2,"name":"Green Card-lotteriet 2026"}]},{"@type":"WebSite","@id":"https:\/\/us-gc.net\/no\/#website","url":"https:\/\/us-gc.net\/no\/","name":"USA GC","description":"","potentialAction":[{"@type":"SearchAction","target":{"@type":"EntryPoint","urlTemplate":"https:\/\/us-gc.net\/no\/?s={search_term_string}"},"query-input":{"@type":"PropertyValueSpecification","valueRequired":true,"valueName":"search_term_string"}}],"inLanguage":"nb-NO"}]}},"_links":{"self":[{"href":"https:\/\/us-gc.net\/no\/wp-json\/wp\/v2\/pages\/1102","targetHints":{"allow":["GET"]}}],"collection":[{"href":"https:\/\/us-gc.net\/no\/wp-json\/wp\/v2\/pages"}],"about":[{"href":"https:\/\/us-gc.net\/no\/wp-json\/wp\/v2\/types\/page"}],"author":[{"embeddable":true,"href":"https:\/\/us-gc.net\/no\/wp-json\/wp\/v2\/users\/1"}],"replies":[{"embeddable":true,"href":"https:\/\/us-gc.net\/no\/wp-json\/wp\/v2\/comments?post=1102"}],"version-history":[{"count":3,"href":"https:\/\/us-gc.net\/no\/wp-json\/wp\/v2\/pages\/1102\/revisions"}],"predecessor-version":[{"id":10126,"href":"https:\/\/us-gc.net\/no\/wp-json\/wp\/v2\/pages\/1102\/revisions\/10126"}],"wp:attachment":[{"href":"https:\/\/us-gc.net\/no\/wp-json\/wp\/v2\/media?parent=1102"}],"curies":[{"name":"wp","href":"https:\/\/api.w.org\/{rel}","templated":true}]}}