{"id":1081,"date":"2024-01-31T16:02:41","date_gmt":"2024-01-31T16:02:41","guid":{"rendered":"https:\/\/green-card-usa.net\/lotteri-green-card-2025\/"},"modified":"2024-12-30T09:45:45","modified_gmt":"2024-12-30T09:45:45","slug":"lotteri-green-card-2025","status":"publish","type":"page","link":"https:\/\/us-gc.net\/no\/lotteri-green-card-2025\/","title":{"rendered":"Gr\u00f8nt kort 2025-lotteri"},"content":{"rendered":"\n<h1 class=\"wp-block-heading\" id=\"h-loterie-de-la-green-card-en-2025\">Green Card-lotteri i 2025<\/h1>\n\n<p>Trekningen i Green Card-lotteriet finner bare sted \u00e9n gang i \u00e5ret. Hvert \u00e5r k\u00e5res en ny gruppe lotterivinnere, navngitt etter \u00e5ret de fikk Green Card.<\/p>\n\n<h2 class=\"wp-block-heading\" id=\"h-qu-est-ce-que-la-loterie-2025-de-la-green-card\">Hva er Green Card 2025-lotteriet?<\/h2>\n\n<p>2025 Green Card-lotteriet gjelder kvoten av gr\u00f8nne kort som skal utstedes i 2025. Trekningen for 2025-lotteriet vil finne sted i oktober 2023. Dette lotteriet har utpekt mer enn 50 000 utenlandske statsborgere som vinnere av retten til \u00e5 f\u00e5 et Green Card i henhold til det amerikanske <a href=\"https:\/\/us-gc.net\/no\/visumprogram-for-mangfold\/\">Diversity Visa-programmet<\/a>.  <\/p>\n\n<h2 class=\"wp-block-heading\" id=\"h-quand-se-deroule-la-loterie-de-la-green-card-en-2025\">N\u00e5r finner Green Card-lotteriet sted i 2025?<\/h2>\n\n<p>P\u00e5meldingen til trekningen, som vil finne sted i 2025, \u00e5pner i oktober 2025.<\/p>\n\n<h2 class=\"wp-block-heading\" id=\"h-quelles-sont-les-resultats-de-la-loterie-de-la-green-card-2025\">Hva er resultatene av Green Card 2025-lotteriet?<\/h2>\n\n<p><a href=\"https:\/\/us-gc.net\/no\/resultater-lotteri-green-card\/\">Resultatet av trekningen av det Green Card<\/a> vil bli publisert ca. 6 m\u00e5neder etter trekningen, som finner sted i november. Resultatet av loddtrekningen som finner sted i 2025, vil bli publisert p\u00e5 nettet fra mai 2026.<\/p>\n\n<p>Resultatene av trekningen av Diversity Visa 2025 som ble avholdt i november 2023 har v\u00e6rt tilgjengelig siden 4. mai 2024 p\u00e5 den elektroniske siden: <a href=\"https:\/\/dvprogram.state.gov\/ESC\/\">dvprogram.state.gov<\/a>.<\/p>\n\n<h2 class=\"wp-block-heading\" id=\"h-comment-s-inscrire-a-la-loterie-de-la-green-card-2025\">Hvordan deltar jeg i Green Card 2025-lotteriet?<\/h2>\n\n<p>Registreringen til <a href=\"https:\/\/us-gc.net\/no\/amerikansk-lotteri-gront-kort\/\">Gr\u00f8nt kort USA-lotteriet<\/a> er helt og holdent online. <strong>Delta i dette \u00e5rlige lotteriet ved \u00e5 registrere deg online<\/strong> p\u00e5 bare noen f\u00e5 minutter ved \u00e5 klikke p\u00e5 det <a href=\"https:\/\/us-gc.net\/no\/green-card-lotteri-skjema\/\">elektroniske skjemaet<\/a>. Prosessen tar bare noen f\u00e5 minutter.<\/p>\n\n<h2 class=\"wp-block-heading\" id=\"h-quel-sont-les-etapes-suivantes-pour-les-gagnants-de-la-loterie\">Hva er de neste trinnene for lotterivinnere?<\/h2>\n\n<p>Lotterivinnere m\u00e5 da skaffe seg et Diversity-visum. De neste trinnene i prosedyren er :<\/p>\n\n<ul class=\"wp-block-list\">\n<li>Fyll ut <a href=\"https:\/\/travel.state.gov\/content\/travel\/en\/us-visas\/visa-information-resources\/forms\/online-immigrant-visa-forms\/ds-260-faqs.html\">visums\u00f8knadsskjema DS-260<\/a>.<\/li>\n\n\n\n<li>Betaling av <a href=\"https:\/\/us-gc.net\/no\/green-card-prisen\/\">gebyrene som kreves for \u00e5 f\u00e5 Green Card<\/a> som en del av denne obligatoriske visums\u00f8knaden;<\/li>\n\n\n\n<li>Et <a href=\"https:\/\/us-gc.net\/no\/green-card-intervju\/\">intervju om Green Card<\/a> med en USCIS Diversity Visa Program-ansatt;<\/li>\n\n\n\n<li>Gjennomf\u00f8re en medisinsk unders\u00f8kelse.<\/li>\n<\/ul>\n\n<div style=\"height:10px\" aria-hidden=\"true\" class=\"wp-block-spacer\"><\/div>\n\n<p><a href=\"https:\/\/us-gc.net\/no\/forskjell-grenn-card-og-visum\/\">Green Card og visum er to forskjellige dokumenter<\/a>. \u00c5 f\u00e5 et Diversity Visa er et av trinnene for \u00e5 f\u00e5 et Green Card.<\/p>\n","protected":false},"excerpt":{"rendered":"<p>Green Card-lotteri i 2025 Trekningen i Green Card-lotteriet finner bare sted \u00e9n gang i \u00e5ret. Hvert \u00e5r k\u00e5res en ny gruppe lotterivinnere, navngitt etter \u00e5ret de fikk Green Card. Hva er Green Card 2025-lotteriet? 2025 Green Card-lotteriet gjelder kvoten av gr\u00f8nne kort som skal utstedes i 2025. Trekningen for 2025-lotteriet vil finne sted i oktober [&hellip;]<\/p>\n","protected":false},"author":1,"featured_media":0,"parent":0,"menu_order":0,"comment_status":"closed","ping_status":"closed","template":"","meta":{"footnotes":""},"class_list":["post-1081","page","type-page","status-publish","hentry"],"yoast_head":"<!-- This site is optimized with the Yoast SEO plugin v27.4 - https:\/\/yoast.com\/product\/yoast-seo-wordpress\/ -->\n<title>Gr\u00f8nt kort 2025-lotteri - USA GC<\/title>\n<meta name=\"description\" content=\"Delta i Green Card-lotteriet i 2025 for \u00e5 f\u00e5 permanent oppholdstillatelse i USA\" \/>\n<meta name=\"robots\" content=\"index, follow, max-snippet:-1, max-image-preview:large, max-video-preview:-1\" \/>\n<link rel=\"canonical\" href=\"https:\/\/us-gc.net\/no\/lotteri-green-card-2025\/\" \/>\n<meta property=\"og:locale\" content=\"nb_NO\" \/>\n<meta property=\"og:type\" content=\"article\" \/>\n<meta property=\"og:title\" content=\"Gr\u00f8nt kort 2025-lotteri - USA GC\" \/>\n<meta property=\"og:description\" content=\"Delta i Green Card-lotteriet i 2025 for \u00e5 f\u00e5 permanent oppholdstillatelse i USA\" \/>\n<meta property=\"og:url\" content=\"https:\/\/us-gc.net\/no\/lotteri-green-card-2025\/\" \/>\n<meta property=\"og:site_name\" content=\"USA GC\" \/>\n<meta property=\"article:modified_time\" content=\"2024-12-30T09:45:45+00:00\" \/>\n<meta name=\"twitter:card\" content=\"summary_large_image\" \/>\n<meta name=\"twitter:label1\" content=\"Ansl. lesetid\" \/>\n\t<meta name=\"twitter:data1\" content=\"1 minutt\" \/>\n<script type=\"application\/ld+json\" class=\"yoast-schema-graph\">{\"@context\":\"https:\\\/\\\/schema.org\",\"@graph\":[{\"@type\":\"WebPage\",\"@id\":\"https:\\\/\\\/us-gc.net\\\/no\\\/lotteri-green-card-2025\\\/\",\"url\":\"https:\\\/\\\/us-gc.net\\\/no\\\/lotteri-green-card-2025\\\/\",\"name\":\"Gr\u00f8nt kort 2025-lotteri - USA GC\",\"isPartOf\":{\"@id\":\"https:\\\/\\\/us-gc.net\\\/no\\\/#website\"},\"datePublished\":\"2024-01-31T16:02:41+00:00\",\"dateModified\":\"2024-12-30T09:45:45+00:00\",\"description\":\"Delta i Green Card-lotteriet i 2025 for \u00e5 f\u00e5 permanent oppholdstillatelse i USA\",\"breadcrumb\":{\"@id\":\"https:\\\/\\\/us-gc.net\\\/no\\\/lotteri-green-card-2025\\\/#breadcrumb\"},\"inLanguage\":\"nb-NO\",\"potentialAction\":[{\"@type\":\"ReadAction\",\"target\":[\"https:\\\/\\\/us-gc.net\\\/no\\\/lotteri-green-card-2025\\\/\"]}]},{\"@type\":\"BreadcrumbList\",\"@id\":\"https:\\\/\\\/us-gc.net\\\/no\\\/lotteri-green-card-2025\\\/#breadcrumb\",\"itemListElement\":[{\"@type\":\"ListItem\",\"position\":1,\"name\":\"Accueil\",\"item\":\"https:\\\/\\\/us-gc.net\\\/no\\\/green-card\\\/\"},{\"@type\":\"ListItem\",\"position\":2,\"name\":\"Gr\u00f8nt kort 2025-lotteri\"}]},{\"@type\":\"WebSite\",\"@id\":\"https:\\\/\\\/us-gc.net\\\/no\\\/#website\",\"url\":\"https:\\\/\\\/us-gc.net\\\/no\\\/\",\"name\":\"USA GC\",\"description\":\"\",\"potentialAction\":[{\"@type\":\"SearchAction\",\"target\":{\"@type\":\"EntryPoint\",\"urlTemplate\":\"https:\\\/\\\/us-gc.net\\\/no\\\/?s={search_term_string}\"},\"query-input\":{\"@type\":\"PropertyValueSpecification\",\"valueRequired\":true,\"valueName\":\"search_term_string\"}}],\"inLanguage\":\"nb-NO\"}]}<\/script>\n<!-- \/ Yoast SEO plugin. -->","yoast_head_json":{"title":"Gr\u00f8nt kort 2025-lotteri - USA GC","description":"Delta i Green Card-lotteriet i 2025 for \u00e5 f\u00e5 permanent oppholdstillatelse i USA","robots":{"index":"index","follow":"follow","max-snippet":"max-snippet:-1","max-image-preview":"max-image-preview:large","max-video-preview":"max-video-preview:-1"},"canonical":"https:\/\/us-gc.net\/no\/lotteri-green-card-2025\/","og_locale":"nb_NO","og_type":"article","og_title":"Gr\u00f8nt kort 2025-lotteri - USA GC","og_description":"Delta i Green Card-lotteriet i 2025 for \u00e5 f\u00e5 permanent oppholdstillatelse i USA","og_url":"https:\/\/us-gc.net\/no\/lotteri-green-card-2025\/","og_site_name":"USA GC","article_modified_time":"2024-12-30T09:45:45+00:00","twitter_card":"summary_large_image","twitter_misc":{"Ansl. lesetid":"1 minutt"},"schema":{"@context":"https:\/\/schema.org","@graph":[{"@type":"WebPage","@id":"https:\/\/us-gc.net\/no\/lotteri-green-card-2025\/","url":"https:\/\/us-gc.net\/no\/lotteri-green-card-2025\/","name":"Gr\u00f8nt kort 2025-lotteri - USA GC","isPartOf":{"@id":"https:\/\/us-gc.net\/no\/#website"},"datePublished":"2024-01-31T16:02:41+00:00","dateModified":"2024-12-30T09:45:45+00:00","description":"Delta i Green Card-lotteriet i 2025 for \u00e5 f\u00e5 permanent oppholdstillatelse i USA","breadcrumb":{"@id":"https:\/\/us-gc.net\/no\/lotteri-green-card-2025\/#breadcrumb"},"inLanguage":"nb-NO","potentialAction":[{"@type":"ReadAction","target":["https:\/\/us-gc.net\/no\/lotteri-green-card-2025\/"]}]},{"@type":"BreadcrumbList","@id":"https:\/\/us-gc.net\/no\/lotteri-green-card-2025\/#breadcrumb","itemListElement":[{"@type":"ListItem","position":1,"name":"Accueil","item":"https:\/\/us-gc.net\/no\/green-card\/"},{"@type":"ListItem","position":2,"name":"Gr\u00f8nt kort 2025-lotteri"}]},{"@type":"WebSite","@id":"https:\/\/us-gc.net\/no\/#website","url":"https:\/\/us-gc.net\/no\/","name":"USA GC","description":"","potentialAction":[{"@type":"SearchAction","target":{"@type":"EntryPoint","urlTemplate":"https:\/\/us-gc.net\/no\/?s={search_term_string}"},"query-input":{"@type":"PropertyValueSpecification","valueRequired":true,"valueName":"search_term_string"}}],"inLanguage":"nb-NO"}]}},"_links":{"self":[{"href":"https:\/\/us-gc.net\/no\/wp-json\/wp\/v2\/pages\/1081","targetHints":{"allow":["GET"]}}],"collection":[{"href":"https:\/\/us-gc.net\/no\/wp-json\/wp\/v2\/pages"}],"about":[{"href":"https:\/\/us-gc.net\/no\/wp-json\/wp\/v2\/types\/page"}],"author":[{"embeddable":true,"href":"https:\/\/us-gc.net\/no\/wp-json\/wp\/v2\/users\/1"}],"replies":[{"embeddable":true,"href":"https:\/\/us-gc.net\/no\/wp-json\/wp\/v2\/comments?post=1081"}],"version-history":[{"count":1,"href":"https:\/\/us-gc.net\/no\/wp-json\/wp\/v2\/pages\/1081\/revisions"}],"predecessor-version":[{"id":7949,"href":"https:\/\/us-gc.net\/no\/wp-json\/wp\/v2\/pages\/1081\/revisions\/7949"}],"wp:attachment":[{"href":"https:\/\/us-gc.net\/no\/wp-json\/wp\/v2\/media?parent=1081"}],"curies":[{"name":"wp","href":"https:\/\/api.w.org\/{rel}","templated":true}]}}