{"id":1079,"date":"2024-01-31T15:56:24","date_gmt":"2024-01-31T15:56:24","guid":{"rendered":"https:\/\/green-card-usa.net\/green-card-lotteri-2024\/"},"modified":"2025-03-31T10:08:01","modified_gmt":"2025-03-31T10:08:01","slug":"green-card-lotteri-2024","status":"publish","type":"page","link":"https:\/\/us-gc.net\/no\/green-card-lotteri-2024\/","title":{"rendered":"Green Card 2024 lotteri"},"content":{"rendered":"\n<h1 class=\"wp-block-heading\" id=\"h-loterie-de-la-green-card-en-2024\">Green Card-lotteri i 2024<\/h1>\n\n<p>Trekningen i Green Card-lotteriet finner bare sted \u00e9n gang i \u00e5ret. Det er to m\u00e5ter \u00e5 angi lotteri\u00e5ret p\u00e5:<\/p>\n\n<ul class=\"wp-block-list\">\n<li>Det amerikanske utenriksdepartementet navngir hver lotterikampanje etter det \u00e5ret s\u00f8kerne vil motta sitt <a href=\"https:\/\/us-gc.net\/no\/\">Green Card<\/a>. Trekningen som finner sted i fjerde kvartal 2024, er alts\u00e5 <a href=\"https:\/\/us-gc.net\/no\/lotteriet-green-card-2026\/\">Green Card 2026-programmet<\/a>;<\/li>\n\n\n\n<li>De fleste trekningss\u00f8kere gir Green Card 2024-lotterinavnet til trekningen som finner sted i l\u00f8pet av 2024.<\/li>\n<\/ul>\n\n<h2 class=\"wp-block-heading\" id=\"h-qu-est-ce-que-la-loterie-2024-de-la-green-card\">Hva er Green Card 2024-lotteriet?<\/h2>\n\n<p>Green Card 2024-lotteriet omtales oftest som den \u00e5rlige trekningen som finner sted i l\u00f8pet av \u00e5ret 2024. Denne premietrekningen finner sted \u00e9n gang i \u00e5ret og gir over 50 000 utlendinger muligheten til \u00e5 vinne retten til \u00e5 s\u00f8ke om Green Card under USAs Diversity Visa Program.<\/p>\n\n<h2 class=\"wp-block-heading\" id=\"h-quand-se-deroule-la-loterie-de-la-green-card-pour-l-annee-2024\">N\u00e5r er Green Card-lotteriet for 2024?<\/h2>\n\n<p>De siste p\u00e5meldingene til trekningen i 2024 fant sted i oktober 2024. De n\u00f8yaktige datoene for 2024 var : <\/p>\n\n<ul class=\"wp-block-list\">\n<li>Registreringsperioden \u00e5pnet 2. oktober 2024 ;<\/li>\n\n\n\n<li>Registreringen stengte 5. november 2024.<\/li>\n<\/ul>\n\n<div style=\"height:10px\" aria-hidden=\"true\" class=\"wp-block-spacer\"><\/div>\n\n<p>Neste registreringsfase blir \u00e5 delta i trekningen, som vil finne sted i 2025. Du kan allerede n\u00e5 forh\u00e5ndsregistrere deg ved \u00e5 klikke p\u00e5 det <a href=\"https:\/\/us-gc.net\/no\/green-card-lotteri-skjema\/\">elektroniske skjemaet<\/a> for \u00e5 fylle ut s\u00f8knaden din om \u00e5 delta i trekningen. <\/p>\n\n<h2 class=\"wp-block-heading\" id=\"h-quelles-sont-les-resultats-de-la-loterie-de-la-green-card-2024\">Hva er resultatene av Green Card 2024-lotteriet?<\/h2>\n\n<p><a href=\"https:\/\/us-gc.net\/no\/resultater-lotteri-green-card\/\">Resultatene av Green Card-trekningen<\/a> publiseres hvert \u00e5r rundt 6 m\u00e5neder etter trekningen, som finner sted i november. Resultatet av loddtrekningen som finner sted i 2024, vil bli publisert p\u00e5 nettet fra mai 2025.<\/p>\n\n<h2 class=\"wp-block-heading\" id=\"h-comment-s-inscrire-a-la-loterie-de-la-green-card-2024\">Hvordan deltar jeg i Green Card 2024-lotteriet?<\/h2>\n\n<p>Registreringen til <a href=\"https:\/\/us-gc.net\/no\/amerikansk-lotteri-gront-kort\/\">Gr\u00f8nt kort USA-lotteriet<\/a> er helt og holdent online. <strong>Delta i dette \u00e5rlige lotteriet ved \u00e5 registrere deg online<\/strong> p\u00e5 bare noen f\u00e5 minutter ved \u00e5 klikke p\u00e5 det <a href=\"https:\/\/us-gc.net\/no\/green-card-lotteri-skjema\/\">elektroniske skjemaet<\/a>. Prosessen tar bare noen f\u00e5 minutter.<\/p>\n\n<h2 class=\"wp-block-heading\" id=\"h-quel-sont-les-etapes-suivantes-pour-les-gagnants-de-la-loterie\">Hva er de neste trinnene for lotterivinnere?<\/h2>\n\n<p>Lotterivinnere m\u00e5 da skaffe seg et Diversity-visum. De neste trinnene i prosedyren er :<\/p>\n\n<ul class=\"wp-block-list\">\n<li>Fyll ut <a href=\"https:\/\/travel.state.gov\/content\/travel\/en\/us-visas\/visa-information-resources\/forms\/online-immigrant-visa-forms\/ds-260-faqs.html\">visums\u00f8knadsskjema DS-260<\/a>.<\/li>\n\n\n\n<li>Betaling av <a href=\"https:\/\/us-gc.net\/no\/green-card-prisen\/\">gebyrene som kreves for \u00e5 f\u00e5 Green Card<\/a> som en del av denne obligatoriske visums\u00f8knaden;<\/li>\n\n\n\n<li>Et <a href=\"https:\/\/us-gc.net\/no\/green-card-intervju\/\">intervju om Green Card<\/a> med en USCIS Diversity Visa Program-ansatt;<\/li>\n\n\n\n<li>Gjennomf\u00f8re en medisinsk unders\u00f8kelse.<\/li>\n<\/ul>\n\n<div style=\"height:10px\" aria-hidden=\"true\" class=\"wp-block-spacer\"><\/div>\n\n<p><a href=\"https:\/\/us-gc.net\/no\/forskjell-grenn-card-og-visum\/\">Green Card og visum er to forskjellige dokumenter<\/a>. \u00c5 f\u00e5 et Diversity Visa er et av trinnene for \u00e5 f\u00e5 et Green Card.<\/p>\n","protected":false},"excerpt":{"rendered":"<p>Green Card-lotteri i 2024 Trekningen i Green Card-lotteriet finner bare sted \u00e9n gang i \u00e5ret. Det er to m\u00e5ter \u00e5 angi lotteri\u00e5ret p\u00e5: Hva er Green Card 2024-lotteriet? Green Card 2024-lotteriet omtales oftest som den \u00e5rlige trekningen som finner sted i l\u00f8pet av \u00e5ret 2024. Denne premietrekningen finner sted \u00e9n gang i \u00e5ret og gir [&hellip;]<\/p>\n","protected":false},"author":1,"featured_media":0,"parent":0,"menu_order":0,"comment_status":"closed","ping_status":"closed","template":"","meta":{"footnotes":""},"class_list":["post-1079","page","type-page","status-publish","hentry"],"yoast_head":"<!-- This site is optimized with the Yoast SEO plugin v27.4 - https:\/\/yoast.com\/product\/yoast-seo-wordpress\/ -->\n<title>Green Card 2024 lotteri - USA GC<\/title>\n<meta name=\"description\" content=\"Delta i trekningen av det gr\u00f8nne kortet i 2024. Hvert \u00e5r arrangeres det en trekning der man kan vinne et Green Card.\" \/>\n<meta name=\"robots\" content=\"index, follow, max-snippet:-1, max-image-preview:large, max-video-preview:-1\" \/>\n<link rel=\"canonical\" href=\"https:\/\/us-gc.net\/no\/green-card-lotteri-2024\/\" \/>\n<meta property=\"og:locale\" content=\"nb_NO\" \/>\n<meta property=\"og:type\" content=\"article\" \/>\n<meta property=\"og:title\" content=\"Green Card 2024 lotteri - USA GC\" \/>\n<meta property=\"og:description\" content=\"Delta i trekningen av det gr\u00f8nne kortet i 2024. Hvert \u00e5r arrangeres det en trekning der man kan vinne et Green Card.\" \/>\n<meta property=\"og:url\" content=\"https:\/\/us-gc.net\/no\/green-card-lotteri-2024\/\" \/>\n<meta property=\"og:site_name\" content=\"USA GC\" \/>\n<meta property=\"article:modified_time\" content=\"2025-03-31T10:08:01+00:00\" \/>\n<meta name=\"twitter:card\" content=\"summary_large_image\" \/>\n<meta name=\"twitter:label1\" content=\"Ansl. lesetid\" \/>\n\t<meta name=\"twitter:data1\" content=\"2 minutter\" \/>\n<script type=\"application\/ld+json\" class=\"yoast-schema-graph\">{\"@context\":\"https:\\\/\\\/schema.org\",\"@graph\":[{\"@type\":\"WebPage\",\"@id\":\"https:\\\/\\\/us-gc.net\\\/no\\\/green-card-lotteri-2024\\\/\",\"url\":\"https:\\\/\\\/us-gc.net\\\/no\\\/green-card-lotteri-2024\\\/\",\"name\":\"Green Card 2024 lotteri - USA GC\",\"isPartOf\":{\"@id\":\"https:\\\/\\\/us-gc.net\\\/no\\\/#website\"},\"datePublished\":\"2024-01-31T15:56:24+00:00\",\"dateModified\":\"2025-03-31T10:08:01+00:00\",\"description\":\"Delta i trekningen av det gr\u00f8nne kortet i 2024. Hvert \u00e5r arrangeres det en trekning der man kan vinne et Green Card.\",\"breadcrumb\":{\"@id\":\"https:\\\/\\\/us-gc.net\\\/no\\\/green-card-lotteri-2024\\\/#breadcrumb\"},\"inLanguage\":\"nb-NO\",\"potentialAction\":[{\"@type\":\"ReadAction\",\"target\":[\"https:\\\/\\\/us-gc.net\\\/no\\\/green-card-lotteri-2024\\\/\"]}]},{\"@type\":\"BreadcrumbList\",\"@id\":\"https:\\\/\\\/us-gc.net\\\/no\\\/green-card-lotteri-2024\\\/#breadcrumb\",\"itemListElement\":[{\"@type\":\"ListItem\",\"position\":1,\"name\":\"Accueil\",\"item\":\"https:\\\/\\\/us-gc.net\\\/no\\\/green-card\\\/\"},{\"@type\":\"ListItem\",\"position\":2,\"name\":\"Green Card 2024 lotteri\"}]},{\"@type\":\"WebSite\",\"@id\":\"https:\\\/\\\/us-gc.net\\\/no\\\/#website\",\"url\":\"https:\\\/\\\/us-gc.net\\\/no\\\/\",\"name\":\"USA GC\",\"description\":\"\",\"potentialAction\":[{\"@type\":\"SearchAction\",\"target\":{\"@type\":\"EntryPoint\",\"urlTemplate\":\"https:\\\/\\\/us-gc.net\\\/no\\\/?s={search_term_string}\"},\"query-input\":{\"@type\":\"PropertyValueSpecification\",\"valueRequired\":true,\"valueName\":\"search_term_string\"}}],\"inLanguage\":\"nb-NO\"}]}<\/script>\n<!-- \/ Yoast SEO plugin. -->","yoast_head_json":{"title":"Green Card 2024 lotteri - USA GC","description":"Delta i trekningen av det gr\u00f8nne kortet i 2024. Hvert \u00e5r arrangeres det en trekning der man kan vinne et Green Card.","robots":{"index":"index","follow":"follow","max-snippet":"max-snippet:-1","max-image-preview":"max-image-preview:large","max-video-preview":"max-video-preview:-1"},"canonical":"https:\/\/us-gc.net\/no\/green-card-lotteri-2024\/","og_locale":"nb_NO","og_type":"article","og_title":"Green Card 2024 lotteri - USA GC","og_description":"Delta i trekningen av det gr\u00f8nne kortet i 2024. Hvert \u00e5r arrangeres det en trekning der man kan vinne et Green Card.","og_url":"https:\/\/us-gc.net\/no\/green-card-lotteri-2024\/","og_site_name":"USA GC","article_modified_time":"2025-03-31T10:08:01+00:00","twitter_card":"summary_large_image","twitter_misc":{"Ansl. lesetid":"2 minutter"},"schema":{"@context":"https:\/\/schema.org","@graph":[{"@type":"WebPage","@id":"https:\/\/us-gc.net\/no\/green-card-lotteri-2024\/","url":"https:\/\/us-gc.net\/no\/green-card-lotteri-2024\/","name":"Green Card 2024 lotteri - USA GC","isPartOf":{"@id":"https:\/\/us-gc.net\/no\/#website"},"datePublished":"2024-01-31T15:56:24+00:00","dateModified":"2025-03-31T10:08:01+00:00","description":"Delta i trekningen av det gr\u00f8nne kortet i 2024. Hvert \u00e5r arrangeres det en trekning der man kan vinne et Green Card.","breadcrumb":{"@id":"https:\/\/us-gc.net\/no\/green-card-lotteri-2024\/#breadcrumb"},"inLanguage":"nb-NO","potentialAction":[{"@type":"ReadAction","target":["https:\/\/us-gc.net\/no\/green-card-lotteri-2024\/"]}]},{"@type":"BreadcrumbList","@id":"https:\/\/us-gc.net\/no\/green-card-lotteri-2024\/#breadcrumb","itemListElement":[{"@type":"ListItem","position":1,"name":"Accueil","item":"https:\/\/us-gc.net\/no\/green-card\/"},{"@type":"ListItem","position":2,"name":"Green Card 2024 lotteri"}]},{"@type":"WebSite","@id":"https:\/\/us-gc.net\/no\/#website","url":"https:\/\/us-gc.net\/no\/","name":"USA GC","description":"","potentialAction":[{"@type":"SearchAction","target":{"@type":"EntryPoint","urlTemplate":"https:\/\/us-gc.net\/no\/?s={search_term_string}"},"query-input":{"@type":"PropertyValueSpecification","valueRequired":true,"valueName":"search_term_string"}}],"inLanguage":"nb-NO"}]}},"_links":{"self":[{"href":"https:\/\/us-gc.net\/no\/wp-json\/wp\/v2\/pages\/1079","targetHints":{"allow":["GET"]}}],"collection":[{"href":"https:\/\/us-gc.net\/no\/wp-json\/wp\/v2\/pages"}],"about":[{"href":"https:\/\/us-gc.net\/no\/wp-json\/wp\/v2\/types\/page"}],"author":[{"embeddable":true,"href":"https:\/\/us-gc.net\/no\/wp-json\/wp\/v2\/users\/1"}],"replies":[{"embeddable":true,"href":"https:\/\/us-gc.net\/no\/wp-json\/wp\/v2\/comments?post=1079"}],"version-history":[{"count":3,"href":"https:\/\/us-gc.net\/no\/wp-json\/wp\/v2\/pages\/1079\/revisions"}],"predecessor-version":[{"id":10105,"href":"https:\/\/us-gc.net\/no\/wp-json\/wp\/v2\/pages\/1079\/revisions\/10105"}],"wp:attachment":[{"href":"https:\/\/us-gc.net\/no\/wp-json\/wp\/v2\/media?parent=1079"}],"curies":[{"name":"wp","href":"https:\/\/api.w.org\/{rel}","templated":true}]}}