{"id":1009,"date":"2024-01-31T14:33:04","date_gmt":"2024-01-31T14:33:04","guid":{"rendered":"https:\/\/green-card-usa.net\/green-card-ved-ekteskap\/"},"modified":"2024-12-30T09:39:39","modified_gmt":"2024-12-30T09:39:39","slug":"green-card-ved-ekteskap","status":"publish","type":"page","link":"https:\/\/us-gc.net\/no\/green-card-ved-ekteskap\/","title":{"rendered":"Green Card oppn\u00e5dd gjennom ekteskap"},"content":{"rendered":"\n<h1 class=\"wp-block-heading\" id=\"h-obtenir-une-green-card-par-mariage\">Oppn\u00e5else av Green Card ved ekteskap<\/h1>\n\n<p>Green Card kan f\u00e5s p\u00e5 grunnlag av ekteskap med en amerikansk statsborger eller en LPR (Legal Permanent Resident). Ekteskap gj\u00f8r det derfor mulig \u00e5 f\u00e5 permanent oppholdstillatelse i USA. Her er de viktigste trinnene og vilk\u00e5rene for \u00e5 benytte seg av ordningen.<\/p>\n\n<h2 class=\"wp-block-heading\" id=\"h-eligibilite-a-la-green-card-par-mariage\">Berettigelse til \u00e5 f\u00e5 Green Card ved ekteskap<\/h2>\n\n<p>For \u00e5 kunne f\u00e5 Green Card ved ekteskap m\u00e5 du v\u00e6re gift med en amerikansk statsborger eller en LPR. Ekteskapet m\u00e5 v\u00e6re lovlig og basert p\u00e5 et ekte forhold. Ambisjonen om \u00e5 f\u00e5 permanent oppholdstillatelse i USA b\u00f8r ikke v\u00e6re hoved\u00e5rsaken til ekteskapet.<\/p>\n\n<h2 class=\"wp-block-heading\" id=\"h-conditions-et-preuves-requises\">Betingelser og bevis som kreves<\/h2>\n\n<p>Paret m\u00e5 fremlegge omfattende bevis p\u00e5 at ekteskapet er legitimt. Paret kan for eksempel legge frem felles kontoutskrifter, felles leiekontrakter eller boligl\u00e5n, bryllupsbilder og familiebegivenheter. Eventuelle andre dokumenter som dokumenterer forholdet kan v\u00e6re relevante og m\u00e5 legges ved s\u00f8knaden.<\/p>\n\n<p>Hvis du ikke oppfyller vilk\u00e5rene, kan du likevel f\u00e5 et <a href=\"https:\/\/us-gc.net\/no\/lotteri-green-card\/\">Green Card ved<\/a> loddtrekning. <strong>For \u00e5 delta i den \u00e5rlige trekningen<\/strong> er det bare \u00e5 fylle ut <a href=\"https:\/\/us-gc.net\/no\/green-card-lotteri-skjema\/\">skjemaet p\u00e5 nettet<\/a>.<\/p>\n\n<div style=\"height:10px\" aria-hidden=\"true\" class=\"wp-block-spacer\"><\/div>\n\n<h2 class=\"wp-block-heading\" id=\"h-processus-de-demande\">S\u00f8knadsprosessen<\/h2>\n\n<p>Det er flere trinn i prosessen med \u00e5 s\u00f8ke om <a href=\"https:\/\/us-gc.net\/no\/\">Green Card<\/a> i forbindelse med et ekteskap.<\/p>\n\n<ol class=\"wp-block-list\">\n<li><strong>Sende inn s\u00f8knaden<\/strong>: Statsborgerpartneren eller RPL m\u00e5 f\u00f8rst sende inn <a href=\"https:\/\/www.uscis.gov\/i-130\">skjema I-130<\/a>. Dette er en begj\u00e6ring for en utenlandsk forelder som skal sendes til United States Citizenship and Immigration Service (USCIS).<\/li>\n\n\n\n<li><strong>Statusjustering eller konsul\u00e6r prosess<\/strong>: Hvis den utenlandske ektefellen allerede befinner seg i USA, kan han eller hun s\u00f8ke om statusjustering ved hjelp av <a href=\"https:\/\/www.uscis.gov\/i-485\">skjema I-485<\/a>. Hvis ektefellen befinner seg utenfor USA, m\u00e5 han eller hun g\u00e5 via hjemlandets konsulat.<\/li>\n\n\n\n<li><strong>Intervju og godkjenning<\/strong>: Begge parter vil bli invitert til et <a href=\"https:\/\/us-gc.net\/no\/green-card-intervju\/\">Green Card-intervju<\/a> for \u00e5 verifisere ektheten av ekteskapet. Hvis s\u00f8knaden godkjennes, vil ektefellen uten statsborgerskap f\u00e5 utstedt et Green Card.<\/li>\n<\/ol>\n\n<h2 class=\"wp-block-heading\" id=\"h-green-card-conditionnelle\">Betinget Green Card<\/h2>\n\n<p>Hvis ekteskapet er mindre enn to \u00e5r gammelt p\u00e5 tidspunktet for godkjenningen, vil den utenlandske ektefellen f\u00e5 et betinget Green Card som er gyldig i to \u00e5r. F\u00f8r det utl\u00f8per, m\u00e5 paret sende inn <a href=\"https:\/\/www.uscis.gov\/sites\/default\/files\/document\/forms\/i-751.pdf\">skjema I-751<\/a> for \u00e5 be om at vilk\u00e5rene oppheves og f\u00e5 et permanent Green Card.<\/p>\n\n<h2 class=\"wp-block-heading\" id=\"h-conseils-pour-une-reussir-la-demande-de-green-card\">Tips for en vellykket Green Card-s\u00f8knad<\/h2>\n\n<p>Et Green Card gir rett til permanent opphold i USA. Prosedyren for \u00e5 f\u00e5 Green Card gjennom ekteskap er spesielt grundig, og det er ingen garanti for at man lykkes. Her er noen tips for \u00e5 maksimere sjansene for \u00e5 lykkes:<\/p>\n\n<ul class=\"wp-block-list\">\n<li><strong>Dokumenter forholdet grundig<\/strong>: Ta vare p\u00e5 dokumenter og bilder som beviser kontinuiteten og ektheten i forholdet.<\/li>\n\n\n\n<li><strong>Forbered deg til intervjuet<\/strong>: V\u00e6r forberedt p\u00e5 \u00e5 svare \u00e5pent og \u00e6rlig p\u00e5 sp\u00f8rsm\u00e5l om forholdet og ekteskapet.<\/li>\n\n\n\n<li><strong>Respekter tidsfristene<\/strong>: S\u00f8rg for \u00e5 sende inn alle n\u00f8dvendige s\u00f8knader og dokumenter innen de fastsatte fristene.<\/li>\n<\/ul>\n\n<p><\/p>\n","protected":false},"excerpt":{"rendered":"<p>Oppn\u00e5else av Green Card ved ekteskap Green Card kan f\u00e5s p\u00e5 grunnlag av ekteskap med en amerikansk statsborger eller en LPR (Legal Permanent Resident). Ekteskap gj\u00f8r det derfor mulig \u00e5 f\u00e5 permanent oppholdstillatelse i USA. Her er de viktigste trinnene og vilk\u00e5rene for \u00e5 benytte seg av ordningen. Berettigelse til \u00e5 f\u00e5 Green Card ved [&hellip;]<\/p>\n","protected":false},"author":1,"featured_media":0,"parent":0,"menu_order":0,"comment_status":"closed","ping_status":"closed","template":"","meta":{"footnotes":""},"class_list":["post-1009","page","type-page","status-publish","hentry"],"yoast_head":"<!-- This site is optimized with the Yoast SEO plugin v27.4 - https:\/\/yoast.com\/product\/yoast-seo-wordpress\/ -->\n<title>Green Card oppn\u00e5dd gjennom ekteskap - USA GC<\/title>\n<meta name=\"description\" content=\"F\u00e5 Green Card ved \u00e5 gifte deg med en amerikansk statsborger eller innehaver av et amerikansk Green Card.\" \/>\n<meta name=\"robots\" content=\"index, follow, max-snippet:-1, max-image-preview:large, max-video-preview:-1\" \/>\n<link rel=\"canonical\" href=\"https:\/\/us-gc.net\/no\/green-card-ved-ekteskap\/\" \/>\n<meta property=\"og:locale\" content=\"nb_NO\" \/>\n<meta property=\"og:type\" content=\"article\" \/>\n<meta property=\"og:title\" content=\"Green Card oppn\u00e5dd gjennom ekteskap - USA GC\" \/>\n<meta property=\"og:description\" content=\"F\u00e5 Green Card ved \u00e5 gifte deg med en amerikansk statsborger eller innehaver av et amerikansk Green Card.\" \/>\n<meta property=\"og:url\" content=\"https:\/\/us-gc.net\/no\/green-card-ved-ekteskap\/\" \/>\n<meta property=\"og:site_name\" content=\"USA GC\" \/>\n<meta property=\"article:modified_time\" content=\"2024-12-30T09:39:39+00:00\" \/>\n<meta name=\"twitter:card\" content=\"summary_large_image\" \/>\n<meta name=\"twitter:label1\" content=\"Ansl. lesetid\" \/>\n\t<meta name=\"twitter:data1\" content=\"2 minutter\" \/>\n<script type=\"application\/ld+json\" class=\"yoast-schema-graph\">{\"@context\":\"https:\\\/\\\/schema.org\",\"@graph\":[{\"@type\":\"WebPage\",\"@id\":\"https:\\\/\\\/us-gc.net\\\/no\\\/green-card-ved-ekteskap\\\/\",\"url\":\"https:\\\/\\\/us-gc.net\\\/no\\\/green-card-ved-ekteskap\\\/\",\"name\":\"Green Card oppn\u00e5dd gjennom ekteskap - USA GC\",\"isPartOf\":{\"@id\":\"https:\\\/\\\/us-gc.net\\\/no\\\/#website\"},\"datePublished\":\"2024-01-31T14:33:04+00:00\",\"dateModified\":\"2024-12-30T09:39:39+00:00\",\"description\":\"F\u00e5 Green Card ved \u00e5 gifte deg med en amerikansk statsborger eller innehaver av et amerikansk Green Card.\",\"breadcrumb\":{\"@id\":\"https:\\\/\\\/us-gc.net\\\/no\\\/green-card-ved-ekteskap\\\/#breadcrumb\"},\"inLanguage\":\"nb-NO\",\"potentialAction\":[{\"@type\":\"ReadAction\",\"target\":[\"https:\\\/\\\/us-gc.net\\\/no\\\/green-card-ved-ekteskap\\\/\"]}]},{\"@type\":\"BreadcrumbList\",\"@id\":\"https:\\\/\\\/us-gc.net\\\/no\\\/green-card-ved-ekteskap\\\/#breadcrumb\",\"itemListElement\":[{\"@type\":\"ListItem\",\"position\":1,\"name\":\"Accueil\",\"item\":\"https:\\\/\\\/us-gc.net\\\/no\\\/green-card\\\/\"},{\"@type\":\"ListItem\",\"position\":2,\"name\":\"Green Card oppn\u00e5dd gjennom ekteskap\"}]},{\"@type\":\"WebSite\",\"@id\":\"https:\\\/\\\/us-gc.net\\\/no\\\/#website\",\"url\":\"https:\\\/\\\/us-gc.net\\\/no\\\/\",\"name\":\"USA GC\",\"description\":\"\",\"potentialAction\":[{\"@type\":\"SearchAction\",\"target\":{\"@type\":\"EntryPoint\",\"urlTemplate\":\"https:\\\/\\\/us-gc.net\\\/no\\\/?s={search_term_string}\"},\"query-input\":{\"@type\":\"PropertyValueSpecification\",\"valueRequired\":true,\"valueName\":\"search_term_string\"}}],\"inLanguage\":\"nb-NO\"}]}<\/script>\n<!-- \/ Yoast SEO plugin. -->","yoast_head_json":{"title":"Green Card oppn\u00e5dd gjennom ekteskap - USA GC","description":"F\u00e5 Green Card ved \u00e5 gifte deg med en amerikansk statsborger eller innehaver av et amerikansk Green Card.","robots":{"index":"index","follow":"follow","max-snippet":"max-snippet:-1","max-image-preview":"max-image-preview:large","max-video-preview":"max-video-preview:-1"},"canonical":"https:\/\/us-gc.net\/no\/green-card-ved-ekteskap\/","og_locale":"nb_NO","og_type":"article","og_title":"Green Card oppn\u00e5dd gjennom ekteskap - USA GC","og_description":"F\u00e5 Green Card ved \u00e5 gifte deg med en amerikansk statsborger eller innehaver av et amerikansk Green Card.","og_url":"https:\/\/us-gc.net\/no\/green-card-ved-ekteskap\/","og_site_name":"USA GC","article_modified_time":"2024-12-30T09:39:39+00:00","twitter_card":"summary_large_image","twitter_misc":{"Ansl. lesetid":"2 minutter"},"schema":{"@context":"https:\/\/schema.org","@graph":[{"@type":"WebPage","@id":"https:\/\/us-gc.net\/no\/green-card-ved-ekteskap\/","url":"https:\/\/us-gc.net\/no\/green-card-ved-ekteskap\/","name":"Green Card oppn\u00e5dd gjennom ekteskap - USA GC","isPartOf":{"@id":"https:\/\/us-gc.net\/no\/#website"},"datePublished":"2024-01-31T14:33:04+00:00","dateModified":"2024-12-30T09:39:39+00:00","description":"F\u00e5 Green Card ved \u00e5 gifte deg med en amerikansk statsborger eller innehaver av et amerikansk Green Card.","breadcrumb":{"@id":"https:\/\/us-gc.net\/no\/green-card-ved-ekteskap\/#breadcrumb"},"inLanguage":"nb-NO","potentialAction":[{"@type":"ReadAction","target":["https:\/\/us-gc.net\/no\/green-card-ved-ekteskap\/"]}]},{"@type":"BreadcrumbList","@id":"https:\/\/us-gc.net\/no\/green-card-ved-ekteskap\/#breadcrumb","itemListElement":[{"@type":"ListItem","position":1,"name":"Accueil","item":"https:\/\/us-gc.net\/no\/green-card\/"},{"@type":"ListItem","position":2,"name":"Green Card oppn\u00e5dd gjennom ekteskap"}]},{"@type":"WebSite","@id":"https:\/\/us-gc.net\/no\/#website","url":"https:\/\/us-gc.net\/no\/","name":"USA GC","description":"","potentialAction":[{"@type":"SearchAction","target":{"@type":"EntryPoint","urlTemplate":"https:\/\/us-gc.net\/no\/?s={search_term_string}"},"query-input":{"@type":"PropertyValueSpecification","valueRequired":true,"valueName":"search_term_string"}}],"inLanguage":"nb-NO"}]}},"_links":{"self":[{"href":"https:\/\/us-gc.net\/no\/wp-json\/wp\/v2\/pages\/1009","targetHints":{"allow":["GET"]}}],"collection":[{"href":"https:\/\/us-gc.net\/no\/wp-json\/wp\/v2\/pages"}],"about":[{"href":"https:\/\/us-gc.net\/no\/wp-json\/wp\/v2\/types\/page"}],"author":[{"embeddable":true,"href":"https:\/\/us-gc.net\/no\/wp-json\/wp\/v2\/users\/1"}],"replies":[{"embeddable":true,"href":"https:\/\/us-gc.net\/no\/wp-json\/wp\/v2\/comments?post=1009"}],"version-history":[{"count":1,"href":"https:\/\/us-gc.net\/no\/wp-json\/wp\/v2\/pages\/1009\/revisions"}],"predecessor-version":[{"id":7661,"href":"https:\/\/us-gc.net\/no\/wp-json\/wp\/v2\/pages\/1009\/revisions\/7661"}],"wp:attachment":[{"href":"https:\/\/us-gc.net\/no\/wp-json\/wp\/v2\/media?parent=1009"}],"curies":[{"name":"wp","href":"https:\/\/api.w.org\/{rel}","templated":true}]}}