{"id":831,"date":"2024-01-31T16:18:19","date_gmt":"2024-01-31T16:18:19","guid":{"rendered":"https:\/\/green-card-usa.net\/reizen-en-buitenland-met-green-card\/"},"modified":"2025-03-31T11:23:14","modified_gmt":"2025-03-31T11:23:14","slug":"reizen-en-buitenland-met-green-card","status":"publish","type":"page","link":"https:\/\/us-gc.net\/nl\/reizen-en-buitenland-met-green-card\/","title":{"rendered":"Reizen naar het buitenland met de groene kaart"},"content":{"rendered":"\n<h1 class=\"wp-block-heading\" id=\"h-voyager-hors-des-etats-unis-avec-une-green-card\">Reizen buiten de Verenigde Staten met een Green Card<\/h1>\n\n<p>Dankzij de kracht van het Amerikaanse paspoort kunnen Amerikaanse burgers naar meer dan 140 landen over de hele wereld reizen zonder een visum nodig te hebben. Sommige van deze landen hebben dit recht op visumvrij reizen uitgebreid naar houders van een <a href=\"https:\/\/us-gc.net\/nl\/\">Amerikaanse Green Card<\/a>.<\/p>\n\n<h2 class=\"wp-block-heading\" id=\"h-ou-peut-on-voyager-a-l-etranger-avec-une-green-card\">Waar kan ik naartoe reizen met een groene kaart?<\/h2>\n\n<p>Er is een regionale overeenkomst van kracht met bepaalde buurlanden van de Verenigde Staten om houders van een groene kaart hun grenzen te laten overschrijden. Inwoners van de VS kunnen de grenzen van de volgende landen overschrijden:<\/p>\n\n<ul class=\"wp-block-list\">\n<li>Canada<\/li>\n\n\n\n<li>Mexico<\/li>\n\n\n\n<li>Costa Rica<\/li>\n\n\n\n<li>De Britse Maagdeneilanden<\/li>\n\n\n\n<li>Aruba en Cura\u00e7ao<\/li>\n<\/ul>\n\n<p>Andere landen veel verder weg laten houders van een US Green Card ook toe om zonder visum te reizen, zoals Georgi\u00eb, Singapore en de Balkanlanden Albani\u00eb, Bosni\u00eb-Herzegovina, Kosovo, Montenegro en Servi\u00eb.<\/p>\n\n<p>Of je je <a href=\"https:\/\/us-gc.net\/nl\/green-card-bij-huwelijk\/\">Green Card nu hebt verkregen door te trouwen<\/a> of een <a href=\"https:\/\/us-gc.net\/nl\/loterij-green-card\/\">Green Card hebt gewonnen in een loterij<\/a>, je hebt dezelfde rechten als alle Amerikaanse Green Card houders.<\/p>\n\n<h2 class=\"wp-block-heading\" id=\"h-comment-voyager-au-canada-avec-une-green-card\">Hoe reis ik naar Canada met een Green Card?<\/h2>\n\n<p>Als je een Amerikaanse Green Card hebt, kun je de grens naar Canada oversteken zonder eerst een Canadees toeristenvisum aan te vragen. Deze regel geldt voor alle houders van een Groene Kaart, ongeacht hun nationaliteit.  <\/p>\n\n<p>Als je echter per vliegtuig reist of op doorreis bent door Canada, moet je een Canadese ETA aanvragen voordat je aan boord gaat. Als je over land de grens oversteekt, heb je alleen je paspoort en groene kaart nodig.<\/p>\n\n<h2 class=\"wp-block-heading\" id=\"h-peut-on-voyager-a-l-etranger-avec-une-green-card-sans-passeport\">Kan ik met een Green Card naar het buitenland reizen zonder paspoort?<\/h2>\n\n<p>Een paspoort is over het algemeen essentieel om naar het buitenland te reizen. Het bezit van een groene kaart alleen is niet genoeg om internationale grenzen te overschrijden. Of je nu per vliegtuig of over land reist, de douane- en immigratieautoriteiten eisen een geldig paspoort. Alleen een paspoort kan de identiteit en nationaliteit van een reiziger bewijzen.<\/p>\n\n<p>Er zijn echter beperkte uitzonderingen op deze regel. In bepaalde specifieke gevallen hebben landen een regionale overeenkomst gesloten om hun grenzen over te steken zonder paspoort. Het belangrijkste voorbeeld betreft onderdanen van landen in het Schengengebied. Ze kunnen zich vrij bewegen tussen de lidstaten zonder een paspoort te hoeven tonen.<\/p>\n\n<h2 class=\"wp-block-heading\" id=\"h-peut-on-voyager-avec-une-copie-de-la-green-card\">Kan ik reizen met een kopie van mijn groene kaart?<\/h2>\n\n<p>De Green Card is een officieel document dat de status van permanent ingezetene in de Verenigde Staten bewijst. Het is niet aan te raden om naar het buitenland te reizen met alleen een kopie van je groene kaart. Voor internationale reizen willen grensautoriteiten de originele documenten zien om de identiteit en status van de reiziger te verifi\u00ebren.<\/p>\n\n<p>Als u buiten de Verenigde Staten reist, moet u uw originele Green Card meenemen om het land opnieuw binnen te komen. Een kopie van je Green Card is niet voldoende om je permanente verblijfsstatus aan te tonen.<\/p>\n\n<p>Als je Green Card verloren of gestolen is terwijl je in het buitenland bent, moet je onmiddellijk contact opnemen met de Amerikaanse ambassade of het consulaat. De ambassade zal je een vervangend document geven waarmee je kunt inschepen en terugkeren naar de Verenigde Staten.<\/p>\n","protected":false},"excerpt":{"rendered":"<p>Reizen buiten de Verenigde Staten met een Green Card Dankzij de kracht van het Amerikaanse paspoort kunnen Amerikaanse burgers naar meer dan 140 landen over de hele wereld reizen zonder een visum nodig te hebben. Sommige van deze landen hebben dit recht op visumvrij reizen uitgebreid naar houders van een Amerikaanse Green Card. Waar kan [&hellip;]<\/p>\n","protected":false},"author":1,"featured_media":0,"parent":0,"menu_order":0,"comment_status":"closed","ping_status":"closed","template":"","meta":{"footnotes":""},"class_list":["post-831","page","type-page","status-publish","hentry"],"yoast_head":"<!-- This site is optimized with the Yoast SEO plugin v27.4 - https:\/\/yoast.com\/product\/yoast-seo-wordpress\/ -->\n<title>Reizen naar het buitenland met de groene kaart - USA GC<\/title>\n<meta name=\"description\" content=\"Welke regels gelden voor reizen naar het buitenland met een Green Card voor een Amerikaanse ingezetene?\" \/>\n<meta name=\"robots\" content=\"index, follow, max-snippet:-1, max-image-preview:large, max-video-preview:-1\" \/>\n<link rel=\"canonical\" href=\"https:\/\/us-gc.net\/nl\/reizen-en-buitenland-met-green-card\/\" \/>\n<meta property=\"og:locale\" content=\"nl_NL\" \/>\n<meta property=\"og:type\" content=\"article\" \/>\n<meta property=\"og:title\" content=\"Reizen naar het buitenland met de groene kaart - USA GC\" \/>\n<meta property=\"og:description\" content=\"Welke regels gelden voor reizen naar het buitenland met een Green Card voor een Amerikaanse ingezetene?\" \/>\n<meta property=\"og:url\" content=\"https:\/\/us-gc.net\/nl\/reizen-en-buitenland-met-green-card\/\" \/>\n<meta property=\"og:site_name\" content=\"USA GC\" \/>\n<meta property=\"article:modified_time\" content=\"2025-03-31T11:23:14+00:00\" \/>\n<meta name=\"twitter:card\" content=\"summary_large_image\" \/>\n<meta name=\"twitter:label1\" content=\"Geschatte leestijd\" \/>\n\t<meta name=\"twitter:data1\" content=\"3 minuten\" \/>\n<script type=\"application\/ld+json\" class=\"yoast-schema-graph\">{\"@context\":\"https:\\\/\\\/schema.org\",\"@graph\":[{\"@type\":\"WebPage\",\"@id\":\"https:\\\/\\\/us-gc.net\\\/nl\\\/reizen-en-buitenland-met-green-card\\\/\",\"url\":\"https:\\\/\\\/us-gc.net\\\/nl\\\/reizen-en-buitenland-met-green-card\\\/\",\"name\":\"Reizen naar het buitenland met de groene kaart - USA GC\",\"isPartOf\":{\"@id\":\"https:\\\/\\\/us-gc.net\\\/nl\\\/#website\"},\"datePublished\":\"2024-01-31T16:18:19+00:00\",\"dateModified\":\"2025-03-31T11:23:14+00:00\",\"description\":\"Welke regels gelden voor reizen naar het buitenland met een Green Card voor een Amerikaanse ingezetene?\",\"breadcrumb\":{\"@id\":\"https:\\\/\\\/us-gc.net\\\/nl\\\/reizen-en-buitenland-met-green-card\\\/#breadcrumb\"},\"inLanguage\":\"nl-NL\",\"potentialAction\":[{\"@type\":\"ReadAction\",\"target\":[\"https:\\\/\\\/us-gc.net\\\/nl\\\/reizen-en-buitenland-met-green-card\\\/\"]}]},{\"@type\":\"BreadcrumbList\",\"@id\":\"https:\\\/\\\/us-gc.net\\\/nl\\\/reizen-en-buitenland-met-green-card\\\/#breadcrumb\",\"itemListElement\":[{\"@type\":\"ListItem\",\"position\":1,\"name\":\"Accueil\",\"item\":\"https:\\\/\\\/us-gc.net\\\/nl\\\/green-card\\\/\"},{\"@type\":\"ListItem\",\"position\":2,\"name\":\"Reizen naar het buitenland met de groene kaart\"}]},{\"@type\":\"WebSite\",\"@id\":\"https:\\\/\\\/us-gc.net\\\/nl\\\/#website\",\"url\":\"https:\\\/\\\/us-gc.net\\\/nl\\\/\",\"name\":\"USA GC\",\"description\":\"\",\"potentialAction\":[{\"@type\":\"SearchAction\",\"target\":{\"@type\":\"EntryPoint\",\"urlTemplate\":\"https:\\\/\\\/us-gc.net\\\/nl\\\/?s={search_term_string}\"},\"query-input\":{\"@type\":\"PropertyValueSpecification\",\"valueRequired\":true,\"valueName\":\"search_term_string\"}}],\"inLanguage\":\"nl-NL\"}]}<\/script>\n<!-- \/ Yoast SEO plugin. -->","yoast_head_json":{"title":"Reizen naar het buitenland met de groene kaart - USA GC","description":"Welke regels gelden voor reizen naar het buitenland met een Green Card voor een Amerikaanse ingezetene?","robots":{"index":"index","follow":"follow","max-snippet":"max-snippet:-1","max-image-preview":"max-image-preview:large","max-video-preview":"max-video-preview:-1"},"canonical":"https:\/\/us-gc.net\/nl\/reizen-en-buitenland-met-green-card\/","og_locale":"nl_NL","og_type":"article","og_title":"Reizen naar het buitenland met de groene kaart - USA GC","og_description":"Welke regels gelden voor reizen naar het buitenland met een Green Card voor een Amerikaanse ingezetene?","og_url":"https:\/\/us-gc.net\/nl\/reizen-en-buitenland-met-green-card\/","og_site_name":"USA GC","article_modified_time":"2025-03-31T11:23:14+00:00","twitter_card":"summary_large_image","twitter_misc":{"Geschatte leestijd":"3 minuten"},"schema":{"@context":"https:\/\/schema.org","@graph":[{"@type":"WebPage","@id":"https:\/\/us-gc.net\/nl\/reizen-en-buitenland-met-green-card\/","url":"https:\/\/us-gc.net\/nl\/reizen-en-buitenland-met-green-card\/","name":"Reizen naar het buitenland met de groene kaart - USA GC","isPartOf":{"@id":"https:\/\/us-gc.net\/nl\/#website"},"datePublished":"2024-01-31T16:18:19+00:00","dateModified":"2025-03-31T11:23:14+00:00","description":"Welke regels gelden voor reizen naar het buitenland met een Green Card voor een Amerikaanse ingezetene?","breadcrumb":{"@id":"https:\/\/us-gc.net\/nl\/reizen-en-buitenland-met-green-card\/#breadcrumb"},"inLanguage":"nl-NL","potentialAction":[{"@type":"ReadAction","target":["https:\/\/us-gc.net\/nl\/reizen-en-buitenland-met-green-card\/"]}]},{"@type":"BreadcrumbList","@id":"https:\/\/us-gc.net\/nl\/reizen-en-buitenland-met-green-card\/#breadcrumb","itemListElement":[{"@type":"ListItem","position":1,"name":"Accueil","item":"https:\/\/us-gc.net\/nl\/green-card\/"},{"@type":"ListItem","position":2,"name":"Reizen naar het buitenland met de groene kaart"}]},{"@type":"WebSite","@id":"https:\/\/us-gc.net\/nl\/#website","url":"https:\/\/us-gc.net\/nl\/","name":"USA GC","description":"","potentialAction":[{"@type":"SearchAction","target":{"@type":"EntryPoint","urlTemplate":"https:\/\/us-gc.net\/nl\/?s={search_term_string}"},"query-input":{"@type":"PropertyValueSpecification","valueRequired":true,"valueName":"search_term_string"}}],"inLanguage":"nl-NL"}]}},"_links":{"self":[{"href":"https:\/\/us-gc.net\/nl\/wp-json\/wp\/v2\/pages\/831","targetHints":{"allow":["GET"]}}],"collection":[{"href":"https:\/\/us-gc.net\/nl\/wp-json\/wp\/v2\/pages"}],"about":[{"href":"https:\/\/us-gc.net\/nl\/wp-json\/wp\/v2\/types\/page"}],"author":[{"embeddable":true,"href":"https:\/\/us-gc.net\/nl\/wp-json\/wp\/v2\/users\/1"}],"replies":[{"embeddable":true,"href":"https:\/\/us-gc.net\/nl\/wp-json\/wp\/v2\/comments?post=831"}],"version-history":[{"count":3,"href":"https:\/\/us-gc.net\/nl\/wp-json\/wp\/v2\/pages\/831\/revisions"}],"predecessor-version":[{"id":10167,"href":"https:\/\/us-gc.net\/nl\/wp-json\/wp\/v2\/pages\/831\/revisions\/10167"}],"wp:attachment":[{"href":"https:\/\/us-gc.net\/nl\/wp-json\/wp\/v2\/media?parent=831"}],"curies":[{"name":"wp","href":"https:\/\/api.w.org\/{rel}","templated":true}]}}