{"id":893,"date":"2024-01-31T07:57:06","date_gmt":"2024-01-31T07:57:06","guid":{"rendered":"https:\/\/green-card-usa.net\/lotteria-green-card\/"},"modified":"2026-01-15T14:11:57","modified_gmt":"2026-01-15T14:11:57","slug":"lotteria-green-card","status":"publish","type":"page","link":"https:\/\/us-gc.net\/it\/lotteria-green-card\/","title":{"rendered":"Lotteria della Green Card americana"},"content":{"rendered":"\n<h1 class=\"wp-block-heading\" id=\"h-loterie-americaine-pour-obtenir-une-green-card\">Lotteria americana per ottenere la Green Card<\/h1>\n\n<p>Ogni anno, pi\u00f9 di 50.000 persone in tutto il mondo ottengono la Green Card grazie alla lotteria americana. Per vincere il diritto alla Green Card, i richiedenti partecipano a un&#8217;estrazione casuale al computer che si tiene una volta all&#8217;anno.<\/p>\n\n<p><strong>Partecipa a questa lotteria annuale<\/strong> compilando il <a href=\"https:\/\/us-gc.net\/it\/green-card-modulo-lotteria\/\">modulo online della Carta Verde<\/a>.  <\/p>\n\n<div style=\"height:10px\" aria-hidden=\"true\" class=\"wp-block-spacer\"><\/div>\n\n<h2 class=\"wp-block-heading\" id=\"h-qu-est-ce-que-la-loterie-de-la-green-card\">Che cos&#8217;\u00e8 la lotteria della Green Card?<\/h2>\n\n<p>Gli Stati Uniti hanno istituito un programma per gestire la diversit\u00e0 dell&#8217;immigrazione straniera. Questo processo \u00e8 chiamato Programma per i visti diversificati (Diversity Visa Program). Il programma prevede un sorteggio annuale tra i candidati all&#8217;immigrazione negli Stati Uniti. I vincitori possono richiedere la <a href=\"https:\/\/us-gc.net\/it\/\">Green Card<\/a> nell&#8217;ambito del Diversity Visa Program.<\/p>\n\n<h2 class=\"wp-block-heading\" id=\"h-quand-se-deroule-la-loterie-de-la-green-card\">Quando si svolge la lotteria della Green Card?<\/h2>\n\n<p>Le iscrizioni alla lotteria della Green Card vengono effettuate durante un periodo stabilito dall&#8217;amministrazione statunitense. Questa fase di registrazione si svolge come segue:<\/p>\n\n<ul class=\"wp-block-list\">\n<li>Il periodo di registrazione inizia la prima settimana di ottobre;<\/li>\n\n\n\n<li>Le iscrizioni si chiudono nella prima settimana di novembre.<\/li>\n<\/ul>\n\n<div style=\"height:10px\" aria-hidden=\"true\" class=\"wp-block-spacer\"><\/div>\n\n<p>L&#8217;estrazione finale ha luogo ogni anno a novembre.<\/p>\n\n<h2 class=\"wp-block-heading\" id=\"h-comment-s-inscrire-a-la-loterie\">Come si fa a partecipare alla lotteria?<\/h2>\n\n<p>La registrazione \u00e8 solo online. La registrazione avviene in due fasi principali:<\/p>\n\n<ul class=\"wp-block-list\">\n<li>I candidati devono verificare la loro idoneit\u00e0 a partecipare alla lotteria del Diversity Visa Program.<\/li>\n\n\n\n<li>I candidati devono compilare un modulo online per iscriversi alla lotteria.<\/li>\n<\/ul>\n\n<h3 class=\"wp-block-heading\" id=\"h-verifier-son-eligibilite-pour-participer-a-la-loterie\">Verificate la vostra idoneit\u00e0 a partecipare alla lotteria<\/h3>\n\n<p><strong>La prima condizione di ammissibilit\u00e0<\/strong>: la prima condizione per partecipare alla lotteria della Green Card \u00e8 che non siate cittadini di un Paese non autorizzato a partecipare.<\/p>\n\n<p>Gli Stati Uniti vogliono mantenere una popolazione immigrata mista. Ogni anno, il governo degli Stati Uniti decide quali <a href=\"https:\/\/us-gc.net\/it\/lotteria-della-green-card-dei-paesi-non-partecipanti\/\">Paesi non possono partecipare alla lotteria della Green Card<\/a>. La selezione dei Paesi non partecipanti si basa sulla seguente regola: I cittadini di Paesi in cui pi\u00f9 di 50.000 cittadini sono immigrati negli Stati Uniti nei cinque anni precedenti non possono partecipare all&#8217;estrazione di quest&#8217;anno.<\/p>\n\n<p><strong>La seconda condizione di ammissibilit\u00e0 <\/strong>: il candidato deve essere in possesso di un diploma di maturit\u00e0 o aver ricoperto una posizione per almeno 2 anni negli ultimi 5 anni, che richieda un livello di formazione o esperienza di almeno 2 anni.<\/p>\n\n<h3 class=\"wp-block-heading\" id=\"h-s-inscrire-en-ligne-a-la-loterie\">Registrarsi alla lotteria online<\/h3>\n\n<p>\u00c8 possibile iscriversi alla <a href=\"https:\/\/us-gc.net\/it\/lotteria-americana-carta-verde\/\">lotteria della Green Card<\/a> online in pochi minuti compilando il <a href=\"https:\/\/us-gc.net\/it\/green-card-modulo-lotteria\/\">modulo online<\/a>. <\/p>\n\n<h2 class=\"wp-block-heading\" id=\"h-comment-connaitre-les-resultats-de-la-loterie-de-la-green-card\">Come posso conoscere i risultati della lotteria della Green Card?<\/h2>\n\n<p>I <a href=\"https:\/\/us-gc.net\/it\/risultati-lotteria-green-card\/\">risultati del sorteggio della Green Card<\/a> vengono pubblicati ogni anno almeno 6 mesi dopo il sorteggio di novembre. I risultati dell&#8217;estrazione della lotteria vengono pubblicati online a partire da maggio dell&#8217;anno successivo.<\/p>\n\n<p>Il Dipartimento di Stato americano, che gestisce il Diversity Visa Program, pubblica online le statistiche sui candidati che partecipano alla lotteria ogni anno.  <\/p>\n\n<h2 class=\"wp-block-heading\" id=\"h-est-ce-qu-il-y-a-des-quotas-par-pays-pour-la-loterie\">Ci sono quote per paese per la lotteria?<\/h2>\n\n<p>Non ci sono quote per Paese quando ci si registra per partecipare alla lotteria della Carta verde. D&#8217;altra parte, il programma di visti per diversit\u00e0 stabilisce delle quote per paese per l&#8217;assegnazione finale dei visti risultanti dal programma di diversit\u00e0: i <strong>cittadini di uno stesso paese non possono rappresentare pi\u00f9 del 7% del numero totale di vincitori<\/strong>.<\/p>\n\n<p><strong>Esempio per il 2023<\/strong>: su un totale di 55.000 Green Card emesse nel 2023, nessun Paese potr\u00e0 averne pi\u00f9 del 7%, ossia un massimo di 3.850 Green Card.<\/p>\n\n<h2 class=\"wp-block-heading\" id=\"h-synthese-des-candidats-ayant-participes-a-la-loterie-de-2019-a-2021\">Riepilogo dei candidati che hanno partecipato alla lotteria dal 2019 al 2021<\/h2>\n\n<p>Gli ultimi dati pubblicati dal Dipartimento di Stato degli Stati Uniti sul numero di domande online per la lotteria della Green Card si riferiscono al 2021. Ecco un riepilogo della partecipazione dal 2019 al 2021, suddiviso per area geografica:  <\/p>\n\n<figure class=\"wp-block-table\"><table><tbody><tr><td><strong>Zone geografiche <\/strong><\/td><td class=\"has-text-align-center\" data-align=\"center\"><strong>2019<\/strong><\/td><td class=\"has-text-align-center\" data-align=\"center\"><strong>2020<\/strong><\/td><td class=\"has-text-align-center\" data-align=\"center\"><strong>2021<\/strong><\/td><\/tr><tr><td><a href=\"https:\/\/us-gc.net\/it\/lotteria-green-card-paesi-africa\/\">Paesi africani<\/a><\/td><td class=\"has-text-align-center\" data-align=\"center\">7 832 894<\/td><td class=\"has-text-align-center\" data-align=\"center\">8 145 390<\/td><td class=\"has-text-align-center\" data-align=\"center\">3 100 982<\/td><\/tr><tr><td><a href=\"https:\/\/us-gc.net\/it\/paese-della-lotteria-della-green-card-asia\/\">Paesi asiatici<\/a><\/td><td class=\"has-text-align-center\" data-align=\"center\">1 871 824<\/td><td class=\"has-text-align-center\" data-align=\"center\">1 952 489<\/td><td class=\"has-text-align-center\" data-align=\"center\">1 281 046<\/td><\/tr><tr><td><a href=\"https:\/\/us-gc.net\/it\/lotteria-green-card-europa\/\">Paesi in Europa<\/a><\/td><td class=\"has-text-align-center\" data-align=\"center\">4 349 555<\/td><td class=\"has-text-align-center\" data-align=\"center\">4 072 324<\/td><td class=\"has-text-align-center\" data-align=\"center\">2 014 089<\/td><\/tr><tr><td>Paesi del Nord America (Bahamas)<\/td><td class=\"has-text-align-center\" data-align=\"center\">1 506<\/td><td class=\"has-text-align-center\" data-align=\"center\">1 445<\/td><td class=\"has-text-align-center\" data-align=\"center\">937<\/td><\/tr><tr><td>Oceania<\/td><td class=\"has-text-align-center\" data-align=\"center\">23 201<\/td><td class=\"has-text-align-center\" data-align=\"center\">22 722<\/td><td class=\"has-text-align-center\" data-align=\"center\">16 672<\/td><\/tr><tr><td>Paesi dell&#8217;America centrale e meridionale<\/td><td class=\"has-text-align-center\" data-align=\"center\">273 033<\/td><td class=\"has-text-align-center\" data-align=\"center\">528 428<\/td><td class=\"has-text-align-center\" data-align=\"center\">327 402<\/td><\/tr><tr><td><strong>Numero totale di domande<\/strong><\/td><td class=\"has-text-align-center\" data-align=\"center\"><strong>14 352 013<\/strong><\/td><td class=\"has-text-align-center\" data-align=\"center\"><strong>14 722 798<\/strong><\/td><td class=\"has-text-align-center\" data-align=\"center\"><strong>6 741 128<\/strong><\/td><\/tr><\/tbody><\/table><\/figure>\n\n<p>Queste statistiche sono state compilate a partire dai dati pubblici pubblicati dal Dipartimento di Stato su <a href=\"https:\/\/travel.state.gov\/content\/travel\/en\/us-visas\/immigrate\/diversity-visa-program-entry\/diversity-visa-program-statistics.html\">travel.state.gov<\/a>.<\/p>\n\n<h2 class=\"wp-block-heading\" id=\"h-qu-est-ce-qu-il-se-passe-apres-la-loterie-de-la-green-card\">Cosa succede dopo la lotteria per la Green Card?<\/h2>\n\n<p>I vincitori della lotteria devono seguire una serie di passi dopo la vincita. Le fasi successive della procedura sono :<\/p>\n\n<ul class=\"wp-block-list\">\n<li>Compilare il <a href=\"https:\/\/travel.state.gov\/content\/travel\/en\/us-visas\/visa-information-resources\/forms\/online-immigrant-visa-forms\/ds-260-faqs.html\">modulo DS-260<\/a> di domanda di visto .<\/li>\n\n\n\n<li>Pagare le <a href=\"https:\/\/us-gc.net\/it\/premio-green-card\/\">tasse necessarie per ottenere la Green Card<\/a> come parte di questa richiesta di visto obbligatoria;<\/li>\n\n\n\n<li>Un <a href=\"https:\/\/us-gc.net\/it\/green-card-colloquio\/\">colloquio per la Green Card<\/a> con un funzionario dell&#8217;USCIS addetto al Diversity Visa Program;<\/li>\n\n\n\n<li>Eseguire una visita medica.<\/li>\n<\/ul>\n\n<div style=\"height:10px\" aria-hidden=\"true\" class=\"wp-block-spacer\"><\/div>\n\n<p><\/p>\n","protected":false},"excerpt":{"rendered":"<p>Lotteria americana per ottenere la Green Card Ogni anno, pi\u00f9 di 50.000 persone in tutto il mondo ottengono la Green Card grazie alla lotteria americana. Per vincere il diritto alla Green Card, i richiedenti partecipano a un&#8217;estrazione casuale al computer che si tiene una volta all&#8217;anno. Partecipa a questa lotteria annuale compilando il modulo online [&hellip;]<\/p>\n","protected":false},"author":1,"featured_media":0,"parent":0,"menu_order":0,"comment_status":"closed","ping_status":"closed","template":"","meta":{"footnotes":""},"class_list":["post-893","page","type-page","status-publish","hentry"],"yoast_head":"<!-- This site is optimized with the Yoast SEO plugin v27.2 - https:\/\/yoast.com\/product\/yoast-seo-wordpress\/ -->\n<title>Lotteria della Green Card americana - USA GC<\/title>\n<meta name=\"description\" content=\"Partecipare alla lotteria annuale americana per ottenere una Green Card come altri 50.000 vincitori di un&#039;estrazione casuale.\" \/>\n<meta name=\"robots\" content=\"index, follow, max-snippet:-1, max-image-preview:large, max-video-preview:-1\" \/>\n<link rel=\"canonical\" href=\"https:\/\/us-gc.net\/it\/lotteria-green-card\/\" \/>\n<meta property=\"og:locale\" content=\"it_IT\" \/>\n<meta property=\"og:type\" content=\"article\" \/>\n<meta property=\"og:title\" content=\"Lotteria della Green Card americana - USA GC\" \/>\n<meta property=\"og:description\" content=\"Partecipare alla lotteria annuale americana per ottenere una Green Card come altri 50.000 vincitori di un&#039;estrazione casuale.\" \/>\n<meta property=\"og:url\" content=\"https:\/\/us-gc.net\/it\/lotteria-green-card\/\" \/>\n<meta property=\"og:site_name\" content=\"USA GC\" \/>\n<meta property=\"article:modified_time\" content=\"2026-01-15T14:11:57+00:00\" \/>\n<meta name=\"twitter:card\" content=\"summary_large_image\" \/>\n<meta name=\"twitter:label1\" content=\"Tempo di lettura stimato\" \/>\n\t<meta name=\"twitter:data1\" content=\"3 minuti\" \/>\n<script type=\"application\/ld+json\" class=\"yoast-schema-graph\">{\"@context\":\"https:\/\/schema.org\",\"@graph\":[{\"@type\":\"WebPage\",\"@id\":\"https:\/\/us-gc.net\/it\/lotteria-green-card\/\",\"url\":\"https:\/\/us-gc.net\/it\/lotteria-green-card\/\",\"name\":\"Lotteria della Green Card americana - USA GC\",\"isPartOf\":{\"@id\":\"https:\/\/us-gc.net\/it\/#website\"},\"datePublished\":\"2024-01-31T07:57:06+00:00\",\"dateModified\":\"2026-01-15T14:11:57+00:00\",\"description\":\"Partecipare alla lotteria annuale americana per ottenere una Green Card come altri 50.000 vincitori di un'estrazione casuale.\",\"breadcrumb\":{\"@id\":\"https:\/\/us-gc.net\/it\/lotteria-green-card\/#breadcrumb\"},\"inLanguage\":\"it-IT\",\"potentialAction\":[{\"@type\":\"ReadAction\",\"target\":[\"https:\/\/us-gc.net\/it\/lotteria-green-card\/\"]}]},{\"@type\":\"BreadcrumbList\",\"@id\":\"https:\/\/us-gc.net\/it\/lotteria-green-card\/#breadcrumb\",\"itemListElement\":[{\"@type\":\"ListItem\",\"position\":1,\"name\":\"Accueil\",\"item\":\"https:\/\/us-gc.net\/it\/green-card\/\"},{\"@type\":\"ListItem\",\"position\":2,\"name\":\"Lotteria della Green Card americana\"}]},{\"@type\":\"WebSite\",\"@id\":\"https:\/\/us-gc.net\/it\/#website\",\"url\":\"https:\/\/us-gc.net\/it\/\",\"name\":\"USA GC\",\"description\":\"\",\"potentialAction\":[{\"@type\":\"SearchAction\",\"target\":{\"@type\":\"EntryPoint\",\"urlTemplate\":\"https:\/\/us-gc.net\/it\/?s={search_term_string}\"},\"query-input\":{\"@type\":\"PropertyValueSpecification\",\"valueRequired\":true,\"valueName\":\"search_term_string\"}}],\"inLanguage\":\"it-IT\"}]}<\/script>\n<!-- \/ Yoast SEO plugin. -->","yoast_head_json":{"title":"Lotteria della Green Card americana - USA GC","description":"Partecipare alla lotteria annuale americana per ottenere una Green Card come altri 50.000 vincitori di un'estrazione casuale.","robots":{"index":"index","follow":"follow","max-snippet":"max-snippet:-1","max-image-preview":"max-image-preview:large","max-video-preview":"max-video-preview:-1"},"canonical":"https:\/\/us-gc.net\/it\/lotteria-green-card\/","og_locale":"it_IT","og_type":"article","og_title":"Lotteria della Green Card americana - USA GC","og_description":"Partecipare alla lotteria annuale americana per ottenere una Green Card come altri 50.000 vincitori di un'estrazione casuale.","og_url":"https:\/\/us-gc.net\/it\/lotteria-green-card\/","og_site_name":"USA GC","article_modified_time":"2026-01-15T14:11:57+00:00","twitter_card":"summary_large_image","twitter_misc":{"Tempo di lettura stimato":"3 minuti"},"schema":{"@context":"https:\/\/schema.org","@graph":[{"@type":"WebPage","@id":"https:\/\/us-gc.net\/it\/lotteria-green-card\/","url":"https:\/\/us-gc.net\/it\/lotteria-green-card\/","name":"Lotteria della Green Card americana - USA GC","isPartOf":{"@id":"https:\/\/us-gc.net\/it\/#website"},"datePublished":"2024-01-31T07:57:06+00:00","dateModified":"2026-01-15T14:11:57+00:00","description":"Partecipare alla lotteria annuale americana per ottenere una Green Card come altri 50.000 vincitori di un'estrazione casuale.","breadcrumb":{"@id":"https:\/\/us-gc.net\/it\/lotteria-green-card\/#breadcrumb"},"inLanguage":"it-IT","potentialAction":[{"@type":"ReadAction","target":["https:\/\/us-gc.net\/it\/lotteria-green-card\/"]}]},{"@type":"BreadcrumbList","@id":"https:\/\/us-gc.net\/it\/lotteria-green-card\/#breadcrumb","itemListElement":[{"@type":"ListItem","position":1,"name":"Accueil","item":"https:\/\/us-gc.net\/it\/green-card\/"},{"@type":"ListItem","position":2,"name":"Lotteria della Green Card americana"}]},{"@type":"WebSite","@id":"https:\/\/us-gc.net\/it\/#website","url":"https:\/\/us-gc.net\/it\/","name":"USA GC","description":"","potentialAction":[{"@type":"SearchAction","target":{"@type":"EntryPoint","urlTemplate":"https:\/\/us-gc.net\/it\/?s={search_term_string}"},"query-input":{"@type":"PropertyValueSpecification","valueRequired":true,"valueName":"search_term_string"}}],"inLanguage":"it-IT"}]}},"_links":{"self":[{"href":"https:\/\/us-gc.net\/it\/wp-json\/wp\/v2\/pages\/893","targetHints":{"allow":["GET"]}}],"collection":[{"href":"https:\/\/us-gc.net\/it\/wp-json\/wp\/v2\/pages"}],"about":[{"href":"https:\/\/us-gc.net\/it\/wp-json\/wp\/v2\/types\/page"}],"author":[{"embeddable":true,"href":"https:\/\/us-gc.net\/it\/wp-json\/wp\/v2\/users\/1"}],"replies":[{"embeddable":true,"href":"https:\/\/us-gc.net\/it\/wp-json\/wp\/v2\/comments?post=893"}],"version-history":[{"count":3,"href":"https:\/\/us-gc.net\/it\/wp-json\/wp\/v2\/pages\/893\/revisions"}],"predecessor-version":[{"id":10231,"href":"https:\/\/us-gc.net\/it\/wp-json\/wp\/v2\/pages\/893\/revisions\/10231"}],"wp:attachment":[{"href":"https:\/\/us-gc.net\/it\/wp-json\/wp\/v2\/media?parent=893"}],"curies":[{"name":"wp","href":"https:\/\/api.w.org\/{rel}","templated":true}]}}