{"id":843,"date":"2024-01-31T16:18:19","date_gmt":"2024-01-31T16:18:19","guid":{"rendered":"https:\/\/green-card-usa.net\/viaggiare-all-estero-con-la-green-card\/"},"modified":"2025-03-31T11:23:14","modified_gmt":"2025-03-31T11:23:14","slug":"viaggiare-all-estero-con-la-green-card","status":"publish","type":"page","link":"https:\/\/us-gc.net\/it\/viaggiare-all-estero-con-la-green-card\/","title":{"rendered":"Viaggiare all&#8217;estero con la Carta Verde"},"content":{"rendered":"\n<h1 class=\"wp-block-heading\" id=\"h-voyager-hors-des-etats-unis-avec-une-green-card\">Viaggiare fuori dagli Stati Uniti con la Green Card<\/h1>\n\n<p>Grazie al passaporto americano, i cittadini americani possono viaggiare in oltre 140 Paesi del mondo senza bisogno di un visto. Alcuni di questi Paesi hanno esteso il diritto all&#8217;esenzione dal visto ai titolari di una <a href=\"https:\/\/us-gc.net\/it\/\">Green Card statunitense<\/a>.<\/p>\n\n<h2 class=\"wp-block-heading\" id=\"h-ou-peut-on-voyager-a-l-etranger-avec-une-green-card\">Dove posso viaggiare all&#8217;estero con la Carta Verde?<\/h2>\n\n<p>Con alcuni Paesi confinanti con gli Stati Uniti \u00e8 in vigore un accordo regionale che consente ai titolari di Carta verde di attraversare i loro confini. I residenti negli Stati Uniti possono attraversare i confini dei seguenti Paesi:<\/p>\n\n<ul class=\"wp-block-list\">\n<li>Canada<\/li>\n\n\n\n<li>Messico<\/li>\n\n\n\n<li>Costa Rica<\/li>\n\n\n\n<li>Le Isole Vergini Britanniche<\/li>\n\n\n\n<li>Aruba e Cura\u00e7ao<\/li>\n<\/ul>\n\n<p>Anche altri Paesi molto pi\u00f9 lontani consentono ai titolari di Carta verde statunitense di viaggiare senza visto, come la Georgia, Singapore e i Paesi balcanici di Albania, Bosnia-Erzegovina, Kosovo, Montenegro e Serbia.<\/p>\n\n<p>Sia che tu abbia ottenuto la tua <a href=\"https:\/\/us-gc.net\/it\/green-card-per-matrimonio\/\">Green Card per matrimonio<\/a> o che l&#8217;abbia vinta <a href=\"https:\/\/us-gc.net\/it\/lotteria-green-card\/\">in una lotteria<\/a>, hai gli stessi diritti di tutti i titolari di Green Card americani.<\/p>\n\n<h2 class=\"wp-block-heading\" id=\"h-comment-voyager-au-canada-avec-une-green-card\">Come posso viaggiare in Canada con la Carta Verde?<\/h2>\n\n<p>Se siete in possesso di una Green Card americana, potete attraversare il confine con il Canada senza dover prima ottenere un visto turistico canadese. Questa regola si applica a tutti i titolari di Carta verde, indipendentemente dalla loro nazionalit\u00e0.  <\/p>\n\n<p>Tuttavia, se viaggiate in aereo o transitate in Canada, dovrete ottenere un ETA canadese prima di imbarcarvi. Infine, se si attraversa il confine via terra, sono sufficienti il passaporto e la Carta verde.<\/p>\n\n<h2 class=\"wp-block-heading\" id=\"h-peut-on-voyager-a-l-etranger-avec-une-green-card-sans-passeport\">Posso viaggiare all&#8217;estero con la Carta Verde senza passaporto?<\/h2>\n\n<p>Il passaporto \u00e8 generalmente indispensabile per viaggiare all&#8217;estero. Il solo possesso della Carta Verde non \u00e8 sufficiente per attraversare le frontiere internazionali. Sia in aereo che via terra, le autorit\u00e0 doganali e di immigrazione richiedono la presentazione di un passaporto valido. Solo il passaporto pu\u00f2 dimostrare l&#8217;identit\u00e0 e la nazionalit\u00e0 del viaggiatore.<\/p>\n\n<p>Tuttavia, esistono alcune eccezioni a questa regola. In alcuni casi specifici, i Paesi hanno concluso un accordo regionale per attraversare i loro confini senza presentare il passaporto. L&#8217;esempio pi\u00f9 importante riguarda i cittadini dei Paesi dell&#8217;area Schengen. Possono circolare liberamente tra gli Stati membri senza dover presentare un passaporto.<\/p>\n\n<h2 class=\"wp-block-heading\" id=\"h-peut-on-voyager-avec-une-copie-de-la-green-card\">Posso viaggiare con una copia della mia Carta Verde?<\/h2>\n\n<p>La Green Card \u00e8 un documento ufficiale che attesta lo status di residente permanente negli Stati Uniti. Non \u00e8 consigliabile viaggiare all&#8217;estero solo con una copia della Carta verde. Per i viaggi internazionali, le autorit\u00e0 di frontiera richiedono di vedere i documenti originali per verificare l&#8217;identit\u00e0 e lo status del viaggiatore.<\/p>\n\n<p>Se si viaggia fuori dagli Stati Uniti, \u00e8 necessario portare con s\u00e9 la Green Card originale per rientrare nel Paese. Una copia della carta verde non \u00e8 sufficiente a dimostrare lo status di residente permanente.<\/p>\n\n<p>Se la Carta verde viene smarrita o rubata mentre ci si trova all&#8217;estero, \u00e8 necessario contattare immediatamente l&#8217;ambasciata o il consolato americano. L&#8217;ambasciata vi fornir\u00e0 un documento sostitutivo che vi permetter\u00e0 di imbarcarvi e tornare negli Stati Uniti.<\/p>\n","protected":false},"excerpt":{"rendered":"<p>Viaggiare fuori dagli Stati Uniti con la Green Card Grazie al passaporto americano, i cittadini americani possono viaggiare in oltre 140 Paesi del mondo senza bisogno di un visto. Alcuni di questi Paesi hanno esteso il diritto all&#8217;esenzione dal visto ai titolari di una Green Card statunitense. Dove posso viaggiare all&#8217;estero con la Carta Verde? [&hellip;]<\/p>\n","protected":false},"author":1,"featured_media":0,"parent":0,"menu_order":0,"comment_status":"closed","ping_status":"closed","template":"","meta":{"footnotes":""},"class_list":["post-843","page","type-page","status-publish","hentry"],"yoast_head":"<!-- This site is optimized with the Yoast SEO plugin v27.2 - https:\/\/yoast.com\/product\/yoast-seo-wordpress\/ -->\n<title>Viaggiare all&#039;estero con la Carta Verde - USA GC<\/title>\n<meta name=\"description\" content=\"Quali regole si applicano ai viaggi all&#039;estero con la Carta Verde per un residente negli Stati Uniti?\" \/>\n<meta name=\"robots\" content=\"index, follow, max-snippet:-1, max-image-preview:large, max-video-preview:-1\" \/>\n<link rel=\"canonical\" href=\"https:\/\/us-gc.net\/it\/viaggiare-all-estero-con-la-green-card\/\" \/>\n<meta property=\"og:locale\" content=\"it_IT\" \/>\n<meta property=\"og:type\" content=\"article\" \/>\n<meta property=\"og:title\" content=\"Viaggiare all&#039;estero con la Carta Verde - USA GC\" \/>\n<meta property=\"og:description\" content=\"Quali regole si applicano ai viaggi all&#039;estero con la Carta Verde per un residente negli Stati Uniti?\" \/>\n<meta property=\"og:url\" content=\"https:\/\/us-gc.net\/it\/viaggiare-all-estero-con-la-green-card\/\" \/>\n<meta property=\"og:site_name\" content=\"USA GC\" \/>\n<meta property=\"article:modified_time\" content=\"2025-03-31T11:23:14+00:00\" \/>\n<meta name=\"twitter:card\" content=\"summary_large_image\" \/>\n<meta name=\"twitter:label1\" content=\"Tempo di lettura stimato\" \/>\n\t<meta name=\"twitter:data1\" content=\"2 minuti\" \/>\n<script type=\"application\/ld+json\" class=\"yoast-schema-graph\">{\"@context\":\"https:\/\/schema.org\",\"@graph\":[{\"@type\":\"WebPage\",\"@id\":\"https:\/\/us-gc.net\/it\/viaggiare-all-estero-con-la-green-card\/\",\"url\":\"https:\/\/us-gc.net\/it\/viaggiare-all-estero-con-la-green-card\/\",\"name\":\"Viaggiare all'estero con la Carta Verde - USA GC\",\"isPartOf\":{\"@id\":\"https:\/\/us-gc.net\/it\/#website\"},\"datePublished\":\"2024-01-31T16:18:19+00:00\",\"dateModified\":\"2025-03-31T11:23:14+00:00\",\"description\":\"Quali regole si applicano ai viaggi all'estero con la Carta Verde per un residente negli Stati Uniti?\",\"breadcrumb\":{\"@id\":\"https:\/\/us-gc.net\/it\/viaggiare-all-estero-con-la-green-card\/#breadcrumb\"},\"inLanguage\":\"it-IT\",\"potentialAction\":[{\"@type\":\"ReadAction\",\"target\":[\"https:\/\/us-gc.net\/it\/viaggiare-all-estero-con-la-green-card\/\"]}]},{\"@type\":\"BreadcrumbList\",\"@id\":\"https:\/\/us-gc.net\/it\/viaggiare-all-estero-con-la-green-card\/#breadcrumb\",\"itemListElement\":[{\"@type\":\"ListItem\",\"position\":1,\"name\":\"Accueil\",\"item\":\"https:\/\/us-gc.net\/it\/green-card\/\"},{\"@type\":\"ListItem\",\"position\":2,\"name\":\"Viaggiare all&rsquo;estero con la Carta Verde\"}]},{\"@type\":\"WebSite\",\"@id\":\"https:\/\/us-gc.net\/it\/#website\",\"url\":\"https:\/\/us-gc.net\/it\/\",\"name\":\"USA GC\",\"description\":\"\",\"potentialAction\":[{\"@type\":\"SearchAction\",\"target\":{\"@type\":\"EntryPoint\",\"urlTemplate\":\"https:\/\/us-gc.net\/it\/?s={search_term_string}\"},\"query-input\":{\"@type\":\"PropertyValueSpecification\",\"valueRequired\":true,\"valueName\":\"search_term_string\"}}],\"inLanguage\":\"it-IT\"}]}<\/script>\n<!-- \/ Yoast SEO plugin. -->","yoast_head_json":{"title":"Viaggiare all'estero con la Carta Verde - USA GC","description":"Quali regole si applicano ai viaggi all'estero con la Carta Verde per un residente negli Stati Uniti?","robots":{"index":"index","follow":"follow","max-snippet":"max-snippet:-1","max-image-preview":"max-image-preview:large","max-video-preview":"max-video-preview:-1"},"canonical":"https:\/\/us-gc.net\/it\/viaggiare-all-estero-con-la-green-card\/","og_locale":"it_IT","og_type":"article","og_title":"Viaggiare all'estero con la Carta Verde - USA GC","og_description":"Quali regole si applicano ai viaggi all'estero con la Carta Verde per un residente negli Stati Uniti?","og_url":"https:\/\/us-gc.net\/it\/viaggiare-all-estero-con-la-green-card\/","og_site_name":"USA GC","article_modified_time":"2025-03-31T11:23:14+00:00","twitter_card":"summary_large_image","twitter_misc":{"Tempo di lettura stimato":"2 minuti"},"schema":{"@context":"https:\/\/schema.org","@graph":[{"@type":"WebPage","@id":"https:\/\/us-gc.net\/it\/viaggiare-all-estero-con-la-green-card\/","url":"https:\/\/us-gc.net\/it\/viaggiare-all-estero-con-la-green-card\/","name":"Viaggiare all'estero con la Carta Verde - USA GC","isPartOf":{"@id":"https:\/\/us-gc.net\/it\/#website"},"datePublished":"2024-01-31T16:18:19+00:00","dateModified":"2025-03-31T11:23:14+00:00","description":"Quali regole si applicano ai viaggi all'estero con la Carta Verde per un residente negli Stati Uniti?","breadcrumb":{"@id":"https:\/\/us-gc.net\/it\/viaggiare-all-estero-con-la-green-card\/#breadcrumb"},"inLanguage":"it-IT","potentialAction":[{"@type":"ReadAction","target":["https:\/\/us-gc.net\/it\/viaggiare-all-estero-con-la-green-card\/"]}]},{"@type":"BreadcrumbList","@id":"https:\/\/us-gc.net\/it\/viaggiare-all-estero-con-la-green-card\/#breadcrumb","itemListElement":[{"@type":"ListItem","position":1,"name":"Accueil","item":"https:\/\/us-gc.net\/it\/green-card\/"},{"@type":"ListItem","position":2,"name":"Viaggiare all&rsquo;estero con la Carta Verde"}]},{"@type":"WebSite","@id":"https:\/\/us-gc.net\/it\/#website","url":"https:\/\/us-gc.net\/it\/","name":"USA GC","description":"","potentialAction":[{"@type":"SearchAction","target":{"@type":"EntryPoint","urlTemplate":"https:\/\/us-gc.net\/it\/?s={search_term_string}"},"query-input":{"@type":"PropertyValueSpecification","valueRequired":true,"valueName":"search_term_string"}}],"inLanguage":"it-IT"}]}},"_links":{"self":[{"href":"https:\/\/us-gc.net\/it\/wp-json\/wp\/v2\/pages\/843","targetHints":{"allow":["GET"]}}],"collection":[{"href":"https:\/\/us-gc.net\/it\/wp-json\/wp\/v2\/pages"}],"about":[{"href":"https:\/\/us-gc.net\/it\/wp-json\/wp\/v2\/types\/page"}],"author":[{"embeddable":true,"href":"https:\/\/us-gc.net\/it\/wp-json\/wp\/v2\/users\/1"}],"replies":[{"embeddable":true,"href":"https:\/\/us-gc.net\/it\/wp-json\/wp\/v2\/comments?post=843"}],"version-history":[{"count":3,"href":"https:\/\/us-gc.net\/it\/wp-json\/wp\/v2\/pages\/843\/revisions"}],"predecessor-version":[{"id":10165,"href":"https:\/\/us-gc.net\/it\/wp-json\/wp\/v2\/pages\/843\/revisions\/10165"}],"wp:attachment":[{"href":"https:\/\/us-gc.net\/it\/wp-json\/wp\/v2\/media?parent=843"}],"curies":[{"name":"wp","href":"https:\/\/api.w.org\/{rel}","templated":true}]}}